{"id":1990,"date":"2021-02-05T11:56:12","date_gmt":"2021-02-05T10:56:12","guid":{"rendered":"https:\/\/stagpartynight.com\/fr\/?post_type=product&#038;p=1990"},"modified":"2024-01-18T12:25:55","modified_gmt":"2024-01-18T11:25:55","slug":"catamaran-prive-majorque","status":"publish","type":"product","link":"https:\/\/stagpartynight.com\/fr\/product\/catamaran-prive-majorque\/","title":{"rendered":"Catamaran priv\u00e9 Majorque"},"content":{"rendered":"<p>Catamaran priv\u00e9 Majorque. Catamaran priv\u00e9 Majorque. Profitez de cinq heures de bateau priv\u00e9 pour vous et vos amis. Profitez des eaux cristallines de Palma.<\/p>\n<p>Les meilleurs enterrements de vie de gar\u00e7on et de jeune fille avec <a href=\"https:\/\/stagpartynight.com\/\">StagParty<\/a>!<\/p>\n<h2 style=\"text-align: center;\">Catamaran priv\u00e9 Majorque \ud83d\udea2<\/h2>\n<p>\ud83c\udfdd\ufe0f Explorez Mallorca avec Style \u00e0 Bord de Notre Catamaran!\ud83d\udea4<\/p>\n<p>\ud83c\udf0a Pr\u00e9parez-vous pour une aventure inoubliable en louant notre catamaran exclusif \u00e0 Mallorca! \ud83c\udf34 Avec une capacit\u00e9 impressionnante de jusqu&#8217;\u00e0 90 personnes, c&#8217;est l&#8217;exp\u00e9rience ultime pour votre groupe.<\/p>\n<p>\ud83d\udd52 Le forfait de location de 5 heures vous emm\u00e8ne \u00e0 travers les eaux cristallines de Mallorca, offrant un luxe absolu avec un capitaine professionnel aux commandes. Profitez du soleil, de la brise marine et de la compagnie de vos proches pendant cette exp\u00e9rience unique.<\/p>\n<p>\u2693 Le forfait tout compris comprend le carburant et l&#8217;assurance, vous laissant libre de vous d\u00e9tendre et de profiter du voyage. \ud83c\udf79 En option, des boissons rafra\u00eechissantes et des repas peuvent \u00eatre ajout\u00e9s pour une exp\u00e9rience encore plus agr\u00e9able.<\/p>\n<p>\ud83c\udfb5 \u00c9quipez-vous de vos chansons pr\u00e9f\u00e9r\u00e9es gr\u00e2ce \u00e0 notre syst\u00e8me audio Bluetooth \u00e0 bord, cr\u00e9ant l&#8217;ambiance parfaite pour votre journ\u00e9e en mer. \ud83c\udfb6 De plus, personnalisez votre itin\u00e9raire en ajoutant des arr\u00eats en haute mer pour des baignades rafra\u00eechissantes.<\/p>\n<p>\ud83d\udee5\ufe0f R\u00e9servez d\u00e8s maintenant votre Catamaran Mallorca pour une Aventure Exclusive!<\/p>\n<p>\ud83c\udf1f Ne manquez pas cette opportunit\u00e9 de cr\u00e9er des souvenirs extraordinaires avec vos proches. Embarquez pour une journ\u00e9e de d\u00e9tente, de plaisir et d&#8217;exploration sur les magnifiques eaux de <a href=\"https:\/\/es.wikipedia.org\/wiki\/Palma_de_Mallorca\">Palma<\/a>! \ud83c\udf1e<\/p>\n","protected":false},"excerpt":{"rendered":"<p>Naviguer dans les eaux cristallines de la mer M\u00e9diterran\u00e9e\u00a0pour un tour de 3 heures ou plus. Capitaine, l&#8217;assurance et le carburant sont inclus.<\/p>\n","protected":false},"featured_media":2662,"comment_status":"open","ping_status":"closed","template":"","meta":{"_et_pb_use_builder":"","_et_pb_old_content":"","_et_gb_content_width":""},"product_brand":[],"product_cat":[504],"product_tag":[530,529],"class_list":{"0":"post-1990","1":"product","2":"type-product","3":"status-publish","4":"has-post-thumbnail","6":"product_cat-mallorca","7":"product_tag-bateau-a-majorque","8":"product_tag-location-de-bateau-a-majorque","10":"first","11":"instock","12":"virtual","13":"product-type-simple"},"yoast_head":"<!-- This site is optimized with the Yoast SEO plugin v26.4 - https:\/\/yoast.com\/wordpress\/plugins\/seo\/ -->\n<title>Catamaran priv\u00e9 Majorque<\/title>\n<meta name=\"description\" content=\"Catamaran priv\u00e9 Majorque. Catamaran priv\u00e9 Majorque. Profitez de cinq heures de bateau priv\u00e9 pour vous et vos amis.\u00a0Profitez des eaux cristallines de Palma\" \/>\n<meta name=\"robots\" content=\"index, follow, max-snippet:-1, max-image-preview:large, max-video-preview:-1\" \/>\n<link rel=\"canonical\" href=\"https:\/\/stagpartynight.com\/fr\/product\/catamaran-prive-majorque\/\" \/>\n<meta property=\"og:locale\" content=\"en_GB\" \/>\n<meta property=\"og:type\" content=\"article\" \/>\n<meta property=\"og:title\" content=\"Catamaran priv\u00e9 Majorque\" \/>\n<meta property=\"og:description\" content=\"Catamaran priv\u00e9 Majorque. Catamaran priv\u00e9 Majorque. Profitez de cinq heures de bateau priv\u00e9 pour vous et vos amis.\u00a0Profitez des eaux cristallines de Palma\" \/>\n<meta property=\"og:url\" content=\"https:\/\/stagpartynight.com\/fr\/product\/catamaran-prive-majorque\/\" \/>\n<meta property=\"og:site_name\" content=\"Nuit de f\u00eate de cerf\" \/>\n<meta property=\"article:modified_time\" content=\"2024-01-18T11:25:55+00:00\" \/>\n<meta property=\"og:image\" content=\"https:\/\/stagpartynight.com\/fr\/wp-content\/uploads\/sites\/3\/2023\/12\/Bateau-au-coucher-du-soleil-a-Ibiza.jpg\" \/>\n\t<meta property=\"og:image:width\" content=\"2016\" \/>\n\t<meta property=\"og:image:height\" content=\"1512\" \/>\n\t<meta property=\"og:image:type\" content=\"image\/jpeg\" \/>\n<meta name=\"twitter:card\" content=\"summary_large_image\" \/>\n<meta name=\"twitter:label1\" content=\"Estimated reading time\" \/>\n\t<meta name=\"twitter:data1\" content=\"2 minutes\" \/>\n<script type=\"application\/ld+json\" class=\"yoast-schema-graph\">{\"@context\":\"https:\/\/schema.org\",\"@graph\":[{\"@type\":\"WebPage\",\"@id\":\"https:\/\/stagpartynight.com\/fr\/product\/catamaran-prive-majorque\/\",\"url\":\"https:\/\/stagpartynight.com\/fr\/product\/catamaran-prive-majorque\/\",\"name\":\"Catamaran priv\u00e9 Majorque\",\"isPartOf\":{\"@id\":\"https:\/\/stagpartynight.com\/fr\/#website\"},\"primaryImageOfPage\":{\"@id\":\"https:\/\/stagpartynight.com\/fr\/product\/catamaran-prive-majorque\/#primaryimage\"},\"image\":{\"@id\":\"https:\/\/stagpartynight.com\/fr\/product\/catamaran-prive-majorque\/#primaryimage\"},\"thumbnailUrl\":\"https:\/\/stagpartynight.com\/fr\/wp-content\/uploads\/sites\/3\/2023\/12\/Bateau-au-coucher-du-soleil-a-Ibiza.jpg\",\"datePublished\":\"2021-02-05T10:56:12+00:00\",\"dateModified\":\"2024-01-18T11:25:55+00:00\",\"description\":\"Catamaran priv\u00e9 Majorque. Catamaran priv\u00e9 Majorque. Profitez de cinq heures de bateau priv\u00e9 pour vous et vos amis.\u00a0Profitez des eaux cristallines de Palma\",\"breadcrumb\":{\"@id\":\"https:\/\/stagpartynight.com\/fr\/product\/catamaran-prive-majorque\/#breadcrumb\"},\"inLanguage\":\"en-GB\",\"potentialAction\":[{\"@type\":\"ReadAction\",\"target\":[\"https:\/\/stagpartynight.com\/fr\/product\/catamaran-prive-majorque\/\"]}]},{\"@type\":\"ImageObject\",\"inLanguage\":\"en-GB\",\"@id\":\"https:\/\/stagpartynight.com\/fr\/product\/catamaran-prive-majorque\/#primaryimage\",\"url\":\"https:\/\/stagpartynight.com\/fr\/wp-content\/uploads\/sites\/3\/2023\/12\/Bateau-au-coucher-du-soleil-a-Ibiza.jpg\",\"contentUrl\":\"https:\/\/stagpartynight.com\/fr\/wp-content\/uploads\/sites\/3\/2023\/12\/Bateau-au-coucher-du-soleil-a-Ibiza.jpg\",\"width\":2016,\"height\":1512,\"caption\":\"Catamaran priv\u00e9 Majorque\"},{\"@type\":\"BreadcrumbList\",\"@id\":\"https:\/\/stagpartynight.com\/fr\/product\/catamaran-prive-majorque\/#breadcrumb\",\"itemListElement\":[{\"@type\":\"ListItem\",\"position\":1,\"name\":\"Home\",\"item\":\"https:\/\/stagpartynight.com\/fr\/\"},{\"@type\":\"ListItem\",\"position\":2,\"name\":\"Tienda\",\"item\":\"https:\/\/stagpartynight.com\/fr\/tienda\/\"},{\"@type\":\"ListItem\",\"position\":3,\"name\":\"Catamaran priv\u00e9 Majorque\"}]},{\"@type\":\"WebSite\",\"@id\":\"https:\/\/stagpartynight.com\/fr\/#website\",\"url\":\"https:\/\/stagpartynight.com\/fr\/\",\"name\":\"Stag Party Night\",\"description\":\"Your Stag Party Customized\",\"publisher\":{\"@id\":\"https:\/\/stagpartynight.com\/fr\/#organization\"},\"potentialAction\":[{\"@type\":\"SearchAction\",\"target\":{\"@type\":\"EntryPoint\",\"urlTemplate\":\"https:\/\/stagpartynight.com\/fr\/?s={search_term_string}\"},\"query-input\":{\"@type\":\"PropertyValueSpecification\",\"valueRequired\":true,\"valueName\":\"search_term_string\"}}],\"inLanguage\":\"en-GB\"},{\"@type\":\"Organization\",\"@id\":\"https:\/\/stagpartynight.com\/fr\/#organization\",\"name\":\"Stag Party Night\",\"url\":\"https:\/\/stagpartynight.com\/fr\/\",\"logo\":{\"@type\":\"ImageObject\",\"inLanguage\":\"en-GB\",\"@id\":\"https:\/\/stagpartynight.com\/fr\/#\/schema\/logo\/image\/\",\"url\":\"https:\/\/stagpartynight.com\/fr\/wp-content\/uploads\/sites\/3\/2019\/12\/stagpartynight-e1578565505687.png\",\"contentUrl\":\"https:\/\/stagpartynight.com\/fr\/wp-content\/uploads\/sites\/3\/2019\/12\/stagpartynight-e1578565505687.png\",\"width\":400,\"height\":400,\"caption\":\"Stag Party Night\"},\"image\":{\"@id\":\"https:\/\/stagpartynight.com\/fr\/#\/schema\/logo\/image\/\"}}]}<\/script>\n<!-- \/ Yoast SEO plugin. -->","yoast_head_json":{"title":"Catamaran priv\u00e9 Majorque","description":"Catamaran priv\u00e9 Majorque. Catamaran priv\u00e9 Majorque. Profitez de cinq heures de bateau priv\u00e9 pour vous et vos amis.\u00a0Profitez des eaux cristallines de Palma","robots":{"index":"index","follow":"follow","max-snippet":"max-snippet:-1","max-image-preview":"max-image-preview:large","max-video-preview":"max-video-preview:-1"},"canonical":"https:\/\/stagpartynight.com\/fr\/product\/catamaran-prive-majorque\/","og_locale":"en_GB","og_type":"article","og_title":"Catamaran priv\u00e9 Majorque","og_description":"Catamaran priv\u00e9 Majorque. Catamaran priv\u00e9 Majorque. Profitez de cinq heures de bateau priv\u00e9 pour vous et vos amis.\u00a0Profitez des eaux cristallines de Palma","og_url":"https:\/\/stagpartynight.com\/fr\/product\/catamaran-prive-majorque\/","og_site_name":"Nuit de f\u00eate de cerf","article_modified_time":"2024-01-18T11:25:55+00:00","og_image":[{"width":2016,"height":1512,"url":"https:\/\/stagpartynight.com\/fr\/wp-content\/uploads\/sites\/3\/2023\/12\/Bateau-au-coucher-du-soleil-a-Ibiza.jpg","type":"image\/jpeg"}],"twitter_card":"summary_large_image","twitter_misc":{"Estimated reading time":"2 minutes"},"schema":{"@context":"https:\/\/schema.org","@graph":[{"@type":"WebPage","@id":"https:\/\/stagpartynight.com\/fr\/product\/catamaran-prive-majorque\/","url":"https:\/\/stagpartynight.com\/fr\/product\/catamaran-prive-majorque\/","name":"Catamaran priv\u00e9 Majorque","isPartOf":{"@id":"https:\/\/stagpartynight.com\/fr\/#website"},"primaryImageOfPage":{"@id":"https:\/\/stagpartynight.com\/fr\/product\/catamaran-prive-majorque\/#primaryimage"},"image":{"@id":"https:\/\/stagpartynight.com\/fr\/product\/catamaran-prive-majorque\/#primaryimage"},"thumbnailUrl":"https:\/\/stagpartynight.com\/fr\/wp-content\/uploads\/sites\/3\/2023\/12\/Bateau-au-coucher-du-soleil-a-Ibiza.jpg","datePublished":"2021-02-05T10:56:12+00:00","dateModified":"2024-01-18T11:25:55+00:00","description":"Catamaran priv\u00e9 Majorque. Catamaran priv\u00e9 Majorque. Profitez de cinq heures de bateau priv\u00e9 pour vous et vos amis.\u00a0Profitez des eaux cristallines de Palma","breadcrumb":{"@id":"https:\/\/stagpartynight.com\/fr\/product\/catamaran-prive-majorque\/#breadcrumb"},"inLanguage":"en-GB","potentialAction":[{"@type":"ReadAction","target":["https:\/\/stagpartynight.com\/fr\/product\/catamaran-prive-majorque\/"]}]},{"@type":"ImageObject","inLanguage":"en-GB","@id":"https:\/\/stagpartynight.com\/fr\/product\/catamaran-prive-majorque\/#primaryimage","url":"https:\/\/stagpartynight.com\/fr\/wp-content\/uploads\/sites\/3\/2023\/12\/Bateau-au-coucher-du-soleil-a-Ibiza.jpg","contentUrl":"https:\/\/stagpartynight.com\/fr\/wp-content\/uploads\/sites\/3\/2023\/12\/Bateau-au-coucher-du-soleil-a-Ibiza.jpg","width":2016,"height":1512,"caption":"Catamaran priv\u00e9 Majorque"},{"@type":"BreadcrumbList","@id":"https:\/\/stagpartynight.com\/fr\/product\/catamaran-prive-majorque\/#breadcrumb","itemListElement":[{"@type":"ListItem","position":1,"name":"Home","item":"https:\/\/stagpartynight.com\/fr\/"},{"@type":"ListItem","position":2,"name":"Tienda","item":"https:\/\/stagpartynight.com\/fr\/tienda\/"},{"@type":"ListItem","position":3,"name":"Catamaran priv\u00e9 Majorque"}]},{"@type":"WebSite","@id":"https:\/\/stagpartynight.com\/fr\/#website","url":"https:\/\/stagpartynight.com\/fr\/","name":"Stag Party Night","description":"Your Stag Party Customized","publisher":{"@id":"https:\/\/stagpartynight.com\/fr\/#organization"},"potentialAction":[{"@type":"SearchAction","target":{"@type":"EntryPoint","urlTemplate":"https:\/\/stagpartynight.com\/fr\/?s={search_term_string}"},"query-input":{"@type":"PropertyValueSpecification","valueRequired":true,"valueName":"search_term_string"}}],"inLanguage":"en-GB"},{"@type":"Organization","@id":"https:\/\/stagpartynight.com\/fr\/#organization","name":"Stag Party Night","url":"https:\/\/stagpartynight.com\/fr\/","logo":{"@type":"ImageObject","inLanguage":"en-GB","@id":"https:\/\/stagpartynight.com\/fr\/#\/schema\/logo\/image\/","url":"https:\/\/stagpartynight.com\/fr\/wp-content\/uploads\/sites\/3\/2019\/12\/stagpartynight-e1578565505687.png","contentUrl":"https:\/\/stagpartynight.com\/fr\/wp-content\/uploads\/sites\/3\/2019\/12\/stagpartynight-e1578565505687.png","width":400,"height":400,"caption":"Stag Party Night"},"image":{"@id":"https:\/\/stagpartynight.com\/fr\/#\/schema\/logo\/image\/"}}]}},"_links":{"self":[{"href":"https:\/\/stagpartynight.com\/fr\/wp-json\/wp\/v2\/product\/1990","targetHints":{"allow":["GET"]}}],"collection":[{"href":"https:\/\/stagpartynight.com\/fr\/wp-json\/wp\/v2\/product"}],"about":[{"href":"https:\/\/stagpartynight.com\/fr\/wp-json\/wp\/v2\/types\/product"}],"replies":[{"embeddable":true,"href":"https:\/\/stagpartynight.com\/fr\/wp-json\/wp\/v2\/comments?post=1990"}],"wp:featuredmedia":[{"embeddable":true,"href":"https:\/\/stagpartynight.com\/fr\/wp-json\/wp\/v2\/media\/2662"}],"wp:attachment":[{"href":"https:\/\/stagpartynight.com\/fr\/wp-json\/wp\/v2\/media?parent=1990"}],"wp:term":[{"taxonomy":"product_brand","embeddable":true,"href":"https:\/\/stagpartynight.com\/fr\/wp-json\/wp\/v2\/product_brand?post=1990"},{"taxonomy":"product_cat","embeddable":true,"href":"https:\/\/stagpartynight.com\/fr\/wp-json\/wp\/v2\/product_cat?post=1990"},{"taxonomy":"product_tag","embeddable":true,"href":"https:\/\/stagpartynight.com\/fr\/wp-json\/wp\/v2\/product_tag?post=1990"}],"curies":[{"name":"wp","href":"https:\/\/api.w.org\/{rel}","templated":true}]}}