{"id":204,"date":"2020-01-08T12:21:16","date_gmt":"2020-01-08T11:21:16","guid":{"rendered":"https:\/\/stagpartynight.com\/fr\/?post_type=product&#038;p=204"},"modified":"2021-02-03T16:11:04","modified_gmt":"2021-02-03T15:11:04","slug":"porn-show-barcelona","status":"publish","type":"product","link":"https:\/\/stagpartynight.com\/fr\/product\/porn-show-barcelona\/","title":{"rendered":"Spectacle porno \u00e0 Barcelone"},"content":{"rendered":"<p>Salle embl\u00e9matique de Barcelone. Spectacles pornographiques en direct, strip-tease et animation. Possibilit\u00e9 de d\u00eener. Places limit\u00e9es. Ouvert tous les jours.<\/p>\n","protected":false},"excerpt":{"rendered":"<p>Salle embl\u00e9matique de Barcelone. Spectacles pornographiques en direct, strip-tease et animation. Possibilit\u00e9 de d\u00eener. Places limit\u00e9es. Ouvert tous les jours.<\/p>\n","protected":false},"featured_media":0,"comment_status":"open","ping_status":"closed","template":"","meta":{"_et_pb_use_builder":"","_et_pb_old_content":"","_et_gb_content_width":""},"product_brand":[],"product_cat":[68],"product_tag":[78,389],"class_list":{"0":"post-204","1":"product","2":"type-product","3":"status-publish","5":"product_cat-barcelona","6":"product_tag-porn-show-barcelona","7":"product_tag-spectacle-porno-a-barcelone","9":"first","10":"instock","11":"virtual","12":"product-type-simple"},"yoast_head":"<!-- This site is optimized with the Yoast SEO plugin v26.4 - https:\/\/yoast.com\/wordpress\/plugins\/seo\/ -->\n<title>Spectacle porno \u00e0 Barcelone - Porn Show Barcelone - Pornstars<\/title>\n<meta name=\"description\" content=\"Spectacle porno \u00e0 Barcelone - Salle embl\u00e9matique de Barcelone. Spectacles pornographiques en direct, strip-tease et animation. Possibilit\u00e9 de d\u00eener. Places limit\u00e9es. Ouvert tous les jours.\" \/>\n<meta name=\"robots\" content=\"index, follow, max-snippet:-1, max-image-preview:large, max-video-preview:-1\" \/>\n<link rel=\"canonical\" href=\"https:\/\/stagpartynight.com\/fr\/product\/porn-show-barcelona\/\" \/>\n<meta property=\"og:locale\" content=\"en_GB\" \/>\n<meta property=\"og:type\" content=\"article\" \/>\n<meta property=\"og:title\" content=\"Spectacle porno \u00e0 Barcelone - Porn Show Barcelone - Pornstars\" \/>\n<meta property=\"og:description\" content=\"Spectacle porno \u00e0 Barcelone - Salle embl\u00e9matique de Barcelone. Spectacles pornographiques en direct, strip-tease et animation. Possibilit\u00e9 de d\u00eener. Places limit\u00e9es. Ouvert tous les jours.\" \/>\n<meta property=\"og:url\" content=\"https:\/\/stagpartynight.com\/fr\/product\/porn-show-barcelona\/\" \/>\n<meta property=\"og:site_name\" content=\"Nuit de f\u00eate de cerf\" \/>\n<meta property=\"article:modified_time\" content=\"2021-02-03T15:11:04+00:00\" \/>\n<meta property=\"og:image\" content=\"https:\/\/stagpartynight.com\/fr\/wp-content\/uploads\/sites\/3\/2020\/01\/Girls-8.jpg\" \/>\n\t<meta property=\"og:image:width\" content=\"300\" \/>\n\t<meta property=\"og:image:height\" content=\"300\" \/>\n\t<meta property=\"og:image:type\" content=\"image\/jpeg\" \/>\n<meta name=\"twitter:card\" content=\"summary_large_image\" \/>\n<script type=\"application\/ld+json\" class=\"yoast-schema-graph\">{\"@context\":\"https:\/\/schema.org\",\"@graph\":[{\"@type\":\"WebPage\",\"@id\":\"https:\/\/stagpartynight.com\/fr\/product\/porn-show-barcelona\/\",\"url\":\"https:\/\/stagpartynight.com\/fr\/product\/porn-show-barcelona\/\",\"name\":\"Spectacle porno \u00e0 Barcelone - Porn Show Barcelone - Pornstars\",\"isPartOf\":{\"@id\":\"https:\/\/stagpartynight.com\/fr\/#website\"},\"datePublished\":\"2020-01-08T11:21:16+00:00\",\"dateModified\":\"2021-02-03T15:11:04+00:00\",\"description\":\"Spectacle porno \u00e0 Barcelone - Salle embl\u00e9matique de Barcelone. Spectacles pornographiques en direct, strip-tease et animation. Possibilit\u00e9 de d\u00eener. Places limit\u00e9es. Ouvert tous les jours.\",\"breadcrumb\":{\"@id\":\"https:\/\/stagpartynight.com\/fr\/product\/porn-show-barcelona\/#breadcrumb\"},\"inLanguage\":\"en-GB\",\"potentialAction\":[{\"@type\":\"ReadAction\",\"target\":[\"https:\/\/stagpartynight.com\/fr\/product\/porn-show-barcelona\/\"]}]},{\"@type\":\"BreadcrumbList\",\"@id\":\"https:\/\/stagpartynight.com\/fr\/product\/porn-show-barcelona\/#breadcrumb\",\"itemListElement\":[{\"@type\":\"ListItem\",\"position\":1,\"name\":\"Home\",\"item\":\"https:\/\/stagpartynight.com\/fr\/\"},{\"@type\":\"ListItem\",\"position\":2,\"name\":\"Tienda\",\"item\":\"https:\/\/stagpartynight.com\/fr\/tienda\/\"},{\"@type\":\"ListItem\",\"position\":3,\"name\":\"Spectacle porno \u00e0 Barcelone\"}]},{\"@type\":\"WebSite\",\"@id\":\"https:\/\/stagpartynight.com\/fr\/#website\",\"url\":\"https:\/\/stagpartynight.com\/fr\/\",\"name\":\"Stag Party Night\",\"description\":\"Your Stag Party Customized\",\"publisher\":{\"@id\":\"https:\/\/stagpartynight.com\/fr\/#organization\"},\"potentialAction\":[{\"@type\":\"SearchAction\",\"target\":{\"@type\":\"EntryPoint\",\"urlTemplate\":\"https:\/\/stagpartynight.com\/fr\/?s={search_term_string}\"},\"query-input\":{\"@type\":\"PropertyValueSpecification\",\"valueRequired\":true,\"valueName\":\"search_term_string\"}}],\"inLanguage\":\"en-GB\"},{\"@type\":\"Organization\",\"@id\":\"https:\/\/stagpartynight.com\/fr\/#organization\",\"name\":\"Stag Party Night\",\"url\":\"https:\/\/stagpartynight.com\/fr\/\",\"logo\":{\"@type\":\"ImageObject\",\"inLanguage\":\"en-GB\",\"@id\":\"https:\/\/stagpartynight.com\/fr\/#\/schema\/logo\/image\/\",\"url\":\"https:\/\/stagpartynight.com\/fr\/wp-content\/uploads\/sites\/3\/2019\/12\/stagpartynight-e1578565505687.png\",\"contentUrl\":\"https:\/\/stagpartynight.com\/fr\/wp-content\/uploads\/sites\/3\/2019\/12\/stagpartynight-e1578565505687.png\",\"width\":400,\"height\":400,\"caption\":\"Stag Party Night\"},\"image\":{\"@id\":\"https:\/\/stagpartynight.com\/fr\/#\/schema\/logo\/image\/\"}}]}<\/script>\n<!-- \/ Yoast SEO plugin. -->","yoast_head_json":{"title":"Spectacle porno \u00e0 Barcelone - Porn Show Barcelone - Pornstars","description":"Spectacle porno \u00e0 Barcelone - Salle embl\u00e9matique de Barcelone. Spectacles pornographiques en direct, strip-tease et animation. Possibilit\u00e9 de d\u00eener. Places limit\u00e9es. Ouvert tous les jours.","robots":{"index":"index","follow":"follow","max-snippet":"max-snippet:-1","max-image-preview":"max-image-preview:large","max-video-preview":"max-video-preview:-1"},"canonical":"https:\/\/stagpartynight.com\/fr\/product\/porn-show-barcelona\/","og_locale":"en_GB","og_type":"article","og_title":"Spectacle porno \u00e0 Barcelone - Porn Show Barcelone - Pornstars","og_description":"Spectacle porno \u00e0 Barcelone - Salle embl\u00e9matique de Barcelone. Spectacles pornographiques en direct, strip-tease et animation. Possibilit\u00e9 de d\u00eener. Places limit\u00e9es. Ouvert tous les jours.","og_url":"https:\/\/stagpartynight.com\/fr\/product\/porn-show-barcelona\/","og_site_name":"Nuit de f\u00eate de cerf","article_modified_time":"2021-02-03T15:11:04+00:00","og_image":[{"width":300,"height":300,"url":"https:\/\/stagpartynight.com\/fr\/wp-content\/uploads\/sites\/3\/2020\/01\/Girls-8.jpg","type":"image\/jpeg"}],"twitter_card":"summary_large_image","schema":{"@context":"https:\/\/schema.org","@graph":[{"@type":"WebPage","@id":"https:\/\/stagpartynight.com\/fr\/product\/porn-show-barcelona\/","url":"https:\/\/stagpartynight.com\/fr\/product\/porn-show-barcelona\/","name":"Spectacle porno \u00e0 Barcelone - Porn Show Barcelone - Pornstars","isPartOf":{"@id":"https:\/\/stagpartynight.com\/fr\/#website"},"datePublished":"2020-01-08T11:21:16+00:00","dateModified":"2021-02-03T15:11:04+00:00","description":"Spectacle porno \u00e0 Barcelone - Salle embl\u00e9matique de Barcelone. Spectacles pornographiques en direct, strip-tease et animation. Possibilit\u00e9 de d\u00eener. Places limit\u00e9es. Ouvert tous les jours.","breadcrumb":{"@id":"https:\/\/stagpartynight.com\/fr\/product\/porn-show-barcelona\/#breadcrumb"},"inLanguage":"en-GB","potentialAction":[{"@type":"ReadAction","target":["https:\/\/stagpartynight.com\/fr\/product\/porn-show-barcelona\/"]}]},{"@type":"BreadcrumbList","@id":"https:\/\/stagpartynight.com\/fr\/product\/porn-show-barcelona\/#breadcrumb","itemListElement":[{"@type":"ListItem","position":1,"name":"Home","item":"https:\/\/stagpartynight.com\/fr\/"},{"@type":"ListItem","position":2,"name":"Tienda","item":"https:\/\/stagpartynight.com\/fr\/tienda\/"},{"@type":"ListItem","position":3,"name":"Spectacle porno \u00e0 Barcelone"}]},{"@type":"WebSite","@id":"https:\/\/stagpartynight.com\/fr\/#website","url":"https:\/\/stagpartynight.com\/fr\/","name":"Stag Party Night","description":"Your Stag Party Customized","publisher":{"@id":"https:\/\/stagpartynight.com\/fr\/#organization"},"potentialAction":[{"@type":"SearchAction","target":{"@type":"EntryPoint","urlTemplate":"https:\/\/stagpartynight.com\/fr\/?s={search_term_string}"},"query-input":{"@type":"PropertyValueSpecification","valueRequired":true,"valueName":"search_term_string"}}],"inLanguage":"en-GB"},{"@type":"Organization","@id":"https:\/\/stagpartynight.com\/fr\/#organization","name":"Stag Party Night","url":"https:\/\/stagpartynight.com\/fr\/","logo":{"@type":"ImageObject","inLanguage":"en-GB","@id":"https:\/\/stagpartynight.com\/fr\/#\/schema\/logo\/image\/","url":"https:\/\/stagpartynight.com\/fr\/wp-content\/uploads\/sites\/3\/2019\/12\/stagpartynight-e1578565505687.png","contentUrl":"https:\/\/stagpartynight.com\/fr\/wp-content\/uploads\/sites\/3\/2019\/12\/stagpartynight-e1578565505687.png","width":400,"height":400,"caption":"Stag Party Night"},"image":{"@id":"https:\/\/stagpartynight.com\/fr\/#\/schema\/logo\/image\/"}}]}},"_links":{"self":[{"href":"https:\/\/stagpartynight.com\/fr\/wp-json\/wp\/v2\/product\/204","targetHints":{"allow":["GET"]}}],"collection":[{"href":"https:\/\/stagpartynight.com\/fr\/wp-json\/wp\/v2\/product"}],"about":[{"href":"https:\/\/stagpartynight.com\/fr\/wp-json\/wp\/v2\/types\/product"}],"replies":[{"embeddable":true,"href":"https:\/\/stagpartynight.com\/fr\/wp-json\/wp\/v2\/comments?post=204"}],"wp:attachment":[{"href":"https:\/\/stagpartynight.com\/fr\/wp-json\/wp\/v2\/media?parent=204"}],"wp:term":[{"taxonomy":"product_brand","embeddable":true,"href":"https:\/\/stagpartynight.com\/fr\/wp-json\/wp\/v2\/product_brand?post=204"},{"taxonomy":"product_cat","embeddable":true,"href":"https:\/\/stagpartynight.com\/fr\/wp-json\/wp\/v2\/product_cat?post=204"},{"taxonomy":"product_tag","embeddable":true,"href":"https:\/\/stagpartynight.com\/fr\/wp-json\/wp\/v2\/product_tag?post=204"}],"curies":[{"name":"wp","href":"https:\/\/api.w.org\/{rel}","templated":true}]}}