{"id":2041,"date":"2021-02-05T16:14:04","date_gmt":"2021-02-05T15:14:04","guid":{"rendered":"https:\/\/stagpartynight.com\/fr\/?post_type=product&#038;p=2041"},"modified":"2021-02-05T16:16:15","modified_gmt":"2021-02-05T15:16:15","slug":"route-des-bars-a-varsovie","status":"publish","type":"product","link":"https:\/\/stagpartynight.com\/fr\/product\/route-des-bars-a-varsovie\/","title":{"rendered":"Route des bars \u00e0 Varsovie"},"content":{"rendered":"<p>Visite guid\u00e9e de 2 heures par 3 des bars de la ville avec prise de vue incluse. Au bout de 3 places acc\u00e8s en discoth\u00e8que \u00e0 la mode de Varsovie.<\/p>\n","protected":false},"excerpt":{"rendered":"<p>Visite guid\u00e9e de 2 heures par 3 des bars de la ville avec prise de vue incluse. Au bout de 3 places acc\u00e8s en discoth\u00e8que \u00e0 la mode de Varsovie.<\/p>\n","protected":false},"featured_media":142,"comment_status":"open","ping_status":"closed","template":"","meta":{"_et_pb_use_builder":"","_et_pb_old_content":"","_et_gb_content_width":""},"product_brand":[],"product_cat":[559],"product_tag":[565,566,564],"class_list":{"0":"post-2041","1":"product","2":"type-product","3":"status-publish","4":"has-post-thumbnail","6":"product_cat-varsovia","7":"product_tag-bar-crawl-warsaw","8":"product_tag-itineraire-des-bars-a-varsovie","9":"product_tag-route-des-bars-a-varsovie","11":"first","12":"instock","13":"virtual","14":"product-type-simple"},"yoast_head":"<!-- This site is optimized with the Yoast SEO plugin v26.4 - https:\/\/yoast.com\/wordpress\/plugins\/seo\/ -->\n<title>Route des bars \u00e0 Varsovie - Itin\u00e9raire des bars \u00e0 Varsovie - Warsaw<\/title>\n<meta name=\"description\" content=\"Route des bars \u00e0 Varsovie - Visite guid\u00e9e de 2 heures par 3 des bars de la ville avec prise de vue incluse. Au bout de 3 places acc\u00e8s en discoth\u00e8que. Warsaw\" \/>\n<meta name=\"robots\" content=\"index, follow, max-snippet:-1, max-image-preview:large, max-video-preview:-1\" \/>\n<link rel=\"canonical\" href=\"https:\/\/stagpartynight.com\/fr\/product\/route-des-bars-a-varsovie\/\" \/>\n<meta property=\"og:locale\" content=\"en_GB\" \/>\n<meta property=\"og:type\" content=\"article\" \/>\n<meta property=\"og:title\" content=\"Route des bars \u00e0 Varsovie - Itin\u00e9raire des bars \u00e0 Varsovie - Warsaw\" \/>\n<meta property=\"og:description\" content=\"Route des bars \u00e0 Varsovie - Visite guid\u00e9e de 2 heures par 3 des bars de la ville avec prise de vue incluse. Au bout de 3 places acc\u00e8s en discoth\u00e8que. Warsaw\" \/>\n<meta property=\"og:url\" content=\"https:\/\/stagpartynight.com\/fr\/product\/route-des-bars-a-varsovie\/\" \/>\n<meta property=\"og:site_name\" content=\"Nuit de f\u00eate de cerf\" \/>\n<meta property=\"article:modified_time\" content=\"2021-02-05T15:16:15+00:00\" \/>\n<meta property=\"og:image\" content=\"https:\/\/stagpartynight.com\/fr\/wp-content\/uploads\/sites\/3\/2020\/01\/alcoholic-beverages-1845295_1280.jpg\" \/>\n\t<meta property=\"og:image:width\" content=\"1280\" \/>\n\t<meta property=\"og:image:height\" content=\"961\" \/>\n\t<meta property=\"og:image:type\" content=\"image\/jpeg\" \/>\n<meta name=\"twitter:card\" content=\"summary_large_image\" \/>\n<script type=\"application\/ld+json\" class=\"yoast-schema-graph\">{\"@context\":\"https:\/\/schema.org\",\"@graph\":[{\"@type\":\"WebPage\",\"@id\":\"https:\/\/stagpartynight.com\/fr\/product\/route-des-bars-a-varsovie\/\",\"url\":\"https:\/\/stagpartynight.com\/fr\/product\/route-des-bars-a-varsovie\/\",\"name\":\"Route des bars \u00e0 Varsovie - Itin\u00e9raire des bars \u00e0 Varsovie - Warsaw\",\"isPartOf\":{\"@id\":\"https:\/\/stagpartynight.com\/fr\/#website\"},\"primaryImageOfPage\":{\"@id\":\"https:\/\/stagpartynight.com\/fr\/product\/route-des-bars-a-varsovie\/#primaryimage\"},\"image\":{\"@id\":\"https:\/\/stagpartynight.com\/fr\/product\/route-des-bars-a-varsovie\/#primaryimage\"},\"thumbnailUrl\":\"https:\/\/stagpartynight.com\/fr\/wp-content\/uploads\/sites\/3\/2020\/01\/alcoholic-beverages-1845295_1280.jpg\",\"datePublished\":\"2021-02-05T15:14:04+00:00\",\"dateModified\":\"2021-02-05T15:16:15+00:00\",\"description\":\"Route des bars \u00e0 Varsovie - Visite guid\u00e9e de 2 heures par 3 des bars de la ville avec prise de vue incluse. Au bout de 3 places acc\u00e8s en discoth\u00e8que. Warsaw\",\"breadcrumb\":{\"@id\":\"https:\/\/stagpartynight.com\/fr\/product\/route-des-bars-a-varsovie\/#breadcrumb\"},\"inLanguage\":\"en-GB\",\"potentialAction\":[{\"@type\":\"ReadAction\",\"target\":[\"https:\/\/stagpartynight.com\/fr\/product\/route-des-bars-a-varsovie\/\"]}]},{\"@type\":\"ImageObject\",\"inLanguage\":\"en-GB\",\"@id\":\"https:\/\/stagpartynight.com\/fr\/product\/route-des-bars-a-varsovie\/#primaryimage\",\"url\":\"https:\/\/stagpartynight.com\/fr\/wp-content\/uploads\/sites\/3\/2020\/01\/alcoholic-beverages-1845295_1280.jpg\",\"contentUrl\":\"https:\/\/stagpartynight.com\/fr\/wp-content\/uploads\/sites\/3\/2020\/01\/alcoholic-beverages-1845295_1280.jpg\",\"width\":1280,\"height\":961},{\"@type\":\"BreadcrumbList\",\"@id\":\"https:\/\/stagpartynight.com\/fr\/product\/route-des-bars-a-varsovie\/#breadcrumb\",\"itemListElement\":[{\"@type\":\"ListItem\",\"position\":1,\"name\":\"Home\",\"item\":\"https:\/\/stagpartynight.com\/fr\/\"},{\"@type\":\"ListItem\",\"position\":2,\"name\":\"Tienda\",\"item\":\"https:\/\/stagpartynight.com\/fr\/tienda\/\"},{\"@type\":\"ListItem\",\"position\":3,\"name\":\"Route des bars \u00e0 Varsovie\"}]},{\"@type\":\"WebSite\",\"@id\":\"https:\/\/stagpartynight.com\/fr\/#website\",\"url\":\"https:\/\/stagpartynight.com\/fr\/\",\"name\":\"Stag Party Night\",\"description\":\"Your Stag Party Customized\",\"publisher\":{\"@id\":\"https:\/\/stagpartynight.com\/fr\/#organization\"},\"potentialAction\":[{\"@type\":\"SearchAction\",\"target\":{\"@type\":\"EntryPoint\",\"urlTemplate\":\"https:\/\/stagpartynight.com\/fr\/?s={search_term_string}\"},\"query-input\":{\"@type\":\"PropertyValueSpecification\",\"valueRequired\":true,\"valueName\":\"search_term_string\"}}],\"inLanguage\":\"en-GB\"},{\"@type\":\"Organization\",\"@id\":\"https:\/\/stagpartynight.com\/fr\/#organization\",\"name\":\"Stag Party Night\",\"url\":\"https:\/\/stagpartynight.com\/fr\/\",\"logo\":{\"@type\":\"ImageObject\",\"inLanguage\":\"en-GB\",\"@id\":\"https:\/\/stagpartynight.com\/fr\/#\/schema\/logo\/image\/\",\"url\":\"https:\/\/stagpartynight.com\/fr\/wp-content\/uploads\/sites\/3\/2019\/12\/stagpartynight-e1578565505687.png\",\"contentUrl\":\"https:\/\/stagpartynight.com\/fr\/wp-content\/uploads\/sites\/3\/2019\/12\/stagpartynight-e1578565505687.png\",\"width\":400,\"height\":400,\"caption\":\"Stag Party Night\"},\"image\":{\"@id\":\"https:\/\/stagpartynight.com\/fr\/#\/schema\/logo\/image\/\"}}]}<\/script>\n<!-- \/ Yoast SEO plugin. -->","yoast_head_json":{"title":"Route des bars \u00e0 Varsovie - Itin\u00e9raire des bars \u00e0 Varsovie - Warsaw","description":"Route des bars \u00e0 Varsovie - Visite guid\u00e9e de 2 heures par 3 des bars de la ville avec prise de vue incluse. Au bout de 3 places acc\u00e8s en discoth\u00e8que. Warsaw","robots":{"index":"index","follow":"follow","max-snippet":"max-snippet:-1","max-image-preview":"max-image-preview:large","max-video-preview":"max-video-preview:-1"},"canonical":"https:\/\/stagpartynight.com\/fr\/product\/route-des-bars-a-varsovie\/","og_locale":"en_GB","og_type":"article","og_title":"Route des bars \u00e0 Varsovie - Itin\u00e9raire des bars \u00e0 Varsovie - Warsaw","og_description":"Route des bars \u00e0 Varsovie - Visite guid\u00e9e de 2 heures par 3 des bars de la ville avec prise de vue incluse. Au bout de 3 places acc\u00e8s en discoth\u00e8que. Warsaw","og_url":"https:\/\/stagpartynight.com\/fr\/product\/route-des-bars-a-varsovie\/","og_site_name":"Nuit de f\u00eate de cerf","article_modified_time":"2021-02-05T15:16:15+00:00","og_image":[{"width":1280,"height":961,"url":"https:\/\/stagpartynight.com\/fr\/wp-content\/uploads\/sites\/3\/2020\/01\/alcoholic-beverages-1845295_1280.jpg","type":"image\/jpeg"}],"twitter_card":"summary_large_image","schema":{"@context":"https:\/\/schema.org","@graph":[{"@type":"WebPage","@id":"https:\/\/stagpartynight.com\/fr\/product\/route-des-bars-a-varsovie\/","url":"https:\/\/stagpartynight.com\/fr\/product\/route-des-bars-a-varsovie\/","name":"Route des bars \u00e0 Varsovie - Itin\u00e9raire des bars \u00e0 Varsovie - Warsaw","isPartOf":{"@id":"https:\/\/stagpartynight.com\/fr\/#website"},"primaryImageOfPage":{"@id":"https:\/\/stagpartynight.com\/fr\/product\/route-des-bars-a-varsovie\/#primaryimage"},"image":{"@id":"https:\/\/stagpartynight.com\/fr\/product\/route-des-bars-a-varsovie\/#primaryimage"},"thumbnailUrl":"https:\/\/stagpartynight.com\/fr\/wp-content\/uploads\/sites\/3\/2020\/01\/alcoholic-beverages-1845295_1280.jpg","datePublished":"2021-02-05T15:14:04+00:00","dateModified":"2021-02-05T15:16:15+00:00","description":"Route des bars \u00e0 Varsovie - Visite guid\u00e9e de 2 heures par 3 des bars de la ville avec prise de vue incluse. Au bout de 3 places acc\u00e8s en discoth\u00e8que. Warsaw","breadcrumb":{"@id":"https:\/\/stagpartynight.com\/fr\/product\/route-des-bars-a-varsovie\/#breadcrumb"},"inLanguage":"en-GB","potentialAction":[{"@type":"ReadAction","target":["https:\/\/stagpartynight.com\/fr\/product\/route-des-bars-a-varsovie\/"]}]},{"@type":"ImageObject","inLanguage":"en-GB","@id":"https:\/\/stagpartynight.com\/fr\/product\/route-des-bars-a-varsovie\/#primaryimage","url":"https:\/\/stagpartynight.com\/fr\/wp-content\/uploads\/sites\/3\/2020\/01\/alcoholic-beverages-1845295_1280.jpg","contentUrl":"https:\/\/stagpartynight.com\/fr\/wp-content\/uploads\/sites\/3\/2020\/01\/alcoholic-beverages-1845295_1280.jpg","width":1280,"height":961},{"@type":"BreadcrumbList","@id":"https:\/\/stagpartynight.com\/fr\/product\/route-des-bars-a-varsovie\/#breadcrumb","itemListElement":[{"@type":"ListItem","position":1,"name":"Home","item":"https:\/\/stagpartynight.com\/fr\/"},{"@type":"ListItem","position":2,"name":"Tienda","item":"https:\/\/stagpartynight.com\/fr\/tienda\/"},{"@type":"ListItem","position":3,"name":"Route des bars \u00e0 Varsovie"}]},{"@type":"WebSite","@id":"https:\/\/stagpartynight.com\/fr\/#website","url":"https:\/\/stagpartynight.com\/fr\/","name":"Stag Party Night","description":"Your Stag Party Customized","publisher":{"@id":"https:\/\/stagpartynight.com\/fr\/#organization"},"potentialAction":[{"@type":"SearchAction","target":{"@type":"EntryPoint","urlTemplate":"https:\/\/stagpartynight.com\/fr\/?s={search_term_string}"},"query-input":{"@type":"PropertyValueSpecification","valueRequired":true,"valueName":"search_term_string"}}],"inLanguage":"en-GB"},{"@type":"Organization","@id":"https:\/\/stagpartynight.com\/fr\/#organization","name":"Stag Party Night","url":"https:\/\/stagpartynight.com\/fr\/","logo":{"@type":"ImageObject","inLanguage":"en-GB","@id":"https:\/\/stagpartynight.com\/fr\/#\/schema\/logo\/image\/","url":"https:\/\/stagpartynight.com\/fr\/wp-content\/uploads\/sites\/3\/2019\/12\/stagpartynight-e1578565505687.png","contentUrl":"https:\/\/stagpartynight.com\/fr\/wp-content\/uploads\/sites\/3\/2019\/12\/stagpartynight-e1578565505687.png","width":400,"height":400,"caption":"Stag Party Night"},"image":{"@id":"https:\/\/stagpartynight.com\/fr\/#\/schema\/logo\/image\/"}}]}},"_links":{"self":[{"href":"https:\/\/stagpartynight.com\/fr\/wp-json\/wp\/v2\/product\/2041","targetHints":{"allow":["GET"]}}],"collection":[{"href":"https:\/\/stagpartynight.com\/fr\/wp-json\/wp\/v2\/product"}],"about":[{"href":"https:\/\/stagpartynight.com\/fr\/wp-json\/wp\/v2\/types\/product"}],"replies":[{"embeddable":true,"href":"https:\/\/stagpartynight.com\/fr\/wp-json\/wp\/v2\/comments?post=2041"}],"wp:featuredmedia":[{"embeddable":true,"href":"https:\/\/stagpartynight.com\/fr\/wp-json\/wp\/v2\/media\/142"}],"wp:attachment":[{"href":"https:\/\/stagpartynight.com\/fr\/wp-json\/wp\/v2\/media?parent=2041"}],"wp:term":[{"taxonomy":"product_brand","embeddable":true,"href":"https:\/\/stagpartynight.com\/fr\/wp-json\/wp\/v2\/product_brand?post=2041"},{"taxonomy":"product_cat","embeddable":true,"href":"https:\/\/stagpartynight.com\/fr\/wp-json\/wp\/v2\/product_cat?post=2041"},{"taxonomy":"product_tag","embeddable":true,"href":"https:\/\/stagpartynight.com\/fr\/wp-json\/wp\/v2\/product_tag?post=2041"}],"curies":[{"name":"wp","href":"https:\/\/api.w.org\/{rel}","templated":true}]}}