{"id":205,"date":"2020-01-08T12:23:14","date_gmt":"2020-01-08T11:23:14","guid":{"rendered":"https:\/\/stagpartynight.com\/fr\/?post_type=product&#038;p=205"},"modified":"2021-02-03T16:34:48","modified_gmt":"2021-02-03T15:34:48","slug":"body-sushi-barcelona","status":"publish","type":"product","link":"https:\/\/stagpartynight.com\/fr\/product\/body-sushi-barcelona\/","title":{"rendered":"Body Sushi \u00e0 Barcelone"},"content":{"rendered":"<p>D\u00eener amusant et \u00e9pic\u00e9. Un mannequin sera allong\u00e9 sur la table, o\u00f9 les sushis seront plac\u00e9s sur le dessus, en utilisant le corps comme assiette. Servez la nourriture directement sur son corps.<\/p>\n","protected":false},"excerpt":{"rendered":"<p>D\u00eener amusant et \u00e9pic\u00e9. Un mannequin sera allong\u00e9 sur la table, o\u00f9 les sushis seront plac\u00e9s sur le dessus, en utilisant le corps comme assiette. Servez la nourriture directement sur son corps.<\/p>\n","protected":false},"featured_media":206,"comment_status":"open","ping_status":"closed","template":"","meta":{"_et_pb_use_builder":"","_et_pb_old_content":"","_et_gb_content_width":""},"product_brand":[],"product_cat":[68],"product_tag":[396,79],"class_list":{"0":"post-205","1":"product","2":"type-product","3":"status-publish","4":"has-post-thumbnail","6":"product_cat-barcelona","7":"product_tag-body-sushi-a-barcelone","8":"product_tag-body-sushi-barcelona","10":"first","11":"instock","12":"virtual","13":"product-type-simple"},"yoast_head":"<!-- This site is optimized with the Yoast SEO plugin v26.4 - https:\/\/yoast.com\/wordpress\/plugins\/seo\/ -->\n<title>Body Sushi \u00e0 Barcelone - Body Sushi Barcelona - Mod\u00e8les sexy<\/title>\n<meta name=\"description\" content=\"Body Sushi \u00e0 Barcelone - D\u00eener amusant et \u00e9pic\u00e9. Un mannequin sera allong\u00e9 sur la table, o\u00f9 les sushis seront plac\u00e9s sur le dessus, en utilisant le corps comme assiette. Servez la nourriture directement sur son corps.\" \/>\n<meta name=\"robots\" content=\"index, follow, max-snippet:-1, max-image-preview:large, max-video-preview:-1\" \/>\n<link rel=\"canonical\" href=\"https:\/\/stagpartynight.com\/fr\/product\/body-sushi-barcelona\/\" \/>\n<meta property=\"og:locale\" content=\"en_GB\" \/>\n<meta property=\"og:type\" content=\"article\" \/>\n<meta property=\"og:title\" content=\"Body Sushi \u00e0 Barcelone - Body Sushi Barcelona - Mod\u00e8les sexy\" \/>\n<meta property=\"og:description\" content=\"Body Sushi \u00e0 Barcelone - D\u00eener amusant et \u00e9pic\u00e9. Un mannequin sera allong\u00e9 sur la table, o\u00f9 les sushis seront plac\u00e9s sur le dessus, en utilisant le corps comme assiette. Servez la nourriture directement sur son corps.\" \/>\n<meta property=\"og:url\" content=\"https:\/\/stagpartynight.com\/fr\/product\/body-sushi-barcelona\/\" \/>\n<meta property=\"og:site_name\" content=\"Nuit de f\u00eate de cerf\" \/>\n<meta property=\"article:modified_time\" content=\"2021-02-03T15:34:48+00:00\" \/>\n<meta property=\"og:image\" content=\"https:\/\/stagpartynight.com\/fr\/wp-content\/uploads\/sites\/3\/2020\/01\/Body-Sushi-Barcelona.jpg\" \/>\n\t<meta property=\"og:image:width\" content=\"470\" \/>\n\t<meta property=\"og:image:height\" content=\"313\" \/>\n\t<meta property=\"og:image:type\" content=\"image\/jpeg\" \/>\n<meta name=\"twitter:card\" content=\"summary_large_image\" \/>\n<script type=\"application\/ld+json\" class=\"yoast-schema-graph\">{\"@context\":\"https:\/\/schema.org\",\"@graph\":[{\"@type\":\"WebPage\",\"@id\":\"https:\/\/stagpartynight.com\/fr\/product\/body-sushi-barcelona\/\",\"url\":\"https:\/\/stagpartynight.com\/fr\/product\/body-sushi-barcelona\/\",\"name\":\"Body Sushi \u00e0 Barcelone - Body Sushi Barcelona - Mod\u00e8les sexy\",\"isPartOf\":{\"@id\":\"https:\/\/stagpartynight.com\/fr\/#website\"},\"primaryImageOfPage\":{\"@id\":\"https:\/\/stagpartynight.com\/fr\/product\/body-sushi-barcelona\/#primaryimage\"},\"image\":{\"@id\":\"https:\/\/stagpartynight.com\/fr\/product\/body-sushi-barcelona\/#primaryimage\"},\"thumbnailUrl\":\"https:\/\/stagpartynight.com\/fr\/wp-content\/uploads\/sites\/3\/2020\/01\/Body-Sushi-Barcelona.jpg\",\"datePublished\":\"2020-01-08T11:23:14+00:00\",\"dateModified\":\"2021-02-03T15:34:48+00:00\",\"description\":\"Body Sushi \u00e0 Barcelone - D\u00eener amusant et \u00e9pic\u00e9. Un mannequin sera allong\u00e9 sur la table, o\u00f9 les sushis seront plac\u00e9s sur le dessus, en utilisant le corps comme assiette. Servez la nourriture directement sur son corps.\",\"breadcrumb\":{\"@id\":\"https:\/\/stagpartynight.com\/fr\/product\/body-sushi-barcelona\/#breadcrumb\"},\"inLanguage\":\"en-GB\",\"potentialAction\":[{\"@type\":\"ReadAction\",\"target\":[\"https:\/\/stagpartynight.com\/fr\/product\/body-sushi-barcelona\/\"]}]},{\"@type\":\"ImageObject\",\"inLanguage\":\"en-GB\",\"@id\":\"https:\/\/stagpartynight.com\/fr\/product\/body-sushi-barcelona\/#primaryimage\",\"url\":\"https:\/\/stagpartynight.com\/fr\/wp-content\/uploads\/sites\/3\/2020\/01\/Body-Sushi-Barcelona.jpg\",\"contentUrl\":\"https:\/\/stagpartynight.com\/fr\/wp-content\/uploads\/sites\/3\/2020\/01\/Body-Sushi-Barcelona.jpg\",\"width\":470,\"height\":313},{\"@type\":\"BreadcrumbList\",\"@id\":\"https:\/\/stagpartynight.com\/fr\/product\/body-sushi-barcelona\/#breadcrumb\",\"itemListElement\":[{\"@type\":\"ListItem\",\"position\":1,\"name\":\"Home\",\"item\":\"https:\/\/stagpartynight.com\/fr\/\"},{\"@type\":\"ListItem\",\"position\":2,\"name\":\"Tienda\",\"item\":\"https:\/\/stagpartynight.com\/fr\/tienda\/\"},{\"@type\":\"ListItem\",\"position\":3,\"name\":\"Body Sushi \u00e0 Barcelone\"}]},{\"@type\":\"WebSite\",\"@id\":\"https:\/\/stagpartynight.com\/fr\/#website\",\"url\":\"https:\/\/stagpartynight.com\/fr\/\",\"name\":\"Stag Party Night\",\"description\":\"Your Stag Party Customized\",\"publisher\":{\"@id\":\"https:\/\/stagpartynight.com\/fr\/#organization\"},\"potentialAction\":[{\"@type\":\"SearchAction\",\"target\":{\"@type\":\"EntryPoint\",\"urlTemplate\":\"https:\/\/stagpartynight.com\/fr\/?s={search_term_string}\"},\"query-input\":{\"@type\":\"PropertyValueSpecification\",\"valueRequired\":true,\"valueName\":\"search_term_string\"}}],\"inLanguage\":\"en-GB\"},{\"@type\":\"Organization\",\"@id\":\"https:\/\/stagpartynight.com\/fr\/#organization\",\"name\":\"Stag Party Night\",\"url\":\"https:\/\/stagpartynight.com\/fr\/\",\"logo\":{\"@type\":\"ImageObject\",\"inLanguage\":\"en-GB\",\"@id\":\"https:\/\/stagpartynight.com\/fr\/#\/schema\/logo\/image\/\",\"url\":\"https:\/\/stagpartynight.com\/fr\/wp-content\/uploads\/sites\/3\/2019\/12\/stagpartynight-e1578565505687.png\",\"contentUrl\":\"https:\/\/stagpartynight.com\/fr\/wp-content\/uploads\/sites\/3\/2019\/12\/stagpartynight-e1578565505687.png\",\"width\":400,\"height\":400,\"caption\":\"Stag Party Night\"},\"image\":{\"@id\":\"https:\/\/stagpartynight.com\/fr\/#\/schema\/logo\/image\/\"}}]}<\/script>\n<!-- \/ Yoast SEO plugin. -->","yoast_head_json":{"title":"Body Sushi \u00e0 Barcelone - Body Sushi Barcelona - Mod\u00e8les sexy","description":"Body Sushi \u00e0 Barcelone - D\u00eener amusant et \u00e9pic\u00e9. Un mannequin sera allong\u00e9 sur la table, o\u00f9 les sushis seront plac\u00e9s sur le dessus, en utilisant le corps comme assiette. Servez la nourriture directement sur son corps.","robots":{"index":"index","follow":"follow","max-snippet":"max-snippet:-1","max-image-preview":"max-image-preview:large","max-video-preview":"max-video-preview:-1"},"canonical":"https:\/\/stagpartynight.com\/fr\/product\/body-sushi-barcelona\/","og_locale":"en_GB","og_type":"article","og_title":"Body Sushi \u00e0 Barcelone - Body Sushi Barcelona - Mod\u00e8les sexy","og_description":"Body Sushi \u00e0 Barcelone - D\u00eener amusant et \u00e9pic\u00e9. Un mannequin sera allong\u00e9 sur la table, o\u00f9 les sushis seront plac\u00e9s sur le dessus, en utilisant le corps comme assiette. Servez la nourriture directement sur son corps.","og_url":"https:\/\/stagpartynight.com\/fr\/product\/body-sushi-barcelona\/","og_site_name":"Nuit de f\u00eate de cerf","article_modified_time":"2021-02-03T15:34:48+00:00","og_image":[{"width":470,"height":313,"url":"https:\/\/stagpartynight.com\/fr\/wp-content\/uploads\/sites\/3\/2020\/01\/Body-Sushi-Barcelona.jpg","type":"image\/jpeg"}],"twitter_card":"summary_large_image","schema":{"@context":"https:\/\/schema.org","@graph":[{"@type":"WebPage","@id":"https:\/\/stagpartynight.com\/fr\/product\/body-sushi-barcelona\/","url":"https:\/\/stagpartynight.com\/fr\/product\/body-sushi-barcelona\/","name":"Body Sushi \u00e0 Barcelone - Body Sushi Barcelona - Mod\u00e8les sexy","isPartOf":{"@id":"https:\/\/stagpartynight.com\/fr\/#website"},"primaryImageOfPage":{"@id":"https:\/\/stagpartynight.com\/fr\/product\/body-sushi-barcelona\/#primaryimage"},"image":{"@id":"https:\/\/stagpartynight.com\/fr\/product\/body-sushi-barcelona\/#primaryimage"},"thumbnailUrl":"https:\/\/stagpartynight.com\/fr\/wp-content\/uploads\/sites\/3\/2020\/01\/Body-Sushi-Barcelona.jpg","datePublished":"2020-01-08T11:23:14+00:00","dateModified":"2021-02-03T15:34:48+00:00","description":"Body Sushi \u00e0 Barcelone - D\u00eener amusant et \u00e9pic\u00e9. Un mannequin sera allong\u00e9 sur la table, o\u00f9 les sushis seront plac\u00e9s sur le dessus, en utilisant le corps comme assiette. Servez la nourriture directement sur son corps.","breadcrumb":{"@id":"https:\/\/stagpartynight.com\/fr\/product\/body-sushi-barcelona\/#breadcrumb"},"inLanguage":"en-GB","potentialAction":[{"@type":"ReadAction","target":["https:\/\/stagpartynight.com\/fr\/product\/body-sushi-barcelona\/"]}]},{"@type":"ImageObject","inLanguage":"en-GB","@id":"https:\/\/stagpartynight.com\/fr\/product\/body-sushi-barcelona\/#primaryimage","url":"https:\/\/stagpartynight.com\/fr\/wp-content\/uploads\/sites\/3\/2020\/01\/Body-Sushi-Barcelona.jpg","contentUrl":"https:\/\/stagpartynight.com\/fr\/wp-content\/uploads\/sites\/3\/2020\/01\/Body-Sushi-Barcelona.jpg","width":470,"height":313},{"@type":"BreadcrumbList","@id":"https:\/\/stagpartynight.com\/fr\/product\/body-sushi-barcelona\/#breadcrumb","itemListElement":[{"@type":"ListItem","position":1,"name":"Home","item":"https:\/\/stagpartynight.com\/fr\/"},{"@type":"ListItem","position":2,"name":"Tienda","item":"https:\/\/stagpartynight.com\/fr\/tienda\/"},{"@type":"ListItem","position":3,"name":"Body Sushi \u00e0 Barcelone"}]},{"@type":"WebSite","@id":"https:\/\/stagpartynight.com\/fr\/#website","url":"https:\/\/stagpartynight.com\/fr\/","name":"Stag Party Night","description":"Your Stag Party Customized","publisher":{"@id":"https:\/\/stagpartynight.com\/fr\/#organization"},"potentialAction":[{"@type":"SearchAction","target":{"@type":"EntryPoint","urlTemplate":"https:\/\/stagpartynight.com\/fr\/?s={search_term_string}"},"query-input":{"@type":"PropertyValueSpecification","valueRequired":true,"valueName":"search_term_string"}}],"inLanguage":"en-GB"},{"@type":"Organization","@id":"https:\/\/stagpartynight.com\/fr\/#organization","name":"Stag Party Night","url":"https:\/\/stagpartynight.com\/fr\/","logo":{"@type":"ImageObject","inLanguage":"en-GB","@id":"https:\/\/stagpartynight.com\/fr\/#\/schema\/logo\/image\/","url":"https:\/\/stagpartynight.com\/fr\/wp-content\/uploads\/sites\/3\/2019\/12\/stagpartynight-e1578565505687.png","contentUrl":"https:\/\/stagpartynight.com\/fr\/wp-content\/uploads\/sites\/3\/2019\/12\/stagpartynight-e1578565505687.png","width":400,"height":400,"caption":"Stag Party Night"},"image":{"@id":"https:\/\/stagpartynight.com\/fr\/#\/schema\/logo\/image\/"}}]}},"_links":{"self":[{"href":"https:\/\/stagpartynight.com\/fr\/wp-json\/wp\/v2\/product\/205","targetHints":{"allow":["GET"]}}],"collection":[{"href":"https:\/\/stagpartynight.com\/fr\/wp-json\/wp\/v2\/product"}],"about":[{"href":"https:\/\/stagpartynight.com\/fr\/wp-json\/wp\/v2\/types\/product"}],"replies":[{"embeddable":true,"href":"https:\/\/stagpartynight.com\/fr\/wp-json\/wp\/v2\/comments?post=205"}],"wp:featuredmedia":[{"embeddable":true,"href":"https:\/\/stagpartynight.com\/fr\/wp-json\/wp\/v2\/media\/206"}],"wp:attachment":[{"href":"https:\/\/stagpartynight.com\/fr\/wp-json\/wp\/v2\/media?parent=205"}],"wp:term":[{"taxonomy":"product_brand","embeddable":true,"href":"https:\/\/stagpartynight.com\/fr\/wp-json\/wp\/v2\/product_brand?post=205"},{"taxonomy":"product_cat","embeddable":true,"href":"https:\/\/stagpartynight.com\/fr\/wp-json\/wp\/v2\/product_cat?post=205"},{"taxonomy":"product_tag","embeddable":true,"href":"https:\/\/stagpartynight.com\/fr\/wp-json\/wp\/v2\/product_tag?post=205"}],"curies":[{"name":"wp","href":"https:\/\/api.w.org\/{rel}","templated":true}]}}