{"id":2052,"date":"2021-02-05T16:46:28","date_gmt":"2021-02-05T15:46:28","guid":{"rendered":"https:\/\/stagpartynight.com\/fr\/?post_type=product&#038;p=2052"},"modified":"2021-02-05T16:50:33","modified_gmt":"2021-02-05T15:50:33","slug":"tournee-gastronomique-polonaise-a-varsovie","status":"publish","type":"product","link":"https:\/\/stagpartynight.com\/fr\/product\/tournee-gastronomique-polonaise-a-varsovie\/","title":{"rendered":"Tourn\u00e9e gastronomique Polonaise \u00e0 Varsovie"},"content":{"rendered":"<p>Visite guid\u00e9e pour vous faire go\u00fbter la gastronomie Polonaise typique. D&#8217;une dur\u00e9e de 3 heures, dans laquelle vous passerez de 3 \u00e0 5 lieux traditionnels. Vous pouvez varier les plats en fonction de la p\u00e9riode de l&#8217;ann\u00e9e.<\/p>\n","protected":false},"excerpt":{"rendered":"<p>Visite guid\u00e9e pour vous faire go\u00fbter la gastronomie Polonaise typique. D&#8217;une dur\u00e9e de 3 heures, dans laquelle vous passerez de 3 \u00e0 5 lieux traditionnels. Vous pouvez varier les plats en fonction de la p\u00e9riode de l&#8217;ann\u00e9e.<\/p>\n","protected":false},"featured_media":2053,"comment_status":"open","ping_status":"closed","template":"","meta":{"_et_pb_use_builder":"","_et_pb_old_content":"","_et_gb_content_width":""},"product_brand":[],"product_cat":[559],"product_tag":[581,580],"class_list":{"0":"post-2052","1":"product","2":"type-product","3":"status-publish","4":"has-post-thumbnail","6":"product_cat-varsovia","7":"product_tag-food-tour-warsaw","8":"product_tag-tournee-gastronomique-polonaise-a-varsovie","10":"first","11":"instock","12":"virtual","13":"product-type-simple"},"yoast_head":"<!-- This site is optimized with the Yoast SEO plugin v26.4 - https:\/\/yoast.com\/wordpress\/plugins\/seo\/ -->\n<title>Tourn\u00e9e gastronomique Polonaise \u00e0 Varsovie - Food tour Warsaw<\/title>\n<meta name=\"description\" content=\"Visite guid\u00e9e pour vous faire go\u00fbter la gastronomie Polonaise typique. D&#039;une dur\u00e9e de 3 heures, dans laquelle vous passerez de 3 \u00e0 5 lieux traditionnels - Tourn\u00e9e gastronomique Polonaise \u00e0 Varsovie\" \/>\n<meta name=\"robots\" content=\"index, follow, max-snippet:-1, max-image-preview:large, max-video-preview:-1\" \/>\n<link rel=\"canonical\" href=\"https:\/\/stagpartynight.com\/fr\/product\/tournee-gastronomique-polonaise-a-varsovie\/\" \/>\n<meta property=\"og:locale\" content=\"en_GB\" \/>\n<meta property=\"og:type\" content=\"article\" \/>\n<meta property=\"og:title\" content=\"Tourn\u00e9e gastronomique Polonaise \u00e0 Varsovie - Food tour Warsaw\" \/>\n<meta property=\"og:description\" content=\"Visite guid\u00e9e pour vous faire go\u00fbter la gastronomie Polonaise typique. D&#039;une dur\u00e9e de 3 heures, dans laquelle vous passerez de 3 \u00e0 5 lieux traditionnels - Tourn\u00e9e gastronomique Polonaise \u00e0 Varsovie\" \/>\n<meta property=\"og:url\" content=\"https:\/\/stagpartynight.com\/fr\/product\/tournee-gastronomique-polonaise-a-varsovie\/\" \/>\n<meta property=\"og:site_name\" content=\"Nuit de f\u00eate de cerf\" \/>\n<meta property=\"article:modified_time\" content=\"2021-02-05T15:50:33+00:00\" \/>\n<meta property=\"og:image\" content=\"https:\/\/stagpartynight.com\/fr\/wp-content\/uploads\/sites\/3\/2021\/02\/pexels-markus-winkler-3119900.jpg\" \/>\n\t<meta property=\"og:image:width\" content=\"640\" \/>\n\t<meta property=\"og:image:height\" content=\"853\" \/>\n\t<meta property=\"og:image:type\" content=\"image\/jpeg\" \/>\n<meta name=\"twitter:card\" content=\"summary_large_image\" \/>\n<script type=\"application\/ld+json\" class=\"yoast-schema-graph\">{\"@context\":\"https:\/\/schema.org\",\"@graph\":[{\"@type\":\"WebPage\",\"@id\":\"https:\/\/stagpartynight.com\/fr\/product\/tournee-gastronomique-polonaise-a-varsovie\/\",\"url\":\"https:\/\/stagpartynight.com\/fr\/product\/tournee-gastronomique-polonaise-a-varsovie\/\",\"name\":\"Tourn\u00e9e gastronomique Polonaise \u00e0 Varsovie - Food tour Warsaw\",\"isPartOf\":{\"@id\":\"https:\/\/stagpartynight.com\/fr\/#website\"},\"primaryImageOfPage\":{\"@id\":\"https:\/\/stagpartynight.com\/fr\/product\/tournee-gastronomique-polonaise-a-varsovie\/#primaryimage\"},\"image\":{\"@id\":\"https:\/\/stagpartynight.com\/fr\/product\/tournee-gastronomique-polonaise-a-varsovie\/#primaryimage\"},\"thumbnailUrl\":\"https:\/\/stagpartynight.com\/fr\/wp-content\/uploads\/sites\/3\/2021\/02\/pexels-markus-winkler-3119900.jpg\",\"datePublished\":\"2021-02-05T15:46:28+00:00\",\"dateModified\":\"2021-02-05T15:50:33+00:00\",\"description\":\"Visite guid\u00e9e pour vous faire go\u00fbter la gastronomie Polonaise typique. D'une dur\u00e9e de 3 heures, dans laquelle vous passerez de 3 \u00e0 5 lieux traditionnels - Tourn\u00e9e gastronomique Polonaise \u00e0 Varsovie\",\"breadcrumb\":{\"@id\":\"https:\/\/stagpartynight.com\/fr\/product\/tournee-gastronomique-polonaise-a-varsovie\/#breadcrumb\"},\"inLanguage\":\"en-GB\",\"potentialAction\":[{\"@type\":\"ReadAction\",\"target\":[\"https:\/\/stagpartynight.com\/fr\/product\/tournee-gastronomique-polonaise-a-varsovie\/\"]}]},{\"@type\":\"ImageObject\",\"inLanguage\":\"en-GB\",\"@id\":\"https:\/\/stagpartynight.com\/fr\/product\/tournee-gastronomique-polonaise-a-varsovie\/#primaryimage\",\"url\":\"https:\/\/stagpartynight.com\/fr\/wp-content\/uploads\/sites\/3\/2021\/02\/pexels-markus-winkler-3119900.jpg\",\"contentUrl\":\"https:\/\/stagpartynight.com\/fr\/wp-content\/uploads\/sites\/3\/2021\/02\/pexels-markus-winkler-3119900.jpg\",\"width\":640,\"height\":853},{\"@type\":\"BreadcrumbList\",\"@id\":\"https:\/\/stagpartynight.com\/fr\/product\/tournee-gastronomique-polonaise-a-varsovie\/#breadcrumb\",\"itemListElement\":[{\"@type\":\"ListItem\",\"position\":1,\"name\":\"Home\",\"item\":\"https:\/\/stagpartynight.com\/fr\/\"},{\"@type\":\"ListItem\",\"position\":2,\"name\":\"Tienda\",\"item\":\"https:\/\/stagpartynight.com\/fr\/tienda\/\"},{\"@type\":\"ListItem\",\"position\":3,\"name\":\"Tourn\u00e9e gastronomique Polonaise \u00e0 Varsovie\"}]},{\"@type\":\"WebSite\",\"@id\":\"https:\/\/stagpartynight.com\/fr\/#website\",\"url\":\"https:\/\/stagpartynight.com\/fr\/\",\"name\":\"Stag Party Night\",\"description\":\"Your Stag Party Customized\",\"publisher\":{\"@id\":\"https:\/\/stagpartynight.com\/fr\/#organization\"},\"potentialAction\":[{\"@type\":\"SearchAction\",\"target\":{\"@type\":\"EntryPoint\",\"urlTemplate\":\"https:\/\/stagpartynight.com\/fr\/?s={search_term_string}\"},\"query-input\":{\"@type\":\"PropertyValueSpecification\",\"valueRequired\":true,\"valueName\":\"search_term_string\"}}],\"inLanguage\":\"en-GB\"},{\"@type\":\"Organization\",\"@id\":\"https:\/\/stagpartynight.com\/fr\/#organization\",\"name\":\"Stag Party Night\",\"url\":\"https:\/\/stagpartynight.com\/fr\/\",\"logo\":{\"@type\":\"ImageObject\",\"inLanguage\":\"en-GB\",\"@id\":\"https:\/\/stagpartynight.com\/fr\/#\/schema\/logo\/image\/\",\"url\":\"https:\/\/stagpartynight.com\/fr\/wp-content\/uploads\/sites\/3\/2019\/12\/stagpartynight-e1578565505687.png\",\"contentUrl\":\"https:\/\/stagpartynight.com\/fr\/wp-content\/uploads\/sites\/3\/2019\/12\/stagpartynight-e1578565505687.png\",\"width\":400,\"height\":400,\"caption\":\"Stag Party Night\"},\"image\":{\"@id\":\"https:\/\/stagpartynight.com\/fr\/#\/schema\/logo\/image\/\"}}]}<\/script>\n<!-- \/ Yoast SEO plugin. -->","yoast_head_json":{"title":"Tourn\u00e9e gastronomique Polonaise \u00e0 Varsovie - Food tour Warsaw","description":"Visite guid\u00e9e pour vous faire go\u00fbter la gastronomie Polonaise typique. D'une dur\u00e9e de 3 heures, dans laquelle vous passerez de 3 \u00e0 5 lieux traditionnels - Tourn\u00e9e gastronomique Polonaise \u00e0 Varsovie","robots":{"index":"index","follow":"follow","max-snippet":"max-snippet:-1","max-image-preview":"max-image-preview:large","max-video-preview":"max-video-preview:-1"},"canonical":"https:\/\/stagpartynight.com\/fr\/product\/tournee-gastronomique-polonaise-a-varsovie\/","og_locale":"en_GB","og_type":"article","og_title":"Tourn\u00e9e gastronomique Polonaise \u00e0 Varsovie - Food tour Warsaw","og_description":"Visite guid\u00e9e pour vous faire go\u00fbter la gastronomie Polonaise typique. D'une dur\u00e9e de 3 heures, dans laquelle vous passerez de 3 \u00e0 5 lieux traditionnels - Tourn\u00e9e gastronomique Polonaise \u00e0 Varsovie","og_url":"https:\/\/stagpartynight.com\/fr\/product\/tournee-gastronomique-polonaise-a-varsovie\/","og_site_name":"Nuit de f\u00eate de cerf","article_modified_time":"2021-02-05T15:50:33+00:00","og_image":[{"width":640,"height":853,"url":"https:\/\/stagpartynight.com\/fr\/wp-content\/uploads\/sites\/3\/2021\/02\/pexels-markus-winkler-3119900.jpg","type":"image\/jpeg"}],"twitter_card":"summary_large_image","schema":{"@context":"https:\/\/schema.org","@graph":[{"@type":"WebPage","@id":"https:\/\/stagpartynight.com\/fr\/product\/tournee-gastronomique-polonaise-a-varsovie\/","url":"https:\/\/stagpartynight.com\/fr\/product\/tournee-gastronomique-polonaise-a-varsovie\/","name":"Tourn\u00e9e gastronomique Polonaise \u00e0 Varsovie - Food tour Warsaw","isPartOf":{"@id":"https:\/\/stagpartynight.com\/fr\/#website"},"primaryImageOfPage":{"@id":"https:\/\/stagpartynight.com\/fr\/product\/tournee-gastronomique-polonaise-a-varsovie\/#primaryimage"},"image":{"@id":"https:\/\/stagpartynight.com\/fr\/product\/tournee-gastronomique-polonaise-a-varsovie\/#primaryimage"},"thumbnailUrl":"https:\/\/stagpartynight.com\/fr\/wp-content\/uploads\/sites\/3\/2021\/02\/pexels-markus-winkler-3119900.jpg","datePublished":"2021-02-05T15:46:28+00:00","dateModified":"2021-02-05T15:50:33+00:00","description":"Visite guid\u00e9e pour vous faire go\u00fbter la gastronomie Polonaise typique. D'une dur\u00e9e de 3 heures, dans laquelle vous passerez de 3 \u00e0 5 lieux traditionnels - Tourn\u00e9e gastronomique Polonaise \u00e0 Varsovie","breadcrumb":{"@id":"https:\/\/stagpartynight.com\/fr\/product\/tournee-gastronomique-polonaise-a-varsovie\/#breadcrumb"},"inLanguage":"en-GB","potentialAction":[{"@type":"ReadAction","target":["https:\/\/stagpartynight.com\/fr\/product\/tournee-gastronomique-polonaise-a-varsovie\/"]}]},{"@type":"ImageObject","inLanguage":"en-GB","@id":"https:\/\/stagpartynight.com\/fr\/product\/tournee-gastronomique-polonaise-a-varsovie\/#primaryimage","url":"https:\/\/stagpartynight.com\/fr\/wp-content\/uploads\/sites\/3\/2021\/02\/pexels-markus-winkler-3119900.jpg","contentUrl":"https:\/\/stagpartynight.com\/fr\/wp-content\/uploads\/sites\/3\/2021\/02\/pexels-markus-winkler-3119900.jpg","width":640,"height":853},{"@type":"BreadcrumbList","@id":"https:\/\/stagpartynight.com\/fr\/product\/tournee-gastronomique-polonaise-a-varsovie\/#breadcrumb","itemListElement":[{"@type":"ListItem","position":1,"name":"Home","item":"https:\/\/stagpartynight.com\/fr\/"},{"@type":"ListItem","position":2,"name":"Tienda","item":"https:\/\/stagpartynight.com\/fr\/tienda\/"},{"@type":"ListItem","position":3,"name":"Tourn\u00e9e gastronomique Polonaise \u00e0 Varsovie"}]},{"@type":"WebSite","@id":"https:\/\/stagpartynight.com\/fr\/#website","url":"https:\/\/stagpartynight.com\/fr\/","name":"Stag Party Night","description":"Your Stag Party Customized","publisher":{"@id":"https:\/\/stagpartynight.com\/fr\/#organization"},"potentialAction":[{"@type":"SearchAction","target":{"@type":"EntryPoint","urlTemplate":"https:\/\/stagpartynight.com\/fr\/?s={search_term_string}"},"query-input":{"@type":"PropertyValueSpecification","valueRequired":true,"valueName":"search_term_string"}}],"inLanguage":"en-GB"},{"@type":"Organization","@id":"https:\/\/stagpartynight.com\/fr\/#organization","name":"Stag Party Night","url":"https:\/\/stagpartynight.com\/fr\/","logo":{"@type":"ImageObject","inLanguage":"en-GB","@id":"https:\/\/stagpartynight.com\/fr\/#\/schema\/logo\/image\/","url":"https:\/\/stagpartynight.com\/fr\/wp-content\/uploads\/sites\/3\/2019\/12\/stagpartynight-e1578565505687.png","contentUrl":"https:\/\/stagpartynight.com\/fr\/wp-content\/uploads\/sites\/3\/2019\/12\/stagpartynight-e1578565505687.png","width":400,"height":400,"caption":"Stag Party Night"},"image":{"@id":"https:\/\/stagpartynight.com\/fr\/#\/schema\/logo\/image\/"}}]}},"_links":{"self":[{"href":"https:\/\/stagpartynight.com\/fr\/wp-json\/wp\/v2\/product\/2052","targetHints":{"allow":["GET"]}}],"collection":[{"href":"https:\/\/stagpartynight.com\/fr\/wp-json\/wp\/v2\/product"}],"about":[{"href":"https:\/\/stagpartynight.com\/fr\/wp-json\/wp\/v2\/types\/product"}],"replies":[{"embeddable":true,"href":"https:\/\/stagpartynight.com\/fr\/wp-json\/wp\/v2\/comments?post=2052"}],"wp:featuredmedia":[{"embeddable":true,"href":"https:\/\/stagpartynight.com\/fr\/wp-json\/wp\/v2\/media\/2053"}],"wp:attachment":[{"href":"https:\/\/stagpartynight.com\/fr\/wp-json\/wp\/v2\/media?parent=2052"}],"wp:term":[{"taxonomy":"product_brand","embeddable":true,"href":"https:\/\/stagpartynight.com\/fr\/wp-json\/wp\/v2\/product_brand?post=2052"},{"taxonomy":"product_cat","embeddable":true,"href":"https:\/\/stagpartynight.com\/fr\/wp-json\/wp\/v2\/product_cat?post=2052"},{"taxonomy":"product_tag","embeddable":true,"href":"https:\/\/stagpartynight.com\/fr\/wp-json\/wp\/v2\/product_tag?post=2052"}],"curies":[{"name":"wp","href":"https:\/\/api.w.org\/{rel}","templated":true}]}}