{"id":2057,"date":"2021-02-05T17:01:53","date_gmt":"2021-02-05T16:01:53","guid":{"rendered":"https:\/\/stagpartynight.com\/fr\/?post_type=product&#038;p=2057"},"modified":"2021-02-05T17:04:56","modified_gmt":"2021-02-05T16:04:56","slug":"limousine-a-varsovie","status":"publish","type":"product","link":"https:\/\/stagpartynight.com\/fr\/product\/limousine-a-varsovie\/","title":{"rendered":"Limousine \u00e0 Varsovie"},"content":{"rendered":"<p>Profitez d&#8217;une visite d&#8217;une heure en limousine. D\u00e9couvrez Varsovie et ses lieux les plus embl\u00e9matiques. Comprend 1 bouteille de cava<\/p>\n","protected":false},"excerpt":{"rendered":"<p>Profitez d&#8217;une visite d&#8217;une heure en limousine. D\u00e9couvrez Varsovie et ses lieux les plus embl\u00e9matiques. Comprend 1 bouteille de cava<\/p>\n","protected":false},"featured_media":150,"comment_status":"open","ping_status":"closed","template":"","meta":{"_et_pb_use_builder":"","_et_pb_old_content":"","_et_gb_content_width":""},"product_brand":[],"product_cat":[559],"product_tag":[586,587,588],"class_list":{"0":"post-2057","1":"product","2":"type-product","3":"status-publish","4":"has-post-thumbnail","6":"product_cat-varsovia","7":"product_tag-limousine-a-varsovie","8":"product_tag-location-de-limousine-a-varsovie","9":"product_tag-warsaw-limos","11":"first","12":"instock","13":"virtual","14":"product-type-simple"},"yoast_head":"<!-- This site is optimized with the Yoast SEO plugin v26.4 - https:\/\/yoast.com\/wordpress\/plugins\/seo\/ -->\n<title>Limousine \u00e0 Varsovie - Location de limousine \u00e0 Varsovie - Warsaw Limos<\/title>\n<meta name=\"description\" content=\"Limousine \u00e0 Varsovie - Profitez d&#039;une visite d&#039;une heure en limousine. D\u00e9couvrez Varsovie et ses lieux les plus embl\u00e9matiques. Comprend 1 bouteille de cava\" \/>\n<meta name=\"robots\" content=\"index, follow, max-snippet:-1, max-image-preview:large, max-video-preview:-1\" \/>\n<link rel=\"canonical\" href=\"https:\/\/stagpartynight.com\/fr\/product\/limousine-a-varsovie\/\" \/>\n<meta property=\"og:locale\" content=\"en_GB\" \/>\n<meta property=\"og:type\" content=\"article\" \/>\n<meta property=\"og:title\" content=\"Limousine \u00e0 Varsovie - Location de limousine \u00e0 Varsovie - Warsaw Limos\" \/>\n<meta property=\"og:description\" content=\"Limousine \u00e0 Varsovie - Profitez d&#039;une visite d&#039;une heure en limousine. D\u00e9couvrez Varsovie et ses lieux les plus embl\u00e9matiques. Comprend 1 bouteille de cava\" \/>\n<meta property=\"og:url\" content=\"https:\/\/stagpartynight.com\/fr\/product\/limousine-a-varsovie\/\" \/>\n<meta property=\"og:site_name\" content=\"Nuit de f\u00eate de cerf\" \/>\n<meta property=\"article:modified_time\" content=\"2021-02-05T16:04:56+00:00\" \/>\n<meta property=\"og:image\" content=\"https:\/\/stagpartynight.com\/fr\/wp-content\/uploads\/sites\/3\/2020\/01\/limousine-601462_1280.jpg\" \/>\n\t<meta property=\"og:image:width\" content=\"1280\" \/>\n\t<meta property=\"og:image:height\" content=\"960\" \/>\n\t<meta property=\"og:image:type\" content=\"image\/jpeg\" \/>\n<meta name=\"twitter:card\" content=\"summary_large_image\" \/>\n<script type=\"application\/ld+json\" class=\"yoast-schema-graph\">{\"@context\":\"https:\/\/schema.org\",\"@graph\":[{\"@type\":\"WebPage\",\"@id\":\"https:\/\/stagpartynight.com\/fr\/product\/limousine-a-varsovie\/\",\"url\":\"https:\/\/stagpartynight.com\/fr\/product\/limousine-a-varsovie\/\",\"name\":\"Limousine \u00e0 Varsovie - Location de limousine \u00e0 Varsovie - Warsaw Limos\",\"isPartOf\":{\"@id\":\"https:\/\/stagpartynight.com\/fr\/#website\"},\"primaryImageOfPage\":{\"@id\":\"https:\/\/stagpartynight.com\/fr\/product\/limousine-a-varsovie\/#primaryimage\"},\"image\":{\"@id\":\"https:\/\/stagpartynight.com\/fr\/product\/limousine-a-varsovie\/#primaryimage\"},\"thumbnailUrl\":\"https:\/\/stagpartynight.com\/fr\/wp-content\/uploads\/sites\/3\/2020\/01\/limousine-601462_1280.jpg\",\"datePublished\":\"2021-02-05T16:01:53+00:00\",\"dateModified\":\"2021-02-05T16:04:56+00:00\",\"description\":\"Limousine \u00e0 Varsovie - Profitez d'une visite d'une heure en limousine. D\u00e9couvrez Varsovie et ses lieux les plus embl\u00e9matiques. Comprend 1 bouteille de cava\",\"breadcrumb\":{\"@id\":\"https:\/\/stagpartynight.com\/fr\/product\/limousine-a-varsovie\/#breadcrumb\"},\"inLanguage\":\"en-GB\",\"potentialAction\":[{\"@type\":\"ReadAction\",\"target\":[\"https:\/\/stagpartynight.com\/fr\/product\/limousine-a-varsovie\/\"]}]},{\"@type\":\"ImageObject\",\"inLanguage\":\"en-GB\",\"@id\":\"https:\/\/stagpartynight.com\/fr\/product\/limousine-a-varsovie\/#primaryimage\",\"url\":\"https:\/\/stagpartynight.com\/fr\/wp-content\/uploads\/sites\/3\/2020\/01\/limousine-601462_1280.jpg\",\"contentUrl\":\"https:\/\/stagpartynight.com\/fr\/wp-content\/uploads\/sites\/3\/2020\/01\/limousine-601462_1280.jpg\",\"width\":1280,\"height\":960},{\"@type\":\"BreadcrumbList\",\"@id\":\"https:\/\/stagpartynight.com\/fr\/product\/limousine-a-varsovie\/#breadcrumb\",\"itemListElement\":[{\"@type\":\"ListItem\",\"position\":1,\"name\":\"Home\",\"item\":\"https:\/\/stagpartynight.com\/fr\/\"},{\"@type\":\"ListItem\",\"position\":2,\"name\":\"Tienda\",\"item\":\"https:\/\/stagpartynight.com\/fr\/tienda\/\"},{\"@type\":\"ListItem\",\"position\":3,\"name\":\"Limousine \u00e0 Varsovie\"}]},{\"@type\":\"WebSite\",\"@id\":\"https:\/\/stagpartynight.com\/fr\/#website\",\"url\":\"https:\/\/stagpartynight.com\/fr\/\",\"name\":\"Stag Party Night\",\"description\":\"Your Stag Party Customized\",\"publisher\":{\"@id\":\"https:\/\/stagpartynight.com\/fr\/#organization\"},\"potentialAction\":[{\"@type\":\"SearchAction\",\"target\":{\"@type\":\"EntryPoint\",\"urlTemplate\":\"https:\/\/stagpartynight.com\/fr\/?s={search_term_string}\"},\"query-input\":{\"@type\":\"PropertyValueSpecification\",\"valueRequired\":true,\"valueName\":\"search_term_string\"}}],\"inLanguage\":\"en-GB\"},{\"@type\":\"Organization\",\"@id\":\"https:\/\/stagpartynight.com\/fr\/#organization\",\"name\":\"Stag Party Night\",\"url\":\"https:\/\/stagpartynight.com\/fr\/\",\"logo\":{\"@type\":\"ImageObject\",\"inLanguage\":\"en-GB\",\"@id\":\"https:\/\/stagpartynight.com\/fr\/#\/schema\/logo\/image\/\",\"url\":\"https:\/\/stagpartynight.com\/fr\/wp-content\/uploads\/sites\/3\/2019\/12\/stagpartynight-e1578565505687.png\",\"contentUrl\":\"https:\/\/stagpartynight.com\/fr\/wp-content\/uploads\/sites\/3\/2019\/12\/stagpartynight-e1578565505687.png\",\"width\":400,\"height\":400,\"caption\":\"Stag Party Night\"},\"image\":{\"@id\":\"https:\/\/stagpartynight.com\/fr\/#\/schema\/logo\/image\/\"}}]}<\/script>\n<!-- \/ Yoast SEO plugin. -->","yoast_head_json":{"title":"Limousine \u00e0 Varsovie - Location de limousine \u00e0 Varsovie - Warsaw Limos","description":"Limousine \u00e0 Varsovie - Profitez d'une visite d'une heure en limousine. D\u00e9couvrez Varsovie et ses lieux les plus embl\u00e9matiques. Comprend 1 bouteille de cava","robots":{"index":"index","follow":"follow","max-snippet":"max-snippet:-1","max-image-preview":"max-image-preview:large","max-video-preview":"max-video-preview:-1"},"canonical":"https:\/\/stagpartynight.com\/fr\/product\/limousine-a-varsovie\/","og_locale":"en_GB","og_type":"article","og_title":"Limousine \u00e0 Varsovie - Location de limousine \u00e0 Varsovie - Warsaw Limos","og_description":"Limousine \u00e0 Varsovie - Profitez d'une visite d'une heure en limousine. D\u00e9couvrez Varsovie et ses lieux les plus embl\u00e9matiques. Comprend 1 bouteille de cava","og_url":"https:\/\/stagpartynight.com\/fr\/product\/limousine-a-varsovie\/","og_site_name":"Nuit de f\u00eate de cerf","article_modified_time":"2021-02-05T16:04:56+00:00","og_image":[{"width":1280,"height":960,"url":"https:\/\/stagpartynight.com\/fr\/wp-content\/uploads\/sites\/3\/2020\/01\/limousine-601462_1280.jpg","type":"image\/jpeg"}],"twitter_card":"summary_large_image","schema":{"@context":"https:\/\/schema.org","@graph":[{"@type":"WebPage","@id":"https:\/\/stagpartynight.com\/fr\/product\/limousine-a-varsovie\/","url":"https:\/\/stagpartynight.com\/fr\/product\/limousine-a-varsovie\/","name":"Limousine \u00e0 Varsovie - Location de limousine \u00e0 Varsovie - Warsaw Limos","isPartOf":{"@id":"https:\/\/stagpartynight.com\/fr\/#website"},"primaryImageOfPage":{"@id":"https:\/\/stagpartynight.com\/fr\/product\/limousine-a-varsovie\/#primaryimage"},"image":{"@id":"https:\/\/stagpartynight.com\/fr\/product\/limousine-a-varsovie\/#primaryimage"},"thumbnailUrl":"https:\/\/stagpartynight.com\/fr\/wp-content\/uploads\/sites\/3\/2020\/01\/limousine-601462_1280.jpg","datePublished":"2021-02-05T16:01:53+00:00","dateModified":"2021-02-05T16:04:56+00:00","description":"Limousine \u00e0 Varsovie - Profitez d'une visite d'une heure en limousine. D\u00e9couvrez Varsovie et ses lieux les plus embl\u00e9matiques. Comprend 1 bouteille de cava","breadcrumb":{"@id":"https:\/\/stagpartynight.com\/fr\/product\/limousine-a-varsovie\/#breadcrumb"},"inLanguage":"en-GB","potentialAction":[{"@type":"ReadAction","target":["https:\/\/stagpartynight.com\/fr\/product\/limousine-a-varsovie\/"]}]},{"@type":"ImageObject","inLanguage":"en-GB","@id":"https:\/\/stagpartynight.com\/fr\/product\/limousine-a-varsovie\/#primaryimage","url":"https:\/\/stagpartynight.com\/fr\/wp-content\/uploads\/sites\/3\/2020\/01\/limousine-601462_1280.jpg","contentUrl":"https:\/\/stagpartynight.com\/fr\/wp-content\/uploads\/sites\/3\/2020\/01\/limousine-601462_1280.jpg","width":1280,"height":960},{"@type":"BreadcrumbList","@id":"https:\/\/stagpartynight.com\/fr\/product\/limousine-a-varsovie\/#breadcrumb","itemListElement":[{"@type":"ListItem","position":1,"name":"Home","item":"https:\/\/stagpartynight.com\/fr\/"},{"@type":"ListItem","position":2,"name":"Tienda","item":"https:\/\/stagpartynight.com\/fr\/tienda\/"},{"@type":"ListItem","position":3,"name":"Limousine \u00e0 Varsovie"}]},{"@type":"WebSite","@id":"https:\/\/stagpartynight.com\/fr\/#website","url":"https:\/\/stagpartynight.com\/fr\/","name":"Stag Party Night","description":"Your Stag Party Customized","publisher":{"@id":"https:\/\/stagpartynight.com\/fr\/#organization"},"potentialAction":[{"@type":"SearchAction","target":{"@type":"EntryPoint","urlTemplate":"https:\/\/stagpartynight.com\/fr\/?s={search_term_string}"},"query-input":{"@type":"PropertyValueSpecification","valueRequired":true,"valueName":"search_term_string"}}],"inLanguage":"en-GB"},{"@type":"Organization","@id":"https:\/\/stagpartynight.com\/fr\/#organization","name":"Stag Party Night","url":"https:\/\/stagpartynight.com\/fr\/","logo":{"@type":"ImageObject","inLanguage":"en-GB","@id":"https:\/\/stagpartynight.com\/fr\/#\/schema\/logo\/image\/","url":"https:\/\/stagpartynight.com\/fr\/wp-content\/uploads\/sites\/3\/2019\/12\/stagpartynight-e1578565505687.png","contentUrl":"https:\/\/stagpartynight.com\/fr\/wp-content\/uploads\/sites\/3\/2019\/12\/stagpartynight-e1578565505687.png","width":400,"height":400,"caption":"Stag Party Night"},"image":{"@id":"https:\/\/stagpartynight.com\/fr\/#\/schema\/logo\/image\/"}}]}},"_links":{"self":[{"href":"https:\/\/stagpartynight.com\/fr\/wp-json\/wp\/v2\/product\/2057","targetHints":{"allow":["GET"]}}],"collection":[{"href":"https:\/\/stagpartynight.com\/fr\/wp-json\/wp\/v2\/product"}],"about":[{"href":"https:\/\/stagpartynight.com\/fr\/wp-json\/wp\/v2\/types\/product"}],"replies":[{"embeddable":true,"href":"https:\/\/stagpartynight.com\/fr\/wp-json\/wp\/v2\/comments?post=2057"}],"wp:featuredmedia":[{"embeddable":true,"href":"https:\/\/stagpartynight.com\/fr\/wp-json\/wp\/v2\/media\/150"}],"wp:attachment":[{"href":"https:\/\/stagpartynight.com\/fr\/wp-json\/wp\/v2\/media?parent=2057"}],"wp:term":[{"taxonomy":"product_brand","embeddable":true,"href":"https:\/\/stagpartynight.com\/fr\/wp-json\/wp\/v2\/product_brand?post=2057"},{"taxonomy":"product_cat","embeddable":true,"href":"https:\/\/stagpartynight.com\/fr\/wp-json\/wp\/v2\/product_cat?post=2057"},{"taxonomy":"product_tag","embeddable":true,"href":"https:\/\/stagpartynight.com\/fr\/wp-json\/wp\/v2\/product_tag?post=2057"}],"curies":[{"name":"wp","href":"https:\/\/api.w.org\/{rel}","templated":true}]}}