{"id":213,"date":"2020-01-08T12:32:58","date_gmt":"2020-01-08T11:32:58","guid":{"rendered":"https:\/\/stagpartynight.com\/fr\/?post_type=product&#038;p=213"},"modified":"2021-02-03T16:18:34","modified_gmt":"2021-02-03T15:18:34","slug":"partybus-barcelona","status":"publish","type":"product","link":"https:\/\/stagpartynight.com\/fr\/product\/partybus-barcelona\/","title":{"rendered":"Partybus Barcelona"},"content":{"rendered":"<p>Tour dans un bus de discoth\u00e8que d&#8217;une capacit\u00e9 de 55 personnes. 1 bouteille de cava toutes les 8 personnes. Prise en charge et destination de votre choix. Possibilit\u00e9 d&#8217;extras comme des animateurs, des strip-teaseuses et des boissons sp\u00e9ciales. Dur\u00e9e d&#8217;une heure<\/p>\n","protected":false},"excerpt":{"rendered":"<p>Tour dans un bus de discoth\u00e8que d&#8217;une capacit\u00e9 de 55 personnes. 1 bouteille de cava toutes les 8 personnes. Prise en charge et destination de votre choix. Possibilit\u00e9 d&#8217;extras comme des animateurs, des strip-teaseuses et des boissons sp\u00e9ciales. Dur\u00e9e d&#8217;une heure<\/p>\n","protected":false},"featured_media":1873,"comment_status":"open","ping_status":"closed","template":"","meta":{"_et_pb_use_builder":"","_et_pb_old_content":"","_et_gb_content_width":""},"product_brand":[],"product_cat":[68],"product_tag":[83],"class_list":{"0":"post-213","1":"product","2":"type-product","3":"status-publish","4":"has-post-thumbnail","6":"product_cat-barcelona","7":"product_tag-partybus-barcelona","9":"first","10":"instock","11":"virtual","12":"product-type-simple"},"yoast_head":"<!-- This site is optimized with the Yoast SEO plugin v26.4 - https:\/\/yoast.com\/wordpress\/plugins\/seo\/ -->\n<title>Partybus Barcelona -Partybus \u00e0 Barcelone - Limobus Barcelone<\/title>\n<meta name=\"description\" content=\"Partybus Barcelona - Tour dans un bus de discoth\u00e8que d&#039;une capacit\u00e9 de 55 personnes. 1 bouteille de cava toutes les 8 personnes. Prise en charge et destination de votre choix. Possibilit\u00e9 d&#039;extras comme des animateurs, des strip-teaseuses et des boissons sp\u00e9ciales. Dur\u00e9e d&#039;une heure\" \/>\n<meta name=\"robots\" content=\"index, follow, max-snippet:-1, max-image-preview:large, max-video-preview:-1\" \/>\n<link rel=\"canonical\" href=\"https:\/\/stagpartynight.com\/fr\/product\/partybus-barcelona\/\" \/>\n<meta property=\"og:locale\" content=\"en_GB\" \/>\n<meta property=\"og:type\" content=\"article\" \/>\n<meta property=\"og:title\" content=\"Partybus Barcelona -Partybus \u00e0 Barcelone - Limobus Barcelone\" \/>\n<meta property=\"og:description\" content=\"Partybus Barcelona - Tour dans un bus de discoth\u00e8que d&#039;une capacit\u00e9 de 55 personnes. 1 bouteille de cava toutes les 8 personnes. Prise en charge et destination de votre choix. Possibilit\u00e9 d&#039;extras comme des animateurs, des strip-teaseuses et des boissons sp\u00e9ciales. Dur\u00e9e d&#039;une heure\" \/>\n<meta property=\"og:url\" content=\"https:\/\/stagpartynight.com\/fr\/product\/partybus-barcelona\/\" \/>\n<meta property=\"og:site_name\" content=\"Nuit de f\u00eate de cerf\" \/>\n<meta property=\"article:modified_time\" content=\"2021-02-03T15:18:34+00:00\" \/>\n<meta property=\"og:image\" content=\"https:\/\/stagpartynight.com\/fr\/wp-content\/uploads\/sites\/3\/2020\/01\/Partybus-1.jpeg\" \/>\n\t<meta property=\"og:image:width\" content=\"576\" \/>\n\t<meta property=\"og:image:height\" content=\"1024\" \/>\n\t<meta property=\"og:image:type\" content=\"image\/jpeg\" \/>\n<meta name=\"twitter:card\" content=\"summary_large_image\" \/>\n<script type=\"application\/ld+json\" class=\"yoast-schema-graph\">{\"@context\":\"https:\/\/schema.org\",\"@graph\":[{\"@type\":\"WebPage\",\"@id\":\"https:\/\/stagpartynight.com\/fr\/product\/partybus-barcelona\/\",\"url\":\"https:\/\/stagpartynight.com\/fr\/product\/partybus-barcelona\/\",\"name\":\"Partybus Barcelona -Partybus \u00e0 Barcelone - Limobus Barcelone\",\"isPartOf\":{\"@id\":\"https:\/\/stagpartynight.com\/fr\/#website\"},\"primaryImageOfPage\":{\"@id\":\"https:\/\/stagpartynight.com\/fr\/product\/partybus-barcelona\/#primaryimage\"},\"image\":{\"@id\":\"https:\/\/stagpartynight.com\/fr\/product\/partybus-barcelona\/#primaryimage\"},\"thumbnailUrl\":\"https:\/\/stagpartynight.com\/fr\/wp-content\/uploads\/sites\/3\/2020\/01\/Partybus-1.jpeg\",\"datePublished\":\"2020-01-08T11:32:58+00:00\",\"dateModified\":\"2021-02-03T15:18:34+00:00\",\"description\":\"Partybus Barcelona - Tour dans un bus de discoth\u00e8que d'une capacit\u00e9 de 55 personnes. 1 bouteille de cava toutes les 8 personnes. Prise en charge et destination de votre choix. Possibilit\u00e9 d'extras comme des animateurs, des strip-teaseuses et des boissons sp\u00e9ciales. Dur\u00e9e d'une heure\",\"breadcrumb\":{\"@id\":\"https:\/\/stagpartynight.com\/fr\/product\/partybus-barcelona\/#breadcrumb\"},\"inLanguage\":\"en-GB\",\"potentialAction\":[{\"@type\":\"ReadAction\",\"target\":[\"https:\/\/stagpartynight.com\/fr\/product\/partybus-barcelona\/\"]}]},{\"@type\":\"ImageObject\",\"inLanguage\":\"en-GB\",\"@id\":\"https:\/\/stagpartynight.com\/fr\/product\/partybus-barcelona\/#primaryimage\",\"url\":\"https:\/\/stagpartynight.com\/fr\/wp-content\/uploads\/sites\/3\/2020\/01\/Partybus-1.jpeg\",\"contentUrl\":\"https:\/\/stagpartynight.com\/fr\/wp-content\/uploads\/sites\/3\/2020\/01\/Partybus-1.jpeg\",\"width\":576,\"height\":1024},{\"@type\":\"BreadcrumbList\",\"@id\":\"https:\/\/stagpartynight.com\/fr\/product\/partybus-barcelona\/#breadcrumb\",\"itemListElement\":[{\"@type\":\"ListItem\",\"position\":1,\"name\":\"Home\",\"item\":\"https:\/\/stagpartynight.com\/fr\/\"},{\"@type\":\"ListItem\",\"position\":2,\"name\":\"Tienda\",\"item\":\"https:\/\/stagpartynight.com\/fr\/tienda\/\"},{\"@type\":\"ListItem\",\"position\":3,\"name\":\"Partybus Barcelona\"}]},{\"@type\":\"WebSite\",\"@id\":\"https:\/\/stagpartynight.com\/fr\/#website\",\"url\":\"https:\/\/stagpartynight.com\/fr\/\",\"name\":\"Stag Party Night\",\"description\":\"Your Stag Party Customized\",\"publisher\":{\"@id\":\"https:\/\/stagpartynight.com\/fr\/#organization\"},\"potentialAction\":[{\"@type\":\"SearchAction\",\"target\":{\"@type\":\"EntryPoint\",\"urlTemplate\":\"https:\/\/stagpartynight.com\/fr\/?s={search_term_string}\"},\"query-input\":{\"@type\":\"PropertyValueSpecification\",\"valueRequired\":true,\"valueName\":\"search_term_string\"}}],\"inLanguage\":\"en-GB\"},{\"@type\":\"Organization\",\"@id\":\"https:\/\/stagpartynight.com\/fr\/#organization\",\"name\":\"Stag Party Night\",\"url\":\"https:\/\/stagpartynight.com\/fr\/\",\"logo\":{\"@type\":\"ImageObject\",\"inLanguage\":\"en-GB\",\"@id\":\"https:\/\/stagpartynight.com\/fr\/#\/schema\/logo\/image\/\",\"url\":\"https:\/\/stagpartynight.com\/fr\/wp-content\/uploads\/sites\/3\/2019\/12\/stagpartynight-e1578565505687.png\",\"contentUrl\":\"https:\/\/stagpartynight.com\/fr\/wp-content\/uploads\/sites\/3\/2019\/12\/stagpartynight-e1578565505687.png\",\"width\":400,\"height\":400,\"caption\":\"Stag Party Night\"},\"image\":{\"@id\":\"https:\/\/stagpartynight.com\/fr\/#\/schema\/logo\/image\/\"}}]}<\/script>\n<!-- \/ Yoast SEO plugin. -->","yoast_head_json":{"title":"Partybus Barcelona -Partybus \u00e0 Barcelone - Limobus Barcelone","description":"Partybus Barcelona - Tour dans un bus de discoth\u00e8que d'une capacit\u00e9 de 55 personnes. 1 bouteille de cava toutes les 8 personnes. Prise en charge et destination de votre choix. Possibilit\u00e9 d'extras comme des animateurs, des strip-teaseuses et des boissons sp\u00e9ciales. Dur\u00e9e d'une heure","robots":{"index":"index","follow":"follow","max-snippet":"max-snippet:-1","max-image-preview":"max-image-preview:large","max-video-preview":"max-video-preview:-1"},"canonical":"https:\/\/stagpartynight.com\/fr\/product\/partybus-barcelona\/","og_locale":"en_GB","og_type":"article","og_title":"Partybus Barcelona -Partybus \u00e0 Barcelone - Limobus Barcelone","og_description":"Partybus Barcelona - Tour dans un bus de discoth\u00e8que d'une capacit\u00e9 de 55 personnes. 1 bouteille de cava toutes les 8 personnes. Prise en charge et destination de votre choix. Possibilit\u00e9 d'extras comme des animateurs, des strip-teaseuses et des boissons sp\u00e9ciales. Dur\u00e9e d'une heure","og_url":"https:\/\/stagpartynight.com\/fr\/product\/partybus-barcelona\/","og_site_name":"Nuit de f\u00eate de cerf","article_modified_time":"2021-02-03T15:18:34+00:00","og_image":[{"width":576,"height":1024,"url":"https:\/\/stagpartynight.com\/fr\/wp-content\/uploads\/sites\/3\/2020\/01\/Partybus-1.jpeg","type":"image\/jpeg"}],"twitter_card":"summary_large_image","schema":{"@context":"https:\/\/schema.org","@graph":[{"@type":"WebPage","@id":"https:\/\/stagpartynight.com\/fr\/product\/partybus-barcelona\/","url":"https:\/\/stagpartynight.com\/fr\/product\/partybus-barcelona\/","name":"Partybus Barcelona -Partybus \u00e0 Barcelone - Limobus Barcelone","isPartOf":{"@id":"https:\/\/stagpartynight.com\/fr\/#website"},"primaryImageOfPage":{"@id":"https:\/\/stagpartynight.com\/fr\/product\/partybus-barcelona\/#primaryimage"},"image":{"@id":"https:\/\/stagpartynight.com\/fr\/product\/partybus-barcelona\/#primaryimage"},"thumbnailUrl":"https:\/\/stagpartynight.com\/fr\/wp-content\/uploads\/sites\/3\/2020\/01\/Partybus-1.jpeg","datePublished":"2020-01-08T11:32:58+00:00","dateModified":"2021-02-03T15:18:34+00:00","description":"Partybus Barcelona - Tour dans un bus de discoth\u00e8que d'une capacit\u00e9 de 55 personnes. 1 bouteille de cava toutes les 8 personnes. Prise en charge et destination de votre choix. Possibilit\u00e9 d'extras comme des animateurs, des strip-teaseuses et des boissons sp\u00e9ciales. Dur\u00e9e d'une heure","breadcrumb":{"@id":"https:\/\/stagpartynight.com\/fr\/product\/partybus-barcelona\/#breadcrumb"},"inLanguage":"en-GB","potentialAction":[{"@type":"ReadAction","target":["https:\/\/stagpartynight.com\/fr\/product\/partybus-barcelona\/"]}]},{"@type":"ImageObject","inLanguage":"en-GB","@id":"https:\/\/stagpartynight.com\/fr\/product\/partybus-barcelona\/#primaryimage","url":"https:\/\/stagpartynight.com\/fr\/wp-content\/uploads\/sites\/3\/2020\/01\/Partybus-1.jpeg","contentUrl":"https:\/\/stagpartynight.com\/fr\/wp-content\/uploads\/sites\/3\/2020\/01\/Partybus-1.jpeg","width":576,"height":1024},{"@type":"BreadcrumbList","@id":"https:\/\/stagpartynight.com\/fr\/product\/partybus-barcelona\/#breadcrumb","itemListElement":[{"@type":"ListItem","position":1,"name":"Home","item":"https:\/\/stagpartynight.com\/fr\/"},{"@type":"ListItem","position":2,"name":"Tienda","item":"https:\/\/stagpartynight.com\/fr\/tienda\/"},{"@type":"ListItem","position":3,"name":"Partybus Barcelona"}]},{"@type":"WebSite","@id":"https:\/\/stagpartynight.com\/fr\/#website","url":"https:\/\/stagpartynight.com\/fr\/","name":"Stag Party Night","description":"Your Stag Party Customized","publisher":{"@id":"https:\/\/stagpartynight.com\/fr\/#organization"},"potentialAction":[{"@type":"SearchAction","target":{"@type":"EntryPoint","urlTemplate":"https:\/\/stagpartynight.com\/fr\/?s={search_term_string}"},"query-input":{"@type":"PropertyValueSpecification","valueRequired":true,"valueName":"search_term_string"}}],"inLanguage":"en-GB"},{"@type":"Organization","@id":"https:\/\/stagpartynight.com\/fr\/#organization","name":"Stag Party Night","url":"https:\/\/stagpartynight.com\/fr\/","logo":{"@type":"ImageObject","inLanguage":"en-GB","@id":"https:\/\/stagpartynight.com\/fr\/#\/schema\/logo\/image\/","url":"https:\/\/stagpartynight.com\/fr\/wp-content\/uploads\/sites\/3\/2019\/12\/stagpartynight-e1578565505687.png","contentUrl":"https:\/\/stagpartynight.com\/fr\/wp-content\/uploads\/sites\/3\/2019\/12\/stagpartynight-e1578565505687.png","width":400,"height":400,"caption":"Stag Party Night"},"image":{"@id":"https:\/\/stagpartynight.com\/fr\/#\/schema\/logo\/image\/"}}]}},"_links":{"self":[{"href":"https:\/\/stagpartynight.com\/fr\/wp-json\/wp\/v2\/product\/213","targetHints":{"allow":["GET"]}}],"collection":[{"href":"https:\/\/stagpartynight.com\/fr\/wp-json\/wp\/v2\/product"}],"about":[{"href":"https:\/\/stagpartynight.com\/fr\/wp-json\/wp\/v2\/types\/product"}],"replies":[{"embeddable":true,"href":"https:\/\/stagpartynight.com\/fr\/wp-json\/wp\/v2\/comments?post=213"}],"wp:featuredmedia":[{"embeddable":true,"href":"https:\/\/stagpartynight.com\/fr\/wp-json\/wp\/v2\/media\/1873"}],"wp:attachment":[{"href":"https:\/\/stagpartynight.com\/fr\/wp-json\/wp\/v2\/media?parent=213"}],"wp:term":[{"taxonomy":"product_brand","embeddable":true,"href":"https:\/\/stagpartynight.com\/fr\/wp-json\/wp\/v2\/product_brand?post=213"},{"taxonomy":"product_cat","embeddable":true,"href":"https:\/\/stagpartynight.com\/fr\/wp-json\/wp\/v2\/product_cat?post=213"},{"taxonomy":"product_tag","embeddable":true,"href":"https:\/\/stagpartynight.com\/fr\/wp-json\/wp\/v2\/product_tag?post=213"}],"curies":[{"name":"wp","href":"https:\/\/api.w.org\/{rel}","templated":true}]}}