{"id":214,"date":"2020-01-08T12:35:16","date_gmt":"2020-01-08T11:35:16","guid":{"rendered":"https:\/\/stagpartynight.com\/fr\/?post_type=product&#038;p=214"},"modified":"2021-02-03T16:07:26","modified_gmt":"2021-02-03T15:07:26","slug":"wine-tast-barcelona","status":"publish","type":"product","link":"https:\/\/stagpartynight.com\/fr\/product\/wine-tast-barcelona\/","title":{"rendered":"Tour de la bi\u00e8re \u00e0 Barcelone"},"content":{"rendered":"<p>Les vins espagnols sont connus dans le monde entier. D\u00e9couvrez leurs origines et leurs saveurs, leurs odeurs et leur aspect. Un expert en vins vous expliquera l&#8217;histoire et vous apprendra \u00e0 voir et \u00e0 comprendre la tradition acquise gr\u00e2ce \u00e0 ces vins. Go\u00fbtez et profitez d&#8217;une bonne journ\u00e9e.<\/p>\n","protected":false},"excerpt":{"rendered":"<p>Les vins espagnols sont connus dans le monde entier. D\u00e9couvrez leurs origines et leurs saveurs, leurs odeurs et leur aspect. Un expert en vins vous expliquera l&#8217;histoire et vous apprendra \u00e0 voir et \u00e0 comprendre la tradition acquise gr\u00e2ce \u00e0 ces vins. Go\u00fbtez et profitez d&#8217;une bonne journ\u00e9e.<\/p>\n","protected":false},"featured_media":215,"comment_status":"open","ping_status":"closed","template":"","meta":{"_et_pb_use_builder":"","_et_pb_old_content":"","_et_gb_content_width":""},"product_brand":[],"product_cat":[68],"product_tag":[388,387,84],"class_list":{"0":"post-214","1":"product","2":"type-product","3":"status-publish","4":"has-post-thumbnail","6":"product_cat-barcelona","7":"product_tag-circuit-du-vin-a-barcelone","8":"product_tag-tour-de-la-biere-a-barcelone","9":"product_tag-wine-tast-barcelona","11":"first","12":"instock","13":"virtual","14":"product-type-simple"},"yoast_head":"<!-- This site is optimized with the Yoast SEO plugin v26.4 - https:\/\/yoast.com\/wordpress\/plugins\/seo\/ -->\n<title>Tour de la bi\u00e8re \u00e0 Barcelone - Tour de la bi\u00e8re \u00e0 Barcelone - Circuit du vin<\/title>\n<meta name=\"description\" content=\"Tour de la bi\u00e8re \u00e0 Barcelone - Les vins espagnols sont connus dans le monde entier. D\u00e9couvrez leurs origines et leurs saveurs, leurs odeurs et leur aspect. Un expert en vins vous expliquera l&#039;histoire et vous apprendra \u00e0 voir et \u00e0 comprendre la tradition acquise gr\u00e2ce \u00e0 ces vins. Go\u00fbtez et profitez d&#039;une bonne journ\u00e9e.\" \/>\n<meta name=\"robots\" content=\"index, follow, max-snippet:-1, max-image-preview:large, max-video-preview:-1\" \/>\n<link rel=\"canonical\" href=\"https:\/\/stagpartynight.com\/fr\/product\/wine-tast-barcelona\/\" \/>\n<meta property=\"og:locale\" content=\"en_GB\" \/>\n<meta property=\"og:type\" content=\"article\" \/>\n<meta property=\"og:title\" content=\"Tour de la bi\u00e8re \u00e0 Barcelone - Tour de la bi\u00e8re \u00e0 Barcelone - Circuit du vin\" \/>\n<meta property=\"og:description\" content=\"Tour de la bi\u00e8re \u00e0 Barcelone - Les vins espagnols sont connus dans le monde entier. D\u00e9couvrez leurs origines et leurs saveurs, leurs odeurs et leur aspect. Un expert en vins vous expliquera l&#039;histoire et vous apprendra \u00e0 voir et \u00e0 comprendre la tradition acquise gr\u00e2ce \u00e0 ces vins. Go\u00fbtez et profitez d&#039;une bonne journ\u00e9e.\" \/>\n<meta property=\"og:url\" content=\"https:\/\/stagpartynight.com\/fr\/product\/wine-tast-barcelona\/\" \/>\n<meta property=\"og:site_name\" content=\"Nuit de f\u00eate de cerf\" \/>\n<meta property=\"article:modified_time\" content=\"2021-02-03T15:07:26+00:00\" \/>\n<meta property=\"og:image\" content=\"https:\/\/stagpartynight.com\/fr\/wp-content\/uploads\/sites\/3\/2020\/01\/Wine-Tast-Barcelona.jpg\" \/>\n\t<meta property=\"og:image:width\" content=\"1200\" \/>\n\t<meta property=\"og:image:height\" content=\"798\" \/>\n\t<meta property=\"og:image:type\" content=\"image\/jpeg\" \/>\n<meta name=\"twitter:card\" content=\"summary_large_image\" \/>\n<script type=\"application\/ld+json\" class=\"yoast-schema-graph\">{\"@context\":\"https:\/\/schema.org\",\"@graph\":[{\"@type\":\"WebPage\",\"@id\":\"https:\/\/stagpartynight.com\/fr\/product\/wine-tast-barcelona\/\",\"url\":\"https:\/\/stagpartynight.com\/fr\/product\/wine-tast-barcelona\/\",\"name\":\"Tour de la bi\u00e8re \u00e0 Barcelone - Tour de la bi\u00e8re \u00e0 Barcelone - Circuit du vin\",\"isPartOf\":{\"@id\":\"https:\/\/stagpartynight.com\/fr\/#website\"},\"primaryImageOfPage\":{\"@id\":\"https:\/\/stagpartynight.com\/fr\/product\/wine-tast-barcelona\/#primaryimage\"},\"image\":{\"@id\":\"https:\/\/stagpartynight.com\/fr\/product\/wine-tast-barcelona\/#primaryimage\"},\"thumbnailUrl\":\"https:\/\/stagpartynight.com\/fr\/wp-content\/uploads\/sites\/3\/2020\/01\/Wine-Tast-Barcelona.jpg\",\"datePublished\":\"2020-01-08T11:35:16+00:00\",\"dateModified\":\"2021-02-03T15:07:26+00:00\",\"description\":\"Tour de la bi\u00e8re \u00e0 Barcelone - Les vins espagnols sont connus dans le monde entier. D\u00e9couvrez leurs origines et leurs saveurs, leurs odeurs et leur aspect. Un expert en vins vous expliquera l'histoire et vous apprendra \u00e0 voir et \u00e0 comprendre la tradition acquise gr\u00e2ce \u00e0 ces vins. Go\u00fbtez et profitez d'une bonne journ\u00e9e.\",\"breadcrumb\":{\"@id\":\"https:\/\/stagpartynight.com\/fr\/product\/wine-tast-barcelona\/#breadcrumb\"},\"inLanguage\":\"en-GB\",\"potentialAction\":[{\"@type\":\"ReadAction\",\"target\":[\"https:\/\/stagpartynight.com\/fr\/product\/wine-tast-barcelona\/\"]}]},{\"@type\":\"ImageObject\",\"inLanguage\":\"en-GB\",\"@id\":\"https:\/\/stagpartynight.com\/fr\/product\/wine-tast-barcelona\/#primaryimage\",\"url\":\"https:\/\/stagpartynight.com\/fr\/wp-content\/uploads\/sites\/3\/2020\/01\/Wine-Tast-Barcelona.jpg\",\"contentUrl\":\"https:\/\/stagpartynight.com\/fr\/wp-content\/uploads\/sites\/3\/2020\/01\/Wine-Tast-Barcelona.jpg\",\"width\":1200,\"height\":798},{\"@type\":\"BreadcrumbList\",\"@id\":\"https:\/\/stagpartynight.com\/fr\/product\/wine-tast-barcelona\/#breadcrumb\",\"itemListElement\":[{\"@type\":\"ListItem\",\"position\":1,\"name\":\"Home\",\"item\":\"https:\/\/stagpartynight.com\/fr\/\"},{\"@type\":\"ListItem\",\"position\":2,\"name\":\"Tienda\",\"item\":\"https:\/\/stagpartynight.com\/fr\/tienda\/\"},{\"@type\":\"ListItem\",\"position\":3,\"name\":\"Tour de la bi\u00e8re \u00e0 Barcelone\"}]},{\"@type\":\"WebSite\",\"@id\":\"https:\/\/stagpartynight.com\/fr\/#website\",\"url\":\"https:\/\/stagpartynight.com\/fr\/\",\"name\":\"Stag Party Night\",\"description\":\"Your Stag Party Customized\",\"publisher\":{\"@id\":\"https:\/\/stagpartynight.com\/fr\/#organization\"},\"potentialAction\":[{\"@type\":\"SearchAction\",\"target\":{\"@type\":\"EntryPoint\",\"urlTemplate\":\"https:\/\/stagpartynight.com\/fr\/?s={search_term_string}\"},\"query-input\":{\"@type\":\"PropertyValueSpecification\",\"valueRequired\":true,\"valueName\":\"search_term_string\"}}],\"inLanguage\":\"en-GB\"},{\"@type\":\"Organization\",\"@id\":\"https:\/\/stagpartynight.com\/fr\/#organization\",\"name\":\"Stag Party Night\",\"url\":\"https:\/\/stagpartynight.com\/fr\/\",\"logo\":{\"@type\":\"ImageObject\",\"inLanguage\":\"en-GB\",\"@id\":\"https:\/\/stagpartynight.com\/fr\/#\/schema\/logo\/image\/\",\"url\":\"https:\/\/stagpartynight.com\/fr\/wp-content\/uploads\/sites\/3\/2019\/12\/stagpartynight-e1578565505687.png\",\"contentUrl\":\"https:\/\/stagpartynight.com\/fr\/wp-content\/uploads\/sites\/3\/2019\/12\/stagpartynight-e1578565505687.png\",\"width\":400,\"height\":400,\"caption\":\"Stag Party Night\"},\"image\":{\"@id\":\"https:\/\/stagpartynight.com\/fr\/#\/schema\/logo\/image\/\"}}]}<\/script>\n<!-- \/ Yoast SEO plugin. -->","yoast_head_json":{"title":"Tour de la bi\u00e8re \u00e0 Barcelone - Tour de la bi\u00e8re \u00e0 Barcelone - Circuit du vin","description":"Tour de la bi\u00e8re \u00e0 Barcelone - Les vins espagnols sont connus dans le monde entier. D\u00e9couvrez leurs origines et leurs saveurs, leurs odeurs et leur aspect. Un expert en vins vous expliquera l'histoire et vous apprendra \u00e0 voir et \u00e0 comprendre la tradition acquise gr\u00e2ce \u00e0 ces vins. Go\u00fbtez et profitez d'une bonne journ\u00e9e.","robots":{"index":"index","follow":"follow","max-snippet":"max-snippet:-1","max-image-preview":"max-image-preview:large","max-video-preview":"max-video-preview:-1"},"canonical":"https:\/\/stagpartynight.com\/fr\/product\/wine-tast-barcelona\/","og_locale":"en_GB","og_type":"article","og_title":"Tour de la bi\u00e8re \u00e0 Barcelone - Tour de la bi\u00e8re \u00e0 Barcelone - Circuit du vin","og_description":"Tour de la bi\u00e8re \u00e0 Barcelone - Les vins espagnols sont connus dans le monde entier. D\u00e9couvrez leurs origines et leurs saveurs, leurs odeurs et leur aspect. Un expert en vins vous expliquera l'histoire et vous apprendra \u00e0 voir et \u00e0 comprendre la tradition acquise gr\u00e2ce \u00e0 ces vins. Go\u00fbtez et profitez d'une bonne journ\u00e9e.","og_url":"https:\/\/stagpartynight.com\/fr\/product\/wine-tast-barcelona\/","og_site_name":"Nuit de f\u00eate de cerf","article_modified_time":"2021-02-03T15:07:26+00:00","og_image":[{"width":1200,"height":798,"url":"https:\/\/stagpartynight.com\/fr\/wp-content\/uploads\/sites\/3\/2020\/01\/Wine-Tast-Barcelona.jpg","type":"image\/jpeg"}],"twitter_card":"summary_large_image","schema":{"@context":"https:\/\/schema.org","@graph":[{"@type":"WebPage","@id":"https:\/\/stagpartynight.com\/fr\/product\/wine-tast-barcelona\/","url":"https:\/\/stagpartynight.com\/fr\/product\/wine-tast-barcelona\/","name":"Tour de la bi\u00e8re \u00e0 Barcelone - Tour de la bi\u00e8re \u00e0 Barcelone - Circuit du vin","isPartOf":{"@id":"https:\/\/stagpartynight.com\/fr\/#website"},"primaryImageOfPage":{"@id":"https:\/\/stagpartynight.com\/fr\/product\/wine-tast-barcelona\/#primaryimage"},"image":{"@id":"https:\/\/stagpartynight.com\/fr\/product\/wine-tast-barcelona\/#primaryimage"},"thumbnailUrl":"https:\/\/stagpartynight.com\/fr\/wp-content\/uploads\/sites\/3\/2020\/01\/Wine-Tast-Barcelona.jpg","datePublished":"2020-01-08T11:35:16+00:00","dateModified":"2021-02-03T15:07:26+00:00","description":"Tour de la bi\u00e8re \u00e0 Barcelone - Les vins espagnols sont connus dans le monde entier. D\u00e9couvrez leurs origines et leurs saveurs, leurs odeurs et leur aspect. Un expert en vins vous expliquera l'histoire et vous apprendra \u00e0 voir et \u00e0 comprendre la tradition acquise gr\u00e2ce \u00e0 ces vins. Go\u00fbtez et profitez d'une bonne journ\u00e9e.","breadcrumb":{"@id":"https:\/\/stagpartynight.com\/fr\/product\/wine-tast-barcelona\/#breadcrumb"},"inLanguage":"en-GB","potentialAction":[{"@type":"ReadAction","target":["https:\/\/stagpartynight.com\/fr\/product\/wine-tast-barcelona\/"]}]},{"@type":"ImageObject","inLanguage":"en-GB","@id":"https:\/\/stagpartynight.com\/fr\/product\/wine-tast-barcelona\/#primaryimage","url":"https:\/\/stagpartynight.com\/fr\/wp-content\/uploads\/sites\/3\/2020\/01\/Wine-Tast-Barcelona.jpg","contentUrl":"https:\/\/stagpartynight.com\/fr\/wp-content\/uploads\/sites\/3\/2020\/01\/Wine-Tast-Barcelona.jpg","width":1200,"height":798},{"@type":"BreadcrumbList","@id":"https:\/\/stagpartynight.com\/fr\/product\/wine-tast-barcelona\/#breadcrumb","itemListElement":[{"@type":"ListItem","position":1,"name":"Home","item":"https:\/\/stagpartynight.com\/fr\/"},{"@type":"ListItem","position":2,"name":"Tienda","item":"https:\/\/stagpartynight.com\/fr\/tienda\/"},{"@type":"ListItem","position":3,"name":"Tour de la bi\u00e8re \u00e0 Barcelone"}]},{"@type":"WebSite","@id":"https:\/\/stagpartynight.com\/fr\/#website","url":"https:\/\/stagpartynight.com\/fr\/","name":"Stag Party Night","description":"Your Stag Party Customized","publisher":{"@id":"https:\/\/stagpartynight.com\/fr\/#organization"},"potentialAction":[{"@type":"SearchAction","target":{"@type":"EntryPoint","urlTemplate":"https:\/\/stagpartynight.com\/fr\/?s={search_term_string}"},"query-input":{"@type":"PropertyValueSpecification","valueRequired":true,"valueName":"search_term_string"}}],"inLanguage":"en-GB"},{"@type":"Organization","@id":"https:\/\/stagpartynight.com\/fr\/#organization","name":"Stag Party Night","url":"https:\/\/stagpartynight.com\/fr\/","logo":{"@type":"ImageObject","inLanguage":"en-GB","@id":"https:\/\/stagpartynight.com\/fr\/#\/schema\/logo\/image\/","url":"https:\/\/stagpartynight.com\/fr\/wp-content\/uploads\/sites\/3\/2019\/12\/stagpartynight-e1578565505687.png","contentUrl":"https:\/\/stagpartynight.com\/fr\/wp-content\/uploads\/sites\/3\/2019\/12\/stagpartynight-e1578565505687.png","width":400,"height":400,"caption":"Stag Party Night"},"image":{"@id":"https:\/\/stagpartynight.com\/fr\/#\/schema\/logo\/image\/"}}]}},"_links":{"self":[{"href":"https:\/\/stagpartynight.com\/fr\/wp-json\/wp\/v2\/product\/214","targetHints":{"allow":["GET"]}}],"collection":[{"href":"https:\/\/stagpartynight.com\/fr\/wp-json\/wp\/v2\/product"}],"about":[{"href":"https:\/\/stagpartynight.com\/fr\/wp-json\/wp\/v2\/types\/product"}],"replies":[{"embeddable":true,"href":"https:\/\/stagpartynight.com\/fr\/wp-json\/wp\/v2\/comments?post=214"}],"wp:featuredmedia":[{"embeddable":true,"href":"https:\/\/stagpartynight.com\/fr\/wp-json\/wp\/v2\/media\/215"}],"wp:attachment":[{"href":"https:\/\/stagpartynight.com\/fr\/wp-json\/wp\/v2\/media?parent=214"}],"wp:term":[{"taxonomy":"product_brand","embeddable":true,"href":"https:\/\/stagpartynight.com\/fr\/wp-json\/wp\/v2\/product_brand?post=214"},{"taxonomy":"product_cat","embeddable":true,"href":"https:\/\/stagpartynight.com\/fr\/wp-json\/wp\/v2\/product_cat?post=214"},{"taxonomy":"product_tag","embeddable":true,"href":"https:\/\/stagpartynight.com\/fr\/wp-json\/wp\/v2\/product_tag?post=214"}],"curies":[{"name":"wp","href":"https:\/\/api.w.org\/{rel}","templated":true}]}}