{"id":216,"date":"2020-01-08T12:36:55","date_gmt":"2020-01-08T11:36:55","guid":{"rendered":"https:\/\/stagpartynight.com\/fr\/?post_type=product&#038;p=216"},"modified":"2021-02-03T16:03:24","modified_gmt":"2021-02-03T15:03:24","slug":"ber-tasting-barcelona","status":"publish","type":"product","link":"https:\/\/stagpartynight.com\/fr\/product\/ber-tasting-barcelona\/","title":{"rendered":"Tour de la bi\u00e8re \u00e0 Barcelone"},"content":{"rendered":"<p>Pour les amoureux de la classe de bi\u00e8re, d\u00e9couvrez la grande vari\u00e9t\u00e9 de bi\u00e8res, traditionnelles et artisanales. 90 minutes de cours o\u00f9 vous apprendrez comment elles sont fabriqu\u00e9es et pr\u00e9par\u00e9es. Go\u00fbtez et appr\u00e9ciez votre bi\u00e8re.<\/p>\n","protected":false},"excerpt":{"rendered":"<p>Pour les amoureux de la classe de bi\u00e8re, d\u00e9couvrez la grande vari\u00e9t\u00e9 de bi\u00e8res, traditionnelles et artisanales. 90 minutes de cours o\u00f9 vous apprendrez comment elles sont fabriqu\u00e9es et pr\u00e9par\u00e9es. Go\u00fbtez et appr\u00e9ciez votre bi\u00e8re.<\/p>\n","protected":false},"featured_media":217,"comment_status":"open","ping_status":"closed","template":"","meta":{"_et_pb_use_builder":"","_et_pb_old_content":"","_et_gb_content_width":""},"product_brand":[],"product_cat":[68],"product_tag":[85,386],"class_list":{"0":"post-216","1":"product","2":"type-product","3":"status-publish","4":"has-post-thumbnail","6":"product_cat-barcelona","7":"product_tag-ber-tasting-barcelona","8":"product_tag-tournee-de-la-biere-a-barcelone","10":"first","11":"instock","12":"virtual","13":"product-type-simple"},"yoast_head":"<!-- This site is optimized with the Yoast SEO plugin v26.4 - https:\/\/yoast.com\/wordpress\/plugins\/seo\/ -->\n<title>Tour de la bi\u00e8re \u00e0 Barcelone - Tourn\u00e9e de la bi\u00e8re \u00e0 Barcelone<\/title>\n<meta name=\"description\" content=\"Pour les amoureux de la classe de bi\u00e8re, d\u00e9couvrez la grande vari\u00e9t\u00e9 de bi\u00e8res, traditionnelles et artisanales. 90 minutes de cours o\u00f9 vous apprendrez comment elles sont fabriqu\u00e9es et pr\u00e9par\u00e9es. Go\u00fbtez et appr\u00e9ciez votre Tour de la bi\u00e8re \u00e0 Barcelone.\" \/>\n<meta name=\"robots\" content=\"index, follow, max-snippet:-1, max-image-preview:large, max-video-preview:-1\" \/>\n<link rel=\"canonical\" href=\"https:\/\/stagpartynight.com\/fr\/product\/ber-tasting-barcelona\/\" \/>\n<meta property=\"og:locale\" content=\"en_GB\" \/>\n<meta property=\"og:type\" content=\"article\" \/>\n<meta property=\"og:title\" content=\"Tour de la bi\u00e8re \u00e0 Barcelone - Tourn\u00e9e de la bi\u00e8re \u00e0 Barcelone\" \/>\n<meta property=\"og:description\" content=\"Pour les amoureux de la classe de bi\u00e8re, d\u00e9couvrez la grande vari\u00e9t\u00e9 de bi\u00e8res, traditionnelles et artisanales. 90 minutes de cours o\u00f9 vous apprendrez comment elles sont fabriqu\u00e9es et pr\u00e9par\u00e9es. Go\u00fbtez et appr\u00e9ciez votre Tour de la bi\u00e8re \u00e0 Barcelone.\" \/>\n<meta property=\"og:url\" content=\"https:\/\/stagpartynight.com\/fr\/product\/ber-tasting-barcelona\/\" \/>\n<meta property=\"og:site_name\" content=\"Nuit de f\u00eate de cerf\" \/>\n<meta property=\"article:modified_time\" content=\"2021-02-03T15:03:24+00:00\" \/>\n<meta property=\"og:image\" content=\"https:\/\/stagpartynight.com\/fr\/wp-content\/uploads\/sites\/3\/2020\/01\/Ber-Tasting-Barcelona.jpg\" \/>\n\t<meta property=\"og:image:width\" content=\"630\" \/>\n\t<meta property=\"og:image:height\" content=\"472\" \/>\n\t<meta property=\"og:image:type\" content=\"image\/jpeg\" \/>\n<meta name=\"twitter:card\" content=\"summary_large_image\" \/>\n<script type=\"application\/ld+json\" class=\"yoast-schema-graph\">{\"@context\":\"https:\/\/schema.org\",\"@graph\":[{\"@type\":\"WebPage\",\"@id\":\"https:\/\/stagpartynight.com\/fr\/product\/ber-tasting-barcelona\/\",\"url\":\"https:\/\/stagpartynight.com\/fr\/product\/ber-tasting-barcelona\/\",\"name\":\"Tour de la bi\u00e8re \u00e0 Barcelone - Tourn\u00e9e de la bi\u00e8re \u00e0 Barcelone\",\"isPartOf\":{\"@id\":\"https:\/\/stagpartynight.com\/fr\/#website\"},\"primaryImageOfPage\":{\"@id\":\"https:\/\/stagpartynight.com\/fr\/product\/ber-tasting-barcelona\/#primaryimage\"},\"image\":{\"@id\":\"https:\/\/stagpartynight.com\/fr\/product\/ber-tasting-barcelona\/#primaryimage\"},\"thumbnailUrl\":\"https:\/\/stagpartynight.com\/fr\/wp-content\/uploads\/sites\/3\/2020\/01\/Ber-Tasting-Barcelona.jpg\",\"datePublished\":\"2020-01-08T11:36:55+00:00\",\"dateModified\":\"2021-02-03T15:03:24+00:00\",\"description\":\"Pour les amoureux de la classe de bi\u00e8re, d\u00e9couvrez la grande vari\u00e9t\u00e9 de bi\u00e8res, traditionnelles et artisanales. 90 minutes de cours o\u00f9 vous apprendrez comment elles sont fabriqu\u00e9es et pr\u00e9par\u00e9es. Go\u00fbtez et appr\u00e9ciez votre Tour de la bi\u00e8re \u00e0 Barcelone.\",\"breadcrumb\":{\"@id\":\"https:\/\/stagpartynight.com\/fr\/product\/ber-tasting-barcelona\/#breadcrumb\"},\"inLanguage\":\"en-GB\",\"potentialAction\":[{\"@type\":\"ReadAction\",\"target\":[\"https:\/\/stagpartynight.com\/fr\/product\/ber-tasting-barcelona\/\"]}]},{\"@type\":\"ImageObject\",\"inLanguage\":\"en-GB\",\"@id\":\"https:\/\/stagpartynight.com\/fr\/product\/ber-tasting-barcelona\/#primaryimage\",\"url\":\"https:\/\/stagpartynight.com\/fr\/wp-content\/uploads\/sites\/3\/2020\/01\/Ber-Tasting-Barcelona.jpg\",\"contentUrl\":\"https:\/\/stagpartynight.com\/fr\/wp-content\/uploads\/sites\/3\/2020\/01\/Ber-Tasting-Barcelona.jpg\",\"width\":630,\"height\":472},{\"@type\":\"BreadcrumbList\",\"@id\":\"https:\/\/stagpartynight.com\/fr\/product\/ber-tasting-barcelona\/#breadcrumb\",\"itemListElement\":[{\"@type\":\"ListItem\",\"position\":1,\"name\":\"Home\",\"item\":\"https:\/\/stagpartynight.com\/fr\/\"},{\"@type\":\"ListItem\",\"position\":2,\"name\":\"Tienda\",\"item\":\"https:\/\/stagpartynight.com\/fr\/tienda\/\"},{\"@type\":\"ListItem\",\"position\":3,\"name\":\"Tour de la bi\u00e8re \u00e0 Barcelone\"}]},{\"@type\":\"WebSite\",\"@id\":\"https:\/\/stagpartynight.com\/fr\/#website\",\"url\":\"https:\/\/stagpartynight.com\/fr\/\",\"name\":\"Stag Party Night\",\"description\":\"Your Stag Party Customized\",\"publisher\":{\"@id\":\"https:\/\/stagpartynight.com\/fr\/#organization\"},\"potentialAction\":[{\"@type\":\"SearchAction\",\"target\":{\"@type\":\"EntryPoint\",\"urlTemplate\":\"https:\/\/stagpartynight.com\/fr\/?s={search_term_string}\"},\"query-input\":{\"@type\":\"PropertyValueSpecification\",\"valueRequired\":true,\"valueName\":\"search_term_string\"}}],\"inLanguage\":\"en-GB\"},{\"@type\":\"Organization\",\"@id\":\"https:\/\/stagpartynight.com\/fr\/#organization\",\"name\":\"Stag Party Night\",\"url\":\"https:\/\/stagpartynight.com\/fr\/\",\"logo\":{\"@type\":\"ImageObject\",\"inLanguage\":\"en-GB\",\"@id\":\"https:\/\/stagpartynight.com\/fr\/#\/schema\/logo\/image\/\",\"url\":\"https:\/\/stagpartynight.com\/fr\/wp-content\/uploads\/sites\/3\/2019\/12\/stagpartynight-e1578565505687.png\",\"contentUrl\":\"https:\/\/stagpartynight.com\/fr\/wp-content\/uploads\/sites\/3\/2019\/12\/stagpartynight-e1578565505687.png\",\"width\":400,\"height\":400,\"caption\":\"Stag Party Night\"},\"image\":{\"@id\":\"https:\/\/stagpartynight.com\/fr\/#\/schema\/logo\/image\/\"}}]}<\/script>\n<!-- \/ Yoast SEO plugin. -->","yoast_head_json":{"title":"Tour de la bi\u00e8re \u00e0 Barcelone - Tourn\u00e9e de la bi\u00e8re \u00e0 Barcelone","description":"Pour les amoureux de la classe de bi\u00e8re, d\u00e9couvrez la grande vari\u00e9t\u00e9 de bi\u00e8res, traditionnelles et artisanales. 90 minutes de cours o\u00f9 vous apprendrez comment elles sont fabriqu\u00e9es et pr\u00e9par\u00e9es. Go\u00fbtez et appr\u00e9ciez votre Tour de la bi\u00e8re \u00e0 Barcelone.","robots":{"index":"index","follow":"follow","max-snippet":"max-snippet:-1","max-image-preview":"max-image-preview:large","max-video-preview":"max-video-preview:-1"},"canonical":"https:\/\/stagpartynight.com\/fr\/product\/ber-tasting-barcelona\/","og_locale":"en_GB","og_type":"article","og_title":"Tour de la bi\u00e8re \u00e0 Barcelone - Tourn\u00e9e de la bi\u00e8re \u00e0 Barcelone","og_description":"Pour les amoureux de la classe de bi\u00e8re, d\u00e9couvrez la grande vari\u00e9t\u00e9 de bi\u00e8res, traditionnelles et artisanales. 90 minutes de cours o\u00f9 vous apprendrez comment elles sont fabriqu\u00e9es et pr\u00e9par\u00e9es. Go\u00fbtez et appr\u00e9ciez votre Tour de la bi\u00e8re \u00e0 Barcelone.","og_url":"https:\/\/stagpartynight.com\/fr\/product\/ber-tasting-barcelona\/","og_site_name":"Nuit de f\u00eate de cerf","article_modified_time":"2021-02-03T15:03:24+00:00","og_image":[{"width":630,"height":472,"url":"https:\/\/stagpartynight.com\/fr\/wp-content\/uploads\/sites\/3\/2020\/01\/Ber-Tasting-Barcelona.jpg","type":"image\/jpeg"}],"twitter_card":"summary_large_image","schema":{"@context":"https:\/\/schema.org","@graph":[{"@type":"WebPage","@id":"https:\/\/stagpartynight.com\/fr\/product\/ber-tasting-barcelona\/","url":"https:\/\/stagpartynight.com\/fr\/product\/ber-tasting-barcelona\/","name":"Tour de la bi\u00e8re \u00e0 Barcelone - Tourn\u00e9e de la bi\u00e8re \u00e0 Barcelone","isPartOf":{"@id":"https:\/\/stagpartynight.com\/fr\/#website"},"primaryImageOfPage":{"@id":"https:\/\/stagpartynight.com\/fr\/product\/ber-tasting-barcelona\/#primaryimage"},"image":{"@id":"https:\/\/stagpartynight.com\/fr\/product\/ber-tasting-barcelona\/#primaryimage"},"thumbnailUrl":"https:\/\/stagpartynight.com\/fr\/wp-content\/uploads\/sites\/3\/2020\/01\/Ber-Tasting-Barcelona.jpg","datePublished":"2020-01-08T11:36:55+00:00","dateModified":"2021-02-03T15:03:24+00:00","description":"Pour les amoureux de la classe de bi\u00e8re, d\u00e9couvrez la grande vari\u00e9t\u00e9 de bi\u00e8res, traditionnelles et artisanales. 90 minutes de cours o\u00f9 vous apprendrez comment elles sont fabriqu\u00e9es et pr\u00e9par\u00e9es. Go\u00fbtez et appr\u00e9ciez votre Tour de la bi\u00e8re \u00e0 Barcelone.","breadcrumb":{"@id":"https:\/\/stagpartynight.com\/fr\/product\/ber-tasting-barcelona\/#breadcrumb"},"inLanguage":"en-GB","potentialAction":[{"@type":"ReadAction","target":["https:\/\/stagpartynight.com\/fr\/product\/ber-tasting-barcelona\/"]}]},{"@type":"ImageObject","inLanguage":"en-GB","@id":"https:\/\/stagpartynight.com\/fr\/product\/ber-tasting-barcelona\/#primaryimage","url":"https:\/\/stagpartynight.com\/fr\/wp-content\/uploads\/sites\/3\/2020\/01\/Ber-Tasting-Barcelona.jpg","contentUrl":"https:\/\/stagpartynight.com\/fr\/wp-content\/uploads\/sites\/3\/2020\/01\/Ber-Tasting-Barcelona.jpg","width":630,"height":472},{"@type":"BreadcrumbList","@id":"https:\/\/stagpartynight.com\/fr\/product\/ber-tasting-barcelona\/#breadcrumb","itemListElement":[{"@type":"ListItem","position":1,"name":"Home","item":"https:\/\/stagpartynight.com\/fr\/"},{"@type":"ListItem","position":2,"name":"Tienda","item":"https:\/\/stagpartynight.com\/fr\/tienda\/"},{"@type":"ListItem","position":3,"name":"Tour de la bi\u00e8re \u00e0 Barcelone"}]},{"@type":"WebSite","@id":"https:\/\/stagpartynight.com\/fr\/#website","url":"https:\/\/stagpartynight.com\/fr\/","name":"Stag Party Night","description":"Your Stag Party Customized","publisher":{"@id":"https:\/\/stagpartynight.com\/fr\/#organization"},"potentialAction":[{"@type":"SearchAction","target":{"@type":"EntryPoint","urlTemplate":"https:\/\/stagpartynight.com\/fr\/?s={search_term_string}"},"query-input":{"@type":"PropertyValueSpecification","valueRequired":true,"valueName":"search_term_string"}}],"inLanguage":"en-GB"},{"@type":"Organization","@id":"https:\/\/stagpartynight.com\/fr\/#organization","name":"Stag Party Night","url":"https:\/\/stagpartynight.com\/fr\/","logo":{"@type":"ImageObject","inLanguage":"en-GB","@id":"https:\/\/stagpartynight.com\/fr\/#\/schema\/logo\/image\/","url":"https:\/\/stagpartynight.com\/fr\/wp-content\/uploads\/sites\/3\/2019\/12\/stagpartynight-e1578565505687.png","contentUrl":"https:\/\/stagpartynight.com\/fr\/wp-content\/uploads\/sites\/3\/2019\/12\/stagpartynight-e1578565505687.png","width":400,"height":400,"caption":"Stag Party Night"},"image":{"@id":"https:\/\/stagpartynight.com\/fr\/#\/schema\/logo\/image\/"}}]}},"_links":{"self":[{"href":"https:\/\/stagpartynight.com\/fr\/wp-json\/wp\/v2\/product\/216","targetHints":{"allow":["GET"]}}],"collection":[{"href":"https:\/\/stagpartynight.com\/fr\/wp-json\/wp\/v2\/product"}],"about":[{"href":"https:\/\/stagpartynight.com\/fr\/wp-json\/wp\/v2\/types\/product"}],"replies":[{"embeddable":true,"href":"https:\/\/stagpartynight.com\/fr\/wp-json\/wp\/v2\/comments?post=216"}],"wp:featuredmedia":[{"embeddable":true,"href":"https:\/\/stagpartynight.com\/fr\/wp-json\/wp\/v2\/media\/217"}],"wp:attachment":[{"href":"https:\/\/stagpartynight.com\/fr\/wp-json\/wp\/v2\/media?parent=216"}],"wp:term":[{"taxonomy":"product_brand","embeddable":true,"href":"https:\/\/stagpartynight.com\/fr\/wp-json\/wp\/v2\/product_brand?post=216"},{"taxonomy":"product_cat","embeddable":true,"href":"https:\/\/stagpartynight.com\/fr\/wp-json\/wp\/v2\/product_cat?post=216"},{"taxonomy":"product_tag","embeddable":true,"href":"https:\/\/stagpartynight.com\/fr\/wp-json\/wp\/v2\/product_tag?post=216"}],"curies":[{"name":"wp","href":"https:\/\/api.w.org\/{rel}","templated":true}]}}