{"id":218,"date":"2020-01-08T12:38:46","date_gmt":"2020-01-08T11:38:46","guid":{"rendered":"https:\/\/stagpartynight.com\/fr\/?post_type=product&#038;p=218"},"modified":"2021-02-03T15:32:49","modified_gmt":"2021-02-03T14:32:49","slug":"dinner-barcelona","status":"publish","type":"product","link":"https:\/\/stagpartynight.com\/fr\/product\/dinner-barcelona\/","title":{"rendered":"D\u00eener \u00e0 Barcelone"},"content":{"rendered":"<p>\u00c0 Barcelone, nous avons un large \u00e9ventail de gastronomie. Restaurants sur mesure avec des menus ferm\u00e9s de groupes. Boissons incluses. Menus sp\u00e9ciaux disponibles pour les v\u00e9g\u00e9tariens, les c\u0153liaques et sans gluten.<\/p>\n","protected":false},"excerpt":{"rendered":"<p>\u00c0 Barcelone, nous avons un large \u00e9ventail de gastronomie. Restaurants sur mesure avec des menus ferm\u00e9s de groupes. Boissons incluses. Menus sp\u00e9ciaux disponibles pour les v\u00e9g\u00e9tariens, les c\u0153liaques et sans gluten.<\/p>\n","protected":false},"featured_media":134,"comment_status":"open","ping_status":"closed","template":"","meta":{"_et_pb_use_builder":"","_et_pb_old_content":"","_et_gb_content_width":""},"product_brand":[],"product_cat":[68],"product_tag":[383,86,385,384],"class_list":{"0":"post-218","1":"product","2":"type-product","3":"status-publish","4":"has-post-thumbnail","6":"product_cat-barcelona","7":"product_tag-diner-a-barcelone","8":"product_tag-dinner-barcelona","9":"product_tag-gastronomie-de-barcelone","10":"product_tag-restaurants-a-barcelone","12":"first","13":"instock","14":"virtual","15":"product-type-simple"},"yoast_head":"<!-- This site is optimized with the Yoast SEO plugin v26.4 - https:\/\/yoast.com\/wordpress\/plugins\/seo\/ -->\n<title>D\u00eener \u00e0 Barcelone - Restaurants \u00e0 Barcelone - Gastronomie de Barcelone<\/title>\n<meta name=\"description\" content=\"D\u00eener \u00e0 Barcelone nous avons un large \u00e9ventail de gastronomie. Restaurants sur mesure avec des menus ferm\u00e9s de groupes. Boissons incluses. Menus sp\u00e9ciaux disponibles pour les v\u00e9g\u00e9tariens, les c\u0153liaques et sans gluten.\" \/>\n<meta name=\"robots\" content=\"index, follow, max-snippet:-1, max-image-preview:large, max-video-preview:-1\" \/>\n<link rel=\"canonical\" href=\"https:\/\/stagpartynight.com\/fr\/product\/dinner-barcelona\/\" \/>\n<meta property=\"og:locale\" content=\"en_GB\" \/>\n<meta property=\"og:type\" content=\"article\" \/>\n<meta property=\"og:title\" content=\"D\u00eener \u00e0 Barcelone - Restaurants \u00e0 Barcelone - Gastronomie de Barcelone\" \/>\n<meta property=\"og:description\" content=\"D\u00eener \u00e0 Barcelone nous avons un large \u00e9ventail de gastronomie. Restaurants sur mesure avec des menus ferm\u00e9s de groupes. Boissons incluses. Menus sp\u00e9ciaux disponibles pour les v\u00e9g\u00e9tariens, les c\u0153liaques et sans gluten.\" \/>\n<meta property=\"og:url\" content=\"https:\/\/stagpartynight.com\/fr\/product\/dinner-barcelona\/\" \/>\n<meta property=\"og:site_name\" content=\"Nuit de f\u00eate de cerf\" \/>\n<meta property=\"article:modified_time\" content=\"2021-02-03T14:32:49+00:00\" \/>\n<meta property=\"og:image\" content=\"https:\/\/stagpartynight.com\/fr\/wp-content\/uploads\/sites\/3\/2020\/01\/erotic-show-dinner.jpg\" \/>\n\t<meta property=\"og:image:width\" content=\"720\" \/>\n\t<meta property=\"og:image:height\" content=\"480\" \/>\n\t<meta property=\"og:image:type\" content=\"image\/jpeg\" \/>\n<meta name=\"twitter:card\" content=\"summary_large_image\" \/>\n<script type=\"application\/ld+json\" class=\"yoast-schema-graph\">{\"@context\":\"https:\/\/schema.org\",\"@graph\":[{\"@type\":\"WebPage\",\"@id\":\"https:\/\/stagpartynight.com\/fr\/product\/dinner-barcelona\/\",\"url\":\"https:\/\/stagpartynight.com\/fr\/product\/dinner-barcelona\/\",\"name\":\"D\u00eener \u00e0 Barcelone - Restaurants \u00e0 Barcelone - Gastronomie de Barcelone\",\"isPartOf\":{\"@id\":\"https:\/\/stagpartynight.com\/fr\/#website\"},\"primaryImageOfPage\":{\"@id\":\"https:\/\/stagpartynight.com\/fr\/product\/dinner-barcelona\/#primaryimage\"},\"image\":{\"@id\":\"https:\/\/stagpartynight.com\/fr\/product\/dinner-barcelona\/#primaryimage\"},\"thumbnailUrl\":\"https:\/\/stagpartynight.com\/fr\/wp-content\/uploads\/sites\/3\/2020\/01\/erotic-show-dinner.jpg\",\"datePublished\":\"2020-01-08T11:38:46+00:00\",\"dateModified\":\"2021-02-03T14:32:49+00:00\",\"description\":\"D\u00eener \u00e0 Barcelone nous avons un large \u00e9ventail de gastronomie. Restaurants sur mesure avec des menus ferm\u00e9s de groupes. Boissons incluses. Menus sp\u00e9ciaux disponibles pour les v\u00e9g\u00e9tariens, les c\u0153liaques et sans gluten.\",\"breadcrumb\":{\"@id\":\"https:\/\/stagpartynight.com\/fr\/product\/dinner-barcelona\/#breadcrumb\"},\"inLanguage\":\"en-GB\",\"potentialAction\":[{\"@type\":\"ReadAction\",\"target\":[\"https:\/\/stagpartynight.com\/fr\/product\/dinner-barcelona\/\"]}]},{\"@type\":\"ImageObject\",\"inLanguage\":\"en-GB\",\"@id\":\"https:\/\/stagpartynight.com\/fr\/product\/dinner-barcelona\/#primaryimage\",\"url\":\"https:\/\/stagpartynight.com\/fr\/wp-content\/uploads\/sites\/3\/2020\/01\/erotic-show-dinner.jpg\",\"contentUrl\":\"https:\/\/stagpartynight.com\/fr\/wp-content\/uploads\/sites\/3\/2020\/01\/erotic-show-dinner.jpg\",\"width\":720,\"height\":480},{\"@type\":\"BreadcrumbList\",\"@id\":\"https:\/\/stagpartynight.com\/fr\/product\/dinner-barcelona\/#breadcrumb\",\"itemListElement\":[{\"@type\":\"ListItem\",\"position\":1,\"name\":\"Home\",\"item\":\"https:\/\/stagpartynight.com\/fr\/\"},{\"@type\":\"ListItem\",\"position\":2,\"name\":\"Tienda\",\"item\":\"https:\/\/stagpartynight.com\/fr\/tienda\/\"},{\"@type\":\"ListItem\",\"position\":3,\"name\":\"D\u00eener \u00e0 Barcelone\"}]},{\"@type\":\"WebSite\",\"@id\":\"https:\/\/stagpartynight.com\/fr\/#website\",\"url\":\"https:\/\/stagpartynight.com\/fr\/\",\"name\":\"Stag Party Night\",\"description\":\"Your Stag Party Customized\",\"publisher\":{\"@id\":\"https:\/\/stagpartynight.com\/fr\/#organization\"},\"potentialAction\":[{\"@type\":\"SearchAction\",\"target\":{\"@type\":\"EntryPoint\",\"urlTemplate\":\"https:\/\/stagpartynight.com\/fr\/?s={search_term_string}\"},\"query-input\":{\"@type\":\"PropertyValueSpecification\",\"valueRequired\":true,\"valueName\":\"search_term_string\"}}],\"inLanguage\":\"en-GB\"},{\"@type\":\"Organization\",\"@id\":\"https:\/\/stagpartynight.com\/fr\/#organization\",\"name\":\"Stag Party Night\",\"url\":\"https:\/\/stagpartynight.com\/fr\/\",\"logo\":{\"@type\":\"ImageObject\",\"inLanguage\":\"en-GB\",\"@id\":\"https:\/\/stagpartynight.com\/fr\/#\/schema\/logo\/image\/\",\"url\":\"https:\/\/stagpartynight.com\/fr\/wp-content\/uploads\/sites\/3\/2019\/12\/stagpartynight-e1578565505687.png\",\"contentUrl\":\"https:\/\/stagpartynight.com\/fr\/wp-content\/uploads\/sites\/3\/2019\/12\/stagpartynight-e1578565505687.png\",\"width\":400,\"height\":400,\"caption\":\"Stag Party Night\"},\"image\":{\"@id\":\"https:\/\/stagpartynight.com\/fr\/#\/schema\/logo\/image\/\"}}]}<\/script>\n<!-- \/ Yoast SEO plugin. -->","yoast_head_json":{"title":"D\u00eener \u00e0 Barcelone - Restaurants \u00e0 Barcelone - Gastronomie de Barcelone","description":"D\u00eener \u00e0 Barcelone nous avons un large \u00e9ventail de gastronomie. Restaurants sur mesure avec des menus ferm\u00e9s de groupes. Boissons incluses. Menus sp\u00e9ciaux disponibles pour les v\u00e9g\u00e9tariens, les c\u0153liaques et sans gluten.","robots":{"index":"index","follow":"follow","max-snippet":"max-snippet:-1","max-image-preview":"max-image-preview:large","max-video-preview":"max-video-preview:-1"},"canonical":"https:\/\/stagpartynight.com\/fr\/product\/dinner-barcelona\/","og_locale":"en_GB","og_type":"article","og_title":"D\u00eener \u00e0 Barcelone - Restaurants \u00e0 Barcelone - Gastronomie de Barcelone","og_description":"D\u00eener \u00e0 Barcelone nous avons un large \u00e9ventail de gastronomie. Restaurants sur mesure avec des menus ferm\u00e9s de groupes. Boissons incluses. Menus sp\u00e9ciaux disponibles pour les v\u00e9g\u00e9tariens, les c\u0153liaques et sans gluten.","og_url":"https:\/\/stagpartynight.com\/fr\/product\/dinner-barcelona\/","og_site_name":"Nuit de f\u00eate de cerf","article_modified_time":"2021-02-03T14:32:49+00:00","og_image":[{"width":720,"height":480,"url":"https:\/\/stagpartynight.com\/fr\/wp-content\/uploads\/sites\/3\/2020\/01\/erotic-show-dinner.jpg","type":"image\/jpeg"}],"twitter_card":"summary_large_image","schema":{"@context":"https:\/\/schema.org","@graph":[{"@type":"WebPage","@id":"https:\/\/stagpartynight.com\/fr\/product\/dinner-barcelona\/","url":"https:\/\/stagpartynight.com\/fr\/product\/dinner-barcelona\/","name":"D\u00eener \u00e0 Barcelone - Restaurants \u00e0 Barcelone - Gastronomie de Barcelone","isPartOf":{"@id":"https:\/\/stagpartynight.com\/fr\/#website"},"primaryImageOfPage":{"@id":"https:\/\/stagpartynight.com\/fr\/product\/dinner-barcelona\/#primaryimage"},"image":{"@id":"https:\/\/stagpartynight.com\/fr\/product\/dinner-barcelona\/#primaryimage"},"thumbnailUrl":"https:\/\/stagpartynight.com\/fr\/wp-content\/uploads\/sites\/3\/2020\/01\/erotic-show-dinner.jpg","datePublished":"2020-01-08T11:38:46+00:00","dateModified":"2021-02-03T14:32:49+00:00","description":"D\u00eener \u00e0 Barcelone nous avons un large \u00e9ventail de gastronomie. Restaurants sur mesure avec des menus ferm\u00e9s de groupes. Boissons incluses. Menus sp\u00e9ciaux disponibles pour les v\u00e9g\u00e9tariens, les c\u0153liaques et sans gluten.","breadcrumb":{"@id":"https:\/\/stagpartynight.com\/fr\/product\/dinner-barcelona\/#breadcrumb"},"inLanguage":"en-GB","potentialAction":[{"@type":"ReadAction","target":["https:\/\/stagpartynight.com\/fr\/product\/dinner-barcelona\/"]}]},{"@type":"ImageObject","inLanguage":"en-GB","@id":"https:\/\/stagpartynight.com\/fr\/product\/dinner-barcelona\/#primaryimage","url":"https:\/\/stagpartynight.com\/fr\/wp-content\/uploads\/sites\/3\/2020\/01\/erotic-show-dinner.jpg","contentUrl":"https:\/\/stagpartynight.com\/fr\/wp-content\/uploads\/sites\/3\/2020\/01\/erotic-show-dinner.jpg","width":720,"height":480},{"@type":"BreadcrumbList","@id":"https:\/\/stagpartynight.com\/fr\/product\/dinner-barcelona\/#breadcrumb","itemListElement":[{"@type":"ListItem","position":1,"name":"Home","item":"https:\/\/stagpartynight.com\/fr\/"},{"@type":"ListItem","position":2,"name":"Tienda","item":"https:\/\/stagpartynight.com\/fr\/tienda\/"},{"@type":"ListItem","position":3,"name":"D\u00eener \u00e0 Barcelone"}]},{"@type":"WebSite","@id":"https:\/\/stagpartynight.com\/fr\/#website","url":"https:\/\/stagpartynight.com\/fr\/","name":"Stag Party Night","description":"Your Stag Party Customized","publisher":{"@id":"https:\/\/stagpartynight.com\/fr\/#organization"},"potentialAction":[{"@type":"SearchAction","target":{"@type":"EntryPoint","urlTemplate":"https:\/\/stagpartynight.com\/fr\/?s={search_term_string}"},"query-input":{"@type":"PropertyValueSpecification","valueRequired":true,"valueName":"search_term_string"}}],"inLanguage":"en-GB"},{"@type":"Organization","@id":"https:\/\/stagpartynight.com\/fr\/#organization","name":"Stag Party Night","url":"https:\/\/stagpartynight.com\/fr\/","logo":{"@type":"ImageObject","inLanguage":"en-GB","@id":"https:\/\/stagpartynight.com\/fr\/#\/schema\/logo\/image\/","url":"https:\/\/stagpartynight.com\/fr\/wp-content\/uploads\/sites\/3\/2019\/12\/stagpartynight-e1578565505687.png","contentUrl":"https:\/\/stagpartynight.com\/fr\/wp-content\/uploads\/sites\/3\/2019\/12\/stagpartynight-e1578565505687.png","width":400,"height":400,"caption":"Stag Party Night"},"image":{"@id":"https:\/\/stagpartynight.com\/fr\/#\/schema\/logo\/image\/"}}]}},"_links":{"self":[{"href":"https:\/\/stagpartynight.com\/fr\/wp-json\/wp\/v2\/product\/218","targetHints":{"allow":["GET"]}}],"collection":[{"href":"https:\/\/stagpartynight.com\/fr\/wp-json\/wp\/v2\/product"}],"about":[{"href":"https:\/\/stagpartynight.com\/fr\/wp-json\/wp\/v2\/types\/product"}],"replies":[{"embeddable":true,"href":"https:\/\/stagpartynight.com\/fr\/wp-json\/wp\/v2\/comments?post=218"}],"wp:featuredmedia":[{"embeddable":true,"href":"https:\/\/stagpartynight.com\/fr\/wp-json\/wp\/v2\/media\/134"}],"wp:attachment":[{"href":"https:\/\/stagpartynight.com\/fr\/wp-json\/wp\/v2\/media?parent=218"}],"wp:term":[{"taxonomy":"product_brand","embeddable":true,"href":"https:\/\/stagpartynight.com\/fr\/wp-json\/wp\/v2\/product_brand?post=218"},{"taxonomy":"product_cat","embeddable":true,"href":"https:\/\/stagpartynight.com\/fr\/wp-json\/wp\/v2\/product_cat?post=218"},{"taxonomy":"product_tag","embeddable":true,"href":"https:\/\/stagpartynight.com\/fr\/wp-json\/wp\/v2\/product_tag?post=218"}],"curies":[{"name":"wp","href":"https:\/\/api.w.org\/{rel}","templated":true}]}}