{"id":220,"date":"2020-01-08T12:41:36","date_gmt":"2020-01-08T11:41:36","guid":{"rendered":"https:\/\/stagpartynight.com\/fr\/?post_type=product&#038;p=220"},"modified":"2021-02-02T17:50:10","modified_gmt":"2021-02-02T16:50:10","slug":"bar-crawl-barcelona","status":"publish","type":"product","link":"https:\/\/stagpartynight.com\/fr\/product\/bar-crawl-barcelona\/","title":{"rendered":"Route des bars \u00e0 Barcelone"},"content":{"rendered":"<p>Visite de 3 bars \u00e0 Barcelone avec tournage inclus et \u00e0 la fin acc\u00e8s \u00e0 l&#8217;un des meilleurs Night Clubs de la ville. Guide local inclus, disponible en plusieurs langues. 2 heures environ.<\/p>\n","protected":false},"excerpt":{"rendered":"<p>Visite de 3 bars \u00e0 Barcelone avec tournage inclus et \u00e0 la fin acc\u00e8s \u00e0 l&#8217;un des meilleurs Night Clubs de la ville. Guide local inclus, disponible en plusieurs langues. 2 heures environ.<\/p>\n","protected":false},"featured_media":142,"comment_status":"open","ping_status":"closed","template":"","meta":{"_et_pb_use_builder":"","_et_pb_old_content":"","_et_gb_content_width":""},"product_brand":[],"product_cat":[68],"product_tag":[88,379,380],"class_list":{"0":"post-220","1":"product","2":"type-product","3":"status-publish","4":"has-post-thumbnail","6":"product_cat-barcelona","7":"product_tag-bar-crawl-barcelona","8":"product_tag-route-des-bars-a-barcelone","9":"product_tag-tournee-des-bars-a-barcelone","11":"first","12":"instock","13":"virtual","14":"product-type-simple"},"yoast_head":"<!-- This site is optimized with the Yoast SEO plugin v26.4 - https:\/\/yoast.com\/wordpress\/plugins\/seo\/ -->\n<title>Route des bars \u00e0 Barcelone - Tourn\u00e9e des bars \u00e0 Barcelone<\/title>\n<meta name=\"description\" content=\"Route des bars \u00e0 Barcelone - Visite de 3 bars \u00e0 Barcelone avec tournage inclus et \u00e0 la fin acc\u00e8s \u00e0 l&#039;un des meilleurs Night Clubs de la ville. Guide local inclus, disponible en plusieurs langues. 2 heures environ.\" \/>\n<meta name=\"robots\" content=\"index, follow, max-snippet:-1, max-image-preview:large, max-video-preview:-1\" \/>\n<link rel=\"canonical\" href=\"https:\/\/stagpartynight.com\/fr\/product\/bar-crawl-barcelona\/\" \/>\n<meta property=\"og:locale\" content=\"en_GB\" \/>\n<meta property=\"og:type\" content=\"article\" \/>\n<meta property=\"og:title\" content=\"Route des bars \u00e0 Barcelone - Tourn\u00e9e des bars \u00e0 Barcelone\" \/>\n<meta property=\"og:description\" content=\"Route des bars \u00e0 Barcelone - Visite de 3 bars \u00e0 Barcelone avec tournage inclus et \u00e0 la fin acc\u00e8s \u00e0 l&#039;un des meilleurs Night Clubs de la ville. Guide local inclus, disponible en plusieurs langues. 2 heures environ.\" \/>\n<meta property=\"og:url\" content=\"https:\/\/stagpartynight.com\/fr\/product\/bar-crawl-barcelona\/\" \/>\n<meta property=\"og:site_name\" content=\"Nuit de f\u00eate de cerf\" \/>\n<meta property=\"article:modified_time\" content=\"2021-02-02T16:50:10+00:00\" \/>\n<meta property=\"og:image\" content=\"https:\/\/stagpartynight.com\/fr\/wp-content\/uploads\/sites\/3\/2020\/01\/alcoholic-beverages-1845295_1280.jpg\" \/>\n\t<meta property=\"og:image:width\" content=\"1280\" \/>\n\t<meta property=\"og:image:height\" content=\"961\" \/>\n\t<meta property=\"og:image:type\" content=\"image\/jpeg\" \/>\n<meta name=\"twitter:card\" content=\"summary_large_image\" \/>\n<script type=\"application\/ld+json\" class=\"yoast-schema-graph\">{\"@context\":\"https:\/\/schema.org\",\"@graph\":[{\"@type\":\"WebPage\",\"@id\":\"https:\/\/stagpartynight.com\/fr\/product\/bar-crawl-barcelona\/\",\"url\":\"https:\/\/stagpartynight.com\/fr\/product\/bar-crawl-barcelona\/\",\"name\":\"Route des bars \u00e0 Barcelone - Tourn\u00e9e des bars \u00e0 Barcelone\",\"isPartOf\":{\"@id\":\"https:\/\/stagpartynight.com\/fr\/#website\"},\"primaryImageOfPage\":{\"@id\":\"https:\/\/stagpartynight.com\/fr\/product\/bar-crawl-barcelona\/#primaryimage\"},\"image\":{\"@id\":\"https:\/\/stagpartynight.com\/fr\/product\/bar-crawl-barcelona\/#primaryimage\"},\"thumbnailUrl\":\"https:\/\/stagpartynight.com\/fr\/wp-content\/uploads\/sites\/3\/2020\/01\/alcoholic-beverages-1845295_1280.jpg\",\"datePublished\":\"2020-01-08T11:41:36+00:00\",\"dateModified\":\"2021-02-02T16:50:10+00:00\",\"description\":\"Route des bars \u00e0 Barcelone - Visite de 3 bars \u00e0 Barcelone avec tournage inclus et \u00e0 la fin acc\u00e8s \u00e0 l'un des meilleurs Night Clubs de la ville. Guide local inclus, disponible en plusieurs langues. 2 heures environ.\",\"breadcrumb\":{\"@id\":\"https:\/\/stagpartynight.com\/fr\/product\/bar-crawl-barcelona\/#breadcrumb\"},\"inLanguage\":\"en-GB\",\"potentialAction\":[{\"@type\":\"ReadAction\",\"target\":[\"https:\/\/stagpartynight.com\/fr\/product\/bar-crawl-barcelona\/\"]}]},{\"@type\":\"ImageObject\",\"inLanguage\":\"en-GB\",\"@id\":\"https:\/\/stagpartynight.com\/fr\/product\/bar-crawl-barcelona\/#primaryimage\",\"url\":\"https:\/\/stagpartynight.com\/fr\/wp-content\/uploads\/sites\/3\/2020\/01\/alcoholic-beverages-1845295_1280.jpg\",\"contentUrl\":\"https:\/\/stagpartynight.com\/fr\/wp-content\/uploads\/sites\/3\/2020\/01\/alcoholic-beverages-1845295_1280.jpg\",\"width\":1280,\"height\":961},{\"@type\":\"BreadcrumbList\",\"@id\":\"https:\/\/stagpartynight.com\/fr\/product\/bar-crawl-barcelona\/#breadcrumb\",\"itemListElement\":[{\"@type\":\"ListItem\",\"position\":1,\"name\":\"Home\",\"item\":\"https:\/\/stagpartynight.com\/fr\/\"},{\"@type\":\"ListItem\",\"position\":2,\"name\":\"Tienda\",\"item\":\"https:\/\/stagpartynight.com\/fr\/tienda\/\"},{\"@type\":\"ListItem\",\"position\":3,\"name\":\"Route des bars \u00e0 Barcelone\"}]},{\"@type\":\"WebSite\",\"@id\":\"https:\/\/stagpartynight.com\/fr\/#website\",\"url\":\"https:\/\/stagpartynight.com\/fr\/\",\"name\":\"Stag Party Night\",\"description\":\"Your Stag Party Customized\",\"publisher\":{\"@id\":\"https:\/\/stagpartynight.com\/fr\/#organization\"},\"potentialAction\":[{\"@type\":\"SearchAction\",\"target\":{\"@type\":\"EntryPoint\",\"urlTemplate\":\"https:\/\/stagpartynight.com\/fr\/?s={search_term_string}\"},\"query-input\":{\"@type\":\"PropertyValueSpecification\",\"valueRequired\":true,\"valueName\":\"search_term_string\"}}],\"inLanguage\":\"en-GB\"},{\"@type\":\"Organization\",\"@id\":\"https:\/\/stagpartynight.com\/fr\/#organization\",\"name\":\"Stag Party Night\",\"url\":\"https:\/\/stagpartynight.com\/fr\/\",\"logo\":{\"@type\":\"ImageObject\",\"inLanguage\":\"en-GB\",\"@id\":\"https:\/\/stagpartynight.com\/fr\/#\/schema\/logo\/image\/\",\"url\":\"https:\/\/stagpartynight.com\/fr\/wp-content\/uploads\/sites\/3\/2019\/12\/stagpartynight-e1578565505687.png\",\"contentUrl\":\"https:\/\/stagpartynight.com\/fr\/wp-content\/uploads\/sites\/3\/2019\/12\/stagpartynight-e1578565505687.png\",\"width\":400,\"height\":400,\"caption\":\"Stag Party Night\"},\"image\":{\"@id\":\"https:\/\/stagpartynight.com\/fr\/#\/schema\/logo\/image\/\"}}]}<\/script>\n<!-- \/ Yoast SEO plugin. -->","yoast_head_json":{"title":"Route des bars \u00e0 Barcelone - Tourn\u00e9e des bars \u00e0 Barcelone","description":"Route des bars \u00e0 Barcelone - Visite de 3 bars \u00e0 Barcelone avec tournage inclus et \u00e0 la fin acc\u00e8s \u00e0 l'un des meilleurs Night Clubs de la ville. Guide local inclus, disponible en plusieurs langues. 2 heures environ.","robots":{"index":"index","follow":"follow","max-snippet":"max-snippet:-1","max-image-preview":"max-image-preview:large","max-video-preview":"max-video-preview:-1"},"canonical":"https:\/\/stagpartynight.com\/fr\/product\/bar-crawl-barcelona\/","og_locale":"en_GB","og_type":"article","og_title":"Route des bars \u00e0 Barcelone - Tourn\u00e9e des bars \u00e0 Barcelone","og_description":"Route des bars \u00e0 Barcelone - Visite de 3 bars \u00e0 Barcelone avec tournage inclus et \u00e0 la fin acc\u00e8s \u00e0 l'un des meilleurs Night Clubs de la ville. Guide local inclus, disponible en plusieurs langues. 2 heures environ.","og_url":"https:\/\/stagpartynight.com\/fr\/product\/bar-crawl-barcelona\/","og_site_name":"Nuit de f\u00eate de cerf","article_modified_time":"2021-02-02T16:50:10+00:00","og_image":[{"width":1280,"height":961,"url":"https:\/\/stagpartynight.com\/fr\/wp-content\/uploads\/sites\/3\/2020\/01\/alcoholic-beverages-1845295_1280.jpg","type":"image\/jpeg"}],"twitter_card":"summary_large_image","schema":{"@context":"https:\/\/schema.org","@graph":[{"@type":"WebPage","@id":"https:\/\/stagpartynight.com\/fr\/product\/bar-crawl-barcelona\/","url":"https:\/\/stagpartynight.com\/fr\/product\/bar-crawl-barcelona\/","name":"Route des bars \u00e0 Barcelone - Tourn\u00e9e des bars \u00e0 Barcelone","isPartOf":{"@id":"https:\/\/stagpartynight.com\/fr\/#website"},"primaryImageOfPage":{"@id":"https:\/\/stagpartynight.com\/fr\/product\/bar-crawl-barcelona\/#primaryimage"},"image":{"@id":"https:\/\/stagpartynight.com\/fr\/product\/bar-crawl-barcelona\/#primaryimage"},"thumbnailUrl":"https:\/\/stagpartynight.com\/fr\/wp-content\/uploads\/sites\/3\/2020\/01\/alcoholic-beverages-1845295_1280.jpg","datePublished":"2020-01-08T11:41:36+00:00","dateModified":"2021-02-02T16:50:10+00:00","description":"Route des bars \u00e0 Barcelone - Visite de 3 bars \u00e0 Barcelone avec tournage inclus et \u00e0 la fin acc\u00e8s \u00e0 l'un des meilleurs Night Clubs de la ville. Guide local inclus, disponible en plusieurs langues. 2 heures environ.","breadcrumb":{"@id":"https:\/\/stagpartynight.com\/fr\/product\/bar-crawl-barcelona\/#breadcrumb"},"inLanguage":"en-GB","potentialAction":[{"@type":"ReadAction","target":["https:\/\/stagpartynight.com\/fr\/product\/bar-crawl-barcelona\/"]}]},{"@type":"ImageObject","inLanguage":"en-GB","@id":"https:\/\/stagpartynight.com\/fr\/product\/bar-crawl-barcelona\/#primaryimage","url":"https:\/\/stagpartynight.com\/fr\/wp-content\/uploads\/sites\/3\/2020\/01\/alcoholic-beverages-1845295_1280.jpg","contentUrl":"https:\/\/stagpartynight.com\/fr\/wp-content\/uploads\/sites\/3\/2020\/01\/alcoholic-beverages-1845295_1280.jpg","width":1280,"height":961},{"@type":"BreadcrumbList","@id":"https:\/\/stagpartynight.com\/fr\/product\/bar-crawl-barcelona\/#breadcrumb","itemListElement":[{"@type":"ListItem","position":1,"name":"Home","item":"https:\/\/stagpartynight.com\/fr\/"},{"@type":"ListItem","position":2,"name":"Tienda","item":"https:\/\/stagpartynight.com\/fr\/tienda\/"},{"@type":"ListItem","position":3,"name":"Route des bars \u00e0 Barcelone"}]},{"@type":"WebSite","@id":"https:\/\/stagpartynight.com\/fr\/#website","url":"https:\/\/stagpartynight.com\/fr\/","name":"Stag Party Night","description":"Your Stag Party Customized","publisher":{"@id":"https:\/\/stagpartynight.com\/fr\/#organization"},"potentialAction":[{"@type":"SearchAction","target":{"@type":"EntryPoint","urlTemplate":"https:\/\/stagpartynight.com\/fr\/?s={search_term_string}"},"query-input":{"@type":"PropertyValueSpecification","valueRequired":true,"valueName":"search_term_string"}}],"inLanguage":"en-GB"},{"@type":"Organization","@id":"https:\/\/stagpartynight.com\/fr\/#organization","name":"Stag Party Night","url":"https:\/\/stagpartynight.com\/fr\/","logo":{"@type":"ImageObject","inLanguage":"en-GB","@id":"https:\/\/stagpartynight.com\/fr\/#\/schema\/logo\/image\/","url":"https:\/\/stagpartynight.com\/fr\/wp-content\/uploads\/sites\/3\/2019\/12\/stagpartynight-e1578565505687.png","contentUrl":"https:\/\/stagpartynight.com\/fr\/wp-content\/uploads\/sites\/3\/2019\/12\/stagpartynight-e1578565505687.png","width":400,"height":400,"caption":"Stag Party Night"},"image":{"@id":"https:\/\/stagpartynight.com\/fr\/#\/schema\/logo\/image\/"}}]}},"_links":{"self":[{"href":"https:\/\/stagpartynight.com\/fr\/wp-json\/wp\/v2\/product\/220","targetHints":{"allow":["GET"]}}],"collection":[{"href":"https:\/\/stagpartynight.com\/fr\/wp-json\/wp\/v2\/product"}],"about":[{"href":"https:\/\/stagpartynight.com\/fr\/wp-json\/wp\/v2\/types\/product"}],"replies":[{"embeddable":true,"href":"https:\/\/stagpartynight.com\/fr\/wp-json\/wp\/v2\/comments?post=220"}],"wp:featuredmedia":[{"embeddable":true,"href":"https:\/\/stagpartynight.com\/fr\/wp-json\/wp\/v2\/media\/142"}],"wp:attachment":[{"href":"https:\/\/stagpartynight.com\/fr\/wp-json\/wp\/v2\/media?parent=220"}],"wp:term":[{"taxonomy":"product_brand","embeddable":true,"href":"https:\/\/stagpartynight.com\/fr\/wp-json\/wp\/v2\/product_brand?post=220"},{"taxonomy":"product_cat","embeddable":true,"href":"https:\/\/stagpartynight.com\/fr\/wp-json\/wp\/v2\/product_cat?post=220"},{"taxonomy":"product_tag","embeddable":true,"href":"https:\/\/stagpartynight.com\/fr\/wp-json\/wp\/v2\/product_tag?post=220"}],"curies":[{"name":"wp","href":"https:\/\/api.w.org\/{rel}","templated":true}]}}