{"id":234,"date":"2020-01-08T12:56:28","date_gmt":"2020-01-08T11:56:28","guid":{"rendered":"https:\/\/stagpartynight.com\/fr\/?post_type=product&#038;p=234"},"modified":"2021-02-02T17:07:33","modified_gmt":"2021-02-02T16:07:33","slug":"tour-camp-nou-barcelona","status":"publish","type":"product","link":"https:\/\/stagpartynight.com\/fr\/product\/tour-camp-nou-barcelona\/","title":{"rendered":"Tour Camp Nou Barcelone"},"content":{"rendered":"<p>Visite du stade du FC Barcelone. La dur\u00e9e du service est d&#8217;environ 1 heure. Ce service comprend la visite du stade, des vestiaires des joueurs, du mus\u00e9e des troph\u00e9es, de la salle de presse et des bancs au pied du terrain de football. Possibilit\u00e9 d&#8217;\u00eatre accompagn\u00e9 par un guide priv\u00e9.<\/p>\n","protected":false},"excerpt":{"rendered":"<p>Visite du stade du FC Barcelone. La dur\u00e9e du service est d&#8217;environ 1 heure. Ce service comprend la visite du stade, des vestiaires des joueurs, du mus\u00e9e des troph\u00e9es, de la salle de presse et des bancs au pied du terrain de football. Possibilit\u00e9 d&#8217;\u00eatre accompagn\u00e9 par un guide priv\u00e9.<\/p>\n","protected":false},"featured_media":235,"comment_status":"open","ping_status":"closed","template":"","meta":{"_et_pb_use_builder":"","_et_pb_old_content":"","_et_gb_content_width":""},"product_brand":[],"product_cat":[68],"product_tag":[97,366],"class_list":{"0":"post-234","1":"product","2":"type-product","3":"status-publish","4":"has-post-thumbnail","6":"product_cat-barcelona","7":"product_tag-tour-camp-nou-barcelona","8":"product_tag-tour-camp-nou-barcelone","10":"first","11":"instock","12":"virtual","13":"product-type-simple"},"yoast_head":"<!-- This site is optimized with the Yoast SEO plugin v26.4 - https:\/\/yoast.com\/wordpress\/plugins\/seo\/ -->\n<title>Tour Camp Nou Barcelone - Tourn\u00e9e des stades du FC Barcelone<\/title>\n<meta name=\"description\" content=\"Tour Camp Nou Barcelone - Visite du stade du FC Barcelone. La dur\u00e9e du service est d&#039;environ 1 heure. Ce service comprend la visite du stade, des vestiaires des joueurs, du mus\u00e9e des troph\u00e9es, de la salle de presse et des bancs au pied du terrain de football. Possibilit\u00e9 d&#039;\u00eatre accompagn\u00e9 par un guide priv\u00e9.\" \/>\n<meta name=\"robots\" content=\"index, follow, max-snippet:-1, max-image-preview:large, max-video-preview:-1\" \/>\n<link rel=\"canonical\" href=\"https:\/\/stagpartynight.com\/fr\/product\/tour-camp-nou-barcelona\/\" \/>\n<meta property=\"og:locale\" content=\"en_GB\" \/>\n<meta property=\"og:type\" content=\"article\" \/>\n<meta property=\"og:title\" content=\"Tour Camp Nou Barcelone - Tourn\u00e9e des stades du FC Barcelone\" \/>\n<meta property=\"og:description\" content=\"Tour Camp Nou Barcelone - Visite du stade du FC Barcelone. La dur\u00e9e du service est d&#039;environ 1 heure. Ce service comprend la visite du stade, des vestiaires des joueurs, du mus\u00e9e des troph\u00e9es, de la salle de presse et des bancs au pied du terrain de football. Possibilit\u00e9 d&#039;\u00eatre accompagn\u00e9 par un guide priv\u00e9.\" \/>\n<meta property=\"og:url\" content=\"https:\/\/stagpartynight.com\/fr\/product\/tour-camp-nou-barcelona\/\" \/>\n<meta property=\"og:site_name\" content=\"Nuit de f\u00eate de cerf\" \/>\n<meta property=\"article:modified_time\" content=\"2021-02-02T16:07:33+00:00\" \/>\n<meta property=\"og:image\" content=\"https:\/\/stagpartynight.com\/fr\/wp-content\/uploads\/sites\/3\/2020\/01\/Tour-Camp-Nou-Barcelona.jpg\" \/>\n\t<meta property=\"og:image:width\" content=\"800\" \/>\n\t<meta property=\"og:image:height\" content=\"450\" \/>\n\t<meta property=\"og:image:type\" content=\"image\/jpeg\" \/>\n<meta name=\"twitter:card\" content=\"summary_large_image\" \/>\n<script type=\"application\/ld+json\" class=\"yoast-schema-graph\">{\"@context\":\"https:\/\/schema.org\",\"@graph\":[{\"@type\":\"WebPage\",\"@id\":\"https:\/\/stagpartynight.com\/fr\/product\/tour-camp-nou-barcelona\/\",\"url\":\"https:\/\/stagpartynight.com\/fr\/product\/tour-camp-nou-barcelona\/\",\"name\":\"Tour Camp Nou Barcelone - Tourn\u00e9e des stades du FC Barcelone\",\"isPartOf\":{\"@id\":\"https:\/\/stagpartynight.com\/fr\/#website\"},\"primaryImageOfPage\":{\"@id\":\"https:\/\/stagpartynight.com\/fr\/product\/tour-camp-nou-barcelona\/#primaryimage\"},\"image\":{\"@id\":\"https:\/\/stagpartynight.com\/fr\/product\/tour-camp-nou-barcelona\/#primaryimage\"},\"thumbnailUrl\":\"https:\/\/stagpartynight.com\/fr\/wp-content\/uploads\/sites\/3\/2020\/01\/Tour-Camp-Nou-Barcelona.jpg\",\"datePublished\":\"2020-01-08T11:56:28+00:00\",\"dateModified\":\"2021-02-02T16:07:33+00:00\",\"description\":\"Tour Camp Nou Barcelone - Visite du stade du FC Barcelone. La dur\u00e9e du service est d'environ 1 heure. Ce service comprend la visite du stade, des vestiaires des joueurs, du mus\u00e9e des troph\u00e9es, de la salle de presse et des bancs au pied du terrain de football. Possibilit\u00e9 d'\u00eatre accompagn\u00e9 par un guide priv\u00e9.\",\"breadcrumb\":{\"@id\":\"https:\/\/stagpartynight.com\/fr\/product\/tour-camp-nou-barcelona\/#breadcrumb\"},\"inLanguage\":\"en-GB\",\"potentialAction\":[{\"@type\":\"ReadAction\",\"target\":[\"https:\/\/stagpartynight.com\/fr\/product\/tour-camp-nou-barcelona\/\"]}]},{\"@type\":\"ImageObject\",\"inLanguage\":\"en-GB\",\"@id\":\"https:\/\/stagpartynight.com\/fr\/product\/tour-camp-nou-barcelona\/#primaryimage\",\"url\":\"https:\/\/stagpartynight.com\/fr\/wp-content\/uploads\/sites\/3\/2020\/01\/Tour-Camp-Nou-Barcelona.jpg\",\"contentUrl\":\"https:\/\/stagpartynight.com\/fr\/wp-content\/uploads\/sites\/3\/2020\/01\/Tour-Camp-Nou-Barcelona.jpg\",\"width\":800,\"height\":450},{\"@type\":\"BreadcrumbList\",\"@id\":\"https:\/\/stagpartynight.com\/fr\/product\/tour-camp-nou-barcelona\/#breadcrumb\",\"itemListElement\":[{\"@type\":\"ListItem\",\"position\":1,\"name\":\"Home\",\"item\":\"https:\/\/stagpartynight.com\/fr\/\"},{\"@type\":\"ListItem\",\"position\":2,\"name\":\"Tienda\",\"item\":\"https:\/\/stagpartynight.com\/fr\/tienda\/\"},{\"@type\":\"ListItem\",\"position\":3,\"name\":\"Tour Camp Nou Barcelone\"}]},{\"@type\":\"WebSite\",\"@id\":\"https:\/\/stagpartynight.com\/fr\/#website\",\"url\":\"https:\/\/stagpartynight.com\/fr\/\",\"name\":\"Stag Party Night\",\"description\":\"Your Stag Party Customized\",\"publisher\":{\"@id\":\"https:\/\/stagpartynight.com\/fr\/#organization\"},\"potentialAction\":[{\"@type\":\"SearchAction\",\"target\":{\"@type\":\"EntryPoint\",\"urlTemplate\":\"https:\/\/stagpartynight.com\/fr\/?s={search_term_string}\"},\"query-input\":{\"@type\":\"PropertyValueSpecification\",\"valueRequired\":true,\"valueName\":\"search_term_string\"}}],\"inLanguage\":\"en-GB\"},{\"@type\":\"Organization\",\"@id\":\"https:\/\/stagpartynight.com\/fr\/#organization\",\"name\":\"Stag Party Night\",\"url\":\"https:\/\/stagpartynight.com\/fr\/\",\"logo\":{\"@type\":\"ImageObject\",\"inLanguage\":\"en-GB\",\"@id\":\"https:\/\/stagpartynight.com\/fr\/#\/schema\/logo\/image\/\",\"url\":\"https:\/\/stagpartynight.com\/fr\/wp-content\/uploads\/sites\/3\/2019\/12\/stagpartynight-e1578565505687.png\",\"contentUrl\":\"https:\/\/stagpartynight.com\/fr\/wp-content\/uploads\/sites\/3\/2019\/12\/stagpartynight-e1578565505687.png\",\"width\":400,\"height\":400,\"caption\":\"Stag Party Night\"},\"image\":{\"@id\":\"https:\/\/stagpartynight.com\/fr\/#\/schema\/logo\/image\/\"}}]}<\/script>\n<!-- \/ Yoast SEO plugin. -->","yoast_head_json":{"title":"Tour Camp Nou Barcelone - Tourn\u00e9e des stades du FC Barcelone","description":"Tour Camp Nou Barcelone - Visite du stade du FC Barcelone. La dur\u00e9e du service est d'environ 1 heure. Ce service comprend la visite du stade, des vestiaires des joueurs, du mus\u00e9e des troph\u00e9es, de la salle de presse et des bancs au pied du terrain de football. Possibilit\u00e9 d'\u00eatre accompagn\u00e9 par un guide priv\u00e9.","robots":{"index":"index","follow":"follow","max-snippet":"max-snippet:-1","max-image-preview":"max-image-preview:large","max-video-preview":"max-video-preview:-1"},"canonical":"https:\/\/stagpartynight.com\/fr\/product\/tour-camp-nou-barcelona\/","og_locale":"en_GB","og_type":"article","og_title":"Tour Camp Nou Barcelone - Tourn\u00e9e des stades du FC Barcelone","og_description":"Tour Camp Nou Barcelone - Visite du stade du FC Barcelone. La dur\u00e9e du service est d'environ 1 heure. Ce service comprend la visite du stade, des vestiaires des joueurs, du mus\u00e9e des troph\u00e9es, de la salle de presse et des bancs au pied du terrain de football. Possibilit\u00e9 d'\u00eatre accompagn\u00e9 par un guide priv\u00e9.","og_url":"https:\/\/stagpartynight.com\/fr\/product\/tour-camp-nou-barcelona\/","og_site_name":"Nuit de f\u00eate de cerf","article_modified_time":"2021-02-02T16:07:33+00:00","og_image":[{"width":800,"height":450,"url":"https:\/\/stagpartynight.com\/fr\/wp-content\/uploads\/sites\/3\/2020\/01\/Tour-Camp-Nou-Barcelona.jpg","type":"image\/jpeg"}],"twitter_card":"summary_large_image","schema":{"@context":"https:\/\/schema.org","@graph":[{"@type":"WebPage","@id":"https:\/\/stagpartynight.com\/fr\/product\/tour-camp-nou-barcelona\/","url":"https:\/\/stagpartynight.com\/fr\/product\/tour-camp-nou-barcelona\/","name":"Tour Camp Nou Barcelone - Tourn\u00e9e des stades du FC Barcelone","isPartOf":{"@id":"https:\/\/stagpartynight.com\/fr\/#website"},"primaryImageOfPage":{"@id":"https:\/\/stagpartynight.com\/fr\/product\/tour-camp-nou-barcelona\/#primaryimage"},"image":{"@id":"https:\/\/stagpartynight.com\/fr\/product\/tour-camp-nou-barcelona\/#primaryimage"},"thumbnailUrl":"https:\/\/stagpartynight.com\/fr\/wp-content\/uploads\/sites\/3\/2020\/01\/Tour-Camp-Nou-Barcelona.jpg","datePublished":"2020-01-08T11:56:28+00:00","dateModified":"2021-02-02T16:07:33+00:00","description":"Tour Camp Nou Barcelone - Visite du stade du FC Barcelone. La dur\u00e9e du service est d'environ 1 heure. Ce service comprend la visite du stade, des vestiaires des joueurs, du mus\u00e9e des troph\u00e9es, de la salle de presse et des bancs au pied du terrain de football. Possibilit\u00e9 d'\u00eatre accompagn\u00e9 par un guide priv\u00e9.","breadcrumb":{"@id":"https:\/\/stagpartynight.com\/fr\/product\/tour-camp-nou-barcelona\/#breadcrumb"},"inLanguage":"en-GB","potentialAction":[{"@type":"ReadAction","target":["https:\/\/stagpartynight.com\/fr\/product\/tour-camp-nou-barcelona\/"]}]},{"@type":"ImageObject","inLanguage":"en-GB","@id":"https:\/\/stagpartynight.com\/fr\/product\/tour-camp-nou-barcelona\/#primaryimage","url":"https:\/\/stagpartynight.com\/fr\/wp-content\/uploads\/sites\/3\/2020\/01\/Tour-Camp-Nou-Barcelona.jpg","contentUrl":"https:\/\/stagpartynight.com\/fr\/wp-content\/uploads\/sites\/3\/2020\/01\/Tour-Camp-Nou-Barcelona.jpg","width":800,"height":450},{"@type":"BreadcrumbList","@id":"https:\/\/stagpartynight.com\/fr\/product\/tour-camp-nou-barcelona\/#breadcrumb","itemListElement":[{"@type":"ListItem","position":1,"name":"Home","item":"https:\/\/stagpartynight.com\/fr\/"},{"@type":"ListItem","position":2,"name":"Tienda","item":"https:\/\/stagpartynight.com\/fr\/tienda\/"},{"@type":"ListItem","position":3,"name":"Tour Camp Nou Barcelone"}]},{"@type":"WebSite","@id":"https:\/\/stagpartynight.com\/fr\/#website","url":"https:\/\/stagpartynight.com\/fr\/","name":"Stag Party Night","description":"Your Stag Party Customized","publisher":{"@id":"https:\/\/stagpartynight.com\/fr\/#organization"},"potentialAction":[{"@type":"SearchAction","target":{"@type":"EntryPoint","urlTemplate":"https:\/\/stagpartynight.com\/fr\/?s={search_term_string}"},"query-input":{"@type":"PropertyValueSpecification","valueRequired":true,"valueName":"search_term_string"}}],"inLanguage":"en-GB"},{"@type":"Organization","@id":"https:\/\/stagpartynight.com\/fr\/#organization","name":"Stag Party Night","url":"https:\/\/stagpartynight.com\/fr\/","logo":{"@type":"ImageObject","inLanguage":"en-GB","@id":"https:\/\/stagpartynight.com\/fr\/#\/schema\/logo\/image\/","url":"https:\/\/stagpartynight.com\/fr\/wp-content\/uploads\/sites\/3\/2019\/12\/stagpartynight-e1578565505687.png","contentUrl":"https:\/\/stagpartynight.com\/fr\/wp-content\/uploads\/sites\/3\/2019\/12\/stagpartynight-e1578565505687.png","width":400,"height":400,"caption":"Stag Party Night"},"image":{"@id":"https:\/\/stagpartynight.com\/fr\/#\/schema\/logo\/image\/"}}]}},"_links":{"self":[{"href":"https:\/\/stagpartynight.com\/fr\/wp-json\/wp\/v2\/product\/234","targetHints":{"allow":["GET"]}}],"collection":[{"href":"https:\/\/stagpartynight.com\/fr\/wp-json\/wp\/v2\/product"}],"about":[{"href":"https:\/\/stagpartynight.com\/fr\/wp-json\/wp\/v2\/types\/product"}],"replies":[{"embeddable":true,"href":"https:\/\/stagpartynight.com\/fr\/wp-json\/wp\/v2\/comments?post=234"}],"wp:featuredmedia":[{"embeddable":true,"href":"https:\/\/stagpartynight.com\/fr\/wp-json\/wp\/v2\/media\/235"}],"wp:attachment":[{"href":"https:\/\/stagpartynight.com\/fr\/wp-json\/wp\/v2\/media?parent=234"}],"wp:term":[{"taxonomy":"product_brand","embeddable":true,"href":"https:\/\/stagpartynight.com\/fr\/wp-json\/wp\/v2\/product_brand?post=234"},{"taxonomy":"product_cat","embeddable":true,"href":"https:\/\/stagpartynight.com\/fr\/wp-json\/wp\/v2\/product_cat?post=234"},{"taxonomy":"product_tag","embeddable":true,"href":"https:\/\/stagpartynight.com\/fr\/wp-json\/wp\/v2\/product_tag?post=234"}],"curies":[{"name":"wp","href":"https:\/\/api.w.org\/{rel}","templated":true}]}}