{"id":239,"date":"2020-01-08T13:02:00","date_gmt":"2020-01-08T12:02:00","guid":{"rendered":"https:\/\/stagpartynight.com\/fr\/?post_type=product&#038;p=239"},"modified":"2021-02-02T16:43:28","modified_gmt":"2021-02-02T15:43:28","slug":"spanish-cooking-class-barcelona","status":"publish","type":"product","link":"https:\/\/stagpartynight.com\/fr\/product\/spanish-cooking-class-barcelona\/","title":{"rendered":"Classe de cuisine \u00e0 Barcelone"},"content":{"rendered":"<p>Apprenez \u00e0 cuisiner les plats typiques de la gastronomie espagnole. En savoir plus sur son histoire, pour vous apprendre les ingr\u00e9dients, les techniques et la fa\u00e7on de les pr\u00e9parer. \u00c0 la fin du cours, essayez votre \u00e9laboration. Cours priv\u00e9s d&#8217;une heure et demie.<\/p>\n","protected":false},"excerpt":{"rendered":"<p>Apprenez \u00e0 cuisiner les plats typiques de la gastronomie espagnole. En savoir plus sur son histoire, pour vous apprendre les ingr\u00e9dients, les techniques et la fa\u00e7on de les pr\u00e9parer. \u00c0 la fin du cours, essayez votre \u00e9laboration. Cours priv\u00e9s d&#8217;une heure et demie.<\/p>\n","protected":false},"featured_media":240,"comment_status":"open","ping_status":"closed","template":"","meta":{"_et_pb_use_builder":"","_et_pb_old_content":"","_et_gb_content_width":""},"product_brand":[],"product_cat":[68],"product_tag":[359,360,361,100],"class_list":{"0":"post-239","1":"product","2":"type-product","3":"status-publish","4":"has-post-thumbnail","6":"product_cat-barcelona","7":"product_tag-classe-de-cuisine-a-barcelone","8":"product_tag-cours-de-cuisine-a-barcelone","9":"product_tag-cours-de-cuisine-espagnole","10":"product_tag-spanish-cooking-class-barcelona","12":"first","13":"instock","14":"virtual","15":"product-type-simple"},"yoast_head":"<!-- This site is optimized with the Yoast SEO plugin v26.4 - https:\/\/yoast.com\/wordpress\/plugins\/seo\/ -->\n<title>Classe de cuisine \u00e0 Barcelone - Cours de cuisine \u00e0 Barcelone<\/title>\n<meta name=\"description\" content=\"Classe de cuisine \u00e0 Barcelone - Apprenez \u00e0 cuisiner les plats typiques de la gastronomie espagnole. En savoir plus sur son histoire, pour vous apprendre les ingr\u00e9dients, les techniques et la fa\u00e7on de les pr\u00e9parer. \u00c0 la fin du cours, essayez votre \u00e9laboration. Cours priv\u00e9s d&#039;une heure et demie.\u00a0\" \/>\n<meta name=\"robots\" content=\"index, follow, max-snippet:-1, max-image-preview:large, max-video-preview:-1\" \/>\n<link rel=\"canonical\" href=\"https:\/\/stagpartynight.com\/fr\/product\/spanish-cooking-class-barcelona\/\" \/>\n<meta property=\"og:locale\" content=\"en_GB\" \/>\n<meta property=\"og:type\" content=\"article\" \/>\n<meta property=\"og:title\" content=\"Classe de cuisine \u00e0 Barcelone - Cours de cuisine \u00e0 Barcelone\" \/>\n<meta property=\"og:description\" content=\"Classe de cuisine \u00e0 Barcelone - Apprenez \u00e0 cuisiner les plats typiques de la gastronomie espagnole. En savoir plus sur son histoire, pour vous apprendre les ingr\u00e9dients, les techniques et la fa\u00e7on de les pr\u00e9parer. \u00c0 la fin du cours, essayez votre \u00e9laboration. Cours priv\u00e9s d&#039;une heure et demie.\u00a0\" \/>\n<meta property=\"og:url\" content=\"https:\/\/stagpartynight.com\/fr\/product\/spanish-cooking-class-barcelona\/\" \/>\n<meta property=\"og:site_name\" content=\"Nuit de f\u00eate de cerf\" \/>\n<meta property=\"article:modified_time\" content=\"2021-02-02T15:43:28+00:00\" \/>\n<meta property=\"og:image\" content=\"https:\/\/stagpartynight.com\/fr\/wp-content\/uploads\/sites\/3\/2020\/01\/Spanish-Cooking-Class-Barcelona.jpg\" \/>\n\t<meta property=\"og:image:width\" content=\"675\" \/>\n\t<meta property=\"og:image:height\" content=\"473\" \/>\n\t<meta property=\"og:image:type\" content=\"image\/jpeg\" \/>\n<meta name=\"twitter:card\" content=\"summary_large_image\" \/>\n<script type=\"application\/ld+json\" class=\"yoast-schema-graph\">{\"@context\":\"https:\/\/schema.org\",\"@graph\":[{\"@type\":\"WebPage\",\"@id\":\"https:\/\/stagpartynight.com\/fr\/product\/spanish-cooking-class-barcelona\/\",\"url\":\"https:\/\/stagpartynight.com\/fr\/product\/spanish-cooking-class-barcelona\/\",\"name\":\"Classe de cuisine \u00e0 Barcelone - Cours de cuisine \u00e0 Barcelone\",\"isPartOf\":{\"@id\":\"https:\/\/stagpartynight.com\/fr\/#website\"},\"primaryImageOfPage\":{\"@id\":\"https:\/\/stagpartynight.com\/fr\/product\/spanish-cooking-class-barcelona\/#primaryimage\"},\"image\":{\"@id\":\"https:\/\/stagpartynight.com\/fr\/product\/spanish-cooking-class-barcelona\/#primaryimage\"},\"thumbnailUrl\":\"https:\/\/stagpartynight.com\/fr\/wp-content\/uploads\/sites\/3\/2020\/01\/Spanish-Cooking-Class-Barcelona.jpg\",\"datePublished\":\"2020-01-08T12:02:00+00:00\",\"dateModified\":\"2021-02-02T15:43:28+00:00\",\"description\":\"Classe de cuisine \u00e0 Barcelone - Apprenez \u00e0 cuisiner les plats typiques de la gastronomie espagnole. En savoir plus sur son histoire, pour vous apprendre les ingr\u00e9dients, les techniques et la fa\u00e7on de les pr\u00e9parer. \u00c0 la fin du cours, essayez votre \u00e9laboration. Cours priv\u00e9s d'une heure et demie.\u00a0\",\"breadcrumb\":{\"@id\":\"https:\/\/stagpartynight.com\/fr\/product\/spanish-cooking-class-barcelona\/#breadcrumb\"},\"inLanguage\":\"en-GB\",\"potentialAction\":[{\"@type\":\"ReadAction\",\"target\":[\"https:\/\/stagpartynight.com\/fr\/product\/spanish-cooking-class-barcelona\/\"]}]},{\"@type\":\"ImageObject\",\"inLanguage\":\"en-GB\",\"@id\":\"https:\/\/stagpartynight.com\/fr\/product\/spanish-cooking-class-barcelona\/#primaryimage\",\"url\":\"https:\/\/stagpartynight.com\/fr\/wp-content\/uploads\/sites\/3\/2020\/01\/Spanish-Cooking-Class-Barcelona.jpg\",\"contentUrl\":\"https:\/\/stagpartynight.com\/fr\/wp-content\/uploads\/sites\/3\/2020\/01\/Spanish-Cooking-Class-Barcelona.jpg\",\"width\":675,\"height\":473},{\"@type\":\"BreadcrumbList\",\"@id\":\"https:\/\/stagpartynight.com\/fr\/product\/spanish-cooking-class-barcelona\/#breadcrumb\",\"itemListElement\":[{\"@type\":\"ListItem\",\"position\":1,\"name\":\"Home\",\"item\":\"https:\/\/stagpartynight.com\/fr\/\"},{\"@type\":\"ListItem\",\"position\":2,\"name\":\"Tienda\",\"item\":\"https:\/\/stagpartynight.com\/fr\/tienda\/\"},{\"@type\":\"ListItem\",\"position\":3,\"name\":\"Classe de cuisine \u00e0 Barcelone\"}]},{\"@type\":\"WebSite\",\"@id\":\"https:\/\/stagpartynight.com\/fr\/#website\",\"url\":\"https:\/\/stagpartynight.com\/fr\/\",\"name\":\"Stag Party Night\",\"description\":\"Your Stag Party Customized\",\"publisher\":{\"@id\":\"https:\/\/stagpartynight.com\/fr\/#organization\"},\"potentialAction\":[{\"@type\":\"SearchAction\",\"target\":{\"@type\":\"EntryPoint\",\"urlTemplate\":\"https:\/\/stagpartynight.com\/fr\/?s={search_term_string}\"},\"query-input\":{\"@type\":\"PropertyValueSpecification\",\"valueRequired\":true,\"valueName\":\"search_term_string\"}}],\"inLanguage\":\"en-GB\"},{\"@type\":\"Organization\",\"@id\":\"https:\/\/stagpartynight.com\/fr\/#organization\",\"name\":\"Stag Party Night\",\"url\":\"https:\/\/stagpartynight.com\/fr\/\",\"logo\":{\"@type\":\"ImageObject\",\"inLanguage\":\"en-GB\",\"@id\":\"https:\/\/stagpartynight.com\/fr\/#\/schema\/logo\/image\/\",\"url\":\"https:\/\/stagpartynight.com\/fr\/wp-content\/uploads\/sites\/3\/2019\/12\/stagpartynight-e1578565505687.png\",\"contentUrl\":\"https:\/\/stagpartynight.com\/fr\/wp-content\/uploads\/sites\/3\/2019\/12\/stagpartynight-e1578565505687.png\",\"width\":400,\"height\":400,\"caption\":\"Stag Party Night\"},\"image\":{\"@id\":\"https:\/\/stagpartynight.com\/fr\/#\/schema\/logo\/image\/\"}}]}<\/script>\n<!-- \/ Yoast SEO plugin. -->","yoast_head_json":{"title":"Classe de cuisine \u00e0 Barcelone - Cours de cuisine \u00e0 Barcelone","description":"Classe de cuisine \u00e0 Barcelone - Apprenez \u00e0 cuisiner les plats typiques de la gastronomie espagnole. En savoir plus sur son histoire, pour vous apprendre les ingr\u00e9dients, les techniques et la fa\u00e7on de les pr\u00e9parer. \u00c0 la fin du cours, essayez votre \u00e9laboration. Cours priv\u00e9s d'une heure et demie.\u00a0","robots":{"index":"index","follow":"follow","max-snippet":"max-snippet:-1","max-image-preview":"max-image-preview:large","max-video-preview":"max-video-preview:-1"},"canonical":"https:\/\/stagpartynight.com\/fr\/product\/spanish-cooking-class-barcelona\/","og_locale":"en_GB","og_type":"article","og_title":"Classe de cuisine \u00e0 Barcelone - Cours de cuisine \u00e0 Barcelone","og_description":"Classe de cuisine \u00e0 Barcelone - Apprenez \u00e0 cuisiner les plats typiques de la gastronomie espagnole. En savoir plus sur son histoire, pour vous apprendre les ingr\u00e9dients, les techniques et la fa\u00e7on de les pr\u00e9parer. \u00c0 la fin du cours, essayez votre \u00e9laboration. Cours priv\u00e9s d'une heure et demie.\u00a0","og_url":"https:\/\/stagpartynight.com\/fr\/product\/spanish-cooking-class-barcelona\/","og_site_name":"Nuit de f\u00eate de cerf","article_modified_time":"2021-02-02T15:43:28+00:00","og_image":[{"width":675,"height":473,"url":"https:\/\/stagpartynight.com\/fr\/wp-content\/uploads\/sites\/3\/2020\/01\/Spanish-Cooking-Class-Barcelona.jpg","type":"image\/jpeg"}],"twitter_card":"summary_large_image","schema":{"@context":"https:\/\/schema.org","@graph":[{"@type":"WebPage","@id":"https:\/\/stagpartynight.com\/fr\/product\/spanish-cooking-class-barcelona\/","url":"https:\/\/stagpartynight.com\/fr\/product\/spanish-cooking-class-barcelona\/","name":"Classe de cuisine \u00e0 Barcelone - Cours de cuisine \u00e0 Barcelone","isPartOf":{"@id":"https:\/\/stagpartynight.com\/fr\/#website"},"primaryImageOfPage":{"@id":"https:\/\/stagpartynight.com\/fr\/product\/spanish-cooking-class-barcelona\/#primaryimage"},"image":{"@id":"https:\/\/stagpartynight.com\/fr\/product\/spanish-cooking-class-barcelona\/#primaryimage"},"thumbnailUrl":"https:\/\/stagpartynight.com\/fr\/wp-content\/uploads\/sites\/3\/2020\/01\/Spanish-Cooking-Class-Barcelona.jpg","datePublished":"2020-01-08T12:02:00+00:00","dateModified":"2021-02-02T15:43:28+00:00","description":"Classe de cuisine \u00e0 Barcelone - Apprenez \u00e0 cuisiner les plats typiques de la gastronomie espagnole. En savoir plus sur son histoire, pour vous apprendre les ingr\u00e9dients, les techniques et la fa\u00e7on de les pr\u00e9parer. \u00c0 la fin du cours, essayez votre \u00e9laboration. Cours priv\u00e9s d'une heure et demie.\u00a0","breadcrumb":{"@id":"https:\/\/stagpartynight.com\/fr\/product\/spanish-cooking-class-barcelona\/#breadcrumb"},"inLanguage":"en-GB","potentialAction":[{"@type":"ReadAction","target":["https:\/\/stagpartynight.com\/fr\/product\/spanish-cooking-class-barcelona\/"]}]},{"@type":"ImageObject","inLanguage":"en-GB","@id":"https:\/\/stagpartynight.com\/fr\/product\/spanish-cooking-class-barcelona\/#primaryimage","url":"https:\/\/stagpartynight.com\/fr\/wp-content\/uploads\/sites\/3\/2020\/01\/Spanish-Cooking-Class-Barcelona.jpg","contentUrl":"https:\/\/stagpartynight.com\/fr\/wp-content\/uploads\/sites\/3\/2020\/01\/Spanish-Cooking-Class-Barcelona.jpg","width":675,"height":473},{"@type":"BreadcrumbList","@id":"https:\/\/stagpartynight.com\/fr\/product\/spanish-cooking-class-barcelona\/#breadcrumb","itemListElement":[{"@type":"ListItem","position":1,"name":"Home","item":"https:\/\/stagpartynight.com\/fr\/"},{"@type":"ListItem","position":2,"name":"Tienda","item":"https:\/\/stagpartynight.com\/fr\/tienda\/"},{"@type":"ListItem","position":3,"name":"Classe de cuisine \u00e0 Barcelone"}]},{"@type":"WebSite","@id":"https:\/\/stagpartynight.com\/fr\/#website","url":"https:\/\/stagpartynight.com\/fr\/","name":"Stag Party Night","description":"Your Stag Party Customized","publisher":{"@id":"https:\/\/stagpartynight.com\/fr\/#organization"},"potentialAction":[{"@type":"SearchAction","target":{"@type":"EntryPoint","urlTemplate":"https:\/\/stagpartynight.com\/fr\/?s={search_term_string}"},"query-input":{"@type":"PropertyValueSpecification","valueRequired":true,"valueName":"search_term_string"}}],"inLanguage":"en-GB"},{"@type":"Organization","@id":"https:\/\/stagpartynight.com\/fr\/#organization","name":"Stag Party Night","url":"https:\/\/stagpartynight.com\/fr\/","logo":{"@type":"ImageObject","inLanguage":"en-GB","@id":"https:\/\/stagpartynight.com\/fr\/#\/schema\/logo\/image\/","url":"https:\/\/stagpartynight.com\/fr\/wp-content\/uploads\/sites\/3\/2019\/12\/stagpartynight-e1578565505687.png","contentUrl":"https:\/\/stagpartynight.com\/fr\/wp-content\/uploads\/sites\/3\/2019\/12\/stagpartynight-e1578565505687.png","width":400,"height":400,"caption":"Stag Party Night"},"image":{"@id":"https:\/\/stagpartynight.com\/fr\/#\/schema\/logo\/image\/"}}]}},"_links":{"self":[{"href":"https:\/\/stagpartynight.com\/fr\/wp-json\/wp\/v2\/product\/239","targetHints":{"allow":["GET"]}}],"collection":[{"href":"https:\/\/stagpartynight.com\/fr\/wp-json\/wp\/v2\/product"}],"about":[{"href":"https:\/\/stagpartynight.com\/fr\/wp-json\/wp\/v2\/types\/product"}],"replies":[{"embeddable":true,"href":"https:\/\/stagpartynight.com\/fr\/wp-json\/wp\/v2\/comments?post=239"}],"wp:featuredmedia":[{"embeddable":true,"href":"https:\/\/stagpartynight.com\/fr\/wp-json\/wp\/v2\/media\/240"}],"wp:attachment":[{"href":"https:\/\/stagpartynight.com\/fr\/wp-json\/wp\/v2\/media?parent=239"}],"wp:term":[{"taxonomy":"product_brand","embeddable":true,"href":"https:\/\/stagpartynight.com\/fr\/wp-json\/wp\/v2\/product_brand?post=239"},{"taxonomy":"product_cat","embeddable":true,"href":"https:\/\/stagpartynight.com\/fr\/wp-json\/wp\/v2\/product_cat?post=239"},{"taxonomy":"product_tag","embeddable":true,"href":"https:\/\/stagpartynight.com\/fr\/wp-json\/wp\/v2\/product_tag?post=239"}],"curies":[{"name":"wp","href":"https:\/\/api.w.org\/{rel}","templated":true}]}}