{"id":246,"date":"2020-01-08T13:15:22","date_gmt":"2020-01-08T12:15:22","guid":{"rendered":"https:\/\/stagpartynight.com\/fr\/?post_type=product&#038;p=246"},"modified":"2021-02-02T12:41:56","modified_gmt":"2021-02-02T11:41:56","slug":"partybus-stripper-discoteque-barcelona","status":"publish","type":"product","link":"https:\/\/stagpartynight.com\/fr\/product\/partybus-stripper-discoteque-barcelona\/","title":{"rendered":"Partybus + Strip-teaseur + Discoth\u00e8que"},"content":{"rendered":"<p>Discob\u00fas de 55 places et avec 1 heure de visite plus 1 bouteille de cava pour 8 personnes. Spectacle de strip-tease \u00e0 l&#8217;int\u00e9rieur du v\u00e9hicule. Entr\u00e9e avant 1h du soir en discoth\u00e8que.<\/p>\n","protected":false},"excerpt":{"rendered":"<p>Discob\u00fas de 55 places et avec 1 heure de visite plus 1 bouteille de cava pour 8 personnes. Spectacle de strip-tease \u00e0 l&#8217;int\u00e9rieur du v\u00e9hicule. Entr\u00e9e avant 1h du soir en discoth\u00e8que.<\/p>\n","protected":false},"featured_media":1766,"comment_status":"open","ping_status":"closed","template":"","meta":{"_et_pb_use_builder":"","_et_pb_old_content":"","_et_gb_content_width":""},"product_brand":[],"product_cat":[68],"product_tag":[351,109],"class_list":{"0":"post-246","1":"product","2":"type-product","3":"status-publish","4":"has-post-thumbnail","6":"product_cat-barcelona","7":"product_tag-partybus-strip-teaseur-discotheque","8":"product_tag-partybus-stripper-discoteque-barcelona","10":"first","11":"instock","12":"virtual","13":"product-type-simple"},"yoast_head":"<!-- This site is optimized with the Yoast SEO plugin v26.4 - https:\/\/yoast.com\/wordpress\/plugins\/seo\/ -->\n<title>Partybus + Strip-teaseur + Discoth\u00e8que - Stagpartynight - EVJF Barcelone<\/title>\n<meta name=\"description\" content=\"Partybus + Strip-teaseur + Discoth\u00e8que - D\u00e9couvrez les meilleures activit\u00e9s et packs pour les enterrements de vie de gar\u00e7on \u00e0 Barcelone - Packs EVJF\" \/>\n<meta name=\"robots\" content=\"index, follow, max-snippet:-1, max-image-preview:large, max-video-preview:-1\" \/>\n<link rel=\"canonical\" href=\"https:\/\/stagpartynight.com\/fr\/product\/partybus-stripper-discoteque-barcelona\/\" \/>\n<meta property=\"og:locale\" content=\"en_GB\" \/>\n<meta property=\"og:type\" content=\"article\" \/>\n<meta property=\"og:title\" content=\"Partybus + Strip-teaseur + Discoth\u00e8que - Stagpartynight - EVJF Barcelone\" \/>\n<meta property=\"og:description\" content=\"Partybus + Strip-teaseur + Discoth\u00e8que - D\u00e9couvrez les meilleures activit\u00e9s et packs pour les enterrements de vie de gar\u00e7on \u00e0 Barcelone - Packs EVJF\" \/>\n<meta property=\"og:url\" content=\"https:\/\/stagpartynight.com\/fr\/product\/partybus-stripper-discoteque-barcelona\/\" \/>\n<meta property=\"og:site_name\" content=\"Nuit de f\u00eate de cerf\" \/>\n<meta property=\"article:modified_time\" content=\"2021-02-02T11:41:56+00:00\" \/>\n<meta property=\"og:image\" content=\"https:\/\/stagpartynight.com\/fr\/wp-content\/uploads\/sites\/3\/2020\/01\/Girls-4.jpeg\" \/>\n\t<meta property=\"og:image:width\" content=\"720\" \/>\n\t<meta property=\"og:image:height\" content=\"1079\" \/>\n\t<meta property=\"og:image:type\" content=\"image\/jpeg\" \/>\n<meta name=\"twitter:card\" content=\"summary_large_image\" \/>\n<script type=\"application\/ld+json\" class=\"yoast-schema-graph\">{\"@context\":\"https:\/\/schema.org\",\"@graph\":[{\"@type\":\"WebPage\",\"@id\":\"https:\/\/stagpartynight.com\/fr\/product\/partybus-stripper-discoteque-barcelona\/\",\"url\":\"https:\/\/stagpartynight.com\/fr\/product\/partybus-stripper-discoteque-barcelona\/\",\"name\":\"Partybus + Strip-teaseur + Discoth\u00e8que - Stagpartynight - EVJF Barcelone\",\"isPartOf\":{\"@id\":\"https:\/\/stagpartynight.com\/fr\/#website\"},\"primaryImageOfPage\":{\"@id\":\"https:\/\/stagpartynight.com\/fr\/product\/partybus-stripper-discoteque-barcelona\/#primaryimage\"},\"image\":{\"@id\":\"https:\/\/stagpartynight.com\/fr\/product\/partybus-stripper-discoteque-barcelona\/#primaryimage\"},\"thumbnailUrl\":\"https:\/\/stagpartynight.com\/fr\/wp-content\/uploads\/sites\/3\/2020\/01\/Girls-4.jpeg\",\"datePublished\":\"2020-01-08T12:15:22+00:00\",\"dateModified\":\"2021-02-02T11:41:56+00:00\",\"description\":\"Partybus + Strip-teaseur + Discoth\u00e8que - D\u00e9couvrez les meilleures activit\u00e9s et packs pour les enterrements de vie de gar\u00e7on \u00e0 Barcelone - Packs EVJF\",\"breadcrumb\":{\"@id\":\"https:\/\/stagpartynight.com\/fr\/product\/partybus-stripper-discoteque-barcelona\/#breadcrumb\"},\"inLanguage\":\"en-GB\",\"potentialAction\":[{\"@type\":\"ReadAction\",\"target\":[\"https:\/\/stagpartynight.com\/fr\/product\/partybus-stripper-discoteque-barcelona\/\"]}]},{\"@type\":\"ImageObject\",\"inLanguage\":\"en-GB\",\"@id\":\"https:\/\/stagpartynight.com\/fr\/product\/partybus-stripper-discoteque-barcelona\/#primaryimage\",\"url\":\"https:\/\/stagpartynight.com\/fr\/wp-content\/uploads\/sites\/3\/2020\/01\/Girls-4.jpeg\",\"contentUrl\":\"https:\/\/stagpartynight.com\/fr\/wp-content\/uploads\/sites\/3\/2020\/01\/Girls-4.jpeg\",\"width\":720,\"height\":1079},{\"@type\":\"BreadcrumbList\",\"@id\":\"https:\/\/stagpartynight.com\/fr\/product\/partybus-stripper-discoteque-barcelona\/#breadcrumb\",\"itemListElement\":[{\"@type\":\"ListItem\",\"position\":1,\"name\":\"Home\",\"item\":\"https:\/\/stagpartynight.com\/fr\/\"},{\"@type\":\"ListItem\",\"position\":2,\"name\":\"Tienda\",\"item\":\"https:\/\/stagpartynight.com\/fr\/tienda\/\"},{\"@type\":\"ListItem\",\"position\":3,\"name\":\"Partybus + Strip-teaseur + Discoth\u00e8que\"}]},{\"@type\":\"WebSite\",\"@id\":\"https:\/\/stagpartynight.com\/fr\/#website\",\"url\":\"https:\/\/stagpartynight.com\/fr\/\",\"name\":\"Stag Party Night\",\"description\":\"Your Stag Party Customized\",\"publisher\":{\"@id\":\"https:\/\/stagpartynight.com\/fr\/#organization\"},\"potentialAction\":[{\"@type\":\"SearchAction\",\"target\":{\"@type\":\"EntryPoint\",\"urlTemplate\":\"https:\/\/stagpartynight.com\/fr\/?s={search_term_string}\"},\"query-input\":{\"@type\":\"PropertyValueSpecification\",\"valueRequired\":true,\"valueName\":\"search_term_string\"}}],\"inLanguage\":\"en-GB\"},{\"@type\":\"Organization\",\"@id\":\"https:\/\/stagpartynight.com\/fr\/#organization\",\"name\":\"Stag Party Night\",\"url\":\"https:\/\/stagpartynight.com\/fr\/\",\"logo\":{\"@type\":\"ImageObject\",\"inLanguage\":\"en-GB\",\"@id\":\"https:\/\/stagpartynight.com\/fr\/#\/schema\/logo\/image\/\",\"url\":\"https:\/\/stagpartynight.com\/fr\/wp-content\/uploads\/sites\/3\/2019\/12\/stagpartynight-e1578565505687.png\",\"contentUrl\":\"https:\/\/stagpartynight.com\/fr\/wp-content\/uploads\/sites\/3\/2019\/12\/stagpartynight-e1578565505687.png\",\"width\":400,\"height\":400,\"caption\":\"Stag Party Night\"},\"image\":{\"@id\":\"https:\/\/stagpartynight.com\/fr\/#\/schema\/logo\/image\/\"}}]}<\/script>\n<!-- \/ Yoast SEO plugin. -->","yoast_head_json":{"title":"Partybus + Strip-teaseur + Discoth\u00e8que - Stagpartynight - EVJF Barcelone","description":"Partybus + Strip-teaseur + Discoth\u00e8que - D\u00e9couvrez les meilleures activit\u00e9s et packs pour les enterrements de vie de gar\u00e7on \u00e0 Barcelone - Packs EVJF","robots":{"index":"index","follow":"follow","max-snippet":"max-snippet:-1","max-image-preview":"max-image-preview:large","max-video-preview":"max-video-preview:-1"},"canonical":"https:\/\/stagpartynight.com\/fr\/product\/partybus-stripper-discoteque-barcelona\/","og_locale":"en_GB","og_type":"article","og_title":"Partybus + Strip-teaseur + Discoth\u00e8que - Stagpartynight - EVJF Barcelone","og_description":"Partybus + Strip-teaseur + Discoth\u00e8que - D\u00e9couvrez les meilleures activit\u00e9s et packs pour les enterrements de vie de gar\u00e7on \u00e0 Barcelone - Packs EVJF","og_url":"https:\/\/stagpartynight.com\/fr\/product\/partybus-stripper-discoteque-barcelona\/","og_site_name":"Nuit de f\u00eate de cerf","article_modified_time":"2021-02-02T11:41:56+00:00","og_image":[{"width":720,"height":1079,"url":"https:\/\/stagpartynight.com\/fr\/wp-content\/uploads\/sites\/3\/2020\/01\/Girls-4.jpeg","type":"image\/jpeg"}],"twitter_card":"summary_large_image","schema":{"@context":"https:\/\/schema.org","@graph":[{"@type":"WebPage","@id":"https:\/\/stagpartynight.com\/fr\/product\/partybus-stripper-discoteque-barcelona\/","url":"https:\/\/stagpartynight.com\/fr\/product\/partybus-stripper-discoteque-barcelona\/","name":"Partybus + Strip-teaseur + Discoth\u00e8que - Stagpartynight - EVJF Barcelone","isPartOf":{"@id":"https:\/\/stagpartynight.com\/fr\/#website"},"primaryImageOfPage":{"@id":"https:\/\/stagpartynight.com\/fr\/product\/partybus-stripper-discoteque-barcelona\/#primaryimage"},"image":{"@id":"https:\/\/stagpartynight.com\/fr\/product\/partybus-stripper-discoteque-barcelona\/#primaryimage"},"thumbnailUrl":"https:\/\/stagpartynight.com\/fr\/wp-content\/uploads\/sites\/3\/2020\/01\/Girls-4.jpeg","datePublished":"2020-01-08T12:15:22+00:00","dateModified":"2021-02-02T11:41:56+00:00","description":"Partybus + Strip-teaseur + Discoth\u00e8que - D\u00e9couvrez les meilleures activit\u00e9s et packs pour les enterrements de vie de gar\u00e7on \u00e0 Barcelone - Packs EVJF","breadcrumb":{"@id":"https:\/\/stagpartynight.com\/fr\/product\/partybus-stripper-discoteque-barcelona\/#breadcrumb"},"inLanguage":"en-GB","potentialAction":[{"@type":"ReadAction","target":["https:\/\/stagpartynight.com\/fr\/product\/partybus-stripper-discoteque-barcelona\/"]}]},{"@type":"ImageObject","inLanguage":"en-GB","@id":"https:\/\/stagpartynight.com\/fr\/product\/partybus-stripper-discoteque-barcelona\/#primaryimage","url":"https:\/\/stagpartynight.com\/fr\/wp-content\/uploads\/sites\/3\/2020\/01\/Girls-4.jpeg","contentUrl":"https:\/\/stagpartynight.com\/fr\/wp-content\/uploads\/sites\/3\/2020\/01\/Girls-4.jpeg","width":720,"height":1079},{"@type":"BreadcrumbList","@id":"https:\/\/stagpartynight.com\/fr\/product\/partybus-stripper-discoteque-barcelona\/#breadcrumb","itemListElement":[{"@type":"ListItem","position":1,"name":"Home","item":"https:\/\/stagpartynight.com\/fr\/"},{"@type":"ListItem","position":2,"name":"Tienda","item":"https:\/\/stagpartynight.com\/fr\/tienda\/"},{"@type":"ListItem","position":3,"name":"Partybus + Strip-teaseur + Discoth\u00e8que"}]},{"@type":"WebSite","@id":"https:\/\/stagpartynight.com\/fr\/#website","url":"https:\/\/stagpartynight.com\/fr\/","name":"Stag Party Night","description":"Your Stag Party Customized","publisher":{"@id":"https:\/\/stagpartynight.com\/fr\/#organization"},"potentialAction":[{"@type":"SearchAction","target":{"@type":"EntryPoint","urlTemplate":"https:\/\/stagpartynight.com\/fr\/?s={search_term_string}"},"query-input":{"@type":"PropertyValueSpecification","valueRequired":true,"valueName":"search_term_string"}}],"inLanguage":"en-GB"},{"@type":"Organization","@id":"https:\/\/stagpartynight.com\/fr\/#organization","name":"Stag Party Night","url":"https:\/\/stagpartynight.com\/fr\/","logo":{"@type":"ImageObject","inLanguage":"en-GB","@id":"https:\/\/stagpartynight.com\/fr\/#\/schema\/logo\/image\/","url":"https:\/\/stagpartynight.com\/fr\/wp-content\/uploads\/sites\/3\/2019\/12\/stagpartynight-e1578565505687.png","contentUrl":"https:\/\/stagpartynight.com\/fr\/wp-content\/uploads\/sites\/3\/2019\/12\/stagpartynight-e1578565505687.png","width":400,"height":400,"caption":"Stag Party Night"},"image":{"@id":"https:\/\/stagpartynight.com\/fr\/#\/schema\/logo\/image\/"}}]}},"_links":{"self":[{"href":"https:\/\/stagpartynight.com\/fr\/wp-json\/wp\/v2\/product\/246","targetHints":{"allow":["GET"]}}],"collection":[{"href":"https:\/\/stagpartynight.com\/fr\/wp-json\/wp\/v2\/product"}],"about":[{"href":"https:\/\/stagpartynight.com\/fr\/wp-json\/wp\/v2\/types\/product"}],"replies":[{"embeddable":true,"href":"https:\/\/stagpartynight.com\/fr\/wp-json\/wp\/v2\/comments?post=246"}],"wp:featuredmedia":[{"embeddable":true,"href":"https:\/\/stagpartynight.com\/fr\/wp-json\/wp\/v2\/media\/1766"}],"wp:attachment":[{"href":"https:\/\/stagpartynight.com\/fr\/wp-json\/wp\/v2\/media?parent=246"}],"wp:term":[{"taxonomy":"product_brand","embeddable":true,"href":"https:\/\/stagpartynight.com\/fr\/wp-json\/wp\/v2\/product_brand?post=246"},{"taxonomy":"product_cat","embeddable":true,"href":"https:\/\/stagpartynight.com\/fr\/wp-json\/wp\/v2\/product_cat?post=246"},{"taxonomy":"product_tag","embeddable":true,"href":"https:\/\/stagpartynight.com\/fr\/wp-json\/wp\/v2\/product_tag?post=246"}],"curies":[{"name":"wp","href":"https:\/\/api.w.org\/{rel}","templated":true}]}}