{"id":2464,"date":"2021-08-12T13:57:41","date_gmt":"2021-08-12T11:57:41","guid":{"rendered":"https:\/\/stagpartynight.com\/fr\/?post_type=product&#038;p=2464"},"modified":"2024-01-23T10:32:53","modified_gmt":"2024-01-23T09:32:53","slug":"limousine-striptease-benidorm","status":"publish","type":"product","link":"https:\/\/stagpartynight.com\/fr\/product\/limousine-striptease-benidorm\/","title":{"rendered":"Limousine + Striptease Benidorm"},"content":{"rendered":"<p>Limousine + Striptease Benidorm. Service d&#8217;une heure en limousine avec 2 bouteilles de cava incluses. Striptease \u00e0 l&#8217;int\u00e9rieur. 12 places maximum.<\/p>\n<p>Les meilleurs enterrements de vie de gar\u00e7on avec <a href=\"https:\/\/stagpartynight.com\/\">StagParty<\/a>!<\/p>\n<h2 style=\"text-align: center;\">Limousine + Striptease Benidorm\ud83c\udf89<\/h2>\n<h4>Bienvenue \u00e0 l&#8217;exp\u00e9rience la plus luxueuse et amusante de Benidorm ! \ud83c\udf1f<\/h4>\n<p>D\u00e9couvrez le c\u00f4t\u00e9 sauvage de la ville avec notre offre exclusive : une heure de pur luxe et de divertissement dans notre incroyable limousine avec une surprise \u00e0 couper le souffle !<\/p>\n<p>\ud83c\udf7e Imaginez ceci : vous parcourez les rues de Benidorm dans une limousine \u00e9l\u00e9gante, confortablement install\u00e9, pendant que le champagne coule \u00e0 flots et que l&#8217;atmosph\u00e8re est remplie de rires et d&#8217;excitation. Mais ce n&#8217;est pas tout, car dans cette exp\u00e9rience, le plaisir atteint un tout autre niveau.<\/p>\n<p>\ud83d\udd7a Surprise ! \u00c0 l&#8217;int\u00e9rieur de la limousine, une strip-teaseur se joint \u00e0 la f\u00eate pour animer l&#8217;ambiance et \u00e9lever le divertissement \u00e0 des sommets inattendus. Avec sa gr\u00e2ce et son talent, elle fera de votre balade une exp\u00e9rience inoubliable. La combinaison parfaite de p\u00e9ch\u00e9 et de divertissement !<\/p>\n<p>Plongez dans l&#8217;extravagance tout en vous d\u00e9pla\u00e7ant dans les endroits les plus embl\u00e9matiques de Benidorm. Capturez des moments uniques avec vos amis, profitez du champagne p\u00e9tillant et laissez-vous emporter par la musique qui rendra la nuit m\u00e9morable.\ud83c\udf7e<\/p>\n<p>Que vous c\u00e9l\u00e9briez un enterrement de vie de gar\u00e7on, un anniversaire ou que vous cherchiez simplement une exp\u00e9rience unique, ne cherchez plus, car notre limousine avec danseuse est l&#8217;option id\u00e9ale pour transformer n&#8217;importe quelle occasion en un \u00e9v\u00e9nement extraordinaire.\ud83d\ude97<\/p>\n<p>R\u00e9servez maintenant et assurez-vous de ne pas manquer cette opportunit\u00e9 unique \u00e0 Benidorm. Le plaisir n&#8217;est qu&#8217;\u00e0 une limousine de distance. Faites de votre soir\u00e9e un moment inoubliable ! \ud83d\udc83<\/p>\n<p style=\"text-align: center;\">Profitez du p\u00e9ch\u00e9 \u00e0 <a href=\"https:\/\/es.wikipedia.org\/wiki\/Benidorm\">Benidorm<\/a> avec notre danseuse sexy!<\/p>\n<p>&nbsp;<\/p>\n","protected":false},"excerpt":{"rendered":"<p>Service d&#8217;une heure en limousine avec 2 bouteilles de cava incluses. striptease \u00e0 l&#8217;int\u00e9rieur. 12 places maximum.<\/p>\n","protected":false},"featured_media":1952,"comment_status":"open","ping_status":"closed","template":"","meta":{"_et_pb_use_builder":"","_et_pb_old_content":"","_et_gb_content_width":""},"product_brand":[],"product_cat":[600],"product_tag":[615],"class_list":{"0":"post-2464","1":"product","2":"type-product","3":"status-publish","4":"has-post-thumbnail","6":"product_cat-benidorm","7":"product_tag-limousine-striptease-benidorm","9":"first","10":"instock","11":"virtual","12":"product-type-simple"},"yoast_head":"<!-- This site is optimized with the Yoast SEO plugin v26.4 - https:\/\/yoast.com\/wordpress\/plugins\/seo\/ -->\n<title>Limousine + Striptease Benidorm<\/title>\n<meta name=\"description\" content=\"Limousine + Striptease Benidorm - D\u00e9couvrez dans Stagpartynight les services, activit\u00e9s et packs pour votre enterrement de vie de gar\u00e7on \u00e0 Benidorm\" \/>\n<meta name=\"robots\" content=\"index, follow, max-snippet:-1, max-image-preview:large, max-video-preview:-1\" \/>\n<link rel=\"canonical\" href=\"https:\/\/stagpartynight.com\/fr\/product\/limousine-striptease-benidorm\/\" \/>\n<meta property=\"og:locale\" content=\"en_GB\" \/>\n<meta property=\"og:type\" content=\"article\" \/>\n<meta property=\"og:title\" content=\"Limousine + Striptease Benidorm\" \/>\n<meta property=\"og:description\" content=\"Limousine + Striptease Benidorm - D\u00e9couvrez dans Stagpartynight les services, activit\u00e9s et packs pour votre enterrement de vie de gar\u00e7on \u00e0 Benidorm\" \/>\n<meta property=\"og:url\" content=\"https:\/\/stagpartynight.com\/fr\/product\/limousine-striptease-benidorm\/\" \/>\n<meta property=\"og:site_name\" content=\"Nuit de f\u00eate de cerf\" \/>\n<meta property=\"article:modified_time\" content=\"2024-01-23T09:32:53+00:00\" \/>\n<meta property=\"og:image\" content=\"https:\/\/stagpartynight.com\/fr\/wp-content\/uploads\/sites\/3\/2021\/02\/Girls-7.jpeg\" \/>\n\t<meta property=\"og:image:width\" content=\"720\" \/>\n\t<meta property=\"og:image:height\" content=\"1064\" \/>\n\t<meta property=\"og:image:type\" content=\"image\/jpeg\" \/>\n<meta name=\"twitter:card\" content=\"summary_large_image\" \/>\n<meta name=\"twitter:label1\" content=\"Estimated reading time\" \/>\n\t<meta name=\"twitter:data1\" content=\"2 minutes\" \/>\n<script type=\"application\/ld+json\" class=\"yoast-schema-graph\">{\"@context\":\"https:\/\/schema.org\",\"@graph\":[{\"@type\":\"WebPage\",\"@id\":\"https:\/\/stagpartynight.com\/fr\/product\/limousine-striptease-benidorm\/\",\"url\":\"https:\/\/stagpartynight.com\/fr\/product\/limousine-striptease-benidorm\/\",\"name\":\"Limousine + Striptease Benidorm\",\"isPartOf\":{\"@id\":\"https:\/\/stagpartynight.com\/fr\/#website\"},\"primaryImageOfPage\":{\"@id\":\"https:\/\/stagpartynight.com\/fr\/product\/limousine-striptease-benidorm\/#primaryimage\"},\"image\":{\"@id\":\"https:\/\/stagpartynight.com\/fr\/product\/limousine-striptease-benidorm\/#primaryimage\"},\"thumbnailUrl\":\"https:\/\/stagpartynight.com\/fr\/wp-content\/uploads\/sites\/3\/2021\/02\/Girls-7.jpeg\",\"datePublished\":\"2021-08-12T11:57:41+00:00\",\"dateModified\":\"2024-01-23T09:32:53+00:00\",\"description\":\"Limousine + Striptease Benidorm - D\u00e9couvrez dans Stagpartynight les services, activit\u00e9s et packs pour votre enterrement de vie de gar\u00e7on \u00e0 Benidorm\",\"breadcrumb\":{\"@id\":\"https:\/\/stagpartynight.com\/fr\/product\/limousine-striptease-benidorm\/#breadcrumb\"},\"inLanguage\":\"en-GB\",\"potentialAction\":[{\"@type\":\"ReadAction\",\"target\":[\"https:\/\/stagpartynight.com\/fr\/product\/limousine-striptease-benidorm\/\"]}]},{\"@type\":\"ImageObject\",\"inLanguage\":\"en-GB\",\"@id\":\"https:\/\/stagpartynight.com\/fr\/product\/limousine-striptease-benidorm\/#primaryimage\",\"url\":\"https:\/\/stagpartynight.com\/fr\/wp-content\/uploads\/sites\/3\/2021\/02\/Girls-7.jpeg\",\"contentUrl\":\"https:\/\/stagpartynight.com\/fr\/wp-content\/uploads\/sites\/3\/2021\/02\/Girls-7.jpeg\",\"width\":720,\"height\":1064,\"caption\":\"Limousine + Striptease Benidorm\"},{\"@type\":\"BreadcrumbList\",\"@id\":\"https:\/\/stagpartynight.com\/fr\/product\/limousine-striptease-benidorm\/#breadcrumb\",\"itemListElement\":[{\"@type\":\"ListItem\",\"position\":1,\"name\":\"Home\",\"item\":\"https:\/\/stagpartynight.com\/fr\/\"},{\"@type\":\"ListItem\",\"position\":2,\"name\":\"Tienda\",\"item\":\"https:\/\/stagpartynight.com\/fr\/tienda\/\"},{\"@type\":\"ListItem\",\"position\":3,\"name\":\"Limousine + Striptease Benidorm\"}]},{\"@type\":\"WebSite\",\"@id\":\"https:\/\/stagpartynight.com\/fr\/#website\",\"url\":\"https:\/\/stagpartynight.com\/fr\/\",\"name\":\"Stag Party Night\",\"description\":\"Your Stag Party Customized\",\"publisher\":{\"@id\":\"https:\/\/stagpartynight.com\/fr\/#organization\"},\"potentialAction\":[{\"@type\":\"SearchAction\",\"target\":{\"@type\":\"EntryPoint\",\"urlTemplate\":\"https:\/\/stagpartynight.com\/fr\/?s={search_term_string}\"},\"query-input\":{\"@type\":\"PropertyValueSpecification\",\"valueRequired\":true,\"valueName\":\"search_term_string\"}}],\"inLanguage\":\"en-GB\"},{\"@type\":\"Organization\",\"@id\":\"https:\/\/stagpartynight.com\/fr\/#organization\",\"name\":\"Stag Party Night\",\"url\":\"https:\/\/stagpartynight.com\/fr\/\",\"logo\":{\"@type\":\"ImageObject\",\"inLanguage\":\"en-GB\",\"@id\":\"https:\/\/stagpartynight.com\/fr\/#\/schema\/logo\/image\/\",\"url\":\"https:\/\/stagpartynight.com\/fr\/wp-content\/uploads\/sites\/3\/2019\/12\/stagpartynight-e1578565505687.png\",\"contentUrl\":\"https:\/\/stagpartynight.com\/fr\/wp-content\/uploads\/sites\/3\/2019\/12\/stagpartynight-e1578565505687.png\",\"width\":400,\"height\":400,\"caption\":\"Stag Party Night\"},\"image\":{\"@id\":\"https:\/\/stagpartynight.com\/fr\/#\/schema\/logo\/image\/\"}}]}<\/script>\n<!-- \/ Yoast SEO plugin. -->","yoast_head_json":{"title":"Limousine + Striptease Benidorm","description":"Limousine + Striptease Benidorm - D\u00e9couvrez dans Stagpartynight les services, activit\u00e9s et packs pour votre enterrement de vie de gar\u00e7on \u00e0 Benidorm","robots":{"index":"index","follow":"follow","max-snippet":"max-snippet:-1","max-image-preview":"max-image-preview:large","max-video-preview":"max-video-preview:-1"},"canonical":"https:\/\/stagpartynight.com\/fr\/product\/limousine-striptease-benidorm\/","og_locale":"en_GB","og_type":"article","og_title":"Limousine + Striptease Benidorm","og_description":"Limousine + Striptease Benidorm - D\u00e9couvrez dans Stagpartynight les services, activit\u00e9s et packs pour votre enterrement de vie de gar\u00e7on \u00e0 Benidorm","og_url":"https:\/\/stagpartynight.com\/fr\/product\/limousine-striptease-benidorm\/","og_site_name":"Nuit de f\u00eate de cerf","article_modified_time":"2024-01-23T09:32:53+00:00","og_image":[{"width":720,"height":1064,"url":"https:\/\/stagpartynight.com\/fr\/wp-content\/uploads\/sites\/3\/2021\/02\/Girls-7.jpeg","type":"image\/jpeg"}],"twitter_card":"summary_large_image","twitter_misc":{"Estimated reading time":"2 minutes"},"schema":{"@context":"https:\/\/schema.org","@graph":[{"@type":"WebPage","@id":"https:\/\/stagpartynight.com\/fr\/product\/limousine-striptease-benidorm\/","url":"https:\/\/stagpartynight.com\/fr\/product\/limousine-striptease-benidorm\/","name":"Limousine + Striptease Benidorm","isPartOf":{"@id":"https:\/\/stagpartynight.com\/fr\/#website"},"primaryImageOfPage":{"@id":"https:\/\/stagpartynight.com\/fr\/product\/limousine-striptease-benidorm\/#primaryimage"},"image":{"@id":"https:\/\/stagpartynight.com\/fr\/product\/limousine-striptease-benidorm\/#primaryimage"},"thumbnailUrl":"https:\/\/stagpartynight.com\/fr\/wp-content\/uploads\/sites\/3\/2021\/02\/Girls-7.jpeg","datePublished":"2021-08-12T11:57:41+00:00","dateModified":"2024-01-23T09:32:53+00:00","description":"Limousine + Striptease Benidorm - D\u00e9couvrez dans Stagpartynight les services, activit\u00e9s et packs pour votre enterrement de vie de gar\u00e7on \u00e0 Benidorm","breadcrumb":{"@id":"https:\/\/stagpartynight.com\/fr\/product\/limousine-striptease-benidorm\/#breadcrumb"},"inLanguage":"en-GB","potentialAction":[{"@type":"ReadAction","target":["https:\/\/stagpartynight.com\/fr\/product\/limousine-striptease-benidorm\/"]}]},{"@type":"ImageObject","inLanguage":"en-GB","@id":"https:\/\/stagpartynight.com\/fr\/product\/limousine-striptease-benidorm\/#primaryimage","url":"https:\/\/stagpartynight.com\/fr\/wp-content\/uploads\/sites\/3\/2021\/02\/Girls-7.jpeg","contentUrl":"https:\/\/stagpartynight.com\/fr\/wp-content\/uploads\/sites\/3\/2021\/02\/Girls-7.jpeg","width":720,"height":1064,"caption":"Limousine + Striptease Benidorm"},{"@type":"BreadcrumbList","@id":"https:\/\/stagpartynight.com\/fr\/product\/limousine-striptease-benidorm\/#breadcrumb","itemListElement":[{"@type":"ListItem","position":1,"name":"Home","item":"https:\/\/stagpartynight.com\/fr\/"},{"@type":"ListItem","position":2,"name":"Tienda","item":"https:\/\/stagpartynight.com\/fr\/tienda\/"},{"@type":"ListItem","position":3,"name":"Limousine + Striptease Benidorm"}]},{"@type":"WebSite","@id":"https:\/\/stagpartynight.com\/fr\/#website","url":"https:\/\/stagpartynight.com\/fr\/","name":"Stag Party Night","description":"Your Stag Party Customized","publisher":{"@id":"https:\/\/stagpartynight.com\/fr\/#organization"},"potentialAction":[{"@type":"SearchAction","target":{"@type":"EntryPoint","urlTemplate":"https:\/\/stagpartynight.com\/fr\/?s={search_term_string}"},"query-input":{"@type":"PropertyValueSpecification","valueRequired":true,"valueName":"search_term_string"}}],"inLanguage":"en-GB"},{"@type":"Organization","@id":"https:\/\/stagpartynight.com\/fr\/#organization","name":"Stag Party Night","url":"https:\/\/stagpartynight.com\/fr\/","logo":{"@type":"ImageObject","inLanguage":"en-GB","@id":"https:\/\/stagpartynight.com\/fr\/#\/schema\/logo\/image\/","url":"https:\/\/stagpartynight.com\/fr\/wp-content\/uploads\/sites\/3\/2019\/12\/stagpartynight-e1578565505687.png","contentUrl":"https:\/\/stagpartynight.com\/fr\/wp-content\/uploads\/sites\/3\/2019\/12\/stagpartynight-e1578565505687.png","width":400,"height":400,"caption":"Stag Party Night"},"image":{"@id":"https:\/\/stagpartynight.com\/fr\/#\/schema\/logo\/image\/"}}]}},"_links":{"self":[{"href":"https:\/\/stagpartynight.com\/fr\/wp-json\/wp\/v2\/product\/2464","targetHints":{"allow":["GET"]}}],"collection":[{"href":"https:\/\/stagpartynight.com\/fr\/wp-json\/wp\/v2\/product"}],"about":[{"href":"https:\/\/stagpartynight.com\/fr\/wp-json\/wp\/v2\/types\/product"}],"replies":[{"embeddable":true,"href":"https:\/\/stagpartynight.com\/fr\/wp-json\/wp\/v2\/comments?post=2464"}],"wp:featuredmedia":[{"embeddable":true,"href":"https:\/\/stagpartynight.com\/fr\/wp-json\/wp\/v2\/media\/1952"}],"wp:attachment":[{"href":"https:\/\/stagpartynight.com\/fr\/wp-json\/wp\/v2\/media?parent=2464"}],"wp:term":[{"taxonomy":"product_brand","embeddable":true,"href":"https:\/\/stagpartynight.com\/fr\/wp-json\/wp\/v2\/product_brand?post=2464"},{"taxonomy":"product_cat","embeddable":true,"href":"https:\/\/stagpartynight.com\/fr\/wp-json\/wp\/v2\/product_cat?post=2464"},{"taxonomy":"product_tag","embeddable":true,"href":"https:\/\/stagpartynight.com\/fr\/wp-json\/wp\/v2\/product_tag?post=2464"}],"curies":[{"name":"wp","href":"https:\/\/api.w.org\/{rel}","templated":true}]}}