{"id":2469,"date":"2021-08-12T14:14:38","date_gmt":"2021-08-12T12:14:38","guid":{"rendered":"https:\/\/stagpartynight.com\/fr\/?post_type=product&#038;p=2469"},"modified":"2024-01-23T10:35:23","modified_gmt":"2024-01-23T09:35:23","slug":"diner-stripper-discotheque-a-benidorm","status":"publish","type":"product","link":"https:\/\/stagpartynight.com\/fr\/product\/diner-stripper-discotheque-a-benidorm\/","title":{"rendered":"D\u00eener + Stripper + Discoth\u00e8que \u00e0 Benidorm"},"content":{"rendered":"<p>D\u00eener + Stripper + Discoth\u00e8que \u00e0 Benidorm. D\u00eener \u00e0 Benidorm avec menu, entr\u00e9es, plat principal, desserts et boissons. Striptease en priv\u00e9. Acc\u00e8s \u00e0 la discoth\u00e8que avec boisson.<\/p>\n<p>Les meilleurs enterrements de vie de gar\u00e7on\u00a0 avec <a href=\"https:\/\/stagpartynight.com\/\">Stagparty<\/a>!<\/p>\n<h2 style=\"text-align: center;\">D\u00eener + Stripper + Discoth\u00e8que \u00e0 Benidorm<strong>\ud83c\udf89<\/strong><\/h2>\n<h4><strong>Nuit Gourmande et Festive \u00e0 Benidorm! \ud83c\udf7d\ufe0f<\/strong><\/h4>\n<p>D\u00e9couvrez une soir\u00e9e parfaite \u00e0 Benidorm avec notre pack exclusif qui combine un d\u00eener exquis et une exp\u00e9rience en discoth\u00e8que! Plongez-vous dans une soir\u00e9e m\u00e9morable pleine de d\u00e9lices culinaires, de musique enivrante et de festivit\u00e9s \u00e9clatantes. Plus un strip-tease priv\u00e9 et tr\u00e8s sensuel.<\/p>\n<p><strong>Exp\u00e9rience Culinaire:<\/strong><\/p>\n<p>\ud83c\udf7d\ufe0f <strong>D\u00eener Complet:<\/strong> Savourez un repas gastronomique comprenant des entr\u00e9es d\u00e9licieuses, un plat principal exquis, un dessert succulent et une boisson de votre choix. Laissez notre chef vous emmener dans un voyage gustatif inoubliable.<\/p>\n<p><strong>D\u00e9tails du Pack de Nuit:<\/strong><\/p>\n<p>\ud83c\udf89 <strong>Entr\u00e9e \u00e0 la Discoth\u00e8que Incluse:<\/strong> Apr\u00e8s votre d\u00e9licieux d\u00eener, plongez dans l&#8217;atmosph\u00e8re \u00e9lectrique de notre discoth\u00e8que avec une entr\u00e9e qui comprend une consommation gratuite. La f\u00eate continue!<\/p>\n<p><strong>Caract\u00e9ristiques de la Soir\u00e9e:<\/strong><\/p>\n<p>\ud83c\udf1f <strong>Ambiance Festive:<\/strong> La discoth\u00e8que de Benidorm est le lieu id\u00e9al pour danser toute la nuit sur une musique entra\u00eenante, entour\u00e9 d&#8217;une ambiance festive et de lumi\u00e8res \u00e9clatantes.<\/p>\n<p>\ud83c\udf79 <strong>Vari\u00e9t\u00e9 de Boissons:<\/strong> Que vous pr\u00e9f\u00e9riez un cocktail rafra\u00eechissant, un verre de vin \u00e9l\u00e9gant ou une boisson non alcoolis\u00e9e, notre s\u00e9lection vous satisfera.<\/p>\n<p>\ud83c\udfb5 <strong>DJ Talentueux:<\/strong> Dansez sur les derniers hits mix\u00e9s par nos DJs talentueux qui sauront vous faire vibrer sur la piste de danse.<\/p>\n<h5><strong>Pourquoi Choisir Notre Pack de Nuit?<\/strong><\/h5>\n<p>\u2728 <strong>Exp\u00e9rience Compl\u00e8te:<\/strong> Un d\u00eener exquis suivi d&#8217;une soir\u00e9e en discoth\u00e8que, tout en un! \u00c9conomisez et profitez d&#8217;une soir\u00e9e compl\u00e8te de divertissement. Quoi de mieux qu&#8217;un d\u00eener, une discoth\u00e8que et une belle femme qui danse avec vous en priv\u00e9 ?<\/p>\n<p>\ud83e\udd42 <strong>Libert\u00e9 de Choix:<\/strong> Personnalisez votre exp\u00e9rience en choisissant parmi une vari\u00e9t\u00e9 de plats et de boissons pour satisfaire vos pr\u00e9f\u00e9rences.<\/p>\n<p>\ud83c\udf08 <strong>F\u00eate Sans Souci:<\/strong> Pas besoin de se d\u00e9placer entre diff\u00e9rents lieux, tout est \u00e0 port\u00e9e de main pour une soir\u00e9e sans tracas!<\/p>\n<p style=\"text-align: center;\">\ud83c\udf7eR\u00e9servez maintenant pour une soir\u00e9e inoubliable \u00e0 <a href=\"https:\/\/es.wikipedia.org\/wiki\/Benidorm\">Benidorm<\/a> o\u00f9 la gastronomie rencontre la f\u00eate! \ud83c\udf7e<\/p>\n<p style=\"text-align: center;\">R\u00e9servez le combo nourriture, f\u00eate et sensualit\u00e9.<\/p>\n<p style=\"text-align: center;\">R\u00e9servez D\u00eener + Stripper + Discoth\u00e8que \u00e0 Benidorm!<\/p>\n<p>&nbsp;<\/p>\n<p>&nbsp;<\/p>\n","protected":false},"excerpt":{"rendered":"<p>D\u00eener \u00e0 Benidorm avec menu, entr\u00e9es, plat principal, desserts et boissons. Striptease en priv\u00e9. Acc\u00e8s \u00e0 la discoth\u00e8que avec boisson.<\/p>\n","protected":false},"featured_media":1432,"comment_status":"open","ping_status":"closed","template":"","meta":{"_et_pb_use_builder":"","_et_pb_old_content":"","_et_gb_content_width":""},"product_brand":[],"product_cat":[600],"product_tag":[622,63],"class_list":{"0":"post-2469","1":"product","2":"type-product","3":"status-publish","4":"has-post-thumbnail","6":"product_cat-benidorm","7":"product_tag-diner-stripper-discotheque-a-benidorm","8":"product_tag-dinnershowdisco","10":"first","11":"instock","12":"virtual","13":"product-type-simple"},"yoast_head":"<!-- This site is optimized with the Yoast SEO plugin v26.4 - https:\/\/yoast.com\/wordpress\/plugins\/seo\/ -->\n<title>D\u00eener + Stripper + Discoth\u00e8que \u00e0 Benidorm<\/title>\n<meta name=\"description\" content=\"D\u00eener + Stripper + Discoth\u00e8que \u00e0 Benidorm - D\u00eener avec menu, entr\u00e9es, plat principal, desserts et boissons. Striptease en priv\u00e9. Acc\u00e8s \u00e0 la discoth\u00e8que.\" \/>\n<meta name=\"robots\" content=\"index, follow, max-snippet:-1, max-image-preview:large, max-video-preview:-1\" \/>\n<link rel=\"canonical\" href=\"https:\/\/stagpartynight.com\/fr\/product\/diner-stripper-discotheque-a-benidorm\/\" \/>\n<meta property=\"og:locale\" content=\"en_GB\" \/>\n<meta property=\"og:type\" content=\"article\" \/>\n<meta property=\"og:title\" content=\"D\u00eener + Stripper + Discoth\u00e8que \u00e0 Benidorm\" \/>\n<meta property=\"og:description\" content=\"D\u00eener + Stripper + Discoth\u00e8que \u00e0 Benidorm - D\u00eener avec menu, entr\u00e9es, plat principal, desserts et boissons. Striptease en priv\u00e9. Acc\u00e8s \u00e0 la discoth\u00e8que.\" \/>\n<meta property=\"og:url\" content=\"https:\/\/stagpartynight.com\/fr\/product\/diner-stripper-discotheque-a-benidorm\/\" \/>\n<meta property=\"og:site_name\" content=\"Nuit de f\u00eate de cerf\" \/>\n<meta property=\"article:modified_time\" content=\"2024-01-23T09:35:23+00:00\" \/>\n<meta property=\"og:image\" content=\"https:\/\/stagpartynight.com\/fr\/wp-content\/uploads\/sites\/3\/2020\/09\/WhatsApp-Image-2020-09-04-at-17.18.15.jpeg\" \/>\n\t<meta property=\"og:image:width\" content=\"1408\" \/>\n\t<meta property=\"og:image:height\" content=\"1808\" \/>\n\t<meta property=\"og:image:type\" content=\"image\/jpeg\" \/>\n<meta name=\"twitter:card\" content=\"summary_large_image\" \/>\n<meta name=\"twitter:label1\" content=\"Estimated reading time\" \/>\n\t<meta name=\"twitter:data1\" content=\"2 minutes\" \/>\n<script type=\"application\/ld+json\" class=\"yoast-schema-graph\">{\"@context\":\"https:\/\/schema.org\",\"@graph\":[{\"@type\":\"WebPage\",\"@id\":\"https:\/\/stagpartynight.com\/fr\/product\/diner-stripper-discotheque-a-benidorm\/\",\"url\":\"https:\/\/stagpartynight.com\/fr\/product\/diner-stripper-discotheque-a-benidorm\/\",\"name\":\"D\u00eener + Stripper + Discoth\u00e8que \u00e0 Benidorm\",\"isPartOf\":{\"@id\":\"https:\/\/stagpartynight.com\/fr\/#website\"},\"primaryImageOfPage\":{\"@id\":\"https:\/\/stagpartynight.com\/fr\/product\/diner-stripper-discotheque-a-benidorm\/#primaryimage\"},\"image\":{\"@id\":\"https:\/\/stagpartynight.com\/fr\/product\/diner-stripper-discotheque-a-benidorm\/#primaryimage\"},\"thumbnailUrl\":\"https:\/\/stagpartynight.com\/fr\/wp-content\/uploads\/sites\/3\/2020\/09\/WhatsApp-Image-2020-09-04-at-17.18.15.jpeg\",\"datePublished\":\"2021-08-12T12:14:38+00:00\",\"dateModified\":\"2024-01-23T09:35:23+00:00\",\"description\":\"D\u00eener + Stripper + Discoth\u00e8que \u00e0 Benidorm - D\u00eener avec menu, entr\u00e9es, plat principal, desserts et boissons. Striptease en priv\u00e9. Acc\u00e8s \u00e0 la discoth\u00e8que.\",\"breadcrumb\":{\"@id\":\"https:\/\/stagpartynight.com\/fr\/product\/diner-stripper-discotheque-a-benidorm\/#breadcrumb\"},\"inLanguage\":\"en-GB\",\"potentialAction\":[{\"@type\":\"ReadAction\",\"target\":[\"https:\/\/stagpartynight.com\/fr\/product\/diner-stripper-discotheque-a-benidorm\/\"]}]},{\"@type\":\"ImageObject\",\"inLanguage\":\"en-GB\",\"@id\":\"https:\/\/stagpartynight.com\/fr\/product\/diner-stripper-discotheque-a-benidorm\/#primaryimage\",\"url\":\"https:\/\/stagpartynight.com\/fr\/wp-content\/uploads\/sites\/3\/2020\/09\/WhatsApp-Image-2020-09-04-at-17.18.15.jpeg\",\"contentUrl\":\"https:\/\/stagpartynight.com\/fr\/wp-content\/uploads\/sites\/3\/2020\/09\/WhatsApp-Image-2020-09-04-at-17.18.15.jpeg\",\"width\":1408,\"height\":1808,\"caption\":\"D\u00eener + Stripper + Discoth\u00e8que \u00e0 Benidorm\"},{\"@type\":\"BreadcrumbList\",\"@id\":\"https:\/\/stagpartynight.com\/fr\/product\/diner-stripper-discotheque-a-benidorm\/#breadcrumb\",\"itemListElement\":[{\"@type\":\"ListItem\",\"position\":1,\"name\":\"Home\",\"item\":\"https:\/\/stagpartynight.com\/fr\/\"},{\"@type\":\"ListItem\",\"position\":2,\"name\":\"Tienda\",\"item\":\"https:\/\/stagpartynight.com\/fr\/tienda\/\"},{\"@type\":\"ListItem\",\"position\":3,\"name\":\"D\u00eener + Stripper + Discoth\u00e8que \u00e0 Benidorm\"}]},{\"@type\":\"WebSite\",\"@id\":\"https:\/\/stagpartynight.com\/fr\/#website\",\"url\":\"https:\/\/stagpartynight.com\/fr\/\",\"name\":\"Stag Party Night\",\"description\":\"Your Stag Party Customized\",\"publisher\":{\"@id\":\"https:\/\/stagpartynight.com\/fr\/#organization\"},\"potentialAction\":[{\"@type\":\"SearchAction\",\"target\":{\"@type\":\"EntryPoint\",\"urlTemplate\":\"https:\/\/stagpartynight.com\/fr\/?s={search_term_string}\"},\"query-input\":{\"@type\":\"PropertyValueSpecification\",\"valueRequired\":true,\"valueName\":\"search_term_string\"}}],\"inLanguage\":\"en-GB\"},{\"@type\":\"Organization\",\"@id\":\"https:\/\/stagpartynight.com\/fr\/#organization\",\"name\":\"Stag Party Night\",\"url\":\"https:\/\/stagpartynight.com\/fr\/\",\"logo\":{\"@type\":\"ImageObject\",\"inLanguage\":\"en-GB\",\"@id\":\"https:\/\/stagpartynight.com\/fr\/#\/schema\/logo\/image\/\",\"url\":\"https:\/\/stagpartynight.com\/fr\/wp-content\/uploads\/sites\/3\/2019\/12\/stagpartynight-e1578565505687.png\",\"contentUrl\":\"https:\/\/stagpartynight.com\/fr\/wp-content\/uploads\/sites\/3\/2019\/12\/stagpartynight-e1578565505687.png\",\"width\":400,\"height\":400,\"caption\":\"Stag Party Night\"},\"image\":{\"@id\":\"https:\/\/stagpartynight.com\/fr\/#\/schema\/logo\/image\/\"}}]}<\/script>\n<!-- \/ Yoast SEO plugin. -->","yoast_head_json":{"title":"D\u00eener + Stripper + Discoth\u00e8que \u00e0 Benidorm","description":"D\u00eener + Stripper + Discoth\u00e8que \u00e0 Benidorm - D\u00eener avec menu, entr\u00e9es, plat principal, desserts et boissons. Striptease en priv\u00e9. Acc\u00e8s \u00e0 la discoth\u00e8que.","robots":{"index":"index","follow":"follow","max-snippet":"max-snippet:-1","max-image-preview":"max-image-preview:large","max-video-preview":"max-video-preview:-1"},"canonical":"https:\/\/stagpartynight.com\/fr\/product\/diner-stripper-discotheque-a-benidorm\/","og_locale":"en_GB","og_type":"article","og_title":"D\u00eener + Stripper + Discoth\u00e8que \u00e0 Benidorm","og_description":"D\u00eener + Stripper + Discoth\u00e8que \u00e0 Benidorm - D\u00eener avec menu, entr\u00e9es, plat principal, desserts et boissons. Striptease en priv\u00e9. Acc\u00e8s \u00e0 la discoth\u00e8que.","og_url":"https:\/\/stagpartynight.com\/fr\/product\/diner-stripper-discotheque-a-benidorm\/","og_site_name":"Nuit de f\u00eate de cerf","article_modified_time":"2024-01-23T09:35:23+00:00","og_image":[{"width":1408,"height":1808,"url":"https:\/\/stagpartynight.com\/fr\/wp-content\/uploads\/sites\/3\/2020\/09\/WhatsApp-Image-2020-09-04-at-17.18.15.jpeg","type":"image\/jpeg"}],"twitter_card":"summary_large_image","twitter_misc":{"Estimated reading time":"2 minutes"},"schema":{"@context":"https:\/\/schema.org","@graph":[{"@type":"WebPage","@id":"https:\/\/stagpartynight.com\/fr\/product\/diner-stripper-discotheque-a-benidorm\/","url":"https:\/\/stagpartynight.com\/fr\/product\/diner-stripper-discotheque-a-benidorm\/","name":"D\u00eener + Stripper + Discoth\u00e8que \u00e0 Benidorm","isPartOf":{"@id":"https:\/\/stagpartynight.com\/fr\/#website"},"primaryImageOfPage":{"@id":"https:\/\/stagpartynight.com\/fr\/product\/diner-stripper-discotheque-a-benidorm\/#primaryimage"},"image":{"@id":"https:\/\/stagpartynight.com\/fr\/product\/diner-stripper-discotheque-a-benidorm\/#primaryimage"},"thumbnailUrl":"https:\/\/stagpartynight.com\/fr\/wp-content\/uploads\/sites\/3\/2020\/09\/WhatsApp-Image-2020-09-04-at-17.18.15.jpeg","datePublished":"2021-08-12T12:14:38+00:00","dateModified":"2024-01-23T09:35:23+00:00","description":"D\u00eener + Stripper + Discoth\u00e8que \u00e0 Benidorm - D\u00eener avec menu, entr\u00e9es, plat principal, desserts et boissons. Striptease en priv\u00e9. Acc\u00e8s \u00e0 la discoth\u00e8que.","breadcrumb":{"@id":"https:\/\/stagpartynight.com\/fr\/product\/diner-stripper-discotheque-a-benidorm\/#breadcrumb"},"inLanguage":"en-GB","potentialAction":[{"@type":"ReadAction","target":["https:\/\/stagpartynight.com\/fr\/product\/diner-stripper-discotheque-a-benidorm\/"]}]},{"@type":"ImageObject","inLanguage":"en-GB","@id":"https:\/\/stagpartynight.com\/fr\/product\/diner-stripper-discotheque-a-benidorm\/#primaryimage","url":"https:\/\/stagpartynight.com\/fr\/wp-content\/uploads\/sites\/3\/2020\/09\/WhatsApp-Image-2020-09-04-at-17.18.15.jpeg","contentUrl":"https:\/\/stagpartynight.com\/fr\/wp-content\/uploads\/sites\/3\/2020\/09\/WhatsApp-Image-2020-09-04-at-17.18.15.jpeg","width":1408,"height":1808,"caption":"D\u00eener + Stripper + Discoth\u00e8que \u00e0 Benidorm"},{"@type":"BreadcrumbList","@id":"https:\/\/stagpartynight.com\/fr\/product\/diner-stripper-discotheque-a-benidorm\/#breadcrumb","itemListElement":[{"@type":"ListItem","position":1,"name":"Home","item":"https:\/\/stagpartynight.com\/fr\/"},{"@type":"ListItem","position":2,"name":"Tienda","item":"https:\/\/stagpartynight.com\/fr\/tienda\/"},{"@type":"ListItem","position":3,"name":"D\u00eener + Stripper + Discoth\u00e8que \u00e0 Benidorm"}]},{"@type":"WebSite","@id":"https:\/\/stagpartynight.com\/fr\/#website","url":"https:\/\/stagpartynight.com\/fr\/","name":"Stag Party Night","description":"Your Stag Party Customized","publisher":{"@id":"https:\/\/stagpartynight.com\/fr\/#organization"},"potentialAction":[{"@type":"SearchAction","target":{"@type":"EntryPoint","urlTemplate":"https:\/\/stagpartynight.com\/fr\/?s={search_term_string}"},"query-input":{"@type":"PropertyValueSpecification","valueRequired":true,"valueName":"search_term_string"}}],"inLanguage":"en-GB"},{"@type":"Organization","@id":"https:\/\/stagpartynight.com\/fr\/#organization","name":"Stag Party Night","url":"https:\/\/stagpartynight.com\/fr\/","logo":{"@type":"ImageObject","inLanguage":"en-GB","@id":"https:\/\/stagpartynight.com\/fr\/#\/schema\/logo\/image\/","url":"https:\/\/stagpartynight.com\/fr\/wp-content\/uploads\/sites\/3\/2019\/12\/stagpartynight-e1578565505687.png","contentUrl":"https:\/\/stagpartynight.com\/fr\/wp-content\/uploads\/sites\/3\/2019\/12\/stagpartynight-e1578565505687.png","width":400,"height":400,"caption":"Stag Party Night"},"image":{"@id":"https:\/\/stagpartynight.com\/fr\/#\/schema\/logo\/image\/"}}]}},"_links":{"self":[{"href":"https:\/\/stagpartynight.com\/fr\/wp-json\/wp\/v2\/product\/2469","targetHints":{"allow":["GET"]}}],"collection":[{"href":"https:\/\/stagpartynight.com\/fr\/wp-json\/wp\/v2\/product"}],"about":[{"href":"https:\/\/stagpartynight.com\/fr\/wp-json\/wp\/v2\/types\/product"}],"replies":[{"embeddable":true,"href":"https:\/\/stagpartynight.com\/fr\/wp-json\/wp\/v2\/comments?post=2469"}],"wp:featuredmedia":[{"embeddable":true,"href":"https:\/\/stagpartynight.com\/fr\/wp-json\/wp\/v2\/media\/1432"}],"wp:attachment":[{"href":"https:\/\/stagpartynight.com\/fr\/wp-json\/wp\/v2\/media?parent=2469"}],"wp:term":[{"taxonomy":"product_brand","embeddable":true,"href":"https:\/\/stagpartynight.com\/fr\/wp-json\/wp\/v2\/product_brand?post=2469"},{"taxonomy":"product_cat","embeddable":true,"href":"https:\/\/stagpartynight.com\/fr\/wp-json\/wp\/v2\/product_cat?post=2469"},{"taxonomy":"product_tag","embeddable":true,"href":"https:\/\/stagpartynight.com\/fr\/wp-json\/wp\/v2\/product_tag?post=2469"}],"curies":[{"name":"wp","href":"https:\/\/api.w.org\/{rel}","templated":true}]}}