{"id":2489,"date":"2021-09-15T19:32:40","date_gmt":"2021-09-15T17:32:40","guid":{"rendered":"https:\/\/stagpartynight.com\/fr\/?post_type=product&#038;p=2489"},"modified":"2024-07-08T12:08:59","modified_gmt":"2024-07-08T10:08:59","slug":"nain-a-lisbonne","status":"publish","type":"product","link":"https:\/\/stagpartynight.com\/fr\/product\/nain-a-lisbonne\/","title":{"rendered":"Nain \u00e0 Lisbonne"},"content":{"rendered":"<p>Un nain rejoint le fianc\u00e9 menott\u00e9 au poignet et se prom\u00e8ne dans les rues \u00e0 Lisbonne, faisant du bruit et donnant beaucoup de couleurs. Pour les groupes \u00e0 la recherche d\u2019un bon moment. Service d\u2019une heure.<\/p>\n","protected":false},"excerpt":{"rendered":"<p>Un nain rejoint le fianc\u00e9 menott\u00e9 au poignet et se prom\u00e8ne dans les rues \u00e0 Lisbonne, faisant du bruit et donnant beaucoup de couleurs. Pour les groupes \u00e0 la recherche d\u2019un bon moment. Service d\u2019une heure.<\/p>\n","protected":false},"featured_media":1826,"comment_status":"open","ping_status":"closed","template":"","meta":{"_et_pb_use_builder":"","_et_pb_old_content":"","_et_gb_content_width":""},"product_brand":[],"product_cat":[148],"product_tag":[629,630],"class_list":{"0":"post-2489","1":"product","2":"type-product","3":"status-publish","4":"has-post-thumbnail","6":"product_cat-lisboa","7":"product_tag-divertissement-des-nains-a-lisbonne","8":"product_tag-nain-a-lisbonne","10":"first","11":"instock","12":"virtual","13":"product-type-simple"},"yoast_head":"<!-- This site is optimized with the Yoast SEO plugin v26.4 - https:\/\/yoast.com\/wordpress\/plugins\/seo\/ -->\n<title>Nain \u00e0 Lisbonne - Divertissement des nains \u00e0 Lisbonne<\/title>\n<meta name=\"description\" content=\"Nain \u00e0 Lisbonne - Un nain rejoint le fianc\u00e9 menott\u00e9 au poignet et se prom\u00e8ne dans les rues \u00e0 Lisbonne, faisant du bruit et donnant beaucoup de couleurs. Pour les groupes \u00e0 la recherche d\u2019un bon moment. Service d\u2019une heure.\" \/>\n<meta name=\"robots\" content=\"index, follow, max-snippet:-1, max-image-preview:large, max-video-preview:-1\" \/>\n<link rel=\"canonical\" href=\"https:\/\/stagpartynight.com\/fr\/product\/nain-a-lisbonne\/\" \/>\n<meta property=\"og:locale\" content=\"en_GB\" \/>\n<meta property=\"og:type\" content=\"article\" \/>\n<meta property=\"og:title\" content=\"Nain \u00e0 Lisbonne - Divertissement des nains \u00e0 Lisbonne\" \/>\n<meta property=\"og:description\" content=\"Nain \u00e0 Lisbonne - Un nain rejoint le fianc\u00e9 menott\u00e9 au poignet et se prom\u00e8ne dans les rues \u00e0 Lisbonne, faisant du bruit et donnant beaucoup de couleurs. Pour les groupes \u00e0 la recherche d\u2019un bon moment. Service d\u2019une heure.\" \/>\n<meta property=\"og:url\" content=\"https:\/\/stagpartynight.com\/fr\/product\/nain-a-lisbonne\/\" \/>\n<meta property=\"og:site_name\" content=\"Nuit de f\u00eate de cerf\" \/>\n<meta property=\"article:modified_time\" content=\"2024-07-08T10:08:59+00:00\" \/>\n<meta property=\"og:image\" content=\"https:\/\/stagpartynight.com\/fr\/wp-content\/uploads\/sites\/3\/2020\/01\/Dwarf.jpeg\" \/>\n\t<meta property=\"og:image:width\" content=\"720\" \/>\n\t<meta property=\"og:image:height\" content=\"1124\" \/>\n\t<meta property=\"og:image:type\" content=\"image\/jpeg\" \/>\n<meta name=\"twitter:card\" content=\"summary_large_image\" \/>\n<script type=\"application\/ld+json\" class=\"yoast-schema-graph\">{\"@context\":\"https:\/\/schema.org\",\"@graph\":[{\"@type\":\"WebPage\",\"@id\":\"https:\/\/stagpartynight.com\/fr\/product\/nain-a-lisbonne\/\",\"url\":\"https:\/\/stagpartynight.com\/fr\/product\/nain-a-lisbonne\/\",\"name\":\"Nain \u00e0 Lisbonne - Divertissement des nains \u00e0 Lisbonne\",\"isPartOf\":{\"@id\":\"https:\/\/stagpartynight.com\/fr\/#website\"},\"primaryImageOfPage\":{\"@id\":\"https:\/\/stagpartynight.com\/fr\/product\/nain-a-lisbonne\/#primaryimage\"},\"image\":{\"@id\":\"https:\/\/stagpartynight.com\/fr\/product\/nain-a-lisbonne\/#primaryimage\"},\"thumbnailUrl\":\"https:\/\/stagpartynight.com\/fr\/wp-content\/uploads\/sites\/3\/2020\/01\/Dwarf.jpeg\",\"datePublished\":\"2021-09-15T17:32:40+00:00\",\"dateModified\":\"2024-07-08T10:08:59+00:00\",\"description\":\"Nain \u00e0 Lisbonne - Un nain rejoint le fianc\u00e9 menott\u00e9 au poignet et se prom\u00e8ne dans les rues \u00e0 Lisbonne, faisant du bruit et donnant beaucoup de couleurs. Pour les groupes \u00e0 la recherche d\u2019un bon moment. Service d\u2019une heure.\",\"breadcrumb\":{\"@id\":\"https:\/\/stagpartynight.com\/fr\/product\/nain-a-lisbonne\/#breadcrumb\"},\"inLanguage\":\"en-GB\",\"potentialAction\":[{\"@type\":\"ReadAction\",\"target\":[\"https:\/\/stagpartynight.com\/fr\/product\/nain-a-lisbonne\/\"]}]},{\"@type\":\"ImageObject\",\"inLanguage\":\"en-GB\",\"@id\":\"https:\/\/stagpartynight.com\/fr\/product\/nain-a-lisbonne\/#primaryimage\",\"url\":\"https:\/\/stagpartynight.com\/fr\/wp-content\/uploads\/sites\/3\/2020\/01\/Dwarf.jpeg\",\"contentUrl\":\"https:\/\/stagpartynight.com\/fr\/wp-content\/uploads\/sites\/3\/2020\/01\/Dwarf.jpeg\",\"width\":720,\"height\":1124,\"caption\":\"Nain Menott\u00e9 Ibiza\"},{\"@type\":\"BreadcrumbList\",\"@id\":\"https:\/\/stagpartynight.com\/fr\/product\/nain-a-lisbonne\/#breadcrumb\",\"itemListElement\":[{\"@type\":\"ListItem\",\"position\":1,\"name\":\"Home\",\"item\":\"https:\/\/stagpartynight.com\/fr\/\"},{\"@type\":\"ListItem\",\"position\":2,\"name\":\"Tienda\",\"item\":\"https:\/\/stagpartynight.com\/fr\/tienda\/\"},{\"@type\":\"ListItem\",\"position\":3,\"name\":\"Nain \u00e0 Lisbonne\"}]},{\"@type\":\"WebSite\",\"@id\":\"https:\/\/stagpartynight.com\/fr\/#website\",\"url\":\"https:\/\/stagpartynight.com\/fr\/\",\"name\":\"Stag Party Night\",\"description\":\"Your Stag Party Customized\",\"publisher\":{\"@id\":\"https:\/\/stagpartynight.com\/fr\/#organization\"},\"potentialAction\":[{\"@type\":\"SearchAction\",\"target\":{\"@type\":\"EntryPoint\",\"urlTemplate\":\"https:\/\/stagpartynight.com\/fr\/?s={search_term_string}\"},\"query-input\":{\"@type\":\"PropertyValueSpecification\",\"valueRequired\":true,\"valueName\":\"search_term_string\"}}],\"inLanguage\":\"en-GB\"},{\"@type\":\"Organization\",\"@id\":\"https:\/\/stagpartynight.com\/fr\/#organization\",\"name\":\"Stag Party Night\",\"url\":\"https:\/\/stagpartynight.com\/fr\/\",\"logo\":{\"@type\":\"ImageObject\",\"inLanguage\":\"en-GB\",\"@id\":\"https:\/\/stagpartynight.com\/fr\/#\/schema\/logo\/image\/\",\"url\":\"https:\/\/stagpartynight.com\/fr\/wp-content\/uploads\/sites\/3\/2019\/12\/stagpartynight-e1578565505687.png\",\"contentUrl\":\"https:\/\/stagpartynight.com\/fr\/wp-content\/uploads\/sites\/3\/2019\/12\/stagpartynight-e1578565505687.png\",\"width\":400,\"height\":400,\"caption\":\"Stag Party Night\"},\"image\":{\"@id\":\"https:\/\/stagpartynight.com\/fr\/#\/schema\/logo\/image\/\"}}]}<\/script>\n<!-- \/ Yoast SEO plugin. -->","yoast_head_json":{"title":"Nain \u00e0 Lisbonne - Divertissement des nains \u00e0 Lisbonne","description":"Nain \u00e0 Lisbonne - Un nain rejoint le fianc\u00e9 menott\u00e9 au poignet et se prom\u00e8ne dans les rues \u00e0 Lisbonne, faisant du bruit et donnant beaucoup de couleurs. Pour les groupes \u00e0 la recherche d\u2019un bon moment. Service d\u2019une heure.","robots":{"index":"index","follow":"follow","max-snippet":"max-snippet:-1","max-image-preview":"max-image-preview:large","max-video-preview":"max-video-preview:-1"},"canonical":"https:\/\/stagpartynight.com\/fr\/product\/nain-a-lisbonne\/","og_locale":"en_GB","og_type":"article","og_title":"Nain \u00e0 Lisbonne - Divertissement des nains \u00e0 Lisbonne","og_description":"Nain \u00e0 Lisbonne - Un nain rejoint le fianc\u00e9 menott\u00e9 au poignet et se prom\u00e8ne dans les rues \u00e0 Lisbonne, faisant du bruit et donnant beaucoup de couleurs. Pour les groupes \u00e0 la recherche d\u2019un bon moment. Service d\u2019une heure.","og_url":"https:\/\/stagpartynight.com\/fr\/product\/nain-a-lisbonne\/","og_site_name":"Nuit de f\u00eate de cerf","article_modified_time":"2024-07-08T10:08:59+00:00","og_image":[{"width":720,"height":1124,"url":"https:\/\/stagpartynight.com\/fr\/wp-content\/uploads\/sites\/3\/2020\/01\/Dwarf.jpeg","type":"image\/jpeg"}],"twitter_card":"summary_large_image","schema":{"@context":"https:\/\/schema.org","@graph":[{"@type":"WebPage","@id":"https:\/\/stagpartynight.com\/fr\/product\/nain-a-lisbonne\/","url":"https:\/\/stagpartynight.com\/fr\/product\/nain-a-lisbonne\/","name":"Nain \u00e0 Lisbonne - Divertissement des nains \u00e0 Lisbonne","isPartOf":{"@id":"https:\/\/stagpartynight.com\/fr\/#website"},"primaryImageOfPage":{"@id":"https:\/\/stagpartynight.com\/fr\/product\/nain-a-lisbonne\/#primaryimage"},"image":{"@id":"https:\/\/stagpartynight.com\/fr\/product\/nain-a-lisbonne\/#primaryimage"},"thumbnailUrl":"https:\/\/stagpartynight.com\/fr\/wp-content\/uploads\/sites\/3\/2020\/01\/Dwarf.jpeg","datePublished":"2021-09-15T17:32:40+00:00","dateModified":"2024-07-08T10:08:59+00:00","description":"Nain \u00e0 Lisbonne - Un nain rejoint le fianc\u00e9 menott\u00e9 au poignet et se prom\u00e8ne dans les rues \u00e0 Lisbonne, faisant du bruit et donnant beaucoup de couleurs. Pour les groupes \u00e0 la recherche d\u2019un bon moment. Service d\u2019une heure.","breadcrumb":{"@id":"https:\/\/stagpartynight.com\/fr\/product\/nain-a-lisbonne\/#breadcrumb"},"inLanguage":"en-GB","potentialAction":[{"@type":"ReadAction","target":["https:\/\/stagpartynight.com\/fr\/product\/nain-a-lisbonne\/"]}]},{"@type":"ImageObject","inLanguage":"en-GB","@id":"https:\/\/stagpartynight.com\/fr\/product\/nain-a-lisbonne\/#primaryimage","url":"https:\/\/stagpartynight.com\/fr\/wp-content\/uploads\/sites\/3\/2020\/01\/Dwarf.jpeg","contentUrl":"https:\/\/stagpartynight.com\/fr\/wp-content\/uploads\/sites\/3\/2020\/01\/Dwarf.jpeg","width":720,"height":1124,"caption":"Nain Menott\u00e9 Ibiza"},{"@type":"BreadcrumbList","@id":"https:\/\/stagpartynight.com\/fr\/product\/nain-a-lisbonne\/#breadcrumb","itemListElement":[{"@type":"ListItem","position":1,"name":"Home","item":"https:\/\/stagpartynight.com\/fr\/"},{"@type":"ListItem","position":2,"name":"Tienda","item":"https:\/\/stagpartynight.com\/fr\/tienda\/"},{"@type":"ListItem","position":3,"name":"Nain \u00e0 Lisbonne"}]},{"@type":"WebSite","@id":"https:\/\/stagpartynight.com\/fr\/#website","url":"https:\/\/stagpartynight.com\/fr\/","name":"Stag Party Night","description":"Your Stag Party Customized","publisher":{"@id":"https:\/\/stagpartynight.com\/fr\/#organization"},"potentialAction":[{"@type":"SearchAction","target":{"@type":"EntryPoint","urlTemplate":"https:\/\/stagpartynight.com\/fr\/?s={search_term_string}"},"query-input":{"@type":"PropertyValueSpecification","valueRequired":true,"valueName":"search_term_string"}}],"inLanguage":"en-GB"},{"@type":"Organization","@id":"https:\/\/stagpartynight.com\/fr\/#organization","name":"Stag Party Night","url":"https:\/\/stagpartynight.com\/fr\/","logo":{"@type":"ImageObject","inLanguage":"en-GB","@id":"https:\/\/stagpartynight.com\/fr\/#\/schema\/logo\/image\/","url":"https:\/\/stagpartynight.com\/fr\/wp-content\/uploads\/sites\/3\/2019\/12\/stagpartynight-e1578565505687.png","contentUrl":"https:\/\/stagpartynight.com\/fr\/wp-content\/uploads\/sites\/3\/2019\/12\/stagpartynight-e1578565505687.png","width":400,"height":400,"caption":"Stag Party Night"},"image":{"@id":"https:\/\/stagpartynight.com\/fr\/#\/schema\/logo\/image\/"}}]}},"_links":{"self":[{"href":"https:\/\/stagpartynight.com\/fr\/wp-json\/wp\/v2\/product\/2489","targetHints":{"allow":["GET"]}}],"collection":[{"href":"https:\/\/stagpartynight.com\/fr\/wp-json\/wp\/v2\/product"}],"about":[{"href":"https:\/\/stagpartynight.com\/fr\/wp-json\/wp\/v2\/types\/product"}],"replies":[{"embeddable":true,"href":"https:\/\/stagpartynight.com\/fr\/wp-json\/wp\/v2\/comments?post=2489"}],"wp:featuredmedia":[{"embeddable":true,"href":"https:\/\/stagpartynight.com\/fr\/wp-json\/wp\/v2\/media\/1826"}],"wp:attachment":[{"href":"https:\/\/stagpartynight.com\/fr\/wp-json\/wp\/v2\/media?parent=2489"}],"wp:term":[{"taxonomy":"product_brand","embeddable":true,"href":"https:\/\/stagpartynight.com\/fr\/wp-json\/wp\/v2\/product_brand?post=2489"},{"taxonomy":"product_cat","embeddable":true,"href":"https:\/\/stagpartynight.com\/fr\/wp-json\/wp\/v2\/product_cat?post=2489"},{"taxonomy":"product_tag","embeddable":true,"href":"https:\/\/stagpartynight.com\/fr\/wp-json\/wp\/v2\/product_tag?post=2489"}],"curies":[{"name":"wp","href":"https:\/\/api.w.org\/{rel}","templated":true}]}}