{"id":251,"date":"2020-01-08T14:18:14","date_gmt":"2020-01-08T13:18:14","guid":{"rendered":"https:\/\/stagpartynight.com\/fr\/?post_type=product&#038;p=251"},"modified":"2023-12-27T10:54:09","modified_gmt":"2023-12-27T09:54:09","slug":"serveuse-sexy-a-ibiza","status":"publish","type":"product","link":"https:\/\/stagpartynight.com\/fr\/product\/serveuse-sexy-a-ibiza\/","title":{"rendered":"Serveuse sexy \u00e0 Ibiza"},"content":{"rendered":"<p>Serveuse sexy en top less o\u00f9 elle servira des boissons, prendra des photos et sera \u00e9pic\u00e9e, attentive et amicale. 1 heure de service.<\/p>\n<p>Les meilleurs enterrements de vie de gar\u00e7on et de jeune fille avec <a href=\"https:\/\/stagpartynight.com\/\">StagParty<\/a><\/p>\n<h2>\ud83c\udf1f Exp\u00e9rience inoubliable \u00e0 Ibiza : Une serveuse sexy pour votre enterrement de vie de gar\u00e7on ! \ud83c\udf1f<\/h2>\n<p>Vous avez d\u00e9cid\u00e9 de c\u00e9l\u00e9brer votre enterrement de vie de gar\u00e7on \u00e0 Ibiza, le paradis des Bal\u00e9ares ? Rendez l&#8217;exp\u00e9rience encore plus m\u00e9morable avec notre offre exclusive : une serveuse sensuelle pr\u00eate \u00e0 rendre votre f\u00eate inoubliable !<\/p>\n<p>\ud83d\udd25 Notre serveuse sexy \ud83d\udd25 Imaginez une beaut\u00e9 m\u00e9diterran\u00e9enne, pleine de ressources et pr\u00eate \u00e0 surprendre. Notre serveuse est le compl\u00e9ment parfait \u00e0 une f\u00eate insouciante et amusante. Habill\u00e9e de mani\u00e8re provocante et pr\u00eate \u00e0 vous ravir par son professionnalisme et son charme, elle sera l&#8217;\u00e9l\u00e9ment qui fera de votre enterrement de vie de gar\u00e7on une exp\u00e9rience unique.<\/p>\n<p>\ud83c\udf34 Ibiza, l&#8217;endroit parfait \ud83c\udf34 Situ\u00e9e au c\u0153ur de la M\u00e9diterran\u00e9e, Ibiza offre un cadre \u00e9poustouflant pour votre f\u00eate. Les plages de sable blanc, les eaux cristallines et la vie nocturne anim\u00e9e cr\u00e9ent l&#8217;environnement id\u00e9al pour c\u00e9l\u00e9brer ce moment sp\u00e9cial.<\/p>\n<p>\ud83d\udcbc Comment \u00e7a marche \ud83d\udcbc Notre service est simple et personnalis\u00e9 pour votre enterrement de vie de gar\u00e7on. Il suffit de nous contacter, de nous fournir les d\u00e9tails de votre f\u00eate et de nous laisser faire le reste. Notre serveuse sexy \u00e0 Ibiza divertira le groupe, en veillant \u00e0 ce que chaque moment soit amusant et plein de surprises.<\/p>\n<p>R\u00e9servez maintenant ! \ud83d\udcde Ne manquez pas l&#8217;occasion de faire de votre enterrement de vie de gar\u00e7on un \u00e9v\u00e9nement unique. Contactez-nous d\u00e8s aujourd&#8217;hui pour r\u00e9server votre serveuse sexy \u00e0 <a href=\"https:\/\/es.wikipedia.org\/wiki\/Ibiza\">Ibiza<\/a>. Nous sommes l\u00e0 pour transformer votre f\u00eate en un souvenir inoubliable !<\/p>\n<p>Serveuse sexy et explosive \u00e0 Ibiza qui vous servira des boissons en sous-v\u00eatements et finira le service en top moins. Services horaires.<\/p>\n<p>\ud83c\udf89 Party, Fun, and Sensuality in Ibiza &#8211; Only with Us : Stag Party Night ! \ud83c\udf89<\/p>\n<p>&nbsp;<\/p>\n","protected":false},"excerpt":{"rendered":"<p>Serveuse sexy en top less o\u00f9 elle servira des boissons, prendra des photos et sera \u00e9pic\u00e9e, attentive et amicale. 1 heure de service<\/p>\n","protected":false},"featured_media":1757,"comment_status":"open","ping_status":"closed","template":"","meta":{"_et_pb_use_builder":"","_et_pb_old_content":"","_et_gb_content_width":""},"product_brand":[],"product_cat":[113],"product_tag":[319,320],"class_list":{"0":"post-251","1":"product","2":"type-product","3":"status-publish","4":"has-post-thumbnail","6":"product_cat-ibiza","7":"product_tag-serveuse-erotique-a-ibiza","8":"product_tag-serveuse-sexy-a-ibiza","10":"first","11":"instock","12":"virtual","13":"product-type-simple"},"yoast_head":"<!-- This site is optimized with the Yoast SEO plugin v26.4 - https:\/\/yoast.com\/wordpress\/plugins\/seo\/ -->\n<title>Serveuse sexy \u00e0 Ibiza<\/title>\n<meta name=\"description\" content=\"Serveuse sexy \u00e0 Ibiza - Serveuse sexy en top less o\u00f9 elle servira des boissons, prendra des photos et sera \u00e9pic\u00e9e, attentive et amicale. 1 heure de service\" \/>\n<meta name=\"robots\" content=\"index, follow, max-snippet:-1, max-image-preview:large, max-video-preview:-1\" \/>\n<link rel=\"canonical\" href=\"https:\/\/stagpartynight.com\/fr\/product\/serveuse-sexy-a-ibiza\/\" \/>\n<meta property=\"og:locale\" content=\"en_GB\" \/>\n<meta property=\"og:type\" content=\"article\" \/>\n<meta property=\"og:title\" content=\"Serveuse sexy \u00e0 Ibiza\" \/>\n<meta property=\"og:description\" content=\"Serveuse sexy \u00e0 Ibiza - Serveuse sexy en top less o\u00f9 elle servira des boissons, prendra des photos et sera \u00e9pic\u00e9e, attentive et amicale. 1 heure de service\" \/>\n<meta property=\"og:url\" content=\"https:\/\/stagpartynight.com\/fr\/product\/serveuse-sexy-a-ibiza\/\" \/>\n<meta property=\"og:site_name\" content=\"Nuit de f\u00eate de cerf\" \/>\n<meta property=\"article:modified_time\" content=\"2023-12-27T09:54:09+00:00\" \/>\n<meta property=\"og:image\" content=\"https:\/\/stagpartynight.com\/fr\/wp-content\/uploads\/sites\/3\/2020\/01\/Girls-5.jpeg\" \/>\n\t<meta property=\"og:image:width\" content=\"738\" \/>\n\t<meta property=\"og:image:height\" content=\"1070\" \/>\n\t<meta property=\"og:image:type\" content=\"image\/jpeg\" \/>\n<meta name=\"twitter:card\" content=\"summary_large_image\" \/>\n<meta name=\"twitter:label1\" content=\"Estimated reading time\" \/>\n\t<meta name=\"twitter:data1\" content=\"2 minutes\" \/>\n<script type=\"application\/ld+json\" class=\"yoast-schema-graph\">{\"@context\":\"https:\/\/schema.org\",\"@graph\":[{\"@type\":\"WebPage\",\"@id\":\"https:\/\/stagpartynight.com\/fr\/product\/serveuse-sexy-a-ibiza\/\",\"url\":\"https:\/\/stagpartynight.com\/fr\/product\/serveuse-sexy-a-ibiza\/\",\"name\":\"Serveuse sexy \u00e0 Ibiza\",\"isPartOf\":{\"@id\":\"https:\/\/stagpartynight.com\/fr\/#website\"},\"primaryImageOfPage\":{\"@id\":\"https:\/\/stagpartynight.com\/fr\/product\/serveuse-sexy-a-ibiza\/#primaryimage\"},\"image\":{\"@id\":\"https:\/\/stagpartynight.com\/fr\/product\/serveuse-sexy-a-ibiza\/#primaryimage\"},\"thumbnailUrl\":\"https:\/\/stagpartynight.com\/fr\/wp-content\/uploads\/sites\/3\/2020\/01\/Girls-5.jpeg\",\"datePublished\":\"2020-01-08T13:18:14+00:00\",\"dateModified\":\"2023-12-27T09:54:09+00:00\",\"description\":\"Serveuse sexy \u00e0 Ibiza - Serveuse sexy en top less o\u00f9 elle servira des boissons, prendra des photos et sera \u00e9pic\u00e9e, attentive et amicale. 1 heure de service\",\"breadcrumb\":{\"@id\":\"https:\/\/stagpartynight.com\/fr\/product\/serveuse-sexy-a-ibiza\/#breadcrumb\"},\"inLanguage\":\"en-GB\",\"potentialAction\":[{\"@type\":\"ReadAction\",\"target\":[\"https:\/\/stagpartynight.com\/fr\/product\/serveuse-sexy-a-ibiza\/\"]}]},{\"@type\":\"ImageObject\",\"inLanguage\":\"en-GB\",\"@id\":\"https:\/\/stagpartynight.com\/fr\/product\/serveuse-sexy-a-ibiza\/#primaryimage\",\"url\":\"https:\/\/stagpartynight.com\/fr\/wp-content\/uploads\/sites\/3\/2020\/01\/Girls-5.jpeg\",\"contentUrl\":\"https:\/\/stagpartynight.com\/fr\/wp-content\/uploads\/sites\/3\/2020\/01\/Girls-5.jpeg\",\"width\":738,\"height\":1070},{\"@type\":\"BreadcrumbList\",\"@id\":\"https:\/\/stagpartynight.com\/fr\/product\/serveuse-sexy-a-ibiza\/#breadcrumb\",\"itemListElement\":[{\"@type\":\"ListItem\",\"position\":1,\"name\":\"Home\",\"item\":\"https:\/\/stagpartynight.com\/fr\/\"},{\"@type\":\"ListItem\",\"position\":2,\"name\":\"Tienda\",\"item\":\"https:\/\/stagpartynight.com\/fr\/tienda\/\"},{\"@type\":\"ListItem\",\"position\":3,\"name\":\"Serveuse sexy \u00e0 Ibiza\"}]},{\"@type\":\"WebSite\",\"@id\":\"https:\/\/stagpartynight.com\/fr\/#website\",\"url\":\"https:\/\/stagpartynight.com\/fr\/\",\"name\":\"Stag Party Night\",\"description\":\"Your Stag Party Customized\",\"publisher\":{\"@id\":\"https:\/\/stagpartynight.com\/fr\/#organization\"},\"potentialAction\":[{\"@type\":\"SearchAction\",\"target\":{\"@type\":\"EntryPoint\",\"urlTemplate\":\"https:\/\/stagpartynight.com\/fr\/?s={search_term_string}\"},\"query-input\":{\"@type\":\"PropertyValueSpecification\",\"valueRequired\":true,\"valueName\":\"search_term_string\"}}],\"inLanguage\":\"en-GB\"},{\"@type\":\"Organization\",\"@id\":\"https:\/\/stagpartynight.com\/fr\/#organization\",\"name\":\"Stag Party Night\",\"url\":\"https:\/\/stagpartynight.com\/fr\/\",\"logo\":{\"@type\":\"ImageObject\",\"inLanguage\":\"en-GB\",\"@id\":\"https:\/\/stagpartynight.com\/fr\/#\/schema\/logo\/image\/\",\"url\":\"https:\/\/stagpartynight.com\/fr\/wp-content\/uploads\/sites\/3\/2019\/12\/stagpartynight-e1578565505687.png\",\"contentUrl\":\"https:\/\/stagpartynight.com\/fr\/wp-content\/uploads\/sites\/3\/2019\/12\/stagpartynight-e1578565505687.png\",\"width\":400,\"height\":400,\"caption\":\"Stag Party Night\"},\"image\":{\"@id\":\"https:\/\/stagpartynight.com\/fr\/#\/schema\/logo\/image\/\"}}]}<\/script>\n<!-- \/ Yoast SEO plugin. -->","yoast_head_json":{"title":"Serveuse sexy \u00e0 Ibiza","description":"Serveuse sexy \u00e0 Ibiza - Serveuse sexy en top less o\u00f9 elle servira des boissons, prendra des photos et sera \u00e9pic\u00e9e, attentive et amicale. 1 heure de service","robots":{"index":"index","follow":"follow","max-snippet":"max-snippet:-1","max-image-preview":"max-image-preview:large","max-video-preview":"max-video-preview:-1"},"canonical":"https:\/\/stagpartynight.com\/fr\/product\/serveuse-sexy-a-ibiza\/","og_locale":"en_GB","og_type":"article","og_title":"Serveuse sexy \u00e0 Ibiza","og_description":"Serveuse sexy \u00e0 Ibiza - Serveuse sexy en top less o\u00f9 elle servira des boissons, prendra des photos et sera \u00e9pic\u00e9e, attentive et amicale. 1 heure de service","og_url":"https:\/\/stagpartynight.com\/fr\/product\/serveuse-sexy-a-ibiza\/","og_site_name":"Nuit de f\u00eate de cerf","article_modified_time":"2023-12-27T09:54:09+00:00","og_image":[{"width":738,"height":1070,"url":"https:\/\/stagpartynight.com\/fr\/wp-content\/uploads\/sites\/3\/2020\/01\/Girls-5.jpeg","type":"image\/jpeg"}],"twitter_card":"summary_large_image","twitter_misc":{"Estimated reading time":"2 minutes"},"schema":{"@context":"https:\/\/schema.org","@graph":[{"@type":"WebPage","@id":"https:\/\/stagpartynight.com\/fr\/product\/serveuse-sexy-a-ibiza\/","url":"https:\/\/stagpartynight.com\/fr\/product\/serveuse-sexy-a-ibiza\/","name":"Serveuse sexy \u00e0 Ibiza","isPartOf":{"@id":"https:\/\/stagpartynight.com\/fr\/#website"},"primaryImageOfPage":{"@id":"https:\/\/stagpartynight.com\/fr\/product\/serveuse-sexy-a-ibiza\/#primaryimage"},"image":{"@id":"https:\/\/stagpartynight.com\/fr\/product\/serveuse-sexy-a-ibiza\/#primaryimage"},"thumbnailUrl":"https:\/\/stagpartynight.com\/fr\/wp-content\/uploads\/sites\/3\/2020\/01\/Girls-5.jpeg","datePublished":"2020-01-08T13:18:14+00:00","dateModified":"2023-12-27T09:54:09+00:00","description":"Serveuse sexy \u00e0 Ibiza - Serveuse sexy en top less o\u00f9 elle servira des boissons, prendra des photos et sera \u00e9pic\u00e9e, attentive et amicale. 1 heure de service","breadcrumb":{"@id":"https:\/\/stagpartynight.com\/fr\/product\/serveuse-sexy-a-ibiza\/#breadcrumb"},"inLanguage":"en-GB","potentialAction":[{"@type":"ReadAction","target":["https:\/\/stagpartynight.com\/fr\/product\/serveuse-sexy-a-ibiza\/"]}]},{"@type":"ImageObject","inLanguage":"en-GB","@id":"https:\/\/stagpartynight.com\/fr\/product\/serveuse-sexy-a-ibiza\/#primaryimage","url":"https:\/\/stagpartynight.com\/fr\/wp-content\/uploads\/sites\/3\/2020\/01\/Girls-5.jpeg","contentUrl":"https:\/\/stagpartynight.com\/fr\/wp-content\/uploads\/sites\/3\/2020\/01\/Girls-5.jpeg","width":738,"height":1070},{"@type":"BreadcrumbList","@id":"https:\/\/stagpartynight.com\/fr\/product\/serveuse-sexy-a-ibiza\/#breadcrumb","itemListElement":[{"@type":"ListItem","position":1,"name":"Home","item":"https:\/\/stagpartynight.com\/fr\/"},{"@type":"ListItem","position":2,"name":"Tienda","item":"https:\/\/stagpartynight.com\/fr\/tienda\/"},{"@type":"ListItem","position":3,"name":"Serveuse sexy \u00e0 Ibiza"}]},{"@type":"WebSite","@id":"https:\/\/stagpartynight.com\/fr\/#website","url":"https:\/\/stagpartynight.com\/fr\/","name":"Stag Party Night","description":"Your Stag Party Customized","publisher":{"@id":"https:\/\/stagpartynight.com\/fr\/#organization"},"potentialAction":[{"@type":"SearchAction","target":{"@type":"EntryPoint","urlTemplate":"https:\/\/stagpartynight.com\/fr\/?s={search_term_string}"},"query-input":{"@type":"PropertyValueSpecification","valueRequired":true,"valueName":"search_term_string"}}],"inLanguage":"en-GB"},{"@type":"Organization","@id":"https:\/\/stagpartynight.com\/fr\/#organization","name":"Stag Party Night","url":"https:\/\/stagpartynight.com\/fr\/","logo":{"@type":"ImageObject","inLanguage":"en-GB","@id":"https:\/\/stagpartynight.com\/fr\/#\/schema\/logo\/image\/","url":"https:\/\/stagpartynight.com\/fr\/wp-content\/uploads\/sites\/3\/2019\/12\/stagpartynight-e1578565505687.png","contentUrl":"https:\/\/stagpartynight.com\/fr\/wp-content\/uploads\/sites\/3\/2019\/12\/stagpartynight-e1578565505687.png","width":400,"height":400,"caption":"Stag Party Night"},"image":{"@id":"https:\/\/stagpartynight.com\/fr\/#\/schema\/logo\/image\/"}}]}},"_links":{"self":[{"href":"https:\/\/stagpartynight.com\/fr\/wp-json\/wp\/v2\/product\/251","targetHints":{"allow":["GET"]}}],"collection":[{"href":"https:\/\/stagpartynight.com\/fr\/wp-json\/wp\/v2\/product"}],"about":[{"href":"https:\/\/stagpartynight.com\/fr\/wp-json\/wp\/v2\/types\/product"}],"replies":[{"embeddable":true,"href":"https:\/\/stagpartynight.com\/fr\/wp-json\/wp\/v2\/comments?post=251"}],"wp:featuredmedia":[{"embeddable":true,"href":"https:\/\/stagpartynight.com\/fr\/wp-json\/wp\/v2\/media\/1757"}],"wp:attachment":[{"href":"https:\/\/stagpartynight.com\/fr\/wp-json\/wp\/v2\/media?parent=251"}],"wp:term":[{"taxonomy":"product_brand","embeddable":true,"href":"https:\/\/stagpartynight.com\/fr\/wp-json\/wp\/v2\/product_brand?post=251"},{"taxonomy":"product_cat","embeddable":true,"href":"https:\/\/stagpartynight.com\/fr\/wp-json\/wp\/v2\/product_cat?post=251"},{"taxonomy":"product_tag","embeddable":true,"href":"https:\/\/stagpartynight.com\/fr\/wp-json\/wp\/v2\/product_tag?post=251"}],"curies":[{"name":"wp","href":"https:\/\/api.w.org\/{rel}","templated":true}]}}