{"id":253,"date":"2020-01-08T14:20:20","date_gmt":"2020-01-08T13:20:20","guid":{"rendered":"https:\/\/stagpartynight.com\/fr\/?post_type=product&#038;p=253"},"modified":"2023-12-27T10:32:14","modified_gmt":"2023-12-27T09:32:14","slug":"wrestling-chocolate-ibiza","status":"publish","type":"product","link":"https:\/\/stagpartynight.com\/fr\/product\/wrestling-chocolate-ibiza\/","title":{"rendered":"Combat sexy \u00e0 Ibiza"},"content":{"rendered":"<p>Combat sexy \u00e0 Ibiza. Combat colossal et sexy de deux femmes dans une piscine en chocolat. Participation du fianc\u00e9 et des membres du groupe qui souhaitent participer. Nous nous installons dans votre villa\/appartement.<\/p>\n<p>Les meilleurs enterrements de vie de gar\u00e7on et de jeune fille avec <a href=\"https:\/\/stagpartynight.com\/\">StagParty<\/a><\/p>\n<h2>Combat sexy \u00e0 Ibiza<\/h2>\n<p>Imaginez vivre le r\u00eave de tous les hommes. Deux femmes belles et audacieuses s&#8217;affrontent dans un combat sans merci. La boue les recouvre, les rendant encore plus sexy et provocantes. Un combat entre deux filles explosives en bikini dans une piscine d&#8217;eau et de chocolat. Le mari\u00e9, notre protagoniste de l&#8217;enterrement de vie de gar\u00e7on, sera \u00e0 l&#8217;int\u00e9rieur de la piscine. Bien que le combat commence avec les deux filles en bikini, il se terminera sans le haut.<\/p>\n<p>Nous savons tous que dans un combat, il y a beaucoup d&#8217;attouchements, beaucoup de frottements&#8230;. Quoi de mieux que de voir ces superbes filles se frotter l&#8217;une contre l&#8217;autre ?<br \/>\nR\u00e9servez avec votre groupe et ne manquez pas cette exp\u00e9rience \u00e9rotique et divertissante.<\/p>\n<p>Le combat est intense et passionn\u00e9. Les deux femmes se battent de toutes leurs forces, cr\u00e9ant un spectacle spectaculaire et plein d&#8217;adr\u00e9naline,<\/p>\n<p>La lutte dans la boue est un spectacle unique et sauvage. Pensez-y avant de partir, vous en aurez le souffle coup\u00e9.<\/p>\n<p>Pouvez-vous imaginer une meilleure fa\u00e7on de c\u00e9l\u00e9brer votre enterrement de vie de gar\u00e7on que cette rencontre sexy dans la capitale du p\u00e9ch\u00e9, <a href=\"https:\/\/es.wikipedia.org\/wiki\/Ibiza\">Ibiza<\/a> ?<\/p>\n<p>&nbsp;<\/p>\n","protected":false},"excerpt":{"rendered":"<p>Combat colossal et sexy de deux femmes dans une piscine en chocolat. Participation du fianc\u00e9 et des membres du groupe qui souhaitent participer. Nous nous installons dans votre villa\/appartement.<\/p>\n","protected":false},"featured_media":202,"comment_status":"open","ping_status":"closed","template":"","meta":{"_et_pb_use_builder":"","_et_pb_old_content":"","_et_gb_content_width":""},"product_brand":[],"product_cat":[113],"product_tag":[321,322,117],"class_list":{"0":"post-253","1":"product","2":"type-product","3":"status-publish","4":"has-post-thumbnail","6":"product_cat-ibiza","7":"product_tag-combat-sexy-a-ibiza","8":"product_tag-lutte-sexy-a-ibiza","9":"product_tag-wrestling-chocolate-ibiza","11":"first","12":"instock","13":"virtual","14":"product-type-simple"},"yoast_head":"<!-- This site is optimized with the Yoast SEO plugin v26.4 - https:\/\/yoast.com\/wordpress\/plugins\/seo\/ -->\n<title>Combat sexy \u00e0 Ibiza<\/title>\n<meta name=\"description\" content=\"Combat sexy \u00e0 Ibiza - Lutte colossal et sexy de deux femmes dans une piscine en chocolat. Participation du fianc\u00e9 et des membres du group.\" \/>\n<meta name=\"robots\" content=\"index, follow, max-snippet:-1, max-image-preview:large, max-video-preview:-1\" \/>\n<link rel=\"canonical\" href=\"https:\/\/stagpartynight.com\/fr\/product\/wrestling-chocolate-ibiza\/\" \/>\n<meta property=\"og:locale\" content=\"en_GB\" \/>\n<meta property=\"og:type\" content=\"article\" \/>\n<meta property=\"og:title\" content=\"Combat sexy \u00e0 Ibiza\" \/>\n<meta property=\"og:description\" content=\"Combat sexy \u00e0 Ibiza - Lutte colossal et sexy de deux femmes dans une piscine en chocolat. Participation du fianc\u00e9 et des membres du group.\" \/>\n<meta property=\"og:url\" content=\"https:\/\/stagpartynight.com\/fr\/product\/wrestling-chocolate-ibiza\/\" \/>\n<meta property=\"og:site_name\" content=\"Nuit de f\u00eate de cerf\" \/>\n<meta property=\"article:modified_time\" content=\"2023-12-27T09:32:14+00:00\" \/>\n<meta property=\"og:image\" content=\"https:\/\/stagpartynight.com\/fr\/wp-content\/uploads\/sites\/3\/2020\/01\/Wrestling-Chocolate-Barcelona.jpeg\" \/>\n\t<meta property=\"og:image:width\" content=\"768\" \/>\n\t<meta property=\"og:image:height\" content=\"549\" \/>\n\t<meta property=\"og:image:type\" content=\"image\/jpeg\" \/>\n<meta name=\"twitter:card\" content=\"summary_large_image\" \/>\n<meta name=\"twitter:label1\" content=\"Estimated reading time\" \/>\n\t<meta name=\"twitter:data1\" content=\"2 minutes\" \/>\n<script type=\"application\/ld+json\" class=\"yoast-schema-graph\">{\"@context\":\"https:\/\/schema.org\",\"@graph\":[{\"@type\":\"WebPage\",\"@id\":\"https:\/\/stagpartynight.com\/fr\/product\/wrestling-chocolate-ibiza\/\",\"url\":\"https:\/\/stagpartynight.com\/fr\/product\/wrestling-chocolate-ibiza\/\",\"name\":\"Combat sexy \u00e0 Ibiza\",\"isPartOf\":{\"@id\":\"https:\/\/stagpartynight.com\/fr\/#website\"},\"primaryImageOfPage\":{\"@id\":\"https:\/\/stagpartynight.com\/fr\/product\/wrestling-chocolate-ibiza\/#primaryimage\"},\"image\":{\"@id\":\"https:\/\/stagpartynight.com\/fr\/product\/wrestling-chocolate-ibiza\/#primaryimage\"},\"thumbnailUrl\":\"https:\/\/stagpartynight.com\/fr\/wp-content\/uploads\/sites\/3\/2020\/01\/Wrestling-Chocolate-Barcelona.jpeg\",\"datePublished\":\"2020-01-08T13:20:20+00:00\",\"dateModified\":\"2023-12-27T09:32:14+00:00\",\"description\":\"Combat sexy \u00e0 Ibiza - Lutte colossal et sexy de deux femmes dans une piscine en chocolat. Participation du fianc\u00e9 et des membres du group.\",\"breadcrumb\":{\"@id\":\"https:\/\/stagpartynight.com\/fr\/product\/wrestling-chocolate-ibiza\/#breadcrumb\"},\"inLanguage\":\"en-GB\",\"potentialAction\":[{\"@type\":\"ReadAction\",\"target\":[\"https:\/\/stagpartynight.com\/fr\/product\/wrestling-chocolate-ibiza\/\"]}]},{\"@type\":\"ImageObject\",\"inLanguage\":\"en-GB\",\"@id\":\"https:\/\/stagpartynight.com\/fr\/product\/wrestling-chocolate-ibiza\/#primaryimage\",\"url\":\"https:\/\/stagpartynight.com\/fr\/wp-content\/uploads\/sites\/3\/2020\/01\/Wrestling-Chocolate-Barcelona.jpeg\",\"contentUrl\":\"https:\/\/stagpartynight.com\/fr\/wp-content\/uploads\/sites\/3\/2020\/01\/Wrestling-Chocolate-Barcelona.jpeg\",\"width\":768,\"height\":549,\"caption\":\"Combat sexy \u00e0 Majorque\"},{\"@type\":\"BreadcrumbList\",\"@id\":\"https:\/\/stagpartynight.com\/fr\/product\/wrestling-chocolate-ibiza\/#breadcrumb\",\"itemListElement\":[{\"@type\":\"ListItem\",\"position\":1,\"name\":\"Home\",\"item\":\"https:\/\/stagpartynight.com\/fr\/\"},{\"@type\":\"ListItem\",\"position\":2,\"name\":\"Tienda\",\"item\":\"https:\/\/stagpartynight.com\/fr\/tienda\/\"},{\"@type\":\"ListItem\",\"position\":3,\"name\":\"Combat sexy \u00e0 Ibiza\"}]},{\"@type\":\"WebSite\",\"@id\":\"https:\/\/stagpartynight.com\/fr\/#website\",\"url\":\"https:\/\/stagpartynight.com\/fr\/\",\"name\":\"Stag Party Night\",\"description\":\"Your Stag Party Customized\",\"publisher\":{\"@id\":\"https:\/\/stagpartynight.com\/fr\/#organization\"},\"potentialAction\":[{\"@type\":\"SearchAction\",\"target\":{\"@type\":\"EntryPoint\",\"urlTemplate\":\"https:\/\/stagpartynight.com\/fr\/?s={search_term_string}\"},\"query-input\":{\"@type\":\"PropertyValueSpecification\",\"valueRequired\":true,\"valueName\":\"search_term_string\"}}],\"inLanguage\":\"en-GB\"},{\"@type\":\"Organization\",\"@id\":\"https:\/\/stagpartynight.com\/fr\/#organization\",\"name\":\"Stag Party Night\",\"url\":\"https:\/\/stagpartynight.com\/fr\/\",\"logo\":{\"@type\":\"ImageObject\",\"inLanguage\":\"en-GB\",\"@id\":\"https:\/\/stagpartynight.com\/fr\/#\/schema\/logo\/image\/\",\"url\":\"https:\/\/stagpartynight.com\/fr\/wp-content\/uploads\/sites\/3\/2019\/12\/stagpartynight-e1578565505687.png\",\"contentUrl\":\"https:\/\/stagpartynight.com\/fr\/wp-content\/uploads\/sites\/3\/2019\/12\/stagpartynight-e1578565505687.png\",\"width\":400,\"height\":400,\"caption\":\"Stag Party Night\"},\"image\":{\"@id\":\"https:\/\/stagpartynight.com\/fr\/#\/schema\/logo\/image\/\"}}]}<\/script>\n<!-- \/ Yoast SEO plugin. -->","yoast_head_json":{"title":"Combat sexy \u00e0 Ibiza","description":"Combat sexy \u00e0 Ibiza - Lutte colossal et sexy de deux femmes dans une piscine en chocolat. Participation du fianc\u00e9 et des membres du group.","robots":{"index":"index","follow":"follow","max-snippet":"max-snippet:-1","max-image-preview":"max-image-preview:large","max-video-preview":"max-video-preview:-1"},"canonical":"https:\/\/stagpartynight.com\/fr\/product\/wrestling-chocolate-ibiza\/","og_locale":"en_GB","og_type":"article","og_title":"Combat sexy \u00e0 Ibiza","og_description":"Combat sexy \u00e0 Ibiza - Lutte colossal et sexy de deux femmes dans une piscine en chocolat. Participation du fianc\u00e9 et des membres du group.","og_url":"https:\/\/stagpartynight.com\/fr\/product\/wrestling-chocolate-ibiza\/","og_site_name":"Nuit de f\u00eate de cerf","article_modified_time":"2023-12-27T09:32:14+00:00","og_image":[{"width":768,"height":549,"url":"https:\/\/stagpartynight.com\/fr\/wp-content\/uploads\/sites\/3\/2020\/01\/Wrestling-Chocolate-Barcelona.jpeg","type":"image\/jpeg"}],"twitter_card":"summary_large_image","twitter_misc":{"Estimated reading time":"2 minutes"},"schema":{"@context":"https:\/\/schema.org","@graph":[{"@type":"WebPage","@id":"https:\/\/stagpartynight.com\/fr\/product\/wrestling-chocolate-ibiza\/","url":"https:\/\/stagpartynight.com\/fr\/product\/wrestling-chocolate-ibiza\/","name":"Combat sexy \u00e0 Ibiza","isPartOf":{"@id":"https:\/\/stagpartynight.com\/fr\/#website"},"primaryImageOfPage":{"@id":"https:\/\/stagpartynight.com\/fr\/product\/wrestling-chocolate-ibiza\/#primaryimage"},"image":{"@id":"https:\/\/stagpartynight.com\/fr\/product\/wrestling-chocolate-ibiza\/#primaryimage"},"thumbnailUrl":"https:\/\/stagpartynight.com\/fr\/wp-content\/uploads\/sites\/3\/2020\/01\/Wrestling-Chocolate-Barcelona.jpeg","datePublished":"2020-01-08T13:20:20+00:00","dateModified":"2023-12-27T09:32:14+00:00","description":"Combat sexy \u00e0 Ibiza - Lutte colossal et sexy de deux femmes dans une piscine en chocolat. Participation du fianc\u00e9 et des membres du group.","breadcrumb":{"@id":"https:\/\/stagpartynight.com\/fr\/product\/wrestling-chocolate-ibiza\/#breadcrumb"},"inLanguage":"en-GB","potentialAction":[{"@type":"ReadAction","target":["https:\/\/stagpartynight.com\/fr\/product\/wrestling-chocolate-ibiza\/"]}]},{"@type":"ImageObject","inLanguage":"en-GB","@id":"https:\/\/stagpartynight.com\/fr\/product\/wrestling-chocolate-ibiza\/#primaryimage","url":"https:\/\/stagpartynight.com\/fr\/wp-content\/uploads\/sites\/3\/2020\/01\/Wrestling-Chocolate-Barcelona.jpeg","contentUrl":"https:\/\/stagpartynight.com\/fr\/wp-content\/uploads\/sites\/3\/2020\/01\/Wrestling-Chocolate-Barcelona.jpeg","width":768,"height":549,"caption":"Combat sexy \u00e0 Majorque"},{"@type":"BreadcrumbList","@id":"https:\/\/stagpartynight.com\/fr\/product\/wrestling-chocolate-ibiza\/#breadcrumb","itemListElement":[{"@type":"ListItem","position":1,"name":"Home","item":"https:\/\/stagpartynight.com\/fr\/"},{"@type":"ListItem","position":2,"name":"Tienda","item":"https:\/\/stagpartynight.com\/fr\/tienda\/"},{"@type":"ListItem","position":3,"name":"Combat sexy \u00e0 Ibiza"}]},{"@type":"WebSite","@id":"https:\/\/stagpartynight.com\/fr\/#website","url":"https:\/\/stagpartynight.com\/fr\/","name":"Stag Party Night","description":"Your Stag Party Customized","publisher":{"@id":"https:\/\/stagpartynight.com\/fr\/#organization"},"potentialAction":[{"@type":"SearchAction","target":{"@type":"EntryPoint","urlTemplate":"https:\/\/stagpartynight.com\/fr\/?s={search_term_string}"},"query-input":{"@type":"PropertyValueSpecification","valueRequired":true,"valueName":"search_term_string"}}],"inLanguage":"en-GB"},{"@type":"Organization","@id":"https:\/\/stagpartynight.com\/fr\/#organization","name":"Stag Party Night","url":"https:\/\/stagpartynight.com\/fr\/","logo":{"@type":"ImageObject","inLanguage":"en-GB","@id":"https:\/\/stagpartynight.com\/fr\/#\/schema\/logo\/image\/","url":"https:\/\/stagpartynight.com\/fr\/wp-content\/uploads\/sites\/3\/2019\/12\/stagpartynight-e1578565505687.png","contentUrl":"https:\/\/stagpartynight.com\/fr\/wp-content\/uploads\/sites\/3\/2019\/12\/stagpartynight-e1578565505687.png","width":400,"height":400,"caption":"Stag Party Night"},"image":{"@id":"https:\/\/stagpartynight.com\/fr\/#\/schema\/logo\/image\/"}}]}},"_links":{"self":[{"href":"https:\/\/stagpartynight.com\/fr\/wp-json\/wp\/v2\/product\/253","targetHints":{"allow":["GET"]}}],"collection":[{"href":"https:\/\/stagpartynight.com\/fr\/wp-json\/wp\/v2\/product"}],"about":[{"href":"https:\/\/stagpartynight.com\/fr\/wp-json\/wp\/v2\/types\/product"}],"replies":[{"embeddable":true,"href":"https:\/\/stagpartynight.com\/fr\/wp-json\/wp\/v2\/comments?post=253"}],"wp:featuredmedia":[{"embeddable":true,"href":"https:\/\/stagpartynight.com\/fr\/wp-json\/wp\/v2\/media\/202"}],"wp:attachment":[{"href":"https:\/\/stagpartynight.com\/fr\/wp-json\/wp\/v2\/media?parent=253"}],"wp:term":[{"taxonomy":"product_brand","embeddable":true,"href":"https:\/\/stagpartynight.com\/fr\/wp-json\/wp\/v2\/product_brand?post=253"},{"taxonomy":"product_cat","embeddable":true,"href":"https:\/\/stagpartynight.com\/fr\/wp-json\/wp\/v2\/product_cat?post=253"},{"taxonomy":"product_tag","embeddable":true,"href":"https:\/\/stagpartynight.com\/fr\/wp-json\/wp\/v2\/product_tag?post=253"}],"curies":[{"name":"wp","href":"https:\/\/api.w.org\/{rel}","templated":true}]}}