{"id":258,"date":"2020-01-08T14:24:53","date_gmt":"2020-01-08T13:24:53","guid":{"rendered":"https:\/\/stagpartynight.com\/fr\/?post_type=product&#038;p=258"},"modified":"2026-03-16T02:48:43","modified_gmt":"2026-03-16T01:48:43","slug":"club-de-strip-tease-a-ibiza","status":"publish","type":"product","link":"https:\/\/stagpartynight.com\/fr\/product\/club-de-strip-tease-a-ibiza\/","title":{"rendered":"Club de strip-tease \u00e0 ibiza"},"content":{"rendered":"<p>Entr\u00e9e avec boissons incluses au meilleur club de l&#8217;\u00eele, r\u00e9serv\u00e9 \u00e0 votre groupe, zone Sant Antonio. 40 danseurs dans le club. Les meilleures soir\u00e9es \u00e0 <a href=\"https:\/\/en.wikipedia.org\/wiki\/Ibiza\">Ibiza<\/a> avec <a href=\"https:\/\/stagpartynight.com\/\">Stag Party Night<\/a>.<\/p>\n<p>Une exp\u00e9rience VIP dans le meilleur club d&#8217;Ibiza est une invitation \u00e0 vous immerger dans un monde de musique enivrante, de danses endiabl\u00e9es et de plaisir sans fin. Imaginez-vous \u00eatre l&#8217;un des invit\u00e9s privil\u00e9gi\u00e9s de la f\u00eate. Avec entr\u00e9e r\u00e9serv\u00e9e \u00e0 votre groupe, boissons \u00e0 volont\u00e9 et ambiance vibrante.<\/p>\n<p>Ce club de renomm\u00e9e mondiale, situ\u00e9 dans le quartier anim\u00e9 de Sant Antoni, est l&#8217;\u00e9picentre de la vie nocturne d&#8217;Ibiza. Il attire les f\u00eatards du monde entier avec son atmosph\u00e8re envo\u00fbtante et ses artistes de renom. Votre entr\u00e9e VIP vous permet de vivre une exp\u00e9rience inoubliable dans un cadre exclusif.<\/p>\n<p>D\u00e8s votre entr\u00e9e dans le club, vous \u00eates transport\u00e9 dans un monde rempli de lumi\u00e8re, de son et de mouvement. L&#8217;ambiance est \u00e9lectrique avec 40 danseurs talentueux animant la piste de danse. La magie de la nuit vous enveloppe de son \u00e9treinte captivante. Chaque instant est une c\u00e9l\u00e9bration de la vie et de la joie. Que vous dansiez sur la musique ou que vous vous impr\u00e9gniez simplement de l&#8217;ambiance vibrante.<\/p>\n<div class=\"flex-1 overflow-hidden\">\n<div class=\"react-scroll-to-bottom--css-etktj-79elbk h-full\">\n<div class=\"react-scroll-to-bottom--css-etktj-1n7m0yu\">\n<div class=\"flex flex-col text-sm pb-9\">\n<div class=\"w-full text-token-text-primary\" data-testid=\"conversation-turn-57\">\n<div class=\"px-4 py-2 justify-center text-base md:gap-6 m-auto\">\n<div class=\"flex flex-1 text-base mx-auto gap-3 md:px-5 lg:px-1 xl:px-5 md:max-w-3xl lg:max-w-[40rem] xl:max-w-[48rem] group final-completion\">\n<div class=\"relative flex w-full flex-col agent-turn\">\n<div class=\"flex-col gap-1 md:gap-3\">\n<div class=\"flex flex-grow flex-col max-w-full\">\n<div class=\"min-h-[20px] text-message flex flex-col items-start gap-3 whitespace-pre-wrap break-words [.text-message+&amp;]:mt-5 overflow-x-auto\" data-message-author-role=\"assistant\" data-message-id=\"c83711a2-902b-492e-b97b-2c2909932470\">\n<div class=\"markdown prose w-full break-words dark:prose-invert light\">\n<h4>Plongez dans l&#8217;Exclusivit\u00e9 : Une Soir\u00e9e VIP au C\u0153ur de la Vie Nocturne d&#8217;Ibiza<\/h4>\n<\/div>\n<\/div>\n<\/div>\n<\/div>\n<\/div>\n<\/div>\n<\/div>\n<\/div>\n<\/div>\n<\/div>\n<\/div>\n<\/div>\n<p>Inclure des boissons avec votre entr\u00e9e VIP est l&#8217;un des aspects les plus attrayants de cette exp\u00e9rience. Vous pourrez siroter vos cocktails pr\u00e9f\u00e9r\u00e9s tout en vous laissant emporter par la magie de la nuit. Avec un large assortiment de boissons disponibles. Chaque gorg\u00e9e est une invitation \u00e0 savourer l&#8217;instant pr\u00e9sent et \u00e0 profiter pleinement de cette exp\u00e9rience exceptionnelle. Que vous optiez pour des cocktails exotiques ou des classiques intemporels.<\/p>\n<p>Une entr\u00e9e VIP au meilleur club de l&#8217;\u00eele \u00e0 Sant Antoni est bien plus qu&#8217;une simple soir\u00e9e en bo\u00eete de nuit. C&#8217;est une invitation \u00e0 vivre une exp\u00e9rience inoubliable o\u00f9 la musique, la danse et les rires se m\u00ealent pour cr\u00e9er des souvenirs qui dureront toute une vie. Vous devez donc vous pr\u00e9parer \u00e0 danser jusqu&#8217;au bout de la nuit et vous laisser emporter par la f\u00e9\u00e9rie de la vie nocturne d&#8217;Ibiza.<\/p>\n","protected":false},"excerpt":{"rendered":"<p>Entr\u00e9e avec boissons incluses au meilleur club de l&#8217;\u00eele, r\u00e9serv\u00e9 \u00e0 votre groupe, zone Sant Antonio. 40 danseurs dans le club.<\/p>\n","protected":false},"featured_media":1828,"comment_status":"open","ping_status":"closed","template":"","meta":{"_et_pb_use_builder":"","_et_pb_old_content":"","_et_gb_content_width":""},"product_brand":[],"product_cat":[113],"product_tag":[328,329,121],"class_list":{"0":"post-258","1":"product","2":"type-product","3":"status-publish","4":"has-post-thumbnail","6":"product_cat-ibiza","7":"product_tag-club-de-strip-tease-a-ibiza","8":"product_tag-strip-club-a-ibiza","9":"product_tag-stripclub-ibiza","11":"first","12":"instock","13":"virtual","14":"product-type-simple"},"yoast_head":"<!-- This site is optimized with the Yoast SEO plugin v26.4 - https:\/\/yoast.com\/wordpress\/plugins\/seo\/ -->\n<title>Club de strip-tease \u00e0 ibiza<\/title>\n<meta name=\"description\" content=\"Club de strip-tease \u00e0 ibiza - Entr\u00e9e avec boissons incluses au meilleur club de l&#039;\u00eele, r\u00e9serv\u00e9 \u00e0 votre groupe, zone Sant Antonio - 40 danseurs dans le club.\" \/>\n<meta name=\"robots\" content=\"index, follow, max-snippet:-1, max-image-preview:large, max-video-preview:-1\" \/>\n<link rel=\"canonical\" href=\"https:\/\/stagpartynight.com\/fr\/product\/club-de-strip-tease-a-ibiza\/\" \/>\n<meta property=\"og:locale\" content=\"en_GB\" \/>\n<meta property=\"og:type\" content=\"article\" \/>\n<meta property=\"og:title\" content=\"Club de strip-tease \u00e0 ibiza\" \/>\n<meta property=\"og:description\" content=\"Club de strip-tease \u00e0 ibiza - Entr\u00e9e avec boissons incluses au meilleur club de l&#039;\u00eele, r\u00e9serv\u00e9 \u00e0 votre groupe, zone Sant Antonio - 40 danseurs dans le club.\" \/>\n<meta property=\"og:url\" content=\"https:\/\/stagpartynight.com\/fr\/product\/club-de-strip-tease-a-ibiza\/\" \/>\n<meta property=\"og:site_name\" content=\"Nuit de f\u00eate de cerf\" \/>\n<meta property=\"article:modified_time\" content=\"2026-03-16T01:48:43+00:00\" \/>\n<meta property=\"og:image\" content=\"https:\/\/stagpartynight.com\/fr\/wp-content\/uploads\/sites\/3\/2020\/01\/WhatsApp-Image-2021-01-15-at-15.38.25-1.jpeg\" \/>\n\t<meta property=\"og:image:width\" content=\"720\" \/>\n\t<meta property=\"og:image:height\" content=\"1846\" \/>\n\t<meta property=\"og:image:type\" content=\"image\/jpeg\" \/>\n<meta name=\"twitter:card\" content=\"summary_large_image\" \/>\n<meta name=\"twitter:label1\" content=\"Estimated reading time\" \/>\n\t<meta name=\"twitter:data1\" content=\"2 minutes\" \/>\n<script type=\"application\/ld+json\" class=\"yoast-schema-graph\">{\"@context\":\"https:\/\/schema.org\",\"@graph\":[{\"@type\":\"WebPage\",\"@id\":\"https:\/\/stagpartynight.com\/fr\/product\/club-de-strip-tease-a-ibiza\/\",\"url\":\"https:\/\/stagpartynight.com\/fr\/product\/club-de-strip-tease-a-ibiza\/\",\"name\":\"Club de strip-tease \u00e0 ibiza\",\"isPartOf\":{\"@id\":\"https:\/\/stagpartynight.com\/fr\/#website\"},\"primaryImageOfPage\":{\"@id\":\"https:\/\/stagpartynight.com\/fr\/product\/club-de-strip-tease-a-ibiza\/#primaryimage\"},\"image\":{\"@id\":\"https:\/\/stagpartynight.com\/fr\/product\/club-de-strip-tease-a-ibiza\/#primaryimage\"},\"thumbnailUrl\":\"https:\/\/stagpartynight.com\/fr\/wp-content\/uploads\/sites\/3\/2020\/01\/WhatsApp-Image-2021-01-15-at-15.38.25-1.jpeg\",\"datePublished\":\"2020-01-08T13:24:53+00:00\",\"dateModified\":\"2026-03-16T01:48:43+00:00\",\"description\":\"Club de strip-tease \u00e0 ibiza - Entr\u00e9e avec boissons incluses au meilleur club de l'\u00eele, r\u00e9serv\u00e9 \u00e0 votre groupe, zone Sant Antonio - 40 danseurs dans le club.\",\"breadcrumb\":{\"@id\":\"https:\/\/stagpartynight.com\/fr\/product\/club-de-strip-tease-a-ibiza\/#breadcrumb\"},\"inLanguage\":\"en-GB\",\"potentialAction\":[{\"@type\":\"ReadAction\",\"target\":[\"https:\/\/stagpartynight.com\/fr\/product\/club-de-strip-tease-a-ibiza\/\"]}]},{\"@type\":\"ImageObject\",\"inLanguage\":\"en-GB\",\"@id\":\"https:\/\/stagpartynight.com\/fr\/product\/club-de-strip-tease-a-ibiza\/#primaryimage\",\"url\":\"https:\/\/stagpartynight.com\/fr\/wp-content\/uploads\/sites\/3\/2020\/01\/WhatsApp-Image-2021-01-15-at-15.38.25-1.jpeg\",\"contentUrl\":\"https:\/\/stagpartynight.com\/fr\/wp-content\/uploads\/sites\/3\/2020\/01\/WhatsApp-Image-2021-01-15-at-15.38.25-1.jpeg\",\"width\":720,\"height\":1846,\"caption\":\"Club de strip-tease Madrid\"},{\"@type\":\"BreadcrumbList\",\"@id\":\"https:\/\/stagpartynight.com\/fr\/product\/club-de-strip-tease-a-ibiza\/#breadcrumb\",\"itemListElement\":[{\"@type\":\"ListItem\",\"position\":1,\"name\":\"Home\",\"item\":\"https:\/\/stagpartynight.com\/fr\/\"},{\"@type\":\"ListItem\",\"position\":2,\"name\":\"Tienda\",\"item\":\"https:\/\/stagpartynight.com\/fr\/tienda\/\"},{\"@type\":\"ListItem\",\"position\":3,\"name\":\"Club de strip-tease \u00e0 ibiza\"}]},{\"@type\":\"WebSite\",\"@id\":\"https:\/\/stagpartynight.com\/fr\/#website\",\"url\":\"https:\/\/stagpartynight.com\/fr\/\",\"name\":\"Stag Party Night\",\"description\":\"Your Stag Party Customized\",\"publisher\":{\"@id\":\"https:\/\/stagpartynight.com\/fr\/#organization\"},\"potentialAction\":[{\"@type\":\"SearchAction\",\"target\":{\"@type\":\"EntryPoint\",\"urlTemplate\":\"https:\/\/stagpartynight.com\/fr\/?s={search_term_string}\"},\"query-input\":{\"@type\":\"PropertyValueSpecification\",\"valueRequired\":true,\"valueName\":\"search_term_string\"}}],\"inLanguage\":\"en-GB\"},{\"@type\":\"Organization\",\"@id\":\"https:\/\/stagpartynight.com\/fr\/#organization\",\"name\":\"Stag Party Night\",\"url\":\"https:\/\/stagpartynight.com\/fr\/\",\"logo\":{\"@type\":\"ImageObject\",\"inLanguage\":\"en-GB\",\"@id\":\"https:\/\/stagpartynight.com\/fr\/#\/schema\/logo\/image\/\",\"url\":\"https:\/\/stagpartynight.com\/fr\/wp-content\/uploads\/sites\/3\/2019\/12\/stagpartynight-e1578565505687.png\",\"contentUrl\":\"https:\/\/stagpartynight.com\/fr\/wp-content\/uploads\/sites\/3\/2019\/12\/stagpartynight-e1578565505687.png\",\"width\":400,\"height\":400,\"caption\":\"Stag Party Night\"},\"image\":{\"@id\":\"https:\/\/stagpartynight.com\/fr\/#\/schema\/logo\/image\/\"}}]}<\/script>\n<!-- \/ Yoast SEO plugin. -->","yoast_head_json":{"title":"Club de strip-tease \u00e0 ibiza","description":"Club de strip-tease \u00e0 ibiza - Entr\u00e9e avec boissons incluses au meilleur club de l'\u00eele, r\u00e9serv\u00e9 \u00e0 votre groupe, zone Sant Antonio - 40 danseurs dans le club.","robots":{"index":"index","follow":"follow","max-snippet":"max-snippet:-1","max-image-preview":"max-image-preview:large","max-video-preview":"max-video-preview:-1"},"canonical":"https:\/\/stagpartynight.com\/fr\/product\/club-de-strip-tease-a-ibiza\/","og_locale":"en_GB","og_type":"article","og_title":"Club de strip-tease \u00e0 ibiza","og_description":"Club de strip-tease \u00e0 ibiza - Entr\u00e9e avec boissons incluses au meilleur club de l'\u00eele, r\u00e9serv\u00e9 \u00e0 votre groupe, zone Sant Antonio - 40 danseurs dans le club.","og_url":"https:\/\/stagpartynight.com\/fr\/product\/club-de-strip-tease-a-ibiza\/","og_site_name":"Nuit de f\u00eate de cerf","article_modified_time":"2026-03-16T01:48:43+00:00","og_image":[{"width":720,"height":1846,"url":"https:\/\/stagpartynight.com\/fr\/wp-content\/uploads\/sites\/3\/2020\/01\/WhatsApp-Image-2021-01-15-at-15.38.25-1.jpeg","type":"image\/jpeg"}],"twitter_card":"summary_large_image","twitter_misc":{"Estimated reading time":"2 minutes"},"schema":{"@context":"https:\/\/schema.org","@graph":[{"@type":"WebPage","@id":"https:\/\/stagpartynight.com\/fr\/product\/club-de-strip-tease-a-ibiza\/","url":"https:\/\/stagpartynight.com\/fr\/product\/club-de-strip-tease-a-ibiza\/","name":"Club de strip-tease \u00e0 ibiza","isPartOf":{"@id":"https:\/\/stagpartynight.com\/fr\/#website"},"primaryImageOfPage":{"@id":"https:\/\/stagpartynight.com\/fr\/product\/club-de-strip-tease-a-ibiza\/#primaryimage"},"image":{"@id":"https:\/\/stagpartynight.com\/fr\/product\/club-de-strip-tease-a-ibiza\/#primaryimage"},"thumbnailUrl":"https:\/\/stagpartynight.com\/fr\/wp-content\/uploads\/sites\/3\/2020\/01\/WhatsApp-Image-2021-01-15-at-15.38.25-1.jpeg","datePublished":"2020-01-08T13:24:53+00:00","dateModified":"2026-03-16T01:48:43+00:00","description":"Club de strip-tease \u00e0 ibiza - Entr\u00e9e avec boissons incluses au meilleur club de l'\u00eele, r\u00e9serv\u00e9 \u00e0 votre groupe, zone Sant Antonio - 40 danseurs dans le club.","breadcrumb":{"@id":"https:\/\/stagpartynight.com\/fr\/product\/club-de-strip-tease-a-ibiza\/#breadcrumb"},"inLanguage":"en-GB","potentialAction":[{"@type":"ReadAction","target":["https:\/\/stagpartynight.com\/fr\/product\/club-de-strip-tease-a-ibiza\/"]}]},{"@type":"ImageObject","inLanguage":"en-GB","@id":"https:\/\/stagpartynight.com\/fr\/product\/club-de-strip-tease-a-ibiza\/#primaryimage","url":"https:\/\/stagpartynight.com\/fr\/wp-content\/uploads\/sites\/3\/2020\/01\/WhatsApp-Image-2021-01-15-at-15.38.25-1.jpeg","contentUrl":"https:\/\/stagpartynight.com\/fr\/wp-content\/uploads\/sites\/3\/2020\/01\/WhatsApp-Image-2021-01-15-at-15.38.25-1.jpeg","width":720,"height":1846,"caption":"Club de strip-tease Madrid"},{"@type":"BreadcrumbList","@id":"https:\/\/stagpartynight.com\/fr\/product\/club-de-strip-tease-a-ibiza\/#breadcrumb","itemListElement":[{"@type":"ListItem","position":1,"name":"Home","item":"https:\/\/stagpartynight.com\/fr\/"},{"@type":"ListItem","position":2,"name":"Tienda","item":"https:\/\/stagpartynight.com\/fr\/tienda\/"},{"@type":"ListItem","position":3,"name":"Club de strip-tease \u00e0 ibiza"}]},{"@type":"WebSite","@id":"https:\/\/stagpartynight.com\/fr\/#website","url":"https:\/\/stagpartynight.com\/fr\/","name":"Stag Party Night","description":"Your Stag Party Customized","publisher":{"@id":"https:\/\/stagpartynight.com\/fr\/#organization"},"potentialAction":[{"@type":"SearchAction","target":{"@type":"EntryPoint","urlTemplate":"https:\/\/stagpartynight.com\/fr\/?s={search_term_string}"},"query-input":{"@type":"PropertyValueSpecification","valueRequired":true,"valueName":"search_term_string"}}],"inLanguage":"en-GB"},{"@type":"Organization","@id":"https:\/\/stagpartynight.com\/fr\/#organization","name":"Stag Party Night","url":"https:\/\/stagpartynight.com\/fr\/","logo":{"@type":"ImageObject","inLanguage":"en-GB","@id":"https:\/\/stagpartynight.com\/fr\/#\/schema\/logo\/image\/","url":"https:\/\/stagpartynight.com\/fr\/wp-content\/uploads\/sites\/3\/2019\/12\/stagpartynight-e1578565505687.png","contentUrl":"https:\/\/stagpartynight.com\/fr\/wp-content\/uploads\/sites\/3\/2019\/12\/stagpartynight-e1578565505687.png","width":400,"height":400,"caption":"Stag Party Night"},"image":{"@id":"https:\/\/stagpartynight.com\/fr\/#\/schema\/logo\/image\/"}}]}},"_links":{"self":[{"href":"https:\/\/stagpartynight.com\/fr\/wp-json\/wp\/v2\/product\/258","targetHints":{"allow":["GET"]}}],"collection":[{"href":"https:\/\/stagpartynight.com\/fr\/wp-json\/wp\/v2\/product"}],"about":[{"href":"https:\/\/stagpartynight.com\/fr\/wp-json\/wp\/v2\/types\/product"}],"replies":[{"embeddable":true,"href":"https:\/\/stagpartynight.com\/fr\/wp-json\/wp\/v2\/comments?post=258"}],"wp:featuredmedia":[{"embeddable":true,"href":"https:\/\/stagpartynight.com\/fr\/wp-json\/wp\/v2\/media\/1828"}],"wp:attachment":[{"href":"https:\/\/stagpartynight.com\/fr\/wp-json\/wp\/v2\/media?parent=258"}],"wp:term":[{"taxonomy":"product_brand","embeddable":true,"href":"https:\/\/stagpartynight.com\/fr\/wp-json\/wp\/v2\/product_brand?post=258"},{"taxonomy":"product_cat","embeddable":true,"href":"https:\/\/stagpartynight.com\/fr\/wp-json\/wp\/v2\/product_cat?post=258"},{"taxonomy":"product_tag","embeddable":true,"href":"https:\/\/stagpartynight.com\/fr\/wp-json\/wp\/v2\/product_tag?post=258"}],"curies":[{"name":"wp","href":"https:\/\/api.w.org\/{rel}","templated":true}]}}