{"id":259,"date":"2020-01-08T14:26:02","date_gmt":"2020-01-08T13:26:02","guid":{"rendered":"https:\/\/stagpartynight.com\/fr\/?post_type=product&#038;p=259"},"modified":"2024-03-11T13:50:55","modified_gmt":"2024-03-11T12:50:55","slug":"dinner-ibiza","status":"publish","type":"product","link":"https:\/\/stagpartynight.com\/fr\/product\/dinner-ibiza\/","title":{"rendered":"D\u00eener Ibiza"},"content":{"rendered":"<p>Restaurants avec menus pour groupes et boissons incluses. Restaurants avec terrasse, clubs de plage ou traditionnels \u00e0 votre choix. Les meilleures f\u00eates <a href=\"https:\/\/en.wikipedia.org\/wiki\/Ibiza\">d&#8217;Ibiza<\/a> avec <a href=\"https:\/\/stagpartynight.com\/\">Stag Party Night.<\/a><\/p>\n<p>La gastronomie \u00e0 Ibiza est une exp\u00e9rience sensorielle qui rassemble amis et famille autour de d\u00e9licieux repas et de moments pr\u00e9cieux. L&#8217;\u00eele offre une multitude d&#8217;options pour satisfaire tous les palais et cr\u00e9er des souvenirs imp\u00e9rissables. Que vous recherchiez une terrasse ensoleill\u00e9e, un club de plage d\u00e9contract\u00e9 ou un restaurant traditionnel.<\/p>\n<p>Pour ceux qui souhaitent profiter d\u2019une exp\u00e9rience culinaire sans tracas. Les restaurants proposant des menus de groupe avec boissons sont une excellente option. Imaginez-vous assis avec vos proches, d\u00e9gustant de d\u00e9licieux plats et sirotant des boissons rafra\u00eechissantes dans un cadre chaleureux et paisible. Que vous optiez pour des tapas traditionnelles. Plats m\u00e9diterran\u00e9ens modernes ou sp\u00e9cialit\u00e9s locales. Vous \u00eates assur\u00e9 de trouver un menu qui satisfera vos papilles.<\/p>\n<div class=\"flex-1 overflow-hidden\">\n<div class=\"react-scroll-to-bottom--css-etktj-79elbk h-full\">\n<div class=\"react-scroll-to-bottom--css-etktj-1n7m0yu\">\n<div class=\"flex flex-col text-sm pb-9\">\n<div class=\"w-full text-token-text-primary\" data-testid=\"conversation-turn-53\">\n<div class=\"px-4 py-2 justify-center text-base md:gap-6 m-auto\">\n<div class=\"flex flex-1 text-base mx-auto gap-3 md:px-5 lg:px-1 xl:px-5 md:max-w-3xl lg:max-w-[40rem] xl:max-w-[48rem] group final-completion\">\n<div class=\"relative flex w-full flex-col agent-turn\">\n<div class=\"flex-col gap-1 md:gap-3\">\n<div class=\"flex flex-grow flex-col max-w-full\">\n<div class=\"min-h-[20px] text-message flex flex-col items-start gap-3 whitespace-pre-wrap break-words [.text-message+&amp;]:mt-5 overflow-x-auto\" data-message-author-role=\"assistant\" data-message-id=\"c655cab1-2f1e-49ed-a46a-631426433154\">\n<div class=\"markdown prose w-full break-words dark:prose-invert light\">\n<h4>Une \u00c9pop\u00e9e Culinaire \u00e0 Ibiza : Des Restaurants pour Groupes \u00e0 la Hauteur de Vos Attentes<\/h4>\n<\/div>\n<\/div>\n<\/div>\n<\/div>\n<\/div>\n<\/div>\n<\/div>\n<\/div>\n<\/div>\n<\/div>\n<\/div>\n<\/div>\n<p>Les restaurants avec terrasse offrent une exp\u00e9rience tout aussi s\u00e9duisante pour ceux qui pr\u00e9f\u00e8rent d\u00eener en plein air. Imaginez-vous d\u00e9guster des plats d\u00e9licieux tout en admirant le coucher de soleil spectaculaire d&#8217;Ibiza, ou en profitant de la brise marine rafra\u00eechissante dans un cadre merveilleux. Ces restaurants offrent une exp\u00e9rience culinaire inoubliable gr\u00e2ce \u00e0 une vue imprenable et \u00e0 un cadre relaxant.<\/p>\n<p>Et bien s\u00fbr, les clubs de plage sont l&#8217;endroit id\u00e9al pour ceux qui recherchent une atmosph\u00e8re relaxante. Imaginez-vous les pieds dans le sable, sirotant des cocktails color\u00e9s et d\u00e9gustant des plats frais et savoureux tout en \u00e9coutant de la musique relaxante et en profitant de l&#8217;ambiance dynamique de la plage.<\/p>\n<p>En conclusion, il y a une multitude d&#8217;options gastronomiques \u00e0 Ibiza, que vous optiez pour un \u00e9tablissement traditionnel, un club de plage anim\u00e9 ou un restaurant avec une terrasse pittoresque. Sur cette \u00eele enchanteresse, d\u00e9couvrez l&#8217;art de la gastronomie en groupe et laissez-vous s\u00e9duire par des saveurs exquises, des boissons d\u00e9licieuses et des moments pr\u00e9cieux avec vos proches.<\/p>\n<p>&nbsp;<\/p>\n","protected":false},"excerpt":{"rendered":"<p>Restaurants avec menus pour groupes et boissons incluses. Restaurants avec terrasse, clubs de plage ou traditionnels \u00e0 votre choix<\/p>\n","protected":false},"featured_media":134,"comment_status":"open","ping_status":"closed","template":"","meta":{"_et_pb_use_builder":"","_et_pb_old_content":"","_et_gb_content_width":""},"product_brand":[],"product_cat":[113],"product_tag":[330,331,122],"class_list":{"0":"post-259","1":"product","2":"type-product","3":"status-publish","4":"has-post-thumbnail","6":"product_cat-ibiza","7":"product_tag-diner-a-ibiza","8":"product_tag-diner-ibiza","9":"product_tag-dinner-ibiza","11":"first","12":"instock","13":"virtual","14":"product-type-simple"},"yoast_head":"<!-- This site is optimized with the Yoast SEO plugin v26.4 - https:\/\/yoast.com\/wordpress\/plugins\/seo\/ -->\n<title>D\u00eener Ibiza<\/title>\n<meta name=\"description\" content=\"D\u00eener Ibiza - Restaurants avec menus pour groupes et boissons incluses. Restaurants avec terrasse, clubs de plage ou traditionnels \u00e0 votre choix.\" \/>\n<meta name=\"robots\" content=\"index, follow, max-snippet:-1, max-image-preview:large, max-video-preview:-1\" \/>\n<link rel=\"canonical\" href=\"https:\/\/stagpartynight.com\/fr\/product\/dinner-ibiza\/\" \/>\n<meta property=\"og:locale\" content=\"en_GB\" \/>\n<meta property=\"og:type\" content=\"article\" \/>\n<meta property=\"og:title\" content=\"D\u00eener Ibiza\" \/>\n<meta property=\"og:description\" content=\"D\u00eener Ibiza - Restaurants avec menus pour groupes et boissons incluses. Restaurants avec terrasse, clubs de plage ou traditionnels \u00e0 votre choix.\" \/>\n<meta property=\"og:url\" content=\"https:\/\/stagpartynight.com\/fr\/product\/dinner-ibiza\/\" \/>\n<meta property=\"og:site_name\" content=\"Nuit de f\u00eate de cerf\" \/>\n<meta property=\"article:modified_time\" content=\"2024-03-11T12:50:55+00:00\" \/>\n<meta property=\"og:image\" content=\"https:\/\/stagpartynight.com\/fr\/wp-content\/uploads\/sites\/3\/2020\/01\/erotic-show-dinner.jpg\" \/>\n\t<meta property=\"og:image:width\" content=\"720\" \/>\n\t<meta property=\"og:image:height\" content=\"480\" \/>\n\t<meta property=\"og:image:type\" content=\"image\/jpeg\" \/>\n<meta name=\"twitter:card\" content=\"summary_large_image\" \/>\n<meta name=\"twitter:label1\" content=\"Estimated reading time\" \/>\n\t<meta name=\"twitter:data1\" content=\"2 minutes\" \/>\n<script type=\"application\/ld+json\" class=\"yoast-schema-graph\">{\"@context\":\"https:\/\/schema.org\",\"@graph\":[{\"@type\":\"WebPage\",\"@id\":\"https:\/\/stagpartynight.com\/fr\/product\/dinner-ibiza\/\",\"url\":\"https:\/\/stagpartynight.com\/fr\/product\/dinner-ibiza\/\",\"name\":\"D\u00eener Ibiza\",\"isPartOf\":{\"@id\":\"https:\/\/stagpartynight.com\/fr\/#website\"},\"primaryImageOfPage\":{\"@id\":\"https:\/\/stagpartynight.com\/fr\/product\/dinner-ibiza\/#primaryimage\"},\"image\":{\"@id\":\"https:\/\/stagpartynight.com\/fr\/product\/dinner-ibiza\/#primaryimage\"},\"thumbnailUrl\":\"https:\/\/stagpartynight.com\/fr\/wp-content\/uploads\/sites\/3\/2020\/01\/erotic-show-dinner.jpg\",\"datePublished\":\"2020-01-08T13:26:02+00:00\",\"dateModified\":\"2024-03-11T12:50:55+00:00\",\"description\":\"D\u00eener Ibiza - Restaurants avec menus pour groupes et boissons incluses. Restaurants avec terrasse, clubs de plage ou traditionnels \u00e0 votre choix.\",\"breadcrumb\":{\"@id\":\"https:\/\/stagpartynight.com\/fr\/product\/dinner-ibiza\/#breadcrumb\"},\"inLanguage\":\"en-GB\",\"potentialAction\":[{\"@type\":\"ReadAction\",\"target\":[\"https:\/\/stagpartynight.com\/fr\/product\/dinner-ibiza\/\"]}]},{\"@type\":\"ImageObject\",\"inLanguage\":\"en-GB\",\"@id\":\"https:\/\/stagpartynight.com\/fr\/product\/dinner-ibiza\/#primaryimage\",\"url\":\"https:\/\/stagpartynight.com\/fr\/wp-content\/uploads\/sites\/3\/2020\/01\/erotic-show-dinner.jpg\",\"contentUrl\":\"https:\/\/stagpartynight.com\/fr\/wp-content\/uploads\/sites\/3\/2020\/01\/erotic-show-dinner.jpg\",\"width\":720,\"height\":480},{\"@type\":\"BreadcrumbList\",\"@id\":\"https:\/\/stagpartynight.com\/fr\/product\/dinner-ibiza\/#breadcrumb\",\"itemListElement\":[{\"@type\":\"ListItem\",\"position\":1,\"name\":\"Home\",\"item\":\"https:\/\/stagpartynight.com\/fr\/\"},{\"@type\":\"ListItem\",\"position\":2,\"name\":\"Tienda\",\"item\":\"https:\/\/stagpartynight.com\/fr\/tienda\/\"},{\"@type\":\"ListItem\",\"position\":3,\"name\":\"D\u00eener Ibiza\"}]},{\"@type\":\"WebSite\",\"@id\":\"https:\/\/stagpartynight.com\/fr\/#website\",\"url\":\"https:\/\/stagpartynight.com\/fr\/\",\"name\":\"Stag Party Night\",\"description\":\"Your Stag Party Customized\",\"publisher\":{\"@id\":\"https:\/\/stagpartynight.com\/fr\/#organization\"},\"potentialAction\":[{\"@type\":\"SearchAction\",\"target\":{\"@type\":\"EntryPoint\",\"urlTemplate\":\"https:\/\/stagpartynight.com\/fr\/?s={search_term_string}\"},\"query-input\":{\"@type\":\"PropertyValueSpecification\",\"valueRequired\":true,\"valueName\":\"search_term_string\"}}],\"inLanguage\":\"en-GB\"},{\"@type\":\"Organization\",\"@id\":\"https:\/\/stagpartynight.com\/fr\/#organization\",\"name\":\"Stag Party Night\",\"url\":\"https:\/\/stagpartynight.com\/fr\/\",\"logo\":{\"@type\":\"ImageObject\",\"inLanguage\":\"en-GB\",\"@id\":\"https:\/\/stagpartynight.com\/fr\/#\/schema\/logo\/image\/\",\"url\":\"https:\/\/stagpartynight.com\/fr\/wp-content\/uploads\/sites\/3\/2019\/12\/stagpartynight-e1578565505687.png\",\"contentUrl\":\"https:\/\/stagpartynight.com\/fr\/wp-content\/uploads\/sites\/3\/2019\/12\/stagpartynight-e1578565505687.png\",\"width\":400,\"height\":400,\"caption\":\"Stag Party Night\"},\"image\":{\"@id\":\"https:\/\/stagpartynight.com\/fr\/#\/schema\/logo\/image\/\"}}]}<\/script>\n<!-- \/ Yoast SEO plugin. -->","yoast_head_json":{"title":"D\u00eener Ibiza","description":"D\u00eener Ibiza - Restaurants avec menus pour groupes et boissons incluses. Restaurants avec terrasse, clubs de plage ou traditionnels \u00e0 votre choix.","robots":{"index":"index","follow":"follow","max-snippet":"max-snippet:-1","max-image-preview":"max-image-preview:large","max-video-preview":"max-video-preview:-1"},"canonical":"https:\/\/stagpartynight.com\/fr\/product\/dinner-ibiza\/","og_locale":"en_GB","og_type":"article","og_title":"D\u00eener Ibiza","og_description":"D\u00eener Ibiza - Restaurants avec menus pour groupes et boissons incluses. Restaurants avec terrasse, clubs de plage ou traditionnels \u00e0 votre choix.","og_url":"https:\/\/stagpartynight.com\/fr\/product\/dinner-ibiza\/","og_site_name":"Nuit de f\u00eate de cerf","article_modified_time":"2024-03-11T12:50:55+00:00","og_image":[{"width":720,"height":480,"url":"https:\/\/stagpartynight.com\/fr\/wp-content\/uploads\/sites\/3\/2020\/01\/erotic-show-dinner.jpg","type":"image\/jpeg"}],"twitter_card":"summary_large_image","twitter_misc":{"Estimated reading time":"2 minutes"},"schema":{"@context":"https:\/\/schema.org","@graph":[{"@type":"WebPage","@id":"https:\/\/stagpartynight.com\/fr\/product\/dinner-ibiza\/","url":"https:\/\/stagpartynight.com\/fr\/product\/dinner-ibiza\/","name":"D\u00eener Ibiza","isPartOf":{"@id":"https:\/\/stagpartynight.com\/fr\/#website"},"primaryImageOfPage":{"@id":"https:\/\/stagpartynight.com\/fr\/product\/dinner-ibiza\/#primaryimage"},"image":{"@id":"https:\/\/stagpartynight.com\/fr\/product\/dinner-ibiza\/#primaryimage"},"thumbnailUrl":"https:\/\/stagpartynight.com\/fr\/wp-content\/uploads\/sites\/3\/2020\/01\/erotic-show-dinner.jpg","datePublished":"2020-01-08T13:26:02+00:00","dateModified":"2024-03-11T12:50:55+00:00","description":"D\u00eener Ibiza - Restaurants avec menus pour groupes et boissons incluses. Restaurants avec terrasse, clubs de plage ou traditionnels \u00e0 votre choix.","breadcrumb":{"@id":"https:\/\/stagpartynight.com\/fr\/product\/dinner-ibiza\/#breadcrumb"},"inLanguage":"en-GB","potentialAction":[{"@type":"ReadAction","target":["https:\/\/stagpartynight.com\/fr\/product\/dinner-ibiza\/"]}]},{"@type":"ImageObject","inLanguage":"en-GB","@id":"https:\/\/stagpartynight.com\/fr\/product\/dinner-ibiza\/#primaryimage","url":"https:\/\/stagpartynight.com\/fr\/wp-content\/uploads\/sites\/3\/2020\/01\/erotic-show-dinner.jpg","contentUrl":"https:\/\/stagpartynight.com\/fr\/wp-content\/uploads\/sites\/3\/2020\/01\/erotic-show-dinner.jpg","width":720,"height":480},{"@type":"BreadcrumbList","@id":"https:\/\/stagpartynight.com\/fr\/product\/dinner-ibiza\/#breadcrumb","itemListElement":[{"@type":"ListItem","position":1,"name":"Home","item":"https:\/\/stagpartynight.com\/fr\/"},{"@type":"ListItem","position":2,"name":"Tienda","item":"https:\/\/stagpartynight.com\/fr\/tienda\/"},{"@type":"ListItem","position":3,"name":"D\u00eener Ibiza"}]},{"@type":"WebSite","@id":"https:\/\/stagpartynight.com\/fr\/#website","url":"https:\/\/stagpartynight.com\/fr\/","name":"Stag Party Night","description":"Your Stag Party Customized","publisher":{"@id":"https:\/\/stagpartynight.com\/fr\/#organization"},"potentialAction":[{"@type":"SearchAction","target":{"@type":"EntryPoint","urlTemplate":"https:\/\/stagpartynight.com\/fr\/?s={search_term_string}"},"query-input":{"@type":"PropertyValueSpecification","valueRequired":true,"valueName":"search_term_string"}}],"inLanguage":"en-GB"},{"@type":"Organization","@id":"https:\/\/stagpartynight.com\/fr\/#organization","name":"Stag Party Night","url":"https:\/\/stagpartynight.com\/fr\/","logo":{"@type":"ImageObject","inLanguage":"en-GB","@id":"https:\/\/stagpartynight.com\/fr\/#\/schema\/logo\/image\/","url":"https:\/\/stagpartynight.com\/fr\/wp-content\/uploads\/sites\/3\/2019\/12\/stagpartynight-e1578565505687.png","contentUrl":"https:\/\/stagpartynight.com\/fr\/wp-content\/uploads\/sites\/3\/2019\/12\/stagpartynight-e1578565505687.png","width":400,"height":400,"caption":"Stag Party Night"},"image":{"@id":"https:\/\/stagpartynight.com\/fr\/#\/schema\/logo\/image\/"}}]}},"_links":{"self":[{"href":"https:\/\/stagpartynight.com\/fr\/wp-json\/wp\/v2\/product\/259","targetHints":{"allow":["GET"]}}],"collection":[{"href":"https:\/\/stagpartynight.com\/fr\/wp-json\/wp\/v2\/product"}],"about":[{"href":"https:\/\/stagpartynight.com\/fr\/wp-json\/wp\/v2\/types\/product"}],"replies":[{"embeddable":true,"href":"https:\/\/stagpartynight.com\/fr\/wp-json\/wp\/v2\/comments?post=259"}],"wp:featuredmedia":[{"embeddable":true,"href":"https:\/\/stagpartynight.com\/fr\/wp-json\/wp\/v2\/media\/134"}],"wp:attachment":[{"href":"https:\/\/stagpartynight.com\/fr\/wp-json\/wp\/v2\/media?parent=259"}],"wp:term":[{"taxonomy":"product_brand","embeddable":true,"href":"https:\/\/stagpartynight.com\/fr\/wp-json\/wp\/v2\/product_brand?post=259"},{"taxonomy":"product_cat","embeddable":true,"href":"https:\/\/stagpartynight.com\/fr\/wp-json\/wp\/v2\/product_cat?post=259"},{"taxonomy":"product_tag","embeddable":true,"href":"https:\/\/stagpartynight.com\/fr\/wp-json\/wp\/v2\/product_tag?post=259"}],"curies":[{"name":"wp","href":"https:\/\/api.w.org\/{rel}","templated":true}]}}