{"id":262,"date":"2020-01-08T14:28:54","date_gmt":"2020-01-08T13:28:54","guid":{"rendered":"https:\/\/stagpartynight.com\/fr\/?post_type=product&#038;p=262"},"modified":"2024-03-11T13:39:53","modified_gmt":"2024-03-11T12:39:53","slug":"fete-du-pool-a-ibiza","status":"publish","type":"product","link":"https:\/\/stagpartynight.com\/fr\/product\/fete-du-pool-a-ibiza\/","title":{"rendered":"F\u00eate du Pool \u00e0 Ibiza"},"content":{"rendered":"<p>F\u00eate dans la piscine priv\u00e9e du Beach Club. Avec DJ, animation et autres groupes donnent une ambiance magique avec un lieu embl\u00e9matique. Entr\u00e9e avec boisson incluse. Les meilleures soir\u00e9es \u00e0 <a href=\"https:\/\/en.wikipedia.org\/wiki\/Ibiza\">Ibiza<\/a> avec <a href=\"https:\/\/stagpartynight.com\/\">Stag Party Night.\u00a0<\/a><\/p>\n<div class=\"flex-1 overflow-hidden\">\n<div class=\"react-scroll-to-bottom--css-etktj-79elbk h-full\">\n<div class=\"react-scroll-to-bottom--css-etktj-1n7m0yu\">\n<div class=\"flex flex-col text-sm pb-9\">\n<div class=\"w-full text-token-text-primary\" data-testid=\"conversation-turn-49\">\n<div class=\"px-4 py-2 justify-center text-base md:gap-6 m-auto\">\n<div class=\"flex flex-1 text-base mx-auto gap-3 md:px-5 lg:px-1 xl:px-5 md:max-w-3xl lg:max-w-[40rem] xl:max-w-[48rem] group final-completion\">\n<div class=\"relative flex w-full flex-col agent-turn\">\n<div class=\"flex-col gap-1 md:gap-3\">\n<div class=\"flex flex-grow flex-col max-w-full\">\n<div class=\"min-h-[20px] text-message flex flex-col items-start gap-3 whitespace-pre-wrap break-words [.text-message+&amp;]:mt-5 overflow-x-auto\" data-message-author-role=\"assistant\" data-message-id=\"0af46852-328f-4f51-889f-f9e062aca0f4\">\n<div class=\"markdown prose w-full break-words dark:prose-invert light\">\n<p>Quand on pense \u00e0 Ibiza, on pense souvent \u00e0 des c\u00e9l\u00e9brations captivantes et \u00e0 des soir\u00e9es anim\u00e9es sous les \u00e9toiles. Mais imaginez maintenant cette exp\u00e9rience accrue dans l\u2019exclusivit\u00e9 raffin\u00e9e d\u2019une piscine priv\u00e9e. Situ\u00e9 au coeur du Beach Club. Bienvenue \u00e0 l&#8217;un des \u00e9v\u00e9nements les plus exclusifs de l&#8217;\u00eele o\u00f9 la f\u00eate prend une nouvelle dimension dans un cadre embl\u00e9matique.<\/p>\n<p>Cette f\u00eate se d\u00e9roule dans la piscine priv\u00e9e du Beach Club. Il offre une atmosph\u00e8re mystique et captivante. Chaque instant est une c\u00e9l\u00e9bration de la vie et du plaisir avec un divertissement captivant. Un DJ aux platines pour animer la soir\u00e9e. Que vous vous d\u00e9tendiez sur un transat ou que vous dansiez au bord de la piscine. Vous serez plong\u00e9 dans une atmosph\u00e8re unique et m\u00e9morable.<\/p>\n<p>L&#8217;emplacement embl\u00e9matique du Beach Club rend cette exp\u00e9rience encore plus sp\u00e9ciale. Ce lieu embl\u00e9matique, situ\u00e9 au bord de la mer M\u00e9diterran\u00e9e, offre des paysages \u00e9poustouflants et une atmosph\u00e8re captivante. Cela ajoute une touche de magie suppl\u00e9mentaire \u00e0 chaque instant de la f\u00eate. Vous vous retrouverez immerg\u00e9 dans une oasis de luxe et de bonheur. O\u00f9 le temps semble s&#8217;\u00eatre arr\u00eat\u00e9 et o\u00f9 chaque instant est une aventure \u00e0 savourer.<\/p>\n<h4>Une Soir\u00e9e de Luxe dans un Cadre Iconique : F\u00eate dans la Piscine Priv\u00e9e du Beach Club<\/h4>\n<p>De plus, une boisson est incluse dans l&#8217;entr\u00e9e \u00e0 cette f\u00eate exclusive pour vous aider \u00e0 commencer la soir\u00e9e en beaut\u00e9. Cette f\u00eate promet une exp\u00e9rience inoubliable \u00e0 Ibiza avec une s\u00e9lection raffin\u00e9e de boissons \u00e0 d\u00e9guster tout en vous impr\u00e9gnant de l&#8217;ambiance enivrante.<\/p>\n<p>Enfin, profitez de la piscine priv\u00e9e du Beach Club et profitez d&#8217;une soir\u00e9e de luxe, de plaisir et de souvenirs inoubliables. Cette exp\u00e9rience unique vous transporte dans un monde o\u00f9 le plaisir est roi et o\u00f9 la f\u00eate ne conna\u00eet pas de limites.<\/p>\n<\/div>\n<\/div>\n<\/div>\n<\/div>\n<\/div>\n<\/div>\n<\/div>\n<\/div>\n<\/div>\n<\/div>\n<\/div>\n<\/div>\n","protected":false},"excerpt":{"rendered":"<p>F\u00eate dans la piscine priv\u00e9e du Beach Club. Avec DJ, animation et autres groupes donnent une ambiance magique avec un lieu embl\u00e9matique. Entr\u00e9e avec boisson incluse.<\/p>\n","protected":false},"featured_media":1831,"comment_status":"open","ping_status":"closed","template":"","meta":{"_et_pb_use_builder":"","_et_pb_old_content":"","_et_gb_content_width":""},"product_brand":[],"product_cat":[113],"product_tag":[332,124],"class_list":{"0":"post-262","1":"product","2":"type-product","3":"status-publish","4":"has-post-thumbnail","6":"product_cat-ibiza","7":"product_tag-fete-du-pool-a-ibiza","8":"product_tag-pool-party-ibiza","10":"first","11":"instock","12":"virtual","13":"product-type-simple"},"yoast_head":"<!-- This site is optimized with the Yoast SEO plugin v26.4 - https:\/\/yoast.com\/wordpress\/plugins\/seo\/ -->\n<title>F\u00eate du Pool \u00e0 Ibiza<\/title>\n<meta name=\"description\" content=\"F\u00eate du Pool \u00e0 Ibiza dans la piscine priv\u00e9e du Beach Club. Avec DJ, donnez une ambiance magique. Entr\u00e9e avec boisson incluse.\" \/>\n<meta name=\"robots\" content=\"index, follow, max-snippet:-1, max-image-preview:large, max-video-preview:-1\" \/>\n<link rel=\"canonical\" href=\"https:\/\/stagpartynight.com\/fr\/product\/fete-du-pool-a-ibiza\/\" \/>\n<meta property=\"og:locale\" content=\"en_GB\" \/>\n<meta property=\"og:type\" content=\"article\" \/>\n<meta property=\"og:title\" content=\"F\u00eate du Pool \u00e0 Ibiza\" \/>\n<meta property=\"og:description\" content=\"F\u00eate du Pool \u00e0 Ibiza dans la piscine priv\u00e9e du Beach Club. Avec DJ, donnez une ambiance magique. Entr\u00e9e avec boisson incluse.\" \/>\n<meta property=\"og:url\" content=\"https:\/\/stagpartynight.com\/fr\/product\/fete-du-pool-a-ibiza\/\" \/>\n<meta property=\"og:site_name\" content=\"Nuit de f\u00eate de cerf\" \/>\n<meta property=\"article:modified_time\" content=\"2024-03-11T12:39:53+00:00\" \/>\n<meta property=\"og:image\" content=\"https:\/\/stagpartynight.com\/fr\/wp-content\/uploads\/sites\/3\/2020\/01\/Fiesta-en-el-Beach-Hotel-Ushuaia-de-Ibiza7-1.jpg\" \/>\n\t<meta property=\"og:image:width\" content=\"720\" \/>\n\t<meta property=\"og:image:height\" content=\"446\" \/>\n\t<meta property=\"og:image:type\" content=\"image\/jpeg\" \/>\n<meta name=\"twitter:card\" content=\"summary_large_image\" \/>\n<meta name=\"twitter:label1\" content=\"Estimated reading time\" \/>\n\t<meta name=\"twitter:data1\" content=\"2 minutes\" \/>\n<script type=\"application\/ld+json\" class=\"yoast-schema-graph\">{\"@context\":\"https:\/\/schema.org\",\"@graph\":[{\"@type\":\"WebPage\",\"@id\":\"https:\/\/stagpartynight.com\/fr\/product\/fete-du-pool-a-ibiza\/\",\"url\":\"https:\/\/stagpartynight.com\/fr\/product\/fete-du-pool-a-ibiza\/\",\"name\":\"F\u00eate du Pool \u00e0 Ibiza\",\"isPartOf\":{\"@id\":\"https:\/\/stagpartynight.com\/fr\/#website\"},\"primaryImageOfPage\":{\"@id\":\"https:\/\/stagpartynight.com\/fr\/product\/fete-du-pool-a-ibiza\/#primaryimage\"},\"image\":{\"@id\":\"https:\/\/stagpartynight.com\/fr\/product\/fete-du-pool-a-ibiza\/#primaryimage\"},\"thumbnailUrl\":\"https:\/\/stagpartynight.com\/fr\/wp-content\/uploads\/sites\/3\/2020\/01\/Fiesta-en-el-Beach-Hotel-Ushuaia-de-Ibiza7-1.jpg\",\"datePublished\":\"2020-01-08T13:28:54+00:00\",\"dateModified\":\"2024-03-11T12:39:53+00:00\",\"description\":\"F\u00eate du Pool \u00e0 Ibiza dans la piscine priv\u00e9e du Beach Club. Avec DJ, donnez une ambiance magique. Entr\u00e9e avec boisson incluse.\",\"breadcrumb\":{\"@id\":\"https:\/\/stagpartynight.com\/fr\/product\/fete-du-pool-a-ibiza\/#breadcrumb\"},\"inLanguage\":\"en-GB\",\"potentialAction\":[{\"@type\":\"ReadAction\",\"target\":[\"https:\/\/stagpartynight.com\/fr\/product\/fete-du-pool-a-ibiza\/\"]}]},{\"@type\":\"ImageObject\",\"inLanguage\":\"en-GB\",\"@id\":\"https:\/\/stagpartynight.com\/fr\/product\/fete-du-pool-a-ibiza\/#primaryimage\",\"url\":\"https:\/\/stagpartynight.com\/fr\/wp-content\/uploads\/sites\/3\/2020\/01\/Fiesta-en-el-Beach-Hotel-Ushuaia-de-Ibiza7-1.jpg\",\"contentUrl\":\"https:\/\/stagpartynight.com\/fr\/wp-content\/uploads\/sites\/3\/2020\/01\/Fiesta-en-el-Beach-Hotel-Ushuaia-de-Ibiza7-1.jpg\",\"width\":720,\"height\":446},{\"@type\":\"BreadcrumbList\",\"@id\":\"https:\/\/stagpartynight.com\/fr\/product\/fete-du-pool-a-ibiza\/#breadcrumb\",\"itemListElement\":[{\"@type\":\"ListItem\",\"position\":1,\"name\":\"Home\",\"item\":\"https:\/\/stagpartynight.com\/fr\/\"},{\"@type\":\"ListItem\",\"position\":2,\"name\":\"Tienda\",\"item\":\"https:\/\/stagpartynight.com\/fr\/tienda\/\"},{\"@type\":\"ListItem\",\"position\":3,\"name\":\"F\u00eate du Pool \u00e0 Ibiza\"}]},{\"@type\":\"WebSite\",\"@id\":\"https:\/\/stagpartynight.com\/fr\/#website\",\"url\":\"https:\/\/stagpartynight.com\/fr\/\",\"name\":\"Stag Party Night\",\"description\":\"Your Stag Party Customized\",\"publisher\":{\"@id\":\"https:\/\/stagpartynight.com\/fr\/#organization\"},\"potentialAction\":[{\"@type\":\"SearchAction\",\"target\":{\"@type\":\"EntryPoint\",\"urlTemplate\":\"https:\/\/stagpartynight.com\/fr\/?s={search_term_string}\"},\"query-input\":{\"@type\":\"PropertyValueSpecification\",\"valueRequired\":true,\"valueName\":\"search_term_string\"}}],\"inLanguage\":\"en-GB\"},{\"@type\":\"Organization\",\"@id\":\"https:\/\/stagpartynight.com\/fr\/#organization\",\"name\":\"Stag Party Night\",\"url\":\"https:\/\/stagpartynight.com\/fr\/\",\"logo\":{\"@type\":\"ImageObject\",\"inLanguage\":\"en-GB\",\"@id\":\"https:\/\/stagpartynight.com\/fr\/#\/schema\/logo\/image\/\",\"url\":\"https:\/\/stagpartynight.com\/fr\/wp-content\/uploads\/sites\/3\/2019\/12\/stagpartynight-e1578565505687.png\",\"contentUrl\":\"https:\/\/stagpartynight.com\/fr\/wp-content\/uploads\/sites\/3\/2019\/12\/stagpartynight-e1578565505687.png\",\"width\":400,\"height\":400,\"caption\":\"Stag Party Night\"},\"image\":{\"@id\":\"https:\/\/stagpartynight.com\/fr\/#\/schema\/logo\/image\/\"}}]}<\/script>\n<!-- \/ Yoast SEO plugin. -->","yoast_head_json":{"title":"F\u00eate du Pool \u00e0 Ibiza","description":"F\u00eate du Pool \u00e0 Ibiza dans la piscine priv\u00e9e du Beach Club. Avec DJ, donnez une ambiance magique. Entr\u00e9e avec boisson incluse.","robots":{"index":"index","follow":"follow","max-snippet":"max-snippet:-1","max-image-preview":"max-image-preview:large","max-video-preview":"max-video-preview:-1"},"canonical":"https:\/\/stagpartynight.com\/fr\/product\/fete-du-pool-a-ibiza\/","og_locale":"en_GB","og_type":"article","og_title":"F\u00eate du Pool \u00e0 Ibiza","og_description":"F\u00eate du Pool \u00e0 Ibiza dans la piscine priv\u00e9e du Beach Club. Avec DJ, donnez une ambiance magique. Entr\u00e9e avec boisson incluse.","og_url":"https:\/\/stagpartynight.com\/fr\/product\/fete-du-pool-a-ibiza\/","og_site_name":"Nuit de f\u00eate de cerf","article_modified_time":"2024-03-11T12:39:53+00:00","og_image":[{"width":720,"height":446,"url":"https:\/\/stagpartynight.com\/fr\/wp-content\/uploads\/sites\/3\/2020\/01\/Fiesta-en-el-Beach-Hotel-Ushuaia-de-Ibiza7-1.jpg","type":"image\/jpeg"}],"twitter_card":"summary_large_image","twitter_misc":{"Estimated reading time":"2 minutes"},"schema":{"@context":"https:\/\/schema.org","@graph":[{"@type":"WebPage","@id":"https:\/\/stagpartynight.com\/fr\/product\/fete-du-pool-a-ibiza\/","url":"https:\/\/stagpartynight.com\/fr\/product\/fete-du-pool-a-ibiza\/","name":"F\u00eate du Pool \u00e0 Ibiza","isPartOf":{"@id":"https:\/\/stagpartynight.com\/fr\/#website"},"primaryImageOfPage":{"@id":"https:\/\/stagpartynight.com\/fr\/product\/fete-du-pool-a-ibiza\/#primaryimage"},"image":{"@id":"https:\/\/stagpartynight.com\/fr\/product\/fete-du-pool-a-ibiza\/#primaryimage"},"thumbnailUrl":"https:\/\/stagpartynight.com\/fr\/wp-content\/uploads\/sites\/3\/2020\/01\/Fiesta-en-el-Beach-Hotel-Ushuaia-de-Ibiza7-1.jpg","datePublished":"2020-01-08T13:28:54+00:00","dateModified":"2024-03-11T12:39:53+00:00","description":"F\u00eate du Pool \u00e0 Ibiza dans la piscine priv\u00e9e du Beach Club. Avec DJ, donnez une ambiance magique. Entr\u00e9e avec boisson incluse.","breadcrumb":{"@id":"https:\/\/stagpartynight.com\/fr\/product\/fete-du-pool-a-ibiza\/#breadcrumb"},"inLanguage":"en-GB","potentialAction":[{"@type":"ReadAction","target":["https:\/\/stagpartynight.com\/fr\/product\/fete-du-pool-a-ibiza\/"]}]},{"@type":"ImageObject","inLanguage":"en-GB","@id":"https:\/\/stagpartynight.com\/fr\/product\/fete-du-pool-a-ibiza\/#primaryimage","url":"https:\/\/stagpartynight.com\/fr\/wp-content\/uploads\/sites\/3\/2020\/01\/Fiesta-en-el-Beach-Hotel-Ushuaia-de-Ibiza7-1.jpg","contentUrl":"https:\/\/stagpartynight.com\/fr\/wp-content\/uploads\/sites\/3\/2020\/01\/Fiesta-en-el-Beach-Hotel-Ushuaia-de-Ibiza7-1.jpg","width":720,"height":446},{"@type":"BreadcrumbList","@id":"https:\/\/stagpartynight.com\/fr\/product\/fete-du-pool-a-ibiza\/#breadcrumb","itemListElement":[{"@type":"ListItem","position":1,"name":"Home","item":"https:\/\/stagpartynight.com\/fr\/"},{"@type":"ListItem","position":2,"name":"Tienda","item":"https:\/\/stagpartynight.com\/fr\/tienda\/"},{"@type":"ListItem","position":3,"name":"F\u00eate du Pool \u00e0 Ibiza"}]},{"@type":"WebSite","@id":"https:\/\/stagpartynight.com\/fr\/#website","url":"https:\/\/stagpartynight.com\/fr\/","name":"Stag Party Night","description":"Your Stag Party Customized","publisher":{"@id":"https:\/\/stagpartynight.com\/fr\/#organization"},"potentialAction":[{"@type":"SearchAction","target":{"@type":"EntryPoint","urlTemplate":"https:\/\/stagpartynight.com\/fr\/?s={search_term_string}"},"query-input":{"@type":"PropertyValueSpecification","valueRequired":true,"valueName":"search_term_string"}}],"inLanguage":"en-GB"},{"@type":"Organization","@id":"https:\/\/stagpartynight.com\/fr\/#organization","name":"Stag Party Night","url":"https:\/\/stagpartynight.com\/fr\/","logo":{"@type":"ImageObject","inLanguage":"en-GB","@id":"https:\/\/stagpartynight.com\/fr\/#\/schema\/logo\/image\/","url":"https:\/\/stagpartynight.com\/fr\/wp-content\/uploads\/sites\/3\/2019\/12\/stagpartynight-e1578565505687.png","contentUrl":"https:\/\/stagpartynight.com\/fr\/wp-content\/uploads\/sites\/3\/2019\/12\/stagpartynight-e1578565505687.png","width":400,"height":400,"caption":"Stag Party Night"},"image":{"@id":"https:\/\/stagpartynight.com\/fr\/#\/schema\/logo\/image\/"}}]}},"_links":{"self":[{"href":"https:\/\/stagpartynight.com\/fr\/wp-json\/wp\/v2\/product\/262","targetHints":{"allow":["GET"]}}],"collection":[{"href":"https:\/\/stagpartynight.com\/fr\/wp-json\/wp\/v2\/product"}],"about":[{"href":"https:\/\/stagpartynight.com\/fr\/wp-json\/wp\/v2\/types\/product"}],"replies":[{"embeddable":true,"href":"https:\/\/stagpartynight.com\/fr\/wp-json\/wp\/v2\/comments?post=262"}],"wp:featuredmedia":[{"embeddable":true,"href":"https:\/\/stagpartynight.com\/fr\/wp-json\/wp\/v2\/media\/1831"}],"wp:attachment":[{"href":"https:\/\/stagpartynight.com\/fr\/wp-json\/wp\/v2\/media?parent=262"}],"wp:term":[{"taxonomy":"product_brand","embeddable":true,"href":"https:\/\/stagpartynight.com\/fr\/wp-json\/wp\/v2\/product_brand?post=262"},{"taxonomy":"product_cat","embeddable":true,"href":"https:\/\/stagpartynight.com\/fr\/wp-json\/wp\/v2\/product_cat?post=262"},{"taxonomy":"product_tag","embeddable":true,"href":"https:\/\/stagpartynight.com\/fr\/wp-json\/wp\/v2\/product_tag?post=262"}],"curies":[{"name":"wp","href":"https:\/\/api.w.org\/{rel}","templated":true}]}}