{"id":2635,"date":"2023-12-12T13:57:22","date_gmt":"2023-12-12T12:57:22","guid":{"rendered":"https:\/\/stagpartynight.com\/fr\/?post_type=product&#038;p=2635"},"modified":"2024-01-18T12:25:53","modified_gmt":"2024-01-18T11:25:53","slug":"paintball-majorque","status":"publish","type":"product","link":"https:\/\/stagpartynight.com\/fr\/product\/paintball-majorque\/","title":{"rendered":"Paintball Majorque"},"content":{"rendered":"<p><strong>Paintball Majorque<\/strong>. Comprend 200 balles de paintball, une combinaison de camouflage, un masque de protection, des gants et une protection du torse et de la poitrine.<\/p>\n<p>Nous sommes <a href=\"https:\/\/stagpartynight.com\/\">Stag Party Night<\/a> et nous organisons votre enterrement de vie de gar\u00e7on<\/p>\n<p><em><strong>Exp\u00e9rience Adr\u00e9naline Unique \u00e0 Majorque : D\u00e9couvrez le Paintball \u00e0 Palma et Magaluf !<\/strong><\/em><\/p>\n<p>Si vous recherchez une exp\u00e9rience excitante et pleine d&#8217;adr\u00e9naline \u00e0 Majorque, vous avez trouv\u00e9 la destination id\u00e9ale ! Bienvenue dans le monde du paintball, o\u00f9 l&#8217;action et la strat\u00e9gie se combinent pour cr\u00e9er une aventure inoubliable \u00e0 Palma et Magaluf.<\/p>\n<h2>PAINTBALL MAJORQUE<\/h2>\n<p>\ud83c\udfa8 D\u00e9couvrez des d\u00e9cors \u00e0 couper le souffle \u00e0 Palma et Magaluf. Plongez-vous dans la magnifique \u00eele de Majorque o\u00f9 le paintball offre une exp\u00e9rience unique et palpitante. Notre terrain propose une vari\u00e9t\u00e9 de paysages, des myst\u00e9rieuses for\u00eats de Palma aux d\u00e9fis urbains de Magaluf, offrant ainsi une aventure inoubliable \u00e0 chaque partie.<\/p>\n<p>\ud83c\udff9 Notre engagement envers votre s\u00e9curit\u00e9 se traduit par un \u00e9quipement de pointe. Des marqueurs pr\u00e9cis, des masques de protection et des v\u00eatements confortables. Vous permettent de vous concentrer pleinement sur la strat\u00e9gie de jeu et l&#8217;action captivante sans compromettre votre bien-\u00eatre.<\/p>\n<p>\ud83c\udf93 Le terrain est adapt\u00e9 \u00e0 tous les niveaux, que vous soyez d\u00e9butant ou expert. Nos instructeurs chevronn\u00e9s vous guideront \u00e0 travers les r\u00e8gles du jeu, fournissant des conseils pour am\u00e9liorer vos tactiques et rendre chaque partie aussi amusante que possible.<\/p>\n<p>\ud83d\udc68\u200d\ud83d\udc69\u200d\ud83d\udc67\u200d\ud83d\udc66 Partagez des moments de pur divertissement avec vos amis et votre famille. Que ce soit pour une sortie amicale, un \u00e9v\u00e9nement d&#8217;entreprise ou une journ\u00e9e en famille, le paintball \u00e0 Palma et Magaluf promet une exp\u00e9rience captivante et m\u00e9morable pour tous.<\/p>\n<p>\ud83d\udd12 R\u00e9servez maintenant pour une aventure inoubliable \u00e0 Majorque. Ne manquez pas l&#8217;occasion de lib\u00e9rer votre adr\u00e9naline dans l&#8217;un des endroits les plus captivants de l&#8217;\u00eele. Notre \u00e9quipe est pr\u00eate \u00e0 vous offrir une exp\u00e9rience de paintball grav\u00e9e dans votre m\u00e9moire.<\/p>\n<p>\ud83c\udf89 D\u00e9couvrez le paintball \u00e0 <a href=\"https:\/\/es.wikipedia.org\/wiki\/Palma_de_Mallorca\">Palma<\/a> et Magaluf! L\u00e0 o\u00f9 l&#8217;action rencontre la beaut\u00e9 de Majorque, pour une exp\u00e9rience unique m\u00ealant aventure, strat\u00e9gie et \u00e9motion ! \ud83c\udf1f<\/p>\n","protected":false},"excerpt":{"rendered":"<p>Paintball Majorque. Comprend 200 balles de paintball, une combinaison de camouflage, un masque de protection, des gants et une protection du torse et de la poitrine. Nous sommes Stag Party Night et nous organisons votre enterrement de vie de gar\u00e7on Exp\u00e9rience Adr\u00e9naline Unique \u00e0 Majorque : D\u00e9couvrez le Paintball \u00e0 Palma et Magaluf ! Si [&hellip;]<\/p>\n","protected":false},"featured_media":2636,"comment_status":"open","ping_status":"closed","template":"","meta":{"_et_pb_use_builder":"","_et_pb_old_content":"","_et_gb_content_width":""},"product_brand":[],"product_cat":[218,504],"product_tag":[],"class_list":{"0":"post-2635","1":"product","2":"type-product","3":"status-publish","4":"has-post-thumbnail","6":"product_cat-uncategorised","7":"product_cat-mallorca","9":"first","10":"instock","11":"shipping-taxable","12":"product-type-simple"},"yoast_head":"<!-- This site is optimized with the Yoast SEO plugin v26.4 - https:\/\/yoast.com\/wordpress\/plugins\/seo\/ -->\n<title>Paintball Majorque<\/title>\n<meta name=\"description\" content=\"Paintball Majorque. Comprend 200 balles de paintball, une combinaison de camouflage, un masque de protection, des gants et protections.\" \/>\n<meta name=\"robots\" content=\"index, follow, max-snippet:-1, max-image-preview:large, max-video-preview:-1\" \/>\n<link rel=\"canonical\" href=\"https:\/\/stagpartynight.com\/fr\/product\/paintball-majorque\/\" \/>\n<meta property=\"og:locale\" content=\"en_GB\" \/>\n<meta property=\"og:type\" content=\"article\" \/>\n<meta property=\"og:title\" content=\"Paintball Majorque\" \/>\n<meta property=\"og:description\" content=\"Paintball Majorque. Comprend 200 balles de paintball, une combinaison de camouflage, un masque de protection, des gants et protections.\" \/>\n<meta property=\"og:url\" content=\"https:\/\/stagpartynight.com\/fr\/product\/paintball-majorque\/\" \/>\n<meta property=\"og:site_name\" content=\"Nuit de f\u00eate de cerf\" \/>\n<meta property=\"article:modified_time\" content=\"2024-01-18T11:25:53+00:00\" \/>\n<meta property=\"og:image\" content=\"https:\/\/stagpartynight.com\/fr\/wp-content\/uploads\/sites\/3\/2023\/12\/Paintball-Majorque.jpg\" \/>\n\t<meta property=\"og:image:width\" content=\"1280\" \/>\n\t<meta property=\"og:image:height\" content=\"1920\" \/>\n\t<meta property=\"og:image:type\" content=\"image\/jpeg\" \/>\n<meta name=\"twitter:card\" content=\"summary_large_image\" \/>\n<meta name=\"twitter:label1\" content=\"Estimated reading time\" \/>\n\t<meta name=\"twitter:data1\" content=\"2 minutes\" \/>\n<script type=\"application\/ld+json\" class=\"yoast-schema-graph\">{\"@context\":\"https:\/\/schema.org\",\"@graph\":[{\"@type\":\"WebPage\",\"@id\":\"https:\/\/stagpartynight.com\/fr\/product\/paintball-majorque\/\",\"url\":\"https:\/\/stagpartynight.com\/fr\/product\/paintball-majorque\/\",\"name\":\"Paintball Majorque\",\"isPartOf\":{\"@id\":\"https:\/\/stagpartynight.com\/fr\/#website\"},\"primaryImageOfPage\":{\"@id\":\"https:\/\/stagpartynight.com\/fr\/product\/paintball-majorque\/#primaryimage\"},\"image\":{\"@id\":\"https:\/\/stagpartynight.com\/fr\/product\/paintball-majorque\/#primaryimage\"},\"thumbnailUrl\":\"https:\/\/stagpartynight.com\/fr\/wp-content\/uploads\/sites\/3\/2023\/12\/Paintball-Majorque.jpg\",\"datePublished\":\"2023-12-12T12:57:22+00:00\",\"dateModified\":\"2024-01-18T11:25:53+00:00\",\"description\":\"Paintball Majorque. Comprend 200 balles de paintball, une combinaison de camouflage, un masque de protection, des gants et protections.\",\"breadcrumb\":{\"@id\":\"https:\/\/stagpartynight.com\/fr\/product\/paintball-majorque\/#breadcrumb\"},\"inLanguage\":\"en-GB\",\"potentialAction\":[{\"@type\":\"ReadAction\",\"target\":[\"https:\/\/stagpartynight.com\/fr\/product\/paintball-majorque\/\"]}]},{\"@type\":\"ImageObject\",\"inLanguage\":\"en-GB\",\"@id\":\"https:\/\/stagpartynight.com\/fr\/product\/paintball-majorque\/#primaryimage\",\"url\":\"https:\/\/stagpartynight.com\/fr\/wp-content\/uploads\/sites\/3\/2023\/12\/Paintball-Majorque.jpg\",\"contentUrl\":\"https:\/\/stagpartynight.com\/fr\/wp-content\/uploads\/sites\/3\/2023\/12\/Paintball-Majorque.jpg\",\"width\":1280,\"height\":1920,\"caption\":\"Paintball Majorque\"},{\"@type\":\"BreadcrumbList\",\"@id\":\"https:\/\/stagpartynight.com\/fr\/product\/paintball-majorque\/#breadcrumb\",\"itemListElement\":[{\"@type\":\"ListItem\",\"position\":1,\"name\":\"Home\",\"item\":\"https:\/\/stagpartynight.com\/fr\/\"},{\"@type\":\"ListItem\",\"position\":2,\"name\":\"Tienda\",\"item\":\"https:\/\/stagpartynight.com\/fr\/tienda\/\"},{\"@type\":\"ListItem\",\"position\":3,\"name\":\"Paintball Majorque\"}]},{\"@type\":\"WebSite\",\"@id\":\"https:\/\/stagpartynight.com\/fr\/#website\",\"url\":\"https:\/\/stagpartynight.com\/fr\/\",\"name\":\"Stag Party Night\",\"description\":\"Your Stag Party Customized\",\"publisher\":{\"@id\":\"https:\/\/stagpartynight.com\/fr\/#organization\"},\"potentialAction\":[{\"@type\":\"SearchAction\",\"target\":{\"@type\":\"EntryPoint\",\"urlTemplate\":\"https:\/\/stagpartynight.com\/fr\/?s={search_term_string}\"},\"query-input\":{\"@type\":\"PropertyValueSpecification\",\"valueRequired\":true,\"valueName\":\"search_term_string\"}}],\"inLanguage\":\"en-GB\"},{\"@type\":\"Organization\",\"@id\":\"https:\/\/stagpartynight.com\/fr\/#organization\",\"name\":\"Stag Party Night\",\"url\":\"https:\/\/stagpartynight.com\/fr\/\",\"logo\":{\"@type\":\"ImageObject\",\"inLanguage\":\"en-GB\",\"@id\":\"https:\/\/stagpartynight.com\/fr\/#\/schema\/logo\/image\/\",\"url\":\"https:\/\/stagpartynight.com\/fr\/wp-content\/uploads\/sites\/3\/2019\/12\/stagpartynight-e1578565505687.png\",\"contentUrl\":\"https:\/\/stagpartynight.com\/fr\/wp-content\/uploads\/sites\/3\/2019\/12\/stagpartynight-e1578565505687.png\",\"width\":400,\"height\":400,\"caption\":\"Stag Party Night\"},\"image\":{\"@id\":\"https:\/\/stagpartynight.com\/fr\/#\/schema\/logo\/image\/\"}}]}<\/script>\n<!-- \/ Yoast SEO plugin. -->","yoast_head_json":{"title":"Paintball Majorque","description":"Paintball Majorque. Comprend 200 balles de paintball, une combinaison de camouflage, un masque de protection, des gants et protections.","robots":{"index":"index","follow":"follow","max-snippet":"max-snippet:-1","max-image-preview":"max-image-preview:large","max-video-preview":"max-video-preview:-1"},"canonical":"https:\/\/stagpartynight.com\/fr\/product\/paintball-majorque\/","og_locale":"en_GB","og_type":"article","og_title":"Paintball Majorque","og_description":"Paintball Majorque. Comprend 200 balles de paintball, une combinaison de camouflage, un masque de protection, des gants et protections.","og_url":"https:\/\/stagpartynight.com\/fr\/product\/paintball-majorque\/","og_site_name":"Nuit de f\u00eate de cerf","article_modified_time":"2024-01-18T11:25:53+00:00","og_image":[{"width":1280,"height":1920,"url":"https:\/\/stagpartynight.com\/fr\/wp-content\/uploads\/sites\/3\/2023\/12\/Paintball-Majorque.jpg","type":"image\/jpeg"}],"twitter_card":"summary_large_image","twitter_misc":{"Estimated reading time":"2 minutes"},"schema":{"@context":"https:\/\/schema.org","@graph":[{"@type":"WebPage","@id":"https:\/\/stagpartynight.com\/fr\/product\/paintball-majorque\/","url":"https:\/\/stagpartynight.com\/fr\/product\/paintball-majorque\/","name":"Paintball Majorque","isPartOf":{"@id":"https:\/\/stagpartynight.com\/fr\/#website"},"primaryImageOfPage":{"@id":"https:\/\/stagpartynight.com\/fr\/product\/paintball-majorque\/#primaryimage"},"image":{"@id":"https:\/\/stagpartynight.com\/fr\/product\/paintball-majorque\/#primaryimage"},"thumbnailUrl":"https:\/\/stagpartynight.com\/fr\/wp-content\/uploads\/sites\/3\/2023\/12\/Paintball-Majorque.jpg","datePublished":"2023-12-12T12:57:22+00:00","dateModified":"2024-01-18T11:25:53+00:00","description":"Paintball Majorque. Comprend 200 balles de paintball, une combinaison de camouflage, un masque de protection, des gants et protections.","breadcrumb":{"@id":"https:\/\/stagpartynight.com\/fr\/product\/paintball-majorque\/#breadcrumb"},"inLanguage":"en-GB","potentialAction":[{"@type":"ReadAction","target":["https:\/\/stagpartynight.com\/fr\/product\/paintball-majorque\/"]}]},{"@type":"ImageObject","inLanguage":"en-GB","@id":"https:\/\/stagpartynight.com\/fr\/product\/paintball-majorque\/#primaryimage","url":"https:\/\/stagpartynight.com\/fr\/wp-content\/uploads\/sites\/3\/2023\/12\/Paintball-Majorque.jpg","contentUrl":"https:\/\/stagpartynight.com\/fr\/wp-content\/uploads\/sites\/3\/2023\/12\/Paintball-Majorque.jpg","width":1280,"height":1920,"caption":"Paintball Majorque"},{"@type":"BreadcrumbList","@id":"https:\/\/stagpartynight.com\/fr\/product\/paintball-majorque\/#breadcrumb","itemListElement":[{"@type":"ListItem","position":1,"name":"Home","item":"https:\/\/stagpartynight.com\/fr\/"},{"@type":"ListItem","position":2,"name":"Tienda","item":"https:\/\/stagpartynight.com\/fr\/tienda\/"},{"@type":"ListItem","position":3,"name":"Paintball Majorque"}]},{"@type":"WebSite","@id":"https:\/\/stagpartynight.com\/fr\/#website","url":"https:\/\/stagpartynight.com\/fr\/","name":"Stag Party Night","description":"Your Stag Party Customized","publisher":{"@id":"https:\/\/stagpartynight.com\/fr\/#organization"},"potentialAction":[{"@type":"SearchAction","target":{"@type":"EntryPoint","urlTemplate":"https:\/\/stagpartynight.com\/fr\/?s={search_term_string}"},"query-input":{"@type":"PropertyValueSpecification","valueRequired":true,"valueName":"search_term_string"}}],"inLanguage":"en-GB"},{"@type":"Organization","@id":"https:\/\/stagpartynight.com\/fr\/#organization","name":"Stag Party Night","url":"https:\/\/stagpartynight.com\/fr\/","logo":{"@type":"ImageObject","inLanguage":"en-GB","@id":"https:\/\/stagpartynight.com\/fr\/#\/schema\/logo\/image\/","url":"https:\/\/stagpartynight.com\/fr\/wp-content\/uploads\/sites\/3\/2019\/12\/stagpartynight-e1578565505687.png","contentUrl":"https:\/\/stagpartynight.com\/fr\/wp-content\/uploads\/sites\/3\/2019\/12\/stagpartynight-e1578565505687.png","width":400,"height":400,"caption":"Stag Party Night"},"image":{"@id":"https:\/\/stagpartynight.com\/fr\/#\/schema\/logo\/image\/"}}]}},"_links":{"self":[{"href":"https:\/\/stagpartynight.com\/fr\/wp-json\/wp\/v2\/product\/2635","targetHints":{"allow":["GET"]}}],"collection":[{"href":"https:\/\/stagpartynight.com\/fr\/wp-json\/wp\/v2\/product"}],"about":[{"href":"https:\/\/stagpartynight.com\/fr\/wp-json\/wp\/v2\/types\/product"}],"replies":[{"embeddable":true,"href":"https:\/\/stagpartynight.com\/fr\/wp-json\/wp\/v2\/comments?post=2635"}],"wp:featuredmedia":[{"embeddable":true,"href":"https:\/\/stagpartynight.com\/fr\/wp-json\/wp\/v2\/media\/2636"}],"wp:attachment":[{"href":"https:\/\/stagpartynight.com\/fr\/wp-json\/wp\/v2\/media?parent=2635"}],"wp:term":[{"taxonomy":"product_brand","embeddable":true,"href":"https:\/\/stagpartynight.com\/fr\/wp-json\/wp\/v2\/product_brand?post=2635"},{"taxonomy":"product_cat","embeddable":true,"href":"https:\/\/stagpartynight.com\/fr\/wp-json\/wp\/v2\/product_cat?post=2635"},{"taxonomy":"product_tag","embeddable":true,"href":"https:\/\/stagpartynight.com\/fr\/wp-json\/wp\/v2\/product_tag?post=2635"}],"curies":[{"name":"wp","href":"https:\/\/api.w.org\/{rel}","templated":true}]}}