{"id":2642,"date":"2023-12-20T13:13:44","date_gmt":"2023-12-20T12:13:44","guid":{"rendered":"https:\/\/stagpartynight.com\/fr\/?post_type=product&#038;p=2642"},"modified":"2024-01-08T12:46:48","modified_gmt":"2024-01-08T11:46:48","slug":"buggy-ibiza","status":"publish","type":"product","link":"https:\/\/stagpartynight.com\/fr\/product\/buggy-ibiza\/","title":{"rendered":"Buggy Ibiza"},"content":{"rendered":"<p>Buggy Ibiza. Oserez-vous conduire un buggy dans la ville d&#8217;Ibiza ? Assurance, \u00e9quipement de protection et eau compris.<\/p>\n<p>Les meilleurs enterrements de vie de gar\u00e7on et de jeune fille avec <a href=\"https:\/\/stagpartynight.com\/\">StagParty<\/a><\/p>\n<h2>Buggy Ibiza<\/h2>\n<h4>\ud83c\udfce\ufe0f Aventure Tout-Terrain \u00e0 Ibiza : Explorez l&#8217;\u00cele en Buggy!<\/h4>\n<p>Pr\u00e9parez-vous pour une exp\u00e9rience palpitante \u00e0 Ibiza avec notre activit\u00e9 exceptionnelle ! Que vous optiez pour une conduite d&#8217;une heure et demie ou une aventure de trois heures, l&#8217;\u00eele blanche r\u00e9serve des d\u00e9couvertes inoubliables \u00e0 chaque virage.<\/p>\n<p>\u00c0 bord de nos tout-terrains, laissez-vous emporter par des chemins pittoresques, des sentiers sinueux et des panoramas \u00e0 couper le souffle. Lib\u00e9rez votre esprit aventureux et ressentez l&#8217;excitation de la conduite tout en d\u00e9couvrant les recoins les plus pr\u00e9serv\u00e9s d&#8217;Ibiza.<\/p>\n<p>Chaque v\u00e9hicule est \u00e9quip\u00e9 pour garantir une exp\u00e9rience confortable et s\u00e9curis\u00e9e. Nous fournissons de l&#8217;eau pour vous garder hydrat\u00e9 tout au long de votre p\u00e9riple et tout l&#8217;\u00e9quipement n\u00e9cessaire pour une conduite en toute confiance.<\/p>\n<p>Que vous soyez un amateur d&#8217;adr\u00e9naline en qu\u00eate d&#8217;excitation ou un explorateur curieux cherchant \u00e0 d\u00e9voiler les secrets de <a href=\"https:\/\/es.wikipedia.org\/wiki\/Ibiza\">l&#8217;\u00eele<\/a>, notre activit\u00e9 offre une aventure sur mesure. Partagez cette exp\u00e9rience unique avec des amis ou embarquez en solo pour d\u00e9couvrir les joyaux cach\u00e9s d&#8217;Ibiza.<\/p>\n<p>R\u00e9servez d\u00e8s maintenant et pr\u00e9parez-vous \u00e0 une aventure inoubliable \u00e0 travers les sentiers d&#8217;Ibiza. La libert\u00e9 de la route, le vent dans vos cheveux et l&#8217;esprit d&#8217;aventure vous attendent. Embarquez pour une exp\u00e9rience o\u00f9 chaque virage r\u00e9v\u00e8le une nouvelle surprise, et o\u00f9 chaque minute est une \u00e9vasion en tout-terrain ! \ud83c\udfc1\ud83c\udfdc\ufe0f<\/p>\n","protected":false},"excerpt":{"rendered":"<p>Buggy Ibiza. Oserez-vous conduire un buggy dans la ville d&#8217;Ibiza ? Assurance, \u00e9quipement de protection et eau compris. Les meilleurs enterrements de vie de gar\u00e7on et de jeune fille avec StagParty Buggy Ibiza \ud83c\udfce\ufe0f Aventure Tout-Terrain \u00e0 Ibiza : Explorez l&#8217;\u00cele en Buggy! Pr\u00e9parez-vous pour une exp\u00e9rience palpitante \u00e0 Ibiza avec notre activit\u00e9 exceptionnelle ! [&hellip;]<\/p>\n","protected":false},"featured_media":2643,"comment_status":"open","ping_status":"closed","template":"","meta":{"_et_pb_use_builder":"","_et_pb_old_content":"","_et_gb_content_width":""},"product_brand":[],"product_cat":[218,113],"product_tag":[],"class_list":{"0":"post-2642","1":"product","2":"type-product","3":"status-publish","4":"has-post-thumbnail","6":"product_cat-uncategorised","7":"product_cat-ibiza","9":"first","10":"instock","11":"shipping-taxable","12":"product-type-simple"},"yoast_head":"<!-- This site is optimized with the Yoast SEO plugin v26.4 - https:\/\/yoast.com\/wordpress\/plugins\/seo\/ -->\n<title>Buggy Ibiza<\/title>\n<meta name=\"description\" content=\"Buggy Tour Ibiza. Oserez-vous conduire un buggy dans la ville d&#039;Ibiza ? Assurance, \u00e9quipement de protection et eau compris.\" \/>\n<meta name=\"robots\" content=\"index, follow, max-snippet:-1, max-image-preview:large, max-video-preview:-1\" \/>\n<link rel=\"canonical\" href=\"https:\/\/stagpartynight.com\/fr\/product\/buggy-ibiza\/\" \/>\n<meta property=\"og:locale\" content=\"en_GB\" \/>\n<meta property=\"og:type\" content=\"article\" \/>\n<meta property=\"og:title\" content=\"Buggy Ibiza\" \/>\n<meta property=\"og:description\" content=\"Buggy Tour Ibiza. Oserez-vous conduire un buggy dans la ville d&#039;Ibiza ? Assurance, \u00e9quipement de protection et eau compris.\" \/>\n<meta property=\"og:url\" content=\"https:\/\/stagpartynight.com\/fr\/product\/buggy-ibiza\/\" \/>\n<meta property=\"og:site_name\" content=\"Nuit de f\u00eate de cerf\" \/>\n<meta property=\"article:modified_time\" content=\"2024-01-08T11:46:48+00:00\" \/>\n<meta property=\"og:image\" content=\"https:\/\/stagpartynight.com\/fr\/wp-content\/uploads\/sites\/3\/2023\/12\/Buggy-Tour-Ibiza.jpg\" \/>\n\t<meta property=\"og:image:width\" content=\"1280\" \/>\n\t<meta property=\"og:image:height\" content=\"1920\" \/>\n\t<meta property=\"og:image:type\" content=\"image\/jpeg\" \/>\n<meta name=\"twitter:card\" content=\"summary_large_image\" \/>\n<meta name=\"twitter:label1\" content=\"Estimated reading time\" \/>\n\t<meta name=\"twitter:data1\" content=\"2 minutes\" \/>\n<script type=\"application\/ld+json\" class=\"yoast-schema-graph\">{\"@context\":\"https:\/\/schema.org\",\"@graph\":[{\"@type\":\"WebPage\",\"@id\":\"https:\/\/stagpartynight.com\/fr\/product\/buggy-ibiza\/\",\"url\":\"https:\/\/stagpartynight.com\/fr\/product\/buggy-ibiza\/\",\"name\":\"Buggy Ibiza\",\"isPartOf\":{\"@id\":\"https:\/\/stagpartynight.com\/fr\/#website\"},\"primaryImageOfPage\":{\"@id\":\"https:\/\/stagpartynight.com\/fr\/product\/buggy-ibiza\/#primaryimage\"},\"image\":{\"@id\":\"https:\/\/stagpartynight.com\/fr\/product\/buggy-ibiza\/#primaryimage\"},\"thumbnailUrl\":\"https:\/\/stagpartynight.com\/fr\/wp-content\/uploads\/sites\/3\/2023\/12\/Buggy-Tour-Ibiza.jpg\",\"datePublished\":\"2023-12-20T12:13:44+00:00\",\"dateModified\":\"2024-01-08T11:46:48+00:00\",\"description\":\"Buggy Tour Ibiza. Oserez-vous conduire un buggy dans la ville d'Ibiza ? Assurance, \u00e9quipement de protection et eau compris.\",\"breadcrumb\":{\"@id\":\"https:\/\/stagpartynight.com\/fr\/product\/buggy-ibiza\/#breadcrumb\"},\"inLanguage\":\"en-GB\",\"potentialAction\":[{\"@type\":\"ReadAction\",\"target\":[\"https:\/\/stagpartynight.com\/fr\/product\/buggy-ibiza\/\"]}]},{\"@type\":\"ImageObject\",\"inLanguage\":\"en-GB\",\"@id\":\"https:\/\/stagpartynight.com\/fr\/product\/buggy-ibiza\/#primaryimage\",\"url\":\"https:\/\/stagpartynight.com\/fr\/wp-content\/uploads\/sites\/3\/2023\/12\/Buggy-Tour-Ibiza.jpg\",\"contentUrl\":\"https:\/\/stagpartynight.com\/fr\/wp-content\/uploads\/sites\/3\/2023\/12\/Buggy-Tour-Ibiza.jpg\",\"width\":1280,\"height\":1920,\"caption\":\"Buggy Ibiza\"},{\"@type\":\"BreadcrumbList\",\"@id\":\"https:\/\/stagpartynight.com\/fr\/product\/buggy-ibiza\/#breadcrumb\",\"itemListElement\":[{\"@type\":\"ListItem\",\"position\":1,\"name\":\"Home\",\"item\":\"https:\/\/stagpartynight.com\/fr\/\"},{\"@type\":\"ListItem\",\"position\":2,\"name\":\"Tienda\",\"item\":\"https:\/\/stagpartynight.com\/fr\/tienda\/\"},{\"@type\":\"ListItem\",\"position\":3,\"name\":\"Buggy Ibiza\"}]},{\"@type\":\"WebSite\",\"@id\":\"https:\/\/stagpartynight.com\/fr\/#website\",\"url\":\"https:\/\/stagpartynight.com\/fr\/\",\"name\":\"Stag Party Night\",\"description\":\"Your Stag Party Customized\",\"publisher\":{\"@id\":\"https:\/\/stagpartynight.com\/fr\/#organization\"},\"potentialAction\":[{\"@type\":\"SearchAction\",\"target\":{\"@type\":\"EntryPoint\",\"urlTemplate\":\"https:\/\/stagpartynight.com\/fr\/?s={search_term_string}\"},\"query-input\":{\"@type\":\"PropertyValueSpecification\",\"valueRequired\":true,\"valueName\":\"search_term_string\"}}],\"inLanguage\":\"en-GB\"},{\"@type\":\"Organization\",\"@id\":\"https:\/\/stagpartynight.com\/fr\/#organization\",\"name\":\"Stag Party Night\",\"url\":\"https:\/\/stagpartynight.com\/fr\/\",\"logo\":{\"@type\":\"ImageObject\",\"inLanguage\":\"en-GB\",\"@id\":\"https:\/\/stagpartynight.com\/fr\/#\/schema\/logo\/image\/\",\"url\":\"https:\/\/stagpartynight.com\/fr\/wp-content\/uploads\/sites\/3\/2019\/12\/stagpartynight-e1578565505687.png\",\"contentUrl\":\"https:\/\/stagpartynight.com\/fr\/wp-content\/uploads\/sites\/3\/2019\/12\/stagpartynight-e1578565505687.png\",\"width\":400,\"height\":400,\"caption\":\"Stag Party Night\"},\"image\":{\"@id\":\"https:\/\/stagpartynight.com\/fr\/#\/schema\/logo\/image\/\"}}]}<\/script>\n<!-- \/ Yoast SEO plugin. -->","yoast_head_json":{"title":"Buggy Ibiza","description":"Buggy Tour Ibiza. Oserez-vous conduire un buggy dans la ville d'Ibiza ? Assurance, \u00e9quipement de protection et eau compris.","robots":{"index":"index","follow":"follow","max-snippet":"max-snippet:-1","max-image-preview":"max-image-preview:large","max-video-preview":"max-video-preview:-1"},"canonical":"https:\/\/stagpartynight.com\/fr\/product\/buggy-ibiza\/","og_locale":"en_GB","og_type":"article","og_title":"Buggy Ibiza","og_description":"Buggy Tour Ibiza. Oserez-vous conduire un buggy dans la ville d'Ibiza ? Assurance, \u00e9quipement de protection et eau compris.","og_url":"https:\/\/stagpartynight.com\/fr\/product\/buggy-ibiza\/","og_site_name":"Nuit de f\u00eate de cerf","article_modified_time":"2024-01-08T11:46:48+00:00","og_image":[{"width":1280,"height":1920,"url":"https:\/\/stagpartynight.com\/fr\/wp-content\/uploads\/sites\/3\/2023\/12\/Buggy-Tour-Ibiza.jpg","type":"image\/jpeg"}],"twitter_card":"summary_large_image","twitter_misc":{"Estimated reading time":"2 minutes"},"schema":{"@context":"https:\/\/schema.org","@graph":[{"@type":"WebPage","@id":"https:\/\/stagpartynight.com\/fr\/product\/buggy-ibiza\/","url":"https:\/\/stagpartynight.com\/fr\/product\/buggy-ibiza\/","name":"Buggy Ibiza","isPartOf":{"@id":"https:\/\/stagpartynight.com\/fr\/#website"},"primaryImageOfPage":{"@id":"https:\/\/stagpartynight.com\/fr\/product\/buggy-ibiza\/#primaryimage"},"image":{"@id":"https:\/\/stagpartynight.com\/fr\/product\/buggy-ibiza\/#primaryimage"},"thumbnailUrl":"https:\/\/stagpartynight.com\/fr\/wp-content\/uploads\/sites\/3\/2023\/12\/Buggy-Tour-Ibiza.jpg","datePublished":"2023-12-20T12:13:44+00:00","dateModified":"2024-01-08T11:46:48+00:00","description":"Buggy Tour Ibiza. Oserez-vous conduire un buggy dans la ville d'Ibiza ? Assurance, \u00e9quipement de protection et eau compris.","breadcrumb":{"@id":"https:\/\/stagpartynight.com\/fr\/product\/buggy-ibiza\/#breadcrumb"},"inLanguage":"en-GB","potentialAction":[{"@type":"ReadAction","target":["https:\/\/stagpartynight.com\/fr\/product\/buggy-ibiza\/"]}]},{"@type":"ImageObject","inLanguage":"en-GB","@id":"https:\/\/stagpartynight.com\/fr\/product\/buggy-ibiza\/#primaryimage","url":"https:\/\/stagpartynight.com\/fr\/wp-content\/uploads\/sites\/3\/2023\/12\/Buggy-Tour-Ibiza.jpg","contentUrl":"https:\/\/stagpartynight.com\/fr\/wp-content\/uploads\/sites\/3\/2023\/12\/Buggy-Tour-Ibiza.jpg","width":1280,"height":1920,"caption":"Buggy Ibiza"},{"@type":"BreadcrumbList","@id":"https:\/\/stagpartynight.com\/fr\/product\/buggy-ibiza\/#breadcrumb","itemListElement":[{"@type":"ListItem","position":1,"name":"Home","item":"https:\/\/stagpartynight.com\/fr\/"},{"@type":"ListItem","position":2,"name":"Tienda","item":"https:\/\/stagpartynight.com\/fr\/tienda\/"},{"@type":"ListItem","position":3,"name":"Buggy Ibiza"}]},{"@type":"WebSite","@id":"https:\/\/stagpartynight.com\/fr\/#website","url":"https:\/\/stagpartynight.com\/fr\/","name":"Stag Party Night","description":"Your Stag Party Customized","publisher":{"@id":"https:\/\/stagpartynight.com\/fr\/#organization"},"potentialAction":[{"@type":"SearchAction","target":{"@type":"EntryPoint","urlTemplate":"https:\/\/stagpartynight.com\/fr\/?s={search_term_string}"},"query-input":{"@type":"PropertyValueSpecification","valueRequired":true,"valueName":"search_term_string"}}],"inLanguage":"en-GB"},{"@type":"Organization","@id":"https:\/\/stagpartynight.com\/fr\/#organization","name":"Stag Party Night","url":"https:\/\/stagpartynight.com\/fr\/","logo":{"@type":"ImageObject","inLanguage":"en-GB","@id":"https:\/\/stagpartynight.com\/fr\/#\/schema\/logo\/image\/","url":"https:\/\/stagpartynight.com\/fr\/wp-content\/uploads\/sites\/3\/2019\/12\/stagpartynight-e1578565505687.png","contentUrl":"https:\/\/stagpartynight.com\/fr\/wp-content\/uploads\/sites\/3\/2019\/12\/stagpartynight-e1578565505687.png","width":400,"height":400,"caption":"Stag Party Night"},"image":{"@id":"https:\/\/stagpartynight.com\/fr\/#\/schema\/logo\/image\/"}}]}},"_links":{"self":[{"href":"https:\/\/stagpartynight.com\/fr\/wp-json\/wp\/v2\/product\/2642","targetHints":{"allow":["GET"]}}],"collection":[{"href":"https:\/\/stagpartynight.com\/fr\/wp-json\/wp\/v2\/product"}],"about":[{"href":"https:\/\/stagpartynight.com\/fr\/wp-json\/wp\/v2\/types\/product"}],"replies":[{"embeddable":true,"href":"https:\/\/stagpartynight.com\/fr\/wp-json\/wp\/v2\/comments?post=2642"}],"wp:featuredmedia":[{"embeddable":true,"href":"https:\/\/stagpartynight.com\/fr\/wp-json\/wp\/v2\/media\/2643"}],"wp:attachment":[{"href":"https:\/\/stagpartynight.com\/fr\/wp-json\/wp\/v2\/media?parent=2642"}],"wp:term":[{"taxonomy":"product_brand","embeddable":true,"href":"https:\/\/stagpartynight.com\/fr\/wp-json\/wp\/v2\/product_brand?post=2642"},{"taxonomy":"product_cat","embeddable":true,"href":"https:\/\/stagpartynight.com\/fr\/wp-json\/wp\/v2\/product_cat?post=2642"},{"taxonomy":"product_tag","embeddable":true,"href":"https:\/\/stagpartynight.com\/fr\/wp-json\/wp\/v2\/product_tag?post=2642"}],"curies":[{"name":"wp","href":"https:\/\/api.w.org\/{rel}","templated":true}]}}