{"id":265,"date":"2020-01-08T14:33:04","date_gmt":"2020-01-08T13:33:04","guid":{"rendered":"https:\/\/stagpartynight.com\/fr\/?post_type=product&#038;p=265"},"modified":"2024-03-11T13:13:38","modified_gmt":"2024-03-11T12:13:38","slug":"private-yatch-ibiza","status":"publish","type":"product","link":"https:\/\/stagpartynight.com\/fr\/product\/private-yatch-ibiza\/","title":{"rendered":"Yacht \u00e0 Ibiza"},"content":{"rendered":"<p>Tour de 2 heures ou plus de votre choix en M\u00e9diterran\u00e9e. Possibilit\u00e9 de destination dans un Beach Club \u00e0 Platja d&#8217;Embossa, avec transport priv\u00e9 inclus pour le retour. Les meilleures soir\u00e9es \u00e0 <a href=\"https:\/\/en.wikipedia.org\/wiki\/Ibiza\">Ibiza<\/a> avec <a href=\"https:\/\/stagpartynight.com\/\">Stag Party Night.\u00a0<\/a><\/p>\n<p>Lors d&#8217;une excursion en bateau personnalis\u00e9e de 2 heures ou plus. Vous avez la libert\u00e9 de choisir votre propre itin\u00e9raire et destination et de d\u00e9couvrir la beaut\u00e9 sans fin de la M\u00e9diterran\u00e9e. Laissez-vous emporter par les eaux cristallines et le soleil brillant alors que vous naviguez \u00e0 travers les paysages spectaculaires de l&#8217;une des mers les plus embl\u00e9matiques au monde.<\/p>\n<p>Cette exp\u00e9rience vous permet de cr\u00e9er votre propre aventure sur l&#8217;eau. Que vous souhaitiez explorer des criques cach\u00e9es, vous baigner dans des eaux turquoise ou simplement vous d\u00e9tendre sur le pont en admirant le panorama. Chaque moment est une occasion de d\u00e9couvrir de nouveaux horizons et de cr\u00e9er des souvenirs inoubliables. Car vous pouvez choisir la dur\u00e9e de votre tour et les destinations \u00e0 explorer.<\/p>\n<div class=\"flex-1 overflow-hidden\">\n<div class=\"react-scroll-to-bottom--css-etktj-79elbk h-full\">\n<div class=\"react-scroll-to-bottom--css-etktj-1n7m0yu\">\n<div class=\"flex flex-col text-sm pb-9\">\n<div class=\"w-full text-token-text-primary\" data-testid=\"conversation-turn-45\">\n<div class=\"px-4 py-2 justify-center text-base md:gap-6 m-auto\">\n<div class=\"flex flex-1 text-base mx-auto gap-3 md:px-5 lg:px-1 xl:px-5 md:max-w-3xl lg:max-w-[40rem] xl:max-w-[48rem] group final-completion\">\n<div class=\"relative flex w-full flex-col agent-turn\">\n<div class=\"flex-col gap-1 md:gap-3\">\n<div class=\"flex flex-grow flex-col max-w-full\">\n<div class=\"min-h-[20px] text-message flex flex-col items-start gap-3 whitespace-pre-wrap break-words [.text-message+&amp;]:mt-5 overflow-x-auto\" data-message-author-role=\"assistant\" data-message-id=\"b0ca7823-2dcf-4c1d-81b2-c5281b8aeea1\">\n<div class=\"markdown prose w-full break-words dark:prose-invert light\">\n<h4>Naviguez vers l&#8217;Aventure : Exploration Personnalis\u00e9e en M\u00e9diterran\u00e9e avec Retour au Beach Club<\/h4>\n<\/div>\n<\/div>\n<\/div>\n<\/div>\n<\/div>\n<\/div>\n<\/div>\n<\/div>\n<\/div>\n<\/div>\n<\/div>\n<\/div>\n<p>Terminer votre excursion dans un Beach Club exclusif \u00e0 Platja d&#8217;Embossa est une option int\u00e9ressante \u00e0 consid\u00e9rer. Profitez d&#8217;un transport priv\u00e9 inclus pour un retour confortable au Beach Club apr\u00e8s avoir explor\u00e9 les eaux m\u00e9diterran\u00e9ennes. O\u00f9 une exp\u00e9rience de d\u00e9tente et de plaisir vous attend. Sirotez des cocktails rafra\u00eechissants. Installez-vous confortablement sur les lits balinais et laissez-vous envo\u00fbter par l&#8217;atmosph\u00e8re envo\u00fbtante de ce lieu paradisiaque.<\/p>\n<p>Une excursion en bateau dans les eaux m\u00e9diterran\u00e9ennes offre une exp\u00e9rience inoubliable pour tous. Que vous soyez un aventurier en qu\u00eate de nouvelles d\u00e9couvertes ou un amateur de farniente cherchant \u00e0 se d\u00e9tendre. Alors pr\u00e9parez-vous \u00e0 explorer Ibiza d&#8217;une mani\u00e8re nouvelle et excitante en vous laissant s\u00e9duire par la beaut\u00e9 infinie de la mer.<\/p>\n<p>Laissez-vous s\u00e9duire par la magie de la M\u00e9diterran\u00e9e lors de cette excursion personnalis\u00e9e et embarquez pour une aventure inoubliable. Cette journ\u00e9e promet d&#8217;\u00eatre une exp\u00e9rience inoubliable de luxe et de plaisir \u00e0 Ibiza. Avec la possibilit\u00e9 de retourner au Beach Club pour se d\u00e9tendre apr\u00e8s votre tour en bateau.<\/p>\n","protected":false},"excerpt":{"rendered":"<p>Tour de 2 heures ou plus de votre choix en M\u00e9diterran\u00e9e. Possibilit\u00e9 de destination dans un Beach Club \u00e0 Platja d&#8217;Embossa, avec transport priv\u00e9 inclus pour le retour.<\/p>\n","protected":false},"featured_media":1836,"comment_status":"open","ping_status":"closed","template":"","meta":{"_et_pb_use_builder":"","_et_pb_old_content":"","_et_gb_content_width":""},"product_brand":[],"product_cat":[113],"product_tag":[341,340,126,339],"class_list":{"0":"post-265","1":"product","2":"type-product","3":"status-publish","4":"has-post-thumbnail","6":"product_cat-ibiza","7":"product_tag-location-de-bateaux-a-ibiza","8":"product_tag-location-de-yachts-a-ibiza","9":"product_tag-private-yatch-ibiza","10":"product_tag-yatch-a-ibiza","12":"first","13":"instock","14":"virtual","15":"product-type-simple"},"yoast_head":"<!-- This site is optimized with the Yoast SEO plugin v26.4 - https:\/\/yoast.com\/wordpress\/plugins\/seo\/ -->\n<title>Yacht \u00e0 Ibiza<\/title>\n<meta name=\"description\" content=\"Yacht \u00e0 Ibiza - Tour de 2 heures ou plus de votre choix en M\u00e9diterran\u00e9e. Possibilit\u00e9 de destination dans un Beach Club \u00e0 Platja d&#039;Embossa.\" \/>\n<meta name=\"robots\" content=\"index, follow, max-snippet:-1, max-image-preview:large, max-video-preview:-1\" \/>\n<link rel=\"canonical\" href=\"https:\/\/stagpartynight.com\/fr\/product\/private-yatch-ibiza\/\" \/>\n<meta property=\"og:locale\" content=\"en_GB\" \/>\n<meta property=\"og:type\" content=\"article\" \/>\n<meta property=\"og:title\" content=\"Yacht \u00e0 Ibiza\" \/>\n<meta property=\"og:description\" content=\"Yacht \u00e0 Ibiza - Tour de 2 heures ou plus de votre choix en M\u00e9diterran\u00e9e. Possibilit\u00e9 de destination dans un Beach Club \u00e0 Platja d&#039;Embossa.\" \/>\n<meta property=\"og:url\" content=\"https:\/\/stagpartynight.com\/fr\/product\/private-yatch-ibiza\/\" \/>\n<meta property=\"og:site_name\" content=\"Nuit de f\u00eate de cerf\" \/>\n<meta property=\"article:modified_time\" content=\"2024-03-11T12:13:38+00:00\" \/>\n<meta property=\"og:image\" content=\"https:\/\/stagpartynight.com\/fr\/wp-content\/uploads\/sites\/3\/2020\/01\/yatch-1.jpg\" \/>\n\t<meta property=\"og:image:width\" content=\"720\" \/>\n\t<meta property=\"og:image:height\" content=\"466\" \/>\n\t<meta property=\"og:image:type\" content=\"image\/jpeg\" \/>\n<meta name=\"twitter:card\" content=\"summary_large_image\" \/>\n<meta name=\"twitter:label1\" content=\"Estimated reading time\" \/>\n\t<meta name=\"twitter:data1\" content=\"2 minutes\" \/>\n<script type=\"application\/ld+json\" class=\"yoast-schema-graph\">{\"@context\":\"https:\/\/schema.org\",\"@graph\":[{\"@type\":\"WebPage\",\"@id\":\"https:\/\/stagpartynight.com\/fr\/product\/private-yatch-ibiza\/\",\"url\":\"https:\/\/stagpartynight.com\/fr\/product\/private-yatch-ibiza\/\",\"name\":\"Yacht \u00e0 Ibiza\",\"isPartOf\":{\"@id\":\"https:\/\/stagpartynight.com\/fr\/#website\"},\"primaryImageOfPage\":{\"@id\":\"https:\/\/stagpartynight.com\/fr\/product\/private-yatch-ibiza\/#primaryimage\"},\"image\":{\"@id\":\"https:\/\/stagpartynight.com\/fr\/product\/private-yatch-ibiza\/#primaryimage\"},\"thumbnailUrl\":\"https:\/\/stagpartynight.com\/fr\/wp-content\/uploads\/sites\/3\/2020\/01\/yatch-1.jpg\",\"datePublished\":\"2020-01-08T13:33:04+00:00\",\"dateModified\":\"2024-03-11T12:13:38+00:00\",\"description\":\"Yacht \u00e0 Ibiza - Tour de 2 heures ou plus de votre choix en M\u00e9diterran\u00e9e. Possibilit\u00e9 de destination dans un Beach Club \u00e0 Platja d'Embossa.\",\"breadcrumb\":{\"@id\":\"https:\/\/stagpartynight.com\/fr\/product\/private-yatch-ibiza\/#breadcrumb\"},\"inLanguage\":\"en-GB\",\"potentialAction\":[{\"@type\":\"ReadAction\",\"target\":[\"https:\/\/stagpartynight.com\/fr\/product\/private-yatch-ibiza\/\"]}]},{\"@type\":\"ImageObject\",\"inLanguage\":\"en-GB\",\"@id\":\"https:\/\/stagpartynight.com\/fr\/product\/private-yatch-ibiza\/#primaryimage\",\"url\":\"https:\/\/stagpartynight.com\/fr\/wp-content\/uploads\/sites\/3\/2020\/01\/yatch-1.jpg\",\"contentUrl\":\"https:\/\/stagpartynight.com\/fr\/wp-content\/uploads\/sites\/3\/2020\/01\/yatch-1.jpg\",\"width\":720,\"height\":466},{\"@type\":\"BreadcrumbList\",\"@id\":\"https:\/\/stagpartynight.com\/fr\/product\/private-yatch-ibiza\/#breadcrumb\",\"itemListElement\":[{\"@type\":\"ListItem\",\"position\":1,\"name\":\"Home\",\"item\":\"https:\/\/stagpartynight.com\/fr\/\"},{\"@type\":\"ListItem\",\"position\":2,\"name\":\"Tienda\",\"item\":\"https:\/\/stagpartynight.com\/fr\/tienda\/\"},{\"@type\":\"ListItem\",\"position\":3,\"name\":\"Yacht \u00e0 Ibiza\"}]},{\"@type\":\"WebSite\",\"@id\":\"https:\/\/stagpartynight.com\/fr\/#website\",\"url\":\"https:\/\/stagpartynight.com\/fr\/\",\"name\":\"Stag Party Night\",\"description\":\"Your Stag Party Customized\",\"publisher\":{\"@id\":\"https:\/\/stagpartynight.com\/fr\/#organization\"},\"potentialAction\":[{\"@type\":\"SearchAction\",\"target\":{\"@type\":\"EntryPoint\",\"urlTemplate\":\"https:\/\/stagpartynight.com\/fr\/?s={search_term_string}\"},\"query-input\":{\"@type\":\"PropertyValueSpecification\",\"valueRequired\":true,\"valueName\":\"search_term_string\"}}],\"inLanguage\":\"en-GB\"},{\"@type\":\"Organization\",\"@id\":\"https:\/\/stagpartynight.com\/fr\/#organization\",\"name\":\"Stag Party Night\",\"url\":\"https:\/\/stagpartynight.com\/fr\/\",\"logo\":{\"@type\":\"ImageObject\",\"inLanguage\":\"en-GB\",\"@id\":\"https:\/\/stagpartynight.com\/fr\/#\/schema\/logo\/image\/\",\"url\":\"https:\/\/stagpartynight.com\/fr\/wp-content\/uploads\/sites\/3\/2019\/12\/stagpartynight-e1578565505687.png\",\"contentUrl\":\"https:\/\/stagpartynight.com\/fr\/wp-content\/uploads\/sites\/3\/2019\/12\/stagpartynight-e1578565505687.png\",\"width\":400,\"height\":400,\"caption\":\"Stag Party Night\"},\"image\":{\"@id\":\"https:\/\/stagpartynight.com\/fr\/#\/schema\/logo\/image\/\"}}]}<\/script>\n<!-- \/ Yoast SEO plugin. -->","yoast_head_json":{"title":"Yacht \u00e0 Ibiza","description":"Yacht \u00e0 Ibiza - Tour de 2 heures ou plus de votre choix en M\u00e9diterran\u00e9e. Possibilit\u00e9 de destination dans un Beach Club \u00e0 Platja d'Embossa.","robots":{"index":"index","follow":"follow","max-snippet":"max-snippet:-1","max-image-preview":"max-image-preview:large","max-video-preview":"max-video-preview:-1"},"canonical":"https:\/\/stagpartynight.com\/fr\/product\/private-yatch-ibiza\/","og_locale":"en_GB","og_type":"article","og_title":"Yacht \u00e0 Ibiza","og_description":"Yacht \u00e0 Ibiza - Tour de 2 heures ou plus de votre choix en M\u00e9diterran\u00e9e. Possibilit\u00e9 de destination dans un Beach Club \u00e0 Platja d'Embossa.","og_url":"https:\/\/stagpartynight.com\/fr\/product\/private-yatch-ibiza\/","og_site_name":"Nuit de f\u00eate de cerf","article_modified_time":"2024-03-11T12:13:38+00:00","og_image":[{"width":720,"height":466,"url":"https:\/\/stagpartynight.com\/fr\/wp-content\/uploads\/sites\/3\/2020\/01\/yatch-1.jpg","type":"image\/jpeg"}],"twitter_card":"summary_large_image","twitter_misc":{"Estimated reading time":"2 minutes"},"schema":{"@context":"https:\/\/schema.org","@graph":[{"@type":"WebPage","@id":"https:\/\/stagpartynight.com\/fr\/product\/private-yatch-ibiza\/","url":"https:\/\/stagpartynight.com\/fr\/product\/private-yatch-ibiza\/","name":"Yacht \u00e0 Ibiza","isPartOf":{"@id":"https:\/\/stagpartynight.com\/fr\/#website"},"primaryImageOfPage":{"@id":"https:\/\/stagpartynight.com\/fr\/product\/private-yatch-ibiza\/#primaryimage"},"image":{"@id":"https:\/\/stagpartynight.com\/fr\/product\/private-yatch-ibiza\/#primaryimage"},"thumbnailUrl":"https:\/\/stagpartynight.com\/fr\/wp-content\/uploads\/sites\/3\/2020\/01\/yatch-1.jpg","datePublished":"2020-01-08T13:33:04+00:00","dateModified":"2024-03-11T12:13:38+00:00","description":"Yacht \u00e0 Ibiza - Tour de 2 heures ou plus de votre choix en M\u00e9diterran\u00e9e. Possibilit\u00e9 de destination dans un Beach Club \u00e0 Platja d'Embossa.","breadcrumb":{"@id":"https:\/\/stagpartynight.com\/fr\/product\/private-yatch-ibiza\/#breadcrumb"},"inLanguage":"en-GB","potentialAction":[{"@type":"ReadAction","target":["https:\/\/stagpartynight.com\/fr\/product\/private-yatch-ibiza\/"]}]},{"@type":"ImageObject","inLanguage":"en-GB","@id":"https:\/\/stagpartynight.com\/fr\/product\/private-yatch-ibiza\/#primaryimage","url":"https:\/\/stagpartynight.com\/fr\/wp-content\/uploads\/sites\/3\/2020\/01\/yatch-1.jpg","contentUrl":"https:\/\/stagpartynight.com\/fr\/wp-content\/uploads\/sites\/3\/2020\/01\/yatch-1.jpg","width":720,"height":466},{"@type":"BreadcrumbList","@id":"https:\/\/stagpartynight.com\/fr\/product\/private-yatch-ibiza\/#breadcrumb","itemListElement":[{"@type":"ListItem","position":1,"name":"Home","item":"https:\/\/stagpartynight.com\/fr\/"},{"@type":"ListItem","position":2,"name":"Tienda","item":"https:\/\/stagpartynight.com\/fr\/tienda\/"},{"@type":"ListItem","position":3,"name":"Yacht \u00e0 Ibiza"}]},{"@type":"WebSite","@id":"https:\/\/stagpartynight.com\/fr\/#website","url":"https:\/\/stagpartynight.com\/fr\/","name":"Stag Party Night","description":"Your Stag Party Customized","publisher":{"@id":"https:\/\/stagpartynight.com\/fr\/#organization"},"potentialAction":[{"@type":"SearchAction","target":{"@type":"EntryPoint","urlTemplate":"https:\/\/stagpartynight.com\/fr\/?s={search_term_string}"},"query-input":{"@type":"PropertyValueSpecification","valueRequired":true,"valueName":"search_term_string"}}],"inLanguage":"en-GB"},{"@type":"Organization","@id":"https:\/\/stagpartynight.com\/fr\/#organization","name":"Stag Party Night","url":"https:\/\/stagpartynight.com\/fr\/","logo":{"@type":"ImageObject","inLanguage":"en-GB","@id":"https:\/\/stagpartynight.com\/fr\/#\/schema\/logo\/image\/","url":"https:\/\/stagpartynight.com\/fr\/wp-content\/uploads\/sites\/3\/2019\/12\/stagpartynight-e1578565505687.png","contentUrl":"https:\/\/stagpartynight.com\/fr\/wp-content\/uploads\/sites\/3\/2019\/12\/stagpartynight-e1578565505687.png","width":400,"height":400,"caption":"Stag Party Night"},"image":{"@id":"https:\/\/stagpartynight.com\/fr\/#\/schema\/logo\/image\/"}}]}},"_links":{"self":[{"href":"https:\/\/stagpartynight.com\/fr\/wp-json\/wp\/v2\/product\/265","targetHints":{"allow":["GET"]}}],"collection":[{"href":"https:\/\/stagpartynight.com\/fr\/wp-json\/wp\/v2\/product"}],"about":[{"href":"https:\/\/stagpartynight.com\/fr\/wp-json\/wp\/v2\/types\/product"}],"replies":[{"embeddable":true,"href":"https:\/\/stagpartynight.com\/fr\/wp-json\/wp\/v2\/comments?post=265"}],"wp:featuredmedia":[{"embeddable":true,"href":"https:\/\/stagpartynight.com\/fr\/wp-json\/wp\/v2\/media\/1836"}],"wp:attachment":[{"href":"https:\/\/stagpartynight.com\/fr\/wp-json\/wp\/v2\/media?parent=265"}],"wp:term":[{"taxonomy":"product_brand","embeddable":true,"href":"https:\/\/stagpartynight.com\/fr\/wp-json\/wp\/v2\/product_brand?post=265"},{"taxonomy":"product_cat","embeddable":true,"href":"https:\/\/stagpartynight.com\/fr\/wp-json\/wp\/v2\/product_cat?post=265"},{"taxonomy":"product_tag","embeddable":true,"href":"https:\/\/stagpartynight.com\/fr\/wp-json\/wp\/v2\/product_tag?post=265"}],"curies":[{"name":"wp","href":"https:\/\/api.w.org\/{rel}","templated":true}]}}