{"id":2651,"date":"2023-12-21T10:11:16","date_gmt":"2023-12-21T09:11:16","guid":{"rendered":"https:\/\/stagpartynight.com\/fr\/?post_type=product&#038;p=2651"},"modified":"2024-01-08T12:46:46","modified_gmt":"2024-01-08T11:46:46","slug":"laser-tag-ibiza","status":"publish","type":"product","link":"https:\/\/stagpartynight.com\/fr\/product\/laser-tag-ibiza\/","title":{"rendered":"Laser Tag Ibiza"},"content":{"rendered":"<p>Laser Tag Ibiza. Pr\u00eat pour une bagarre avec tes amis ? Sur mesure : une heure ou deux. O\u00f9 ? Vous choisissez l&#8217;endroit, nous apportons l&#8217;\u00e9quipement.<\/p>\n<p>Les meilleurs enterrements de vie de gar\u00e7on et de jeune fille avec <a href=\"https:\/\/stagpartynight.com\/\">StagParty<\/a><\/p>\n<h2>Laser Tag Ibiza<\/h2>\n<h4>\ud83c\udfaf Combat Laser \u00e0 Ibiza : Plongez dans l&#8217;Action Virtuelle !<\/h4>\n<p>\ud83c\udf10 \u00c9quipez-vous avec notre mat\u00e9riel num\u00e9rique ultra-r\u00e9aliste pour une immersion totale dans le Laser Tag. Choisissez votre terrain parmi la nature, la plage, la ville ou notre bosquet priv\u00e9, vous permettant de personnaliser votre exp\u00e9rience pour une aventure unique \u00e0 Ibiza.<\/p>\n<p>\ud83d\udca1 Les missions captivantes, les obstacles strat\u00e9giquement plac\u00e9s et l&#8217;\u00e9quipement de pointe cr\u00e9ent une atmosph\u00e8re \u00e9lectrique pendant une heure ou deux, offrant des d\u00e9fis et des moments \u00e9piques.<\/p>\n<p>\ud83d\udc7e Les moniteurs exp\u00e9riment\u00e9s guident chaque joueur, assurant une exp\u00e9rience s\u00e9curis\u00e9e et excitante. Tout l&#8217;\u00e9quipement n\u00e9cessaire est fourni, garantissant que chaque participant vive pleinement cette exp\u00e9rience de Laser Tag \u00e0 Ibiza.<\/p>\n<p>R\u00e9servez maintenant pour vivre une aventure inoubliable. Plongez dans un monde de strat\u00e9gie, d&#8217;adr\u00e9naline et d&#8217;action avec nos batailles laser uniques, que ce soit dans notre for\u00eat priv\u00e9e ou sur le site de votre choix. L&#8217;excitation est au rendez-vous, chaque tir compte, et chaque instant cr\u00e9e des souvenirs inoubliables.<\/p>\n<p>\ud83d\ude80 Pr\u00e9parez-vous \u00e0 une bataille immersive o\u00f9 la technologie rencontre le frisson de l&#8217;action. Embarquez pour une exp\u00e9rience de Laser Tag \u00e0 <a href=\"https:\/\/es.wikipedia.org\/wiki\/Ibiza\">Ibiza<\/a>, une aventure virtuelle qui marquera votre s\u00e9jour sur l&#8217;\u00eele blanche. \ud83c\udfae<\/p>\n","protected":false},"excerpt":{"rendered":"<p>Laser Tag Ibiza. Pr\u00eat pour une bagarre avec tes amis ? Sur mesure : une heure ou deux. O\u00f9 ? Vous choisissez l&#8217;endroit, nous apportons l&#8217;\u00e9quipement. Les meilleurs enterrements de vie de gar\u00e7on et de jeune fille avec StagParty Laser Tag Ibiza \ud83c\udfaf Combat Laser \u00e0 Ibiza : Plongez dans l&#8217;Action Virtuelle ! \ud83c\udf10 \u00c9quipez-vous [&hellip;]<\/p>\n","protected":false},"featured_media":2652,"comment_status":"open","ping_status":"closed","template":"","meta":{"_et_pb_use_builder":"","_et_pb_old_content":"","_et_gb_content_width":""},"product_brand":[],"product_cat":[218,113],"product_tag":[],"class_list":{"0":"post-2651","1":"product","2":"type-product","3":"status-publish","4":"has-post-thumbnail","6":"product_cat-uncategorised","7":"product_cat-ibiza","9":"first","10":"instock","11":"shipping-taxable","12":"product-type-simple"},"yoast_head":"<!-- This site is optimized with the Yoast SEO plugin v26.4 - https:\/\/yoast.com\/wordpress\/plugins\/seo\/ -->\n<title>Laser Tag Ibiza<\/title>\n<meta name=\"description\" content=\"Laser Tag Ibiza. Pr\u00eat pour une bagarre avec tes amis ? Sur mesure : une heure ou deux. O\u00f9 ? Vous choisissez l&#039;endroit, nous apportons l&#039;\u00e9quipement.\" \/>\n<meta name=\"robots\" content=\"index, follow, max-snippet:-1, max-image-preview:large, max-video-preview:-1\" \/>\n<link rel=\"canonical\" href=\"https:\/\/stagpartynight.com\/fr\/product\/laser-tag-ibiza\/\" \/>\n<meta property=\"og:locale\" content=\"en_GB\" \/>\n<meta property=\"og:type\" content=\"article\" \/>\n<meta property=\"og:title\" content=\"Laser Tag Ibiza\" \/>\n<meta property=\"og:description\" content=\"Laser Tag Ibiza. Pr\u00eat pour une bagarre avec tes amis ? Sur mesure : une heure ou deux. O\u00f9 ? Vous choisissez l&#039;endroit, nous apportons l&#039;\u00e9quipement.\" \/>\n<meta property=\"og:url\" content=\"https:\/\/stagpartynight.com\/fr\/product\/laser-tag-ibiza\/\" \/>\n<meta property=\"og:site_name\" content=\"Nuit de f\u00eate de cerf\" \/>\n<meta property=\"article:modified_time\" content=\"2024-01-08T11:46:46+00:00\" \/>\n<meta property=\"og:image\" content=\"https:\/\/stagpartynight.com\/fr\/wp-content\/uploads\/sites\/3\/2023\/12\/Laser-Tag-Ibiza.jpg\" \/>\n\t<meta property=\"og:image:width\" content=\"538\" \/>\n\t<meta property=\"og:image:height\" content=\"360\" \/>\n\t<meta property=\"og:image:type\" content=\"image\/jpeg\" \/>\n<meta name=\"twitter:card\" content=\"summary_large_image\" \/>\n<meta name=\"twitter:label1\" content=\"Estimated reading time\" \/>\n\t<meta name=\"twitter:data1\" content=\"2 minutes\" \/>\n<script type=\"application\/ld+json\" class=\"yoast-schema-graph\">{\"@context\":\"https:\/\/schema.org\",\"@graph\":[{\"@type\":\"WebPage\",\"@id\":\"https:\/\/stagpartynight.com\/fr\/product\/laser-tag-ibiza\/\",\"url\":\"https:\/\/stagpartynight.com\/fr\/product\/laser-tag-ibiza\/\",\"name\":\"Laser Tag Ibiza\",\"isPartOf\":{\"@id\":\"https:\/\/stagpartynight.com\/fr\/#website\"},\"primaryImageOfPage\":{\"@id\":\"https:\/\/stagpartynight.com\/fr\/product\/laser-tag-ibiza\/#primaryimage\"},\"image\":{\"@id\":\"https:\/\/stagpartynight.com\/fr\/product\/laser-tag-ibiza\/#primaryimage\"},\"thumbnailUrl\":\"https:\/\/stagpartynight.com\/fr\/wp-content\/uploads\/sites\/3\/2023\/12\/Laser-Tag-Ibiza.jpg\",\"datePublished\":\"2023-12-21T09:11:16+00:00\",\"dateModified\":\"2024-01-08T11:46:46+00:00\",\"description\":\"Laser Tag Ibiza. Pr\u00eat pour une bagarre avec tes amis ? Sur mesure : une heure ou deux. O\u00f9 ? Vous choisissez l'endroit, nous apportons l'\u00e9quipement.\",\"breadcrumb\":{\"@id\":\"https:\/\/stagpartynight.com\/fr\/product\/laser-tag-ibiza\/#breadcrumb\"},\"inLanguage\":\"en-GB\",\"potentialAction\":[{\"@type\":\"ReadAction\",\"target\":[\"https:\/\/stagpartynight.com\/fr\/product\/laser-tag-ibiza\/\"]}]},{\"@type\":\"ImageObject\",\"inLanguage\":\"en-GB\",\"@id\":\"https:\/\/stagpartynight.com\/fr\/product\/laser-tag-ibiza\/#primaryimage\",\"url\":\"https:\/\/stagpartynight.com\/fr\/wp-content\/uploads\/sites\/3\/2023\/12\/Laser-Tag-Ibiza.jpg\",\"contentUrl\":\"https:\/\/stagpartynight.com\/fr\/wp-content\/uploads\/sites\/3\/2023\/12\/Laser-Tag-Ibiza.jpg\",\"width\":538,\"height\":360,\"caption\":\"Laser Tag Ibiza\"},{\"@type\":\"BreadcrumbList\",\"@id\":\"https:\/\/stagpartynight.com\/fr\/product\/laser-tag-ibiza\/#breadcrumb\",\"itemListElement\":[{\"@type\":\"ListItem\",\"position\":1,\"name\":\"Home\",\"item\":\"https:\/\/stagpartynight.com\/fr\/\"},{\"@type\":\"ListItem\",\"position\":2,\"name\":\"Tienda\",\"item\":\"https:\/\/stagpartynight.com\/fr\/tienda\/\"},{\"@type\":\"ListItem\",\"position\":3,\"name\":\"Laser Tag Ibiza\"}]},{\"@type\":\"WebSite\",\"@id\":\"https:\/\/stagpartynight.com\/fr\/#website\",\"url\":\"https:\/\/stagpartynight.com\/fr\/\",\"name\":\"Stag Party Night\",\"description\":\"Your Stag Party Customized\",\"publisher\":{\"@id\":\"https:\/\/stagpartynight.com\/fr\/#organization\"},\"potentialAction\":[{\"@type\":\"SearchAction\",\"target\":{\"@type\":\"EntryPoint\",\"urlTemplate\":\"https:\/\/stagpartynight.com\/fr\/?s={search_term_string}\"},\"query-input\":{\"@type\":\"PropertyValueSpecification\",\"valueRequired\":true,\"valueName\":\"search_term_string\"}}],\"inLanguage\":\"en-GB\"},{\"@type\":\"Organization\",\"@id\":\"https:\/\/stagpartynight.com\/fr\/#organization\",\"name\":\"Stag Party Night\",\"url\":\"https:\/\/stagpartynight.com\/fr\/\",\"logo\":{\"@type\":\"ImageObject\",\"inLanguage\":\"en-GB\",\"@id\":\"https:\/\/stagpartynight.com\/fr\/#\/schema\/logo\/image\/\",\"url\":\"https:\/\/stagpartynight.com\/fr\/wp-content\/uploads\/sites\/3\/2019\/12\/stagpartynight-e1578565505687.png\",\"contentUrl\":\"https:\/\/stagpartynight.com\/fr\/wp-content\/uploads\/sites\/3\/2019\/12\/stagpartynight-e1578565505687.png\",\"width\":400,\"height\":400,\"caption\":\"Stag Party Night\"},\"image\":{\"@id\":\"https:\/\/stagpartynight.com\/fr\/#\/schema\/logo\/image\/\"}}]}<\/script>\n<!-- \/ Yoast SEO plugin. -->","yoast_head_json":{"title":"Laser Tag Ibiza","description":"Laser Tag Ibiza. Pr\u00eat pour une bagarre avec tes amis ? Sur mesure : une heure ou deux. O\u00f9 ? Vous choisissez l'endroit, nous apportons l'\u00e9quipement.","robots":{"index":"index","follow":"follow","max-snippet":"max-snippet:-1","max-image-preview":"max-image-preview:large","max-video-preview":"max-video-preview:-1"},"canonical":"https:\/\/stagpartynight.com\/fr\/product\/laser-tag-ibiza\/","og_locale":"en_GB","og_type":"article","og_title":"Laser Tag Ibiza","og_description":"Laser Tag Ibiza. Pr\u00eat pour une bagarre avec tes amis ? Sur mesure : une heure ou deux. O\u00f9 ? Vous choisissez l'endroit, nous apportons l'\u00e9quipement.","og_url":"https:\/\/stagpartynight.com\/fr\/product\/laser-tag-ibiza\/","og_site_name":"Nuit de f\u00eate de cerf","article_modified_time":"2024-01-08T11:46:46+00:00","og_image":[{"width":538,"height":360,"url":"https:\/\/stagpartynight.com\/fr\/wp-content\/uploads\/sites\/3\/2023\/12\/Laser-Tag-Ibiza.jpg","type":"image\/jpeg"}],"twitter_card":"summary_large_image","twitter_misc":{"Estimated reading time":"2 minutes"},"schema":{"@context":"https:\/\/schema.org","@graph":[{"@type":"WebPage","@id":"https:\/\/stagpartynight.com\/fr\/product\/laser-tag-ibiza\/","url":"https:\/\/stagpartynight.com\/fr\/product\/laser-tag-ibiza\/","name":"Laser Tag Ibiza","isPartOf":{"@id":"https:\/\/stagpartynight.com\/fr\/#website"},"primaryImageOfPage":{"@id":"https:\/\/stagpartynight.com\/fr\/product\/laser-tag-ibiza\/#primaryimage"},"image":{"@id":"https:\/\/stagpartynight.com\/fr\/product\/laser-tag-ibiza\/#primaryimage"},"thumbnailUrl":"https:\/\/stagpartynight.com\/fr\/wp-content\/uploads\/sites\/3\/2023\/12\/Laser-Tag-Ibiza.jpg","datePublished":"2023-12-21T09:11:16+00:00","dateModified":"2024-01-08T11:46:46+00:00","description":"Laser Tag Ibiza. Pr\u00eat pour une bagarre avec tes amis ? Sur mesure : une heure ou deux. O\u00f9 ? Vous choisissez l'endroit, nous apportons l'\u00e9quipement.","breadcrumb":{"@id":"https:\/\/stagpartynight.com\/fr\/product\/laser-tag-ibiza\/#breadcrumb"},"inLanguage":"en-GB","potentialAction":[{"@type":"ReadAction","target":["https:\/\/stagpartynight.com\/fr\/product\/laser-tag-ibiza\/"]}]},{"@type":"ImageObject","inLanguage":"en-GB","@id":"https:\/\/stagpartynight.com\/fr\/product\/laser-tag-ibiza\/#primaryimage","url":"https:\/\/stagpartynight.com\/fr\/wp-content\/uploads\/sites\/3\/2023\/12\/Laser-Tag-Ibiza.jpg","contentUrl":"https:\/\/stagpartynight.com\/fr\/wp-content\/uploads\/sites\/3\/2023\/12\/Laser-Tag-Ibiza.jpg","width":538,"height":360,"caption":"Laser Tag Ibiza"},{"@type":"BreadcrumbList","@id":"https:\/\/stagpartynight.com\/fr\/product\/laser-tag-ibiza\/#breadcrumb","itemListElement":[{"@type":"ListItem","position":1,"name":"Home","item":"https:\/\/stagpartynight.com\/fr\/"},{"@type":"ListItem","position":2,"name":"Tienda","item":"https:\/\/stagpartynight.com\/fr\/tienda\/"},{"@type":"ListItem","position":3,"name":"Laser Tag Ibiza"}]},{"@type":"WebSite","@id":"https:\/\/stagpartynight.com\/fr\/#website","url":"https:\/\/stagpartynight.com\/fr\/","name":"Stag Party Night","description":"Your Stag Party Customized","publisher":{"@id":"https:\/\/stagpartynight.com\/fr\/#organization"},"potentialAction":[{"@type":"SearchAction","target":{"@type":"EntryPoint","urlTemplate":"https:\/\/stagpartynight.com\/fr\/?s={search_term_string}"},"query-input":{"@type":"PropertyValueSpecification","valueRequired":true,"valueName":"search_term_string"}}],"inLanguage":"en-GB"},{"@type":"Organization","@id":"https:\/\/stagpartynight.com\/fr\/#organization","name":"Stag Party Night","url":"https:\/\/stagpartynight.com\/fr\/","logo":{"@type":"ImageObject","inLanguage":"en-GB","@id":"https:\/\/stagpartynight.com\/fr\/#\/schema\/logo\/image\/","url":"https:\/\/stagpartynight.com\/fr\/wp-content\/uploads\/sites\/3\/2019\/12\/stagpartynight-e1578565505687.png","contentUrl":"https:\/\/stagpartynight.com\/fr\/wp-content\/uploads\/sites\/3\/2019\/12\/stagpartynight-e1578565505687.png","width":400,"height":400,"caption":"Stag Party Night"},"image":{"@id":"https:\/\/stagpartynight.com\/fr\/#\/schema\/logo\/image\/"}}]}},"_links":{"self":[{"href":"https:\/\/stagpartynight.com\/fr\/wp-json\/wp\/v2\/product\/2651","targetHints":{"allow":["GET"]}}],"collection":[{"href":"https:\/\/stagpartynight.com\/fr\/wp-json\/wp\/v2\/product"}],"about":[{"href":"https:\/\/stagpartynight.com\/fr\/wp-json\/wp\/v2\/types\/product"}],"replies":[{"embeddable":true,"href":"https:\/\/stagpartynight.com\/fr\/wp-json\/wp\/v2\/comments?post=2651"}],"wp:featuredmedia":[{"embeddable":true,"href":"https:\/\/stagpartynight.com\/fr\/wp-json\/wp\/v2\/media\/2652"}],"wp:attachment":[{"href":"https:\/\/stagpartynight.com\/fr\/wp-json\/wp\/v2\/media?parent=2651"}],"wp:term":[{"taxonomy":"product_brand","embeddable":true,"href":"https:\/\/stagpartynight.com\/fr\/wp-json\/wp\/v2\/product_brand?post=2651"},{"taxonomy":"product_cat","embeddable":true,"href":"https:\/\/stagpartynight.com\/fr\/wp-json\/wp\/v2\/product_cat?post=2651"},{"taxonomy":"product_tag","embeddable":true,"href":"https:\/\/stagpartynight.com\/fr\/wp-json\/wp\/v2\/product_tag?post=2651"}],"curies":[{"name":"wp","href":"https:\/\/api.w.org\/{rel}","templated":true}]}}