{"id":2655,"date":"2023-12-21T10:43:48","date_gmt":"2023-12-21T09:43:48","guid":{"rendered":"https:\/\/stagpartynight.com\/fr\/?post_type=product&#038;p=2655"},"modified":"2024-01-08T12:46:45","modified_gmt":"2024-01-08T11:46:45","slug":"club-de-plage-et-fete-de-la-piscine-ibiza","status":"publish","type":"product","link":"https:\/\/stagpartynight.com\/fr\/product\/club-de-plage-et-fete-de-la-piscine-ibiza\/","title":{"rendered":"Club de Plage et F\u00eate de la Piscine Ibiza"},"content":{"rendered":"<p>Club de Plage et F\u00eate de la Piscine Ibiza. Quoi de mieux que des transats sur la plage et, apr\u00e8s la d\u00e9tente, une f\u00eate \u00e0 la piscine ? Un cocktail en bord de mer.<\/p>\n<p>Les meilleurs enterrements de vie de gar\u00e7on avec <a href=\"https:\/\/stagpartynight.com\/\">Stagparty <\/a><\/p>\n<h2>Club de Plage et F\u00eate de la Piscine Ibiza<\/h2>\n<h4>\ud83c\udf34 Plaisirs Baln\u00e9aires \u00e0 Ibiza : Beach Club et Pool Party Inoubliables !<\/h4>\n<p>\u2600\ufe0f Plongez dans l&#8217;\u00e9l\u00e9gance d\u00e9contract\u00e9e d&#8217;Ibiza avec notre Beach Club exclusif, offrant une exp\u00e9rience baln\u00e9aire in\u00e9gal\u00e9e sur l&#8217;une des plus belles plages de l&#8217;\u00eele.<\/p>\n<p>\ud83c\udf79 D\u00e9tendez-vous sur nos lits de plage de premi\u00e8re ligne, baignez-vous dans le soleil m\u00e9diterran\u00e9en et profitez de l&#8217;atmosph\u00e8re d\u00e9contract\u00e9e. Un cocktail exquis vous attend, ajoutant une touche de raffinement \u00e0 votre journ\u00e9e en bord de mer.<\/p>\n<p>\ud83c\udfd6\ufe0f Installez-vous confortablement sur nos lits de plage luxueux, les pieds dans le sable dor\u00e9, et laissez-vous choyer par notre service exclusif. Profitez du panorama exceptionnel de la mer azur et laissez le stress quotidien dispara\u00eetre.<\/p>\n<p>\ud83c\udf78 Un cocktail rafra\u00eechissant par personne, pr\u00e9par\u00e9 par nos talentueux mixologues, \u00e9veillera vos papilles avant de plonger dans l&#8217;effervescence de notre Pool Party.<\/p>\n<p>\ud83c\udf89 Laissez la journ\u00e9e se transformer en une f\u00eate aquatique anim\u00e9e, o\u00f9 la musique vibrante et les rires r\u00e9sonnent autour de notre piscine scintillante. Dansez au rythme enivrant des DJ locaux et internationaux, cr\u00e9ant une ambiance inoubliable.<\/p>\n<p>\ud83d\udca6 Plongez dans la piscine cristalline, sirotez des cocktails exquis et c\u00e9l\u00e9brez l&#8217;instant pr\u00e9sent avec style. Notre Pool Party \u00e0 Ibiza est une exp\u00e9rience immersive o\u00f9 la joie de vivre r\u00e8gne en ma\u00eetre.<\/p>\n<p>\ud83c\udf05 R\u00e9servez maintenant et pr\u00e9parez-vous \u00e0 vivre une journ\u00e9e exceptionnelle entre luxe d\u00e9contract\u00e9, soleil \u00e9clatant, cocktails exquis et f\u00eate endiabl\u00e9e. <a href=\"https:\/\/es.wikipedia.org\/wiki\/Ibiza\">Ibiza<\/a> vous invite \u00e0 une exp\u00e9rience baln\u00e9aire incomparable ! \ud83c\udfdd\ufe0f\ud83e\udd42<\/p>\n","protected":false},"excerpt":{"rendered":"<p>Club de Plage et F\u00eate de la Piscine Ibiza. Quoi de mieux que des transats sur la plage et, apr\u00e8s la d\u00e9tente, une f\u00eate \u00e0 la piscine ? Un cocktail en bord de mer. Les meilleurs enterrements de vie de gar\u00e7on avec Stagparty Club de Plage et F\u00eate de la Piscine Ibiza \ud83c\udf34 Plaisirs Baln\u00e9aires [&hellip;]<\/p>\n","protected":false},"featured_media":2656,"comment_status":"open","ping_status":"closed","template":"","meta":{"_et_pb_use_builder":"","_et_pb_old_content":"","_et_gb_content_width":""},"product_brand":[],"product_cat":[113,218],"product_tag":[],"class_list":{"0":"post-2655","1":"product","2":"type-product","3":"status-publish","4":"has-post-thumbnail","6":"product_cat-ibiza","7":"product_cat-uncategorised","9":"first","10":"instock","11":"shipping-taxable","12":"product-type-simple"},"yoast_head":"<!-- This site is optimized with the Yoast SEO Premium plugin v27.5 (Yoast SEO v27.5) - https:\/\/yoast.com\/product\/yoast-seo-premium-wordpress\/ -->\n<title>Club de Plage et F\u00eate de la Piscine Ibiza<\/title>\n<meta name=\"description\" content=\"Club de Plage et F\u00eate de la Piscine Ibiza . Beach Club et Pool Party Ibiza. Lits en face de la plage. Un cocktail en bord de mer\" \/>\n<meta name=\"robots\" content=\"index, follow, max-snippet:-1, max-image-preview:large, max-video-preview:-1\" \/>\n<link rel=\"canonical\" href=\"https:\/\/stagpartynight.com\/fr\/product\/club-de-plage-et-fete-de-la-piscine-ibiza\/\" \/>\n<meta property=\"og:locale\" content=\"en_GB\" \/>\n<meta property=\"og:type\" content=\"article\" \/>\n<meta property=\"og:title\" content=\"Club de Plage et F\u00eate de la Piscine Ibiza\" \/>\n<meta property=\"og:description\" content=\"Club de Plage et F\u00eate de la Piscine Ibiza . Beach Club et Pool Party Ibiza. Lits en face de la plage. Un cocktail en bord de mer\" \/>\n<meta property=\"og:url\" content=\"https:\/\/stagpartynight.com\/fr\/product\/club-de-plage-et-fete-de-la-piscine-ibiza\/\" \/>\n<meta property=\"og:site_name\" content=\"Nuit de f\u00eate de cerf\" \/>\n<meta property=\"article:modified_time\" content=\"2024-01-08T11:46:45+00:00\" \/>\n<meta property=\"og:image\" content=\"https:\/\/stagpartynight.com\/fr\/wp-content\/uploads\/sites\/3\/2023\/12\/Club-de-Plage-et-Fete-de-la-Piscine-Ibiza.jpg\" \/>\n\t<meta property=\"og:image:width\" content=\"1200\" \/>\n\t<meta property=\"og:image:height\" content=\"676\" \/>\n\t<meta property=\"og:image:type\" content=\"image\/jpeg\" \/>\n<meta name=\"twitter:card\" content=\"summary_large_image\" \/>\n<meta name=\"twitter:label1\" content=\"Estimated reading time\" \/>\n\t<meta name=\"twitter:data1\" content=\"2 minutes\" \/>\n<script type=\"application\/ld+json\" class=\"yoast-schema-graph\">{\"@context\":\"https:\\\/\\\/schema.org\",\"@graph\":[{\"@type\":\"WebPage\",\"@id\":\"https:\\\/\\\/stagpartynight.com\\\/fr\\\/product\\\/club-de-plage-et-fete-de-la-piscine-ibiza\\\/\",\"url\":\"https:\\\/\\\/stagpartynight.com\\\/fr\\\/product\\\/club-de-plage-et-fete-de-la-piscine-ibiza\\\/\",\"name\":\"Club de Plage et F\u00eate de la Piscine Ibiza\",\"isPartOf\":{\"@id\":\"https:\\\/\\\/stagpartynight.com\\\/fr\\\/#website\"},\"primaryImageOfPage\":{\"@id\":\"https:\\\/\\\/stagpartynight.com\\\/fr\\\/product\\\/club-de-plage-et-fete-de-la-piscine-ibiza\\\/#primaryimage\"},\"image\":{\"@id\":\"https:\\\/\\\/stagpartynight.com\\\/fr\\\/product\\\/club-de-plage-et-fete-de-la-piscine-ibiza\\\/#primaryimage\"},\"thumbnailUrl\":\"https:\\\/\\\/stagpartynight.com\\\/fr\\\/wp-content\\\/uploads\\\/sites\\\/3\\\/2023\\\/12\\\/Club-de-Plage-et-Fete-de-la-Piscine-Ibiza.jpg\",\"datePublished\":\"2023-12-21T09:43:48+00:00\",\"dateModified\":\"2024-01-08T11:46:45+00:00\",\"description\":\"Club de Plage et F\u00eate de la Piscine Ibiza . Beach Club et Pool Party Ibiza. Lits en face de la plage. Un cocktail en bord de mer\",\"breadcrumb\":{\"@id\":\"https:\\\/\\\/stagpartynight.com\\\/fr\\\/product\\\/club-de-plage-et-fete-de-la-piscine-ibiza\\\/#breadcrumb\"},\"inLanguage\":\"en-GB\",\"potentialAction\":[{\"@type\":\"ReadAction\",\"target\":[\"https:\\\/\\\/stagpartynight.com\\\/fr\\\/product\\\/club-de-plage-et-fete-de-la-piscine-ibiza\\\/\"]}]},{\"@type\":\"ImageObject\",\"inLanguage\":\"en-GB\",\"@id\":\"https:\\\/\\\/stagpartynight.com\\\/fr\\\/product\\\/club-de-plage-et-fete-de-la-piscine-ibiza\\\/#primaryimage\",\"url\":\"https:\\\/\\\/stagpartynight.com\\\/fr\\\/wp-content\\\/uploads\\\/sites\\\/3\\\/2023\\\/12\\\/Club-de-Plage-et-Fete-de-la-Piscine-Ibiza.jpg\",\"contentUrl\":\"https:\\\/\\\/stagpartynight.com\\\/fr\\\/wp-content\\\/uploads\\\/sites\\\/3\\\/2023\\\/12\\\/Club-de-Plage-et-Fete-de-la-Piscine-Ibiza.jpg\",\"width\":1200,\"height\":676,\"caption\":\"Club de Plage et F\u00eate de la Piscine Ibiza\"},{\"@type\":\"BreadcrumbList\",\"@id\":\"https:\\\/\\\/stagpartynight.com\\\/fr\\\/product\\\/club-de-plage-et-fete-de-la-piscine-ibiza\\\/#breadcrumb\",\"itemListElement\":[{\"@type\":\"ListItem\",\"position\":1,\"name\":\"Home\",\"item\":\"https:\\\/\\\/stagpartynight.com\\\/fr\\\/\"},{\"@type\":\"ListItem\",\"position\":2,\"name\":\"Tienda\",\"item\":\"https:\\\/\\\/stagpartynight.com\\\/fr\\\/tienda\\\/\"},{\"@type\":\"ListItem\",\"position\":3,\"name\":\"Club de Plage et F\u00eate de la Piscine Ibiza\"}]},{\"@type\":\"WebSite\",\"@id\":\"https:\\\/\\\/stagpartynight.com\\\/fr\\\/#website\",\"url\":\"https:\\\/\\\/stagpartynight.com\\\/fr\\\/\",\"name\":\"Stag Party Night\",\"description\":\"Your Stag Party Customized\",\"publisher\":{\"@id\":\"https:\\\/\\\/stagpartynight.com\\\/fr\\\/#organization\"},\"potentialAction\":[{\"@type\":\"SearchAction\",\"target\":{\"@type\":\"EntryPoint\",\"urlTemplate\":\"https:\\\/\\\/stagpartynight.com\\\/fr\\\/?s={search_term_string}\"},\"query-input\":{\"@type\":\"PropertyValueSpecification\",\"valueRequired\":true,\"valueName\":\"search_term_string\"}}],\"inLanguage\":\"en-GB\"},{\"@type\":\"Organization\",\"@id\":\"https:\\\/\\\/stagpartynight.com\\\/fr\\\/#organization\",\"name\":\"Stag Party Night\",\"url\":\"https:\\\/\\\/stagpartynight.com\\\/fr\\\/\",\"logo\":{\"@type\":\"ImageObject\",\"inLanguage\":\"en-GB\",\"@id\":\"https:\\\/\\\/stagpartynight.com\\\/fr\\\/#\\\/schema\\\/logo\\\/image\\\/\",\"url\":\"https:\\\/\\\/stagpartynight.com\\\/fr\\\/wp-content\\\/uploads\\\/sites\\\/3\\\/2019\\\/12\\\/stagpartynight-e1578565505687.png\",\"contentUrl\":\"https:\\\/\\\/stagpartynight.com\\\/fr\\\/wp-content\\\/uploads\\\/sites\\\/3\\\/2019\\\/12\\\/stagpartynight-e1578565505687.png\",\"width\":400,\"height\":400,\"caption\":\"Stag Party Night\"},\"image\":{\"@id\":\"https:\\\/\\\/stagpartynight.com\\\/fr\\\/#\\\/schema\\\/logo\\\/image\\\/\"}}]}<\/script>\n<!-- \/ Yoast SEO Premium plugin. -->","yoast_head_json":{"title":"Club de Plage et F\u00eate de la Piscine Ibiza","description":"Club de Plage et F\u00eate de la Piscine Ibiza . Beach Club et Pool Party Ibiza. Lits en face de la plage. Un cocktail en bord de mer","robots":{"index":"index","follow":"follow","max-snippet":"max-snippet:-1","max-image-preview":"max-image-preview:large","max-video-preview":"max-video-preview:-1"},"canonical":"https:\/\/stagpartynight.com\/fr\/product\/club-de-plage-et-fete-de-la-piscine-ibiza\/","og_locale":"en_GB","og_type":"article","og_title":"Club de Plage et F\u00eate de la Piscine Ibiza","og_description":"Club de Plage et F\u00eate de la Piscine Ibiza . Beach Club et Pool Party Ibiza. Lits en face de la plage. Un cocktail en bord de mer","og_url":"https:\/\/stagpartynight.com\/fr\/product\/club-de-plage-et-fete-de-la-piscine-ibiza\/","og_site_name":"Nuit de f\u00eate de cerf","article_modified_time":"2024-01-08T11:46:45+00:00","og_image":[{"width":1200,"height":676,"url":"https:\/\/stagpartynight.com\/fr\/wp-content\/uploads\/sites\/3\/2023\/12\/Club-de-Plage-et-Fete-de-la-Piscine-Ibiza.jpg","type":"image\/jpeg"}],"twitter_card":"summary_large_image","twitter_misc":{"Estimated reading time":"2 minutes"},"schema":{"@context":"https:\/\/schema.org","@graph":[{"@type":"WebPage","@id":"https:\/\/stagpartynight.com\/fr\/product\/club-de-plage-et-fete-de-la-piscine-ibiza\/","url":"https:\/\/stagpartynight.com\/fr\/product\/club-de-plage-et-fete-de-la-piscine-ibiza\/","name":"Club de Plage et F\u00eate de la Piscine Ibiza","isPartOf":{"@id":"https:\/\/stagpartynight.com\/fr\/#website"},"primaryImageOfPage":{"@id":"https:\/\/stagpartynight.com\/fr\/product\/club-de-plage-et-fete-de-la-piscine-ibiza\/#primaryimage"},"image":{"@id":"https:\/\/stagpartynight.com\/fr\/product\/club-de-plage-et-fete-de-la-piscine-ibiza\/#primaryimage"},"thumbnailUrl":"https:\/\/stagpartynight.com\/fr\/wp-content\/uploads\/sites\/3\/2023\/12\/Club-de-Plage-et-Fete-de-la-Piscine-Ibiza.jpg","datePublished":"2023-12-21T09:43:48+00:00","dateModified":"2024-01-08T11:46:45+00:00","description":"Club de Plage et F\u00eate de la Piscine Ibiza . Beach Club et Pool Party Ibiza. Lits en face de la plage. Un cocktail en bord de mer","breadcrumb":{"@id":"https:\/\/stagpartynight.com\/fr\/product\/club-de-plage-et-fete-de-la-piscine-ibiza\/#breadcrumb"},"inLanguage":"en-GB","potentialAction":[{"@type":"ReadAction","target":["https:\/\/stagpartynight.com\/fr\/product\/club-de-plage-et-fete-de-la-piscine-ibiza\/"]}]},{"@type":"ImageObject","inLanguage":"en-GB","@id":"https:\/\/stagpartynight.com\/fr\/product\/club-de-plage-et-fete-de-la-piscine-ibiza\/#primaryimage","url":"https:\/\/stagpartynight.com\/fr\/wp-content\/uploads\/sites\/3\/2023\/12\/Club-de-Plage-et-Fete-de-la-Piscine-Ibiza.jpg","contentUrl":"https:\/\/stagpartynight.com\/fr\/wp-content\/uploads\/sites\/3\/2023\/12\/Club-de-Plage-et-Fete-de-la-Piscine-Ibiza.jpg","width":1200,"height":676,"caption":"Club de Plage et F\u00eate de la Piscine Ibiza"},{"@type":"BreadcrumbList","@id":"https:\/\/stagpartynight.com\/fr\/product\/club-de-plage-et-fete-de-la-piscine-ibiza\/#breadcrumb","itemListElement":[{"@type":"ListItem","position":1,"name":"Home","item":"https:\/\/stagpartynight.com\/fr\/"},{"@type":"ListItem","position":2,"name":"Tienda","item":"https:\/\/stagpartynight.com\/fr\/tienda\/"},{"@type":"ListItem","position":3,"name":"Club de Plage et F\u00eate de la Piscine Ibiza"}]},{"@type":"WebSite","@id":"https:\/\/stagpartynight.com\/fr\/#website","url":"https:\/\/stagpartynight.com\/fr\/","name":"Stag Party Night","description":"Your Stag Party Customized","publisher":{"@id":"https:\/\/stagpartynight.com\/fr\/#organization"},"potentialAction":[{"@type":"SearchAction","target":{"@type":"EntryPoint","urlTemplate":"https:\/\/stagpartynight.com\/fr\/?s={search_term_string}"},"query-input":{"@type":"PropertyValueSpecification","valueRequired":true,"valueName":"search_term_string"}}],"inLanguage":"en-GB"},{"@type":"Organization","@id":"https:\/\/stagpartynight.com\/fr\/#organization","name":"Stag Party Night","url":"https:\/\/stagpartynight.com\/fr\/","logo":{"@type":"ImageObject","inLanguage":"en-GB","@id":"https:\/\/stagpartynight.com\/fr\/#\/schema\/logo\/image\/","url":"https:\/\/stagpartynight.com\/fr\/wp-content\/uploads\/sites\/3\/2019\/12\/stagpartynight-e1578565505687.png","contentUrl":"https:\/\/stagpartynight.com\/fr\/wp-content\/uploads\/sites\/3\/2019\/12\/stagpartynight-e1578565505687.png","width":400,"height":400,"caption":"Stag Party Night"},"image":{"@id":"https:\/\/stagpartynight.com\/fr\/#\/schema\/logo\/image\/"}}]}},"_links":{"self":[{"href":"https:\/\/stagpartynight.com\/fr\/wp-json\/wp\/v2\/product\/2655","targetHints":{"allow":["GET"]}}],"collection":[{"href":"https:\/\/stagpartynight.com\/fr\/wp-json\/wp\/v2\/product"}],"about":[{"href":"https:\/\/stagpartynight.com\/fr\/wp-json\/wp\/v2\/types\/product"}],"replies":[{"embeddable":true,"href":"https:\/\/stagpartynight.com\/fr\/wp-json\/wp\/v2\/comments?post=2655"}],"wp:featuredmedia":[{"embeddable":true,"href":"https:\/\/stagpartynight.com\/fr\/wp-json\/wp\/v2\/media\/2656"}],"wp:attachment":[{"href":"https:\/\/stagpartynight.com\/fr\/wp-json\/wp\/v2\/media?parent=2655"}],"wp:term":[{"taxonomy":"product_brand","embeddable":true,"href":"https:\/\/stagpartynight.com\/fr\/wp-json\/wp\/v2\/product_brand?post=2655"},{"taxonomy":"product_cat","embeddable":true,"href":"https:\/\/stagpartynight.com\/fr\/wp-json\/wp\/v2\/product_cat?post=2655"},{"taxonomy":"product_tag","embeddable":true,"href":"https:\/\/stagpartynight.com\/fr\/wp-json\/wp\/v2\/product_tag?post=2655"}],"curies":[{"name":"wp","href":"https:\/\/api.w.org\/{rel}","templated":true}]}}