{"id":2659,"date":"2023-12-21T11:07:20","date_gmt":"2023-12-21T10:07:20","guid":{"rendered":"https:\/\/stagpartynight.com\/fr\/?post_type=product&#038;p=2659"},"modified":"2024-01-08T12:46:43","modified_gmt":"2024-01-08T11:46:43","slug":"excursion-avec-masque-et-tuba-ibiza","status":"publish","type":"product","link":"https:\/\/stagpartynight.com\/fr\/product\/excursion-avec-masque-et-tuba-ibiza\/","title":{"rendered":"Excursion avec Masque et Tuba Ibiza"},"content":{"rendered":"<p>Excursion avec Masque et Tuba Ibiza. Plus de trois heures d&#8217;excursion \u00e0 travers des grottes myst\u00e9rieuses. Inclut le surf en paddle.<\/p>\n<p>Les meilleurs enterrements de vie de gar\u00e7on avec <a href=\"https:\/\/stagpartynight.com\/\">Stagparty <\/a><\/p>\n<h2>Excursion avec Masque et Tuba Ibiza<\/h2>\n<h4>\ud83c\udf0a Exploration Subaquatique \u00e0 Ibiza : Plong\u00e9e dans les Myst\u00e8res des Grottes Marines !<\/h4>\n<p>\ud83d\udc20 Explorez les merveilles cach\u00e9es des eaux cristallines d&#8217;Ibiza avec notre excursion de snorkeling unique, une aventure immersive au c\u0153ur des grottes marines.<\/p>\n<p>\ud83d\udea4 Un tour de trois heures vous emm\u00e8ne dans un voyage captivant, explorant des recoins secrets et des formations rocheuses \u00e9poustouflantes de l&#8217;\u00eele blanche.<\/p>\n<p>\ud83e\udd3f Plongez dans le monde sous-marin avec le snorkel, d\u00e9couvrant une vie marine vari\u00e9e et des paysages subaquatiques \u00e0 couper le souffle.<\/p>\n<p>\ud83c\udfc4\u200d\u2642\ufe0f Enrichissez votre aventure avec du paddle surf, ajoutant une dose d&#8217;excitation et d&#8217;\u00e9quilibre \u00e0 votre exploration aquatique.<\/p>\n<p>\ud83d\udc53 Tout l&#8217;\u00e9quipement n\u00e9cessaire est inclus, garantissant une exp\u00e9rience sans souci. Plongez \u00e9quip\u00e9, pr\u00eat \u00e0 d\u00e9couvrir les tr\u00e9sors cach\u00e9s de la M\u00e9diterran\u00e9e.<\/p>\n<p>\ud83c\udf79 Rafra\u00eechissez-vous avec des boissons incluses pendant l&#8217;excursion, vous offrant une pause revigorante tout en profitant du soleil et des vues panoramiques.<\/p>\n<p>\ud83c\udf05 Vivez des moments magiques en explorant des grottes isol\u00e9es et des criques pr\u00e9serv\u00e9es. Cr\u00e9ant des souvenirs qui dureront toute une vie.<\/p>\n<p>\ud83d\udc1a R\u00e9servez d\u00e8s maintenant votre exp\u00e9rience de snorkeling \u00e0 <a href=\"https:\/\/es.wikipedia.org\/wiki\/Ibiza\">Ibiza.<\/a> Plongez dans une aventure aquatique inoubliable!\u00a0 Nature sous-marine et la beaut\u00e9 des grottes vous captiveront. \ud83c\udf0a\ud83d\ude80<\/p>\n<p>&nbsp;<\/p>\n","protected":false},"excerpt":{"rendered":"<p>Excursion avec Masque et Tuba Ibiza. Plus de trois heures d&#8217;excursion \u00e0 travers des grottes myst\u00e9rieuses. Inclut le surf en paddle. Les meilleurs enterrements de vie de gar\u00e7on avec Stagparty Excursion avec Masque et Tuba Ibiza \ud83c\udf0a Exploration Subaquatique \u00e0 Ibiza : Plong\u00e9e dans les Myst\u00e8res des Grottes Marines ! \ud83d\udc20 Explorez les merveilles cach\u00e9es [&hellip;]<\/p>\n","protected":false},"featured_media":2660,"comment_status":"open","ping_status":"closed","template":"","meta":{"_et_pb_use_builder":"","_et_pb_old_content":"","_et_gb_content_width":""},"product_brand":[],"product_cat":[218,113],"product_tag":[],"class_list":{"0":"post-2659","1":"product","2":"type-product","3":"status-publish","4":"has-post-thumbnail","6":"product_cat-uncategorised","7":"product_cat-ibiza","9":"first","10":"instock","11":"shipping-taxable","12":"product-type-simple"},"yoast_head":"<!-- This site is optimized with the Yoast SEO plugin v26.4 - https:\/\/yoast.com\/wordpress\/plugins\/seo\/ -->\n<title>Excursion avec Masque et Tuba Ibiza<\/title>\n<meta name=\"description\" content=\"Excursion avec Masque et Tuba Ibiza. Plus de trois heures d&#039;excursion \u00e0 travers des grottes myst\u00e9rieuses. Inclut le surf en paddle.\" \/>\n<meta name=\"robots\" content=\"index, follow, max-snippet:-1, max-image-preview:large, max-video-preview:-1\" \/>\n<link rel=\"canonical\" href=\"https:\/\/stagpartynight.com\/fr\/product\/excursion-avec-masque-et-tuba-ibiza\/\" \/>\n<meta property=\"og:locale\" content=\"en_GB\" \/>\n<meta property=\"og:type\" content=\"article\" \/>\n<meta property=\"og:title\" content=\"Excursion avec Masque et Tuba Ibiza\" \/>\n<meta property=\"og:description\" content=\"Excursion avec Masque et Tuba Ibiza. Plus de trois heures d&#039;excursion \u00e0 travers des grottes myst\u00e9rieuses. Inclut le surf en paddle.\" \/>\n<meta property=\"og:url\" content=\"https:\/\/stagpartynight.com\/fr\/product\/excursion-avec-masque-et-tuba-ibiza\/\" \/>\n<meta property=\"og:site_name\" content=\"Nuit de f\u00eate de cerf\" \/>\n<meta property=\"article:modified_time\" content=\"2024-01-08T11:46:43+00:00\" \/>\n<meta property=\"og:image\" content=\"https:\/\/stagpartynight.com\/fr\/wp-content\/uploads\/sites\/3\/2023\/12\/Excursion-avec-Masque-et-Tuba-Ibiza.jpg\" \/>\n\t<meta property=\"og:image:width\" content=\"1280\" \/>\n\t<meta property=\"og:image:height\" content=\"1707\" \/>\n\t<meta property=\"og:image:type\" content=\"image\/jpeg\" \/>\n<meta name=\"twitter:card\" content=\"summary_large_image\" \/>\n<meta name=\"twitter:label1\" content=\"Estimated reading time\" \/>\n\t<meta name=\"twitter:data1\" content=\"1 minute\" \/>\n<script type=\"application\/ld+json\" class=\"yoast-schema-graph\">{\"@context\":\"https:\/\/schema.org\",\"@graph\":[{\"@type\":\"WebPage\",\"@id\":\"https:\/\/stagpartynight.com\/fr\/product\/excursion-avec-masque-et-tuba-ibiza\/\",\"url\":\"https:\/\/stagpartynight.com\/fr\/product\/excursion-avec-masque-et-tuba-ibiza\/\",\"name\":\"Excursion avec Masque et Tuba Ibiza\",\"isPartOf\":{\"@id\":\"https:\/\/stagpartynight.com\/fr\/#website\"},\"primaryImageOfPage\":{\"@id\":\"https:\/\/stagpartynight.com\/fr\/product\/excursion-avec-masque-et-tuba-ibiza\/#primaryimage\"},\"image\":{\"@id\":\"https:\/\/stagpartynight.com\/fr\/product\/excursion-avec-masque-et-tuba-ibiza\/#primaryimage\"},\"thumbnailUrl\":\"https:\/\/stagpartynight.com\/fr\/wp-content\/uploads\/sites\/3\/2023\/12\/Excursion-avec-Masque-et-Tuba-Ibiza.jpg\",\"datePublished\":\"2023-12-21T10:07:20+00:00\",\"dateModified\":\"2024-01-08T11:46:43+00:00\",\"description\":\"Excursion avec Masque et Tuba Ibiza. Plus de trois heures d'excursion \u00e0 travers des grottes myst\u00e9rieuses. Inclut le surf en paddle.\",\"breadcrumb\":{\"@id\":\"https:\/\/stagpartynight.com\/fr\/product\/excursion-avec-masque-et-tuba-ibiza\/#breadcrumb\"},\"inLanguage\":\"en-GB\",\"potentialAction\":[{\"@type\":\"ReadAction\",\"target\":[\"https:\/\/stagpartynight.com\/fr\/product\/excursion-avec-masque-et-tuba-ibiza\/\"]}]},{\"@type\":\"ImageObject\",\"inLanguage\":\"en-GB\",\"@id\":\"https:\/\/stagpartynight.com\/fr\/product\/excursion-avec-masque-et-tuba-ibiza\/#primaryimage\",\"url\":\"https:\/\/stagpartynight.com\/fr\/wp-content\/uploads\/sites\/3\/2023\/12\/Excursion-avec-Masque-et-Tuba-Ibiza.jpg\",\"contentUrl\":\"https:\/\/stagpartynight.com\/fr\/wp-content\/uploads\/sites\/3\/2023\/12\/Excursion-avec-Masque-et-Tuba-Ibiza.jpg\",\"width\":1280,\"height\":1707,\"caption\":\"Excursion avec Masque et Tuba Ibiza\"},{\"@type\":\"BreadcrumbList\",\"@id\":\"https:\/\/stagpartynight.com\/fr\/product\/excursion-avec-masque-et-tuba-ibiza\/#breadcrumb\",\"itemListElement\":[{\"@type\":\"ListItem\",\"position\":1,\"name\":\"Home\",\"item\":\"https:\/\/stagpartynight.com\/fr\/\"},{\"@type\":\"ListItem\",\"position\":2,\"name\":\"Tienda\",\"item\":\"https:\/\/stagpartynight.com\/fr\/tienda\/\"},{\"@type\":\"ListItem\",\"position\":3,\"name\":\"Excursion avec Masque et Tuba Ibiza\"}]},{\"@type\":\"WebSite\",\"@id\":\"https:\/\/stagpartynight.com\/fr\/#website\",\"url\":\"https:\/\/stagpartynight.com\/fr\/\",\"name\":\"Stag Party Night\",\"description\":\"Your Stag Party Customized\",\"publisher\":{\"@id\":\"https:\/\/stagpartynight.com\/fr\/#organization\"},\"potentialAction\":[{\"@type\":\"SearchAction\",\"target\":{\"@type\":\"EntryPoint\",\"urlTemplate\":\"https:\/\/stagpartynight.com\/fr\/?s={search_term_string}\"},\"query-input\":{\"@type\":\"PropertyValueSpecification\",\"valueRequired\":true,\"valueName\":\"search_term_string\"}}],\"inLanguage\":\"en-GB\"},{\"@type\":\"Organization\",\"@id\":\"https:\/\/stagpartynight.com\/fr\/#organization\",\"name\":\"Stag Party Night\",\"url\":\"https:\/\/stagpartynight.com\/fr\/\",\"logo\":{\"@type\":\"ImageObject\",\"inLanguage\":\"en-GB\",\"@id\":\"https:\/\/stagpartynight.com\/fr\/#\/schema\/logo\/image\/\",\"url\":\"https:\/\/stagpartynight.com\/fr\/wp-content\/uploads\/sites\/3\/2019\/12\/stagpartynight-e1578565505687.png\",\"contentUrl\":\"https:\/\/stagpartynight.com\/fr\/wp-content\/uploads\/sites\/3\/2019\/12\/stagpartynight-e1578565505687.png\",\"width\":400,\"height\":400,\"caption\":\"Stag Party Night\"},\"image\":{\"@id\":\"https:\/\/stagpartynight.com\/fr\/#\/schema\/logo\/image\/\"}}]}<\/script>\n<!-- \/ Yoast SEO plugin. -->","yoast_head_json":{"title":"Excursion avec Masque et Tuba Ibiza","description":"Excursion avec Masque et Tuba Ibiza. Plus de trois heures d'excursion \u00e0 travers des grottes myst\u00e9rieuses. Inclut le surf en paddle.","robots":{"index":"index","follow":"follow","max-snippet":"max-snippet:-1","max-image-preview":"max-image-preview:large","max-video-preview":"max-video-preview:-1"},"canonical":"https:\/\/stagpartynight.com\/fr\/product\/excursion-avec-masque-et-tuba-ibiza\/","og_locale":"en_GB","og_type":"article","og_title":"Excursion avec Masque et Tuba Ibiza","og_description":"Excursion avec Masque et Tuba Ibiza. Plus de trois heures d'excursion \u00e0 travers des grottes myst\u00e9rieuses. Inclut le surf en paddle.","og_url":"https:\/\/stagpartynight.com\/fr\/product\/excursion-avec-masque-et-tuba-ibiza\/","og_site_name":"Nuit de f\u00eate de cerf","article_modified_time":"2024-01-08T11:46:43+00:00","og_image":[{"width":1280,"height":1707,"url":"https:\/\/stagpartynight.com\/fr\/wp-content\/uploads\/sites\/3\/2023\/12\/Excursion-avec-Masque-et-Tuba-Ibiza.jpg","type":"image\/jpeg"}],"twitter_card":"summary_large_image","twitter_misc":{"Estimated reading time":"1 minute"},"schema":{"@context":"https:\/\/schema.org","@graph":[{"@type":"WebPage","@id":"https:\/\/stagpartynight.com\/fr\/product\/excursion-avec-masque-et-tuba-ibiza\/","url":"https:\/\/stagpartynight.com\/fr\/product\/excursion-avec-masque-et-tuba-ibiza\/","name":"Excursion avec Masque et Tuba Ibiza","isPartOf":{"@id":"https:\/\/stagpartynight.com\/fr\/#website"},"primaryImageOfPage":{"@id":"https:\/\/stagpartynight.com\/fr\/product\/excursion-avec-masque-et-tuba-ibiza\/#primaryimage"},"image":{"@id":"https:\/\/stagpartynight.com\/fr\/product\/excursion-avec-masque-et-tuba-ibiza\/#primaryimage"},"thumbnailUrl":"https:\/\/stagpartynight.com\/fr\/wp-content\/uploads\/sites\/3\/2023\/12\/Excursion-avec-Masque-et-Tuba-Ibiza.jpg","datePublished":"2023-12-21T10:07:20+00:00","dateModified":"2024-01-08T11:46:43+00:00","description":"Excursion avec Masque et Tuba Ibiza. Plus de trois heures d'excursion \u00e0 travers des grottes myst\u00e9rieuses. Inclut le surf en paddle.","breadcrumb":{"@id":"https:\/\/stagpartynight.com\/fr\/product\/excursion-avec-masque-et-tuba-ibiza\/#breadcrumb"},"inLanguage":"en-GB","potentialAction":[{"@type":"ReadAction","target":["https:\/\/stagpartynight.com\/fr\/product\/excursion-avec-masque-et-tuba-ibiza\/"]}]},{"@type":"ImageObject","inLanguage":"en-GB","@id":"https:\/\/stagpartynight.com\/fr\/product\/excursion-avec-masque-et-tuba-ibiza\/#primaryimage","url":"https:\/\/stagpartynight.com\/fr\/wp-content\/uploads\/sites\/3\/2023\/12\/Excursion-avec-Masque-et-Tuba-Ibiza.jpg","contentUrl":"https:\/\/stagpartynight.com\/fr\/wp-content\/uploads\/sites\/3\/2023\/12\/Excursion-avec-Masque-et-Tuba-Ibiza.jpg","width":1280,"height":1707,"caption":"Excursion avec Masque et Tuba Ibiza"},{"@type":"BreadcrumbList","@id":"https:\/\/stagpartynight.com\/fr\/product\/excursion-avec-masque-et-tuba-ibiza\/#breadcrumb","itemListElement":[{"@type":"ListItem","position":1,"name":"Home","item":"https:\/\/stagpartynight.com\/fr\/"},{"@type":"ListItem","position":2,"name":"Tienda","item":"https:\/\/stagpartynight.com\/fr\/tienda\/"},{"@type":"ListItem","position":3,"name":"Excursion avec Masque et Tuba Ibiza"}]},{"@type":"WebSite","@id":"https:\/\/stagpartynight.com\/fr\/#website","url":"https:\/\/stagpartynight.com\/fr\/","name":"Stag Party Night","description":"Your Stag Party Customized","publisher":{"@id":"https:\/\/stagpartynight.com\/fr\/#organization"},"potentialAction":[{"@type":"SearchAction","target":{"@type":"EntryPoint","urlTemplate":"https:\/\/stagpartynight.com\/fr\/?s={search_term_string}"},"query-input":{"@type":"PropertyValueSpecification","valueRequired":true,"valueName":"search_term_string"}}],"inLanguage":"en-GB"},{"@type":"Organization","@id":"https:\/\/stagpartynight.com\/fr\/#organization","name":"Stag Party Night","url":"https:\/\/stagpartynight.com\/fr\/","logo":{"@type":"ImageObject","inLanguage":"en-GB","@id":"https:\/\/stagpartynight.com\/fr\/#\/schema\/logo\/image\/","url":"https:\/\/stagpartynight.com\/fr\/wp-content\/uploads\/sites\/3\/2019\/12\/stagpartynight-e1578565505687.png","contentUrl":"https:\/\/stagpartynight.com\/fr\/wp-content\/uploads\/sites\/3\/2019\/12\/stagpartynight-e1578565505687.png","width":400,"height":400,"caption":"Stag Party Night"},"image":{"@id":"https:\/\/stagpartynight.com\/fr\/#\/schema\/logo\/image\/"}}]}},"_links":{"self":[{"href":"https:\/\/stagpartynight.com\/fr\/wp-json\/wp\/v2\/product\/2659","targetHints":{"allow":["GET"]}}],"collection":[{"href":"https:\/\/stagpartynight.com\/fr\/wp-json\/wp\/v2\/product"}],"about":[{"href":"https:\/\/stagpartynight.com\/fr\/wp-json\/wp\/v2\/types\/product"}],"replies":[{"embeddable":true,"href":"https:\/\/stagpartynight.com\/fr\/wp-json\/wp\/v2\/comments?post=2659"}],"wp:featuredmedia":[{"embeddable":true,"href":"https:\/\/stagpartynight.com\/fr\/wp-json\/wp\/v2\/media\/2660"}],"wp:attachment":[{"href":"https:\/\/stagpartynight.com\/fr\/wp-json\/wp\/v2\/media?parent=2659"}],"wp:term":[{"taxonomy":"product_brand","embeddable":true,"href":"https:\/\/stagpartynight.com\/fr\/wp-json\/wp\/v2\/product_brand?post=2659"},{"taxonomy":"product_cat","embeddable":true,"href":"https:\/\/stagpartynight.com\/fr\/wp-json\/wp\/v2\/product_cat?post=2659"},{"taxonomy":"product_tag","embeddable":true,"href":"https:\/\/stagpartynight.com\/fr\/wp-json\/wp\/v2\/product_tag?post=2659"}],"curies":[{"name":"wp","href":"https:\/\/api.w.org\/{rel}","templated":true}]}}