{"id":266,"date":"2020-01-08T14:35:14","date_gmt":"2020-01-08T13:35:14","guid":{"rendered":"https:\/\/stagpartynight.com\/fr\/?post_type=product&#038;p=266"},"modified":"2023-12-21T11:31:30","modified_gmt":"2023-12-21T10:31:30","slug":"catamaran-prive-a-ibiza","status":"publish","type":"product","link":"https:\/\/stagpartynight.com\/fr\/product\/catamaran-prive-a-ibiza\/","title":{"rendered":"Catamaran priv\u00e9 \u00e0 Ibiza"},"content":{"rendered":"<p>Catamaran priv\u00e9 \u00e0 Ibiza. Passez quatre \u00e0 huit heures sur un bateau priv\u00e9 avec vos amis. Il y a des \u00e9quipements pour les activit\u00e9s nautiques.<\/p>\n<p>Les meilleurs enterrements de vie de gar\u00e7on avec <a href=\"https:\/\/stagpartynight.com\/\">Stagparty <\/a><\/p>\n<h2>Catamaran priv\u00e9 \u00e0 Ibiza<\/h2>\n<h4>\ud83d\udee5\ufe0f Catamaran Priv\u00e9 \u00e0 Ibiza : Votre Aventure Personnalis\u00e9e en Mer M\u00e9diterran\u00e9e !<\/h4>\n<p>\u2693 R\u00e9servez un catamaran \u00e0 <a href=\"https:\/\/es.wikipedia.org\/wiki\/Ibiza\">Ibiza<\/a> pour une journ\u00e9e inoubliable entre amis.<\/p>\n<p>\ud83c\udf05 Choisissez entre une excursion de quatre ou huit heures, avec un capitaine professionnel qui personnalise l&#8217;itin\u00e9raire selon vos envies.<\/p>\n<p>\ud83c\udfc4\u200d\u2642\ufe0f Profitez du mat\u00e9riel inclus pour des activit\u00e9s aquatiques comme le Paddle Surf. Ajoutant une dose d&#8217;aventure \u00e0 votre journ\u00e9e en mer!<\/p>\n<p>\u26f5 La location comprend le carburant et l&#8217;assurance. Eliminant toute pr\u00e9occupation logistique pour que vous puissiez vous d\u00e9tendre et profiter de chaque instant.<\/p>\n<p>\ud83d\udea4 Explorez des criques isol\u00e9es, arr\u00eatez-vous pour plonger dans les eaux cristallines, et laissez le capitaine vous guider vers les plus beaux recoins de la c\u00f4te ibizienne.<\/p>\n<p>\ud83c\udf89 Cr\u00e9ez des souvenirs inoubliables, que ce soit lors d&#8217;une journ\u00e9e d\u00e9tente ou d&#8217;une aventure plus longue en mer.<\/p>\n<p>\ud83c\udf0a R\u00e9servez maintenant et transformez votre journ\u00e9e en une escapade exclusive sur les vagues de la M\u00e9diterran\u00e9e! Avec le confort d&#8217;un catamaran priv\u00e9 rien que pour vous. \ud83c\udf1e\ud83c\udf34 Profitez du luxe, de l&#8217;intimit\u00e9 et des vues imprenables lors de cette exp\u00e9rience maritime exceptionnelle. \ud83d\ude80<\/p>\n","protected":false},"excerpt":{"rendered":"<p>Excursion de 2 heures ou plus en mer M\u00e9diterran\u00e9e. D\u00e9part \u00e0 Sant Antonio. Possibilit\u00e9 de destination dans un Beach Club \u00e0 Platja d&#8217;Embossa, avec transport priv\u00e9 inclus pour le retour.<\/p>\n","protected":false},"featured_media":1785,"comment_status":"open","ping_status":"closed","template":"","meta":{"_et_pb_use_builder":"","_et_pb_old_content":"","_et_gb_content_width":""},"product_brand":[],"product_cat":[113],"product_tag":[336,337,127,338],"class_list":{"0":"post-266","1":"product","2":"type-product","3":"status-publish","4":"has-post-thumbnail","6":"product_cat-ibiza","7":"product_tag-catamaran-a-ibiza","8":"product_tag-location-de-catamarans-a-ibiza","9":"product_tag-private-catamaran-ibiza","10":"product_tag-rent-boats-ibiza","12":"first","13":"instock","14":"virtual","15":"product-type-simple"},"yoast_head":"<!-- This site is optimized with the Yoast SEO plugin v26.4 - https:\/\/yoast.com\/wordpress\/plugins\/seo\/ -->\n<title>Catamaran priv\u00e9 \u00e0 Ibiza<\/title>\n<meta name=\"description\" content=\"Catamaran priv\u00e9 \u00e0 Ibiza. Passez quatre \u00e0 huit heures sur un bateau priv\u00e9 avec vos amis. Il y a des \u00e9quipements pour les activit\u00e9s nautiques.\" \/>\n<meta name=\"robots\" content=\"index, follow, max-snippet:-1, max-image-preview:large, max-video-preview:-1\" \/>\n<link rel=\"canonical\" href=\"https:\/\/stagpartynight.com\/fr\/product\/catamaran-prive-a-ibiza\/\" \/>\n<meta property=\"og:locale\" content=\"en_GB\" \/>\n<meta property=\"og:type\" content=\"article\" \/>\n<meta property=\"og:title\" content=\"Catamaran priv\u00e9 \u00e0 Ibiza\" \/>\n<meta property=\"og:description\" content=\"Catamaran priv\u00e9 \u00e0 Ibiza. Passez quatre \u00e0 huit heures sur un bateau priv\u00e9 avec vos amis. Il y a des \u00e9quipements pour les activit\u00e9s nautiques.\" \/>\n<meta property=\"og:url\" content=\"https:\/\/stagpartynight.com\/fr\/product\/catamaran-prive-a-ibiza\/\" \/>\n<meta property=\"og:site_name\" content=\"Nuit de f\u00eate de cerf\" \/>\n<meta property=\"article:modified_time\" content=\"2023-12-21T10:31:30+00:00\" \/>\n<meta property=\"og:image\" content=\"https:\/\/stagpartynight.com\/fr\/wp-content\/uploads\/sites\/3\/2020\/01\/Catamaran.jpg\" \/>\n\t<meta property=\"og:image:width\" content=\"640\" \/>\n\t<meta property=\"og:image:height\" content=\"428\" \/>\n\t<meta property=\"og:image:type\" content=\"image\/jpeg\" \/>\n<meta name=\"twitter:card\" content=\"summary_large_image\" \/>\n<meta name=\"twitter:label1\" content=\"Estimated reading time\" \/>\n\t<meta name=\"twitter:data1\" content=\"1 minute\" \/>\n<script type=\"application\/ld+json\" class=\"yoast-schema-graph\">{\"@context\":\"https:\/\/schema.org\",\"@graph\":[{\"@type\":\"WebPage\",\"@id\":\"https:\/\/stagpartynight.com\/fr\/product\/catamaran-prive-a-ibiza\/\",\"url\":\"https:\/\/stagpartynight.com\/fr\/product\/catamaran-prive-a-ibiza\/\",\"name\":\"Catamaran priv\u00e9 \u00e0 Ibiza\",\"isPartOf\":{\"@id\":\"https:\/\/stagpartynight.com\/fr\/#website\"},\"primaryImageOfPage\":{\"@id\":\"https:\/\/stagpartynight.com\/fr\/product\/catamaran-prive-a-ibiza\/#primaryimage\"},\"image\":{\"@id\":\"https:\/\/stagpartynight.com\/fr\/product\/catamaran-prive-a-ibiza\/#primaryimage\"},\"thumbnailUrl\":\"https:\/\/stagpartynight.com\/fr\/wp-content\/uploads\/sites\/3\/2020\/01\/Catamaran.jpg\",\"datePublished\":\"2020-01-08T13:35:14+00:00\",\"dateModified\":\"2023-12-21T10:31:30+00:00\",\"description\":\"Catamaran priv\u00e9 \u00e0 Ibiza. Passez quatre \u00e0 huit heures sur un bateau priv\u00e9 avec vos amis. Il y a des \u00e9quipements pour les activit\u00e9s nautiques.\",\"breadcrumb\":{\"@id\":\"https:\/\/stagpartynight.com\/fr\/product\/catamaran-prive-a-ibiza\/#breadcrumb\"},\"inLanguage\":\"en-GB\",\"potentialAction\":[{\"@type\":\"ReadAction\",\"target\":[\"https:\/\/stagpartynight.com\/fr\/product\/catamaran-prive-a-ibiza\/\"]}]},{\"@type\":\"ImageObject\",\"inLanguage\":\"en-GB\",\"@id\":\"https:\/\/stagpartynight.com\/fr\/product\/catamaran-prive-a-ibiza\/#primaryimage\",\"url\":\"https:\/\/stagpartynight.com\/fr\/wp-content\/uploads\/sites\/3\/2020\/01\/Catamaran.jpg\",\"contentUrl\":\"https:\/\/stagpartynight.com\/fr\/wp-content\/uploads\/sites\/3\/2020\/01\/Catamaran.jpg\",\"width\":640,\"height\":428,\"caption\":\"Catamaran priv\u00e9 \u00e0 Ibiza.\"},{\"@type\":\"BreadcrumbList\",\"@id\":\"https:\/\/stagpartynight.com\/fr\/product\/catamaran-prive-a-ibiza\/#breadcrumb\",\"itemListElement\":[{\"@type\":\"ListItem\",\"position\":1,\"name\":\"Home\",\"item\":\"https:\/\/stagpartynight.com\/fr\/\"},{\"@type\":\"ListItem\",\"position\":2,\"name\":\"Tienda\",\"item\":\"https:\/\/stagpartynight.com\/fr\/tienda\/\"},{\"@type\":\"ListItem\",\"position\":3,\"name\":\"Catamaran priv\u00e9 \u00e0 Ibiza\"}]},{\"@type\":\"WebSite\",\"@id\":\"https:\/\/stagpartynight.com\/fr\/#website\",\"url\":\"https:\/\/stagpartynight.com\/fr\/\",\"name\":\"Stag Party Night\",\"description\":\"Your Stag Party Customized\",\"publisher\":{\"@id\":\"https:\/\/stagpartynight.com\/fr\/#organization\"},\"potentialAction\":[{\"@type\":\"SearchAction\",\"target\":{\"@type\":\"EntryPoint\",\"urlTemplate\":\"https:\/\/stagpartynight.com\/fr\/?s={search_term_string}\"},\"query-input\":{\"@type\":\"PropertyValueSpecification\",\"valueRequired\":true,\"valueName\":\"search_term_string\"}}],\"inLanguage\":\"en-GB\"},{\"@type\":\"Organization\",\"@id\":\"https:\/\/stagpartynight.com\/fr\/#organization\",\"name\":\"Stag Party Night\",\"url\":\"https:\/\/stagpartynight.com\/fr\/\",\"logo\":{\"@type\":\"ImageObject\",\"inLanguage\":\"en-GB\",\"@id\":\"https:\/\/stagpartynight.com\/fr\/#\/schema\/logo\/image\/\",\"url\":\"https:\/\/stagpartynight.com\/fr\/wp-content\/uploads\/sites\/3\/2019\/12\/stagpartynight-e1578565505687.png\",\"contentUrl\":\"https:\/\/stagpartynight.com\/fr\/wp-content\/uploads\/sites\/3\/2019\/12\/stagpartynight-e1578565505687.png\",\"width\":400,\"height\":400,\"caption\":\"Stag Party Night\"},\"image\":{\"@id\":\"https:\/\/stagpartynight.com\/fr\/#\/schema\/logo\/image\/\"}}]}<\/script>\n<!-- \/ Yoast SEO plugin. -->","yoast_head_json":{"title":"Catamaran priv\u00e9 \u00e0 Ibiza","description":"Catamaran priv\u00e9 \u00e0 Ibiza. Passez quatre \u00e0 huit heures sur un bateau priv\u00e9 avec vos amis. Il y a des \u00e9quipements pour les activit\u00e9s nautiques.","robots":{"index":"index","follow":"follow","max-snippet":"max-snippet:-1","max-image-preview":"max-image-preview:large","max-video-preview":"max-video-preview:-1"},"canonical":"https:\/\/stagpartynight.com\/fr\/product\/catamaran-prive-a-ibiza\/","og_locale":"en_GB","og_type":"article","og_title":"Catamaran priv\u00e9 \u00e0 Ibiza","og_description":"Catamaran priv\u00e9 \u00e0 Ibiza. Passez quatre \u00e0 huit heures sur un bateau priv\u00e9 avec vos amis. Il y a des \u00e9quipements pour les activit\u00e9s nautiques.","og_url":"https:\/\/stagpartynight.com\/fr\/product\/catamaran-prive-a-ibiza\/","og_site_name":"Nuit de f\u00eate de cerf","article_modified_time":"2023-12-21T10:31:30+00:00","og_image":[{"width":640,"height":428,"url":"https:\/\/stagpartynight.com\/fr\/wp-content\/uploads\/sites\/3\/2020\/01\/Catamaran.jpg","type":"image\/jpeg"}],"twitter_card":"summary_large_image","twitter_misc":{"Estimated reading time":"1 minute"},"schema":{"@context":"https:\/\/schema.org","@graph":[{"@type":"WebPage","@id":"https:\/\/stagpartynight.com\/fr\/product\/catamaran-prive-a-ibiza\/","url":"https:\/\/stagpartynight.com\/fr\/product\/catamaran-prive-a-ibiza\/","name":"Catamaran priv\u00e9 \u00e0 Ibiza","isPartOf":{"@id":"https:\/\/stagpartynight.com\/fr\/#website"},"primaryImageOfPage":{"@id":"https:\/\/stagpartynight.com\/fr\/product\/catamaran-prive-a-ibiza\/#primaryimage"},"image":{"@id":"https:\/\/stagpartynight.com\/fr\/product\/catamaran-prive-a-ibiza\/#primaryimage"},"thumbnailUrl":"https:\/\/stagpartynight.com\/fr\/wp-content\/uploads\/sites\/3\/2020\/01\/Catamaran.jpg","datePublished":"2020-01-08T13:35:14+00:00","dateModified":"2023-12-21T10:31:30+00:00","description":"Catamaran priv\u00e9 \u00e0 Ibiza. Passez quatre \u00e0 huit heures sur un bateau priv\u00e9 avec vos amis. Il y a des \u00e9quipements pour les activit\u00e9s nautiques.","breadcrumb":{"@id":"https:\/\/stagpartynight.com\/fr\/product\/catamaran-prive-a-ibiza\/#breadcrumb"},"inLanguage":"en-GB","potentialAction":[{"@type":"ReadAction","target":["https:\/\/stagpartynight.com\/fr\/product\/catamaran-prive-a-ibiza\/"]}]},{"@type":"ImageObject","inLanguage":"en-GB","@id":"https:\/\/stagpartynight.com\/fr\/product\/catamaran-prive-a-ibiza\/#primaryimage","url":"https:\/\/stagpartynight.com\/fr\/wp-content\/uploads\/sites\/3\/2020\/01\/Catamaran.jpg","contentUrl":"https:\/\/stagpartynight.com\/fr\/wp-content\/uploads\/sites\/3\/2020\/01\/Catamaran.jpg","width":640,"height":428,"caption":"Catamaran priv\u00e9 \u00e0 Ibiza."},{"@type":"BreadcrumbList","@id":"https:\/\/stagpartynight.com\/fr\/product\/catamaran-prive-a-ibiza\/#breadcrumb","itemListElement":[{"@type":"ListItem","position":1,"name":"Home","item":"https:\/\/stagpartynight.com\/fr\/"},{"@type":"ListItem","position":2,"name":"Tienda","item":"https:\/\/stagpartynight.com\/fr\/tienda\/"},{"@type":"ListItem","position":3,"name":"Catamaran priv\u00e9 \u00e0 Ibiza"}]},{"@type":"WebSite","@id":"https:\/\/stagpartynight.com\/fr\/#website","url":"https:\/\/stagpartynight.com\/fr\/","name":"Stag Party Night","description":"Your Stag Party Customized","publisher":{"@id":"https:\/\/stagpartynight.com\/fr\/#organization"},"potentialAction":[{"@type":"SearchAction","target":{"@type":"EntryPoint","urlTemplate":"https:\/\/stagpartynight.com\/fr\/?s={search_term_string}"},"query-input":{"@type":"PropertyValueSpecification","valueRequired":true,"valueName":"search_term_string"}}],"inLanguage":"en-GB"},{"@type":"Organization","@id":"https:\/\/stagpartynight.com\/fr\/#organization","name":"Stag Party Night","url":"https:\/\/stagpartynight.com\/fr\/","logo":{"@type":"ImageObject","inLanguage":"en-GB","@id":"https:\/\/stagpartynight.com\/fr\/#\/schema\/logo\/image\/","url":"https:\/\/stagpartynight.com\/fr\/wp-content\/uploads\/sites\/3\/2019\/12\/stagpartynight-e1578565505687.png","contentUrl":"https:\/\/stagpartynight.com\/fr\/wp-content\/uploads\/sites\/3\/2019\/12\/stagpartynight-e1578565505687.png","width":400,"height":400,"caption":"Stag Party Night"},"image":{"@id":"https:\/\/stagpartynight.com\/fr\/#\/schema\/logo\/image\/"}}]}},"_links":{"self":[{"href":"https:\/\/stagpartynight.com\/fr\/wp-json\/wp\/v2\/product\/266","targetHints":{"allow":["GET"]}}],"collection":[{"href":"https:\/\/stagpartynight.com\/fr\/wp-json\/wp\/v2\/product"}],"about":[{"href":"https:\/\/stagpartynight.com\/fr\/wp-json\/wp\/v2\/types\/product"}],"replies":[{"embeddable":true,"href":"https:\/\/stagpartynight.com\/fr\/wp-json\/wp\/v2\/comments?post=266"}],"wp:featuredmedia":[{"embeddable":true,"href":"https:\/\/stagpartynight.com\/fr\/wp-json\/wp\/v2\/media\/1785"}],"wp:attachment":[{"href":"https:\/\/stagpartynight.com\/fr\/wp-json\/wp\/v2\/media?parent=266"}],"wp:term":[{"taxonomy":"product_brand","embeddable":true,"href":"https:\/\/stagpartynight.com\/fr\/wp-json\/wp\/v2\/product_brand?post=266"},{"taxonomy":"product_cat","embeddable":true,"href":"https:\/\/stagpartynight.com\/fr\/wp-json\/wp\/v2\/product_cat?post=266"},{"taxonomy":"product_tag","embeddable":true,"href":"https:\/\/stagpartynight.com\/fr\/wp-json\/wp\/v2\/product_tag?post=266"}],"curies":[{"name":"wp","href":"https:\/\/api.w.org\/{rel}","templated":true}]}}