{"id":2661,"date":"2023-12-21T11:13:07","date_gmt":"2023-12-21T10:13:07","guid":{"rendered":"https:\/\/stagpartynight.com\/fr\/?post_type=product&#038;p=2661"},"modified":"2024-01-08T12:46:43","modified_gmt":"2024-01-08T11:46:43","slug":"bateau-au-coucher-du-soleil-a-ibiza","status":"publish","type":"product","link":"https:\/\/stagpartynight.com\/fr\/product\/bateau-au-coucher-du-soleil-a-ibiza\/","title":{"rendered":"Bateau au coucher du soleil \u00e0 Ibiza"},"content":{"rendered":"<p>Bateau au coucher du soleil \u00e0 Ibiza.\u00a0Comprend les boissons \u00e0 volont\u00e9, l&#8217;\u00e9quipement pour les activit\u00e9s nautiques et trois arr\u00eats.<\/p>\n<p>Les meilleurs enterrements de vie de gar\u00e7on avec <a href=\"https:\/\/stagpartynight.com\/\">Stagparty <\/a><\/p>\n<h2>Bateau au coucher du soleil \u00e0 Ibiza<\/h2>\n<h4>\u26f5\ufe0f Coucher de Soleil Enchant\u00e9 \u00e0 Ibiza : Une Aventure Marine de Trois Heures<\/h4>\n<p>Embarquez pour une exp\u00e9rience inoubliable \u00e0 Ibiza avec notre tour en bateau au coucher de soleil. Trois heures d&#8217;excursion vous offrent un m\u00e9lange parfait de d\u00e9tente et d&#8217;aventure, avec des moments magiques \u00e0 chaque tournant.<\/p>\n<p>Explorez la M\u00e9diterran\u00e9e lors de deux arr\u00eats en haute mer, d\u00e9couvrant des criques isol\u00e9es et des eaux cristallines. L&#8217;\u00e9quipement complet pour le snorkel et le paddle surf est inclus, vous permettant de plonger dans les beaut\u00e9s sous-marines de l&#8217;\u00eele blanche.<\/p>\n<p>Le clou de la soir\u00e9e ? Une pause spectaculaire pour admirer le coucher de soleil d&#8217;Ibiza. Savourez chaque nuance de couleurs dans le ciel alors que le soleil se fond dans l&#8217;horizon m\u00e9diterran\u00e9en.<\/p>\n<p>Et pour couronner le tout, profitez de boissons illimit\u00e9es \u00e0 bord, comprenant du cava p\u00e9tillant, de la bi\u00e8re rafra\u00eechissante, de la sangria espagnole, de la Fanta fruit\u00e9e ou simplement de l&#8217;eau pour \u00e9tancher votre soif.<\/p>\n<p>Naviguez \u00e0 bord de notre confortable bateau, ressentez la brise marine et laissez-vous impr\u00e9gner par l&#8217;atmosph\u00e8re relaxante. Cr\u00e9ez des souvenirs m\u00e9morables avec vos proches, partagez des rires et capturez des moments magiques tout au long de cette exp\u00e9rience marine exceptionnelle.<\/p>\n<p>R\u00e9servez maintenant pour un voyage captivant au coucher du soleil \u00e0 <a href=\"https:\/\/es.wikipedia.org\/wiki\/Ibiza\">Ibiza<\/a>. Une aventure o\u00f9 la nature, la d\u00e9tente et la c\u00e9l\u00e9bration se rencontrent sur les vagues de la M\u00e9diterran\u00e9e. \ud83c\udf05\u26f5\ufe0f\ud83e\udd42<\/p>\n","protected":false},"excerpt":{"rendered":"<p>Bateau au coucher du soleil \u00e0 Ibiza.\u00a0Comprend les boissons \u00e0 volont\u00e9, l&#8217;\u00e9quipement pour les activit\u00e9s nautiques et trois arr\u00eats. Les meilleurs enterrements de vie de gar\u00e7on avec Stagparty Bateau au coucher du soleil \u00e0 Ibiza \u26f5\ufe0f Coucher de Soleil Enchant\u00e9 \u00e0 Ibiza : Une Aventure Marine de Trois Heures Embarquez pour une exp\u00e9rience inoubliable \u00e0 [&hellip;]<\/p>\n","protected":false},"featured_media":2662,"comment_status":"open","ping_status":"closed","template":"","meta":{"_et_pb_use_builder":"","_et_pb_old_content":"","_et_gb_content_width":""},"product_brand":[],"product_cat":[218,113],"product_tag":[],"class_list":{"0":"post-2661","1":"product","2":"type-product","3":"status-publish","4":"has-post-thumbnail","6":"product_cat-uncategorised","7":"product_cat-ibiza","9":"first","10":"instock","11":"shipping-taxable","12":"product-type-simple"},"yoast_head":"<!-- This site is optimized with the Yoast SEO plugin v26.4 - https:\/\/yoast.com\/wordpress\/plugins\/seo\/ -->\n<title>Bateau au coucher du soleil \u00e0 Ibiza<\/title>\n<meta name=\"description\" content=\"Bateau au coucher du soleil \u00e0 Ibiza. Comprend les boissons \u00e0 volont\u00e9, l&#039;\u00e9quipement pour les activit\u00e9s nautiques et trois arr\u00eats.\" \/>\n<meta name=\"robots\" content=\"index, follow, max-snippet:-1, max-image-preview:large, max-video-preview:-1\" \/>\n<link rel=\"canonical\" href=\"https:\/\/stagpartynight.com\/fr\/product\/bateau-au-coucher-du-soleil-a-ibiza\/\" \/>\n<meta property=\"og:locale\" content=\"en_GB\" \/>\n<meta property=\"og:type\" content=\"article\" \/>\n<meta property=\"og:title\" content=\"Bateau au coucher du soleil \u00e0 Ibiza\" \/>\n<meta property=\"og:description\" content=\"Bateau au coucher du soleil \u00e0 Ibiza. Comprend les boissons \u00e0 volont\u00e9, l&#039;\u00e9quipement pour les activit\u00e9s nautiques et trois arr\u00eats.\" \/>\n<meta property=\"og:url\" content=\"https:\/\/stagpartynight.com\/fr\/product\/bateau-au-coucher-du-soleil-a-ibiza\/\" \/>\n<meta property=\"og:site_name\" content=\"Nuit de f\u00eate de cerf\" \/>\n<meta property=\"article:modified_time\" content=\"2024-01-08T11:46:43+00:00\" \/>\n<meta property=\"og:image\" content=\"https:\/\/stagpartynight.com\/fr\/wp-content\/uploads\/sites\/3\/2023\/12\/Bateau-au-coucher-du-soleil-a-Ibiza.jpg\" \/>\n\t<meta property=\"og:image:width\" content=\"2016\" \/>\n\t<meta property=\"og:image:height\" content=\"1512\" \/>\n\t<meta property=\"og:image:type\" content=\"image\/jpeg\" \/>\n<meta name=\"twitter:card\" content=\"summary_large_image\" \/>\n<meta name=\"twitter:label1\" content=\"Estimated reading time\" \/>\n\t<meta name=\"twitter:data1\" content=\"2 minutes\" \/>\n<script type=\"application\/ld+json\" class=\"yoast-schema-graph\">{\"@context\":\"https:\/\/schema.org\",\"@graph\":[{\"@type\":\"WebPage\",\"@id\":\"https:\/\/stagpartynight.com\/fr\/product\/bateau-au-coucher-du-soleil-a-ibiza\/\",\"url\":\"https:\/\/stagpartynight.com\/fr\/product\/bateau-au-coucher-du-soleil-a-ibiza\/\",\"name\":\"Bateau au coucher du soleil \u00e0 Ibiza\",\"isPartOf\":{\"@id\":\"https:\/\/stagpartynight.com\/fr\/#website\"},\"primaryImageOfPage\":{\"@id\":\"https:\/\/stagpartynight.com\/fr\/product\/bateau-au-coucher-du-soleil-a-ibiza\/#primaryimage\"},\"image\":{\"@id\":\"https:\/\/stagpartynight.com\/fr\/product\/bateau-au-coucher-du-soleil-a-ibiza\/#primaryimage\"},\"thumbnailUrl\":\"https:\/\/stagpartynight.com\/fr\/wp-content\/uploads\/sites\/3\/2023\/12\/Bateau-au-coucher-du-soleil-a-Ibiza.jpg\",\"datePublished\":\"2023-12-21T10:13:07+00:00\",\"dateModified\":\"2024-01-08T11:46:43+00:00\",\"description\":\"Bateau au coucher du soleil \u00e0 Ibiza. Comprend les boissons \u00e0 volont\u00e9, l'\u00e9quipement pour les activit\u00e9s nautiques et trois arr\u00eats.\",\"breadcrumb\":{\"@id\":\"https:\/\/stagpartynight.com\/fr\/product\/bateau-au-coucher-du-soleil-a-ibiza\/#breadcrumb\"},\"inLanguage\":\"en-GB\",\"potentialAction\":[{\"@type\":\"ReadAction\",\"target\":[\"https:\/\/stagpartynight.com\/fr\/product\/bateau-au-coucher-du-soleil-a-ibiza\/\"]}]},{\"@type\":\"ImageObject\",\"inLanguage\":\"en-GB\",\"@id\":\"https:\/\/stagpartynight.com\/fr\/product\/bateau-au-coucher-du-soleil-a-ibiza\/#primaryimage\",\"url\":\"https:\/\/stagpartynight.com\/fr\/wp-content\/uploads\/sites\/3\/2023\/12\/Bateau-au-coucher-du-soleil-a-Ibiza.jpg\",\"contentUrl\":\"https:\/\/stagpartynight.com\/fr\/wp-content\/uploads\/sites\/3\/2023\/12\/Bateau-au-coucher-du-soleil-a-Ibiza.jpg\",\"width\":2016,\"height\":1512,\"caption\":\"Catamaran priv\u00e9 Majorque\"},{\"@type\":\"BreadcrumbList\",\"@id\":\"https:\/\/stagpartynight.com\/fr\/product\/bateau-au-coucher-du-soleil-a-ibiza\/#breadcrumb\",\"itemListElement\":[{\"@type\":\"ListItem\",\"position\":1,\"name\":\"Home\",\"item\":\"https:\/\/stagpartynight.com\/fr\/\"},{\"@type\":\"ListItem\",\"position\":2,\"name\":\"Tienda\",\"item\":\"https:\/\/stagpartynight.com\/fr\/tienda\/\"},{\"@type\":\"ListItem\",\"position\":3,\"name\":\"Bateau au coucher du soleil \u00e0 Ibiza\"}]},{\"@type\":\"WebSite\",\"@id\":\"https:\/\/stagpartynight.com\/fr\/#website\",\"url\":\"https:\/\/stagpartynight.com\/fr\/\",\"name\":\"Stag Party Night\",\"description\":\"Your Stag Party Customized\",\"publisher\":{\"@id\":\"https:\/\/stagpartynight.com\/fr\/#organization\"},\"potentialAction\":[{\"@type\":\"SearchAction\",\"target\":{\"@type\":\"EntryPoint\",\"urlTemplate\":\"https:\/\/stagpartynight.com\/fr\/?s={search_term_string}\"},\"query-input\":{\"@type\":\"PropertyValueSpecification\",\"valueRequired\":true,\"valueName\":\"search_term_string\"}}],\"inLanguage\":\"en-GB\"},{\"@type\":\"Organization\",\"@id\":\"https:\/\/stagpartynight.com\/fr\/#organization\",\"name\":\"Stag Party Night\",\"url\":\"https:\/\/stagpartynight.com\/fr\/\",\"logo\":{\"@type\":\"ImageObject\",\"inLanguage\":\"en-GB\",\"@id\":\"https:\/\/stagpartynight.com\/fr\/#\/schema\/logo\/image\/\",\"url\":\"https:\/\/stagpartynight.com\/fr\/wp-content\/uploads\/sites\/3\/2019\/12\/stagpartynight-e1578565505687.png\",\"contentUrl\":\"https:\/\/stagpartynight.com\/fr\/wp-content\/uploads\/sites\/3\/2019\/12\/stagpartynight-e1578565505687.png\",\"width\":400,\"height\":400,\"caption\":\"Stag Party Night\"},\"image\":{\"@id\":\"https:\/\/stagpartynight.com\/fr\/#\/schema\/logo\/image\/\"}}]}<\/script>\n<!-- \/ Yoast SEO plugin. -->","yoast_head_json":{"title":"Bateau au coucher du soleil \u00e0 Ibiza","description":"Bateau au coucher du soleil \u00e0 Ibiza. Comprend les boissons \u00e0 volont\u00e9, l'\u00e9quipement pour les activit\u00e9s nautiques et trois arr\u00eats.","robots":{"index":"index","follow":"follow","max-snippet":"max-snippet:-1","max-image-preview":"max-image-preview:large","max-video-preview":"max-video-preview:-1"},"canonical":"https:\/\/stagpartynight.com\/fr\/product\/bateau-au-coucher-du-soleil-a-ibiza\/","og_locale":"en_GB","og_type":"article","og_title":"Bateau au coucher du soleil \u00e0 Ibiza","og_description":"Bateau au coucher du soleil \u00e0 Ibiza. Comprend les boissons \u00e0 volont\u00e9, l'\u00e9quipement pour les activit\u00e9s nautiques et trois arr\u00eats.","og_url":"https:\/\/stagpartynight.com\/fr\/product\/bateau-au-coucher-du-soleil-a-ibiza\/","og_site_name":"Nuit de f\u00eate de cerf","article_modified_time":"2024-01-08T11:46:43+00:00","og_image":[{"width":2016,"height":1512,"url":"https:\/\/stagpartynight.com\/fr\/wp-content\/uploads\/sites\/3\/2023\/12\/Bateau-au-coucher-du-soleil-a-Ibiza.jpg","type":"image\/jpeg"}],"twitter_card":"summary_large_image","twitter_misc":{"Estimated reading time":"2 minutes"},"schema":{"@context":"https:\/\/schema.org","@graph":[{"@type":"WebPage","@id":"https:\/\/stagpartynight.com\/fr\/product\/bateau-au-coucher-du-soleil-a-ibiza\/","url":"https:\/\/stagpartynight.com\/fr\/product\/bateau-au-coucher-du-soleil-a-ibiza\/","name":"Bateau au coucher du soleil \u00e0 Ibiza","isPartOf":{"@id":"https:\/\/stagpartynight.com\/fr\/#website"},"primaryImageOfPage":{"@id":"https:\/\/stagpartynight.com\/fr\/product\/bateau-au-coucher-du-soleil-a-ibiza\/#primaryimage"},"image":{"@id":"https:\/\/stagpartynight.com\/fr\/product\/bateau-au-coucher-du-soleil-a-ibiza\/#primaryimage"},"thumbnailUrl":"https:\/\/stagpartynight.com\/fr\/wp-content\/uploads\/sites\/3\/2023\/12\/Bateau-au-coucher-du-soleil-a-Ibiza.jpg","datePublished":"2023-12-21T10:13:07+00:00","dateModified":"2024-01-08T11:46:43+00:00","description":"Bateau au coucher du soleil \u00e0 Ibiza. Comprend les boissons \u00e0 volont\u00e9, l'\u00e9quipement pour les activit\u00e9s nautiques et trois arr\u00eats.","breadcrumb":{"@id":"https:\/\/stagpartynight.com\/fr\/product\/bateau-au-coucher-du-soleil-a-ibiza\/#breadcrumb"},"inLanguage":"en-GB","potentialAction":[{"@type":"ReadAction","target":["https:\/\/stagpartynight.com\/fr\/product\/bateau-au-coucher-du-soleil-a-ibiza\/"]}]},{"@type":"ImageObject","inLanguage":"en-GB","@id":"https:\/\/stagpartynight.com\/fr\/product\/bateau-au-coucher-du-soleil-a-ibiza\/#primaryimage","url":"https:\/\/stagpartynight.com\/fr\/wp-content\/uploads\/sites\/3\/2023\/12\/Bateau-au-coucher-du-soleil-a-Ibiza.jpg","contentUrl":"https:\/\/stagpartynight.com\/fr\/wp-content\/uploads\/sites\/3\/2023\/12\/Bateau-au-coucher-du-soleil-a-Ibiza.jpg","width":2016,"height":1512,"caption":"Catamaran priv\u00e9 Majorque"},{"@type":"BreadcrumbList","@id":"https:\/\/stagpartynight.com\/fr\/product\/bateau-au-coucher-du-soleil-a-ibiza\/#breadcrumb","itemListElement":[{"@type":"ListItem","position":1,"name":"Home","item":"https:\/\/stagpartynight.com\/fr\/"},{"@type":"ListItem","position":2,"name":"Tienda","item":"https:\/\/stagpartynight.com\/fr\/tienda\/"},{"@type":"ListItem","position":3,"name":"Bateau au coucher du soleil \u00e0 Ibiza"}]},{"@type":"WebSite","@id":"https:\/\/stagpartynight.com\/fr\/#website","url":"https:\/\/stagpartynight.com\/fr\/","name":"Stag Party Night","description":"Your Stag Party Customized","publisher":{"@id":"https:\/\/stagpartynight.com\/fr\/#organization"},"potentialAction":[{"@type":"SearchAction","target":{"@type":"EntryPoint","urlTemplate":"https:\/\/stagpartynight.com\/fr\/?s={search_term_string}"},"query-input":{"@type":"PropertyValueSpecification","valueRequired":true,"valueName":"search_term_string"}}],"inLanguage":"en-GB"},{"@type":"Organization","@id":"https:\/\/stagpartynight.com\/fr\/#organization","name":"Stag Party Night","url":"https:\/\/stagpartynight.com\/fr\/","logo":{"@type":"ImageObject","inLanguage":"en-GB","@id":"https:\/\/stagpartynight.com\/fr\/#\/schema\/logo\/image\/","url":"https:\/\/stagpartynight.com\/fr\/wp-content\/uploads\/sites\/3\/2019\/12\/stagpartynight-e1578565505687.png","contentUrl":"https:\/\/stagpartynight.com\/fr\/wp-content\/uploads\/sites\/3\/2019\/12\/stagpartynight-e1578565505687.png","width":400,"height":400,"caption":"Stag Party Night"},"image":{"@id":"https:\/\/stagpartynight.com\/fr\/#\/schema\/logo\/image\/"}}]}},"_links":{"self":[{"href":"https:\/\/stagpartynight.com\/fr\/wp-json\/wp\/v2\/product\/2661","targetHints":{"allow":["GET"]}}],"collection":[{"href":"https:\/\/stagpartynight.com\/fr\/wp-json\/wp\/v2\/product"}],"about":[{"href":"https:\/\/stagpartynight.com\/fr\/wp-json\/wp\/v2\/types\/product"}],"replies":[{"embeddable":true,"href":"https:\/\/stagpartynight.com\/fr\/wp-json\/wp\/v2\/comments?post=2661"}],"wp:featuredmedia":[{"embeddable":true,"href":"https:\/\/stagpartynight.com\/fr\/wp-json\/wp\/v2\/media\/2662"}],"wp:attachment":[{"href":"https:\/\/stagpartynight.com\/fr\/wp-json\/wp\/v2\/media?parent=2661"}],"wp:term":[{"taxonomy":"product_brand","embeddable":true,"href":"https:\/\/stagpartynight.com\/fr\/wp-json\/wp\/v2\/product_brand?post=2661"},{"taxonomy":"product_cat","embeddable":true,"href":"https:\/\/stagpartynight.com\/fr\/wp-json\/wp\/v2\/product_cat?post=2661"},{"taxonomy":"product_tag","embeddable":true,"href":"https:\/\/stagpartynight.com\/fr\/wp-json\/wp\/v2\/product_tag?post=2661"}],"curies":[{"name":"wp","href":"https:\/\/api.w.org\/{rel}","templated":true}]}}