{"id":2663,"date":"2023-12-21T11:22:24","date_gmt":"2023-12-21T10:22:24","guid":{"rendered":"https:\/\/stagpartynight.com\/fr\/?post_type=product&#038;p=2663"},"modified":"2024-01-08T12:46:42","modified_gmt":"2024-01-08T11:46:42","slug":"flyboard-ibiza","status":"publish","type":"product","link":"https:\/\/stagpartynight.com\/fr\/product\/flyboard-ibiza\/","title":{"rendered":"Flyboard Ibiza"},"content":{"rendered":"<p>Flyboard Ibiza. Flyboard Ibiza. Amusez-vous \u00e0 voler au-dessus de la mer, si vous parvenez \u00e0 garder l&#8217;\u00e9quilibre ! Une sensation unique et inoubliable.<\/p>\n<p>Les meilleurs enterrements de vie de gar\u00e7on avec <a href=\"https:\/\/stagpartynight.com\/\">Stagparty <\/a><\/p>\n<h2>Flyboard Ibiza<\/h2>\n<h4>\ud83d\ude80 Flyboard \u00e0 Ibiza : L&#8217;Exp\u00e9rience Ultime au-Dessus des Eaux Turquoises !<\/h4>\n<p>\u2728 Surpassez les limites de l&#8217;ordinaire avec notre activit\u00e9 \u00e0 Ibiza. Choisissez entre une demi-heure ou une heure d&#8217;adr\u00e9naline pure dans les airs.<\/p>\n<p>\ud83c\udfc4\u200d\u2642\ufe0f Vous devrez ma\u00eetriser l&#8217;art du Flyboard, une activit\u00e9 exigeant \u00e9quilibre et audace. Seuls les plus t\u00e9m\u00e9raires survivent au d\u00e9fi, avec seulement 2% atteignant les cinq premi\u00e8res minutes.<\/p>\n<p>\ud83c\udf0a Survolez les eaux turquoises d&#8217;Ibiza, ressentez la puissance sous vos pieds et vibrez au rythme de l&#8217;aventure. Une exp\u00e9rience unique au c\u0153ur de la M\u00e9diterran\u00e9e.<\/p>\n<p>\ud83d\udd52 Choisissez la dur\u00e9e qui vous convient, mais soyez pr\u00eat \u00e0 \u00eatre \u00e9merveill\u00e9 par l&#8217;intensit\u00e9 de chaque minute pass\u00e9e dans les airs. Une exp\u00e9rience inoubliable vous attend.<\/p>\n<p>\ud83c\udf89 Quoi de plus excitant que de planer au-dessus des eaux de <a href=\"https:\/\/es.wikipedia.org\/wiki\/Ibiza\">l&#8217;\u00eele blanche<\/a> ? R\u00e9servez maintenant pour une dose d&#8217;adr\u00e9naline et cr\u00e9ez des souvenirs qui d\u00e9fient la gravit\u00e9. \ud83d\ude80\ud83d\udca6<\/p>\n<p>R\u00e9servez cette activit\u00e9 d\u00e8s maintenant et testez avec vos amis qui tiendra le plus longtemps dans l&#8217;eau ! Vous ne regretterez pas la mont\u00e9e d&#8217;adr\u00e9naline de cette exp\u00e9rience unique.<\/p>\n<p>&nbsp;<\/p>\n","protected":false},"excerpt":{"rendered":"<p>Flyboard Ibiza. Flyboard Ibiza. Amusez-vous \u00e0 voler au-dessus de la mer, si vous parvenez \u00e0 garder l&#8217;\u00e9quilibre ! Une sensation unique et inoubliable. Les meilleurs enterrements de vie de gar\u00e7on avec Stagparty Flyboard Ibiza \ud83d\ude80 Flyboard \u00e0 Ibiza : L&#8217;Exp\u00e9rience Ultime au-Dessus des Eaux Turquoises ! \u2728 Surpassez les limites de l&#8217;ordinaire avec notre activit\u00e9 [&hellip;]<\/p>\n","protected":false},"featured_media":2664,"comment_status":"open","ping_status":"closed","template":"","meta":{"_et_pb_use_builder":"","_et_pb_old_content":"","_et_gb_content_width":""},"product_brand":[],"product_cat":[218,113],"product_tag":[],"class_list":{"0":"post-2663","1":"product","2":"type-product","3":"status-publish","4":"has-post-thumbnail","6":"product_cat-uncategorised","7":"product_cat-ibiza","9":"first","10":"instock","11":"shipping-taxable","12":"product-type-simple"},"yoast_head":"<!-- This site is optimized with the Yoast SEO plugin v26.4 - https:\/\/yoast.com\/wordpress\/plugins\/seo\/ -->\n<title>Flyboard Ibiza<\/title>\n<meta name=\"description\" content=\"Flyboard Ibiza. Flyboard Ibiza. Amusez-vous \u00e0 voler au-dessus de la mer, si vous parvenez \u00e0 garder l&#039;\u00e9quilibre ! Une sensation unique et inoubliable.\" \/>\n<meta name=\"robots\" content=\"index, follow, max-snippet:-1, max-image-preview:large, max-video-preview:-1\" \/>\n<link rel=\"canonical\" href=\"https:\/\/stagpartynight.com\/fr\/product\/flyboard-ibiza\/\" \/>\n<meta property=\"og:locale\" content=\"en_GB\" \/>\n<meta property=\"og:type\" content=\"article\" \/>\n<meta property=\"og:title\" content=\"Flyboard Ibiza\" \/>\n<meta property=\"og:description\" content=\"Flyboard Ibiza. Flyboard Ibiza. Amusez-vous \u00e0 voler au-dessus de la mer, si vous parvenez \u00e0 garder l&#039;\u00e9quilibre ! Une sensation unique et inoubliable.\" \/>\n<meta property=\"og:url\" content=\"https:\/\/stagpartynight.com\/fr\/product\/flyboard-ibiza\/\" \/>\n<meta property=\"og:site_name\" content=\"Nuit de f\u00eate de cerf\" \/>\n<meta property=\"article:modified_time\" content=\"2024-01-08T11:46:42+00:00\" \/>\n<meta property=\"og:image\" content=\"https:\/\/stagpartynight.com\/fr\/wp-content\/uploads\/sites\/3\/2023\/12\/Flyboard-Ibiza.jpg\" \/>\n\t<meta property=\"og:image:width\" content=\"612\" \/>\n\t<meta property=\"og:image:height\" content=\"399\" \/>\n\t<meta property=\"og:image:type\" content=\"image\/jpeg\" \/>\n<meta name=\"twitter:card\" content=\"summary_large_image\" \/>\n<meta name=\"twitter:label1\" content=\"Estimated reading time\" \/>\n\t<meta name=\"twitter:data1\" content=\"1 minute\" \/>\n<script type=\"application\/ld+json\" class=\"yoast-schema-graph\">{\"@context\":\"https:\/\/schema.org\",\"@graph\":[{\"@type\":\"WebPage\",\"@id\":\"https:\/\/stagpartynight.com\/fr\/product\/flyboard-ibiza\/\",\"url\":\"https:\/\/stagpartynight.com\/fr\/product\/flyboard-ibiza\/\",\"name\":\"Flyboard Ibiza\",\"isPartOf\":{\"@id\":\"https:\/\/stagpartynight.com\/fr\/#website\"},\"primaryImageOfPage\":{\"@id\":\"https:\/\/stagpartynight.com\/fr\/product\/flyboard-ibiza\/#primaryimage\"},\"image\":{\"@id\":\"https:\/\/stagpartynight.com\/fr\/product\/flyboard-ibiza\/#primaryimage\"},\"thumbnailUrl\":\"https:\/\/stagpartynight.com\/fr\/wp-content\/uploads\/sites\/3\/2023\/12\/Flyboard-Ibiza.jpg\",\"datePublished\":\"2023-12-21T10:22:24+00:00\",\"dateModified\":\"2024-01-08T11:46:42+00:00\",\"description\":\"Flyboard Ibiza. Flyboard Ibiza. Amusez-vous \u00e0 voler au-dessus de la mer, si vous parvenez \u00e0 garder l'\u00e9quilibre ! Une sensation unique et inoubliable.\",\"breadcrumb\":{\"@id\":\"https:\/\/stagpartynight.com\/fr\/product\/flyboard-ibiza\/#breadcrumb\"},\"inLanguage\":\"en-GB\",\"potentialAction\":[{\"@type\":\"ReadAction\",\"target\":[\"https:\/\/stagpartynight.com\/fr\/product\/flyboard-ibiza\/\"]}]},{\"@type\":\"ImageObject\",\"inLanguage\":\"en-GB\",\"@id\":\"https:\/\/stagpartynight.com\/fr\/product\/flyboard-ibiza\/#primaryimage\",\"url\":\"https:\/\/stagpartynight.com\/fr\/wp-content\/uploads\/sites\/3\/2023\/12\/Flyboard-Ibiza.jpg\",\"contentUrl\":\"https:\/\/stagpartynight.com\/fr\/wp-content\/uploads\/sites\/3\/2023\/12\/Flyboard-Ibiza.jpg\",\"width\":612,\"height\":399,\"caption\":\"The new spectacular extreme sport called flyboard, Cambodia.\"},{\"@type\":\"BreadcrumbList\",\"@id\":\"https:\/\/stagpartynight.com\/fr\/product\/flyboard-ibiza\/#breadcrumb\",\"itemListElement\":[{\"@type\":\"ListItem\",\"position\":1,\"name\":\"Home\",\"item\":\"https:\/\/stagpartynight.com\/fr\/\"},{\"@type\":\"ListItem\",\"position\":2,\"name\":\"Tienda\",\"item\":\"https:\/\/stagpartynight.com\/fr\/tienda\/\"},{\"@type\":\"ListItem\",\"position\":3,\"name\":\"Flyboard Ibiza\"}]},{\"@type\":\"WebSite\",\"@id\":\"https:\/\/stagpartynight.com\/fr\/#website\",\"url\":\"https:\/\/stagpartynight.com\/fr\/\",\"name\":\"Stag Party Night\",\"description\":\"Your Stag Party Customized\",\"publisher\":{\"@id\":\"https:\/\/stagpartynight.com\/fr\/#organization\"},\"potentialAction\":[{\"@type\":\"SearchAction\",\"target\":{\"@type\":\"EntryPoint\",\"urlTemplate\":\"https:\/\/stagpartynight.com\/fr\/?s={search_term_string}\"},\"query-input\":{\"@type\":\"PropertyValueSpecification\",\"valueRequired\":true,\"valueName\":\"search_term_string\"}}],\"inLanguage\":\"en-GB\"},{\"@type\":\"Organization\",\"@id\":\"https:\/\/stagpartynight.com\/fr\/#organization\",\"name\":\"Stag Party Night\",\"url\":\"https:\/\/stagpartynight.com\/fr\/\",\"logo\":{\"@type\":\"ImageObject\",\"inLanguage\":\"en-GB\",\"@id\":\"https:\/\/stagpartynight.com\/fr\/#\/schema\/logo\/image\/\",\"url\":\"https:\/\/stagpartynight.com\/fr\/wp-content\/uploads\/sites\/3\/2019\/12\/stagpartynight-e1578565505687.png\",\"contentUrl\":\"https:\/\/stagpartynight.com\/fr\/wp-content\/uploads\/sites\/3\/2019\/12\/stagpartynight-e1578565505687.png\",\"width\":400,\"height\":400,\"caption\":\"Stag Party Night\"},\"image\":{\"@id\":\"https:\/\/stagpartynight.com\/fr\/#\/schema\/logo\/image\/\"}}]}<\/script>\n<!-- \/ Yoast SEO plugin. -->","yoast_head_json":{"title":"Flyboard Ibiza","description":"Flyboard Ibiza. Flyboard Ibiza. Amusez-vous \u00e0 voler au-dessus de la mer, si vous parvenez \u00e0 garder l'\u00e9quilibre ! Une sensation unique et inoubliable.","robots":{"index":"index","follow":"follow","max-snippet":"max-snippet:-1","max-image-preview":"max-image-preview:large","max-video-preview":"max-video-preview:-1"},"canonical":"https:\/\/stagpartynight.com\/fr\/product\/flyboard-ibiza\/","og_locale":"en_GB","og_type":"article","og_title":"Flyboard Ibiza","og_description":"Flyboard Ibiza. Flyboard Ibiza. Amusez-vous \u00e0 voler au-dessus de la mer, si vous parvenez \u00e0 garder l'\u00e9quilibre ! Une sensation unique et inoubliable.","og_url":"https:\/\/stagpartynight.com\/fr\/product\/flyboard-ibiza\/","og_site_name":"Nuit de f\u00eate de cerf","article_modified_time":"2024-01-08T11:46:42+00:00","og_image":[{"width":612,"height":399,"url":"https:\/\/stagpartynight.com\/fr\/wp-content\/uploads\/sites\/3\/2023\/12\/Flyboard-Ibiza.jpg","type":"image\/jpeg"}],"twitter_card":"summary_large_image","twitter_misc":{"Estimated reading time":"1 minute"},"schema":{"@context":"https:\/\/schema.org","@graph":[{"@type":"WebPage","@id":"https:\/\/stagpartynight.com\/fr\/product\/flyboard-ibiza\/","url":"https:\/\/stagpartynight.com\/fr\/product\/flyboard-ibiza\/","name":"Flyboard Ibiza","isPartOf":{"@id":"https:\/\/stagpartynight.com\/fr\/#website"},"primaryImageOfPage":{"@id":"https:\/\/stagpartynight.com\/fr\/product\/flyboard-ibiza\/#primaryimage"},"image":{"@id":"https:\/\/stagpartynight.com\/fr\/product\/flyboard-ibiza\/#primaryimage"},"thumbnailUrl":"https:\/\/stagpartynight.com\/fr\/wp-content\/uploads\/sites\/3\/2023\/12\/Flyboard-Ibiza.jpg","datePublished":"2023-12-21T10:22:24+00:00","dateModified":"2024-01-08T11:46:42+00:00","description":"Flyboard Ibiza. Flyboard Ibiza. Amusez-vous \u00e0 voler au-dessus de la mer, si vous parvenez \u00e0 garder l'\u00e9quilibre ! Une sensation unique et inoubliable.","breadcrumb":{"@id":"https:\/\/stagpartynight.com\/fr\/product\/flyboard-ibiza\/#breadcrumb"},"inLanguage":"en-GB","potentialAction":[{"@type":"ReadAction","target":["https:\/\/stagpartynight.com\/fr\/product\/flyboard-ibiza\/"]}]},{"@type":"ImageObject","inLanguage":"en-GB","@id":"https:\/\/stagpartynight.com\/fr\/product\/flyboard-ibiza\/#primaryimage","url":"https:\/\/stagpartynight.com\/fr\/wp-content\/uploads\/sites\/3\/2023\/12\/Flyboard-Ibiza.jpg","contentUrl":"https:\/\/stagpartynight.com\/fr\/wp-content\/uploads\/sites\/3\/2023\/12\/Flyboard-Ibiza.jpg","width":612,"height":399,"caption":"The new spectacular extreme sport called flyboard, Cambodia."},{"@type":"BreadcrumbList","@id":"https:\/\/stagpartynight.com\/fr\/product\/flyboard-ibiza\/#breadcrumb","itemListElement":[{"@type":"ListItem","position":1,"name":"Home","item":"https:\/\/stagpartynight.com\/fr\/"},{"@type":"ListItem","position":2,"name":"Tienda","item":"https:\/\/stagpartynight.com\/fr\/tienda\/"},{"@type":"ListItem","position":3,"name":"Flyboard Ibiza"}]},{"@type":"WebSite","@id":"https:\/\/stagpartynight.com\/fr\/#website","url":"https:\/\/stagpartynight.com\/fr\/","name":"Stag Party Night","description":"Your Stag Party Customized","publisher":{"@id":"https:\/\/stagpartynight.com\/fr\/#organization"},"potentialAction":[{"@type":"SearchAction","target":{"@type":"EntryPoint","urlTemplate":"https:\/\/stagpartynight.com\/fr\/?s={search_term_string}"},"query-input":{"@type":"PropertyValueSpecification","valueRequired":true,"valueName":"search_term_string"}}],"inLanguage":"en-GB"},{"@type":"Organization","@id":"https:\/\/stagpartynight.com\/fr\/#organization","name":"Stag Party Night","url":"https:\/\/stagpartynight.com\/fr\/","logo":{"@type":"ImageObject","inLanguage":"en-GB","@id":"https:\/\/stagpartynight.com\/fr\/#\/schema\/logo\/image\/","url":"https:\/\/stagpartynight.com\/fr\/wp-content\/uploads\/sites\/3\/2019\/12\/stagpartynight-e1578565505687.png","contentUrl":"https:\/\/stagpartynight.com\/fr\/wp-content\/uploads\/sites\/3\/2019\/12\/stagpartynight-e1578565505687.png","width":400,"height":400,"caption":"Stag Party Night"},"image":{"@id":"https:\/\/stagpartynight.com\/fr\/#\/schema\/logo\/image\/"}}]}},"_links":{"self":[{"href":"https:\/\/stagpartynight.com\/fr\/wp-json\/wp\/v2\/product\/2663","targetHints":{"allow":["GET"]}}],"collection":[{"href":"https:\/\/stagpartynight.com\/fr\/wp-json\/wp\/v2\/product"}],"about":[{"href":"https:\/\/stagpartynight.com\/fr\/wp-json\/wp\/v2\/types\/product"}],"replies":[{"embeddable":true,"href":"https:\/\/stagpartynight.com\/fr\/wp-json\/wp\/v2\/comments?post=2663"}],"wp:featuredmedia":[{"embeddable":true,"href":"https:\/\/stagpartynight.com\/fr\/wp-json\/wp\/v2\/media\/2664"}],"wp:attachment":[{"href":"https:\/\/stagpartynight.com\/fr\/wp-json\/wp\/v2\/media?parent=2663"}],"wp:term":[{"taxonomy":"product_brand","embeddable":true,"href":"https:\/\/stagpartynight.com\/fr\/wp-json\/wp\/v2\/product_brand?post=2663"},{"taxonomy":"product_cat","embeddable":true,"href":"https:\/\/stagpartynight.com\/fr\/wp-json\/wp\/v2\/product_cat?post=2663"},{"taxonomy":"product_tag","embeddable":true,"href":"https:\/\/stagpartynight.com\/fr\/wp-json\/wp\/v2\/product_tag?post=2663"}],"curies":[{"name":"wp","href":"https:\/\/api.w.org\/{rel}","templated":true}]}}