{"id":2665,"date":"2023-12-21T11:37:33","date_gmt":"2023-12-21T10:37:33","guid":{"rendered":"https:\/\/stagpartynight.com\/fr\/?post_type=product&#038;p=2665"},"modified":"2024-01-08T12:46:41","modified_gmt":"2024-01-08T11:46:41","slug":"quad-tour-ibiza","status":"publish","type":"product","link":"https:\/\/stagpartynight.com\/fr\/product\/quad-tour-ibiza\/","title":{"rendered":"Quad Tour Ibiza"},"content":{"rendered":"<p>Quad Tour Ibiza. Le guide vous fera traverser des vall\u00e9es, des montagnes et des endroits incroyables pour une aventure pleine d&#8217;adr\u00e9naline !<\/p>\n<p>Les meilleurs enterrements de vie de gar\u00e7on avec <a href=\"https:\/\/stagpartynight.com\/\">Stagparty <\/a><\/p>\n<h2>Quad Tour Ibiza<\/h2>\n<h4>\ud83c\udfde\ufe0f Exploration Tout-Terrain \u00e0 Ibiza : Conduisez un Quad et D\u00e9couvrez l&#8217;\u00cele Blanche Sous un Nouveau Jour !<\/h4>\n<p>\ud83c\udf04 Embarquez pour un tour unique en quad \u00e0 Ibiza, traversant vall\u00e9es, collines et montagnes.<\/p>\n<p>\ud83d\ude80 Deux heures et demie d&#8217;aventure avec guide, incluant eau, essence, assurance et \u00e9quipement complet.<\/p>\n<p>\ud83d\udca8 Frayez-vous un chemin \u00e0 travers des paysages spectaculaires et impr\u00e9gnez-vous de la beaut\u00e9 naturelle d&#8217;Ibiza.<\/p>\n<p>\ud83c\udfde\ufe0f D\u00e9couvrez des vues \u00e0 couper le souffle, des sentiers hors des sentiers battus et ressentez l&#8217;adr\u00e9naline de conduire un quad. Il n&#8217;y a pas de meilleure exp\u00e9rience \u00e0 <a href=\"https:\/\/es.wikipedia.org\/wiki\/Ibiza\">Ibiza<\/a> que de d\u00e9couvrir ses paysages en quad. L&#8217;exp\u00e9rience peut se faire seul ou \u00e0 deux.<\/p>\n<p>\ud83d\ude97 Osez le quad \u00e0 Ibiza pour une exp\u00e9rience palpitante. R\u00e9servez maintenant et explorez l&#8217;\u00eele d&#8217;une mani\u00e8re in\u00e9dite ! Profitez de chaque virage et mont\u00e9e, vivez l&#8217;aventure \u00e0 plein r\u00e9gime. \ud83c\udf05 D\u00e9fiez les sentiers sinueux, explorez des recoins cach\u00e9s et laissez le quad vous emmener vers une exp\u00e9rience inoubliable. \ud83c\udfce\ufe0f<\/p>\n","protected":false},"excerpt":{"rendered":"<p>Quad Tour Ibiza. Le guide vous fera traverser des vall\u00e9es, des montagnes et des endroits incroyables pour une aventure pleine d&#8217;adr\u00e9naline ! Les meilleurs enterrements de vie de gar\u00e7on avec Stagparty Quad Tour Ibiza \ud83c\udfde\ufe0f Exploration Tout-Terrain \u00e0 Ibiza : Conduisez un Quad et D\u00e9couvrez l&#8217;\u00cele Blanche Sous un Nouveau Jour ! \ud83c\udf04 Embarquez pour [&hellip;]<\/p>\n","protected":false},"featured_media":2666,"comment_status":"open","ping_status":"closed","template":"","meta":{"_et_pb_use_builder":"","_et_pb_old_content":"","_et_gb_content_width":""},"product_brand":[],"product_cat":[218,113],"product_tag":[],"class_list":{"0":"post-2665","1":"product","2":"type-product","3":"status-publish","4":"has-post-thumbnail","6":"product_cat-uncategorised","7":"product_cat-ibiza","9":"first","10":"instock","11":"shipping-taxable","12":"product-type-simple"},"yoast_head":"<!-- This site is optimized with the Yoast SEO plugin v26.4 - https:\/\/yoast.com\/wordpress\/plugins\/seo\/ -->\n<title>Quad Tour Ibiza<\/title>\n<meta name=\"description\" content=\"Quad Tour Ibiza. Le guide vous fera traverser des vall\u00e9es, des montagnes et des endroits incroyables pour une aventure pleine d&#039;adr\u00e9naline !\" \/>\n<meta name=\"robots\" content=\"index, follow, max-snippet:-1, max-image-preview:large, max-video-preview:-1\" \/>\n<link rel=\"canonical\" href=\"https:\/\/stagpartynight.com\/fr\/product\/quad-tour-ibiza\/\" \/>\n<meta property=\"og:locale\" content=\"en_GB\" \/>\n<meta property=\"og:type\" content=\"article\" \/>\n<meta property=\"og:title\" content=\"Quad Tour Ibiza\" \/>\n<meta property=\"og:description\" content=\"Quad Tour Ibiza. Le guide vous fera traverser des vall\u00e9es, des montagnes et des endroits incroyables pour une aventure pleine d&#039;adr\u00e9naline !\" \/>\n<meta property=\"og:url\" content=\"https:\/\/stagpartynight.com\/fr\/product\/quad-tour-ibiza\/\" \/>\n<meta property=\"og:site_name\" content=\"Nuit de f\u00eate de cerf\" \/>\n<meta property=\"article:modified_time\" content=\"2024-01-08T11:46:41+00:00\" \/>\n<meta property=\"og:image\" content=\"https:\/\/stagpartynight.com\/fr\/wp-content\/uploads\/sites\/3\/2023\/12\/Quad-Tour-Ibiza.jpg\" \/>\n\t<meta property=\"og:image:width\" content=\"1280\" \/>\n\t<meta property=\"og:image:height\" content=\"1916\" \/>\n\t<meta property=\"og:image:type\" content=\"image\/jpeg\" \/>\n<meta name=\"twitter:card\" content=\"summary_large_image\" \/>\n<meta name=\"twitter:label1\" content=\"Estimated reading time\" \/>\n\t<meta name=\"twitter:data1\" content=\"1 minute\" \/>\n<script type=\"application\/ld+json\" class=\"yoast-schema-graph\">{\"@context\":\"https:\/\/schema.org\",\"@graph\":[{\"@type\":\"WebPage\",\"@id\":\"https:\/\/stagpartynight.com\/fr\/product\/quad-tour-ibiza\/\",\"url\":\"https:\/\/stagpartynight.com\/fr\/product\/quad-tour-ibiza\/\",\"name\":\"Quad Tour Ibiza\",\"isPartOf\":{\"@id\":\"https:\/\/stagpartynight.com\/fr\/#website\"},\"primaryImageOfPage\":{\"@id\":\"https:\/\/stagpartynight.com\/fr\/product\/quad-tour-ibiza\/#primaryimage\"},\"image\":{\"@id\":\"https:\/\/stagpartynight.com\/fr\/product\/quad-tour-ibiza\/#primaryimage\"},\"thumbnailUrl\":\"https:\/\/stagpartynight.com\/fr\/wp-content\/uploads\/sites\/3\/2023\/12\/Quad-Tour-Ibiza.jpg\",\"datePublished\":\"2023-12-21T10:37:33+00:00\",\"dateModified\":\"2024-01-08T11:46:41+00:00\",\"description\":\"Quad Tour Ibiza. Le guide vous fera traverser des vall\u00e9es, des montagnes et des endroits incroyables pour une aventure pleine d'adr\u00e9naline !\",\"breadcrumb\":{\"@id\":\"https:\/\/stagpartynight.com\/fr\/product\/quad-tour-ibiza\/#breadcrumb\"},\"inLanguage\":\"en-GB\",\"potentialAction\":[{\"@type\":\"ReadAction\",\"target\":[\"https:\/\/stagpartynight.com\/fr\/product\/quad-tour-ibiza\/\"]}]},{\"@type\":\"ImageObject\",\"inLanguage\":\"en-GB\",\"@id\":\"https:\/\/stagpartynight.com\/fr\/product\/quad-tour-ibiza\/#primaryimage\",\"url\":\"https:\/\/stagpartynight.com\/fr\/wp-content\/uploads\/sites\/3\/2023\/12\/Quad-Tour-Ibiza.jpg\",\"contentUrl\":\"https:\/\/stagpartynight.com\/fr\/wp-content\/uploads\/sites\/3\/2023\/12\/Quad-Tour-Ibiza.jpg\",\"width\":1280,\"height\":1916,\"caption\":\"Quad Tour Ibiza\"},{\"@type\":\"BreadcrumbList\",\"@id\":\"https:\/\/stagpartynight.com\/fr\/product\/quad-tour-ibiza\/#breadcrumb\",\"itemListElement\":[{\"@type\":\"ListItem\",\"position\":1,\"name\":\"Home\",\"item\":\"https:\/\/stagpartynight.com\/fr\/\"},{\"@type\":\"ListItem\",\"position\":2,\"name\":\"Tienda\",\"item\":\"https:\/\/stagpartynight.com\/fr\/tienda\/\"},{\"@type\":\"ListItem\",\"position\":3,\"name\":\"Quad Tour Ibiza\"}]},{\"@type\":\"WebSite\",\"@id\":\"https:\/\/stagpartynight.com\/fr\/#website\",\"url\":\"https:\/\/stagpartynight.com\/fr\/\",\"name\":\"Stag Party Night\",\"description\":\"Your Stag Party Customized\",\"publisher\":{\"@id\":\"https:\/\/stagpartynight.com\/fr\/#organization\"},\"potentialAction\":[{\"@type\":\"SearchAction\",\"target\":{\"@type\":\"EntryPoint\",\"urlTemplate\":\"https:\/\/stagpartynight.com\/fr\/?s={search_term_string}\"},\"query-input\":{\"@type\":\"PropertyValueSpecification\",\"valueRequired\":true,\"valueName\":\"search_term_string\"}}],\"inLanguage\":\"en-GB\"},{\"@type\":\"Organization\",\"@id\":\"https:\/\/stagpartynight.com\/fr\/#organization\",\"name\":\"Stag Party Night\",\"url\":\"https:\/\/stagpartynight.com\/fr\/\",\"logo\":{\"@type\":\"ImageObject\",\"inLanguage\":\"en-GB\",\"@id\":\"https:\/\/stagpartynight.com\/fr\/#\/schema\/logo\/image\/\",\"url\":\"https:\/\/stagpartynight.com\/fr\/wp-content\/uploads\/sites\/3\/2019\/12\/stagpartynight-e1578565505687.png\",\"contentUrl\":\"https:\/\/stagpartynight.com\/fr\/wp-content\/uploads\/sites\/3\/2019\/12\/stagpartynight-e1578565505687.png\",\"width\":400,\"height\":400,\"caption\":\"Stag Party Night\"},\"image\":{\"@id\":\"https:\/\/stagpartynight.com\/fr\/#\/schema\/logo\/image\/\"}}]}<\/script>\n<!-- \/ Yoast SEO plugin. -->","yoast_head_json":{"title":"Quad Tour Ibiza","description":"Quad Tour Ibiza. Le guide vous fera traverser des vall\u00e9es, des montagnes et des endroits incroyables pour une aventure pleine d'adr\u00e9naline !","robots":{"index":"index","follow":"follow","max-snippet":"max-snippet:-1","max-image-preview":"max-image-preview:large","max-video-preview":"max-video-preview:-1"},"canonical":"https:\/\/stagpartynight.com\/fr\/product\/quad-tour-ibiza\/","og_locale":"en_GB","og_type":"article","og_title":"Quad Tour Ibiza","og_description":"Quad Tour Ibiza. Le guide vous fera traverser des vall\u00e9es, des montagnes et des endroits incroyables pour une aventure pleine d'adr\u00e9naline !","og_url":"https:\/\/stagpartynight.com\/fr\/product\/quad-tour-ibiza\/","og_site_name":"Nuit de f\u00eate de cerf","article_modified_time":"2024-01-08T11:46:41+00:00","og_image":[{"width":1280,"height":1916,"url":"https:\/\/stagpartynight.com\/fr\/wp-content\/uploads\/sites\/3\/2023\/12\/Quad-Tour-Ibiza.jpg","type":"image\/jpeg"}],"twitter_card":"summary_large_image","twitter_misc":{"Estimated reading time":"1 minute"},"schema":{"@context":"https:\/\/schema.org","@graph":[{"@type":"WebPage","@id":"https:\/\/stagpartynight.com\/fr\/product\/quad-tour-ibiza\/","url":"https:\/\/stagpartynight.com\/fr\/product\/quad-tour-ibiza\/","name":"Quad Tour Ibiza","isPartOf":{"@id":"https:\/\/stagpartynight.com\/fr\/#website"},"primaryImageOfPage":{"@id":"https:\/\/stagpartynight.com\/fr\/product\/quad-tour-ibiza\/#primaryimage"},"image":{"@id":"https:\/\/stagpartynight.com\/fr\/product\/quad-tour-ibiza\/#primaryimage"},"thumbnailUrl":"https:\/\/stagpartynight.com\/fr\/wp-content\/uploads\/sites\/3\/2023\/12\/Quad-Tour-Ibiza.jpg","datePublished":"2023-12-21T10:37:33+00:00","dateModified":"2024-01-08T11:46:41+00:00","description":"Quad Tour Ibiza. Le guide vous fera traverser des vall\u00e9es, des montagnes et des endroits incroyables pour une aventure pleine d'adr\u00e9naline !","breadcrumb":{"@id":"https:\/\/stagpartynight.com\/fr\/product\/quad-tour-ibiza\/#breadcrumb"},"inLanguage":"en-GB","potentialAction":[{"@type":"ReadAction","target":["https:\/\/stagpartynight.com\/fr\/product\/quad-tour-ibiza\/"]}]},{"@type":"ImageObject","inLanguage":"en-GB","@id":"https:\/\/stagpartynight.com\/fr\/product\/quad-tour-ibiza\/#primaryimage","url":"https:\/\/stagpartynight.com\/fr\/wp-content\/uploads\/sites\/3\/2023\/12\/Quad-Tour-Ibiza.jpg","contentUrl":"https:\/\/stagpartynight.com\/fr\/wp-content\/uploads\/sites\/3\/2023\/12\/Quad-Tour-Ibiza.jpg","width":1280,"height":1916,"caption":"Quad Tour Ibiza"},{"@type":"BreadcrumbList","@id":"https:\/\/stagpartynight.com\/fr\/product\/quad-tour-ibiza\/#breadcrumb","itemListElement":[{"@type":"ListItem","position":1,"name":"Home","item":"https:\/\/stagpartynight.com\/fr\/"},{"@type":"ListItem","position":2,"name":"Tienda","item":"https:\/\/stagpartynight.com\/fr\/tienda\/"},{"@type":"ListItem","position":3,"name":"Quad Tour Ibiza"}]},{"@type":"WebSite","@id":"https:\/\/stagpartynight.com\/fr\/#website","url":"https:\/\/stagpartynight.com\/fr\/","name":"Stag Party Night","description":"Your Stag Party Customized","publisher":{"@id":"https:\/\/stagpartynight.com\/fr\/#organization"},"potentialAction":[{"@type":"SearchAction","target":{"@type":"EntryPoint","urlTemplate":"https:\/\/stagpartynight.com\/fr\/?s={search_term_string}"},"query-input":{"@type":"PropertyValueSpecification","valueRequired":true,"valueName":"search_term_string"}}],"inLanguage":"en-GB"},{"@type":"Organization","@id":"https:\/\/stagpartynight.com\/fr\/#organization","name":"Stag Party Night","url":"https:\/\/stagpartynight.com\/fr\/","logo":{"@type":"ImageObject","inLanguage":"en-GB","@id":"https:\/\/stagpartynight.com\/fr\/#\/schema\/logo\/image\/","url":"https:\/\/stagpartynight.com\/fr\/wp-content\/uploads\/sites\/3\/2019\/12\/stagpartynight-e1578565505687.png","contentUrl":"https:\/\/stagpartynight.com\/fr\/wp-content\/uploads\/sites\/3\/2019\/12\/stagpartynight-e1578565505687.png","width":400,"height":400,"caption":"Stag Party Night"},"image":{"@id":"https:\/\/stagpartynight.com\/fr\/#\/schema\/logo\/image\/"}}]}},"_links":{"self":[{"href":"https:\/\/stagpartynight.com\/fr\/wp-json\/wp\/v2\/product\/2665","targetHints":{"allow":["GET"]}}],"collection":[{"href":"https:\/\/stagpartynight.com\/fr\/wp-json\/wp\/v2\/product"}],"about":[{"href":"https:\/\/stagpartynight.com\/fr\/wp-json\/wp\/v2\/types\/product"}],"replies":[{"embeddable":true,"href":"https:\/\/stagpartynight.com\/fr\/wp-json\/wp\/v2\/comments?post=2665"}],"wp:featuredmedia":[{"embeddable":true,"href":"https:\/\/stagpartynight.com\/fr\/wp-json\/wp\/v2\/media\/2666"}],"wp:attachment":[{"href":"https:\/\/stagpartynight.com\/fr\/wp-json\/wp\/v2\/media?parent=2665"}],"wp:term":[{"taxonomy":"product_brand","embeddable":true,"href":"https:\/\/stagpartynight.com\/fr\/wp-json\/wp\/v2\/product_brand?post=2665"},{"taxonomy":"product_cat","embeddable":true,"href":"https:\/\/stagpartynight.com\/fr\/wp-json\/wp\/v2\/product_cat?post=2665"},{"taxonomy":"product_tag","embeddable":true,"href":"https:\/\/stagpartynight.com\/fr\/wp-json\/wp\/v2\/product_tag?post=2665"}],"curies":[{"name":"wp","href":"https:\/\/api.w.org\/{rel}","templated":true}]}}