{"id":2667,"date":"2023-12-21T11:43:27","date_gmt":"2023-12-21T10:43:27","guid":{"rendered":"https:\/\/stagpartynight.com\/fr\/?post_type=product&#038;p=2667"},"modified":"2024-01-08T12:46:41","modified_gmt":"2024-01-08T11:46:41","slug":"vespa-tour-ibiza","status":"publish","type":"product","link":"https:\/\/stagpartynight.com\/fr\/product\/vespa-tour-ibiza\/","title":{"rendered":"Vespa Tour Ibiza"},"content":{"rendered":"<p>Vespa Tour Ibiza. Visitez la belle \u00eele d&#8217;Ibiza pendant quatre heures sur un scooter Vespa. Vous pouvez partir seul ou \u00e0 deux.<\/p>\n<p>Les meilleurs enterrements de vie de gar\u00e7on avec <a href=\"https:\/\/stagpartynight.com\/\">StagParty<\/a><\/p>\n<h2>Vespa Tour Ibiza<\/h2>\n<h4>\ud83c\udfcd\ufe0f Exploration Vesp\u00e9rale \u00e0 Ibiza : Vivez l&#8217;Aventure en Vespa dans l&#8217;\u00cele Blanche !<\/h4>\n<p>\ud83c\udf05 Partez \u00e0 la d\u00e9couverte d&#8217;Ibiza lors d&#8217;un tour en Vespa, une aventure pittoresque de quatre heures.<\/p>\n<p>\ud83d\udef5 Avec un guide expert, explorez l&#8217;\u00eele au guidon de votre propre Vespa, essence, assurance et \u00e9quipement inclus.<\/p>\n<p>\ud83d\udca6 Admirez des paysages \u00e0 couper le souffle, explorez des recoins cach\u00e9s et ressentez la brise m\u00e9diterran\u00e9enne.<\/p>\n<p>\ud83d\udc6b Option solo ou en couple, partagez la conduite \u00e0 votre rythme, cr\u00e9ant des souvenirs \u00e0 deux. Pr\u00e9f\u00e9rez-vous profiter <a href=\"https:\/\/es.wikipedia.org\/wiki\/Ibiza\">d&#8217;Ibiza<\/a> en conduisant tout le temps ou en vous relayant avec votre partenaire ?<\/p>\n<p>\ud83c\udf1e Une exp\u00e9rience unique, vivez la libert\u00e9 absolue de conduire une Vespa \u00e0 travers les ruelles charmantes d&#8217;Ibiza.<\/p>\n<p>\ud83c\udfde\ufe0f R\u00e9servez maintenant pour une escapade inoubliable, une exploration intime et authentique de l&#8217;\u00eele pittoresque en Vespa. \ud83c\udf34 Profitez du charme de chaque virage, laissez-vous s\u00e9duire par la richesse culturelle d&#8217;Ibiza, et cr\u00e9ez des souvenirs durables. \ud83c\uddeb\ud83c\uddf7 Explorez des plages paisibles, des march\u00e9s anim\u00e9s et des vues panoramiques pour une journ\u00e9e parfaite en Vespa. \ud83c\udfd6\ufe0f<\/p>\n","protected":false},"excerpt":{"rendered":"<p>Vespa Tour Ibiza. Visitez la belle \u00eele d&#8217;Ibiza pendant quatre heures sur un scooter Vespa. Vous pouvez partir seul ou \u00e0 deux. Les meilleurs enterrements de vie de gar\u00e7on avec StagParty Vespa Tour Ibiza \ud83c\udfcd\ufe0f Exploration Vesp\u00e9rale \u00e0 Ibiza : Vivez l&#8217;Aventure en Vespa dans l&#8217;\u00cele Blanche ! \ud83c\udf05 Partez \u00e0 la d\u00e9couverte d&#8217;Ibiza lors [&hellip;]<\/p>\n","protected":false},"featured_media":2668,"comment_status":"open","ping_status":"closed","template":"","meta":{"_et_pb_use_builder":"","_et_pb_old_content":"","_et_gb_content_width":""},"product_brand":[],"product_cat":[218,113],"product_tag":[],"class_list":{"0":"post-2667","1":"product","2":"type-product","3":"status-publish","4":"has-post-thumbnail","6":"product_cat-uncategorised","7":"product_cat-ibiza","9":"first","10":"instock","11":"shipping-taxable","12":"product-type-simple"},"yoast_head":"<!-- This site is optimized with the Yoast SEO plugin v26.4 - https:\/\/yoast.com\/wordpress\/plugins\/seo\/ -->\n<title>Vespa Tour Ibiza<\/title>\n<meta name=\"description\" content=\"Vespa Tour Ibiza. Visitez la belle \u00eele d&#039;Ibiza pendant quatre heures sur un scooter Vespa. Vous pouvez partir seul ou \u00e0 deux.\" \/>\n<meta name=\"robots\" content=\"index, follow, max-snippet:-1, max-image-preview:large, max-video-preview:-1\" \/>\n<link rel=\"canonical\" href=\"https:\/\/stagpartynight.com\/fr\/product\/vespa-tour-ibiza\/\" \/>\n<meta property=\"og:locale\" content=\"en_GB\" \/>\n<meta property=\"og:type\" content=\"article\" \/>\n<meta property=\"og:title\" content=\"Vespa Tour Ibiza\" \/>\n<meta property=\"og:description\" content=\"Vespa Tour Ibiza. Visitez la belle \u00eele d&#039;Ibiza pendant quatre heures sur un scooter Vespa. Vous pouvez partir seul ou \u00e0 deux.\" \/>\n<meta property=\"og:url\" content=\"https:\/\/stagpartynight.com\/fr\/product\/vespa-tour-ibiza\/\" \/>\n<meta property=\"og:site_name\" content=\"Nuit de f\u00eate de cerf\" \/>\n<meta property=\"article:modified_time\" content=\"2024-01-08T11:46:41+00:00\" \/>\n<meta property=\"og:image\" content=\"https:\/\/stagpartynight.com\/fr\/wp-content\/uploads\/sites\/3\/2023\/12\/Vespa-Tour-Ibiza.jpg\" \/>\n\t<meta property=\"og:image:width\" content=\"1279\" \/>\n\t<meta property=\"og:image:height\" content=\"853\" \/>\n\t<meta property=\"og:image:type\" content=\"image\/jpeg\" \/>\n<meta name=\"twitter:card\" content=\"summary_large_image\" \/>\n<meta name=\"twitter:label1\" content=\"Estimated reading time\" \/>\n\t<meta name=\"twitter:data1\" content=\"1 minute\" \/>\n<script type=\"application\/ld+json\" class=\"yoast-schema-graph\">{\"@context\":\"https:\/\/schema.org\",\"@graph\":[{\"@type\":\"WebPage\",\"@id\":\"https:\/\/stagpartynight.com\/fr\/product\/vespa-tour-ibiza\/\",\"url\":\"https:\/\/stagpartynight.com\/fr\/product\/vespa-tour-ibiza\/\",\"name\":\"Vespa Tour Ibiza\",\"isPartOf\":{\"@id\":\"https:\/\/stagpartynight.com\/fr\/#website\"},\"primaryImageOfPage\":{\"@id\":\"https:\/\/stagpartynight.com\/fr\/product\/vespa-tour-ibiza\/#primaryimage\"},\"image\":{\"@id\":\"https:\/\/stagpartynight.com\/fr\/product\/vespa-tour-ibiza\/#primaryimage\"},\"thumbnailUrl\":\"https:\/\/stagpartynight.com\/fr\/wp-content\/uploads\/sites\/3\/2023\/12\/Vespa-Tour-Ibiza.jpg\",\"datePublished\":\"2023-12-21T10:43:27+00:00\",\"dateModified\":\"2024-01-08T11:46:41+00:00\",\"description\":\"Vespa Tour Ibiza. Visitez la belle \u00eele d'Ibiza pendant quatre heures sur un scooter Vespa. Vous pouvez partir seul ou \u00e0 deux.\",\"breadcrumb\":{\"@id\":\"https:\/\/stagpartynight.com\/fr\/product\/vespa-tour-ibiza\/#breadcrumb\"},\"inLanguage\":\"en-GB\",\"potentialAction\":[{\"@type\":\"ReadAction\",\"target\":[\"https:\/\/stagpartynight.com\/fr\/product\/vespa-tour-ibiza\/\"]}]},{\"@type\":\"ImageObject\",\"inLanguage\":\"en-GB\",\"@id\":\"https:\/\/stagpartynight.com\/fr\/product\/vespa-tour-ibiza\/#primaryimage\",\"url\":\"https:\/\/stagpartynight.com\/fr\/wp-content\/uploads\/sites\/3\/2023\/12\/Vespa-Tour-Ibiza.jpg\",\"contentUrl\":\"https:\/\/stagpartynight.com\/fr\/wp-content\/uploads\/sites\/3\/2023\/12\/Vespa-Tour-Ibiza.jpg\",\"width\":1279,\"height\":853,\"caption\":\"Vespa Tour Ibiza\"},{\"@type\":\"BreadcrumbList\",\"@id\":\"https:\/\/stagpartynight.com\/fr\/product\/vespa-tour-ibiza\/#breadcrumb\",\"itemListElement\":[{\"@type\":\"ListItem\",\"position\":1,\"name\":\"Home\",\"item\":\"https:\/\/stagpartynight.com\/fr\/\"},{\"@type\":\"ListItem\",\"position\":2,\"name\":\"Tienda\",\"item\":\"https:\/\/stagpartynight.com\/fr\/tienda\/\"},{\"@type\":\"ListItem\",\"position\":3,\"name\":\"Vespa Tour Ibiza\"}]},{\"@type\":\"WebSite\",\"@id\":\"https:\/\/stagpartynight.com\/fr\/#website\",\"url\":\"https:\/\/stagpartynight.com\/fr\/\",\"name\":\"Stag Party Night\",\"description\":\"Your Stag Party Customized\",\"publisher\":{\"@id\":\"https:\/\/stagpartynight.com\/fr\/#organization\"},\"potentialAction\":[{\"@type\":\"SearchAction\",\"target\":{\"@type\":\"EntryPoint\",\"urlTemplate\":\"https:\/\/stagpartynight.com\/fr\/?s={search_term_string}\"},\"query-input\":{\"@type\":\"PropertyValueSpecification\",\"valueRequired\":true,\"valueName\":\"search_term_string\"}}],\"inLanguage\":\"en-GB\"},{\"@type\":\"Organization\",\"@id\":\"https:\/\/stagpartynight.com\/fr\/#organization\",\"name\":\"Stag Party Night\",\"url\":\"https:\/\/stagpartynight.com\/fr\/\",\"logo\":{\"@type\":\"ImageObject\",\"inLanguage\":\"en-GB\",\"@id\":\"https:\/\/stagpartynight.com\/fr\/#\/schema\/logo\/image\/\",\"url\":\"https:\/\/stagpartynight.com\/fr\/wp-content\/uploads\/sites\/3\/2019\/12\/stagpartynight-e1578565505687.png\",\"contentUrl\":\"https:\/\/stagpartynight.com\/fr\/wp-content\/uploads\/sites\/3\/2019\/12\/stagpartynight-e1578565505687.png\",\"width\":400,\"height\":400,\"caption\":\"Stag Party Night\"},\"image\":{\"@id\":\"https:\/\/stagpartynight.com\/fr\/#\/schema\/logo\/image\/\"}}]}<\/script>\n<!-- \/ Yoast SEO plugin. -->","yoast_head_json":{"title":"Vespa Tour Ibiza","description":"Vespa Tour Ibiza. Visitez la belle \u00eele d'Ibiza pendant quatre heures sur un scooter Vespa. Vous pouvez partir seul ou \u00e0 deux.","robots":{"index":"index","follow":"follow","max-snippet":"max-snippet:-1","max-image-preview":"max-image-preview:large","max-video-preview":"max-video-preview:-1"},"canonical":"https:\/\/stagpartynight.com\/fr\/product\/vespa-tour-ibiza\/","og_locale":"en_GB","og_type":"article","og_title":"Vespa Tour Ibiza","og_description":"Vespa Tour Ibiza. Visitez la belle \u00eele d'Ibiza pendant quatre heures sur un scooter Vespa. Vous pouvez partir seul ou \u00e0 deux.","og_url":"https:\/\/stagpartynight.com\/fr\/product\/vespa-tour-ibiza\/","og_site_name":"Nuit de f\u00eate de cerf","article_modified_time":"2024-01-08T11:46:41+00:00","og_image":[{"width":1279,"height":853,"url":"https:\/\/stagpartynight.com\/fr\/wp-content\/uploads\/sites\/3\/2023\/12\/Vespa-Tour-Ibiza.jpg","type":"image\/jpeg"}],"twitter_card":"summary_large_image","twitter_misc":{"Estimated reading time":"1 minute"},"schema":{"@context":"https:\/\/schema.org","@graph":[{"@type":"WebPage","@id":"https:\/\/stagpartynight.com\/fr\/product\/vespa-tour-ibiza\/","url":"https:\/\/stagpartynight.com\/fr\/product\/vespa-tour-ibiza\/","name":"Vespa Tour Ibiza","isPartOf":{"@id":"https:\/\/stagpartynight.com\/fr\/#website"},"primaryImageOfPage":{"@id":"https:\/\/stagpartynight.com\/fr\/product\/vespa-tour-ibiza\/#primaryimage"},"image":{"@id":"https:\/\/stagpartynight.com\/fr\/product\/vespa-tour-ibiza\/#primaryimage"},"thumbnailUrl":"https:\/\/stagpartynight.com\/fr\/wp-content\/uploads\/sites\/3\/2023\/12\/Vespa-Tour-Ibiza.jpg","datePublished":"2023-12-21T10:43:27+00:00","dateModified":"2024-01-08T11:46:41+00:00","description":"Vespa Tour Ibiza. Visitez la belle \u00eele d'Ibiza pendant quatre heures sur un scooter Vespa. Vous pouvez partir seul ou \u00e0 deux.","breadcrumb":{"@id":"https:\/\/stagpartynight.com\/fr\/product\/vespa-tour-ibiza\/#breadcrumb"},"inLanguage":"en-GB","potentialAction":[{"@type":"ReadAction","target":["https:\/\/stagpartynight.com\/fr\/product\/vespa-tour-ibiza\/"]}]},{"@type":"ImageObject","inLanguage":"en-GB","@id":"https:\/\/stagpartynight.com\/fr\/product\/vespa-tour-ibiza\/#primaryimage","url":"https:\/\/stagpartynight.com\/fr\/wp-content\/uploads\/sites\/3\/2023\/12\/Vespa-Tour-Ibiza.jpg","contentUrl":"https:\/\/stagpartynight.com\/fr\/wp-content\/uploads\/sites\/3\/2023\/12\/Vespa-Tour-Ibiza.jpg","width":1279,"height":853,"caption":"Vespa Tour Ibiza"},{"@type":"BreadcrumbList","@id":"https:\/\/stagpartynight.com\/fr\/product\/vespa-tour-ibiza\/#breadcrumb","itemListElement":[{"@type":"ListItem","position":1,"name":"Home","item":"https:\/\/stagpartynight.com\/fr\/"},{"@type":"ListItem","position":2,"name":"Tienda","item":"https:\/\/stagpartynight.com\/fr\/tienda\/"},{"@type":"ListItem","position":3,"name":"Vespa Tour Ibiza"}]},{"@type":"WebSite","@id":"https:\/\/stagpartynight.com\/fr\/#website","url":"https:\/\/stagpartynight.com\/fr\/","name":"Stag Party Night","description":"Your Stag Party Customized","publisher":{"@id":"https:\/\/stagpartynight.com\/fr\/#organization"},"potentialAction":[{"@type":"SearchAction","target":{"@type":"EntryPoint","urlTemplate":"https:\/\/stagpartynight.com\/fr\/?s={search_term_string}"},"query-input":{"@type":"PropertyValueSpecification","valueRequired":true,"valueName":"search_term_string"}}],"inLanguage":"en-GB"},{"@type":"Organization","@id":"https:\/\/stagpartynight.com\/fr\/#organization","name":"Stag Party Night","url":"https:\/\/stagpartynight.com\/fr\/","logo":{"@type":"ImageObject","inLanguage":"en-GB","@id":"https:\/\/stagpartynight.com\/fr\/#\/schema\/logo\/image\/","url":"https:\/\/stagpartynight.com\/fr\/wp-content\/uploads\/sites\/3\/2019\/12\/stagpartynight-e1578565505687.png","contentUrl":"https:\/\/stagpartynight.com\/fr\/wp-content\/uploads\/sites\/3\/2019\/12\/stagpartynight-e1578565505687.png","width":400,"height":400,"caption":"Stag Party Night"},"image":{"@id":"https:\/\/stagpartynight.com\/fr\/#\/schema\/logo\/image\/"}}]}},"_links":{"self":[{"href":"https:\/\/stagpartynight.com\/fr\/wp-json\/wp\/v2\/product\/2667","targetHints":{"allow":["GET"]}}],"collection":[{"href":"https:\/\/stagpartynight.com\/fr\/wp-json\/wp\/v2\/product"}],"about":[{"href":"https:\/\/stagpartynight.com\/fr\/wp-json\/wp\/v2\/types\/product"}],"replies":[{"embeddable":true,"href":"https:\/\/stagpartynight.com\/fr\/wp-json\/wp\/v2\/comments?post=2667"}],"wp:featuredmedia":[{"embeddable":true,"href":"https:\/\/stagpartynight.com\/fr\/wp-json\/wp\/v2\/media\/2668"}],"wp:attachment":[{"href":"https:\/\/stagpartynight.com\/fr\/wp-json\/wp\/v2\/media?parent=2667"}],"wp:term":[{"taxonomy":"product_brand","embeddable":true,"href":"https:\/\/stagpartynight.com\/fr\/wp-json\/wp\/v2\/product_brand?post=2667"},{"taxonomy":"product_cat","embeddable":true,"href":"https:\/\/stagpartynight.com\/fr\/wp-json\/wp\/v2\/product_cat?post=2667"},{"taxonomy":"product_tag","embeddable":true,"href":"https:\/\/stagpartynight.com\/fr\/wp-json\/wp\/v2\/product_tag?post=2667"}],"curies":[{"name":"wp","href":"https:\/\/api.w.org\/{rel}","templated":true}]}}