{"id":267,"date":"2020-01-08T14:36:13","date_gmt":"2020-01-08T13:36:13","guid":{"rendered":"https:\/\/stagpartynight.com\/fr\/?post_type=product&#038;p=267"},"modified":"2023-12-20T12:29:20","modified_gmt":"2023-12-20T11:29:20","slug":"voilier-a-ibiza","status":"publish","type":"product","link":"https:\/\/stagpartynight.com\/fr\/product\/voilier-a-ibiza\/","title":{"rendered":"Voilier \u00e0 Ibiza"},"content":{"rendered":"<p>Voilier \u00e0 Ibiza. Visite priv\u00e9e de la mer M\u00e9diterran\u00e9e. D\u00e9couvrez les criques de l&#8217;\u00eele d&#8217;Ibiza. Possibilit\u00e9 d&#8217;extras de nourriture et de boisson.<\/p>\n<p>Les meilleurs enterrements de vie de gar\u00e7on et de jeune fille avec <a href=\"https:\/\/stagpartynight.com\/\">StagParty<\/a><\/p>\n<h2>Voilier \u00e0 Ibiza<\/h2>\n<h4>\ud83c\udf0a \u00c9vasion en Mer : Location de Voilier Priv\u00e9 avec Amis \u00e0 Ibiza<\/h4>\n<p>Vivez une aventure maritime inoubliable avec vos amis en louant notre voilier priv\u00e9 \u00e0 <a href=\"https:\/\/es.wikipedia.org\/wiki\/Ibiza\">Ibiza<\/a> ! Que ce soit pour 4 heures ou une journ\u00e9e compl\u00e8te de 8 heures, embarquez pour une escapade exclusive sur les eaux cristallines de la M\u00e9diterran\u00e9e.<\/p>\n<p>\u00c0 bord, vous d\u00e9couvrirez un \u00e9quipement complet pour des activit\u00e9s aquatiques, allant du snorkeling \u00e0 la plong\u00e9e en passant par le paddle. Notre voilier est votre terrain de jeu personnel, vous permettant d&#8217;explorer les criques isol\u00e9es et de vous immerger dans la beaut\u00e9 marine.<\/p>\n<p>Votre escapade sera dirig\u00e9e par notre capitaine exp\u00e9riment\u00e9!\u00a0 Vous assurant une navigation fluide et s\u00e9curis\u00e9e tout en partageant des anecdotes sur les merveilles de la c\u00f4te ibicenca. Des arr\u00eats pr\u00e9vus pour des plongeons rafra\u00eechissants dans des eaux translucides ajoutent une touche d&#8217;aventure \u00e0 votre journ\u00e9e en mer.<\/p>\n<p>Cr\u00e9ez l&#8217;ambiance parfaite avec notre syst\u00e8me audio \u00e0 bord! Permettant \u00e0 votre groupe de diffuser votre propre musique et de danser sous le soleil d&#8217;Ibiza. C&#8217;est votre propre f\u00eate priv\u00e9e en pleine mer !<\/p>\n<p>Que ce soit pour c\u00e9l\u00e9brer une occasion sp\u00e9ciale, explorer les recoins secrets de l&#8217;\u00eele ou simplement vous d\u00e9tendre en compagnie de vos proches, la location de notre voilier priv\u00e9 offre une exp\u00e9rience sur mesure. R\u00e9servez maintenant et pr\u00e9parez-vous \u00e0 naviguer vers des souvenirs inoubliables. Embarquez pour une aventure maritime exclusive avec vos amis, o\u00f9 la libert\u00e9, le plaisir et l&#8217;amiti\u00e9 r\u00e8gnent en ma\u00eetre ! \u26f5\ud83c\udf1e<\/p>\n","protected":false},"excerpt":{"rendered":"<p>Visite priv\u00e9e de la mer M\u00e9diterran\u00e9e. D\u00e9couvrez les criques de l&#8217;\u00eele d&#8217;Ibiza. Possibilit\u00e9 d&#8217;extras de nourriture et de boisson.<\/p>\n","protected":false},"featured_media":2641,"comment_status":"open","ping_status":"closed","template":"","meta":{"_et_pb_use_builder":"","_et_pb_old_content":"","_et_gb_content_width":""},"product_brand":[],"product_cat":[113],"product_tag":[335,128,334],"class_list":{"0":"post-267","1":"product","2":"type-product","3":"status-publish","4":"has-post-thumbnail","6":"product_cat-ibiza","7":"product_tag-location-de-voilier-a-ibiza","8":"product_tag-private-velero-ibiza","9":"product_tag-voilier-a-ibiza","11":"first","12":"instock","13":"virtual","14":"product-type-simple"},"yoast_head":"<!-- This site is optimized with the Yoast SEO plugin v26.4 - https:\/\/yoast.com\/wordpress\/plugins\/seo\/ -->\n<title>Voilier \u00e0 Ibiza<\/title>\n<meta name=\"description\" content=\"Voilier \u00e0 Ibiza. Visite priv\u00e9e de la mer M\u00e9diterran\u00e9e. D\u00e9couvrez les criques de l&#039;\u00eele d&#039;Ibiza. Possibilit\u00e9 d&#039;extras de nourriture et de boisson.\" \/>\n<meta name=\"robots\" content=\"index, follow, max-snippet:-1, max-image-preview:large, max-video-preview:-1\" \/>\n<link rel=\"canonical\" href=\"https:\/\/stagpartynight.com\/fr\/product\/voilier-a-ibiza\/\" \/>\n<meta property=\"og:locale\" content=\"en_GB\" \/>\n<meta property=\"og:type\" content=\"article\" \/>\n<meta property=\"og:title\" content=\"Voilier \u00e0 Ibiza\" \/>\n<meta property=\"og:description\" content=\"Voilier \u00e0 Ibiza. Visite priv\u00e9e de la mer M\u00e9diterran\u00e9e. D\u00e9couvrez les criques de l&#039;\u00eele d&#039;Ibiza. Possibilit\u00e9 d&#039;extras de nourriture et de boisson.\" \/>\n<meta property=\"og:url\" content=\"https:\/\/stagpartynight.com\/fr\/product\/voilier-a-ibiza\/\" \/>\n<meta property=\"og:site_name\" content=\"Nuit de f\u00eate de cerf\" \/>\n<meta property=\"article:modified_time\" content=\"2023-12-20T11:29:20+00:00\" \/>\n<meta property=\"og:image\" content=\"https:\/\/stagpartynight.com\/fr\/wp-content\/uploads\/sites\/3\/2020\/01\/Voilier-a-Ibiza.jpg\" \/>\n\t<meta property=\"og:image:width\" content=\"2016\" \/>\n\t<meta property=\"og:image:height\" content=\"1512\" \/>\n\t<meta property=\"og:image:type\" content=\"image\/jpeg\" \/>\n<meta name=\"twitter:card\" content=\"summary_large_image\" \/>\n<meta name=\"twitter:label1\" content=\"Estimated reading time\" \/>\n\t<meta name=\"twitter:data1\" content=\"2 minutes\" \/>\n<script type=\"application\/ld+json\" class=\"yoast-schema-graph\">{\"@context\":\"https:\/\/schema.org\",\"@graph\":[{\"@type\":\"WebPage\",\"@id\":\"https:\/\/stagpartynight.com\/fr\/product\/voilier-a-ibiza\/\",\"url\":\"https:\/\/stagpartynight.com\/fr\/product\/voilier-a-ibiza\/\",\"name\":\"Voilier \u00e0 Ibiza\",\"isPartOf\":{\"@id\":\"https:\/\/stagpartynight.com\/fr\/#website\"},\"primaryImageOfPage\":{\"@id\":\"https:\/\/stagpartynight.com\/fr\/product\/voilier-a-ibiza\/#primaryimage\"},\"image\":{\"@id\":\"https:\/\/stagpartynight.com\/fr\/product\/voilier-a-ibiza\/#primaryimage\"},\"thumbnailUrl\":\"https:\/\/stagpartynight.com\/fr\/wp-content\/uploads\/sites\/3\/2020\/01\/Voilier-a-Ibiza.jpg\",\"datePublished\":\"2020-01-08T13:36:13+00:00\",\"dateModified\":\"2023-12-20T11:29:20+00:00\",\"description\":\"Voilier \u00e0 Ibiza. Visite priv\u00e9e de la mer M\u00e9diterran\u00e9e. D\u00e9couvrez les criques de l'\u00eele d'Ibiza. Possibilit\u00e9 d'extras de nourriture et de boisson.\",\"breadcrumb\":{\"@id\":\"https:\/\/stagpartynight.com\/fr\/product\/voilier-a-ibiza\/#breadcrumb\"},\"inLanguage\":\"en-GB\",\"potentialAction\":[{\"@type\":\"ReadAction\",\"target\":[\"https:\/\/stagpartynight.com\/fr\/product\/voilier-a-ibiza\/\"]}]},{\"@type\":\"ImageObject\",\"inLanguage\":\"en-GB\",\"@id\":\"https:\/\/stagpartynight.com\/fr\/product\/voilier-a-ibiza\/#primaryimage\",\"url\":\"https:\/\/stagpartynight.com\/fr\/wp-content\/uploads\/sites\/3\/2020\/01\/Voilier-a-Ibiza.jpg\",\"contentUrl\":\"https:\/\/stagpartynight.com\/fr\/wp-content\/uploads\/sites\/3\/2020\/01\/Voilier-a-Ibiza.jpg\",\"width\":2016,\"height\":1512,\"caption\":\"Voilier \u00e0 Ibiza\"},{\"@type\":\"BreadcrumbList\",\"@id\":\"https:\/\/stagpartynight.com\/fr\/product\/voilier-a-ibiza\/#breadcrumb\",\"itemListElement\":[{\"@type\":\"ListItem\",\"position\":1,\"name\":\"Home\",\"item\":\"https:\/\/stagpartynight.com\/fr\/\"},{\"@type\":\"ListItem\",\"position\":2,\"name\":\"Tienda\",\"item\":\"https:\/\/stagpartynight.com\/fr\/tienda\/\"},{\"@type\":\"ListItem\",\"position\":3,\"name\":\"Voilier \u00e0 Ibiza\"}]},{\"@type\":\"WebSite\",\"@id\":\"https:\/\/stagpartynight.com\/fr\/#website\",\"url\":\"https:\/\/stagpartynight.com\/fr\/\",\"name\":\"Stag Party Night\",\"description\":\"Your Stag Party Customized\",\"publisher\":{\"@id\":\"https:\/\/stagpartynight.com\/fr\/#organization\"},\"potentialAction\":[{\"@type\":\"SearchAction\",\"target\":{\"@type\":\"EntryPoint\",\"urlTemplate\":\"https:\/\/stagpartynight.com\/fr\/?s={search_term_string}\"},\"query-input\":{\"@type\":\"PropertyValueSpecification\",\"valueRequired\":true,\"valueName\":\"search_term_string\"}}],\"inLanguage\":\"en-GB\"},{\"@type\":\"Organization\",\"@id\":\"https:\/\/stagpartynight.com\/fr\/#organization\",\"name\":\"Stag Party Night\",\"url\":\"https:\/\/stagpartynight.com\/fr\/\",\"logo\":{\"@type\":\"ImageObject\",\"inLanguage\":\"en-GB\",\"@id\":\"https:\/\/stagpartynight.com\/fr\/#\/schema\/logo\/image\/\",\"url\":\"https:\/\/stagpartynight.com\/fr\/wp-content\/uploads\/sites\/3\/2019\/12\/stagpartynight-e1578565505687.png\",\"contentUrl\":\"https:\/\/stagpartynight.com\/fr\/wp-content\/uploads\/sites\/3\/2019\/12\/stagpartynight-e1578565505687.png\",\"width\":400,\"height\":400,\"caption\":\"Stag Party Night\"},\"image\":{\"@id\":\"https:\/\/stagpartynight.com\/fr\/#\/schema\/logo\/image\/\"}}]}<\/script>\n<!-- \/ Yoast SEO plugin. -->","yoast_head_json":{"title":"Voilier \u00e0 Ibiza","description":"Voilier \u00e0 Ibiza. Visite priv\u00e9e de la mer M\u00e9diterran\u00e9e. D\u00e9couvrez les criques de l'\u00eele d'Ibiza. Possibilit\u00e9 d'extras de nourriture et de boisson.","robots":{"index":"index","follow":"follow","max-snippet":"max-snippet:-1","max-image-preview":"max-image-preview:large","max-video-preview":"max-video-preview:-1"},"canonical":"https:\/\/stagpartynight.com\/fr\/product\/voilier-a-ibiza\/","og_locale":"en_GB","og_type":"article","og_title":"Voilier \u00e0 Ibiza","og_description":"Voilier \u00e0 Ibiza. Visite priv\u00e9e de la mer M\u00e9diterran\u00e9e. D\u00e9couvrez les criques de l'\u00eele d'Ibiza. Possibilit\u00e9 d'extras de nourriture et de boisson.","og_url":"https:\/\/stagpartynight.com\/fr\/product\/voilier-a-ibiza\/","og_site_name":"Nuit de f\u00eate de cerf","article_modified_time":"2023-12-20T11:29:20+00:00","og_image":[{"width":2016,"height":1512,"url":"https:\/\/stagpartynight.com\/fr\/wp-content\/uploads\/sites\/3\/2020\/01\/Voilier-a-Ibiza.jpg","type":"image\/jpeg"}],"twitter_card":"summary_large_image","twitter_misc":{"Estimated reading time":"2 minutes"},"schema":{"@context":"https:\/\/schema.org","@graph":[{"@type":"WebPage","@id":"https:\/\/stagpartynight.com\/fr\/product\/voilier-a-ibiza\/","url":"https:\/\/stagpartynight.com\/fr\/product\/voilier-a-ibiza\/","name":"Voilier \u00e0 Ibiza","isPartOf":{"@id":"https:\/\/stagpartynight.com\/fr\/#website"},"primaryImageOfPage":{"@id":"https:\/\/stagpartynight.com\/fr\/product\/voilier-a-ibiza\/#primaryimage"},"image":{"@id":"https:\/\/stagpartynight.com\/fr\/product\/voilier-a-ibiza\/#primaryimage"},"thumbnailUrl":"https:\/\/stagpartynight.com\/fr\/wp-content\/uploads\/sites\/3\/2020\/01\/Voilier-a-Ibiza.jpg","datePublished":"2020-01-08T13:36:13+00:00","dateModified":"2023-12-20T11:29:20+00:00","description":"Voilier \u00e0 Ibiza. Visite priv\u00e9e de la mer M\u00e9diterran\u00e9e. D\u00e9couvrez les criques de l'\u00eele d'Ibiza. Possibilit\u00e9 d'extras de nourriture et de boisson.","breadcrumb":{"@id":"https:\/\/stagpartynight.com\/fr\/product\/voilier-a-ibiza\/#breadcrumb"},"inLanguage":"en-GB","potentialAction":[{"@type":"ReadAction","target":["https:\/\/stagpartynight.com\/fr\/product\/voilier-a-ibiza\/"]}]},{"@type":"ImageObject","inLanguage":"en-GB","@id":"https:\/\/stagpartynight.com\/fr\/product\/voilier-a-ibiza\/#primaryimage","url":"https:\/\/stagpartynight.com\/fr\/wp-content\/uploads\/sites\/3\/2020\/01\/Voilier-a-Ibiza.jpg","contentUrl":"https:\/\/stagpartynight.com\/fr\/wp-content\/uploads\/sites\/3\/2020\/01\/Voilier-a-Ibiza.jpg","width":2016,"height":1512,"caption":"Voilier \u00e0 Ibiza"},{"@type":"BreadcrumbList","@id":"https:\/\/stagpartynight.com\/fr\/product\/voilier-a-ibiza\/#breadcrumb","itemListElement":[{"@type":"ListItem","position":1,"name":"Home","item":"https:\/\/stagpartynight.com\/fr\/"},{"@type":"ListItem","position":2,"name":"Tienda","item":"https:\/\/stagpartynight.com\/fr\/tienda\/"},{"@type":"ListItem","position":3,"name":"Voilier \u00e0 Ibiza"}]},{"@type":"WebSite","@id":"https:\/\/stagpartynight.com\/fr\/#website","url":"https:\/\/stagpartynight.com\/fr\/","name":"Stag Party Night","description":"Your Stag Party Customized","publisher":{"@id":"https:\/\/stagpartynight.com\/fr\/#organization"},"potentialAction":[{"@type":"SearchAction","target":{"@type":"EntryPoint","urlTemplate":"https:\/\/stagpartynight.com\/fr\/?s={search_term_string}"},"query-input":{"@type":"PropertyValueSpecification","valueRequired":true,"valueName":"search_term_string"}}],"inLanguage":"en-GB"},{"@type":"Organization","@id":"https:\/\/stagpartynight.com\/fr\/#organization","name":"Stag Party Night","url":"https:\/\/stagpartynight.com\/fr\/","logo":{"@type":"ImageObject","inLanguage":"en-GB","@id":"https:\/\/stagpartynight.com\/fr\/#\/schema\/logo\/image\/","url":"https:\/\/stagpartynight.com\/fr\/wp-content\/uploads\/sites\/3\/2019\/12\/stagpartynight-e1578565505687.png","contentUrl":"https:\/\/stagpartynight.com\/fr\/wp-content\/uploads\/sites\/3\/2019\/12\/stagpartynight-e1578565505687.png","width":400,"height":400,"caption":"Stag Party Night"},"image":{"@id":"https:\/\/stagpartynight.com\/fr\/#\/schema\/logo\/image\/"}}]}},"_links":{"self":[{"href":"https:\/\/stagpartynight.com\/fr\/wp-json\/wp\/v2\/product\/267","targetHints":{"allow":["GET"]}}],"collection":[{"href":"https:\/\/stagpartynight.com\/fr\/wp-json\/wp\/v2\/product"}],"about":[{"href":"https:\/\/stagpartynight.com\/fr\/wp-json\/wp\/v2\/types\/product"}],"replies":[{"embeddable":true,"href":"https:\/\/stagpartynight.com\/fr\/wp-json\/wp\/v2\/comments?post=267"}],"wp:featuredmedia":[{"embeddable":true,"href":"https:\/\/stagpartynight.com\/fr\/wp-json\/wp\/v2\/media\/2641"}],"wp:attachment":[{"href":"https:\/\/stagpartynight.com\/fr\/wp-json\/wp\/v2\/media?parent=267"}],"wp:term":[{"taxonomy":"product_brand","embeddable":true,"href":"https:\/\/stagpartynight.com\/fr\/wp-json\/wp\/v2\/product_brand?post=267"},{"taxonomy":"product_cat","embeddable":true,"href":"https:\/\/stagpartynight.com\/fr\/wp-json\/wp\/v2\/product_cat?post=267"},{"taxonomy":"product_tag","embeddable":true,"href":"https:\/\/stagpartynight.com\/fr\/wp-json\/wp\/v2\/product_tag?post=267"}],"curies":[{"name":"wp","href":"https:\/\/api.w.org\/{rel}","templated":true}]}}