{"id":2670,"date":"2023-12-22T11:25:15","date_gmt":"2023-12-22T10:25:15","guid":{"rendered":"https:\/\/stagpartynight.com\/fr\/?post_type=product&#038;p=2670"},"modified":"2024-01-08T12:46:40","modified_gmt":"2024-01-08T11:46:40","slug":"paddle-surf-sup-ibiza","status":"publish","type":"product","link":"https:\/\/stagpartynight.com\/fr\/product\/paddle-surf-sup-ibiza\/","title":{"rendered":"Paddle Surf SUP Ibiza"},"content":{"rendered":"<p>Paddle Surf SUP Ibiza. D\u00e9couvrez le c\u00f4t\u00e9 le plus naturel de l&#8217;\u00eele pendant une heure. Location uniquement, ce n&#8217;est pas un tour, vous \u00eates seul.<\/p>\n<p>Les meilleurs enterrements de vie de gar\u00e7on avec <a href=\"https:\/\/stagpartynight.com\/\">StagParty<\/a><\/p>\n<h2>Paddle Surf SUP Ibiza<\/h2>\n<h4>\ud83c\udfc4\u200d\u2642\ufe0f Aventure Stand-Up Paddle (SUP) \u00e0 Ibiza : Explorez les Eaux Cristallines en Toute Libert\u00e9 !<\/h4>\n<p>\ud83c\udf0a D\u00e9couvrez la magie des eaux cristallines d&#8217;Ibiza avec notre location de Stand-Up Paddle (SUP), une aventure sans limite. Pouvez-vous imaginer quelque chose de mieux que de flotter dans l&#8217;eau \u00e0 Ibiza en toute libert\u00e9 ?<\/p>\n<p>\ud83c\udfdd\ufe0f Pour une heure, embarquez sur votre planche et naviguez \u00e0 votre rythme \u00e0 travers les joyaux aquatiques de l&#8217;\u00eele.<\/p>\n<p>\ud83d\udc4c Incluant tout l&#8217;\u00e9quipement n\u00e9cessaire, notre offre vous garantit une exp\u00e9rience de paddleboard sans tracas.<\/p>\n<p>\ud83c\udf05 Profitez du lever ou du coucher du soleil, avec le bruit apaisant des vagues sous votre planche.<\/p>\n<p>\ud83e\udd3f Plongez dans les criques isol\u00e9es, explorez les recoins cach\u00e9s et ressentez la libert\u00e9 totale du paddleboard \u00e0 Ibiza.<\/p>\n<p>\ud83c\udf1e Admirez la beaut\u00e9 naturelle tout en travaillant votre \u00e9quilibre et en vous relaxant sur les eaux m\u00e9diterran\u00e9ennes.<\/p>\n<p>\ud83c\udf34 R\u00e9servez d\u00e8s maintenant votre location de SUP \u00e0 Ibiza, cr\u00e9ant des souvenirs inoubliables sur les mers de la M\u00e9diterran\u00e9e.<\/p>\n<p>\ud83c\udf0a Naviguez au-del\u00e0 des plages anim\u00e9es, d\u00e9couvrez des espaces isol\u00e9s et vivez une aventure en toute ind\u00e9pendance.<\/p>\n<p>\ud83c\udfc4\u200d\u2642\ufe0f Que vous soyez d\u00e9butant ou exp\u00e9riment\u00e9, le SUP \u00e0 Ibiza offre une exp\u00e9rience unique, une fusion parfaite de d\u00e9tente et de sport.<\/p>\n<p>\ud83d\udca6 R\u00e9veillez l&#8217;aventurier en vous, louez votre planche de paddle, et plongez dans une aventure aquatique unique \u00e0 <a href=\"https:\/\/es.wikipedia.org\/wiki\/Ibiza\">Ibiza<\/a> ! \ud83d\udea3\u200d\u2642\ufe0f<\/p>\n<p>&nbsp;<\/p>\n","protected":false},"excerpt":{"rendered":"<p>Paddle Surf SUP Ibiza. D\u00e9couvrez le c\u00f4t\u00e9 le plus naturel de l&#8217;\u00eele pendant une heure. Location uniquement, ce n&#8217;est pas un tour, vous \u00eates seul. Les meilleurs enterrements de vie de gar\u00e7on avec StagParty Paddle Surf SUP Ibiza \ud83c\udfc4\u200d\u2642\ufe0f Aventure Stand-Up Paddle (SUP) \u00e0 Ibiza : Explorez les Eaux Cristallines en Toute Libert\u00e9 ! \ud83c\udf0a [&hellip;]<\/p>\n","protected":false},"featured_media":2671,"comment_status":"open","ping_status":"closed","template":"","meta":{"_et_pb_use_builder":"","_et_pb_old_content":"","_et_gb_content_width":""},"product_brand":[],"product_cat":[218,113],"product_tag":[],"class_list":{"0":"post-2670","1":"product","2":"type-product","3":"status-publish","4":"has-post-thumbnail","6":"product_cat-uncategorised","7":"product_cat-ibiza","9":"first","10":"instock","11":"shipping-taxable","12":"product-type-simple"},"yoast_head":"<!-- This site is optimized with the Yoast SEO plugin v26.4 - https:\/\/yoast.com\/wordpress\/plugins\/seo\/ -->\n<title>Paddle Surf SUP Ibiza<\/title>\n<meta name=\"description\" content=\"Paddle Surf SUP Ibiza. D\u00e9couvrez le c\u00f4t\u00e9 le plus naturel de l&#039;\u00eele pendant une heure. Location uniquement, ce n&#039;est pas un tour, vous \u00eates seul.\" \/>\n<meta name=\"robots\" content=\"index, follow, max-snippet:-1, max-image-preview:large, max-video-preview:-1\" \/>\n<link rel=\"canonical\" href=\"https:\/\/stagpartynight.com\/fr\/product\/paddle-surf-sup-ibiza\/\" \/>\n<meta property=\"og:locale\" content=\"en_GB\" \/>\n<meta property=\"og:type\" content=\"article\" \/>\n<meta property=\"og:title\" content=\"Paddle Surf SUP Ibiza\" \/>\n<meta property=\"og:description\" content=\"Paddle Surf SUP Ibiza. D\u00e9couvrez le c\u00f4t\u00e9 le plus naturel de l&#039;\u00eele pendant une heure. Location uniquement, ce n&#039;est pas un tour, vous \u00eates seul.\" \/>\n<meta property=\"og:url\" content=\"https:\/\/stagpartynight.com\/fr\/product\/paddle-surf-sup-ibiza\/\" \/>\n<meta property=\"og:site_name\" content=\"Nuit de f\u00eate de cerf\" \/>\n<meta property=\"article:modified_time\" content=\"2024-01-08T11:46:40+00:00\" \/>\n<meta property=\"og:image\" content=\"https:\/\/stagpartynight.com\/fr\/wp-content\/uploads\/sites\/3\/2023\/12\/Paddle-Surf-SUP-Ibiza.jpg\" \/>\n\t<meta property=\"og:image:width\" content=\"576\" \/>\n\t<meta property=\"og:image:height\" content=\"1024\" \/>\n\t<meta property=\"og:image:type\" content=\"image\/jpeg\" \/>\n<meta name=\"twitter:card\" content=\"summary_large_image\" \/>\n<meta name=\"twitter:label1\" content=\"Estimated reading time\" \/>\n\t<meta name=\"twitter:data1\" content=\"2 minutes\" \/>\n<script type=\"application\/ld+json\" class=\"yoast-schema-graph\">{\"@context\":\"https:\/\/schema.org\",\"@graph\":[{\"@type\":\"WebPage\",\"@id\":\"https:\/\/stagpartynight.com\/fr\/product\/paddle-surf-sup-ibiza\/\",\"url\":\"https:\/\/stagpartynight.com\/fr\/product\/paddle-surf-sup-ibiza\/\",\"name\":\"Paddle Surf SUP Ibiza\",\"isPartOf\":{\"@id\":\"https:\/\/stagpartynight.com\/fr\/#website\"},\"primaryImageOfPage\":{\"@id\":\"https:\/\/stagpartynight.com\/fr\/product\/paddle-surf-sup-ibiza\/#primaryimage\"},\"image\":{\"@id\":\"https:\/\/stagpartynight.com\/fr\/product\/paddle-surf-sup-ibiza\/#primaryimage\"},\"thumbnailUrl\":\"https:\/\/stagpartynight.com\/fr\/wp-content\/uploads\/sites\/3\/2023\/12\/Paddle-Surf-SUP-Ibiza.jpg\",\"datePublished\":\"2023-12-22T10:25:15+00:00\",\"dateModified\":\"2024-01-08T11:46:40+00:00\",\"description\":\"Paddle Surf SUP Ibiza. D\u00e9couvrez le c\u00f4t\u00e9 le plus naturel de l'\u00eele pendant une heure. Location uniquement, ce n'est pas un tour, vous \u00eates seul.\",\"breadcrumb\":{\"@id\":\"https:\/\/stagpartynight.com\/fr\/product\/paddle-surf-sup-ibiza\/#breadcrumb\"},\"inLanguage\":\"en-GB\",\"potentialAction\":[{\"@type\":\"ReadAction\",\"target\":[\"https:\/\/stagpartynight.com\/fr\/product\/paddle-surf-sup-ibiza\/\"]}]},{\"@type\":\"ImageObject\",\"inLanguage\":\"en-GB\",\"@id\":\"https:\/\/stagpartynight.com\/fr\/product\/paddle-surf-sup-ibiza\/#primaryimage\",\"url\":\"https:\/\/stagpartynight.com\/fr\/wp-content\/uploads\/sites\/3\/2023\/12\/Paddle-Surf-SUP-Ibiza.jpg\",\"contentUrl\":\"https:\/\/stagpartynight.com\/fr\/wp-content\/uploads\/sites\/3\/2023\/12\/Paddle-Surf-SUP-Ibiza.jpg\",\"width\":576,\"height\":1024,\"caption\":\"Paddle Surf SUP Ibiza\"},{\"@type\":\"BreadcrumbList\",\"@id\":\"https:\/\/stagpartynight.com\/fr\/product\/paddle-surf-sup-ibiza\/#breadcrumb\",\"itemListElement\":[{\"@type\":\"ListItem\",\"position\":1,\"name\":\"Home\",\"item\":\"https:\/\/stagpartynight.com\/fr\/\"},{\"@type\":\"ListItem\",\"position\":2,\"name\":\"Tienda\",\"item\":\"https:\/\/stagpartynight.com\/fr\/tienda\/\"},{\"@type\":\"ListItem\",\"position\":3,\"name\":\"Paddle Surf SUP Ibiza\"}]},{\"@type\":\"WebSite\",\"@id\":\"https:\/\/stagpartynight.com\/fr\/#website\",\"url\":\"https:\/\/stagpartynight.com\/fr\/\",\"name\":\"Stag Party Night\",\"description\":\"Your Stag Party Customized\",\"publisher\":{\"@id\":\"https:\/\/stagpartynight.com\/fr\/#organization\"},\"potentialAction\":[{\"@type\":\"SearchAction\",\"target\":{\"@type\":\"EntryPoint\",\"urlTemplate\":\"https:\/\/stagpartynight.com\/fr\/?s={search_term_string}\"},\"query-input\":{\"@type\":\"PropertyValueSpecification\",\"valueRequired\":true,\"valueName\":\"search_term_string\"}}],\"inLanguage\":\"en-GB\"},{\"@type\":\"Organization\",\"@id\":\"https:\/\/stagpartynight.com\/fr\/#organization\",\"name\":\"Stag Party Night\",\"url\":\"https:\/\/stagpartynight.com\/fr\/\",\"logo\":{\"@type\":\"ImageObject\",\"inLanguage\":\"en-GB\",\"@id\":\"https:\/\/stagpartynight.com\/fr\/#\/schema\/logo\/image\/\",\"url\":\"https:\/\/stagpartynight.com\/fr\/wp-content\/uploads\/sites\/3\/2019\/12\/stagpartynight-e1578565505687.png\",\"contentUrl\":\"https:\/\/stagpartynight.com\/fr\/wp-content\/uploads\/sites\/3\/2019\/12\/stagpartynight-e1578565505687.png\",\"width\":400,\"height\":400,\"caption\":\"Stag Party Night\"},\"image\":{\"@id\":\"https:\/\/stagpartynight.com\/fr\/#\/schema\/logo\/image\/\"}}]}<\/script>\n<!-- \/ Yoast SEO plugin. -->","yoast_head_json":{"title":"Paddle Surf SUP Ibiza","description":"Paddle Surf SUP Ibiza. D\u00e9couvrez le c\u00f4t\u00e9 le plus naturel de l'\u00eele pendant une heure. Location uniquement, ce n'est pas un tour, vous \u00eates seul.","robots":{"index":"index","follow":"follow","max-snippet":"max-snippet:-1","max-image-preview":"max-image-preview:large","max-video-preview":"max-video-preview:-1"},"canonical":"https:\/\/stagpartynight.com\/fr\/product\/paddle-surf-sup-ibiza\/","og_locale":"en_GB","og_type":"article","og_title":"Paddle Surf SUP Ibiza","og_description":"Paddle Surf SUP Ibiza. D\u00e9couvrez le c\u00f4t\u00e9 le plus naturel de l'\u00eele pendant une heure. Location uniquement, ce n'est pas un tour, vous \u00eates seul.","og_url":"https:\/\/stagpartynight.com\/fr\/product\/paddle-surf-sup-ibiza\/","og_site_name":"Nuit de f\u00eate de cerf","article_modified_time":"2024-01-08T11:46:40+00:00","og_image":[{"width":576,"height":1024,"url":"https:\/\/stagpartynight.com\/fr\/wp-content\/uploads\/sites\/3\/2023\/12\/Paddle-Surf-SUP-Ibiza.jpg","type":"image\/jpeg"}],"twitter_card":"summary_large_image","twitter_misc":{"Estimated reading time":"2 minutes"},"schema":{"@context":"https:\/\/schema.org","@graph":[{"@type":"WebPage","@id":"https:\/\/stagpartynight.com\/fr\/product\/paddle-surf-sup-ibiza\/","url":"https:\/\/stagpartynight.com\/fr\/product\/paddle-surf-sup-ibiza\/","name":"Paddle Surf SUP Ibiza","isPartOf":{"@id":"https:\/\/stagpartynight.com\/fr\/#website"},"primaryImageOfPage":{"@id":"https:\/\/stagpartynight.com\/fr\/product\/paddle-surf-sup-ibiza\/#primaryimage"},"image":{"@id":"https:\/\/stagpartynight.com\/fr\/product\/paddle-surf-sup-ibiza\/#primaryimage"},"thumbnailUrl":"https:\/\/stagpartynight.com\/fr\/wp-content\/uploads\/sites\/3\/2023\/12\/Paddle-Surf-SUP-Ibiza.jpg","datePublished":"2023-12-22T10:25:15+00:00","dateModified":"2024-01-08T11:46:40+00:00","description":"Paddle Surf SUP Ibiza. D\u00e9couvrez le c\u00f4t\u00e9 le plus naturel de l'\u00eele pendant une heure. Location uniquement, ce n'est pas un tour, vous \u00eates seul.","breadcrumb":{"@id":"https:\/\/stagpartynight.com\/fr\/product\/paddle-surf-sup-ibiza\/#breadcrumb"},"inLanguage":"en-GB","potentialAction":[{"@type":"ReadAction","target":["https:\/\/stagpartynight.com\/fr\/product\/paddle-surf-sup-ibiza\/"]}]},{"@type":"ImageObject","inLanguage":"en-GB","@id":"https:\/\/stagpartynight.com\/fr\/product\/paddle-surf-sup-ibiza\/#primaryimage","url":"https:\/\/stagpartynight.com\/fr\/wp-content\/uploads\/sites\/3\/2023\/12\/Paddle-Surf-SUP-Ibiza.jpg","contentUrl":"https:\/\/stagpartynight.com\/fr\/wp-content\/uploads\/sites\/3\/2023\/12\/Paddle-Surf-SUP-Ibiza.jpg","width":576,"height":1024,"caption":"Paddle Surf SUP Ibiza"},{"@type":"BreadcrumbList","@id":"https:\/\/stagpartynight.com\/fr\/product\/paddle-surf-sup-ibiza\/#breadcrumb","itemListElement":[{"@type":"ListItem","position":1,"name":"Home","item":"https:\/\/stagpartynight.com\/fr\/"},{"@type":"ListItem","position":2,"name":"Tienda","item":"https:\/\/stagpartynight.com\/fr\/tienda\/"},{"@type":"ListItem","position":3,"name":"Paddle Surf SUP Ibiza"}]},{"@type":"WebSite","@id":"https:\/\/stagpartynight.com\/fr\/#website","url":"https:\/\/stagpartynight.com\/fr\/","name":"Stag Party Night","description":"Your Stag Party Customized","publisher":{"@id":"https:\/\/stagpartynight.com\/fr\/#organization"},"potentialAction":[{"@type":"SearchAction","target":{"@type":"EntryPoint","urlTemplate":"https:\/\/stagpartynight.com\/fr\/?s={search_term_string}"},"query-input":{"@type":"PropertyValueSpecification","valueRequired":true,"valueName":"search_term_string"}}],"inLanguage":"en-GB"},{"@type":"Organization","@id":"https:\/\/stagpartynight.com\/fr\/#organization","name":"Stag Party Night","url":"https:\/\/stagpartynight.com\/fr\/","logo":{"@type":"ImageObject","inLanguage":"en-GB","@id":"https:\/\/stagpartynight.com\/fr\/#\/schema\/logo\/image\/","url":"https:\/\/stagpartynight.com\/fr\/wp-content\/uploads\/sites\/3\/2019\/12\/stagpartynight-e1578565505687.png","contentUrl":"https:\/\/stagpartynight.com\/fr\/wp-content\/uploads\/sites\/3\/2019\/12\/stagpartynight-e1578565505687.png","width":400,"height":400,"caption":"Stag Party Night"},"image":{"@id":"https:\/\/stagpartynight.com\/fr\/#\/schema\/logo\/image\/"}}]}},"_links":{"self":[{"href":"https:\/\/stagpartynight.com\/fr\/wp-json\/wp\/v2\/product\/2670","targetHints":{"allow":["GET"]}}],"collection":[{"href":"https:\/\/stagpartynight.com\/fr\/wp-json\/wp\/v2\/product"}],"about":[{"href":"https:\/\/stagpartynight.com\/fr\/wp-json\/wp\/v2\/types\/product"}],"replies":[{"embeddable":true,"href":"https:\/\/stagpartynight.com\/fr\/wp-json\/wp\/v2\/comments?post=2670"}],"wp:featuredmedia":[{"embeddable":true,"href":"https:\/\/stagpartynight.com\/fr\/wp-json\/wp\/v2\/media\/2671"}],"wp:attachment":[{"href":"https:\/\/stagpartynight.com\/fr\/wp-json\/wp\/v2\/media?parent=2670"}],"wp:term":[{"taxonomy":"product_brand","embeddable":true,"href":"https:\/\/stagpartynight.com\/fr\/wp-json\/wp\/v2\/product_brand?post=2670"},{"taxonomy":"product_cat","embeddable":true,"href":"https:\/\/stagpartynight.com\/fr\/wp-json\/wp\/v2\/product_cat?post=2670"},{"taxonomy":"product_tag","embeddable":true,"href":"https:\/\/stagpartynight.com\/fr\/wp-json\/wp\/v2\/product_tag?post=2670"}],"curies":[{"name":"wp","href":"https:\/\/api.w.org\/{rel}","templated":true}]}}