{"id":2672,"date":"2023-12-22T11:32:30","date_gmt":"2023-12-22T10:32:30","guid":{"rendered":"https:\/\/stagpartynight.com\/fr\/?post_type=product&#038;p=2672"},"modified":"2024-01-08T12:46:40","modified_gmt":"2024-01-08T11:46:40","slug":"paddle-surf-sup-tour-ibiza","status":"publish","type":"product","link":"https:\/\/stagpartynight.com\/fr\/product\/paddle-surf-sup-tour-ibiza\/","title":{"rendered":"Paddle Surf SUP Tour Ibiza"},"content":{"rendered":"<p>Paddle Surf SUP Tour Ibiza. Profitez du paddle surfing avec un guide qui vous montrera les plus beaux coins de l&#8217;\u00eele pendant deux heures.<\/p>\n<p>Les meilleurs enterrements de vie de gar\u00e7on avec <a href=\"https:\/\/stagpartynight.com\/\">StagParty<\/a><\/p>\n<h2>Paddle Surf SUP Tour Ibiza<\/h2>\n<h4>\ud83c\udfc4\u200d\u2642\ufe0f Aventure SUP \u00e0 Ibiza : Explorez les Eaux Scintillantes de l&#8217;\u00cele en Paddle Surf !<\/h4>\n<p>\ud83c\udf0a Embarquez pour une aventure inoubliable avec notre SUP Tour \u00e0 Ibiza, une exp\u00e9rience de paddleboard tout compris.<\/p>\n<p>\ud83c\udfdd\ufe0f Pendant deux heures, naviguez au sommet de votre planche, explorant les eaux cristallines de l&#8217;\u00eele blanche.<\/p>\n<p>\ud83c\udf05 Explorez des criques isol\u00e9es, glissez-vous dans des grottes myst\u00e9rieuses et ressentez la magie des paysages c\u00f4tiers d&#8217;Ibiza.<\/p>\n<p>\ud83e\udd3f Plongez dans l&#8217;action avec des sessions de snorkeling, d\u00e9couvrant la vie marine sous-marine fascinante.<\/p>\n<p>\ud83d\udea4 Profitez de sauts d&#8217;adr\u00e9naline depuis des hauteurs impressionnantes, ajoutant une dose d&#8217;aventure \u00e0 votre excursion.<\/p>\n<p>\ud83c\udf1e Admirez les vues panoramiques, ressentez la brise marine et vivez l&#8217;\u00e9quilibre parfait entre d\u00e9tente et aventure.<\/p>\n<p>\ud83c\udf34 Notre tour comprend tout l&#8217;\u00e9quipement n\u00e9cessaire, assurant une exp\u00e9rience sans souci au c\u0153ur de la M\u00e9diterran\u00e9e.<\/p>\n<p>\ud83d\udc6b Que vous soyez novice ou expert, notre guide exp\u00e9riment\u00e9 vous accompagnera, assurant une exp\u00e9rience adapt\u00e9e \u00e0 tous.<\/p>\n<p>\ud83c\udf0a R\u00e9servez d\u00e8s maintenant votre\u00a0 Tour et d\u00e9couvrez une facette unique de l&#8217;\u00eele \u00e0 travers une aventure aquatique immersive.<\/p>\n<p>\ud83c\udfc4\u200d\u2642\ufe0f Vivez l&#8217;excitation du paddleboard, plongez dans les eaux turquoise, et cr\u00e9ez des souvenirs inoubliables lors de ce tour exclusif \u00e0 <a href=\"https:\/\/es.wikipedia.org\/wiki\/Ibiza\">Ibiza<\/a> ! \ud83d\udea3\u200d\u2642\ufe0f<\/p>\n","protected":false},"excerpt":{"rendered":"<p>Paddle Surf SUP Tour Ibiza. Profitez du paddle surfing avec un guide qui vous montrera les plus beaux coins de l&#8217;\u00eele pendant deux heures. Les meilleurs enterrements de vie de gar\u00e7on avec StagParty Paddle Surf SUP Tour Ibiza \ud83c\udfc4\u200d\u2642\ufe0f Aventure SUP \u00e0 Ibiza : Explorez les Eaux Scintillantes de l&#8217;\u00cele en Paddle Surf ! \ud83c\udf0a [&hellip;]<\/p>\n","protected":false},"featured_media":2673,"comment_status":"open","ping_status":"closed","template":"","meta":{"_et_pb_use_builder":"","_et_pb_old_content":"","_et_gb_content_width":""},"product_brand":[],"product_cat":[218,113],"product_tag":[],"class_list":{"0":"post-2672","1":"product","2":"type-product","3":"status-publish","4":"has-post-thumbnail","6":"product_cat-uncategorised","7":"product_cat-ibiza","9":"first","10":"instock","11":"shipping-taxable","12":"product-type-simple"},"yoast_head":"<!-- This site is optimized with the Yoast SEO plugin v26.4 - https:\/\/yoast.com\/wordpress\/plugins\/seo\/ -->\n<title>Paddle Surf SUP Tour Ibiza<\/title>\n<meta name=\"description\" content=\"Paddle Surf SUP Tour Ibiza. Pratiquez le paddle surfing avec un guide qui vous montrera les plus beaux endroits de l&#039;\u00eele.\" \/>\n<meta name=\"robots\" content=\"index, follow, max-snippet:-1, max-image-preview:large, max-video-preview:-1\" \/>\n<link rel=\"canonical\" href=\"https:\/\/stagpartynight.com\/fr\/product\/paddle-surf-sup-tour-ibiza\/\" \/>\n<meta property=\"og:locale\" content=\"en_GB\" \/>\n<meta property=\"og:type\" content=\"article\" \/>\n<meta property=\"og:title\" content=\"Paddle Surf SUP Tour Ibiza\" \/>\n<meta property=\"og:description\" content=\"Paddle Surf SUP Tour Ibiza. Pratiquez le paddle surfing avec un guide qui vous montrera les plus beaux endroits de l&#039;\u00eele.\" \/>\n<meta property=\"og:url\" content=\"https:\/\/stagpartynight.com\/fr\/product\/paddle-surf-sup-tour-ibiza\/\" \/>\n<meta property=\"og:site_name\" content=\"Nuit de f\u00eate de cerf\" \/>\n<meta property=\"article:modified_time\" content=\"2024-01-08T11:46:40+00:00\" \/>\n<meta property=\"og:image\" content=\"https:\/\/stagpartynight.com\/fr\/wp-content\/uploads\/sites\/3\/2023\/12\/Paddle-Surf-SUP-Tour-Ibiza.png\" \/>\n\t<meta property=\"og:image:width\" content=\"520\" \/>\n\t<meta property=\"og:image:height\" content=\"320\" \/>\n\t<meta property=\"og:image:type\" content=\"image\/png\" \/>\n<meta name=\"twitter:card\" content=\"summary_large_image\" \/>\n<meta name=\"twitter:label1\" content=\"Estimated reading time\" \/>\n\t<meta name=\"twitter:data1\" content=\"2 minutes\" \/>\n<script type=\"application\/ld+json\" class=\"yoast-schema-graph\">{\"@context\":\"https:\/\/schema.org\",\"@graph\":[{\"@type\":\"WebPage\",\"@id\":\"https:\/\/stagpartynight.com\/fr\/product\/paddle-surf-sup-tour-ibiza\/\",\"url\":\"https:\/\/stagpartynight.com\/fr\/product\/paddle-surf-sup-tour-ibiza\/\",\"name\":\"Paddle Surf SUP Tour Ibiza\",\"isPartOf\":{\"@id\":\"https:\/\/stagpartynight.com\/fr\/#website\"},\"primaryImageOfPage\":{\"@id\":\"https:\/\/stagpartynight.com\/fr\/product\/paddle-surf-sup-tour-ibiza\/#primaryimage\"},\"image\":{\"@id\":\"https:\/\/stagpartynight.com\/fr\/product\/paddle-surf-sup-tour-ibiza\/#primaryimage\"},\"thumbnailUrl\":\"https:\/\/stagpartynight.com\/fr\/wp-content\/uploads\/sites\/3\/2023\/12\/Paddle-Surf-SUP-Tour-Ibiza.png\",\"datePublished\":\"2023-12-22T10:32:30+00:00\",\"dateModified\":\"2024-01-08T11:46:40+00:00\",\"description\":\"Paddle Surf SUP Tour Ibiza. Pratiquez le paddle surfing avec un guide qui vous montrera les plus beaux endroits de l'\u00eele.\",\"breadcrumb\":{\"@id\":\"https:\/\/stagpartynight.com\/fr\/product\/paddle-surf-sup-tour-ibiza\/#breadcrumb\"},\"inLanguage\":\"en-GB\",\"potentialAction\":[{\"@type\":\"ReadAction\",\"target\":[\"https:\/\/stagpartynight.com\/fr\/product\/paddle-surf-sup-tour-ibiza\/\"]}]},{\"@type\":\"ImageObject\",\"inLanguage\":\"en-GB\",\"@id\":\"https:\/\/stagpartynight.com\/fr\/product\/paddle-surf-sup-tour-ibiza\/#primaryimage\",\"url\":\"https:\/\/stagpartynight.com\/fr\/wp-content\/uploads\/sites\/3\/2023\/12\/Paddle-Surf-SUP-Tour-Ibiza.png\",\"contentUrl\":\"https:\/\/stagpartynight.com\/fr\/wp-content\/uploads\/sites\/3\/2023\/12\/Paddle-Surf-SUP-Tour-Ibiza.png\",\"width\":520,\"height\":320,\"caption\":\"Paddle Surf SUP Tour Ibiza\"},{\"@type\":\"BreadcrumbList\",\"@id\":\"https:\/\/stagpartynight.com\/fr\/product\/paddle-surf-sup-tour-ibiza\/#breadcrumb\",\"itemListElement\":[{\"@type\":\"ListItem\",\"position\":1,\"name\":\"Home\",\"item\":\"https:\/\/stagpartynight.com\/fr\/\"},{\"@type\":\"ListItem\",\"position\":2,\"name\":\"Tienda\",\"item\":\"https:\/\/stagpartynight.com\/fr\/tienda\/\"},{\"@type\":\"ListItem\",\"position\":3,\"name\":\"Paddle Surf SUP Tour Ibiza\"}]},{\"@type\":\"WebSite\",\"@id\":\"https:\/\/stagpartynight.com\/fr\/#website\",\"url\":\"https:\/\/stagpartynight.com\/fr\/\",\"name\":\"Stag Party Night\",\"description\":\"Your Stag Party Customized\",\"publisher\":{\"@id\":\"https:\/\/stagpartynight.com\/fr\/#organization\"},\"potentialAction\":[{\"@type\":\"SearchAction\",\"target\":{\"@type\":\"EntryPoint\",\"urlTemplate\":\"https:\/\/stagpartynight.com\/fr\/?s={search_term_string}\"},\"query-input\":{\"@type\":\"PropertyValueSpecification\",\"valueRequired\":true,\"valueName\":\"search_term_string\"}}],\"inLanguage\":\"en-GB\"},{\"@type\":\"Organization\",\"@id\":\"https:\/\/stagpartynight.com\/fr\/#organization\",\"name\":\"Stag Party Night\",\"url\":\"https:\/\/stagpartynight.com\/fr\/\",\"logo\":{\"@type\":\"ImageObject\",\"inLanguage\":\"en-GB\",\"@id\":\"https:\/\/stagpartynight.com\/fr\/#\/schema\/logo\/image\/\",\"url\":\"https:\/\/stagpartynight.com\/fr\/wp-content\/uploads\/sites\/3\/2019\/12\/stagpartynight-e1578565505687.png\",\"contentUrl\":\"https:\/\/stagpartynight.com\/fr\/wp-content\/uploads\/sites\/3\/2019\/12\/stagpartynight-e1578565505687.png\",\"width\":400,\"height\":400,\"caption\":\"Stag Party Night\"},\"image\":{\"@id\":\"https:\/\/stagpartynight.com\/fr\/#\/schema\/logo\/image\/\"}}]}<\/script>\n<!-- \/ Yoast SEO plugin. -->","yoast_head_json":{"title":"Paddle Surf SUP Tour Ibiza","description":"Paddle Surf SUP Tour Ibiza. Pratiquez le paddle surfing avec un guide qui vous montrera les plus beaux endroits de l'\u00eele.","robots":{"index":"index","follow":"follow","max-snippet":"max-snippet:-1","max-image-preview":"max-image-preview:large","max-video-preview":"max-video-preview:-1"},"canonical":"https:\/\/stagpartynight.com\/fr\/product\/paddle-surf-sup-tour-ibiza\/","og_locale":"en_GB","og_type":"article","og_title":"Paddle Surf SUP Tour Ibiza","og_description":"Paddle Surf SUP Tour Ibiza. Pratiquez le paddle surfing avec un guide qui vous montrera les plus beaux endroits de l'\u00eele.","og_url":"https:\/\/stagpartynight.com\/fr\/product\/paddle-surf-sup-tour-ibiza\/","og_site_name":"Nuit de f\u00eate de cerf","article_modified_time":"2024-01-08T11:46:40+00:00","og_image":[{"width":520,"height":320,"url":"https:\/\/stagpartynight.com\/fr\/wp-content\/uploads\/sites\/3\/2023\/12\/Paddle-Surf-SUP-Tour-Ibiza.png","type":"image\/png"}],"twitter_card":"summary_large_image","twitter_misc":{"Estimated reading time":"2 minutes"},"schema":{"@context":"https:\/\/schema.org","@graph":[{"@type":"WebPage","@id":"https:\/\/stagpartynight.com\/fr\/product\/paddle-surf-sup-tour-ibiza\/","url":"https:\/\/stagpartynight.com\/fr\/product\/paddle-surf-sup-tour-ibiza\/","name":"Paddle Surf SUP Tour Ibiza","isPartOf":{"@id":"https:\/\/stagpartynight.com\/fr\/#website"},"primaryImageOfPage":{"@id":"https:\/\/stagpartynight.com\/fr\/product\/paddle-surf-sup-tour-ibiza\/#primaryimage"},"image":{"@id":"https:\/\/stagpartynight.com\/fr\/product\/paddle-surf-sup-tour-ibiza\/#primaryimage"},"thumbnailUrl":"https:\/\/stagpartynight.com\/fr\/wp-content\/uploads\/sites\/3\/2023\/12\/Paddle-Surf-SUP-Tour-Ibiza.png","datePublished":"2023-12-22T10:32:30+00:00","dateModified":"2024-01-08T11:46:40+00:00","description":"Paddle Surf SUP Tour Ibiza. Pratiquez le paddle surfing avec un guide qui vous montrera les plus beaux endroits de l'\u00eele.","breadcrumb":{"@id":"https:\/\/stagpartynight.com\/fr\/product\/paddle-surf-sup-tour-ibiza\/#breadcrumb"},"inLanguage":"en-GB","potentialAction":[{"@type":"ReadAction","target":["https:\/\/stagpartynight.com\/fr\/product\/paddle-surf-sup-tour-ibiza\/"]}]},{"@type":"ImageObject","inLanguage":"en-GB","@id":"https:\/\/stagpartynight.com\/fr\/product\/paddle-surf-sup-tour-ibiza\/#primaryimage","url":"https:\/\/stagpartynight.com\/fr\/wp-content\/uploads\/sites\/3\/2023\/12\/Paddle-Surf-SUP-Tour-Ibiza.png","contentUrl":"https:\/\/stagpartynight.com\/fr\/wp-content\/uploads\/sites\/3\/2023\/12\/Paddle-Surf-SUP-Tour-Ibiza.png","width":520,"height":320,"caption":"Paddle Surf SUP Tour Ibiza"},{"@type":"BreadcrumbList","@id":"https:\/\/stagpartynight.com\/fr\/product\/paddle-surf-sup-tour-ibiza\/#breadcrumb","itemListElement":[{"@type":"ListItem","position":1,"name":"Home","item":"https:\/\/stagpartynight.com\/fr\/"},{"@type":"ListItem","position":2,"name":"Tienda","item":"https:\/\/stagpartynight.com\/fr\/tienda\/"},{"@type":"ListItem","position":3,"name":"Paddle Surf SUP Tour Ibiza"}]},{"@type":"WebSite","@id":"https:\/\/stagpartynight.com\/fr\/#website","url":"https:\/\/stagpartynight.com\/fr\/","name":"Stag Party Night","description":"Your Stag Party Customized","publisher":{"@id":"https:\/\/stagpartynight.com\/fr\/#organization"},"potentialAction":[{"@type":"SearchAction","target":{"@type":"EntryPoint","urlTemplate":"https:\/\/stagpartynight.com\/fr\/?s={search_term_string}"},"query-input":{"@type":"PropertyValueSpecification","valueRequired":true,"valueName":"search_term_string"}}],"inLanguage":"en-GB"},{"@type":"Organization","@id":"https:\/\/stagpartynight.com\/fr\/#organization","name":"Stag Party Night","url":"https:\/\/stagpartynight.com\/fr\/","logo":{"@type":"ImageObject","inLanguage":"en-GB","@id":"https:\/\/stagpartynight.com\/fr\/#\/schema\/logo\/image\/","url":"https:\/\/stagpartynight.com\/fr\/wp-content\/uploads\/sites\/3\/2019\/12\/stagpartynight-e1578565505687.png","contentUrl":"https:\/\/stagpartynight.com\/fr\/wp-content\/uploads\/sites\/3\/2019\/12\/stagpartynight-e1578565505687.png","width":400,"height":400,"caption":"Stag Party Night"},"image":{"@id":"https:\/\/stagpartynight.com\/fr\/#\/schema\/logo\/image\/"}}]}},"_links":{"self":[{"href":"https:\/\/stagpartynight.com\/fr\/wp-json\/wp\/v2\/product\/2672","targetHints":{"allow":["GET"]}}],"collection":[{"href":"https:\/\/stagpartynight.com\/fr\/wp-json\/wp\/v2\/product"}],"about":[{"href":"https:\/\/stagpartynight.com\/fr\/wp-json\/wp\/v2\/types\/product"}],"replies":[{"embeddable":true,"href":"https:\/\/stagpartynight.com\/fr\/wp-json\/wp\/v2\/comments?post=2672"}],"wp:featuredmedia":[{"embeddable":true,"href":"https:\/\/stagpartynight.com\/fr\/wp-json\/wp\/v2\/media\/2673"}],"wp:attachment":[{"href":"https:\/\/stagpartynight.com\/fr\/wp-json\/wp\/v2\/media?parent=2672"}],"wp:term":[{"taxonomy":"product_brand","embeddable":true,"href":"https:\/\/stagpartynight.com\/fr\/wp-json\/wp\/v2\/product_brand?post=2672"},{"taxonomy":"product_cat","embeddable":true,"href":"https:\/\/stagpartynight.com\/fr\/wp-json\/wp\/v2\/product_cat?post=2672"},{"taxonomy":"product_tag","embeddable":true,"href":"https:\/\/stagpartynight.com\/fr\/wp-json\/wp\/v2\/product_tag?post=2672"}],"curies":[{"name":"wp","href":"https:\/\/api.w.org\/{rel}","templated":true}]}}