{"id":2674,"date":"2023-12-22T11:40:47","date_gmt":"2023-12-22T10:40:47","guid":{"rendered":"https:\/\/stagpartynight.com\/fr\/?post_type=product&#038;p=2674"},"modified":"2024-01-08T12:46:39","modified_gmt":"2024-01-08T11:46:39","slug":"brunch-au-cava-illimite-ibiza","status":"publish","type":"product","link":"https:\/\/stagpartynight.com\/fr\/product\/brunch-au-cava-illimite-ibiza\/","title":{"rendered":"Brunch au cava illimit\u00e9 Ibiza"},"content":{"rendered":"<p>Brunch au cava illimit\u00e9 Ibiza. Profitez d&#8217;un d\u00e9jeuner exquis avec deux heures de cava \u00e0 volont\u00e9, un cocktail et un plat de votre choix!<\/p>\n<p>Les meilleurs enterrements de vie de gar\u00e7on avec <a href=\"https:\/\/stagpartynight.com\/\">StagParty<\/a><\/p>\n<h2>Brunch au cava illimit\u00e9 Ibiza<\/h2>\n<h4>\ud83e\udd42 Brunch Exquis \u00e0 Ibiza : Deux Heures de Cava Illimit\u00e9 et D\u00e9lices Culinaires \u00e0 Savourer !<\/h4>\n<p>\ud83c\udf1e D\u00e9couvrez l&#8217;essence de l&#8217;\u00eele blanche avec notre brunch unique \u00e0 Ibiza, une exp\u00e9rience gastronomique qui conjugue raffinement et convivialit\u00e9.<\/p>\n<p>\ud83c\udf7d\ufe0f Plongez dans une vari\u00e9t\u00e9 de choix d\u00e9lectables pour satisfaire tous les palais. Du traditionnel English Breakfast aux options v\u00e9g\u00e9tariennes savoureuses, en passant par les classiques \u0153ufs b\u00e9n\u00e9dictins ou l&#8217;opulence des \u0153ufs royal, chaque plat est une aventure culinaire.<\/p>\n<p>\ud83c\udf79 Accompagnez ces d\u00e9lices avec l&#8217;un de nos cocktails signature. Laissez-vous tenter par la vivacit\u00e9 du Tequila Sunrise, la sophistication du Pornstar Martini ou la fra\u00eecheur du Sex on The Beach.<\/p>\n<p>\ud83e\udd42 Mais le clou de cette exp\u00e9rience culinaire est sans aucun doute les deux heures de cava illimit\u00e9. Laissez-vous bercer par les bulles dor\u00e9es de ce d\u00e9licieux vin mousseux espagnol tout en savourant chaque bouch\u00e9e.<\/p>\n<p>\ud83c\udf7e Partagez ce moment de bonheur avec vos proches dans une atmosph\u00e8re d\u00e9contract\u00e9e et festive. Les rires et les conversations anim\u00e9es cr\u00e9eront des souvenirs qui dureront bien au-del\u00e0 de cette journ\u00e9e.<\/p>\n<p>\ud83c\udf05 Profitez pleinement de chaque instant, que ce soit en savourant les saveurs exquises de votre plat pr\u00e9f\u00e9r\u00e9, en trinquant avec vos amis ou en vous relaxant sous le soleil ibizien.<\/p>\n<p>\ud83c\udf73 R\u00e9servez d\u00e8s maintenant votre table pour cette exp\u00e9rience exceptionnelle, o\u00f9 la gastronomie rencontre la joie de vivre \u00e0 <a href=\"https:\/\/es.wikipedia.org\/wiki\/Ibiza\">Ibiza<\/a>. Laissez-vous emporter par la magie de cette \u00eele m\u00e9diterran\u00e9enne, o\u00f9 la bonne cuisine et la convivialit\u00e9 sont au rendez-vous. \ud83c\udf34\ud83c\udf7e<\/p>\n<p>&nbsp;<\/p>\n<p>&nbsp;<\/p>\n","protected":false},"excerpt":{"rendered":"<p>Brunch au cava illimit\u00e9 Ibiza. Profitez d&#8217;un d\u00e9jeuner exquis avec deux heures de cava \u00e0 volont\u00e9, un cocktail et un plat de votre choix! Les meilleurs enterrements de vie de gar\u00e7on avec StagParty Brunch au cava illimit\u00e9 Ibiza \ud83e\udd42 Brunch Exquis \u00e0 Ibiza : Deux Heures de Cava Illimit\u00e9 et D\u00e9lices Culinaires \u00e0 Savourer ! [&hellip;]<\/p>\n","protected":false},"featured_media":2675,"comment_status":"open","ping_status":"closed","template":"","meta":{"_et_pb_use_builder":"","_et_pb_old_content":"","_et_gb_content_width":""},"product_brand":[],"product_cat":[218,113],"product_tag":[],"class_list":{"0":"post-2674","1":"product","2":"type-product","3":"status-publish","4":"has-post-thumbnail","6":"product_cat-uncategorised","7":"product_cat-ibiza","9":"first","10":"instock","11":"shipping-taxable","12":"product-type-simple"},"yoast_head":"<!-- This site is optimized with the Yoast SEO plugin v26.4 - https:\/\/yoast.com\/wordpress\/plugins\/seo\/ -->\n<title>Brunch au cava illimit\u00e9 Ibiza<\/title>\n<meta name=\"description\" content=\"Brunch au cava illimit\u00e9 Ibiza. Profitez d&#039;un d\u00e9jeuner exquis avec deux heures de cava \u00e0 volont\u00e9, un cocktail et un plat de votre choix.\" \/>\n<meta name=\"robots\" content=\"index, follow, max-snippet:-1, max-image-preview:large, max-video-preview:-1\" \/>\n<link rel=\"canonical\" href=\"https:\/\/stagpartynight.com\/fr\/product\/brunch-au-cava-illimite-ibiza\/\" \/>\n<meta property=\"og:locale\" content=\"en_GB\" \/>\n<meta property=\"og:type\" content=\"article\" \/>\n<meta property=\"og:title\" content=\"Brunch au cava illimit\u00e9 Ibiza\" \/>\n<meta property=\"og:description\" content=\"Brunch au cava illimit\u00e9 Ibiza. Profitez d&#039;un d\u00e9jeuner exquis avec deux heures de cava \u00e0 volont\u00e9, un cocktail et un plat de votre choix.\" \/>\n<meta property=\"og:url\" content=\"https:\/\/stagpartynight.com\/fr\/product\/brunch-au-cava-illimite-ibiza\/\" \/>\n<meta property=\"og:site_name\" content=\"Nuit de f\u00eate de cerf\" \/>\n<meta property=\"article:modified_time\" content=\"2024-01-08T11:46:39+00:00\" \/>\n<meta property=\"og:image\" content=\"https:\/\/stagpartynight.com\/fr\/wp-content\/uploads\/sites\/3\/2023\/12\/Brunch-au-cava-illimite-Ibiza.jpg\" \/>\n\t<meta property=\"og:image:width\" content=\"1280\" \/>\n\t<meta property=\"og:image:height\" content=\"960\" \/>\n\t<meta property=\"og:image:type\" content=\"image\/jpeg\" \/>\n<meta name=\"twitter:card\" content=\"summary_large_image\" \/>\n<meta name=\"twitter:label1\" content=\"Estimated reading time\" \/>\n\t<meta name=\"twitter:data1\" content=\"2 minutes\" \/>\n<script type=\"application\/ld+json\" class=\"yoast-schema-graph\">{\"@context\":\"https:\/\/schema.org\",\"@graph\":[{\"@type\":\"WebPage\",\"@id\":\"https:\/\/stagpartynight.com\/fr\/product\/brunch-au-cava-illimite-ibiza\/\",\"url\":\"https:\/\/stagpartynight.com\/fr\/product\/brunch-au-cava-illimite-ibiza\/\",\"name\":\"Brunch au cava illimit\u00e9 Ibiza\",\"isPartOf\":{\"@id\":\"https:\/\/stagpartynight.com\/fr\/#website\"},\"primaryImageOfPage\":{\"@id\":\"https:\/\/stagpartynight.com\/fr\/product\/brunch-au-cava-illimite-ibiza\/#primaryimage\"},\"image\":{\"@id\":\"https:\/\/stagpartynight.com\/fr\/product\/brunch-au-cava-illimite-ibiza\/#primaryimage\"},\"thumbnailUrl\":\"https:\/\/stagpartynight.com\/fr\/wp-content\/uploads\/sites\/3\/2023\/12\/Brunch-au-cava-illimite-Ibiza.jpg\",\"datePublished\":\"2023-12-22T10:40:47+00:00\",\"dateModified\":\"2024-01-08T11:46:39+00:00\",\"description\":\"Brunch au cava illimit\u00e9 Ibiza. Profitez d'un d\u00e9jeuner exquis avec deux heures de cava \u00e0 volont\u00e9, un cocktail et un plat de votre choix.\",\"breadcrumb\":{\"@id\":\"https:\/\/stagpartynight.com\/fr\/product\/brunch-au-cava-illimite-ibiza\/#breadcrumb\"},\"inLanguage\":\"en-GB\",\"potentialAction\":[{\"@type\":\"ReadAction\",\"target\":[\"https:\/\/stagpartynight.com\/fr\/product\/brunch-au-cava-illimite-ibiza\/\"]}]},{\"@type\":\"ImageObject\",\"inLanguage\":\"en-GB\",\"@id\":\"https:\/\/stagpartynight.com\/fr\/product\/brunch-au-cava-illimite-ibiza\/#primaryimage\",\"url\":\"https:\/\/stagpartynight.com\/fr\/wp-content\/uploads\/sites\/3\/2023\/12\/Brunch-au-cava-illimite-Ibiza.jpg\",\"contentUrl\":\"https:\/\/stagpartynight.com\/fr\/wp-content\/uploads\/sites\/3\/2023\/12\/Brunch-au-cava-illimite-Ibiza.jpg\",\"width\":1280,\"height\":960,\"caption\":\"Brunch au cava illimit\u00e9 Ibiza\"},{\"@type\":\"BreadcrumbList\",\"@id\":\"https:\/\/stagpartynight.com\/fr\/product\/brunch-au-cava-illimite-ibiza\/#breadcrumb\",\"itemListElement\":[{\"@type\":\"ListItem\",\"position\":1,\"name\":\"Home\",\"item\":\"https:\/\/stagpartynight.com\/fr\/\"},{\"@type\":\"ListItem\",\"position\":2,\"name\":\"Tienda\",\"item\":\"https:\/\/stagpartynight.com\/fr\/tienda\/\"},{\"@type\":\"ListItem\",\"position\":3,\"name\":\"Brunch au cava illimit\u00e9 Ibiza\"}]},{\"@type\":\"WebSite\",\"@id\":\"https:\/\/stagpartynight.com\/fr\/#website\",\"url\":\"https:\/\/stagpartynight.com\/fr\/\",\"name\":\"Stag Party Night\",\"description\":\"Your Stag Party Customized\",\"publisher\":{\"@id\":\"https:\/\/stagpartynight.com\/fr\/#organization\"},\"potentialAction\":[{\"@type\":\"SearchAction\",\"target\":{\"@type\":\"EntryPoint\",\"urlTemplate\":\"https:\/\/stagpartynight.com\/fr\/?s={search_term_string}\"},\"query-input\":{\"@type\":\"PropertyValueSpecification\",\"valueRequired\":true,\"valueName\":\"search_term_string\"}}],\"inLanguage\":\"en-GB\"},{\"@type\":\"Organization\",\"@id\":\"https:\/\/stagpartynight.com\/fr\/#organization\",\"name\":\"Stag Party Night\",\"url\":\"https:\/\/stagpartynight.com\/fr\/\",\"logo\":{\"@type\":\"ImageObject\",\"inLanguage\":\"en-GB\",\"@id\":\"https:\/\/stagpartynight.com\/fr\/#\/schema\/logo\/image\/\",\"url\":\"https:\/\/stagpartynight.com\/fr\/wp-content\/uploads\/sites\/3\/2019\/12\/stagpartynight-e1578565505687.png\",\"contentUrl\":\"https:\/\/stagpartynight.com\/fr\/wp-content\/uploads\/sites\/3\/2019\/12\/stagpartynight-e1578565505687.png\",\"width\":400,\"height\":400,\"caption\":\"Stag Party Night\"},\"image\":{\"@id\":\"https:\/\/stagpartynight.com\/fr\/#\/schema\/logo\/image\/\"}}]}<\/script>\n<!-- \/ Yoast SEO plugin. -->","yoast_head_json":{"title":"Brunch au cava illimit\u00e9 Ibiza","description":"Brunch au cava illimit\u00e9 Ibiza. Profitez d'un d\u00e9jeuner exquis avec deux heures de cava \u00e0 volont\u00e9, un cocktail et un plat de votre choix.","robots":{"index":"index","follow":"follow","max-snippet":"max-snippet:-1","max-image-preview":"max-image-preview:large","max-video-preview":"max-video-preview:-1"},"canonical":"https:\/\/stagpartynight.com\/fr\/product\/brunch-au-cava-illimite-ibiza\/","og_locale":"en_GB","og_type":"article","og_title":"Brunch au cava illimit\u00e9 Ibiza","og_description":"Brunch au cava illimit\u00e9 Ibiza. Profitez d'un d\u00e9jeuner exquis avec deux heures de cava \u00e0 volont\u00e9, un cocktail et un plat de votre choix.","og_url":"https:\/\/stagpartynight.com\/fr\/product\/brunch-au-cava-illimite-ibiza\/","og_site_name":"Nuit de f\u00eate de cerf","article_modified_time":"2024-01-08T11:46:39+00:00","og_image":[{"width":1280,"height":960,"url":"https:\/\/stagpartynight.com\/fr\/wp-content\/uploads\/sites\/3\/2023\/12\/Brunch-au-cava-illimite-Ibiza.jpg","type":"image\/jpeg"}],"twitter_card":"summary_large_image","twitter_misc":{"Estimated reading time":"2 minutes"},"schema":{"@context":"https:\/\/schema.org","@graph":[{"@type":"WebPage","@id":"https:\/\/stagpartynight.com\/fr\/product\/brunch-au-cava-illimite-ibiza\/","url":"https:\/\/stagpartynight.com\/fr\/product\/brunch-au-cava-illimite-ibiza\/","name":"Brunch au cava illimit\u00e9 Ibiza","isPartOf":{"@id":"https:\/\/stagpartynight.com\/fr\/#website"},"primaryImageOfPage":{"@id":"https:\/\/stagpartynight.com\/fr\/product\/brunch-au-cava-illimite-ibiza\/#primaryimage"},"image":{"@id":"https:\/\/stagpartynight.com\/fr\/product\/brunch-au-cava-illimite-ibiza\/#primaryimage"},"thumbnailUrl":"https:\/\/stagpartynight.com\/fr\/wp-content\/uploads\/sites\/3\/2023\/12\/Brunch-au-cava-illimite-Ibiza.jpg","datePublished":"2023-12-22T10:40:47+00:00","dateModified":"2024-01-08T11:46:39+00:00","description":"Brunch au cava illimit\u00e9 Ibiza. Profitez d'un d\u00e9jeuner exquis avec deux heures de cava \u00e0 volont\u00e9, un cocktail et un plat de votre choix.","breadcrumb":{"@id":"https:\/\/stagpartynight.com\/fr\/product\/brunch-au-cava-illimite-ibiza\/#breadcrumb"},"inLanguage":"en-GB","potentialAction":[{"@type":"ReadAction","target":["https:\/\/stagpartynight.com\/fr\/product\/brunch-au-cava-illimite-ibiza\/"]}]},{"@type":"ImageObject","inLanguage":"en-GB","@id":"https:\/\/stagpartynight.com\/fr\/product\/brunch-au-cava-illimite-ibiza\/#primaryimage","url":"https:\/\/stagpartynight.com\/fr\/wp-content\/uploads\/sites\/3\/2023\/12\/Brunch-au-cava-illimite-Ibiza.jpg","contentUrl":"https:\/\/stagpartynight.com\/fr\/wp-content\/uploads\/sites\/3\/2023\/12\/Brunch-au-cava-illimite-Ibiza.jpg","width":1280,"height":960,"caption":"Brunch au cava illimit\u00e9 Ibiza"},{"@type":"BreadcrumbList","@id":"https:\/\/stagpartynight.com\/fr\/product\/brunch-au-cava-illimite-ibiza\/#breadcrumb","itemListElement":[{"@type":"ListItem","position":1,"name":"Home","item":"https:\/\/stagpartynight.com\/fr\/"},{"@type":"ListItem","position":2,"name":"Tienda","item":"https:\/\/stagpartynight.com\/fr\/tienda\/"},{"@type":"ListItem","position":3,"name":"Brunch au cava illimit\u00e9 Ibiza"}]},{"@type":"WebSite","@id":"https:\/\/stagpartynight.com\/fr\/#website","url":"https:\/\/stagpartynight.com\/fr\/","name":"Stag Party Night","description":"Your Stag Party Customized","publisher":{"@id":"https:\/\/stagpartynight.com\/fr\/#organization"},"potentialAction":[{"@type":"SearchAction","target":{"@type":"EntryPoint","urlTemplate":"https:\/\/stagpartynight.com\/fr\/?s={search_term_string}"},"query-input":{"@type":"PropertyValueSpecification","valueRequired":true,"valueName":"search_term_string"}}],"inLanguage":"en-GB"},{"@type":"Organization","@id":"https:\/\/stagpartynight.com\/fr\/#organization","name":"Stag Party Night","url":"https:\/\/stagpartynight.com\/fr\/","logo":{"@type":"ImageObject","inLanguage":"en-GB","@id":"https:\/\/stagpartynight.com\/fr\/#\/schema\/logo\/image\/","url":"https:\/\/stagpartynight.com\/fr\/wp-content\/uploads\/sites\/3\/2019\/12\/stagpartynight-e1578565505687.png","contentUrl":"https:\/\/stagpartynight.com\/fr\/wp-content\/uploads\/sites\/3\/2019\/12\/stagpartynight-e1578565505687.png","width":400,"height":400,"caption":"Stag Party Night"},"image":{"@id":"https:\/\/stagpartynight.com\/fr\/#\/schema\/logo\/image\/"}}]}},"_links":{"self":[{"href":"https:\/\/stagpartynight.com\/fr\/wp-json\/wp\/v2\/product\/2674","targetHints":{"allow":["GET"]}}],"collection":[{"href":"https:\/\/stagpartynight.com\/fr\/wp-json\/wp\/v2\/product"}],"about":[{"href":"https:\/\/stagpartynight.com\/fr\/wp-json\/wp\/v2\/types\/product"}],"replies":[{"embeddable":true,"href":"https:\/\/stagpartynight.com\/fr\/wp-json\/wp\/v2\/comments?post=2674"}],"wp:featuredmedia":[{"embeddable":true,"href":"https:\/\/stagpartynight.com\/fr\/wp-json\/wp\/v2\/media\/2675"}],"wp:attachment":[{"href":"https:\/\/stagpartynight.com\/fr\/wp-json\/wp\/v2\/media?parent=2674"}],"wp:term":[{"taxonomy":"product_brand","embeddable":true,"href":"https:\/\/stagpartynight.com\/fr\/wp-json\/wp\/v2\/product_brand?post=2674"},{"taxonomy":"product_cat","embeddable":true,"href":"https:\/\/stagpartynight.com\/fr\/wp-json\/wp\/v2\/product_cat?post=2674"},{"taxonomy":"product_tag","embeddable":true,"href":"https:\/\/stagpartynight.com\/fr\/wp-json\/wp\/v2\/product_tag?post=2674"}],"curies":[{"name":"wp","href":"https:\/\/api.w.org\/{rel}","templated":true}]}}