{"id":2676,"date":"2023-12-22T11:47:49","date_gmt":"2023-12-22T10:47:49","guid":{"rendered":"https:\/\/stagpartynight.com\/fr\/?post_type=product&#038;p=2676"},"modified":"2024-01-08T12:46:38","modified_gmt":"2024-01-08T11:46:38","slug":"dejeuner-avec-biere-illimitee-ibiza","status":"publish","type":"product","link":"https:\/\/stagpartynight.com\/fr\/product\/dejeuner-avec-biere-illimitee-ibiza\/","title":{"rendered":"D\u00e9jeuner avec bi\u00e8re illimit\u00e9e Ibiza"},"content":{"rendered":"<p>D\u00e9jeuner avec bi\u00e8re illimit\u00e9e Ibiza. Profitez d&#8217;un cocktail, d&#8217;un plat au choix et de deux heures de bi\u00e8re ou de cava \u00e0 volont\u00e9.<\/p>\n<p>Les meilleurs enterrements de vie de gar\u00e7on avec <a href=\"https:\/\/stagpartynight.com\/\">Stagparty<\/a><\/p>\n<h2>D\u00e9jeuner avec bi\u00e8re illimit\u00e9e Ibiza<\/h2>\n<h4>\ud83c\udf7d\ufe0f D\u00e9gustation Gourmande \u00e0 Ibiza : Deux Heures de Bi\u00e8re ou Cava \u00e0 Volont\u00e9 et Plaisirs Culinaires \u00e0 Emporter !<\/h4>\n<p>\ud83c\udf1e Offrez-vous une exp\u00e9rience culinaire unique \u00e0 Ibiza! La bonne cuisine et l&#8217;ambiance festive se marient pour cr\u00e9er un moment inoubliable.<\/p>\n<p>\ud83c\udf7b Optez pour notre formule sp\u00e9ciale avec deux heures de bi\u00e8re ou de cava \u00e0 volont\u00e9, ajoutant une touche p\u00e9tillante \u00e0 votre repas.<\/p>\n<p>\ud83c\udf78 Accompagnez votre exp\u00e9rience avec l&#8217;un de nos cocktails signature. Choisissez entre le dynamique Tequila Sunrise, l&#8217;\u00e9l\u00e9gant Pornstar Martini ou le rafra\u00eechissant Sex on The Beach.<\/p>\n<p>\ud83c\udf54 C\u00f4t\u00e9 plat, faites votre choix parmi notre s\u00e9lection app\u00e9tissante. Optez pour la simplicit\u00e9 savoureuse de la hamburguesa cl\u00e1sica con queso, ou explorez des saveurs v\u00e9g\u00e9taliennes avec la hamburguesa vegana. Les amateurs de volaille peuvent se r\u00e9galer avec la hamburgeusa de pollo, tandis que les gourmands curieux peuvent savourer un sandwich sp\u00e9cial de la maison.<\/p>\n<p>\ud83e\udd42 Le clou de cette exp\u00e9rience est sans aucun doute les deux heures de boissons \u00e0 volont\u00e9! Ajoutant une ambiance d\u00e9contract\u00e9e et festive \u00e0 votre repas.<\/p>\n<p>\ud83c\udf05 Profitez pleinement de chaque bouch\u00e9e, savourant les d\u00e9lices de votre choix tout en trinquant \u00e0 la vie sous le soleil ibizien.<\/p>\n<p>\ud83c\udf7e Partagez ce moment convivial avec vos amis, votre famille ou vos proches dans une atmosph\u00e8re d\u00e9contract\u00e9e et chaleureuse.<\/p>\n<p>\ud83c\udf74 R\u00e9servez d\u00e8s maintenant votre table pour une exp\u00e9rience gastronomique exceptionnelle \u00e0 <a href=\"https:\/\/es.wikipedia.org\/wiki\/Ibiza\">Ibiza<\/a>, o\u00f9 le plaisir culinaire se conjugue avec l&#8217;effervescence des boissons \u00e0 volont\u00e9. \ud83c\udf34\ud83c\udf7b<\/p>\n<p>&nbsp;<\/p>\n","protected":false},"excerpt":{"rendered":"<p>D\u00e9jeuner avec bi\u00e8re illimit\u00e9e Ibiza. Profitez d&#8217;un cocktail, d&#8217;un plat au choix et de deux heures de bi\u00e8re ou de cava \u00e0 volont\u00e9. Les meilleurs enterrements de vie de gar\u00e7on avec Stagparty D\u00e9jeuner avec bi\u00e8re illimit\u00e9e Ibiza \ud83c\udf7d\ufe0f D\u00e9gustation Gourmande \u00e0 Ibiza : Deux Heures de Bi\u00e8re ou Cava \u00e0 Volont\u00e9 et Plaisirs Culinaires \u00e0 [&hellip;]<\/p>\n","protected":false},"featured_media":2677,"comment_status":"open","ping_status":"closed","template":"","meta":{"_et_pb_use_builder":"","_et_pb_old_content":"","_et_gb_content_width":""},"product_brand":[],"product_cat":[218,113],"product_tag":[],"class_list":{"0":"post-2676","1":"product","2":"type-product","3":"status-publish","4":"has-post-thumbnail","6":"product_cat-uncategorised","7":"product_cat-ibiza","9":"first","10":"instock","11":"shipping-taxable","12":"product-type-simple"},"yoast_head":"<!-- This site is optimized with the Yoast SEO plugin v26.4 - https:\/\/yoast.com\/wordpress\/plugins\/seo\/ -->\n<title>D\u00e9jeuner avec bi\u00e8re illimit\u00e9e Ibiza<\/title>\n<meta name=\"description\" content=\"D\u00e9jeuner avec bi\u00e8re illimit\u00e9e Ibiza. Profitez d&#039;un cocktail, d&#039;un plat au choix et de deux heures de bi\u00e8re ou de cava \u00e0 volont\u00e9.\" \/>\n<meta name=\"robots\" content=\"index, follow, max-snippet:-1, max-image-preview:large, max-video-preview:-1\" \/>\n<link rel=\"canonical\" href=\"https:\/\/stagpartynight.com\/fr\/product\/dejeuner-avec-biere-illimitee-ibiza\/\" \/>\n<meta property=\"og:locale\" content=\"en_GB\" \/>\n<meta property=\"og:type\" content=\"article\" \/>\n<meta property=\"og:title\" content=\"D\u00e9jeuner avec bi\u00e8re illimit\u00e9e Ibiza\" \/>\n<meta property=\"og:description\" content=\"D\u00e9jeuner avec bi\u00e8re illimit\u00e9e Ibiza. Profitez d&#039;un cocktail, d&#039;un plat au choix et de deux heures de bi\u00e8re ou de cava \u00e0 volont\u00e9.\" \/>\n<meta property=\"og:url\" content=\"https:\/\/stagpartynight.com\/fr\/product\/dejeuner-avec-biere-illimitee-ibiza\/\" \/>\n<meta property=\"og:site_name\" content=\"Nuit de f\u00eate de cerf\" \/>\n<meta property=\"article:modified_time\" content=\"2024-01-08T11:46:38+00:00\" \/>\n<meta property=\"og:image\" content=\"https:\/\/stagpartynight.com\/fr\/wp-content\/uploads\/sites\/3\/2023\/12\/Dejeuner-avec-biere-illimitee-Ibiza.jpg\" \/>\n\t<meta property=\"og:image:width\" content=\"1280\" \/>\n\t<meta property=\"og:image:height\" content=\"1920\" \/>\n\t<meta property=\"og:image:type\" content=\"image\/jpeg\" \/>\n<meta name=\"twitter:card\" content=\"summary_large_image\" \/>\n<meta name=\"twitter:label1\" content=\"Estimated reading time\" \/>\n\t<meta name=\"twitter:data1\" content=\"2 minutes\" \/>\n<script type=\"application\/ld+json\" class=\"yoast-schema-graph\">{\"@context\":\"https:\/\/schema.org\",\"@graph\":[{\"@type\":\"WebPage\",\"@id\":\"https:\/\/stagpartynight.com\/fr\/product\/dejeuner-avec-biere-illimitee-ibiza\/\",\"url\":\"https:\/\/stagpartynight.com\/fr\/product\/dejeuner-avec-biere-illimitee-ibiza\/\",\"name\":\"D\u00e9jeuner avec bi\u00e8re illimit\u00e9e Ibiza\",\"isPartOf\":{\"@id\":\"https:\/\/stagpartynight.com\/fr\/#website\"},\"primaryImageOfPage\":{\"@id\":\"https:\/\/stagpartynight.com\/fr\/product\/dejeuner-avec-biere-illimitee-ibiza\/#primaryimage\"},\"image\":{\"@id\":\"https:\/\/stagpartynight.com\/fr\/product\/dejeuner-avec-biere-illimitee-ibiza\/#primaryimage\"},\"thumbnailUrl\":\"https:\/\/stagpartynight.com\/fr\/wp-content\/uploads\/sites\/3\/2023\/12\/Dejeuner-avec-biere-illimitee-Ibiza.jpg\",\"datePublished\":\"2023-12-22T10:47:49+00:00\",\"dateModified\":\"2024-01-08T11:46:38+00:00\",\"description\":\"D\u00e9jeuner avec bi\u00e8re illimit\u00e9e Ibiza. Profitez d'un cocktail, d'un plat au choix et de deux heures de bi\u00e8re ou de cava \u00e0 volont\u00e9.\",\"breadcrumb\":{\"@id\":\"https:\/\/stagpartynight.com\/fr\/product\/dejeuner-avec-biere-illimitee-ibiza\/#breadcrumb\"},\"inLanguage\":\"en-GB\",\"potentialAction\":[{\"@type\":\"ReadAction\",\"target\":[\"https:\/\/stagpartynight.com\/fr\/product\/dejeuner-avec-biere-illimitee-ibiza\/\"]}]},{\"@type\":\"ImageObject\",\"inLanguage\":\"en-GB\",\"@id\":\"https:\/\/stagpartynight.com\/fr\/product\/dejeuner-avec-biere-illimitee-ibiza\/#primaryimage\",\"url\":\"https:\/\/stagpartynight.com\/fr\/wp-content\/uploads\/sites\/3\/2023\/12\/Dejeuner-avec-biere-illimitee-Ibiza.jpg\",\"contentUrl\":\"https:\/\/stagpartynight.com\/fr\/wp-content\/uploads\/sites\/3\/2023\/12\/Dejeuner-avec-biere-illimitee-Ibiza.jpg\",\"width\":1280,\"height\":1920,\"caption\":\"D\u00e9jeuner avec bi\u00e8re illimit\u00e9e Ibiza\"},{\"@type\":\"BreadcrumbList\",\"@id\":\"https:\/\/stagpartynight.com\/fr\/product\/dejeuner-avec-biere-illimitee-ibiza\/#breadcrumb\",\"itemListElement\":[{\"@type\":\"ListItem\",\"position\":1,\"name\":\"Home\",\"item\":\"https:\/\/stagpartynight.com\/fr\/\"},{\"@type\":\"ListItem\",\"position\":2,\"name\":\"Tienda\",\"item\":\"https:\/\/stagpartynight.com\/fr\/tienda\/\"},{\"@type\":\"ListItem\",\"position\":3,\"name\":\"D\u00e9jeuner avec bi\u00e8re illimit\u00e9e Ibiza\"}]},{\"@type\":\"WebSite\",\"@id\":\"https:\/\/stagpartynight.com\/fr\/#website\",\"url\":\"https:\/\/stagpartynight.com\/fr\/\",\"name\":\"Stag Party Night\",\"description\":\"Your Stag Party Customized\",\"publisher\":{\"@id\":\"https:\/\/stagpartynight.com\/fr\/#organization\"},\"potentialAction\":[{\"@type\":\"SearchAction\",\"target\":{\"@type\":\"EntryPoint\",\"urlTemplate\":\"https:\/\/stagpartynight.com\/fr\/?s={search_term_string}\"},\"query-input\":{\"@type\":\"PropertyValueSpecification\",\"valueRequired\":true,\"valueName\":\"search_term_string\"}}],\"inLanguage\":\"en-GB\"},{\"@type\":\"Organization\",\"@id\":\"https:\/\/stagpartynight.com\/fr\/#organization\",\"name\":\"Stag Party Night\",\"url\":\"https:\/\/stagpartynight.com\/fr\/\",\"logo\":{\"@type\":\"ImageObject\",\"inLanguage\":\"en-GB\",\"@id\":\"https:\/\/stagpartynight.com\/fr\/#\/schema\/logo\/image\/\",\"url\":\"https:\/\/stagpartynight.com\/fr\/wp-content\/uploads\/sites\/3\/2019\/12\/stagpartynight-e1578565505687.png\",\"contentUrl\":\"https:\/\/stagpartynight.com\/fr\/wp-content\/uploads\/sites\/3\/2019\/12\/stagpartynight-e1578565505687.png\",\"width\":400,\"height\":400,\"caption\":\"Stag Party Night\"},\"image\":{\"@id\":\"https:\/\/stagpartynight.com\/fr\/#\/schema\/logo\/image\/\"}}]}<\/script>\n<!-- \/ Yoast SEO plugin. -->","yoast_head_json":{"title":"D\u00e9jeuner avec bi\u00e8re illimit\u00e9e Ibiza","description":"D\u00e9jeuner avec bi\u00e8re illimit\u00e9e Ibiza. Profitez d'un cocktail, d'un plat au choix et de deux heures de bi\u00e8re ou de cava \u00e0 volont\u00e9.","robots":{"index":"index","follow":"follow","max-snippet":"max-snippet:-1","max-image-preview":"max-image-preview:large","max-video-preview":"max-video-preview:-1"},"canonical":"https:\/\/stagpartynight.com\/fr\/product\/dejeuner-avec-biere-illimitee-ibiza\/","og_locale":"en_GB","og_type":"article","og_title":"D\u00e9jeuner avec bi\u00e8re illimit\u00e9e Ibiza","og_description":"D\u00e9jeuner avec bi\u00e8re illimit\u00e9e Ibiza. Profitez d'un cocktail, d'un plat au choix et de deux heures de bi\u00e8re ou de cava \u00e0 volont\u00e9.","og_url":"https:\/\/stagpartynight.com\/fr\/product\/dejeuner-avec-biere-illimitee-ibiza\/","og_site_name":"Nuit de f\u00eate de cerf","article_modified_time":"2024-01-08T11:46:38+00:00","og_image":[{"width":1280,"height":1920,"url":"https:\/\/stagpartynight.com\/fr\/wp-content\/uploads\/sites\/3\/2023\/12\/Dejeuner-avec-biere-illimitee-Ibiza.jpg","type":"image\/jpeg"}],"twitter_card":"summary_large_image","twitter_misc":{"Estimated reading time":"2 minutes"},"schema":{"@context":"https:\/\/schema.org","@graph":[{"@type":"WebPage","@id":"https:\/\/stagpartynight.com\/fr\/product\/dejeuner-avec-biere-illimitee-ibiza\/","url":"https:\/\/stagpartynight.com\/fr\/product\/dejeuner-avec-biere-illimitee-ibiza\/","name":"D\u00e9jeuner avec bi\u00e8re illimit\u00e9e Ibiza","isPartOf":{"@id":"https:\/\/stagpartynight.com\/fr\/#website"},"primaryImageOfPage":{"@id":"https:\/\/stagpartynight.com\/fr\/product\/dejeuner-avec-biere-illimitee-ibiza\/#primaryimage"},"image":{"@id":"https:\/\/stagpartynight.com\/fr\/product\/dejeuner-avec-biere-illimitee-ibiza\/#primaryimage"},"thumbnailUrl":"https:\/\/stagpartynight.com\/fr\/wp-content\/uploads\/sites\/3\/2023\/12\/Dejeuner-avec-biere-illimitee-Ibiza.jpg","datePublished":"2023-12-22T10:47:49+00:00","dateModified":"2024-01-08T11:46:38+00:00","description":"D\u00e9jeuner avec bi\u00e8re illimit\u00e9e Ibiza. Profitez d'un cocktail, d'un plat au choix et de deux heures de bi\u00e8re ou de cava \u00e0 volont\u00e9.","breadcrumb":{"@id":"https:\/\/stagpartynight.com\/fr\/product\/dejeuner-avec-biere-illimitee-ibiza\/#breadcrumb"},"inLanguage":"en-GB","potentialAction":[{"@type":"ReadAction","target":["https:\/\/stagpartynight.com\/fr\/product\/dejeuner-avec-biere-illimitee-ibiza\/"]}]},{"@type":"ImageObject","inLanguage":"en-GB","@id":"https:\/\/stagpartynight.com\/fr\/product\/dejeuner-avec-biere-illimitee-ibiza\/#primaryimage","url":"https:\/\/stagpartynight.com\/fr\/wp-content\/uploads\/sites\/3\/2023\/12\/Dejeuner-avec-biere-illimitee-Ibiza.jpg","contentUrl":"https:\/\/stagpartynight.com\/fr\/wp-content\/uploads\/sites\/3\/2023\/12\/Dejeuner-avec-biere-illimitee-Ibiza.jpg","width":1280,"height":1920,"caption":"D\u00e9jeuner avec bi\u00e8re illimit\u00e9e Ibiza"},{"@type":"BreadcrumbList","@id":"https:\/\/stagpartynight.com\/fr\/product\/dejeuner-avec-biere-illimitee-ibiza\/#breadcrumb","itemListElement":[{"@type":"ListItem","position":1,"name":"Home","item":"https:\/\/stagpartynight.com\/fr\/"},{"@type":"ListItem","position":2,"name":"Tienda","item":"https:\/\/stagpartynight.com\/fr\/tienda\/"},{"@type":"ListItem","position":3,"name":"D\u00e9jeuner avec bi\u00e8re illimit\u00e9e Ibiza"}]},{"@type":"WebSite","@id":"https:\/\/stagpartynight.com\/fr\/#website","url":"https:\/\/stagpartynight.com\/fr\/","name":"Stag Party Night","description":"Your Stag Party Customized","publisher":{"@id":"https:\/\/stagpartynight.com\/fr\/#organization"},"potentialAction":[{"@type":"SearchAction","target":{"@type":"EntryPoint","urlTemplate":"https:\/\/stagpartynight.com\/fr\/?s={search_term_string}"},"query-input":{"@type":"PropertyValueSpecification","valueRequired":true,"valueName":"search_term_string"}}],"inLanguage":"en-GB"},{"@type":"Organization","@id":"https:\/\/stagpartynight.com\/fr\/#organization","name":"Stag Party Night","url":"https:\/\/stagpartynight.com\/fr\/","logo":{"@type":"ImageObject","inLanguage":"en-GB","@id":"https:\/\/stagpartynight.com\/fr\/#\/schema\/logo\/image\/","url":"https:\/\/stagpartynight.com\/fr\/wp-content\/uploads\/sites\/3\/2019\/12\/stagpartynight-e1578565505687.png","contentUrl":"https:\/\/stagpartynight.com\/fr\/wp-content\/uploads\/sites\/3\/2019\/12\/stagpartynight-e1578565505687.png","width":400,"height":400,"caption":"Stag Party Night"},"image":{"@id":"https:\/\/stagpartynight.com\/fr\/#\/schema\/logo\/image\/"}}]}},"_links":{"self":[{"href":"https:\/\/stagpartynight.com\/fr\/wp-json\/wp\/v2\/product\/2676","targetHints":{"allow":["GET"]}}],"collection":[{"href":"https:\/\/stagpartynight.com\/fr\/wp-json\/wp\/v2\/product"}],"about":[{"href":"https:\/\/stagpartynight.com\/fr\/wp-json\/wp\/v2\/types\/product"}],"replies":[{"embeddable":true,"href":"https:\/\/stagpartynight.com\/fr\/wp-json\/wp\/v2\/comments?post=2676"}],"wp:featuredmedia":[{"embeddable":true,"href":"https:\/\/stagpartynight.com\/fr\/wp-json\/wp\/v2\/media\/2677"}],"wp:attachment":[{"href":"https:\/\/stagpartynight.com\/fr\/wp-json\/wp\/v2\/media?parent=2676"}],"wp:term":[{"taxonomy":"product_brand","embeddable":true,"href":"https:\/\/stagpartynight.com\/fr\/wp-json\/wp\/v2\/product_brand?post=2676"},{"taxonomy":"product_cat","embeddable":true,"href":"https:\/\/stagpartynight.com\/fr\/wp-json\/wp\/v2\/product_cat?post=2676"},{"taxonomy":"product_tag","embeddable":true,"href":"https:\/\/stagpartynight.com\/fr\/wp-json\/wp\/v2\/product_tag?post=2676"}],"curies":[{"name":"wp","href":"https:\/\/api.w.org\/{rel}","templated":true}]}}