{"id":2678,"date":"2023-12-22T11:56:26","date_gmt":"2023-12-22T10:56:26","guid":{"rendered":"https:\/\/stagpartynight.com\/fr\/?post_type=product&#038;p=2678"},"modified":"2024-01-08T12:46:38","modified_gmt":"2024-01-08T11:46:38","slug":"diner-avec-vue-ibiza","status":"publish","type":"product","link":"https:\/\/stagpartynight.com\/fr\/product\/diner-avec-vue-ibiza\/","title":{"rendered":"D\u00eener avec vue Ibiza"},"content":{"rendered":"<p>D\u00eener avec vue Ibiza. Profitez d&#8217;un d\u00eener compos\u00e9 d&#8217;entr\u00e9es et de plats principaux accompagn\u00e9s d&#8217;un verre de vin et de vues depuis les hauteurs.<\/p>\n<p>Les meilleurs enterrements de vie de gar\u00e7on avec <a href=\"https:\/\/stagpartynight.com\/\">Stagparty<\/a><\/p>\n<h2>D\u00eener avec vue Ibiza<\/h2>\n<h4>\ud83c\udf7d\ufe0f D\u00eener Gourmet \u00e0 Ibiza : Saveurs Espagnoles dans une Ambiance Chaleureuse !<\/h4>\n<p>\ud83c\udf05 Offrez-vous une exp\u00e9rience culinaire authentique \u00e0 Ibiza, o\u00f9 la richesse de la gastronomie espagnole se m\u00eale \u00e0 une ambiance conviviale.<\/p>\n<p>\ud83c\udf72 Commencez par partager des entr\u00e9es typiquement espagnoles! Le pain \u00e0 l&#8217;ail, les olives traditionnelles et les piments padr\u00f3n, une symphonie de saveurs m\u00e9diterran\u00e9ennes.<\/p>\n<p>\ud83e\udd58 En plat principal, choisissez parmi des options all\u00e9chantes. Optez pour la viande grill\u00e9e, la tendre alliance du pollo con salchichas ou la g\u00e9n\u00e9rosit\u00e9 d&#8217;une parrillada de verduras y patatas pour les amateurs de l\u00e9gumes.<\/p>\n<p>\ud83c\udf77 Accompagnez ce festin d&#8217;une coupe de vin, s\u00e9lectionn\u00e9e pour sublimer chaque bouch\u00e9e et enrichir l&#8217;exp\u00e9rience culinaire.<\/p>\n<p>\ud83c\udf68 Concluez cette aventure gastronomique avec un dessert exquis, une note sucr\u00e9e parfaite pour clore votre soir\u00e9e en beaut\u00e9.<\/p>\n<p>\ud83e\udd42 Partagez ces d\u00e9lices avec vos proches dans une ambiance d\u00e9tendue, o\u00f9 chaque plat raconte une histoire culinaire espagnole authentique.<\/p>\n<p>\ud83c\udf34 R\u00e9servez votre table d\u00e8s maintenant pour un d\u00eener inoubliable \u00e0 Ibiza, o\u00f9 chaque moment est une c\u00e9l\u00e9bration de la vie, des saveurs et de la convivialit\u00e9. Profitez d&#8217;une soir\u00e9e de d\u00e9lices, de rires et de partage dans le cadre exceptionnel de<a href=\"https:\/\/es.wikipedia.org\/wiki\/Ibiza\"> l&#8217;\u00eele blanche.<\/a><\/p>\n","protected":false},"excerpt":{"rendered":"<p>D\u00eener avec vue Ibiza. Profitez d&#8217;un d\u00eener compos\u00e9 d&#8217;entr\u00e9es et de plats principaux accompagn\u00e9s d&#8217;un verre de vin et de vues depuis les hauteurs. Les meilleurs enterrements de vie de gar\u00e7on avec Stagparty D\u00eener avec vue Ibiza \ud83c\udf7d\ufe0f D\u00eener Gourmet \u00e0 Ibiza : Saveurs Espagnoles dans une Ambiance Chaleureuse ! \ud83c\udf05 Offrez-vous une exp\u00e9rience culinaire [&hellip;]<\/p>\n","protected":false},"featured_media":2679,"comment_status":"open","ping_status":"closed","template":"","meta":{"_et_pb_use_builder":"","_et_pb_old_content":"","_et_gb_content_width":""},"product_brand":[],"product_cat":[218,113],"product_tag":[],"class_list":{"0":"post-2678","1":"product","2":"type-product","3":"status-publish","4":"has-post-thumbnail","6":"product_cat-uncategorised","7":"product_cat-ibiza","9":"first","10":"instock","11":"shipping-taxable","12":"product-type-simple"},"yoast_head":"<!-- This site is optimized with the Yoast SEO plugin v26.4 - https:\/\/yoast.com\/wordpress\/plugins\/seo\/ -->\n<title>D\u00eener avec vue Ibiza<\/title>\n<meta name=\"description\" content=\"D\u00eener avec vue Ibiza. Profitez d&#039;un d\u00eener compos\u00e9 d&#039;entr\u00e9es et de plats principaux accompagn\u00e9s d&#039;un verre de vin et de vues depuis les hauteurs.\" \/>\n<meta name=\"robots\" content=\"index, follow, max-snippet:-1, max-image-preview:large, max-video-preview:-1\" \/>\n<link rel=\"canonical\" href=\"https:\/\/stagpartynight.com\/fr\/product\/diner-avec-vue-ibiza\/\" \/>\n<meta property=\"og:locale\" content=\"en_GB\" \/>\n<meta property=\"og:type\" content=\"article\" \/>\n<meta property=\"og:title\" content=\"D\u00eener avec vue Ibiza\" \/>\n<meta property=\"og:description\" content=\"D\u00eener avec vue Ibiza. Profitez d&#039;un d\u00eener compos\u00e9 d&#039;entr\u00e9es et de plats principaux accompagn\u00e9s d&#039;un verre de vin et de vues depuis les hauteurs.\" \/>\n<meta property=\"og:url\" content=\"https:\/\/stagpartynight.com\/fr\/product\/diner-avec-vue-ibiza\/\" \/>\n<meta property=\"og:site_name\" content=\"Nuit de f\u00eate de cerf\" \/>\n<meta property=\"article:modified_time\" content=\"2024-01-08T11:46:38+00:00\" \/>\n<meta property=\"og:image\" content=\"https:\/\/stagpartynight.com\/fr\/wp-content\/uploads\/sites\/3\/2023\/12\/Diner-avec-vue-Ibiza.jpg\" \/>\n\t<meta property=\"og:image:width\" content=\"800\" \/>\n\t<meta property=\"og:image:height\" content=\"533\" \/>\n\t<meta property=\"og:image:type\" content=\"image\/jpeg\" \/>\n<meta name=\"twitter:card\" content=\"summary_large_image\" \/>\n<meta name=\"twitter:label1\" content=\"Estimated reading time\" \/>\n\t<meta name=\"twitter:data1\" content=\"1 minute\" \/>\n<script type=\"application\/ld+json\" class=\"yoast-schema-graph\">{\"@context\":\"https:\/\/schema.org\",\"@graph\":[{\"@type\":\"WebPage\",\"@id\":\"https:\/\/stagpartynight.com\/fr\/product\/diner-avec-vue-ibiza\/\",\"url\":\"https:\/\/stagpartynight.com\/fr\/product\/diner-avec-vue-ibiza\/\",\"name\":\"D\u00eener avec vue Ibiza\",\"isPartOf\":{\"@id\":\"https:\/\/stagpartynight.com\/fr\/#website\"},\"primaryImageOfPage\":{\"@id\":\"https:\/\/stagpartynight.com\/fr\/product\/diner-avec-vue-ibiza\/#primaryimage\"},\"image\":{\"@id\":\"https:\/\/stagpartynight.com\/fr\/product\/diner-avec-vue-ibiza\/#primaryimage\"},\"thumbnailUrl\":\"https:\/\/stagpartynight.com\/fr\/wp-content\/uploads\/sites\/3\/2023\/12\/Diner-avec-vue-Ibiza.jpg\",\"datePublished\":\"2023-12-22T10:56:26+00:00\",\"dateModified\":\"2024-01-08T11:46:38+00:00\",\"description\":\"D\u00eener avec vue Ibiza. Profitez d'un d\u00eener compos\u00e9 d'entr\u00e9es et de plats principaux accompagn\u00e9s d'un verre de vin et de vues depuis les hauteurs.\",\"breadcrumb\":{\"@id\":\"https:\/\/stagpartynight.com\/fr\/product\/diner-avec-vue-ibiza\/#breadcrumb\"},\"inLanguage\":\"en-GB\",\"potentialAction\":[{\"@type\":\"ReadAction\",\"target\":[\"https:\/\/stagpartynight.com\/fr\/product\/diner-avec-vue-ibiza\/\"]}]},{\"@type\":\"ImageObject\",\"inLanguage\":\"en-GB\",\"@id\":\"https:\/\/stagpartynight.com\/fr\/product\/diner-avec-vue-ibiza\/#primaryimage\",\"url\":\"https:\/\/stagpartynight.com\/fr\/wp-content\/uploads\/sites\/3\/2023\/12\/Diner-avec-vue-Ibiza.jpg\",\"contentUrl\":\"https:\/\/stagpartynight.com\/fr\/wp-content\/uploads\/sites\/3\/2023\/12\/Diner-avec-vue-Ibiza.jpg\",\"width\":800,\"height\":533,\"caption\":\"D\u00eener avec vue Ibiza\"},{\"@type\":\"BreadcrumbList\",\"@id\":\"https:\/\/stagpartynight.com\/fr\/product\/diner-avec-vue-ibiza\/#breadcrumb\",\"itemListElement\":[{\"@type\":\"ListItem\",\"position\":1,\"name\":\"Home\",\"item\":\"https:\/\/stagpartynight.com\/fr\/\"},{\"@type\":\"ListItem\",\"position\":2,\"name\":\"Tienda\",\"item\":\"https:\/\/stagpartynight.com\/fr\/tienda\/\"},{\"@type\":\"ListItem\",\"position\":3,\"name\":\"D\u00eener avec vue Ibiza\"}]},{\"@type\":\"WebSite\",\"@id\":\"https:\/\/stagpartynight.com\/fr\/#website\",\"url\":\"https:\/\/stagpartynight.com\/fr\/\",\"name\":\"Stag Party Night\",\"description\":\"Your Stag Party Customized\",\"publisher\":{\"@id\":\"https:\/\/stagpartynight.com\/fr\/#organization\"},\"potentialAction\":[{\"@type\":\"SearchAction\",\"target\":{\"@type\":\"EntryPoint\",\"urlTemplate\":\"https:\/\/stagpartynight.com\/fr\/?s={search_term_string}\"},\"query-input\":{\"@type\":\"PropertyValueSpecification\",\"valueRequired\":true,\"valueName\":\"search_term_string\"}}],\"inLanguage\":\"en-GB\"},{\"@type\":\"Organization\",\"@id\":\"https:\/\/stagpartynight.com\/fr\/#organization\",\"name\":\"Stag Party Night\",\"url\":\"https:\/\/stagpartynight.com\/fr\/\",\"logo\":{\"@type\":\"ImageObject\",\"inLanguage\":\"en-GB\",\"@id\":\"https:\/\/stagpartynight.com\/fr\/#\/schema\/logo\/image\/\",\"url\":\"https:\/\/stagpartynight.com\/fr\/wp-content\/uploads\/sites\/3\/2019\/12\/stagpartynight-e1578565505687.png\",\"contentUrl\":\"https:\/\/stagpartynight.com\/fr\/wp-content\/uploads\/sites\/3\/2019\/12\/stagpartynight-e1578565505687.png\",\"width\":400,\"height\":400,\"caption\":\"Stag Party Night\"},\"image\":{\"@id\":\"https:\/\/stagpartynight.com\/fr\/#\/schema\/logo\/image\/\"}}]}<\/script>\n<!-- \/ Yoast SEO plugin. -->","yoast_head_json":{"title":"D\u00eener avec vue Ibiza","description":"D\u00eener avec vue Ibiza. Profitez d'un d\u00eener compos\u00e9 d'entr\u00e9es et de plats principaux accompagn\u00e9s d'un verre de vin et de vues depuis les hauteurs.","robots":{"index":"index","follow":"follow","max-snippet":"max-snippet:-1","max-image-preview":"max-image-preview:large","max-video-preview":"max-video-preview:-1"},"canonical":"https:\/\/stagpartynight.com\/fr\/product\/diner-avec-vue-ibiza\/","og_locale":"en_GB","og_type":"article","og_title":"D\u00eener avec vue Ibiza","og_description":"D\u00eener avec vue Ibiza. Profitez d'un d\u00eener compos\u00e9 d'entr\u00e9es et de plats principaux accompagn\u00e9s d'un verre de vin et de vues depuis les hauteurs.","og_url":"https:\/\/stagpartynight.com\/fr\/product\/diner-avec-vue-ibiza\/","og_site_name":"Nuit de f\u00eate de cerf","article_modified_time":"2024-01-08T11:46:38+00:00","og_image":[{"width":800,"height":533,"url":"https:\/\/stagpartynight.com\/fr\/wp-content\/uploads\/sites\/3\/2023\/12\/Diner-avec-vue-Ibiza.jpg","type":"image\/jpeg"}],"twitter_card":"summary_large_image","twitter_misc":{"Estimated reading time":"1 minute"},"schema":{"@context":"https:\/\/schema.org","@graph":[{"@type":"WebPage","@id":"https:\/\/stagpartynight.com\/fr\/product\/diner-avec-vue-ibiza\/","url":"https:\/\/stagpartynight.com\/fr\/product\/diner-avec-vue-ibiza\/","name":"D\u00eener avec vue Ibiza","isPartOf":{"@id":"https:\/\/stagpartynight.com\/fr\/#website"},"primaryImageOfPage":{"@id":"https:\/\/stagpartynight.com\/fr\/product\/diner-avec-vue-ibiza\/#primaryimage"},"image":{"@id":"https:\/\/stagpartynight.com\/fr\/product\/diner-avec-vue-ibiza\/#primaryimage"},"thumbnailUrl":"https:\/\/stagpartynight.com\/fr\/wp-content\/uploads\/sites\/3\/2023\/12\/Diner-avec-vue-Ibiza.jpg","datePublished":"2023-12-22T10:56:26+00:00","dateModified":"2024-01-08T11:46:38+00:00","description":"D\u00eener avec vue Ibiza. Profitez d'un d\u00eener compos\u00e9 d'entr\u00e9es et de plats principaux accompagn\u00e9s d'un verre de vin et de vues depuis les hauteurs.","breadcrumb":{"@id":"https:\/\/stagpartynight.com\/fr\/product\/diner-avec-vue-ibiza\/#breadcrumb"},"inLanguage":"en-GB","potentialAction":[{"@type":"ReadAction","target":["https:\/\/stagpartynight.com\/fr\/product\/diner-avec-vue-ibiza\/"]}]},{"@type":"ImageObject","inLanguage":"en-GB","@id":"https:\/\/stagpartynight.com\/fr\/product\/diner-avec-vue-ibiza\/#primaryimage","url":"https:\/\/stagpartynight.com\/fr\/wp-content\/uploads\/sites\/3\/2023\/12\/Diner-avec-vue-Ibiza.jpg","contentUrl":"https:\/\/stagpartynight.com\/fr\/wp-content\/uploads\/sites\/3\/2023\/12\/Diner-avec-vue-Ibiza.jpg","width":800,"height":533,"caption":"D\u00eener avec vue Ibiza"},{"@type":"BreadcrumbList","@id":"https:\/\/stagpartynight.com\/fr\/product\/diner-avec-vue-ibiza\/#breadcrumb","itemListElement":[{"@type":"ListItem","position":1,"name":"Home","item":"https:\/\/stagpartynight.com\/fr\/"},{"@type":"ListItem","position":2,"name":"Tienda","item":"https:\/\/stagpartynight.com\/fr\/tienda\/"},{"@type":"ListItem","position":3,"name":"D\u00eener avec vue Ibiza"}]},{"@type":"WebSite","@id":"https:\/\/stagpartynight.com\/fr\/#website","url":"https:\/\/stagpartynight.com\/fr\/","name":"Stag Party Night","description":"Your Stag Party Customized","publisher":{"@id":"https:\/\/stagpartynight.com\/fr\/#organization"},"potentialAction":[{"@type":"SearchAction","target":{"@type":"EntryPoint","urlTemplate":"https:\/\/stagpartynight.com\/fr\/?s={search_term_string}"},"query-input":{"@type":"PropertyValueSpecification","valueRequired":true,"valueName":"search_term_string"}}],"inLanguage":"en-GB"},{"@type":"Organization","@id":"https:\/\/stagpartynight.com\/fr\/#organization","name":"Stag Party Night","url":"https:\/\/stagpartynight.com\/fr\/","logo":{"@type":"ImageObject","inLanguage":"en-GB","@id":"https:\/\/stagpartynight.com\/fr\/#\/schema\/logo\/image\/","url":"https:\/\/stagpartynight.com\/fr\/wp-content\/uploads\/sites\/3\/2019\/12\/stagpartynight-e1578565505687.png","contentUrl":"https:\/\/stagpartynight.com\/fr\/wp-content\/uploads\/sites\/3\/2019\/12\/stagpartynight-e1578565505687.png","width":400,"height":400,"caption":"Stag Party Night"},"image":{"@id":"https:\/\/stagpartynight.com\/fr\/#\/schema\/logo\/image\/"}}]}},"_links":{"self":[{"href":"https:\/\/stagpartynight.com\/fr\/wp-json\/wp\/v2\/product\/2678","targetHints":{"allow":["GET"]}}],"collection":[{"href":"https:\/\/stagpartynight.com\/fr\/wp-json\/wp\/v2\/product"}],"about":[{"href":"https:\/\/stagpartynight.com\/fr\/wp-json\/wp\/v2\/types\/product"}],"replies":[{"embeddable":true,"href":"https:\/\/stagpartynight.com\/fr\/wp-json\/wp\/v2\/comments?post=2678"}],"wp:featuredmedia":[{"embeddable":true,"href":"https:\/\/stagpartynight.com\/fr\/wp-json\/wp\/v2\/media\/2679"}],"wp:attachment":[{"href":"https:\/\/stagpartynight.com\/fr\/wp-json\/wp\/v2\/media?parent=2678"}],"wp:term":[{"taxonomy":"product_brand","embeddable":true,"href":"https:\/\/stagpartynight.com\/fr\/wp-json\/wp\/v2\/product_brand?post=2678"},{"taxonomy":"product_cat","embeddable":true,"href":"https:\/\/stagpartynight.com\/fr\/wp-json\/wp\/v2\/product_cat?post=2678"},{"taxonomy":"product_tag","embeddable":true,"href":"https:\/\/stagpartynight.com\/fr\/wp-json\/wp\/v2\/product_tag?post=2678"}],"curies":[{"name":"wp","href":"https:\/\/api.w.org\/{rel}","templated":true}]}}