{"id":268,"date":"2020-01-08T14:37:47","date_gmt":"2020-01-08T13:37:47","guid":{"rendered":"https:\/\/stagpartynight.com\/fr\/?post_type=product&#038;p=268"},"modified":"2023-12-20T12:23:31","modified_gmt":"2023-12-20T11:23:31","slug":"banana-ibiza","status":"publish","type":"product","link":"https:\/\/stagpartynight.com\/fr\/product\/banana-ibiza\/","title":{"rendered":"Banane Ibiza"},"content":{"rendered":"<p>Banane Ibiza. Activit\u00e9 nautique pour les groupes. Banane g\u00e9ante gonflable en forme de banane, o\u00f9 vous grimperez et remorquerez \u00e0 grande vitesse jusqu&#8217;\u00e0 un bateau \u00e0 moteur. Capitaine professionnel \u00e0 bord. 15 minutes.<\/p>\n<p>Les meilleurs enterrements de vie de gar\u00e7on et de jeune fille avec <a href=\"https:\/\/stagpartynight.com\/\">StagParty<\/a><\/p>\n<h2><strong>Banane Ibiza<\/strong><\/h2>\n<h4>\ud83c\udf0a<strong>Sensation Forte \u00e0 Ibiza : Banana Boat Aventure de 15 Minutes!<\/strong><\/h4>\n<p>Pr\u00e9parez-vous \u00e0 vivre une exp\u00e9rience aquatique palpitante avec notre activit\u00e9 Banana Boat \u00e0 Ibiza ! Embarquez pour 15 minutes d&#8217;excitation pure sur les vagues scintillantes de la M\u00e9diterran\u00e9e, une aventure qui vous fera vibrer de la t\u00eate aux pieds.<\/p>\n<p>\u00c0 bord de notre Banana Boat, vous d\u00e9couvrirez le frisson de la vitesse et de l&#8217;\u00e9claboussure tout en \u00e9tant tract\u00e9 par un bateau rapide. C&#8217;est l&#8217;activit\u00e9 parfaite pour les amateurs de sensations fortes et les groupes d&#8217;amis en qu\u00eate d&#8217;aventure en mer.<\/p>\n<p>Sentez l&#8217;adr\u00e9naline monter alors que vous \u00eates balanc\u00e9 d&#8217;un c\u00f4t\u00e9 \u00e0 l&#8217;autre, d\u00e9fiant les vagues avec des \u00e9clats de rire contagieux. Nos moniteurs exp\u00e9riment\u00e9s veilleront \u00e0 votre s\u00e9curit\u00e9 tout en vous garantissant une aventure m\u00e9morable.<\/p>\n<p>Que vous soyez en famille, entre amis ou en escapade romantique, le Banana Boat offre une dose de plaisir inoubliable. Laissez-vous emporter par le rythme effr\u00e9n\u00e9 de cette activit\u00e9 nautique excitante, cr\u00e9ant des souvenirs qui resteront grav\u00e9s dans votre esprit.<\/p>\n<p>R\u00e9servez d\u00e8s maintenant votre session de 15 minutes et plongez dans une aventure aquatique in\u00e9dite \u00e0 <a href=\"https:\/\/es.wikipedia.org\/wiki\/Ibiza\">Ibiza<\/a>. Ne manquez pas l&#8217;occasion de vous \u00e9clater avec style sur la mer M\u00e9diterran\u00e9e. Venez partager des rires, des \u00e9claboussures et des moments inoubliables avec notre Banana Boat ! \ud83c\udf4c\ud83c\udf0a<\/p>\n","protected":false},"excerpt":{"rendered":"<p>Activit\u00e9 nautique pour les groupes. Banane g\u00e9ante gonflable en forme de banane, o\u00f9 vous grimperez et remorquerez \u00e0 grande vitesse jusqu&#8217;\u00e0 un bateau \u00e0 moteur. Capitaine professionnel \u00e0 bord. 15 minutes.<\/p>\n","protected":false},"featured_media":269,"comment_status":"open","ping_status":"closed","template":"","meta":{"_et_pb_use_builder":"","_et_pb_old_content":"","_et_gb_content_width":""},"product_brand":[],"product_cat":[113],"product_tag":[343,129,342],"class_list":{"0":"post-268","1":"product","2":"type-product","3":"status-publish","4":"has-post-thumbnail","6":"product_cat-ibiza","7":"product_tag-activites-liees-a-leau-a-ibiza","8":"product_tag-banana-ibiza","9":"product_tag-banane-ibiza","11":"first","12":"instock","13":"virtual","14":"product-type-simple"},"yoast_head":"<!-- This site is optimized with the Yoast SEO plugin v26.4 - https:\/\/yoast.com\/wordpress\/plugins\/seo\/ -->\n<title>Banane Ibiza<\/title>\n<meta name=\"description\" content=\"Banane Ibiza - Activit\u00e9 nautique pour les groupes. Banane g\u00e9ante gonflable en forme de banane, o\u00f9 vous grimperez et remorquerez \u00e0 grande vitesse.\" \/>\n<meta name=\"robots\" content=\"index, follow, max-snippet:-1, max-image-preview:large, max-video-preview:-1\" \/>\n<link rel=\"canonical\" href=\"https:\/\/stagpartynight.com\/fr\/product\/banana-ibiza\/\" \/>\n<meta property=\"og:locale\" content=\"en_GB\" \/>\n<meta property=\"og:type\" content=\"article\" \/>\n<meta property=\"og:title\" content=\"Banane Ibiza\" \/>\n<meta property=\"og:description\" content=\"Banane Ibiza - Activit\u00e9 nautique pour les groupes. Banane g\u00e9ante gonflable en forme de banane, o\u00f9 vous grimperez et remorquerez \u00e0 grande vitesse.\" \/>\n<meta property=\"og:url\" content=\"https:\/\/stagpartynight.com\/fr\/product\/banana-ibiza\/\" \/>\n<meta property=\"og:site_name\" content=\"Nuit de f\u00eate de cerf\" \/>\n<meta property=\"article:modified_time\" content=\"2023-12-20T11:23:31+00:00\" \/>\n<meta property=\"og:image\" content=\"https:\/\/stagpartynight.com\/fr\/wp-content\/uploads\/sites\/3\/2020\/01\/Banana-Ibiza.jpg\" \/>\n\t<meta property=\"og:image:width\" content=\"1552\" \/>\n\t<meta property=\"og:image:height\" content=\"1010\" \/>\n\t<meta property=\"og:image:type\" content=\"image\/jpeg\" \/>\n<meta name=\"twitter:card\" content=\"summary_large_image\" \/>\n<meta name=\"twitter:label1\" content=\"Estimated reading time\" \/>\n\t<meta name=\"twitter:data1\" content=\"2 minutes\" \/>\n<script type=\"application\/ld+json\" class=\"yoast-schema-graph\">{\"@context\":\"https:\/\/schema.org\",\"@graph\":[{\"@type\":\"WebPage\",\"@id\":\"https:\/\/stagpartynight.com\/fr\/product\/banana-ibiza\/\",\"url\":\"https:\/\/stagpartynight.com\/fr\/product\/banana-ibiza\/\",\"name\":\"Banane Ibiza\",\"isPartOf\":{\"@id\":\"https:\/\/stagpartynight.com\/fr\/#website\"},\"primaryImageOfPage\":{\"@id\":\"https:\/\/stagpartynight.com\/fr\/product\/banana-ibiza\/#primaryimage\"},\"image\":{\"@id\":\"https:\/\/stagpartynight.com\/fr\/product\/banana-ibiza\/#primaryimage\"},\"thumbnailUrl\":\"https:\/\/stagpartynight.com\/fr\/wp-content\/uploads\/sites\/3\/2020\/01\/Banana-Ibiza.jpg\",\"datePublished\":\"2020-01-08T13:37:47+00:00\",\"dateModified\":\"2023-12-20T11:23:31+00:00\",\"description\":\"Banane Ibiza - Activit\u00e9 nautique pour les groupes. Banane g\u00e9ante gonflable en forme de banane, o\u00f9 vous grimperez et remorquerez \u00e0 grande vitesse.\",\"breadcrumb\":{\"@id\":\"https:\/\/stagpartynight.com\/fr\/product\/banana-ibiza\/#breadcrumb\"},\"inLanguage\":\"en-GB\",\"potentialAction\":[{\"@type\":\"ReadAction\",\"target\":[\"https:\/\/stagpartynight.com\/fr\/product\/banana-ibiza\/\"]}]},{\"@type\":\"ImageObject\",\"inLanguage\":\"en-GB\",\"@id\":\"https:\/\/stagpartynight.com\/fr\/product\/banana-ibiza\/#primaryimage\",\"url\":\"https:\/\/stagpartynight.com\/fr\/wp-content\/uploads\/sites\/3\/2020\/01\/Banana-Ibiza.jpg\",\"contentUrl\":\"https:\/\/stagpartynight.com\/fr\/wp-content\/uploads\/sites\/3\/2020\/01\/Banana-Ibiza.jpg\",\"width\":1552,\"height\":1010},{\"@type\":\"BreadcrumbList\",\"@id\":\"https:\/\/stagpartynight.com\/fr\/product\/banana-ibiza\/#breadcrumb\",\"itemListElement\":[{\"@type\":\"ListItem\",\"position\":1,\"name\":\"Home\",\"item\":\"https:\/\/stagpartynight.com\/fr\/\"},{\"@type\":\"ListItem\",\"position\":2,\"name\":\"Tienda\",\"item\":\"https:\/\/stagpartynight.com\/fr\/tienda\/\"},{\"@type\":\"ListItem\",\"position\":3,\"name\":\"Banane Ibiza\"}]},{\"@type\":\"WebSite\",\"@id\":\"https:\/\/stagpartynight.com\/fr\/#website\",\"url\":\"https:\/\/stagpartynight.com\/fr\/\",\"name\":\"Stag Party Night\",\"description\":\"Your Stag Party Customized\",\"publisher\":{\"@id\":\"https:\/\/stagpartynight.com\/fr\/#organization\"},\"potentialAction\":[{\"@type\":\"SearchAction\",\"target\":{\"@type\":\"EntryPoint\",\"urlTemplate\":\"https:\/\/stagpartynight.com\/fr\/?s={search_term_string}\"},\"query-input\":{\"@type\":\"PropertyValueSpecification\",\"valueRequired\":true,\"valueName\":\"search_term_string\"}}],\"inLanguage\":\"en-GB\"},{\"@type\":\"Organization\",\"@id\":\"https:\/\/stagpartynight.com\/fr\/#organization\",\"name\":\"Stag Party Night\",\"url\":\"https:\/\/stagpartynight.com\/fr\/\",\"logo\":{\"@type\":\"ImageObject\",\"inLanguage\":\"en-GB\",\"@id\":\"https:\/\/stagpartynight.com\/fr\/#\/schema\/logo\/image\/\",\"url\":\"https:\/\/stagpartynight.com\/fr\/wp-content\/uploads\/sites\/3\/2019\/12\/stagpartynight-e1578565505687.png\",\"contentUrl\":\"https:\/\/stagpartynight.com\/fr\/wp-content\/uploads\/sites\/3\/2019\/12\/stagpartynight-e1578565505687.png\",\"width\":400,\"height\":400,\"caption\":\"Stag Party Night\"},\"image\":{\"@id\":\"https:\/\/stagpartynight.com\/fr\/#\/schema\/logo\/image\/\"}}]}<\/script>\n<!-- \/ Yoast SEO plugin. -->","yoast_head_json":{"title":"Banane Ibiza","description":"Banane Ibiza - Activit\u00e9 nautique pour les groupes. Banane g\u00e9ante gonflable en forme de banane, o\u00f9 vous grimperez et remorquerez \u00e0 grande vitesse.","robots":{"index":"index","follow":"follow","max-snippet":"max-snippet:-1","max-image-preview":"max-image-preview:large","max-video-preview":"max-video-preview:-1"},"canonical":"https:\/\/stagpartynight.com\/fr\/product\/banana-ibiza\/","og_locale":"en_GB","og_type":"article","og_title":"Banane Ibiza","og_description":"Banane Ibiza - Activit\u00e9 nautique pour les groupes. Banane g\u00e9ante gonflable en forme de banane, o\u00f9 vous grimperez et remorquerez \u00e0 grande vitesse.","og_url":"https:\/\/stagpartynight.com\/fr\/product\/banana-ibiza\/","og_site_name":"Nuit de f\u00eate de cerf","article_modified_time":"2023-12-20T11:23:31+00:00","og_image":[{"width":1552,"height":1010,"url":"https:\/\/stagpartynight.com\/fr\/wp-content\/uploads\/sites\/3\/2020\/01\/Banana-Ibiza.jpg","type":"image\/jpeg"}],"twitter_card":"summary_large_image","twitter_misc":{"Estimated reading time":"2 minutes"},"schema":{"@context":"https:\/\/schema.org","@graph":[{"@type":"WebPage","@id":"https:\/\/stagpartynight.com\/fr\/product\/banana-ibiza\/","url":"https:\/\/stagpartynight.com\/fr\/product\/banana-ibiza\/","name":"Banane Ibiza","isPartOf":{"@id":"https:\/\/stagpartynight.com\/fr\/#website"},"primaryImageOfPage":{"@id":"https:\/\/stagpartynight.com\/fr\/product\/banana-ibiza\/#primaryimage"},"image":{"@id":"https:\/\/stagpartynight.com\/fr\/product\/banana-ibiza\/#primaryimage"},"thumbnailUrl":"https:\/\/stagpartynight.com\/fr\/wp-content\/uploads\/sites\/3\/2020\/01\/Banana-Ibiza.jpg","datePublished":"2020-01-08T13:37:47+00:00","dateModified":"2023-12-20T11:23:31+00:00","description":"Banane Ibiza - Activit\u00e9 nautique pour les groupes. Banane g\u00e9ante gonflable en forme de banane, o\u00f9 vous grimperez et remorquerez \u00e0 grande vitesse.","breadcrumb":{"@id":"https:\/\/stagpartynight.com\/fr\/product\/banana-ibiza\/#breadcrumb"},"inLanguage":"en-GB","potentialAction":[{"@type":"ReadAction","target":["https:\/\/stagpartynight.com\/fr\/product\/banana-ibiza\/"]}]},{"@type":"ImageObject","inLanguage":"en-GB","@id":"https:\/\/stagpartynight.com\/fr\/product\/banana-ibiza\/#primaryimage","url":"https:\/\/stagpartynight.com\/fr\/wp-content\/uploads\/sites\/3\/2020\/01\/Banana-Ibiza.jpg","contentUrl":"https:\/\/stagpartynight.com\/fr\/wp-content\/uploads\/sites\/3\/2020\/01\/Banana-Ibiza.jpg","width":1552,"height":1010},{"@type":"BreadcrumbList","@id":"https:\/\/stagpartynight.com\/fr\/product\/banana-ibiza\/#breadcrumb","itemListElement":[{"@type":"ListItem","position":1,"name":"Home","item":"https:\/\/stagpartynight.com\/fr\/"},{"@type":"ListItem","position":2,"name":"Tienda","item":"https:\/\/stagpartynight.com\/fr\/tienda\/"},{"@type":"ListItem","position":3,"name":"Banane Ibiza"}]},{"@type":"WebSite","@id":"https:\/\/stagpartynight.com\/fr\/#website","url":"https:\/\/stagpartynight.com\/fr\/","name":"Stag Party Night","description":"Your Stag Party Customized","publisher":{"@id":"https:\/\/stagpartynight.com\/fr\/#organization"},"potentialAction":[{"@type":"SearchAction","target":{"@type":"EntryPoint","urlTemplate":"https:\/\/stagpartynight.com\/fr\/?s={search_term_string}"},"query-input":{"@type":"PropertyValueSpecification","valueRequired":true,"valueName":"search_term_string"}}],"inLanguage":"en-GB"},{"@type":"Organization","@id":"https:\/\/stagpartynight.com\/fr\/#organization","name":"Stag Party Night","url":"https:\/\/stagpartynight.com\/fr\/","logo":{"@type":"ImageObject","inLanguage":"en-GB","@id":"https:\/\/stagpartynight.com\/fr\/#\/schema\/logo\/image\/","url":"https:\/\/stagpartynight.com\/fr\/wp-content\/uploads\/sites\/3\/2019\/12\/stagpartynight-e1578565505687.png","contentUrl":"https:\/\/stagpartynight.com\/fr\/wp-content\/uploads\/sites\/3\/2019\/12\/stagpartynight-e1578565505687.png","width":400,"height":400,"caption":"Stag Party Night"},"image":{"@id":"https:\/\/stagpartynight.com\/fr\/#\/schema\/logo\/image\/"}}]}},"_links":{"self":[{"href":"https:\/\/stagpartynight.com\/fr\/wp-json\/wp\/v2\/product\/268","targetHints":{"allow":["GET"]}}],"collection":[{"href":"https:\/\/stagpartynight.com\/fr\/wp-json\/wp\/v2\/product"}],"about":[{"href":"https:\/\/stagpartynight.com\/fr\/wp-json\/wp\/v2\/types\/product"}],"replies":[{"embeddable":true,"href":"https:\/\/stagpartynight.com\/fr\/wp-json\/wp\/v2\/comments?post=268"}],"wp:featuredmedia":[{"embeddable":true,"href":"https:\/\/stagpartynight.com\/fr\/wp-json\/wp\/v2\/media\/269"}],"wp:attachment":[{"href":"https:\/\/stagpartynight.com\/fr\/wp-json\/wp\/v2\/media?parent=268"}],"wp:term":[{"taxonomy":"product_brand","embeddable":true,"href":"https:\/\/stagpartynight.com\/fr\/wp-json\/wp\/v2\/product_brand?post=268"},{"taxonomy":"product_cat","embeddable":true,"href":"https:\/\/stagpartynight.com\/fr\/wp-json\/wp\/v2\/product_cat?post=268"},{"taxonomy":"product_tag","embeddable":true,"href":"https:\/\/stagpartynight.com\/fr\/wp-json\/wp\/v2\/product_tag?post=268"}],"curies":[{"name":"wp","href":"https:\/\/api.w.org\/{rel}","templated":true}]}}