{"id":2680,"date":"2023-12-22T12:06:30","date_gmt":"2023-12-22T11:06:30","guid":{"rendered":"https:\/\/stagpartynight.com\/fr\/?post_type=product&#038;p=2680"},"modified":"2024-01-08T12:46:37","modified_gmt":"2024-01-08T11:46:37","slug":"tapas-espagnols-et-sangria-ibiza","status":"publish","type":"product","link":"https:\/\/stagpartynight.com\/fr\/product\/tapas-espagnols-et-sangria-ibiza\/","title":{"rendered":"Tapas espagnols et Sangria Ibiza"},"content":{"rendered":"<p>Tapas espagnols et Sangria Ibiza<\/p>\n<p>Partagez un litre de sangria pour deux personnes sur une superbe terrasse avec vue. D\u00e9gustation de tapas.<\/p>\n<p>Les meilleurs enterrements de vie de gar\u00e7on avec <a href=\"https:\/\/stagpartynight.com\/\">Stagparty<\/a><\/p>\n<h2>Tapas espagnols et Sangria Ibiza<\/h2>\n<h4>\ud83c\udf7d\ufe0f D\u00e9gustation de Tapas \u00e0 Ibiza : Un Festin Espagnol Sous le Soleil M\u00e9diterran\u00e9en !<\/h4>\n<p>\ud83c\udf05 Vivez une exp\u00e9rience gastronomique inoubliable \u00e0 Ibiza avec notre d\u00e9gustation de tapas. Une immersion dans les saveurs authentiques de l&#8217;Espagne.<\/p>\n<p>\ud83c\udf72 Sur une terrasse offrant des vues pittoresques, d\u00e9gustez une vari\u00e9t\u00e9 de tapas typiquement espagnoles. Une mosa\u00efque culinaire captivante!<\/p>\n<p>\ud83c\udf77 Accompagnez ce festin avec UN LITRE de sangr\u00eda pour chaque deux convives! Une boisson embl\u00e9matique qui enrichit chaque bouch\u00e9e d&#8217;une ambiance festive.<\/p>\n<p>\ud83c\udf1e Impr\u00e9gnez-vous de l&#8217;atmosph\u00e8re m\u00e9diterran\u00e9enne tout en explorant les nuances de saveurs, des patatas bravas \u00e9pic\u00e9es aux d\u00e9lices du jam\u00f3n ib\u00e9rique.<\/p>\n<p>\ud83c\udf64 Plongez dans l&#8217;exp\u00e9rience sensorielle d&#8217;une gambas al ajillo parfaitement \u00e9pic\u00e9e, puis d\u00e9lectez-vous de l&#8217;harmonie sucr\u00e9e-sal\u00e9e des empanadas.<\/p>\n<p>\ud83e\uddc0 Explorez la richesse des fromages espagnols accompagn\u00e9s de confitures artisanales, une symphonie de saveurs qui \u00e9veillera vos papilles.<\/p>\n<p>\ud83c\udf62 D\u00e9couvrez la vari\u00e9t\u00e9 des brochettes de poulpe et de chorizo, un hommage aux saveurs de la mer et de la terre.<\/p>\n<p>\ud83e\udd42 Partagez ce moment convivial avec vos proches dans une ambiance d\u00e9contract\u00e9e, o\u00f9 chaque tapa raconte une histoire de tradition espagnole.<\/p>\n<p>\ud83c\udf34 R\u00e9servez d\u00e8s maintenant votre table pour cette d\u00e9gustation de tapas \u00e0 Ibiza, une c\u00e9l\u00e9bration de la cuisine espagnole dans un cadre ensoleill\u00e9. Profitez de l&#8217;art de partager des plats d\u00e9licieux et de cr\u00e9er des souvenirs culinaires inoubliables sur <a href=\"https:\/\/es.wikipedia.org\/wiki\/Ibiza\">l&#8217;\u00eele blanche.<\/a><\/p>\n<p>&nbsp;<\/p>\n<p>&nbsp;<\/p>\n","protected":false},"excerpt":{"rendered":"<p>Tapas espagnols et Sangria Ibiza Partagez un litre de sangria pour deux personnes sur une superbe terrasse avec vue. D\u00e9gustation de tapas. Les meilleurs enterrements de vie de gar\u00e7on avec Stagparty Tapas espagnols et Sangria Ibiza \ud83c\udf7d\ufe0f D\u00e9gustation de Tapas \u00e0 Ibiza : Un Festin Espagnol Sous le Soleil M\u00e9diterran\u00e9en ! \ud83c\udf05 Vivez une exp\u00e9rience [&hellip;]<\/p>\n","protected":false},"featured_media":2681,"comment_status":"open","ping_status":"closed","template":"","meta":{"_et_pb_use_builder":"","_et_pb_old_content":"","_et_gb_content_width":""},"product_brand":[],"product_cat":[218,113],"product_tag":[],"class_list":{"0":"post-2680","1":"product","2":"type-product","3":"status-publish","4":"has-post-thumbnail","6":"product_cat-uncategorised","7":"product_cat-ibiza","9":"first","10":"instock","11":"shipping-taxable","12":"product-type-simple"},"yoast_head":"<!-- This site is optimized with the Yoast SEO plugin v26.4 - https:\/\/yoast.com\/wordpress\/plugins\/seo\/ -->\n<title>Tapas espagnols et Sangria Ibiza<\/title>\n<meta name=\"description\" content=\"Tapas espagnols et sangria Ibiza. Partagez un litre de sangria pour deux personnes sur une superbe terrasse avec vue. D\u00e9gustation de tapas.\" \/>\n<meta name=\"robots\" content=\"index, follow, max-snippet:-1, max-image-preview:large, max-video-preview:-1\" \/>\n<link rel=\"canonical\" href=\"https:\/\/stagpartynight.com\/fr\/product\/tapas-espagnols-et-sangria-ibiza\/\" \/>\n<meta property=\"og:locale\" content=\"en_GB\" \/>\n<meta property=\"og:type\" content=\"article\" \/>\n<meta property=\"og:title\" content=\"Tapas espagnols et Sangria Ibiza\" \/>\n<meta property=\"og:description\" content=\"Tapas espagnols et sangria Ibiza. Partagez un litre de sangria pour deux personnes sur une superbe terrasse avec vue. D\u00e9gustation de tapas.\" \/>\n<meta property=\"og:url\" content=\"https:\/\/stagpartynight.com\/fr\/product\/tapas-espagnols-et-sangria-ibiza\/\" \/>\n<meta property=\"og:site_name\" content=\"Nuit de f\u00eate de cerf\" \/>\n<meta property=\"article:modified_time\" content=\"2024-01-08T11:46:37+00:00\" \/>\n<meta property=\"og:image\" content=\"https:\/\/stagpartynight.com\/fr\/wp-content\/uploads\/sites\/3\/2023\/12\/Tapas-espagnols-et-sangria-Ibiza.jpg\" \/>\n\t<meta property=\"og:image:width\" content=\"1116\" \/>\n\t<meta property=\"og:image:height\" content=\"1600\" \/>\n\t<meta property=\"og:image:type\" content=\"image\/jpeg\" \/>\n<meta name=\"twitter:card\" content=\"summary_large_image\" \/>\n<meta name=\"twitter:label1\" content=\"Estimated reading time\" \/>\n\t<meta name=\"twitter:data1\" content=\"2 minutes\" \/>\n<script type=\"application\/ld+json\" class=\"yoast-schema-graph\">{\"@context\":\"https:\/\/schema.org\",\"@graph\":[{\"@type\":\"WebPage\",\"@id\":\"https:\/\/stagpartynight.com\/fr\/product\/tapas-espagnols-et-sangria-ibiza\/\",\"url\":\"https:\/\/stagpartynight.com\/fr\/product\/tapas-espagnols-et-sangria-ibiza\/\",\"name\":\"Tapas espagnols et Sangria Ibiza\",\"isPartOf\":{\"@id\":\"https:\/\/stagpartynight.com\/fr\/#website\"},\"primaryImageOfPage\":{\"@id\":\"https:\/\/stagpartynight.com\/fr\/product\/tapas-espagnols-et-sangria-ibiza\/#primaryimage\"},\"image\":{\"@id\":\"https:\/\/stagpartynight.com\/fr\/product\/tapas-espagnols-et-sangria-ibiza\/#primaryimage\"},\"thumbnailUrl\":\"https:\/\/stagpartynight.com\/fr\/wp-content\/uploads\/sites\/3\/2023\/12\/Tapas-espagnols-et-sangria-Ibiza.jpg\",\"datePublished\":\"2023-12-22T11:06:30+00:00\",\"dateModified\":\"2024-01-08T11:46:37+00:00\",\"description\":\"Tapas espagnols et sangria Ibiza. Partagez un litre de sangria pour deux personnes sur une superbe terrasse avec vue. D\u00e9gustation de tapas.\",\"breadcrumb\":{\"@id\":\"https:\/\/stagpartynight.com\/fr\/product\/tapas-espagnols-et-sangria-ibiza\/#breadcrumb\"},\"inLanguage\":\"en-GB\",\"potentialAction\":[{\"@type\":\"ReadAction\",\"target\":[\"https:\/\/stagpartynight.com\/fr\/product\/tapas-espagnols-et-sangria-ibiza\/\"]}]},{\"@type\":\"ImageObject\",\"inLanguage\":\"en-GB\",\"@id\":\"https:\/\/stagpartynight.com\/fr\/product\/tapas-espagnols-et-sangria-ibiza\/#primaryimage\",\"url\":\"https:\/\/stagpartynight.com\/fr\/wp-content\/uploads\/sites\/3\/2023\/12\/Tapas-espagnols-et-sangria-Ibiza.jpg\",\"contentUrl\":\"https:\/\/stagpartynight.com\/fr\/wp-content\/uploads\/sites\/3\/2023\/12\/Tapas-espagnols-et-sangria-Ibiza.jpg\",\"width\":1116,\"height\":1600,\"caption\":\"Tapas espagnols et sangria Ibiza\"},{\"@type\":\"BreadcrumbList\",\"@id\":\"https:\/\/stagpartynight.com\/fr\/product\/tapas-espagnols-et-sangria-ibiza\/#breadcrumb\",\"itemListElement\":[{\"@type\":\"ListItem\",\"position\":1,\"name\":\"Home\",\"item\":\"https:\/\/stagpartynight.com\/fr\/\"},{\"@type\":\"ListItem\",\"position\":2,\"name\":\"Tienda\",\"item\":\"https:\/\/stagpartynight.com\/fr\/tienda\/\"},{\"@type\":\"ListItem\",\"position\":3,\"name\":\"Tapas espagnols et Sangria Ibiza\"}]},{\"@type\":\"WebSite\",\"@id\":\"https:\/\/stagpartynight.com\/fr\/#website\",\"url\":\"https:\/\/stagpartynight.com\/fr\/\",\"name\":\"Stag Party Night\",\"description\":\"Your Stag Party Customized\",\"publisher\":{\"@id\":\"https:\/\/stagpartynight.com\/fr\/#organization\"},\"potentialAction\":[{\"@type\":\"SearchAction\",\"target\":{\"@type\":\"EntryPoint\",\"urlTemplate\":\"https:\/\/stagpartynight.com\/fr\/?s={search_term_string}\"},\"query-input\":{\"@type\":\"PropertyValueSpecification\",\"valueRequired\":true,\"valueName\":\"search_term_string\"}}],\"inLanguage\":\"en-GB\"},{\"@type\":\"Organization\",\"@id\":\"https:\/\/stagpartynight.com\/fr\/#organization\",\"name\":\"Stag Party Night\",\"url\":\"https:\/\/stagpartynight.com\/fr\/\",\"logo\":{\"@type\":\"ImageObject\",\"inLanguage\":\"en-GB\",\"@id\":\"https:\/\/stagpartynight.com\/fr\/#\/schema\/logo\/image\/\",\"url\":\"https:\/\/stagpartynight.com\/fr\/wp-content\/uploads\/sites\/3\/2019\/12\/stagpartynight-e1578565505687.png\",\"contentUrl\":\"https:\/\/stagpartynight.com\/fr\/wp-content\/uploads\/sites\/3\/2019\/12\/stagpartynight-e1578565505687.png\",\"width\":400,\"height\":400,\"caption\":\"Stag Party Night\"},\"image\":{\"@id\":\"https:\/\/stagpartynight.com\/fr\/#\/schema\/logo\/image\/\"}}]}<\/script>\n<!-- \/ Yoast SEO plugin. -->","yoast_head_json":{"title":"Tapas espagnols et Sangria Ibiza","description":"Tapas espagnols et sangria Ibiza. Partagez un litre de sangria pour deux personnes sur une superbe terrasse avec vue. D\u00e9gustation de tapas.","robots":{"index":"index","follow":"follow","max-snippet":"max-snippet:-1","max-image-preview":"max-image-preview:large","max-video-preview":"max-video-preview:-1"},"canonical":"https:\/\/stagpartynight.com\/fr\/product\/tapas-espagnols-et-sangria-ibiza\/","og_locale":"en_GB","og_type":"article","og_title":"Tapas espagnols et Sangria Ibiza","og_description":"Tapas espagnols et sangria Ibiza. Partagez un litre de sangria pour deux personnes sur une superbe terrasse avec vue. D\u00e9gustation de tapas.","og_url":"https:\/\/stagpartynight.com\/fr\/product\/tapas-espagnols-et-sangria-ibiza\/","og_site_name":"Nuit de f\u00eate de cerf","article_modified_time":"2024-01-08T11:46:37+00:00","og_image":[{"width":1116,"height":1600,"url":"https:\/\/stagpartynight.com\/fr\/wp-content\/uploads\/sites\/3\/2023\/12\/Tapas-espagnols-et-sangria-Ibiza.jpg","type":"image\/jpeg"}],"twitter_card":"summary_large_image","twitter_misc":{"Estimated reading time":"2 minutes"},"schema":{"@context":"https:\/\/schema.org","@graph":[{"@type":"WebPage","@id":"https:\/\/stagpartynight.com\/fr\/product\/tapas-espagnols-et-sangria-ibiza\/","url":"https:\/\/stagpartynight.com\/fr\/product\/tapas-espagnols-et-sangria-ibiza\/","name":"Tapas espagnols et Sangria Ibiza","isPartOf":{"@id":"https:\/\/stagpartynight.com\/fr\/#website"},"primaryImageOfPage":{"@id":"https:\/\/stagpartynight.com\/fr\/product\/tapas-espagnols-et-sangria-ibiza\/#primaryimage"},"image":{"@id":"https:\/\/stagpartynight.com\/fr\/product\/tapas-espagnols-et-sangria-ibiza\/#primaryimage"},"thumbnailUrl":"https:\/\/stagpartynight.com\/fr\/wp-content\/uploads\/sites\/3\/2023\/12\/Tapas-espagnols-et-sangria-Ibiza.jpg","datePublished":"2023-12-22T11:06:30+00:00","dateModified":"2024-01-08T11:46:37+00:00","description":"Tapas espagnols et sangria Ibiza. Partagez un litre de sangria pour deux personnes sur une superbe terrasse avec vue. D\u00e9gustation de tapas.","breadcrumb":{"@id":"https:\/\/stagpartynight.com\/fr\/product\/tapas-espagnols-et-sangria-ibiza\/#breadcrumb"},"inLanguage":"en-GB","potentialAction":[{"@type":"ReadAction","target":["https:\/\/stagpartynight.com\/fr\/product\/tapas-espagnols-et-sangria-ibiza\/"]}]},{"@type":"ImageObject","inLanguage":"en-GB","@id":"https:\/\/stagpartynight.com\/fr\/product\/tapas-espagnols-et-sangria-ibiza\/#primaryimage","url":"https:\/\/stagpartynight.com\/fr\/wp-content\/uploads\/sites\/3\/2023\/12\/Tapas-espagnols-et-sangria-Ibiza.jpg","contentUrl":"https:\/\/stagpartynight.com\/fr\/wp-content\/uploads\/sites\/3\/2023\/12\/Tapas-espagnols-et-sangria-Ibiza.jpg","width":1116,"height":1600,"caption":"Tapas espagnols et sangria Ibiza"},{"@type":"BreadcrumbList","@id":"https:\/\/stagpartynight.com\/fr\/product\/tapas-espagnols-et-sangria-ibiza\/#breadcrumb","itemListElement":[{"@type":"ListItem","position":1,"name":"Home","item":"https:\/\/stagpartynight.com\/fr\/"},{"@type":"ListItem","position":2,"name":"Tienda","item":"https:\/\/stagpartynight.com\/fr\/tienda\/"},{"@type":"ListItem","position":3,"name":"Tapas espagnols et Sangria Ibiza"}]},{"@type":"WebSite","@id":"https:\/\/stagpartynight.com\/fr\/#website","url":"https:\/\/stagpartynight.com\/fr\/","name":"Stag Party Night","description":"Your Stag Party Customized","publisher":{"@id":"https:\/\/stagpartynight.com\/fr\/#organization"},"potentialAction":[{"@type":"SearchAction","target":{"@type":"EntryPoint","urlTemplate":"https:\/\/stagpartynight.com\/fr\/?s={search_term_string}"},"query-input":{"@type":"PropertyValueSpecification","valueRequired":true,"valueName":"search_term_string"}}],"inLanguage":"en-GB"},{"@type":"Organization","@id":"https:\/\/stagpartynight.com\/fr\/#organization","name":"Stag Party Night","url":"https:\/\/stagpartynight.com\/fr\/","logo":{"@type":"ImageObject","inLanguage":"en-GB","@id":"https:\/\/stagpartynight.com\/fr\/#\/schema\/logo\/image\/","url":"https:\/\/stagpartynight.com\/fr\/wp-content\/uploads\/sites\/3\/2019\/12\/stagpartynight-e1578565505687.png","contentUrl":"https:\/\/stagpartynight.com\/fr\/wp-content\/uploads\/sites\/3\/2019\/12\/stagpartynight-e1578565505687.png","width":400,"height":400,"caption":"Stag Party Night"},"image":{"@id":"https:\/\/stagpartynight.com\/fr\/#\/schema\/logo\/image\/"}}]}},"_links":{"self":[{"href":"https:\/\/stagpartynight.com\/fr\/wp-json\/wp\/v2\/product\/2680","targetHints":{"allow":["GET"]}}],"collection":[{"href":"https:\/\/stagpartynight.com\/fr\/wp-json\/wp\/v2\/product"}],"about":[{"href":"https:\/\/stagpartynight.com\/fr\/wp-json\/wp\/v2\/types\/product"}],"replies":[{"embeddable":true,"href":"https:\/\/stagpartynight.com\/fr\/wp-json\/wp\/v2\/comments?post=2680"}],"wp:featuredmedia":[{"embeddable":true,"href":"https:\/\/stagpartynight.com\/fr\/wp-json\/wp\/v2\/media\/2681"}],"wp:attachment":[{"href":"https:\/\/stagpartynight.com\/fr\/wp-json\/wp\/v2\/media?parent=2680"}],"wp:term":[{"taxonomy":"product_brand","embeddable":true,"href":"https:\/\/stagpartynight.com\/fr\/wp-json\/wp\/v2\/product_brand?post=2680"},{"taxonomy":"product_cat","embeddable":true,"href":"https:\/\/stagpartynight.com\/fr\/wp-json\/wp\/v2\/product_cat?post=2680"},{"taxonomy":"product_tag","embeddable":true,"href":"https:\/\/stagpartynight.com\/fr\/wp-json\/wp\/v2\/product_tag?post=2680"}],"curies":[{"name":"wp","href":"https:\/\/api.w.org\/{rel}","templated":true}]}}