{"id":2682,"date":"2023-12-22T13:10:27","date_gmt":"2023-12-22T12:10:27","guid":{"rendered":"https:\/\/stagpartynight.com\/fr\/?post_type=product&#038;p=2682"},"modified":"2024-01-08T12:46:36","modified_gmt":"2024-01-08T11:46:36","slug":"parasailing-parachute-ascensionnel-ibiza","status":"publish","type":"product","link":"https:\/\/stagpartynight.com\/fr\/product\/parasailing-parachute-ascensionnel-ibiza\/","title":{"rendered":"Parasailing Parachute ascensionnel Ibiza"},"content":{"rendered":"<p>Parasailing Parachute ascensionnel Ibiza. Profitez d&#8217;une excursion en bateau d&#8217;une ou deux heures (selon le nombre de participants) et de 15 minutes de parachute ascensionnel.<\/p>\n<p>Les meilleurs enterrements de vie de gar\u00e7on avec <a href=\"https:\/\/stagpartynight.com\/\">Stagparty<\/a><\/p>\n<h2>Parasailing Parachute ascensionnel Ibiza<\/h2>\n<h4>\ud83e\ude82 Parasailing \u00e0 Ibiza : Vivez l&#8217;Exp\u00e9rience A\u00e9rienne Ultime au-Dessus des Eaux \u00c9tincelantes !<\/h4>\n<p>\ud83c\udf0a Embarquez pour une heure ou deux sur le bateau avant le d\u00e9collage exaltant en parasailing. Ressentez l&#8217;excitation monter \u00e0 mesure que vous vous pr\u00e9parez \u00e0 survoler les eaux cristallines d&#8217;Ibiza.<\/p>\n<p>\ud83e\ude82 Lorsque le moment tant attendu arrive, laissez-vous emporter par l&#8217;euphorie du vol, planant majestueusement dans le ciel m\u00e9diterran\u00e9en. Profitez d&#8217;une vue panoramique \u00e0 couper le souffle sur la c\u00f4te d&#8217;Ibiza, ses plages dor\u00e9es, ses falaises escarp\u00e9es et ses eaux d&#8217;un bleu cristallin.<\/p>\n<p>\ud83c\udf05 Capturez des souvenirs uniques alors que le parachute monte doucement dans le ciel! Vivez une exp\u00e9rience inoubliable sur la plus belle \u00eele d&#8217;Espagne !<\/p>\n<p>\ud83d\udea4 Apr\u00e8s cette aventure a\u00e9rienne, retournez sur le bateau pour prolonger la magie marine. Savourez la brise marine, le soleil et les vues spectaculaires, transformant chaque instant en un moment de bonheur.<\/p>\n<p>\ud83d\udcab Que vous soyez un amateur de sensations fortes ou un amoureux de la nature, le parasailing \u00e0 Ibiza offre une exp\u00e9rience qui restera grav\u00e9e dans votre m\u00e9moire.<\/p>\n<p>\ud83d\ude80 R\u00e9servez d\u00e8s maintenant votre place pour cette exp\u00e9rience exceptionnelle. Pr\u00e9parez-vous \u00e0 vous \u00e9lever au-dessus des eaux cristallines d&#8217;Ibiza et \u00e0 vivre une aventure a\u00e9rienne comme jamais auparavant. \ud83c\udf34\u2728<\/p>\n","protected":false},"excerpt":{"rendered":"<p>Parasailing Parachute ascensionnel Ibiza. Profitez d&#8217;une excursion en bateau d&#8217;une ou deux heures (selon le nombre de participants) et de 15 minutes de parachute ascensionnel. Les meilleurs enterrements de vie de gar\u00e7on avec Stagparty Parasailing Parachute ascensionnel Ibiza \ud83e\ude82 Parasailing \u00e0 Ibiza : Vivez l&#8217;Exp\u00e9rience A\u00e9rienne Ultime au-Dessus des Eaux \u00c9tincelantes ! \ud83c\udf0a Embarquez pour [&hellip;]<\/p>\n","protected":false},"featured_media":2683,"comment_status":"open","ping_status":"closed","template":"","meta":{"_et_pb_use_builder":"","_et_pb_old_content":"","_et_gb_content_width":""},"product_brand":[],"product_cat":[218,113],"product_tag":[],"class_list":{"0":"post-2682","1":"product","2":"type-product","3":"status-publish","4":"has-post-thumbnail","6":"product_cat-uncategorised","7":"product_cat-ibiza","9":"first","10":"instock","11":"shipping-taxable","12":"product-type-simple"},"yoast_head":"<!-- This site is optimized with the Yoast SEO plugin v26.4 - https:\/\/yoast.com\/wordpress\/plugins\/seo\/ -->\n<title>Parasailing Parachute ascensionnel Ibiza<\/title>\n<meta name=\"description\" content=\"Parasailing Parachute ascensionnel Ibiza. Excursion en bateau d&#039;une ou deux heures (selon le nombre de participants) et de 15 minutes de parasailing.\" \/>\n<meta name=\"robots\" content=\"index, follow, max-snippet:-1, max-image-preview:large, max-video-preview:-1\" \/>\n<link rel=\"canonical\" href=\"https:\/\/stagpartynight.com\/fr\/product\/parasailing-parachute-ascensionnel-ibiza\/\" \/>\n<meta property=\"og:locale\" content=\"en_GB\" \/>\n<meta property=\"og:type\" content=\"article\" \/>\n<meta property=\"og:title\" content=\"Parasailing Parachute ascensionnel Ibiza\" \/>\n<meta property=\"og:description\" content=\"Parasailing Parachute ascensionnel Ibiza. Excursion en bateau d&#039;une ou deux heures (selon le nombre de participants) et de 15 minutes de parasailing.\" \/>\n<meta property=\"og:url\" content=\"https:\/\/stagpartynight.com\/fr\/product\/parasailing-parachute-ascensionnel-ibiza\/\" \/>\n<meta property=\"og:site_name\" content=\"Nuit de f\u00eate de cerf\" \/>\n<meta property=\"article:modified_time\" content=\"2024-01-08T11:46:36+00:00\" \/>\n<meta property=\"og:image\" content=\"https:\/\/stagpartynight.com\/fr\/wp-content\/uploads\/sites\/3\/2023\/12\/Parasailing-Parachute-ascensionnel-Ibiza.jpg\" \/>\n\t<meta property=\"og:image:width\" content=\"1280\" \/>\n\t<meta property=\"og:image:height\" content=\"1920\" \/>\n\t<meta property=\"og:image:type\" content=\"image\/jpeg\" \/>\n<meta name=\"twitter:card\" content=\"summary_large_image\" \/>\n<meta name=\"twitter:label1\" content=\"Estimated reading time\" \/>\n\t<meta name=\"twitter:data1\" content=\"2 minutes\" \/>\n<script type=\"application\/ld+json\" class=\"yoast-schema-graph\">{\"@context\":\"https:\/\/schema.org\",\"@graph\":[{\"@type\":\"WebPage\",\"@id\":\"https:\/\/stagpartynight.com\/fr\/product\/parasailing-parachute-ascensionnel-ibiza\/\",\"url\":\"https:\/\/stagpartynight.com\/fr\/product\/parasailing-parachute-ascensionnel-ibiza\/\",\"name\":\"Parasailing Parachute ascensionnel Ibiza\",\"isPartOf\":{\"@id\":\"https:\/\/stagpartynight.com\/fr\/#website\"},\"primaryImageOfPage\":{\"@id\":\"https:\/\/stagpartynight.com\/fr\/product\/parasailing-parachute-ascensionnel-ibiza\/#primaryimage\"},\"image\":{\"@id\":\"https:\/\/stagpartynight.com\/fr\/product\/parasailing-parachute-ascensionnel-ibiza\/#primaryimage\"},\"thumbnailUrl\":\"https:\/\/stagpartynight.com\/fr\/wp-content\/uploads\/sites\/3\/2023\/12\/Parasailing-Parachute-ascensionnel-Ibiza.jpg\",\"datePublished\":\"2023-12-22T12:10:27+00:00\",\"dateModified\":\"2024-01-08T11:46:36+00:00\",\"description\":\"Parasailing Parachute ascensionnel Ibiza. Excursion en bateau d'une ou deux heures (selon le nombre de participants) et de 15 minutes de parasailing.\",\"breadcrumb\":{\"@id\":\"https:\/\/stagpartynight.com\/fr\/product\/parasailing-parachute-ascensionnel-ibiza\/#breadcrumb\"},\"inLanguage\":\"en-GB\",\"potentialAction\":[{\"@type\":\"ReadAction\",\"target\":[\"https:\/\/stagpartynight.com\/fr\/product\/parasailing-parachute-ascensionnel-ibiza\/\"]}]},{\"@type\":\"ImageObject\",\"inLanguage\":\"en-GB\",\"@id\":\"https:\/\/stagpartynight.com\/fr\/product\/parasailing-parachute-ascensionnel-ibiza\/#primaryimage\",\"url\":\"https:\/\/stagpartynight.com\/fr\/wp-content\/uploads\/sites\/3\/2023\/12\/Parasailing-Parachute-ascensionnel-Ibiza.jpg\",\"contentUrl\":\"https:\/\/stagpartynight.com\/fr\/wp-content\/uploads\/sites\/3\/2023\/12\/Parasailing-Parachute-ascensionnel-Ibiza.jpg\",\"width\":1280,\"height\":1920,\"caption\":\"Parasailing Parachute ascensionnel Ibiza\"},{\"@type\":\"BreadcrumbList\",\"@id\":\"https:\/\/stagpartynight.com\/fr\/product\/parasailing-parachute-ascensionnel-ibiza\/#breadcrumb\",\"itemListElement\":[{\"@type\":\"ListItem\",\"position\":1,\"name\":\"Home\",\"item\":\"https:\/\/stagpartynight.com\/fr\/\"},{\"@type\":\"ListItem\",\"position\":2,\"name\":\"Tienda\",\"item\":\"https:\/\/stagpartynight.com\/fr\/tienda\/\"},{\"@type\":\"ListItem\",\"position\":3,\"name\":\"Parasailing Parachute ascensionnel Ibiza\"}]},{\"@type\":\"WebSite\",\"@id\":\"https:\/\/stagpartynight.com\/fr\/#website\",\"url\":\"https:\/\/stagpartynight.com\/fr\/\",\"name\":\"Stag Party Night\",\"description\":\"Your Stag Party Customized\",\"publisher\":{\"@id\":\"https:\/\/stagpartynight.com\/fr\/#organization\"},\"potentialAction\":[{\"@type\":\"SearchAction\",\"target\":{\"@type\":\"EntryPoint\",\"urlTemplate\":\"https:\/\/stagpartynight.com\/fr\/?s={search_term_string}\"},\"query-input\":{\"@type\":\"PropertyValueSpecification\",\"valueRequired\":true,\"valueName\":\"search_term_string\"}}],\"inLanguage\":\"en-GB\"},{\"@type\":\"Organization\",\"@id\":\"https:\/\/stagpartynight.com\/fr\/#organization\",\"name\":\"Stag Party Night\",\"url\":\"https:\/\/stagpartynight.com\/fr\/\",\"logo\":{\"@type\":\"ImageObject\",\"inLanguage\":\"en-GB\",\"@id\":\"https:\/\/stagpartynight.com\/fr\/#\/schema\/logo\/image\/\",\"url\":\"https:\/\/stagpartynight.com\/fr\/wp-content\/uploads\/sites\/3\/2019\/12\/stagpartynight-e1578565505687.png\",\"contentUrl\":\"https:\/\/stagpartynight.com\/fr\/wp-content\/uploads\/sites\/3\/2019\/12\/stagpartynight-e1578565505687.png\",\"width\":400,\"height\":400,\"caption\":\"Stag Party Night\"},\"image\":{\"@id\":\"https:\/\/stagpartynight.com\/fr\/#\/schema\/logo\/image\/\"}}]}<\/script>\n<!-- \/ Yoast SEO plugin. -->","yoast_head_json":{"title":"Parasailing Parachute ascensionnel Ibiza","description":"Parasailing Parachute ascensionnel Ibiza. Excursion en bateau d'une ou deux heures (selon le nombre de participants) et de 15 minutes de parasailing.","robots":{"index":"index","follow":"follow","max-snippet":"max-snippet:-1","max-image-preview":"max-image-preview:large","max-video-preview":"max-video-preview:-1"},"canonical":"https:\/\/stagpartynight.com\/fr\/product\/parasailing-parachute-ascensionnel-ibiza\/","og_locale":"en_GB","og_type":"article","og_title":"Parasailing Parachute ascensionnel Ibiza","og_description":"Parasailing Parachute ascensionnel Ibiza. Excursion en bateau d'une ou deux heures (selon le nombre de participants) et de 15 minutes de parasailing.","og_url":"https:\/\/stagpartynight.com\/fr\/product\/parasailing-parachute-ascensionnel-ibiza\/","og_site_name":"Nuit de f\u00eate de cerf","article_modified_time":"2024-01-08T11:46:36+00:00","og_image":[{"width":1280,"height":1920,"url":"https:\/\/stagpartynight.com\/fr\/wp-content\/uploads\/sites\/3\/2023\/12\/Parasailing-Parachute-ascensionnel-Ibiza.jpg","type":"image\/jpeg"}],"twitter_card":"summary_large_image","twitter_misc":{"Estimated reading time":"2 minutes"},"schema":{"@context":"https:\/\/schema.org","@graph":[{"@type":"WebPage","@id":"https:\/\/stagpartynight.com\/fr\/product\/parasailing-parachute-ascensionnel-ibiza\/","url":"https:\/\/stagpartynight.com\/fr\/product\/parasailing-parachute-ascensionnel-ibiza\/","name":"Parasailing Parachute ascensionnel Ibiza","isPartOf":{"@id":"https:\/\/stagpartynight.com\/fr\/#website"},"primaryImageOfPage":{"@id":"https:\/\/stagpartynight.com\/fr\/product\/parasailing-parachute-ascensionnel-ibiza\/#primaryimage"},"image":{"@id":"https:\/\/stagpartynight.com\/fr\/product\/parasailing-parachute-ascensionnel-ibiza\/#primaryimage"},"thumbnailUrl":"https:\/\/stagpartynight.com\/fr\/wp-content\/uploads\/sites\/3\/2023\/12\/Parasailing-Parachute-ascensionnel-Ibiza.jpg","datePublished":"2023-12-22T12:10:27+00:00","dateModified":"2024-01-08T11:46:36+00:00","description":"Parasailing Parachute ascensionnel Ibiza. Excursion en bateau d'une ou deux heures (selon le nombre de participants) et de 15 minutes de parasailing.","breadcrumb":{"@id":"https:\/\/stagpartynight.com\/fr\/product\/parasailing-parachute-ascensionnel-ibiza\/#breadcrumb"},"inLanguage":"en-GB","potentialAction":[{"@type":"ReadAction","target":["https:\/\/stagpartynight.com\/fr\/product\/parasailing-parachute-ascensionnel-ibiza\/"]}]},{"@type":"ImageObject","inLanguage":"en-GB","@id":"https:\/\/stagpartynight.com\/fr\/product\/parasailing-parachute-ascensionnel-ibiza\/#primaryimage","url":"https:\/\/stagpartynight.com\/fr\/wp-content\/uploads\/sites\/3\/2023\/12\/Parasailing-Parachute-ascensionnel-Ibiza.jpg","contentUrl":"https:\/\/stagpartynight.com\/fr\/wp-content\/uploads\/sites\/3\/2023\/12\/Parasailing-Parachute-ascensionnel-Ibiza.jpg","width":1280,"height":1920,"caption":"Parasailing Parachute ascensionnel Ibiza"},{"@type":"BreadcrumbList","@id":"https:\/\/stagpartynight.com\/fr\/product\/parasailing-parachute-ascensionnel-ibiza\/#breadcrumb","itemListElement":[{"@type":"ListItem","position":1,"name":"Home","item":"https:\/\/stagpartynight.com\/fr\/"},{"@type":"ListItem","position":2,"name":"Tienda","item":"https:\/\/stagpartynight.com\/fr\/tienda\/"},{"@type":"ListItem","position":3,"name":"Parasailing Parachute ascensionnel Ibiza"}]},{"@type":"WebSite","@id":"https:\/\/stagpartynight.com\/fr\/#website","url":"https:\/\/stagpartynight.com\/fr\/","name":"Stag Party Night","description":"Your Stag Party Customized","publisher":{"@id":"https:\/\/stagpartynight.com\/fr\/#organization"},"potentialAction":[{"@type":"SearchAction","target":{"@type":"EntryPoint","urlTemplate":"https:\/\/stagpartynight.com\/fr\/?s={search_term_string}"},"query-input":{"@type":"PropertyValueSpecification","valueRequired":true,"valueName":"search_term_string"}}],"inLanguage":"en-GB"},{"@type":"Organization","@id":"https:\/\/stagpartynight.com\/fr\/#organization","name":"Stag Party Night","url":"https:\/\/stagpartynight.com\/fr\/","logo":{"@type":"ImageObject","inLanguage":"en-GB","@id":"https:\/\/stagpartynight.com\/fr\/#\/schema\/logo\/image\/","url":"https:\/\/stagpartynight.com\/fr\/wp-content\/uploads\/sites\/3\/2019\/12\/stagpartynight-e1578565505687.png","contentUrl":"https:\/\/stagpartynight.com\/fr\/wp-content\/uploads\/sites\/3\/2019\/12\/stagpartynight-e1578565505687.png","width":400,"height":400,"caption":"Stag Party Night"},"image":{"@id":"https:\/\/stagpartynight.com\/fr\/#\/schema\/logo\/image\/"}}]}},"_links":{"self":[{"href":"https:\/\/stagpartynight.com\/fr\/wp-json\/wp\/v2\/product\/2682","targetHints":{"allow":["GET"]}}],"collection":[{"href":"https:\/\/stagpartynight.com\/fr\/wp-json\/wp\/v2\/product"}],"about":[{"href":"https:\/\/stagpartynight.com\/fr\/wp-json\/wp\/v2\/types\/product"}],"replies":[{"embeddable":true,"href":"https:\/\/stagpartynight.com\/fr\/wp-json\/wp\/v2\/comments?post=2682"}],"wp:featuredmedia":[{"embeddable":true,"href":"https:\/\/stagpartynight.com\/fr\/wp-json\/wp\/v2\/media\/2683"}],"wp:attachment":[{"href":"https:\/\/stagpartynight.com\/fr\/wp-json\/wp\/v2\/media?parent=2682"}],"wp:term":[{"taxonomy":"product_brand","embeddable":true,"href":"https:\/\/stagpartynight.com\/fr\/wp-json\/wp\/v2\/product_brand?post=2682"},{"taxonomy":"product_cat","embeddable":true,"href":"https:\/\/stagpartynight.com\/fr\/wp-json\/wp\/v2\/product_cat?post=2682"},{"taxonomy":"product_tag","embeddable":true,"href":"https:\/\/stagpartynight.com\/fr\/wp-json\/wp\/v2\/product_tag?post=2682"}],"curies":[{"name":"wp","href":"https:\/\/api.w.org\/{rel}","templated":true}]}}