{"id":2684,"date":"2023-12-22T13:15:58","date_gmt":"2023-12-22T12:15:58","guid":{"rendered":"https:\/\/stagpartynight.com\/fr\/?post_type=product&#038;p=2684"},"modified":"2024-01-08T12:46:36","modified_gmt":"2024-01-08T11:46:36","slug":"kayak-et-plongee-sous-marine-ibiza","status":"publish","type":"product","link":"https:\/\/stagpartynight.com\/fr\/product\/kayak-et-plongee-sous-marine-ibiza\/","title":{"rendered":"Kayak et Plong\u00e9e Sous-marine Ibiza"},"content":{"rendered":"<p>Kayak et Plong\u00e9e Sous-marine Ibiza. Profitez pendant trois heures des endroits secrets des eaux d&#8217;Ibiza en faisant du Kayak et du Sorkel.<\/p>\n<p>Les meilleurs enterrements de vie de gar\u00e7on et de jeune fille avec <a href=\"https:\/\/stagpartynight.com\/\">Stagparty <\/a><\/p>\n<h2>Kayak et Plong\u00e9e Sous-marine Ibiza<\/h2>\n<h4>\ud83d\udea3\u200d\u2642\ufe0f Kayak et Snorkel \u00e0 Ibiza : Explorez les Secrets C\u00f4tiers lors de cette Aventure Aquatique de Trois Heures !<\/h4>\n<p>\ud83c\udfdd\ufe0f Embarquez pour une exp\u00e9rience immersive entre kayak et snorkel, d\u00e9couvrant les recoins secrets de la c\u00f4te d&#8217;Ibiza. Pagayez le long de criques cach\u00e9es, explorez des grottes marines et plongez dans des eaux cristallines, cr\u00e9ant ainsi une aventure inoubliable.<\/p>\n<p>\ud83c\udf47 Profitez de snacks rafra\u00eechissants et de boissons, l&#8217;\u00e9nergie n\u00e9cessaire pour continuer cette exploration aquatique. Admirez les vues panoramiques sur la M\u00e9diterran\u00e9e tout en savourant des collations d\u00e9licieuses.<\/p>\n<p>\ud83d\udc20 \u00c9merveillez-vous devant la vie marine, explorez les fonds marins avec le snorkel et cr\u00e9ez des souvenirs inoubliables de poissons color\u00e9s et de formations coralliennes.<\/p>\n<p>\ud83c\udf1e Une aventure de trois heures con\u00e7ue pour les amoureux de la mer, combinant sport, d\u00e9couverte et d\u00e9tente. Les eaux turquoise, les paysages c\u00f4tiers \u00e9poustouflants et les activit\u00e9s aquatiques excitantes font de cette exp\u00e9rience une parenth\u00e8se enchant\u00e9e.<\/p>\n<p>\ud83d\udea3\u200d\u2640\ufe0f R\u00e9servez d\u00e8s maintenant et partez \u00e0 la conqu\u00eate des joyaux cach\u00e9s de la c\u00f4te ib\u00e9rique. Une \u00e9quipe exp\u00e9riment\u00e9e vous guidera \u00e0 travers les lieux secrets et vous garantira une exp\u00e9rience authentique et s\u00e9curis\u00e9e.<\/p>\n<p>\ud83c\udf0a\u2728 Profitez de l&#8217;\u00e9merveillement de la nature <a href=\"https:\/\/es.wikipedia.org\/wiki\/Ibiza\">m\u00e9diterran\u00e9enne <\/a>tout en cr\u00e9ant des souvenirs durables. \ud83d\udea4\ud83d\udc99<\/p>\n<p>&nbsp;<\/p>\n<p>&nbsp;<\/p>\n","protected":false},"excerpt":{"rendered":"<p>Kayak et Plong\u00e9e Sous-marine Ibiza. Profitez pendant trois heures des endroits secrets des eaux d&#8217;Ibiza en faisant du Kayak et du Sorkel. Les meilleurs enterrements de vie de gar\u00e7on et de jeune fille avec Stagparty Kayak et Plong\u00e9e Sous-marine Ibiza \ud83d\udea3\u200d\u2642\ufe0f Kayak et Snorkel \u00e0 Ibiza : Explorez les Secrets C\u00f4tiers lors de cette Aventure [&hellip;]<\/p>\n","protected":false},"featured_media":2685,"comment_status":"open","ping_status":"closed","template":"","meta":{"_et_pb_use_builder":"","_et_pb_old_content":"","_et_gb_content_width":""},"product_brand":[],"product_cat":[113,218],"product_tag":[],"class_list":{"0":"post-2684","1":"product","2":"type-product","3":"status-publish","4":"has-post-thumbnail","6":"product_cat-ibiza","7":"product_cat-uncategorised","9":"first","10":"instock","11":"shipping-taxable","12":"product-type-simple"},"yoast_head":"<!-- This site is optimized with the Yoast SEO Premium plugin v27.5 (Yoast SEO v27.5) - https:\/\/yoast.com\/product\/yoast-seo-premium-wordpress\/ -->\n<title>Kayak et Plong\u00e9e Sous-marine Ibiza<\/title>\n<meta name=\"description\" content=\"Kayak et Plong\u00e9e Sous-marine Ibiza. Profitez pendant trois heures des endroits secrets des eaux d&#039;Ibiza en faisant du Kayak et du Sorkel.\" \/>\n<meta name=\"robots\" content=\"index, follow, max-snippet:-1, max-image-preview:large, max-video-preview:-1\" \/>\n<link rel=\"canonical\" href=\"https:\/\/stagpartynight.com\/fr\/product\/kayak-et-plongee-sous-marine-ibiza\/\" \/>\n<meta property=\"og:locale\" content=\"en_GB\" \/>\n<meta property=\"og:type\" content=\"article\" \/>\n<meta property=\"og:title\" content=\"Kayak et Plong\u00e9e Sous-marine Ibiza\" \/>\n<meta property=\"og:description\" content=\"Kayak et Plong\u00e9e Sous-marine Ibiza. Profitez pendant trois heures des endroits secrets des eaux d&#039;Ibiza en faisant du Kayak et du Sorkel.\" \/>\n<meta property=\"og:url\" content=\"https:\/\/stagpartynight.com\/fr\/product\/kayak-et-plongee-sous-marine-ibiza\/\" \/>\n<meta property=\"og:site_name\" content=\"Nuit de f\u00eate de cerf\" \/>\n<meta property=\"article:modified_time\" content=\"2024-01-08T11:46:36+00:00\" \/>\n<meta property=\"og:image\" content=\"https:\/\/stagpartynight.com\/fr\/wp-content\/uploads\/sites\/3\/2023\/12\/Kayak-et-Plongee-Sous-marine-Ibiza.jpg\" \/>\n\t<meta property=\"og:image:width\" content=\"1280\" \/>\n\t<meta property=\"og:image:height\" content=\"913\" \/>\n\t<meta property=\"og:image:type\" content=\"image\/jpeg\" \/>\n<meta name=\"twitter:card\" content=\"summary_large_image\" \/>\n<meta name=\"twitter:label1\" content=\"Estimated reading time\" \/>\n\t<meta name=\"twitter:data1\" content=\"2 minutes\" \/>\n<script type=\"application\/ld+json\" class=\"yoast-schema-graph\">{\"@context\":\"https:\\\/\\\/schema.org\",\"@graph\":[{\"@type\":\"WebPage\",\"@id\":\"https:\\\/\\\/stagpartynight.com\\\/fr\\\/product\\\/kayak-et-plongee-sous-marine-ibiza\\\/\",\"url\":\"https:\\\/\\\/stagpartynight.com\\\/fr\\\/product\\\/kayak-et-plongee-sous-marine-ibiza\\\/\",\"name\":\"Kayak et Plong\u00e9e Sous-marine Ibiza\",\"isPartOf\":{\"@id\":\"https:\\\/\\\/stagpartynight.com\\\/fr\\\/#website\"},\"primaryImageOfPage\":{\"@id\":\"https:\\\/\\\/stagpartynight.com\\\/fr\\\/product\\\/kayak-et-plongee-sous-marine-ibiza\\\/#primaryimage\"},\"image\":{\"@id\":\"https:\\\/\\\/stagpartynight.com\\\/fr\\\/product\\\/kayak-et-plongee-sous-marine-ibiza\\\/#primaryimage\"},\"thumbnailUrl\":\"https:\\\/\\\/stagpartynight.com\\\/fr\\\/wp-content\\\/uploads\\\/sites\\\/3\\\/2023\\\/12\\\/Kayak-et-Plongee-Sous-marine-Ibiza.jpg\",\"datePublished\":\"2023-12-22T12:15:58+00:00\",\"dateModified\":\"2024-01-08T11:46:36+00:00\",\"description\":\"Kayak et Plong\u00e9e Sous-marine Ibiza. Profitez pendant trois heures des endroits secrets des eaux d'Ibiza en faisant du Kayak et du Sorkel.\",\"breadcrumb\":{\"@id\":\"https:\\\/\\\/stagpartynight.com\\\/fr\\\/product\\\/kayak-et-plongee-sous-marine-ibiza\\\/#breadcrumb\"},\"inLanguage\":\"en-GB\",\"potentialAction\":[{\"@type\":\"ReadAction\",\"target\":[\"https:\\\/\\\/stagpartynight.com\\\/fr\\\/product\\\/kayak-et-plongee-sous-marine-ibiza\\\/\"]}]},{\"@type\":\"ImageObject\",\"inLanguage\":\"en-GB\",\"@id\":\"https:\\\/\\\/stagpartynight.com\\\/fr\\\/product\\\/kayak-et-plongee-sous-marine-ibiza\\\/#primaryimage\",\"url\":\"https:\\\/\\\/stagpartynight.com\\\/fr\\\/wp-content\\\/uploads\\\/sites\\\/3\\\/2023\\\/12\\\/Kayak-et-Plongee-Sous-marine-Ibiza.jpg\",\"contentUrl\":\"https:\\\/\\\/stagpartynight.com\\\/fr\\\/wp-content\\\/uploads\\\/sites\\\/3\\\/2023\\\/12\\\/Kayak-et-Plongee-Sous-marine-Ibiza.jpg\",\"width\":1280,\"height\":913,\"caption\":\"Tour en Kayak Majorque\"},{\"@type\":\"BreadcrumbList\",\"@id\":\"https:\\\/\\\/stagpartynight.com\\\/fr\\\/product\\\/kayak-et-plongee-sous-marine-ibiza\\\/#breadcrumb\",\"itemListElement\":[{\"@type\":\"ListItem\",\"position\":1,\"name\":\"Home\",\"item\":\"https:\\\/\\\/stagpartynight.com\\\/fr\\\/\"},{\"@type\":\"ListItem\",\"position\":2,\"name\":\"Tienda\",\"item\":\"https:\\\/\\\/stagpartynight.com\\\/fr\\\/tienda\\\/\"},{\"@type\":\"ListItem\",\"position\":3,\"name\":\"Kayak et Plong\u00e9e Sous-marine Ibiza\"}]},{\"@type\":\"WebSite\",\"@id\":\"https:\\\/\\\/stagpartynight.com\\\/fr\\\/#website\",\"url\":\"https:\\\/\\\/stagpartynight.com\\\/fr\\\/\",\"name\":\"Stag Party Night\",\"description\":\"Your Stag Party Customized\",\"publisher\":{\"@id\":\"https:\\\/\\\/stagpartynight.com\\\/fr\\\/#organization\"},\"potentialAction\":[{\"@type\":\"SearchAction\",\"target\":{\"@type\":\"EntryPoint\",\"urlTemplate\":\"https:\\\/\\\/stagpartynight.com\\\/fr\\\/?s={search_term_string}\"},\"query-input\":{\"@type\":\"PropertyValueSpecification\",\"valueRequired\":true,\"valueName\":\"search_term_string\"}}],\"inLanguage\":\"en-GB\"},{\"@type\":\"Organization\",\"@id\":\"https:\\\/\\\/stagpartynight.com\\\/fr\\\/#organization\",\"name\":\"Stag Party Night\",\"url\":\"https:\\\/\\\/stagpartynight.com\\\/fr\\\/\",\"logo\":{\"@type\":\"ImageObject\",\"inLanguage\":\"en-GB\",\"@id\":\"https:\\\/\\\/stagpartynight.com\\\/fr\\\/#\\\/schema\\\/logo\\\/image\\\/\",\"url\":\"https:\\\/\\\/stagpartynight.com\\\/fr\\\/wp-content\\\/uploads\\\/sites\\\/3\\\/2019\\\/12\\\/stagpartynight-e1578565505687.png\",\"contentUrl\":\"https:\\\/\\\/stagpartynight.com\\\/fr\\\/wp-content\\\/uploads\\\/sites\\\/3\\\/2019\\\/12\\\/stagpartynight-e1578565505687.png\",\"width\":400,\"height\":400,\"caption\":\"Stag Party Night\"},\"image\":{\"@id\":\"https:\\\/\\\/stagpartynight.com\\\/fr\\\/#\\\/schema\\\/logo\\\/image\\\/\"}}]}<\/script>\n<!-- \/ Yoast SEO Premium plugin. -->","yoast_head_json":{"title":"Kayak et Plong\u00e9e Sous-marine Ibiza","description":"Kayak et Plong\u00e9e Sous-marine Ibiza. Profitez pendant trois heures des endroits secrets des eaux d'Ibiza en faisant du Kayak et du Sorkel.","robots":{"index":"index","follow":"follow","max-snippet":"max-snippet:-1","max-image-preview":"max-image-preview:large","max-video-preview":"max-video-preview:-1"},"canonical":"https:\/\/stagpartynight.com\/fr\/product\/kayak-et-plongee-sous-marine-ibiza\/","og_locale":"en_GB","og_type":"article","og_title":"Kayak et Plong\u00e9e Sous-marine Ibiza","og_description":"Kayak et Plong\u00e9e Sous-marine Ibiza. Profitez pendant trois heures des endroits secrets des eaux d'Ibiza en faisant du Kayak et du Sorkel.","og_url":"https:\/\/stagpartynight.com\/fr\/product\/kayak-et-plongee-sous-marine-ibiza\/","og_site_name":"Nuit de f\u00eate de cerf","article_modified_time":"2024-01-08T11:46:36+00:00","og_image":[{"width":1280,"height":913,"url":"https:\/\/stagpartynight.com\/fr\/wp-content\/uploads\/sites\/3\/2023\/12\/Kayak-et-Plongee-Sous-marine-Ibiza.jpg","type":"image\/jpeg"}],"twitter_card":"summary_large_image","twitter_misc":{"Estimated reading time":"2 minutes"},"schema":{"@context":"https:\/\/schema.org","@graph":[{"@type":"WebPage","@id":"https:\/\/stagpartynight.com\/fr\/product\/kayak-et-plongee-sous-marine-ibiza\/","url":"https:\/\/stagpartynight.com\/fr\/product\/kayak-et-plongee-sous-marine-ibiza\/","name":"Kayak et Plong\u00e9e Sous-marine Ibiza","isPartOf":{"@id":"https:\/\/stagpartynight.com\/fr\/#website"},"primaryImageOfPage":{"@id":"https:\/\/stagpartynight.com\/fr\/product\/kayak-et-plongee-sous-marine-ibiza\/#primaryimage"},"image":{"@id":"https:\/\/stagpartynight.com\/fr\/product\/kayak-et-plongee-sous-marine-ibiza\/#primaryimage"},"thumbnailUrl":"https:\/\/stagpartynight.com\/fr\/wp-content\/uploads\/sites\/3\/2023\/12\/Kayak-et-Plongee-Sous-marine-Ibiza.jpg","datePublished":"2023-12-22T12:15:58+00:00","dateModified":"2024-01-08T11:46:36+00:00","description":"Kayak et Plong\u00e9e Sous-marine Ibiza. Profitez pendant trois heures des endroits secrets des eaux d'Ibiza en faisant du Kayak et du Sorkel.","breadcrumb":{"@id":"https:\/\/stagpartynight.com\/fr\/product\/kayak-et-plongee-sous-marine-ibiza\/#breadcrumb"},"inLanguage":"en-GB","potentialAction":[{"@type":"ReadAction","target":["https:\/\/stagpartynight.com\/fr\/product\/kayak-et-plongee-sous-marine-ibiza\/"]}]},{"@type":"ImageObject","inLanguage":"en-GB","@id":"https:\/\/stagpartynight.com\/fr\/product\/kayak-et-plongee-sous-marine-ibiza\/#primaryimage","url":"https:\/\/stagpartynight.com\/fr\/wp-content\/uploads\/sites\/3\/2023\/12\/Kayak-et-Plongee-Sous-marine-Ibiza.jpg","contentUrl":"https:\/\/stagpartynight.com\/fr\/wp-content\/uploads\/sites\/3\/2023\/12\/Kayak-et-Plongee-Sous-marine-Ibiza.jpg","width":1280,"height":913,"caption":"Tour en Kayak Majorque"},{"@type":"BreadcrumbList","@id":"https:\/\/stagpartynight.com\/fr\/product\/kayak-et-plongee-sous-marine-ibiza\/#breadcrumb","itemListElement":[{"@type":"ListItem","position":1,"name":"Home","item":"https:\/\/stagpartynight.com\/fr\/"},{"@type":"ListItem","position":2,"name":"Tienda","item":"https:\/\/stagpartynight.com\/fr\/tienda\/"},{"@type":"ListItem","position":3,"name":"Kayak et Plong\u00e9e Sous-marine Ibiza"}]},{"@type":"WebSite","@id":"https:\/\/stagpartynight.com\/fr\/#website","url":"https:\/\/stagpartynight.com\/fr\/","name":"Stag Party Night","description":"Your Stag Party Customized","publisher":{"@id":"https:\/\/stagpartynight.com\/fr\/#organization"},"potentialAction":[{"@type":"SearchAction","target":{"@type":"EntryPoint","urlTemplate":"https:\/\/stagpartynight.com\/fr\/?s={search_term_string}"},"query-input":{"@type":"PropertyValueSpecification","valueRequired":true,"valueName":"search_term_string"}}],"inLanguage":"en-GB"},{"@type":"Organization","@id":"https:\/\/stagpartynight.com\/fr\/#organization","name":"Stag Party Night","url":"https:\/\/stagpartynight.com\/fr\/","logo":{"@type":"ImageObject","inLanguage":"en-GB","@id":"https:\/\/stagpartynight.com\/fr\/#\/schema\/logo\/image\/","url":"https:\/\/stagpartynight.com\/fr\/wp-content\/uploads\/sites\/3\/2019\/12\/stagpartynight-e1578565505687.png","contentUrl":"https:\/\/stagpartynight.com\/fr\/wp-content\/uploads\/sites\/3\/2019\/12\/stagpartynight-e1578565505687.png","width":400,"height":400,"caption":"Stag Party Night"},"image":{"@id":"https:\/\/stagpartynight.com\/fr\/#\/schema\/logo\/image\/"}}]}},"_links":{"self":[{"href":"https:\/\/stagpartynight.com\/fr\/wp-json\/wp\/v2\/product\/2684","targetHints":{"allow":["GET"]}}],"collection":[{"href":"https:\/\/stagpartynight.com\/fr\/wp-json\/wp\/v2\/product"}],"about":[{"href":"https:\/\/stagpartynight.com\/fr\/wp-json\/wp\/v2\/types\/product"}],"replies":[{"embeddable":true,"href":"https:\/\/stagpartynight.com\/fr\/wp-json\/wp\/v2\/comments?post=2684"}],"wp:featuredmedia":[{"embeddable":true,"href":"https:\/\/stagpartynight.com\/fr\/wp-json\/wp\/v2\/media\/2685"}],"wp:attachment":[{"href":"https:\/\/stagpartynight.com\/fr\/wp-json\/wp\/v2\/media?parent=2684"}],"wp:term":[{"taxonomy":"product_brand","embeddable":true,"href":"https:\/\/stagpartynight.com\/fr\/wp-json\/wp\/v2\/product_brand?post=2684"},{"taxonomy":"product_cat","embeddable":true,"href":"https:\/\/stagpartynight.com\/fr\/wp-json\/wp\/v2\/product_cat?post=2684"},{"taxonomy":"product_tag","embeddable":true,"href":"https:\/\/stagpartynight.com\/fr\/wp-json\/wp\/v2\/product_tag?post=2684"}],"curies":[{"name":"wp","href":"https:\/\/api.w.org\/{rel}","templated":true}]}}