{"id":2686,"date":"2023-12-22T13:28:13","date_gmt":"2023-12-22T12:28:13","guid":{"rendered":"https:\/\/stagpartynight.com\/fr\/?post_type=product&#038;p=2686"},"modified":"2024-01-08T12:46:35","modified_gmt":"2024-01-08T11:46:35","slug":"kayak-au-coucher-du-soleil-ibiza","status":"publish","type":"product","link":"https:\/\/stagpartynight.com\/fr\/product\/kayak-au-coucher-du-soleil-ibiza\/","title":{"rendered":"Kayak au coucher du soleil Ibiza"},"content":{"rendered":"<p>Kayak au coucher du soleil Ibiza. Profitez d&#8217;une excursion de trois heures pour admirer le magnifique coucher de soleil d&#8217;Ibiza au milieu de la mer : quoi de plus incroyable ?<\/p>\n<p>Les meilleurs enterrements de vie de gar\u00e7on et de jeune fille avec <a href=\"https:\/\/stagpartynight.com\/\">Stagparty <\/a><\/p>\n<h2>Kayak au coucher du soleil Ibiza<\/h2>\n<h4>\ud83d\udea3\u200d\u2642\ufe0f Kayak au Coucher de Soleil \u00e0 Ibiza : Une Exp\u00e9rience Magique de Trois Heures !<\/h4>\n<p>\ud83c\udf05 Pagayez vers le cr\u00e9puscule dans une aventure inoubliable de trois heures pour admirer le coucher de soleil m\u00e9diterran\u00e9en.<\/p>\n<p>\ud83c\udfdd\ufe0f Explorez la c\u00f4te d&#8217;Ibiza, d\u00e9couvrez des criques cach\u00e9es et des panoramas \u00e9poustouflants tout en savourant une boisson rafra\u00eechissante et des snacks.<\/p>\n<p>\ud83e\uddd8\u200d\u2642\ufe0f Laissez-vous envelopper par la tranquillit\u00e9 de la mer au cr\u00e9puscule, tandis que le ciel se teinte de nuances chaudes et dor\u00e9es.\u00a0 Une atmosph\u00e8re magique.<\/p>\n<p>\ud83c\udf0a Glissez sur les eaux calmes, impr\u00e9gnant chaque rame d&#8217;une exp\u00e9rience inoubliable au c\u0153ur de la nature insulaire.<\/p>\n<p>\ud83d\udea4 Tout l&#8217;\u00e9quipement n\u00e9cessaire est inclus, vous permettant de vous concentrer sur l&#8217;essentiel : profiter pleinement de cette exp\u00e9rience unique.<\/p>\n<p>\ud83c\udf34 R\u00e9servez maintenant pour une soir\u00e9e m\u00e9morable \u00e0 <a href=\"https:\/\/es.wikipedia.org\/wiki\/Ibiza\">Ibiza.<\/a> Combinant aventure, d\u00e9tente et la beaut\u00e9 in\u00e9gal\u00e9e du coucher de soleil. Admirez le soleil dispara\u00eetre lentement \u00e0 l&#8217;horizon, cr\u00e9ant une toile de fond parfaite pour une soir\u00e9e inoubliable.<\/p>\n<p>\u2728 Ne manquez pas cette opportunit\u00e9 de vivre le coucher de soleil d&#8217;une mani\u00e8re exceptionnelle, berc\u00e9 par les vagues et entour\u00e9 de la splendeur de la nature. Une exp\u00e9rience magique vous attend au bout de chaque pagayage. \ud83c\udf0a\ud83d\udcab<\/p>\n<p>&nbsp;<\/p>\n","protected":false},"excerpt":{"rendered":"<p>Kayak au coucher du soleil Ibiza. Profitez d&#8217;une excursion de trois heures pour admirer le magnifique coucher de soleil d&#8217;Ibiza au milieu de la mer : quoi de plus incroyable ? Les meilleurs enterrements de vie de gar\u00e7on et de jeune fille avec Stagparty Kayak au coucher du soleil Ibiza \ud83d\udea3\u200d\u2642\ufe0f Kayak au Coucher de [&hellip;]<\/p>\n","protected":false},"featured_media":2687,"comment_status":"open","ping_status":"closed","template":"","meta":{"_et_pb_use_builder":"","_et_pb_old_content":"","_et_gb_content_width":""},"product_brand":[],"product_cat":[218,113],"product_tag":[],"class_list":{"0":"post-2686","1":"product","2":"type-product","3":"status-publish","4":"has-post-thumbnail","6":"product_cat-uncategorised","7":"product_cat-ibiza","9":"first","10":"instock","11":"shipping-taxable","12":"product-type-simple"},"yoast_head":"<!-- This site is optimized with the Yoast SEO plugin v26.4 - https:\/\/yoast.com\/wordpress\/plugins\/seo\/ -->\n<title>Kayak au coucher du soleil Ibiza<\/title>\n<meta name=\"description\" content=\"Kayak au coucher du soleil Ibiza. Excursion de trois heures pour admirer le magnifique coucher de soleil d&#039;Ibiza au milieu de la mer.\" \/>\n<meta name=\"robots\" content=\"index, follow, max-snippet:-1, max-image-preview:large, max-video-preview:-1\" \/>\n<link rel=\"canonical\" href=\"https:\/\/stagpartynight.com\/fr\/product\/kayak-au-coucher-du-soleil-ibiza\/\" \/>\n<meta property=\"og:locale\" content=\"en_GB\" \/>\n<meta property=\"og:type\" content=\"article\" \/>\n<meta property=\"og:title\" content=\"Kayak au coucher du soleil Ibiza\" \/>\n<meta property=\"og:description\" content=\"Kayak au coucher du soleil Ibiza. Excursion de trois heures pour admirer le magnifique coucher de soleil d&#039;Ibiza au milieu de la mer.\" \/>\n<meta property=\"og:url\" content=\"https:\/\/stagpartynight.com\/fr\/product\/kayak-au-coucher-du-soleil-ibiza\/\" \/>\n<meta property=\"og:site_name\" content=\"Nuit de f\u00eate de cerf\" \/>\n<meta property=\"article:modified_time\" content=\"2024-01-08T11:46:35+00:00\" \/>\n<meta property=\"og:image\" content=\"https:\/\/stagpartynight.com\/fr\/wp-content\/uploads\/sites\/3\/2023\/12\/Kayak-au-coucher-du-soleil-Ibiza.jpg\" \/>\n\t<meta property=\"og:image:width\" content=\"1280\" \/>\n\t<meta property=\"og:image:height\" content=\"1920\" \/>\n\t<meta property=\"og:image:type\" content=\"image\/jpeg\" \/>\n<meta name=\"twitter:card\" content=\"summary_large_image\" \/>\n<meta name=\"twitter:label1\" content=\"Estimated reading time\" \/>\n\t<meta name=\"twitter:data1\" content=\"2 minutes\" \/>\n<script type=\"application\/ld+json\" class=\"yoast-schema-graph\">{\"@context\":\"https:\/\/schema.org\",\"@graph\":[{\"@type\":\"WebPage\",\"@id\":\"https:\/\/stagpartynight.com\/fr\/product\/kayak-au-coucher-du-soleil-ibiza\/\",\"url\":\"https:\/\/stagpartynight.com\/fr\/product\/kayak-au-coucher-du-soleil-ibiza\/\",\"name\":\"Kayak au coucher du soleil Ibiza\",\"isPartOf\":{\"@id\":\"https:\/\/stagpartynight.com\/fr\/#website\"},\"primaryImageOfPage\":{\"@id\":\"https:\/\/stagpartynight.com\/fr\/product\/kayak-au-coucher-du-soleil-ibiza\/#primaryimage\"},\"image\":{\"@id\":\"https:\/\/stagpartynight.com\/fr\/product\/kayak-au-coucher-du-soleil-ibiza\/#primaryimage\"},\"thumbnailUrl\":\"https:\/\/stagpartynight.com\/fr\/wp-content\/uploads\/sites\/3\/2023\/12\/Kayak-au-coucher-du-soleil-Ibiza.jpg\",\"datePublished\":\"2023-12-22T12:28:13+00:00\",\"dateModified\":\"2024-01-08T11:46:35+00:00\",\"description\":\"Kayak au coucher du soleil Ibiza. Excursion de trois heures pour admirer le magnifique coucher de soleil d'Ibiza au milieu de la mer.\",\"breadcrumb\":{\"@id\":\"https:\/\/stagpartynight.com\/fr\/product\/kayak-au-coucher-du-soleil-ibiza\/#breadcrumb\"},\"inLanguage\":\"en-GB\",\"potentialAction\":[{\"@type\":\"ReadAction\",\"target\":[\"https:\/\/stagpartynight.com\/fr\/product\/kayak-au-coucher-du-soleil-ibiza\/\"]}]},{\"@type\":\"ImageObject\",\"inLanguage\":\"en-GB\",\"@id\":\"https:\/\/stagpartynight.com\/fr\/product\/kayak-au-coucher-du-soleil-ibiza\/#primaryimage\",\"url\":\"https:\/\/stagpartynight.com\/fr\/wp-content\/uploads\/sites\/3\/2023\/12\/Kayak-au-coucher-du-soleil-Ibiza.jpg\",\"contentUrl\":\"https:\/\/stagpartynight.com\/fr\/wp-content\/uploads\/sites\/3\/2023\/12\/Kayak-au-coucher-du-soleil-Ibiza.jpg\",\"width\":1280,\"height\":1920,\"caption\":\"Kayak sans guide Majorque\"},{\"@type\":\"BreadcrumbList\",\"@id\":\"https:\/\/stagpartynight.com\/fr\/product\/kayak-au-coucher-du-soleil-ibiza\/#breadcrumb\",\"itemListElement\":[{\"@type\":\"ListItem\",\"position\":1,\"name\":\"Home\",\"item\":\"https:\/\/stagpartynight.com\/fr\/\"},{\"@type\":\"ListItem\",\"position\":2,\"name\":\"Tienda\",\"item\":\"https:\/\/stagpartynight.com\/fr\/tienda\/\"},{\"@type\":\"ListItem\",\"position\":3,\"name\":\"Kayak au coucher du soleil Ibiza\"}]},{\"@type\":\"WebSite\",\"@id\":\"https:\/\/stagpartynight.com\/fr\/#website\",\"url\":\"https:\/\/stagpartynight.com\/fr\/\",\"name\":\"Stag Party Night\",\"description\":\"Your Stag Party Customized\",\"publisher\":{\"@id\":\"https:\/\/stagpartynight.com\/fr\/#organization\"},\"potentialAction\":[{\"@type\":\"SearchAction\",\"target\":{\"@type\":\"EntryPoint\",\"urlTemplate\":\"https:\/\/stagpartynight.com\/fr\/?s={search_term_string}\"},\"query-input\":{\"@type\":\"PropertyValueSpecification\",\"valueRequired\":true,\"valueName\":\"search_term_string\"}}],\"inLanguage\":\"en-GB\"},{\"@type\":\"Organization\",\"@id\":\"https:\/\/stagpartynight.com\/fr\/#organization\",\"name\":\"Stag Party Night\",\"url\":\"https:\/\/stagpartynight.com\/fr\/\",\"logo\":{\"@type\":\"ImageObject\",\"inLanguage\":\"en-GB\",\"@id\":\"https:\/\/stagpartynight.com\/fr\/#\/schema\/logo\/image\/\",\"url\":\"https:\/\/stagpartynight.com\/fr\/wp-content\/uploads\/sites\/3\/2019\/12\/stagpartynight-e1578565505687.png\",\"contentUrl\":\"https:\/\/stagpartynight.com\/fr\/wp-content\/uploads\/sites\/3\/2019\/12\/stagpartynight-e1578565505687.png\",\"width\":400,\"height\":400,\"caption\":\"Stag Party Night\"},\"image\":{\"@id\":\"https:\/\/stagpartynight.com\/fr\/#\/schema\/logo\/image\/\"}}]}<\/script>\n<!-- \/ Yoast SEO plugin. -->","yoast_head_json":{"title":"Kayak au coucher du soleil Ibiza","description":"Kayak au coucher du soleil Ibiza. Excursion de trois heures pour admirer le magnifique coucher de soleil d'Ibiza au milieu de la mer.","robots":{"index":"index","follow":"follow","max-snippet":"max-snippet:-1","max-image-preview":"max-image-preview:large","max-video-preview":"max-video-preview:-1"},"canonical":"https:\/\/stagpartynight.com\/fr\/product\/kayak-au-coucher-du-soleil-ibiza\/","og_locale":"en_GB","og_type":"article","og_title":"Kayak au coucher du soleil Ibiza","og_description":"Kayak au coucher du soleil Ibiza. Excursion de trois heures pour admirer le magnifique coucher de soleil d'Ibiza au milieu de la mer.","og_url":"https:\/\/stagpartynight.com\/fr\/product\/kayak-au-coucher-du-soleil-ibiza\/","og_site_name":"Nuit de f\u00eate de cerf","article_modified_time":"2024-01-08T11:46:35+00:00","og_image":[{"width":1280,"height":1920,"url":"https:\/\/stagpartynight.com\/fr\/wp-content\/uploads\/sites\/3\/2023\/12\/Kayak-au-coucher-du-soleil-Ibiza.jpg","type":"image\/jpeg"}],"twitter_card":"summary_large_image","twitter_misc":{"Estimated reading time":"2 minutes"},"schema":{"@context":"https:\/\/schema.org","@graph":[{"@type":"WebPage","@id":"https:\/\/stagpartynight.com\/fr\/product\/kayak-au-coucher-du-soleil-ibiza\/","url":"https:\/\/stagpartynight.com\/fr\/product\/kayak-au-coucher-du-soleil-ibiza\/","name":"Kayak au coucher du soleil Ibiza","isPartOf":{"@id":"https:\/\/stagpartynight.com\/fr\/#website"},"primaryImageOfPage":{"@id":"https:\/\/stagpartynight.com\/fr\/product\/kayak-au-coucher-du-soleil-ibiza\/#primaryimage"},"image":{"@id":"https:\/\/stagpartynight.com\/fr\/product\/kayak-au-coucher-du-soleil-ibiza\/#primaryimage"},"thumbnailUrl":"https:\/\/stagpartynight.com\/fr\/wp-content\/uploads\/sites\/3\/2023\/12\/Kayak-au-coucher-du-soleil-Ibiza.jpg","datePublished":"2023-12-22T12:28:13+00:00","dateModified":"2024-01-08T11:46:35+00:00","description":"Kayak au coucher du soleil Ibiza. Excursion de trois heures pour admirer le magnifique coucher de soleil d'Ibiza au milieu de la mer.","breadcrumb":{"@id":"https:\/\/stagpartynight.com\/fr\/product\/kayak-au-coucher-du-soleil-ibiza\/#breadcrumb"},"inLanguage":"en-GB","potentialAction":[{"@type":"ReadAction","target":["https:\/\/stagpartynight.com\/fr\/product\/kayak-au-coucher-du-soleil-ibiza\/"]}]},{"@type":"ImageObject","inLanguage":"en-GB","@id":"https:\/\/stagpartynight.com\/fr\/product\/kayak-au-coucher-du-soleil-ibiza\/#primaryimage","url":"https:\/\/stagpartynight.com\/fr\/wp-content\/uploads\/sites\/3\/2023\/12\/Kayak-au-coucher-du-soleil-Ibiza.jpg","contentUrl":"https:\/\/stagpartynight.com\/fr\/wp-content\/uploads\/sites\/3\/2023\/12\/Kayak-au-coucher-du-soleil-Ibiza.jpg","width":1280,"height":1920,"caption":"Kayak sans guide Majorque"},{"@type":"BreadcrumbList","@id":"https:\/\/stagpartynight.com\/fr\/product\/kayak-au-coucher-du-soleil-ibiza\/#breadcrumb","itemListElement":[{"@type":"ListItem","position":1,"name":"Home","item":"https:\/\/stagpartynight.com\/fr\/"},{"@type":"ListItem","position":2,"name":"Tienda","item":"https:\/\/stagpartynight.com\/fr\/tienda\/"},{"@type":"ListItem","position":3,"name":"Kayak au coucher du soleil Ibiza"}]},{"@type":"WebSite","@id":"https:\/\/stagpartynight.com\/fr\/#website","url":"https:\/\/stagpartynight.com\/fr\/","name":"Stag Party Night","description":"Your Stag Party Customized","publisher":{"@id":"https:\/\/stagpartynight.com\/fr\/#organization"},"potentialAction":[{"@type":"SearchAction","target":{"@type":"EntryPoint","urlTemplate":"https:\/\/stagpartynight.com\/fr\/?s={search_term_string}"},"query-input":{"@type":"PropertyValueSpecification","valueRequired":true,"valueName":"search_term_string"}}],"inLanguage":"en-GB"},{"@type":"Organization","@id":"https:\/\/stagpartynight.com\/fr\/#organization","name":"Stag Party Night","url":"https:\/\/stagpartynight.com\/fr\/","logo":{"@type":"ImageObject","inLanguage":"en-GB","@id":"https:\/\/stagpartynight.com\/fr\/#\/schema\/logo\/image\/","url":"https:\/\/stagpartynight.com\/fr\/wp-content\/uploads\/sites\/3\/2019\/12\/stagpartynight-e1578565505687.png","contentUrl":"https:\/\/stagpartynight.com\/fr\/wp-content\/uploads\/sites\/3\/2019\/12\/stagpartynight-e1578565505687.png","width":400,"height":400,"caption":"Stag Party Night"},"image":{"@id":"https:\/\/stagpartynight.com\/fr\/#\/schema\/logo\/image\/"}}]}},"_links":{"self":[{"href":"https:\/\/stagpartynight.com\/fr\/wp-json\/wp\/v2\/product\/2686","targetHints":{"allow":["GET"]}}],"collection":[{"href":"https:\/\/stagpartynight.com\/fr\/wp-json\/wp\/v2\/product"}],"about":[{"href":"https:\/\/stagpartynight.com\/fr\/wp-json\/wp\/v2\/types\/product"}],"replies":[{"embeddable":true,"href":"https:\/\/stagpartynight.com\/fr\/wp-json\/wp\/v2\/comments?post=2686"}],"wp:featuredmedia":[{"embeddable":true,"href":"https:\/\/stagpartynight.com\/fr\/wp-json\/wp\/v2\/media\/2687"}],"wp:attachment":[{"href":"https:\/\/stagpartynight.com\/fr\/wp-json\/wp\/v2\/media?parent=2686"}],"wp:term":[{"taxonomy":"product_brand","embeddable":true,"href":"https:\/\/stagpartynight.com\/fr\/wp-json\/wp\/v2\/product_brand?post=2686"},{"taxonomy":"product_cat","embeddable":true,"href":"https:\/\/stagpartynight.com\/fr\/wp-json\/wp\/v2\/product_cat?post=2686"},{"taxonomy":"product_tag","embeddable":true,"href":"https:\/\/stagpartynight.com\/fr\/wp-json\/wp\/v2\/product_tag?post=2686"}],"curies":[{"name":"wp","href":"https:\/\/api.w.org\/{rel}","templated":true}]}}