{"id":2692,"date":"2023-12-27T11:03:42","date_gmt":"2023-12-27T10:03:42","guid":{"rendered":"https:\/\/stagpartynight.com\/fr\/?post_type=product&#038;p=2692"},"modified":"2024-01-08T12:31:05","modified_gmt":"2024-01-08T11:31:05","slug":"dominatrix-ibiza","status":"publish","type":"product","link":"https:\/\/stagpartynight.com\/fr\/product\/dominatrix-ibiza\/","title":{"rendered":"Dominatrix Ibiza"},"content":{"rendered":"<p>Dominatrix Ibiza. Femme dominante. Dominatrice Ibiza. Notre dominatrice se rendra \u00e0 votre h\u00f4tel\/logement pour vous offrir un spectacle totalement priv\u00e9. Erotique et cruel.<\/p>\n<p>Les meilleurs enterrements de vie de gar\u00e7on et de jeune fille avec <a href=\"https:\/\/stagpartynight.com\/\">StagParty<\/a><\/p>\n<h2>Dominatrix Ibiza<\/h2>\n<p>Notre spectacle de domination est le moyen parfait pour remettre le mari\u00e9 \u00e0 sa place lors de son enterrement de vie de gar\u00e7on \u00e0 Ibiza.<\/p>\n<p>Le mari\u00e9 a besoin d&#8217;\u00eatre puni et quelle meilleure fa\u00e7on de l&#8217;\u00e9duquer que de lui donner un bon spectacle de domination ? Apr\u00e8s tout, un peu de sadomasochisme ne fait de mal \u00e0 personne&#8230;.<br \/>\nNotre spectaculaire fille v\u00eatue de cuir noir va faire tr\u00e8s mal \u00e0 son petit ami, elle sera tellement fatigu\u00e9e de le dominer qu&#8217;\u00e0 un moment donn\u00e9 elle devra se d\u00e9shabiller&#8230;<br \/>\nEsp\u00e9rons que le mari\u00e9 aime le m\u00e9lange d&#8217;humiliation et d&#8217;\u00e9rotisme, car c&#8217;est exactement ce que fait notre dominatrice.<\/p>\n<p>Le spectacle dure 15 minutes au total. Si vous le souhaitez, vous pouvez ajouter une deuxi\u00e8me dominatrice ou un autre type de spectacle en compl\u00e9ment (lesbien, strip-tease&#8230;).<br \/>\nOsez-vous vivre une exp\u00e9rience aussi sexy et cruelle \u00e0 la fois dans la capitale du p\u00e9ch\u00e9, <a href=\"https:\/\/es.wikipedia.org\/wiki\/Ibiza\">Ibiza<\/a> ?<\/p>\n","protected":false},"excerpt":{"rendered":"<p>Dominatrix Ibiza. Femme dominante. Dominatrice Ibiza. Notre dominatrice se rendra \u00e0 votre h\u00f4tel\/logement pour vous offrir un spectacle totalement priv\u00e9. Erotique et cruel. Les meilleurs enterrements de vie de gar\u00e7on et de jeune fille avec StagParty Dominatrix Ibiza Notre spectacle de domination est le moyen parfait pour remettre le mari\u00e9 \u00e0 sa place lors de [&hellip;]<\/p>\n","protected":false},"featured_media":2693,"comment_status":"open","ping_status":"closed","template":"","meta":{"_et_pb_use_builder":"","_et_pb_old_content":"","_et_gb_content_width":""},"product_brand":[],"product_cat":[113,218],"product_tag":[],"class_list":{"0":"post-2692","1":"product","2":"type-product","3":"status-publish","4":"has-post-thumbnail","6":"product_cat-ibiza","7":"product_cat-uncategorised","9":"first","10":"instock","11":"shipping-taxable","12":"product-type-simple"},"yoast_head":"<!-- This site is optimized with the Yoast SEO Premium plugin v27.5 (Yoast SEO v27.5) - https:\/\/yoast.com\/product\/yoast-seo-premium-wordpress\/ -->\n<title>Dominatrix Ibiza<\/title>\n<meta name=\"description\" content=\"Dominatrix Ibiza. Femme dominante. Dominatrice Ibiza. Un spectacle totalement priv\u00e9. Erotique et cruel. Transfert \u00e0 l&#039;h\u00f4tel inclus\" \/>\n<meta name=\"robots\" content=\"index, follow, max-snippet:-1, max-image-preview:large, max-video-preview:-1\" \/>\n<link rel=\"canonical\" href=\"https:\/\/stagpartynight.com\/fr\/product\/dominatrix-ibiza\/\" \/>\n<meta property=\"og:locale\" content=\"en_GB\" \/>\n<meta property=\"og:type\" content=\"article\" \/>\n<meta property=\"og:title\" content=\"Dominatrix Ibiza\" \/>\n<meta property=\"og:description\" content=\"Dominatrix Ibiza. Femme dominante. Dominatrice Ibiza. Un spectacle totalement priv\u00e9. Erotique et cruel. Transfert \u00e0 l&#039;h\u00f4tel inclus\" \/>\n<meta property=\"og:url\" content=\"https:\/\/stagpartynight.com\/fr\/product\/dominatrix-ibiza\/\" \/>\n<meta property=\"og:site_name\" content=\"Nuit de f\u00eate de cerf\" \/>\n<meta property=\"article:modified_time\" content=\"2024-01-08T11:31:05+00:00\" \/>\n<meta property=\"og:image\" content=\"https:\/\/stagpartynight.com\/fr\/wp-content\/uploads\/sites\/3\/2023\/12\/Dominatrix-Ibiza.jpg\" \/>\n\t<meta property=\"og:image:width\" content=\"1280\" \/>\n\t<meta property=\"og:image:height\" content=\"960\" \/>\n\t<meta property=\"og:image:type\" content=\"image\/jpeg\" \/>\n<meta name=\"twitter:card\" content=\"summary_large_image\" \/>\n<meta name=\"twitter:label1\" content=\"Estimated reading time\" \/>\n\t<meta name=\"twitter:data1\" content=\"1 minute\" \/>\n<script type=\"application\/ld+json\" class=\"yoast-schema-graph\">{\"@context\":\"https:\\\/\\\/schema.org\",\"@graph\":[{\"@type\":\"WebPage\",\"@id\":\"https:\\\/\\\/stagpartynight.com\\\/fr\\\/product\\\/dominatrix-ibiza\\\/\",\"url\":\"https:\\\/\\\/stagpartynight.com\\\/fr\\\/product\\\/dominatrix-ibiza\\\/\",\"name\":\"Dominatrix Ibiza\",\"isPartOf\":{\"@id\":\"https:\\\/\\\/stagpartynight.com\\\/fr\\\/#website\"},\"primaryImageOfPage\":{\"@id\":\"https:\\\/\\\/stagpartynight.com\\\/fr\\\/product\\\/dominatrix-ibiza\\\/#primaryimage\"},\"image\":{\"@id\":\"https:\\\/\\\/stagpartynight.com\\\/fr\\\/product\\\/dominatrix-ibiza\\\/#primaryimage\"},\"thumbnailUrl\":\"https:\\\/\\\/stagpartynight.com\\\/fr\\\/wp-content\\\/uploads\\\/sites\\\/3\\\/2023\\\/12\\\/Dominatrix-Ibiza.jpg\",\"datePublished\":\"2023-12-27T10:03:42+00:00\",\"dateModified\":\"2024-01-08T11:31:05+00:00\",\"description\":\"Dominatrix Ibiza. Femme dominante. Dominatrice Ibiza. Un spectacle totalement priv\u00e9. Erotique et cruel. Transfert \u00e0 l'h\u00f4tel inclus\",\"breadcrumb\":{\"@id\":\"https:\\\/\\\/stagpartynight.com\\\/fr\\\/product\\\/dominatrix-ibiza\\\/#breadcrumb\"},\"inLanguage\":\"en-GB\",\"potentialAction\":[{\"@type\":\"ReadAction\",\"target\":[\"https:\\\/\\\/stagpartynight.com\\\/fr\\\/product\\\/dominatrix-ibiza\\\/\"]}]},{\"@type\":\"ImageObject\",\"inLanguage\":\"en-GB\",\"@id\":\"https:\\\/\\\/stagpartynight.com\\\/fr\\\/product\\\/dominatrix-ibiza\\\/#primaryimage\",\"url\":\"https:\\\/\\\/stagpartynight.com\\\/fr\\\/wp-content\\\/uploads\\\/sites\\\/3\\\/2023\\\/12\\\/Dominatrix-Ibiza.jpg\",\"contentUrl\":\"https:\\\/\\\/stagpartynight.com\\\/fr\\\/wp-content\\\/uploads\\\/sites\\\/3\\\/2023\\\/12\\\/Dominatrix-Ibiza.jpg\",\"width\":1280,\"height\":960,\"caption\":\"Dominatrix Ibiza\"},{\"@type\":\"BreadcrumbList\",\"@id\":\"https:\\\/\\\/stagpartynight.com\\\/fr\\\/product\\\/dominatrix-ibiza\\\/#breadcrumb\",\"itemListElement\":[{\"@type\":\"ListItem\",\"position\":1,\"name\":\"Home\",\"item\":\"https:\\\/\\\/stagpartynight.com\\\/fr\\\/\"},{\"@type\":\"ListItem\",\"position\":2,\"name\":\"Tienda\",\"item\":\"https:\\\/\\\/stagpartynight.com\\\/fr\\\/tienda\\\/\"},{\"@type\":\"ListItem\",\"position\":3,\"name\":\"Dominatrix Ibiza\"}]},{\"@type\":\"WebSite\",\"@id\":\"https:\\\/\\\/stagpartynight.com\\\/fr\\\/#website\",\"url\":\"https:\\\/\\\/stagpartynight.com\\\/fr\\\/\",\"name\":\"Stag Party Night\",\"description\":\"Your Stag Party Customized\",\"publisher\":{\"@id\":\"https:\\\/\\\/stagpartynight.com\\\/fr\\\/#organization\"},\"potentialAction\":[{\"@type\":\"SearchAction\",\"target\":{\"@type\":\"EntryPoint\",\"urlTemplate\":\"https:\\\/\\\/stagpartynight.com\\\/fr\\\/?s={search_term_string}\"},\"query-input\":{\"@type\":\"PropertyValueSpecification\",\"valueRequired\":true,\"valueName\":\"search_term_string\"}}],\"inLanguage\":\"en-GB\"},{\"@type\":\"Organization\",\"@id\":\"https:\\\/\\\/stagpartynight.com\\\/fr\\\/#organization\",\"name\":\"Stag Party Night\",\"url\":\"https:\\\/\\\/stagpartynight.com\\\/fr\\\/\",\"logo\":{\"@type\":\"ImageObject\",\"inLanguage\":\"en-GB\",\"@id\":\"https:\\\/\\\/stagpartynight.com\\\/fr\\\/#\\\/schema\\\/logo\\\/image\\\/\",\"url\":\"https:\\\/\\\/stagpartynight.com\\\/fr\\\/wp-content\\\/uploads\\\/sites\\\/3\\\/2019\\\/12\\\/stagpartynight-e1578565505687.png\",\"contentUrl\":\"https:\\\/\\\/stagpartynight.com\\\/fr\\\/wp-content\\\/uploads\\\/sites\\\/3\\\/2019\\\/12\\\/stagpartynight-e1578565505687.png\",\"width\":400,\"height\":400,\"caption\":\"Stag Party Night\"},\"image\":{\"@id\":\"https:\\\/\\\/stagpartynight.com\\\/fr\\\/#\\\/schema\\\/logo\\\/image\\\/\"}}]}<\/script>\n<!-- \/ Yoast SEO Premium plugin. -->","yoast_head_json":{"title":"Dominatrix Ibiza","description":"Dominatrix Ibiza. Femme dominante. Dominatrice Ibiza. Un spectacle totalement priv\u00e9. Erotique et cruel. Transfert \u00e0 l'h\u00f4tel inclus","robots":{"index":"index","follow":"follow","max-snippet":"max-snippet:-1","max-image-preview":"max-image-preview:large","max-video-preview":"max-video-preview:-1"},"canonical":"https:\/\/stagpartynight.com\/fr\/product\/dominatrix-ibiza\/","og_locale":"en_GB","og_type":"article","og_title":"Dominatrix Ibiza","og_description":"Dominatrix Ibiza. Femme dominante. Dominatrice Ibiza. Un spectacle totalement priv\u00e9. Erotique et cruel. Transfert \u00e0 l'h\u00f4tel inclus","og_url":"https:\/\/stagpartynight.com\/fr\/product\/dominatrix-ibiza\/","og_site_name":"Nuit de f\u00eate de cerf","article_modified_time":"2024-01-08T11:31:05+00:00","og_image":[{"width":1280,"height":960,"url":"https:\/\/stagpartynight.com\/fr\/wp-content\/uploads\/sites\/3\/2023\/12\/Dominatrix-Ibiza.jpg","type":"image\/jpeg"}],"twitter_card":"summary_large_image","twitter_misc":{"Estimated reading time":"1 minute"},"schema":{"@context":"https:\/\/schema.org","@graph":[{"@type":"WebPage","@id":"https:\/\/stagpartynight.com\/fr\/product\/dominatrix-ibiza\/","url":"https:\/\/stagpartynight.com\/fr\/product\/dominatrix-ibiza\/","name":"Dominatrix Ibiza","isPartOf":{"@id":"https:\/\/stagpartynight.com\/fr\/#website"},"primaryImageOfPage":{"@id":"https:\/\/stagpartynight.com\/fr\/product\/dominatrix-ibiza\/#primaryimage"},"image":{"@id":"https:\/\/stagpartynight.com\/fr\/product\/dominatrix-ibiza\/#primaryimage"},"thumbnailUrl":"https:\/\/stagpartynight.com\/fr\/wp-content\/uploads\/sites\/3\/2023\/12\/Dominatrix-Ibiza.jpg","datePublished":"2023-12-27T10:03:42+00:00","dateModified":"2024-01-08T11:31:05+00:00","description":"Dominatrix Ibiza. Femme dominante. Dominatrice Ibiza. Un spectacle totalement priv\u00e9. Erotique et cruel. Transfert \u00e0 l'h\u00f4tel inclus","breadcrumb":{"@id":"https:\/\/stagpartynight.com\/fr\/product\/dominatrix-ibiza\/#breadcrumb"},"inLanguage":"en-GB","potentialAction":[{"@type":"ReadAction","target":["https:\/\/stagpartynight.com\/fr\/product\/dominatrix-ibiza\/"]}]},{"@type":"ImageObject","inLanguage":"en-GB","@id":"https:\/\/stagpartynight.com\/fr\/product\/dominatrix-ibiza\/#primaryimage","url":"https:\/\/stagpartynight.com\/fr\/wp-content\/uploads\/sites\/3\/2023\/12\/Dominatrix-Ibiza.jpg","contentUrl":"https:\/\/stagpartynight.com\/fr\/wp-content\/uploads\/sites\/3\/2023\/12\/Dominatrix-Ibiza.jpg","width":1280,"height":960,"caption":"Dominatrix Ibiza"},{"@type":"BreadcrumbList","@id":"https:\/\/stagpartynight.com\/fr\/product\/dominatrix-ibiza\/#breadcrumb","itemListElement":[{"@type":"ListItem","position":1,"name":"Home","item":"https:\/\/stagpartynight.com\/fr\/"},{"@type":"ListItem","position":2,"name":"Tienda","item":"https:\/\/stagpartynight.com\/fr\/tienda\/"},{"@type":"ListItem","position":3,"name":"Dominatrix Ibiza"}]},{"@type":"WebSite","@id":"https:\/\/stagpartynight.com\/fr\/#website","url":"https:\/\/stagpartynight.com\/fr\/","name":"Stag Party Night","description":"Your Stag Party Customized","publisher":{"@id":"https:\/\/stagpartynight.com\/fr\/#organization"},"potentialAction":[{"@type":"SearchAction","target":{"@type":"EntryPoint","urlTemplate":"https:\/\/stagpartynight.com\/fr\/?s={search_term_string}"},"query-input":{"@type":"PropertyValueSpecification","valueRequired":true,"valueName":"search_term_string"}}],"inLanguage":"en-GB"},{"@type":"Organization","@id":"https:\/\/stagpartynight.com\/fr\/#organization","name":"Stag Party Night","url":"https:\/\/stagpartynight.com\/fr\/","logo":{"@type":"ImageObject","inLanguage":"en-GB","@id":"https:\/\/stagpartynight.com\/fr\/#\/schema\/logo\/image\/","url":"https:\/\/stagpartynight.com\/fr\/wp-content\/uploads\/sites\/3\/2019\/12\/stagpartynight-e1578565505687.png","contentUrl":"https:\/\/stagpartynight.com\/fr\/wp-content\/uploads\/sites\/3\/2019\/12\/stagpartynight-e1578565505687.png","width":400,"height":400,"caption":"Stag Party Night"},"image":{"@id":"https:\/\/stagpartynight.com\/fr\/#\/schema\/logo\/image\/"}}]}},"_links":{"self":[{"href":"https:\/\/stagpartynight.com\/fr\/wp-json\/wp\/v2\/product\/2692","targetHints":{"allow":["GET"]}}],"collection":[{"href":"https:\/\/stagpartynight.com\/fr\/wp-json\/wp\/v2\/product"}],"about":[{"href":"https:\/\/stagpartynight.com\/fr\/wp-json\/wp\/v2\/types\/product"}],"replies":[{"embeddable":true,"href":"https:\/\/stagpartynight.com\/fr\/wp-json\/wp\/v2\/comments?post=2692"}],"wp:featuredmedia":[{"embeddable":true,"href":"https:\/\/stagpartynight.com\/fr\/wp-json\/wp\/v2\/media\/2693"}],"wp:attachment":[{"href":"https:\/\/stagpartynight.com\/fr\/wp-json\/wp\/v2\/media?parent=2692"}],"wp:term":[{"taxonomy":"product_brand","embeddable":true,"href":"https:\/\/stagpartynight.com\/fr\/wp-json\/wp\/v2\/product_brand?post=2692"},{"taxonomy":"product_cat","embeddable":true,"href":"https:\/\/stagpartynight.com\/fr\/wp-json\/wp\/v2\/product_cat?post=2692"},{"taxonomy":"product_tag","embeddable":true,"href":"https:\/\/stagpartynight.com\/fr\/wp-json\/wp\/v2\/product_tag?post=2692"}],"curies":[{"name":"wp","href":"https:\/\/api.w.org\/{rel}","templated":true}]}}