{"id":270,"date":"2020-01-08T14:39:46","date_gmt":"2020-01-08T13:39:46","guid":{"rendered":"https:\/\/stagpartynight.com\/fr\/?post_type=product&#038;p=270"},"modified":"2024-03-12T12:18:59","modified_gmt":"2024-03-12T11:18:59","slug":"hummer-limousine-ibiza","status":"publish","type":"product","link":"https:\/\/stagpartynight.com\/fr\/product\/hummer-limousine-ibiza\/","title":{"rendered":"Limousine Hummer \u00e0 ibiza"},"content":{"rendered":"<p>Tour en limousine Hummer de l&#8217;\u00eele d&#8217;Ibiza. Dur\u00e9e 1 heure avec 2 bouteilles de cava incluses &#8220;12 personnes maximum&#8221;. Les meilleures f\u00eates <a href=\"https:\/\/en.wikipedia.org\/wiki\/Ibiza\">d&#8217;Ibiza<\/a> avec <a href=\"https:\/\/stagpartynight.com\/\">Stag Party Night.<\/a><\/p>\n<p>Imaginez parcourir les sentiers sinueux et charmants d&#8217;Ibiza dans le confort ultime d&#8217;une limousine Hummer. Avec cette exp\u00e9rience exceptionnelle, vous profitez d&#8217;une heure de luxe absolu. Avec deux bouteilles de cava incluses, pour une escapade m\u00e9morable en compagnie de vos proches.<\/p>\n<p>Que ce soit pour des vacances entre amis, en famille ou pour c\u00e9l\u00e9brer une occasion sp\u00e9ciale. Ce voyage en limousine Hummer offre une exp\u00e9rience incroyable pour explorer les magnifiques paysages de l&#8217;\u00eele. Avec sa capacit\u00e9 maximale de 12 personnes, cette exp\u00e9rience est id\u00e9ale pour les groupes souhaitant profiter d&#8217;un moment de d\u00e9tente et de divertissement.<\/p>\n<p>D\u00e8s que vous montez \u00e0 bord de la limousine Hummer, vous vous retrouvez plong\u00e9 dans un monde de confort et de raffinement. Chaque instant est une c\u00e9l\u00e9bration de l&#8217;\u00e9l\u00e9gance et du raffinement gr\u00e2ce aux confortables si\u00e8ges en cuir. Un syst\u00e8me audio haut de gamme et un \u00e9clairage d\u2019ambiance sophistiqu\u00e9.<\/p>\n<div class=\"flex flex-grow flex-col max-w-full\">\n<div class=\"min-h-[20px] text-message flex flex-col items-start gap-3 whitespace-pre-wrap break-words [.text-message+&amp;]:mt-5 overflow-x-auto\" data-message-author-role=\"assistant\" data-message-id=\"b48a26b8-3c29-49e0-a46b-1ac4c7140d69\">\n<div class=\"markdown prose w-full break-words dark:prose-invert dark\">\n<h4>Une Heure d&#8217;\u00c9l\u00e9gance et d&#8217;Exclusivit\u00e9 : Tour en Limousine Hummer \u00e0 Ibiza<\/h4>\n<\/div>\n<\/div>\n<\/div>\n<p>Au cours de votre voyage, vous d\u00e9couvrirez certains des sites les plus c\u00e9l\u00e8bres d&#8217;Ibiza. Des plages de sable dor\u00e9 et des falaises impressionnantes aux sentiers sinueux de la campagne ibicenca. Qu&#8217;il s&#8217;agisse d&#8217;une promenade paisible le long de la c\u00f4te ou d&#8217;une exploration plus aventureuse de l&#8217;int\u00e9rieur de l&#8217;\u00eele. Chaque voyage offre la possibilit\u00e9 de cr\u00e9er des souvenirs imp\u00e9rissables avec vos proches.<\/p>\n<p>Et bien s\u00fbr, quoi de plus agr\u00e9able que de d\u00e9guster un verre de cava p\u00e9tillant en chemin ? Gr\u00e2ce \u00e0 la pr\u00e9sence de deux bouteilles de cava. Vous avez la possibilit\u00e9 de savourer l\u2019amiti\u00e9 et l\u2019aventure tout en admirant la magnifique vue depuis votre limousine Hummer.<\/p>\n<p>En r\u00e9sum\u00e9, une escapade en limousine Hummer \u00e0 Ibiza est bien plus qu&#8217;un simple trajet : c&#8217;est une exp\u00e9rience luxueuse et aventureuse qui garantit des souvenirs inoubliables. Alors embarquez et pr\u00e9parez-vous \u00e0 vivre une heure de pure joie et d&#8217;\u00e9merveillement \u00e0 bord de cette ic\u00f4ne de style et d&#8217;\u00e9l\u00e9gance.<\/p>\n","protected":false},"excerpt":{"rendered":"<p>Tour en limousine Hummer de l&#8217;\u00eele d&#8217;Ibiza. Dur\u00e9e 1 heure avec 2 bouteilles de cava incluses &#8220;12 personnes maximum&#8221;.<\/p>\n","protected":false},"featured_media":271,"comment_status":"open","ping_status":"closed","template":"","meta":{"_et_pb_use_builder":"","_et_pb_old_content":"","_et_gb_content_width":""},"product_brand":[],"product_cat":[113],"product_tag":[130,344,345],"class_list":{"0":"post-270","1":"product","2":"type-product","3":"status-publish","4":"has-post-thumbnail","6":"product_cat-ibiza","7":"product_tag-hummer-limousine-ibiza","8":"product_tag-limousine-hummer-a-ibiza","9":"product_tag-location-de-limousine-a-ibiza","11":"first","12":"instock","13":"virtual","14":"product-type-simple"},"yoast_head":"<!-- This site is optimized with the Yoast SEO plugin v26.4 - https:\/\/yoast.com\/wordpress\/plugins\/seo\/ -->\n<title>Limousine Hummer \u00e0 ibiza<\/title>\n<meta name=\"description\" content=\"Location de limousine Hummer \u00e0 Ibiza - Tour en limousine Hummer de l&#039;\u00eele d&#039;Ibiza. Dur\u00e9e 1 heure avec 2 bouteilles de cava incluses &quot;12 personnes maximum&quot;.\" \/>\n<meta name=\"robots\" content=\"index, follow, max-snippet:-1, max-image-preview:large, max-video-preview:-1\" \/>\n<link rel=\"canonical\" href=\"https:\/\/stagpartynight.com\/fr\/product\/hummer-limousine-ibiza\/\" \/>\n<meta property=\"og:locale\" content=\"en_GB\" \/>\n<meta property=\"og:type\" content=\"article\" \/>\n<meta property=\"og:title\" content=\"Limousine Hummer \u00e0 ibiza\" \/>\n<meta property=\"og:description\" content=\"Location de limousine Hummer \u00e0 Ibiza - Tour en limousine Hummer de l&#039;\u00eele d&#039;Ibiza. Dur\u00e9e 1 heure avec 2 bouteilles de cava incluses &quot;12 personnes maximum&quot;.\" \/>\n<meta property=\"og:url\" content=\"https:\/\/stagpartynight.com\/fr\/product\/hummer-limousine-ibiza\/\" \/>\n<meta property=\"og:site_name\" content=\"Nuit de f\u00eate de cerf\" \/>\n<meta property=\"article:modified_time\" content=\"2024-03-12T11:18:59+00:00\" \/>\n<meta property=\"og:image\" content=\"https:\/\/stagpartynight.com\/fr\/wp-content\/uploads\/sites\/3\/2020\/01\/Hummer-Limousine-Ibiza.jpeg\" \/>\n\t<meta property=\"og:image:width\" content=\"1400\" \/>\n\t<meta property=\"og:image:height\" content=\"1050\" \/>\n\t<meta property=\"og:image:type\" content=\"image\/jpeg\" \/>\n<meta name=\"twitter:card\" content=\"summary_large_image\" \/>\n<meta name=\"twitter:label1\" content=\"Estimated reading time\" \/>\n\t<meta name=\"twitter:data1\" content=\"2 minutes\" \/>\n<script type=\"application\/ld+json\" class=\"yoast-schema-graph\">{\"@context\":\"https:\/\/schema.org\",\"@graph\":[{\"@type\":\"WebPage\",\"@id\":\"https:\/\/stagpartynight.com\/fr\/product\/hummer-limousine-ibiza\/\",\"url\":\"https:\/\/stagpartynight.com\/fr\/product\/hummer-limousine-ibiza\/\",\"name\":\"Limousine Hummer \u00e0 ibiza\",\"isPartOf\":{\"@id\":\"https:\/\/stagpartynight.com\/fr\/#website\"},\"primaryImageOfPage\":{\"@id\":\"https:\/\/stagpartynight.com\/fr\/product\/hummer-limousine-ibiza\/#primaryimage\"},\"image\":{\"@id\":\"https:\/\/stagpartynight.com\/fr\/product\/hummer-limousine-ibiza\/#primaryimage\"},\"thumbnailUrl\":\"https:\/\/stagpartynight.com\/fr\/wp-content\/uploads\/sites\/3\/2020\/01\/Hummer-Limousine-Ibiza.jpeg\",\"datePublished\":\"2020-01-08T13:39:46+00:00\",\"dateModified\":\"2024-03-12T11:18:59+00:00\",\"description\":\"Location de limousine Hummer \u00e0 Ibiza - Tour en limousine Hummer de l'\u00eele d'Ibiza. Dur\u00e9e 1 heure avec 2 bouteilles de cava incluses \\\"12 personnes maximum\\\".\",\"breadcrumb\":{\"@id\":\"https:\/\/stagpartynight.com\/fr\/product\/hummer-limousine-ibiza\/#breadcrumb\"},\"inLanguage\":\"en-GB\",\"potentialAction\":[{\"@type\":\"ReadAction\",\"target\":[\"https:\/\/stagpartynight.com\/fr\/product\/hummer-limousine-ibiza\/\"]}]},{\"@type\":\"ImageObject\",\"inLanguage\":\"en-GB\",\"@id\":\"https:\/\/stagpartynight.com\/fr\/product\/hummer-limousine-ibiza\/#primaryimage\",\"url\":\"https:\/\/stagpartynight.com\/fr\/wp-content\/uploads\/sites\/3\/2020\/01\/Hummer-Limousine-Ibiza.jpeg\",\"contentUrl\":\"https:\/\/stagpartynight.com\/fr\/wp-content\/uploads\/sites\/3\/2020\/01\/Hummer-Limousine-Ibiza.jpeg\",\"width\":1400,\"height\":1050},{\"@type\":\"BreadcrumbList\",\"@id\":\"https:\/\/stagpartynight.com\/fr\/product\/hummer-limousine-ibiza\/#breadcrumb\",\"itemListElement\":[{\"@type\":\"ListItem\",\"position\":1,\"name\":\"Home\",\"item\":\"https:\/\/stagpartynight.com\/fr\/\"},{\"@type\":\"ListItem\",\"position\":2,\"name\":\"Tienda\",\"item\":\"https:\/\/stagpartynight.com\/fr\/tienda\/\"},{\"@type\":\"ListItem\",\"position\":3,\"name\":\"Limousine Hummer \u00e0 ibiza\"}]},{\"@type\":\"WebSite\",\"@id\":\"https:\/\/stagpartynight.com\/fr\/#website\",\"url\":\"https:\/\/stagpartynight.com\/fr\/\",\"name\":\"Stag Party Night\",\"description\":\"Your Stag Party Customized\",\"publisher\":{\"@id\":\"https:\/\/stagpartynight.com\/fr\/#organization\"},\"potentialAction\":[{\"@type\":\"SearchAction\",\"target\":{\"@type\":\"EntryPoint\",\"urlTemplate\":\"https:\/\/stagpartynight.com\/fr\/?s={search_term_string}\"},\"query-input\":{\"@type\":\"PropertyValueSpecification\",\"valueRequired\":true,\"valueName\":\"search_term_string\"}}],\"inLanguage\":\"en-GB\"},{\"@type\":\"Organization\",\"@id\":\"https:\/\/stagpartynight.com\/fr\/#organization\",\"name\":\"Stag Party Night\",\"url\":\"https:\/\/stagpartynight.com\/fr\/\",\"logo\":{\"@type\":\"ImageObject\",\"inLanguage\":\"en-GB\",\"@id\":\"https:\/\/stagpartynight.com\/fr\/#\/schema\/logo\/image\/\",\"url\":\"https:\/\/stagpartynight.com\/fr\/wp-content\/uploads\/sites\/3\/2019\/12\/stagpartynight-e1578565505687.png\",\"contentUrl\":\"https:\/\/stagpartynight.com\/fr\/wp-content\/uploads\/sites\/3\/2019\/12\/stagpartynight-e1578565505687.png\",\"width\":400,\"height\":400,\"caption\":\"Stag Party Night\"},\"image\":{\"@id\":\"https:\/\/stagpartynight.com\/fr\/#\/schema\/logo\/image\/\"}}]}<\/script>\n<!-- \/ Yoast SEO plugin. -->","yoast_head_json":{"title":"Limousine Hummer \u00e0 ibiza","description":"Location de limousine Hummer \u00e0 Ibiza - Tour en limousine Hummer de l'\u00eele d'Ibiza. Dur\u00e9e 1 heure avec 2 bouteilles de cava incluses \"12 personnes maximum\".","robots":{"index":"index","follow":"follow","max-snippet":"max-snippet:-1","max-image-preview":"max-image-preview:large","max-video-preview":"max-video-preview:-1"},"canonical":"https:\/\/stagpartynight.com\/fr\/product\/hummer-limousine-ibiza\/","og_locale":"en_GB","og_type":"article","og_title":"Limousine Hummer \u00e0 ibiza","og_description":"Location de limousine Hummer \u00e0 Ibiza - Tour en limousine Hummer de l'\u00eele d'Ibiza. Dur\u00e9e 1 heure avec 2 bouteilles de cava incluses \"12 personnes maximum\".","og_url":"https:\/\/stagpartynight.com\/fr\/product\/hummer-limousine-ibiza\/","og_site_name":"Nuit de f\u00eate de cerf","article_modified_time":"2024-03-12T11:18:59+00:00","og_image":[{"width":1400,"height":1050,"url":"https:\/\/stagpartynight.com\/fr\/wp-content\/uploads\/sites\/3\/2020\/01\/Hummer-Limousine-Ibiza.jpeg","type":"image\/jpeg"}],"twitter_card":"summary_large_image","twitter_misc":{"Estimated reading time":"2 minutes"},"schema":{"@context":"https:\/\/schema.org","@graph":[{"@type":"WebPage","@id":"https:\/\/stagpartynight.com\/fr\/product\/hummer-limousine-ibiza\/","url":"https:\/\/stagpartynight.com\/fr\/product\/hummer-limousine-ibiza\/","name":"Limousine Hummer \u00e0 ibiza","isPartOf":{"@id":"https:\/\/stagpartynight.com\/fr\/#website"},"primaryImageOfPage":{"@id":"https:\/\/stagpartynight.com\/fr\/product\/hummer-limousine-ibiza\/#primaryimage"},"image":{"@id":"https:\/\/stagpartynight.com\/fr\/product\/hummer-limousine-ibiza\/#primaryimage"},"thumbnailUrl":"https:\/\/stagpartynight.com\/fr\/wp-content\/uploads\/sites\/3\/2020\/01\/Hummer-Limousine-Ibiza.jpeg","datePublished":"2020-01-08T13:39:46+00:00","dateModified":"2024-03-12T11:18:59+00:00","description":"Location de limousine Hummer \u00e0 Ibiza - Tour en limousine Hummer de l'\u00eele d'Ibiza. Dur\u00e9e 1 heure avec 2 bouteilles de cava incluses \"12 personnes maximum\".","breadcrumb":{"@id":"https:\/\/stagpartynight.com\/fr\/product\/hummer-limousine-ibiza\/#breadcrumb"},"inLanguage":"en-GB","potentialAction":[{"@type":"ReadAction","target":["https:\/\/stagpartynight.com\/fr\/product\/hummer-limousine-ibiza\/"]}]},{"@type":"ImageObject","inLanguage":"en-GB","@id":"https:\/\/stagpartynight.com\/fr\/product\/hummer-limousine-ibiza\/#primaryimage","url":"https:\/\/stagpartynight.com\/fr\/wp-content\/uploads\/sites\/3\/2020\/01\/Hummer-Limousine-Ibiza.jpeg","contentUrl":"https:\/\/stagpartynight.com\/fr\/wp-content\/uploads\/sites\/3\/2020\/01\/Hummer-Limousine-Ibiza.jpeg","width":1400,"height":1050},{"@type":"BreadcrumbList","@id":"https:\/\/stagpartynight.com\/fr\/product\/hummer-limousine-ibiza\/#breadcrumb","itemListElement":[{"@type":"ListItem","position":1,"name":"Home","item":"https:\/\/stagpartynight.com\/fr\/"},{"@type":"ListItem","position":2,"name":"Tienda","item":"https:\/\/stagpartynight.com\/fr\/tienda\/"},{"@type":"ListItem","position":3,"name":"Limousine Hummer \u00e0 ibiza"}]},{"@type":"WebSite","@id":"https:\/\/stagpartynight.com\/fr\/#website","url":"https:\/\/stagpartynight.com\/fr\/","name":"Stag Party Night","description":"Your Stag Party Customized","publisher":{"@id":"https:\/\/stagpartynight.com\/fr\/#organization"},"potentialAction":[{"@type":"SearchAction","target":{"@type":"EntryPoint","urlTemplate":"https:\/\/stagpartynight.com\/fr\/?s={search_term_string}"},"query-input":{"@type":"PropertyValueSpecification","valueRequired":true,"valueName":"search_term_string"}}],"inLanguage":"en-GB"},{"@type":"Organization","@id":"https:\/\/stagpartynight.com\/fr\/#organization","name":"Stag Party Night","url":"https:\/\/stagpartynight.com\/fr\/","logo":{"@type":"ImageObject","inLanguage":"en-GB","@id":"https:\/\/stagpartynight.com\/fr\/#\/schema\/logo\/image\/","url":"https:\/\/stagpartynight.com\/fr\/wp-content\/uploads\/sites\/3\/2019\/12\/stagpartynight-e1578565505687.png","contentUrl":"https:\/\/stagpartynight.com\/fr\/wp-content\/uploads\/sites\/3\/2019\/12\/stagpartynight-e1578565505687.png","width":400,"height":400,"caption":"Stag Party Night"},"image":{"@id":"https:\/\/stagpartynight.com\/fr\/#\/schema\/logo\/image\/"}}]}},"_links":{"self":[{"href":"https:\/\/stagpartynight.com\/fr\/wp-json\/wp\/v2\/product\/270","targetHints":{"allow":["GET"]}}],"collection":[{"href":"https:\/\/stagpartynight.com\/fr\/wp-json\/wp\/v2\/product"}],"about":[{"href":"https:\/\/stagpartynight.com\/fr\/wp-json\/wp\/v2\/types\/product"}],"replies":[{"embeddable":true,"href":"https:\/\/stagpartynight.com\/fr\/wp-json\/wp\/v2\/comments?post=270"}],"wp:featuredmedia":[{"embeddable":true,"href":"https:\/\/stagpartynight.com\/fr\/wp-json\/wp\/v2\/media\/271"}],"wp:attachment":[{"href":"https:\/\/stagpartynight.com\/fr\/wp-json\/wp\/v2\/media?parent=270"}],"wp:term":[{"taxonomy":"product_brand","embeddable":true,"href":"https:\/\/stagpartynight.com\/fr\/wp-json\/wp\/v2\/product_brand?post=270"},{"taxonomy":"product_cat","embeddable":true,"href":"https:\/\/stagpartynight.com\/fr\/wp-json\/wp\/v2\/product_cat?post=270"},{"taxonomy":"product_tag","embeddable":true,"href":"https:\/\/stagpartynight.com\/fr\/wp-json\/wp\/v2\/product_tag?post=270"}],"curies":[{"name":"wp","href":"https:\/\/api.w.org\/{rel}","templated":true}]}}