{"id":2708,"date":"2023-12-27T12:45:10","date_gmt":"2023-12-27T11:45:10","guid":{"rendered":"https:\/\/stagpartynight.com\/fr\/?post_type=product&#038;p=2708"},"modified":"2024-01-18T12:25:52","modified_gmt":"2024-01-18T11:25:52","slug":"ensaimada-et-degustation-de-vin-de-majorque","status":"publish","type":"product","link":"https:\/\/stagpartynight.com\/fr\/product\/ensaimada-et-degustation-de-vin-de-majorque\/","title":{"rendered":"Ensaimada et d\u00e9gustation de vin de Majorque"},"content":{"rendered":"<p>Ensaimada et d\u00e9gustation de vin de Majorque. Trois heures de vins espagnols et d&#8217;ensaimada majorquine. Comprend \u00e9galement de l&#8217;eau, du jambon et du fromage.<\/p>\n<p>Les meilleurs enterrements de vie de gar\u00e7on et de jeune fille avec <a href=\"https:\/\/stagpartynight.com\/\">StagParty<\/a><\/p>\n<h2 style=\"text-align: center;\">Ensaimada et d\u00e9gustation de vin de Majorque\ud83c\udf77<\/h2>\n<h5>\ud83c\udf47 D\u00e9couvrez les Saveurs Exquises de Palma de Majorque lors de notre D\u00e9gustation de Vins!\ud83c\udf77\ud83e\uddc0<\/h5>\n<p>Embarquez pour une exp\u00e9rience sensorielle inoubliable au c\u0153ur de Palma de Majorque! Notre d\u00e9gustation de vins de trois heures vous transporte dans l&#8217;univers d\u00e9licieux des saveurs locales. Mettant en vedette le riche patrimoine gastronomique de l&#8217;\u00eele.<\/p>\n<p>\ud83c\udf77 Trois vins soigneusement s\u00e9lectionn\u00e9s vous invitent \u00e0 un voyage \u00e0 travers les vignobles embl\u00e9matiques de la r\u00e9gion, r\u00e9v\u00e9lant les nuances et les ar\u00f4mes uniques de chaque c\u00e9page.<\/p>\n<p>\ud83e\uddc0 Accompagnez votre d\u00e9gustation avec des assortiments de jambon, de fromage, et la c\u00e9l\u00e8bre ensaimada majorquine, une d\u00e9licieuse p\u00e2tisserie traditionnelle. Une exp\u00e9rience authentique qui vous plongera dans la culture gastronomique de Palma!<\/p>\n<p>\u2615 Rafra\u00eechissez votre palais avec de l&#8217;eau min\u00e9rale et savourez une tasse de chocolat, compl\u00e9tant parfaitement la d\u00e9gustation et ajoutant une touche sucr\u00e9e \u00e0 votre exp\u00e9rience.<\/p>\n<p>\ud83c\udff0 En plein c\u0153ur de <a href=\"https:\/\/es.wikipedia.org\/wiki\/Palma_de_Mallorca\">Palma<\/a>, profitez de cette activit\u00e9 unique qui allie le raffinement des vins aux d\u00e9lices locaux. Le tourisme gastronomique \u00e0 Palma de Majorque ne saurait \u00eatre complet sans la fusion parfaite de vins exquis et de d\u00e9lices sucr\u00e9s et sal\u00e9s.<\/p>\n<p>\ud83c\udf1f R\u00e9servez d\u00e8s maintenant pour une exploration culinaire in\u00e9gal\u00e9e!<\/p>\n<p>\ud83c\udf47 Ne manquez pas l&#8217;occasion de d\u00e9couvrir la richesse gustative de Palma de Majorque \u00e0 travers notre d\u00e9gustation de vins exclusive. Une aventure pour vos sens qui transformera votre visite en une exp\u00e9rience m\u00e9morable! \ud83c\udf34<\/p>\n","protected":false},"excerpt":{"rendered":"<p>Ensaimada et d\u00e9gustation de vin de Majorque. Trois heures de vins espagnols et d&#8217;ensaimada majorquine. Comprend \u00e9galement de l&#8217;eau, du jambon et du fromage. Les meilleurs enterrements de vie de gar\u00e7on et de jeune fille avec StagParty Ensaimada et d\u00e9gustation de vin de Majorque\ud83c\udf77 \ud83c\udf47 D\u00e9couvrez les Saveurs Exquises de Palma de Majorque lors de [&hellip;]<\/p>\n","protected":false},"featured_media":2709,"comment_status":"open","ping_status":"closed","template":"","meta":{"_et_pb_use_builder":"","_et_pb_old_content":"","_et_gb_content_width":""},"product_brand":[],"product_cat":[218,504],"product_tag":[],"class_list":{"0":"post-2708","1":"product","2":"type-product","3":"status-publish","4":"has-post-thumbnail","6":"product_cat-uncategorised","7":"product_cat-mallorca","9":"first","10":"instock","11":"shipping-taxable","12":"product-type-simple"},"yoast_head":"<!-- This site is optimized with the Yoast SEO plugin v26.4 - https:\/\/yoast.com\/wordpress\/plugins\/seo\/ -->\n<title>Ensaimada et d\u00e9gustation de vin de Majorque<\/title>\n<meta name=\"description\" content=\"Ensaimada et d\u00e9gustation de vin de Majorque. Trois heures de vins espagnols et d&#039;ensaimada majorquine. Comprend \u00e9galement de l&#039;eau, du jambon et du fromage.\" \/>\n<meta name=\"robots\" content=\"index, follow, max-snippet:-1, max-image-preview:large, max-video-preview:-1\" \/>\n<link rel=\"canonical\" href=\"https:\/\/stagpartynight.com\/fr\/product\/ensaimada-et-degustation-de-vin-de-majorque\/\" \/>\n<meta property=\"og:locale\" content=\"en_GB\" \/>\n<meta property=\"og:type\" content=\"article\" \/>\n<meta property=\"og:title\" content=\"Ensaimada et d\u00e9gustation de vin de Majorque\" \/>\n<meta property=\"og:description\" content=\"Ensaimada et d\u00e9gustation de vin de Majorque. Trois heures de vins espagnols et d&#039;ensaimada majorquine. Comprend \u00e9galement de l&#039;eau, du jambon et du fromage.\" \/>\n<meta property=\"og:url\" content=\"https:\/\/stagpartynight.com\/fr\/product\/ensaimada-et-degustation-de-vin-de-majorque\/\" \/>\n<meta property=\"og:site_name\" content=\"Nuit de f\u00eate de cerf\" \/>\n<meta property=\"article:modified_time\" content=\"2024-01-18T11:25:52+00:00\" \/>\n<meta property=\"og:image\" content=\"https:\/\/stagpartynight.com\/fr\/wp-content\/uploads\/sites\/3\/2023\/12\/Ensaimada-et-degustation-de-vin-de-Majorque.jpg\" \/>\n\t<meta property=\"og:image:width\" content=\"1280\" \/>\n\t<meta property=\"og:image:height\" content=\"853\" \/>\n\t<meta property=\"og:image:type\" content=\"image\/jpeg\" \/>\n<meta name=\"twitter:card\" content=\"summary_large_image\" \/>\n<meta name=\"twitter:label1\" content=\"Estimated reading time\" \/>\n\t<meta name=\"twitter:data1\" content=\"2 minutes\" \/>\n<script type=\"application\/ld+json\" class=\"yoast-schema-graph\">{\"@context\":\"https:\/\/schema.org\",\"@graph\":[{\"@type\":\"WebPage\",\"@id\":\"https:\/\/stagpartynight.com\/fr\/product\/ensaimada-et-degustation-de-vin-de-majorque\/\",\"url\":\"https:\/\/stagpartynight.com\/fr\/product\/ensaimada-et-degustation-de-vin-de-majorque\/\",\"name\":\"Ensaimada et d\u00e9gustation de vin de Majorque\",\"isPartOf\":{\"@id\":\"https:\/\/stagpartynight.com\/fr\/#website\"},\"primaryImageOfPage\":{\"@id\":\"https:\/\/stagpartynight.com\/fr\/product\/ensaimada-et-degustation-de-vin-de-majorque\/#primaryimage\"},\"image\":{\"@id\":\"https:\/\/stagpartynight.com\/fr\/product\/ensaimada-et-degustation-de-vin-de-majorque\/#primaryimage\"},\"thumbnailUrl\":\"https:\/\/stagpartynight.com\/fr\/wp-content\/uploads\/sites\/3\/2023\/12\/Ensaimada-et-degustation-de-vin-de-Majorque.jpg\",\"datePublished\":\"2023-12-27T11:45:10+00:00\",\"dateModified\":\"2024-01-18T11:25:52+00:00\",\"description\":\"Ensaimada et d\u00e9gustation de vin de Majorque. Trois heures de vins espagnols et d'ensaimada majorquine. Comprend \u00e9galement de l'eau, du jambon et du fromage.\",\"breadcrumb\":{\"@id\":\"https:\/\/stagpartynight.com\/fr\/product\/ensaimada-et-degustation-de-vin-de-majorque\/#breadcrumb\"},\"inLanguage\":\"en-GB\",\"potentialAction\":[{\"@type\":\"ReadAction\",\"target\":[\"https:\/\/stagpartynight.com\/fr\/product\/ensaimada-et-degustation-de-vin-de-majorque\/\"]}]},{\"@type\":\"ImageObject\",\"inLanguage\":\"en-GB\",\"@id\":\"https:\/\/stagpartynight.com\/fr\/product\/ensaimada-et-degustation-de-vin-de-majorque\/#primaryimage\",\"url\":\"https:\/\/stagpartynight.com\/fr\/wp-content\/uploads\/sites\/3\/2023\/12\/Ensaimada-et-degustation-de-vin-de-Majorque.jpg\",\"contentUrl\":\"https:\/\/stagpartynight.com\/fr\/wp-content\/uploads\/sites\/3\/2023\/12\/Ensaimada-et-degustation-de-vin-de-Majorque.jpg\",\"width\":1280,\"height\":853,\"caption\":\"Ensaimada et d\u00e9gustation de vin de Majorque\"},{\"@type\":\"BreadcrumbList\",\"@id\":\"https:\/\/stagpartynight.com\/fr\/product\/ensaimada-et-degustation-de-vin-de-majorque\/#breadcrumb\",\"itemListElement\":[{\"@type\":\"ListItem\",\"position\":1,\"name\":\"Home\",\"item\":\"https:\/\/stagpartynight.com\/fr\/\"},{\"@type\":\"ListItem\",\"position\":2,\"name\":\"Tienda\",\"item\":\"https:\/\/stagpartynight.com\/fr\/tienda\/\"},{\"@type\":\"ListItem\",\"position\":3,\"name\":\"Ensaimada et d\u00e9gustation de vin de Majorque\"}]},{\"@type\":\"WebSite\",\"@id\":\"https:\/\/stagpartynight.com\/fr\/#website\",\"url\":\"https:\/\/stagpartynight.com\/fr\/\",\"name\":\"Stag Party Night\",\"description\":\"Your Stag Party Customized\",\"publisher\":{\"@id\":\"https:\/\/stagpartynight.com\/fr\/#organization\"},\"potentialAction\":[{\"@type\":\"SearchAction\",\"target\":{\"@type\":\"EntryPoint\",\"urlTemplate\":\"https:\/\/stagpartynight.com\/fr\/?s={search_term_string}\"},\"query-input\":{\"@type\":\"PropertyValueSpecification\",\"valueRequired\":true,\"valueName\":\"search_term_string\"}}],\"inLanguage\":\"en-GB\"},{\"@type\":\"Organization\",\"@id\":\"https:\/\/stagpartynight.com\/fr\/#organization\",\"name\":\"Stag Party Night\",\"url\":\"https:\/\/stagpartynight.com\/fr\/\",\"logo\":{\"@type\":\"ImageObject\",\"inLanguage\":\"en-GB\",\"@id\":\"https:\/\/stagpartynight.com\/fr\/#\/schema\/logo\/image\/\",\"url\":\"https:\/\/stagpartynight.com\/fr\/wp-content\/uploads\/sites\/3\/2019\/12\/stagpartynight-e1578565505687.png\",\"contentUrl\":\"https:\/\/stagpartynight.com\/fr\/wp-content\/uploads\/sites\/3\/2019\/12\/stagpartynight-e1578565505687.png\",\"width\":400,\"height\":400,\"caption\":\"Stag Party Night\"},\"image\":{\"@id\":\"https:\/\/stagpartynight.com\/fr\/#\/schema\/logo\/image\/\"}}]}<\/script>\n<!-- \/ Yoast SEO plugin. -->","yoast_head_json":{"title":"Ensaimada et d\u00e9gustation de vin de Majorque","description":"Ensaimada et d\u00e9gustation de vin de Majorque. Trois heures de vins espagnols et d'ensaimada majorquine. Comprend \u00e9galement de l'eau, du jambon et du fromage.","robots":{"index":"index","follow":"follow","max-snippet":"max-snippet:-1","max-image-preview":"max-image-preview:large","max-video-preview":"max-video-preview:-1"},"canonical":"https:\/\/stagpartynight.com\/fr\/product\/ensaimada-et-degustation-de-vin-de-majorque\/","og_locale":"en_GB","og_type":"article","og_title":"Ensaimada et d\u00e9gustation de vin de Majorque","og_description":"Ensaimada et d\u00e9gustation de vin de Majorque. Trois heures de vins espagnols et d'ensaimada majorquine. Comprend \u00e9galement de l'eau, du jambon et du fromage.","og_url":"https:\/\/stagpartynight.com\/fr\/product\/ensaimada-et-degustation-de-vin-de-majorque\/","og_site_name":"Nuit de f\u00eate de cerf","article_modified_time":"2024-01-18T11:25:52+00:00","og_image":[{"width":1280,"height":853,"url":"https:\/\/stagpartynight.com\/fr\/wp-content\/uploads\/sites\/3\/2023\/12\/Ensaimada-et-degustation-de-vin-de-Majorque.jpg","type":"image\/jpeg"}],"twitter_card":"summary_large_image","twitter_misc":{"Estimated reading time":"2 minutes"},"schema":{"@context":"https:\/\/schema.org","@graph":[{"@type":"WebPage","@id":"https:\/\/stagpartynight.com\/fr\/product\/ensaimada-et-degustation-de-vin-de-majorque\/","url":"https:\/\/stagpartynight.com\/fr\/product\/ensaimada-et-degustation-de-vin-de-majorque\/","name":"Ensaimada et d\u00e9gustation de vin de Majorque","isPartOf":{"@id":"https:\/\/stagpartynight.com\/fr\/#website"},"primaryImageOfPage":{"@id":"https:\/\/stagpartynight.com\/fr\/product\/ensaimada-et-degustation-de-vin-de-majorque\/#primaryimage"},"image":{"@id":"https:\/\/stagpartynight.com\/fr\/product\/ensaimada-et-degustation-de-vin-de-majorque\/#primaryimage"},"thumbnailUrl":"https:\/\/stagpartynight.com\/fr\/wp-content\/uploads\/sites\/3\/2023\/12\/Ensaimada-et-degustation-de-vin-de-Majorque.jpg","datePublished":"2023-12-27T11:45:10+00:00","dateModified":"2024-01-18T11:25:52+00:00","description":"Ensaimada et d\u00e9gustation de vin de Majorque. Trois heures de vins espagnols et d'ensaimada majorquine. Comprend \u00e9galement de l'eau, du jambon et du fromage.","breadcrumb":{"@id":"https:\/\/stagpartynight.com\/fr\/product\/ensaimada-et-degustation-de-vin-de-majorque\/#breadcrumb"},"inLanguage":"en-GB","potentialAction":[{"@type":"ReadAction","target":["https:\/\/stagpartynight.com\/fr\/product\/ensaimada-et-degustation-de-vin-de-majorque\/"]}]},{"@type":"ImageObject","inLanguage":"en-GB","@id":"https:\/\/stagpartynight.com\/fr\/product\/ensaimada-et-degustation-de-vin-de-majorque\/#primaryimage","url":"https:\/\/stagpartynight.com\/fr\/wp-content\/uploads\/sites\/3\/2023\/12\/Ensaimada-et-degustation-de-vin-de-Majorque.jpg","contentUrl":"https:\/\/stagpartynight.com\/fr\/wp-content\/uploads\/sites\/3\/2023\/12\/Ensaimada-et-degustation-de-vin-de-Majorque.jpg","width":1280,"height":853,"caption":"Ensaimada et d\u00e9gustation de vin de Majorque"},{"@type":"BreadcrumbList","@id":"https:\/\/stagpartynight.com\/fr\/product\/ensaimada-et-degustation-de-vin-de-majorque\/#breadcrumb","itemListElement":[{"@type":"ListItem","position":1,"name":"Home","item":"https:\/\/stagpartynight.com\/fr\/"},{"@type":"ListItem","position":2,"name":"Tienda","item":"https:\/\/stagpartynight.com\/fr\/tienda\/"},{"@type":"ListItem","position":3,"name":"Ensaimada et d\u00e9gustation de vin de Majorque"}]},{"@type":"WebSite","@id":"https:\/\/stagpartynight.com\/fr\/#website","url":"https:\/\/stagpartynight.com\/fr\/","name":"Stag Party Night","description":"Your Stag Party Customized","publisher":{"@id":"https:\/\/stagpartynight.com\/fr\/#organization"},"potentialAction":[{"@type":"SearchAction","target":{"@type":"EntryPoint","urlTemplate":"https:\/\/stagpartynight.com\/fr\/?s={search_term_string}"},"query-input":{"@type":"PropertyValueSpecification","valueRequired":true,"valueName":"search_term_string"}}],"inLanguage":"en-GB"},{"@type":"Organization","@id":"https:\/\/stagpartynight.com\/fr\/#organization","name":"Stag Party Night","url":"https:\/\/stagpartynight.com\/fr\/","logo":{"@type":"ImageObject","inLanguage":"en-GB","@id":"https:\/\/stagpartynight.com\/fr\/#\/schema\/logo\/image\/","url":"https:\/\/stagpartynight.com\/fr\/wp-content\/uploads\/sites\/3\/2019\/12\/stagpartynight-e1578565505687.png","contentUrl":"https:\/\/stagpartynight.com\/fr\/wp-content\/uploads\/sites\/3\/2019\/12\/stagpartynight-e1578565505687.png","width":400,"height":400,"caption":"Stag Party Night"},"image":{"@id":"https:\/\/stagpartynight.com\/fr\/#\/schema\/logo\/image\/"}}]}},"_links":{"self":[{"href":"https:\/\/stagpartynight.com\/fr\/wp-json\/wp\/v2\/product\/2708","targetHints":{"allow":["GET"]}}],"collection":[{"href":"https:\/\/stagpartynight.com\/fr\/wp-json\/wp\/v2\/product"}],"about":[{"href":"https:\/\/stagpartynight.com\/fr\/wp-json\/wp\/v2\/types\/product"}],"replies":[{"embeddable":true,"href":"https:\/\/stagpartynight.com\/fr\/wp-json\/wp\/v2\/comments?post=2708"}],"wp:featuredmedia":[{"embeddable":true,"href":"https:\/\/stagpartynight.com\/fr\/wp-json\/wp\/v2\/media\/2709"}],"wp:attachment":[{"href":"https:\/\/stagpartynight.com\/fr\/wp-json\/wp\/v2\/media?parent=2708"}],"wp:term":[{"taxonomy":"product_brand","embeddable":true,"href":"https:\/\/stagpartynight.com\/fr\/wp-json\/wp\/v2\/product_brand?post=2708"},{"taxonomy":"product_cat","embeddable":true,"href":"https:\/\/stagpartynight.com\/fr\/wp-json\/wp\/v2\/product_cat?post=2708"},{"taxonomy":"product_tag","embeddable":true,"href":"https:\/\/stagpartynight.com\/fr\/wp-json\/wp\/v2\/product_tag?post=2708"}],"curies":[{"name":"wp","href":"https:\/\/api.w.org\/{rel}","templated":true}]}}