{"id":2711,"date":"2023-12-27T13:07:10","date_gmt":"2023-12-27T12:07:10","guid":{"rendered":"https:\/\/stagpartynight.com\/fr\/?post_type=product&#038;p=2711"},"modified":"2024-01-18T12:25:51","modified_gmt":"2024-01-18T11:25:51","slug":"parc-aquatique-majorque","status":"publish","type":"product","link":"https:\/\/stagpartynight.com\/fr\/product\/parc-aquatique-majorque\/","title":{"rendered":"Parc Aquatique Majorque"},"content":{"rendered":"<p>Parc Aquatique Majorque. Il fait tr\u00e8s chaud \u00e0 Majorque. Profitez de sept heures d&#8217;eau et d&#8217;attractions amusantes.<\/p>\n<p>Les meilleurs enterrements de vie de gar\u00e7on avec <a href=\"https:\/\/stagpartynight.com\/\">StagParty <\/a><\/p>\n<h2 style=\"text-align: center;\">Parc Aquatique Majorque\ud83c\udf0a<\/h2>\n<h5>\ud83c\udf1e Plaisirs Aquatiques \u00e0 Mallorca! \ud83c\udfd6\ufe0f<\/h5>\n<p>Rafra\u00eechissez-vous et \u00e9chappez \u00e0 la chaleur estivale au c\u0153ur de Mallorca avec notre incroyable parc aquatique! \ud83c\udf0a<\/p>\n<p>D\u00e9couvrez sept heures d&#8217;amusement infini dans notre oasis aquatique, o\u00f9 piscines scintillantes et attractions palpitantes vous attendent.<\/p>\n<p>\ud83c\udf34 Faites une pause bien m\u00e9rit\u00e9e de la fiesta et plongez dans un monde de divertissement aquatique. Passez la journ\u00e9e dans notre Parc Aquatique Majorque.<\/p>\n<p>\ud83c\udfc4 Glissez le long de toboggans spectaculaires, flottez paisiblement sur la rivi\u00e8re tranquille, ou faites des vagues dans la piscine \u00e0 vagues. Nos attractions sont con\u00e7ues pour plaire \u00e0 tous les \u00e2ges et \u00e0 tous les aventuriers!<\/p>\n<p>\ud83c\udf79 Bien que la magie op\u00e8re dans l&#8217;eau, \u00e0 l&#8217;int\u00e9rieur, une vari\u00e9t\u00e9 de rafra\u00eechissements vous attendent. Des collations aux boissons p\u00e9tillantes, tout ce dont vous avez besoin pour reprendre de l&#8217;\u00e9nergie est \u00e0 port\u00e9e de main.<\/p>\n<p>\ud83c\udf1f R\u00e9servez votre journ\u00e9e de rafra\u00eechissement et de divertissement d\u00e8s maintenant!<\/p>\n<p>\ud83c\udf89 Notre parc aquatique est l&#8217;endroit id\u00e9al pour passer des moments inoubliables en famille ou entre amis. Ne manquez pas cette occasion de transformer la chaleur estivale en \u00e9clats de rire et en souvenirs m\u00e9morables! \ud83c\udf1e<\/p>\n<p style=\"text-align: center;\">Passez une journ\u00e9e amusante \u00e0 <a href=\"https:\/\/es.wikipedia.org\/wiki\/Mallorca\">Majorque<\/a> !<\/p>\n<p>&nbsp;<\/p>\n","protected":false},"excerpt":{"rendered":"<p>Parc Aquatique Majorque. Il fait tr\u00e8s chaud \u00e0 Majorque. Profitez de sept heures d&#8217;eau et d&#8217;attractions amusantes. Les meilleurs enterrements de vie de gar\u00e7on avec StagParty Parc Aquatique Majorque\ud83c\udf0a \ud83c\udf1e Plaisirs Aquatiques \u00e0 Mallorca! \ud83c\udfd6\ufe0f Rafra\u00eechissez-vous et \u00e9chappez \u00e0 la chaleur estivale au c\u0153ur de Mallorca avec notre incroyable parc aquatique! \ud83c\udf0a D\u00e9couvrez sept heures [&hellip;]<\/p>\n","protected":false},"featured_media":2712,"comment_status":"open","ping_status":"closed","template":"","meta":{"_et_pb_use_builder":"","_et_pb_old_content":"","_et_gb_content_width":""},"product_brand":[],"product_cat":[218,504],"product_tag":[],"class_list":{"0":"post-2711","1":"product","2":"type-product","3":"status-publish","4":"has-post-thumbnail","6":"product_cat-uncategorised","7":"product_cat-mallorca","9":"first","10":"instock","11":"shipping-taxable","12":"product-type-simple"},"yoast_head":"<!-- This site is optimized with the Yoast SEO plugin v26.4 - https:\/\/yoast.com\/wordpress\/plugins\/seo\/ -->\n<title>Parc Aquatique Majorque<\/title>\n<meta name=\"description\" content=\"Parc Aquatique Majorque. Mallorca WaterPark. Il fait tr\u00e8s chaud \u00e0 Majorque. Profitez de sept heures d&#039;eau et d&#039;attractions amusantes.\u00a0\" \/>\n<meta name=\"robots\" content=\"index, follow, max-snippet:-1, max-image-preview:large, max-video-preview:-1\" \/>\n<link rel=\"canonical\" href=\"https:\/\/stagpartynight.com\/fr\/product\/parc-aquatique-majorque\/\" \/>\n<meta property=\"og:locale\" content=\"en_GB\" \/>\n<meta property=\"og:type\" content=\"article\" \/>\n<meta property=\"og:title\" content=\"Parc Aquatique Majorque\" \/>\n<meta property=\"og:description\" content=\"Parc Aquatique Majorque. Mallorca WaterPark. Il fait tr\u00e8s chaud \u00e0 Majorque. Profitez de sept heures d&#039;eau et d&#039;attractions amusantes.\u00a0\" \/>\n<meta property=\"og:url\" content=\"https:\/\/stagpartynight.com\/fr\/product\/parc-aquatique-majorque\/\" \/>\n<meta property=\"og:site_name\" content=\"Nuit de f\u00eate de cerf\" \/>\n<meta property=\"article:modified_time\" content=\"2024-01-18T11:25:51+00:00\" \/>\n<meta property=\"og:image\" content=\"https:\/\/stagpartynight.com\/fr\/wp-content\/uploads\/sites\/3\/2023\/12\/Parc-Aquatique-Majorque.jpg\" \/>\n\t<meta property=\"og:image:width\" content=\"1280\" \/>\n\t<meta property=\"og:image:height\" content=\"853\" \/>\n\t<meta property=\"og:image:type\" content=\"image\/jpeg\" \/>\n<meta name=\"twitter:card\" content=\"summary_large_image\" \/>\n<meta name=\"twitter:label1\" content=\"Estimated reading time\" \/>\n\t<meta name=\"twitter:data1\" content=\"1 minute\" \/>\n<script type=\"application\/ld+json\" class=\"yoast-schema-graph\">{\"@context\":\"https:\/\/schema.org\",\"@graph\":[{\"@type\":\"WebPage\",\"@id\":\"https:\/\/stagpartynight.com\/fr\/product\/parc-aquatique-majorque\/\",\"url\":\"https:\/\/stagpartynight.com\/fr\/product\/parc-aquatique-majorque\/\",\"name\":\"Parc Aquatique Majorque\",\"isPartOf\":{\"@id\":\"https:\/\/stagpartynight.com\/fr\/#website\"},\"primaryImageOfPage\":{\"@id\":\"https:\/\/stagpartynight.com\/fr\/product\/parc-aquatique-majorque\/#primaryimage\"},\"image\":{\"@id\":\"https:\/\/stagpartynight.com\/fr\/product\/parc-aquatique-majorque\/#primaryimage\"},\"thumbnailUrl\":\"https:\/\/stagpartynight.com\/fr\/wp-content\/uploads\/sites\/3\/2023\/12\/Parc-Aquatique-Majorque.jpg\",\"datePublished\":\"2023-12-27T12:07:10+00:00\",\"dateModified\":\"2024-01-18T11:25:51+00:00\",\"description\":\"Parc Aquatique Majorque. Mallorca WaterPark. Il fait tr\u00e8s chaud \u00e0 Majorque. Profitez de sept heures d'eau et d'attractions amusantes.\u00a0\",\"breadcrumb\":{\"@id\":\"https:\/\/stagpartynight.com\/fr\/product\/parc-aquatique-majorque\/#breadcrumb\"},\"inLanguage\":\"en-GB\",\"potentialAction\":[{\"@type\":\"ReadAction\",\"target\":[\"https:\/\/stagpartynight.com\/fr\/product\/parc-aquatique-majorque\/\"]}]},{\"@type\":\"ImageObject\",\"inLanguage\":\"en-GB\",\"@id\":\"https:\/\/stagpartynight.com\/fr\/product\/parc-aquatique-majorque\/#primaryimage\",\"url\":\"https:\/\/stagpartynight.com\/fr\/wp-content\/uploads\/sites\/3\/2023\/12\/Parc-Aquatique-Majorque.jpg\",\"contentUrl\":\"https:\/\/stagpartynight.com\/fr\/wp-content\/uploads\/sites\/3\/2023\/12\/Parc-Aquatique-Majorque.jpg\",\"width\":1280,\"height\":853,\"caption\":\"Parc Aquatique Majorque\"},{\"@type\":\"BreadcrumbList\",\"@id\":\"https:\/\/stagpartynight.com\/fr\/product\/parc-aquatique-majorque\/#breadcrumb\",\"itemListElement\":[{\"@type\":\"ListItem\",\"position\":1,\"name\":\"Home\",\"item\":\"https:\/\/stagpartynight.com\/fr\/\"},{\"@type\":\"ListItem\",\"position\":2,\"name\":\"Tienda\",\"item\":\"https:\/\/stagpartynight.com\/fr\/tienda\/\"},{\"@type\":\"ListItem\",\"position\":3,\"name\":\"Parc Aquatique Majorque\"}]},{\"@type\":\"WebSite\",\"@id\":\"https:\/\/stagpartynight.com\/fr\/#website\",\"url\":\"https:\/\/stagpartynight.com\/fr\/\",\"name\":\"Stag Party Night\",\"description\":\"Your Stag Party Customized\",\"publisher\":{\"@id\":\"https:\/\/stagpartynight.com\/fr\/#organization\"},\"potentialAction\":[{\"@type\":\"SearchAction\",\"target\":{\"@type\":\"EntryPoint\",\"urlTemplate\":\"https:\/\/stagpartynight.com\/fr\/?s={search_term_string}\"},\"query-input\":{\"@type\":\"PropertyValueSpecification\",\"valueRequired\":true,\"valueName\":\"search_term_string\"}}],\"inLanguage\":\"en-GB\"},{\"@type\":\"Organization\",\"@id\":\"https:\/\/stagpartynight.com\/fr\/#organization\",\"name\":\"Stag Party Night\",\"url\":\"https:\/\/stagpartynight.com\/fr\/\",\"logo\":{\"@type\":\"ImageObject\",\"inLanguage\":\"en-GB\",\"@id\":\"https:\/\/stagpartynight.com\/fr\/#\/schema\/logo\/image\/\",\"url\":\"https:\/\/stagpartynight.com\/fr\/wp-content\/uploads\/sites\/3\/2019\/12\/stagpartynight-e1578565505687.png\",\"contentUrl\":\"https:\/\/stagpartynight.com\/fr\/wp-content\/uploads\/sites\/3\/2019\/12\/stagpartynight-e1578565505687.png\",\"width\":400,\"height\":400,\"caption\":\"Stag Party Night\"},\"image\":{\"@id\":\"https:\/\/stagpartynight.com\/fr\/#\/schema\/logo\/image\/\"}}]}<\/script>\n<!-- \/ Yoast SEO plugin. -->","yoast_head_json":{"title":"Parc Aquatique Majorque","description":"Parc Aquatique Majorque. Mallorca WaterPark. Il fait tr\u00e8s chaud \u00e0 Majorque. Profitez de sept heures d'eau et d'attractions amusantes.\u00a0","robots":{"index":"index","follow":"follow","max-snippet":"max-snippet:-1","max-image-preview":"max-image-preview:large","max-video-preview":"max-video-preview:-1"},"canonical":"https:\/\/stagpartynight.com\/fr\/product\/parc-aquatique-majorque\/","og_locale":"en_GB","og_type":"article","og_title":"Parc Aquatique Majorque","og_description":"Parc Aquatique Majorque. Mallorca WaterPark. Il fait tr\u00e8s chaud \u00e0 Majorque. Profitez de sept heures d'eau et d'attractions amusantes.\u00a0","og_url":"https:\/\/stagpartynight.com\/fr\/product\/parc-aquatique-majorque\/","og_site_name":"Nuit de f\u00eate de cerf","article_modified_time":"2024-01-18T11:25:51+00:00","og_image":[{"width":1280,"height":853,"url":"https:\/\/stagpartynight.com\/fr\/wp-content\/uploads\/sites\/3\/2023\/12\/Parc-Aquatique-Majorque.jpg","type":"image\/jpeg"}],"twitter_card":"summary_large_image","twitter_misc":{"Estimated reading time":"1 minute"},"schema":{"@context":"https:\/\/schema.org","@graph":[{"@type":"WebPage","@id":"https:\/\/stagpartynight.com\/fr\/product\/parc-aquatique-majorque\/","url":"https:\/\/stagpartynight.com\/fr\/product\/parc-aquatique-majorque\/","name":"Parc Aquatique Majorque","isPartOf":{"@id":"https:\/\/stagpartynight.com\/fr\/#website"},"primaryImageOfPage":{"@id":"https:\/\/stagpartynight.com\/fr\/product\/parc-aquatique-majorque\/#primaryimage"},"image":{"@id":"https:\/\/stagpartynight.com\/fr\/product\/parc-aquatique-majorque\/#primaryimage"},"thumbnailUrl":"https:\/\/stagpartynight.com\/fr\/wp-content\/uploads\/sites\/3\/2023\/12\/Parc-Aquatique-Majorque.jpg","datePublished":"2023-12-27T12:07:10+00:00","dateModified":"2024-01-18T11:25:51+00:00","description":"Parc Aquatique Majorque. Mallorca WaterPark. Il fait tr\u00e8s chaud \u00e0 Majorque. Profitez de sept heures d'eau et d'attractions amusantes.\u00a0","breadcrumb":{"@id":"https:\/\/stagpartynight.com\/fr\/product\/parc-aquatique-majorque\/#breadcrumb"},"inLanguage":"en-GB","potentialAction":[{"@type":"ReadAction","target":["https:\/\/stagpartynight.com\/fr\/product\/parc-aquatique-majorque\/"]}]},{"@type":"ImageObject","inLanguage":"en-GB","@id":"https:\/\/stagpartynight.com\/fr\/product\/parc-aquatique-majorque\/#primaryimage","url":"https:\/\/stagpartynight.com\/fr\/wp-content\/uploads\/sites\/3\/2023\/12\/Parc-Aquatique-Majorque.jpg","contentUrl":"https:\/\/stagpartynight.com\/fr\/wp-content\/uploads\/sites\/3\/2023\/12\/Parc-Aquatique-Majorque.jpg","width":1280,"height":853,"caption":"Parc Aquatique Majorque"},{"@type":"BreadcrumbList","@id":"https:\/\/stagpartynight.com\/fr\/product\/parc-aquatique-majorque\/#breadcrumb","itemListElement":[{"@type":"ListItem","position":1,"name":"Home","item":"https:\/\/stagpartynight.com\/fr\/"},{"@type":"ListItem","position":2,"name":"Tienda","item":"https:\/\/stagpartynight.com\/fr\/tienda\/"},{"@type":"ListItem","position":3,"name":"Parc Aquatique Majorque"}]},{"@type":"WebSite","@id":"https:\/\/stagpartynight.com\/fr\/#website","url":"https:\/\/stagpartynight.com\/fr\/","name":"Stag Party Night","description":"Your Stag Party Customized","publisher":{"@id":"https:\/\/stagpartynight.com\/fr\/#organization"},"potentialAction":[{"@type":"SearchAction","target":{"@type":"EntryPoint","urlTemplate":"https:\/\/stagpartynight.com\/fr\/?s={search_term_string}"},"query-input":{"@type":"PropertyValueSpecification","valueRequired":true,"valueName":"search_term_string"}}],"inLanguage":"en-GB"},{"@type":"Organization","@id":"https:\/\/stagpartynight.com\/fr\/#organization","name":"Stag Party Night","url":"https:\/\/stagpartynight.com\/fr\/","logo":{"@type":"ImageObject","inLanguage":"en-GB","@id":"https:\/\/stagpartynight.com\/fr\/#\/schema\/logo\/image\/","url":"https:\/\/stagpartynight.com\/fr\/wp-content\/uploads\/sites\/3\/2019\/12\/stagpartynight-e1578565505687.png","contentUrl":"https:\/\/stagpartynight.com\/fr\/wp-content\/uploads\/sites\/3\/2019\/12\/stagpartynight-e1578565505687.png","width":400,"height":400,"caption":"Stag Party Night"},"image":{"@id":"https:\/\/stagpartynight.com\/fr\/#\/schema\/logo\/image\/"}}]}},"_links":{"self":[{"href":"https:\/\/stagpartynight.com\/fr\/wp-json\/wp\/v2\/product\/2711","targetHints":{"allow":["GET"]}}],"collection":[{"href":"https:\/\/stagpartynight.com\/fr\/wp-json\/wp\/v2\/product"}],"about":[{"href":"https:\/\/stagpartynight.com\/fr\/wp-json\/wp\/v2\/types\/product"}],"replies":[{"embeddable":true,"href":"https:\/\/stagpartynight.com\/fr\/wp-json\/wp\/v2\/comments?post=2711"}],"wp:featuredmedia":[{"embeddable":true,"href":"https:\/\/stagpartynight.com\/fr\/wp-json\/wp\/v2\/media\/2712"}],"wp:attachment":[{"href":"https:\/\/stagpartynight.com\/fr\/wp-json\/wp\/v2\/media?parent=2711"}],"wp:term":[{"taxonomy":"product_brand","embeddable":true,"href":"https:\/\/stagpartynight.com\/fr\/wp-json\/wp\/v2\/product_brand?post=2711"},{"taxonomy":"product_cat","embeddable":true,"href":"https:\/\/stagpartynight.com\/fr\/wp-json\/wp\/v2\/product_cat?post=2711"},{"taxonomy":"product_tag","embeddable":true,"href":"https:\/\/stagpartynight.com\/fr\/wp-json\/wp\/v2\/product_tag?post=2711"}],"curies":[{"name":"wp","href":"https:\/\/api.w.org\/{rel}","templated":true}]}}