{"id":2713,"date":"2023-12-27T13:13:55","date_gmt":"2023-12-27T12:13:55","guid":{"rendered":"https:\/\/stagpartynight.com\/fr\/?post_type=product&#038;p=2713"},"modified":"2024-01-18T12:25:50","modified_gmt":"2024-01-18T11:25:50","slug":"cours-de-cocktails-majorque","status":"publish","type":"product","link":"https:\/\/stagpartynight.com\/fr\/product\/cours-de-cocktails-majorque\/","title":{"rendered":"Cours de cocktails Majorque"},"content":{"rendered":"<p>Cours de cocktails Majorque. Devenez un expert. Pr\u00e9parez vos propres cocktails avec vue sur la M\u00e9diterran\u00e9e et buvez-les !<\/p>\n<p>Les meilleurs enterrements de vie de gar\u00e7on avec <a href=\"https:\/\/stagpartynight.com\/\">StagParty<\/a><\/p>\n<h2 style=\"text-align: center;\">Cours de cocktails Majorque\ud83c\udf79<\/h2>\n<h5>Atelier de Cocktails \u00e0 Majorque: Cr\u00e9ez et Savourez vos Propres D\u00e9lices sur une Terrasse avec Vue sur la M\u00e9diterran\u00e9e !<\/h5>\n<p>\ud83c\udf05 Embarquez pour un voyage gustatif \u00e0 Ibiza avec notre atelier de cocktails. Pr\u00e9parez trois d\u00e9licieux breuvages sous la houlette de notre ma\u00eetre mixologue.<\/p>\n<p>\ud83c\udf78 Sur une terrasse spectaculaire surplombant la mer M\u00e9diterran\u00e9e, d\u00e9couvrez l&#8217;art de la mixologie dans un cadre enchanteur.<\/p>\n<p>\ud83c\udf79 M\u00ealez-vous aux ar\u00f4mes exquis et apprenez les techniques de pr\u00e9paration de cocktails, des classiques intemporels aux cr\u00e9ations contemporaines.<\/p>\n<p>\ud83c\udf34 Laissez-vous inspirer par l&#8217;atmosph\u00e8re insulaire alors que vous pr\u00e9parez vos propres chefs-d&#8217;\u0153uvre liquides. R\u00e9galez vos papilles avec une vue panoramique imprenable.<\/p>\n<p>\ud83c\udf78 Une fois les cocktails pr\u00e9par\u00e9s, installez-vous et d\u00e9gustez vos cr\u00e9ations. Ressentez la satisfaction de savourer un cocktail parfaitement orchestr\u00e9, fait de vos propres mains.<\/p>\n<p>\ud83c\udf0a L&#8217;exp\u00e9rience unique d&#8217;Ibiza se refl\u00e8te dans chaque gorg\u00e9e, alors que vous sirotez vos cr\u00e9ations sur cette terrasse exclusive.<\/p>\n<p>\ud83e\udd42 R\u00e9servez votre place pour une soir\u00e9e inoubliable, alliant l&#8217;art, la vue et le plaisir de la cr\u00e9ation de cocktails \u00e0 <a href=\"https:\/\/es.wikipedia.org\/wiki\/Palma_de_Mallorca\">Palma de Mallorca<\/a>. Cr\u00e9ez des souvenirs d\u00e9licieux dans ce cadre exceptionnel. \ud83c\udf05\ud83c\udf79<\/p>\n","protected":false},"excerpt":{"rendered":"<p>Cours de cocktails Majorque. Devenez un expert. Pr\u00e9parez vos propres cocktails avec vue sur la M\u00e9diterran\u00e9e et buvez-les ! Les meilleurs enterrements de vie de gar\u00e7on avec StagParty Cours de cocktails Majorque\ud83c\udf79 Atelier de Cocktails \u00e0 Majorque: Cr\u00e9ez et Savourez vos Propres D\u00e9lices sur une Terrasse avec Vue sur la M\u00e9diterran\u00e9e ! \ud83c\udf05 Embarquez pour [&hellip;]<\/p>\n","protected":false},"featured_media":2828,"comment_status":"open","ping_status":"closed","template":"","meta":{"_et_pb_use_builder":"","_et_pb_old_content":"","_et_gb_content_width":""},"product_brand":[],"product_cat":[504],"product_tag":[],"class_list":{"0":"post-2713","1":"product","2":"type-product","3":"status-publish","4":"has-post-thumbnail","6":"product_cat-mallorca","8":"first","9":"instock","10":"shipping-taxable","11":"product-type-simple"},"yoast_head":"<!-- This site is optimized with the Yoast SEO plugin v26.4 - https:\/\/yoast.com\/wordpress\/plugins\/seo\/ -->\n<title>Cours de cocktails Majorque<\/title>\n<meta name=\"description\" content=\"Cours de cocktails Majorque. Devenez un expert. Pr\u00e9parez vos propres cocktails avec vue sur la M\u00e9diterran\u00e9e et buvez-les !\" \/>\n<meta name=\"robots\" content=\"index, follow, max-snippet:-1, max-image-preview:large, max-video-preview:-1\" \/>\n<link rel=\"canonical\" href=\"https:\/\/stagpartynight.com\/fr\/product\/cours-de-cocktails-majorque\/\" \/>\n<meta property=\"og:locale\" content=\"en_GB\" \/>\n<meta property=\"og:type\" content=\"article\" \/>\n<meta property=\"og:title\" content=\"Cours de cocktails Majorque\" \/>\n<meta property=\"og:description\" content=\"Cours de cocktails Majorque. Devenez un expert. Pr\u00e9parez vos propres cocktails avec vue sur la M\u00e9diterran\u00e9e et buvez-les !\" \/>\n<meta property=\"og:url\" content=\"https:\/\/stagpartynight.com\/fr\/product\/cours-de-cocktails-majorque\/\" \/>\n<meta property=\"og:site_name\" content=\"Nuit de f\u00eate de cerf\" \/>\n<meta property=\"article:modified_time\" content=\"2024-01-18T11:25:50+00:00\" \/>\n<meta property=\"og:image\" content=\"https:\/\/stagpartynight.com\/fr\/wp-content\/uploads\/sites\/3\/2023\/12\/cocktailmajorque.jpg\" \/>\n\t<meta property=\"og:image:width\" content=\"640\" \/>\n\t<meta property=\"og:image:height\" content=\"427\" \/>\n\t<meta property=\"og:image:type\" content=\"image\/jpeg\" \/>\n<meta name=\"twitter:card\" content=\"summary_large_image\" \/>\n<meta name=\"twitter:label1\" content=\"Estimated reading time\" \/>\n\t<meta name=\"twitter:data1\" content=\"1 minute\" \/>\n<script type=\"application\/ld+json\" class=\"yoast-schema-graph\">{\"@context\":\"https:\/\/schema.org\",\"@graph\":[{\"@type\":\"WebPage\",\"@id\":\"https:\/\/stagpartynight.com\/fr\/product\/cours-de-cocktails-majorque\/\",\"url\":\"https:\/\/stagpartynight.com\/fr\/product\/cours-de-cocktails-majorque\/\",\"name\":\"Cours de cocktails Majorque\",\"isPartOf\":{\"@id\":\"https:\/\/stagpartynight.com\/fr\/#website\"},\"primaryImageOfPage\":{\"@id\":\"https:\/\/stagpartynight.com\/fr\/product\/cours-de-cocktails-majorque\/#primaryimage\"},\"image\":{\"@id\":\"https:\/\/stagpartynight.com\/fr\/product\/cours-de-cocktails-majorque\/#primaryimage\"},\"thumbnailUrl\":\"https:\/\/stagpartynight.com\/fr\/wp-content\/uploads\/sites\/3\/2023\/12\/cocktailmajorque.jpg\",\"datePublished\":\"2023-12-27T12:13:55+00:00\",\"dateModified\":\"2024-01-18T11:25:50+00:00\",\"description\":\"Cours de cocktails Majorque. Devenez un expert. Pr\u00e9parez vos propres cocktails avec vue sur la M\u00e9diterran\u00e9e et buvez-les !\",\"breadcrumb\":{\"@id\":\"https:\/\/stagpartynight.com\/fr\/product\/cours-de-cocktails-majorque\/#breadcrumb\"},\"inLanguage\":\"en-GB\",\"potentialAction\":[{\"@type\":\"ReadAction\",\"target\":[\"https:\/\/stagpartynight.com\/fr\/product\/cours-de-cocktails-majorque\/\"]}]},{\"@type\":\"ImageObject\",\"inLanguage\":\"en-GB\",\"@id\":\"https:\/\/stagpartynight.com\/fr\/product\/cours-de-cocktails-majorque\/#primaryimage\",\"url\":\"https:\/\/stagpartynight.com\/fr\/wp-content\/uploads\/sites\/3\/2023\/12\/cocktailmajorque.jpg\",\"contentUrl\":\"https:\/\/stagpartynight.com\/fr\/wp-content\/uploads\/sites\/3\/2023\/12\/cocktailmajorque.jpg\",\"width\":640,\"height\":427,\"caption\":\"Cours de cocktails Majorque\"},{\"@type\":\"BreadcrumbList\",\"@id\":\"https:\/\/stagpartynight.com\/fr\/product\/cours-de-cocktails-majorque\/#breadcrumb\",\"itemListElement\":[{\"@type\":\"ListItem\",\"position\":1,\"name\":\"Home\",\"item\":\"https:\/\/stagpartynight.com\/fr\/\"},{\"@type\":\"ListItem\",\"position\":2,\"name\":\"Tienda\",\"item\":\"https:\/\/stagpartynight.com\/fr\/tienda\/\"},{\"@type\":\"ListItem\",\"position\":3,\"name\":\"Cours de cocktails Majorque\"}]},{\"@type\":\"WebSite\",\"@id\":\"https:\/\/stagpartynight.com\/fr\/#website\",\"url\":\"https:\/\/stagpartynight.com\/fr\/\",\"name\":\"Stag Party Night\",\"description\":\"Your Stag Party Customized\",\"publisher\":{\"@id\":\"https:\/\/stagpartynight.com\/fr\/#organization\"},\"potentialAction\":[{\"@type\":\"SearchAction\",\"target\":{\"@type\":\"EntryPoint\",\"urlTemplate\":\"https:\/\/stagpartynight.com\/fr\/?s={search_term_string}\"},\"query-input\":{\"@type\":\"PropertyValueSpecification\",\"valueRequired\":true,\"valueName\":\"search_term_string\"}}],\"inLanguage\":\"en-GB\"},{\"@type\":\"Organization\",\"@id\":\"https:\/\/stagpartynight.com\/fr\/#organization\",\"name\":\"Stag Party Night\",\"url\":\"https:\/\/stagpartynight.com\/fr\/\",\"logo\":{\"@type\":\"ImageObject\",\"inLanguage\":\"en-GB\",\"@id\":\"https:\/\/stagpartynight.com\/fr\/#\/schema\/logo\/image\/\",\"url\":\"https:\/\/stagpartynight.com\/fr\/wp-content\/uploads\/sites\/3\/2019\/12\/stagpartynight-e1578565505687.png\",\"contentUrl\":\"https:\/\/stagpartynight.com\/fr\/wp-content\/uploads\/sites\/3\/2019\/12\/stagpartynight-e1578565505687.png\",\"width\":400,\"height\":400,\"caption\":\"Stag Party Night\"},\"image\":{\"@id\":\"https:\/\/stagpartynight.com\/fr\/#\/schema\/logo\/image\/\"}}]}<\/script>\n<!-- \/ Yoast SEO plugin. -->","yoast_head_json":{"title":"Cours de cocktails Majorque","description":"Cours de cocktails Majorque. Devenez un expert. Pr\u00e9parez vos propres cocktails avec vue sur la M\u00e9diterran\u00e9e et buvez-les !","robots":{"index":"index","follow":"follow","max-snippet":"max-snippet:-1","max-image-preview":"max-image-preview:large","max-video-preview":"max-video-preview:-1"},"canonical":"https:\/\/stagpartynight.com\/fr\/product\/cours-de-cocktails-majorque\/","og_locale":"en_GB","og_type":"article","og_title":"Cours de cocktails Majorque","og_description":"Cours de cocktails Majorque. Devenez un expert. Pr\u00e9parez vos propres cocktails avec vue sur la M\u00e9diterran\u00e9e et buvez-les !","og_url":"https:\/\/stagpartynight.com\/fr\/product\/cours-de-cocktails-majorque\/","og_site_name":"Nuit de f\u00eate de cerf","article_modified_time":"2024-01-18T11:25:50+00:00","og_image":[{"width":640,"height":427,"url":"https:\/\/stagpartynight.com\/fr\/wp-content\/uploads\/sites\/3\/2023\/12\/cocktailmajorque.jpg","type":"image\/jpeg"}],"twitter_card":"summary_large_image","twitter_misc":{"Estimated reading time":"1 minute"},"schema":{"@context":"https:\/\/schema.org","@graph":[{"@type":"WebPage","@id":"https:\/\/stagpartynight.com\/fr\/product\/cours-de-cocktails-majorque\/","url":"https:\/\/stagpartynight.com\/fr\/product\/cours-de-cocktails-majorque\/","name":"Cours de cocktails Majorque","isPartOf":{"@id":"https:\/\/stagpartynight.com\/fr\/#website"},"primaryImageOfPage":{"@id":"https:\/\/stagpartynight.com\/fr\/product\/cours-de-cocktails-majorque\/#primaryimage"},"image":{"@id":"https:\/\/stagpartynight.com\/fr\/product\/cours-de-cocktails-majorque\/#primaryimage"},"thumbnailUrl":"https:\/\/stagpartynight.com\/fr\/wp-content\/uploads\/sites\/3\/2023\/12\/cocktailmajorque.jpg","datePublished":"2023-12-27T12:13:55+00:00","dateModified":"2024-01-18T11:25:50+00:00","description":"Cours de cocktails Majorque. Devenez un expert. Pr\u00e9parez vos propres cocktails avec vue sur la M\u00e9diterran\u00e9e et buvez-les !","breadcrumb":{"@id":"https:\/\/stagpartynight.com\/fr\/product\/cours-de-cocktails-majorque\/#breadcrumb"},"inLanguage":"en-GB","potentialAction":[{"@type":"ReadAction","target":["https:\/\/stagpartynight.com\/fr\/product\/cours-de-cocktails-majorque\/"]}]},{"@type":"ImageObject","inLanguage":"en-GB","@id":"https:\/\/stagpartynight.com\/fr\/product\/cours-de-cocktails-majorque\/#primaryimage","url":"https:\/\/stagpartynight.com\/fr\/wp-content\/uploads\/sites\/3\/2023\/12\/cocktailmajorque.jpg","contentUrl":"https:\/\/stagpartynight.com\/fr\/wp-content\/uploads\/sites\/3\/2023\/12\/cocktailmajorque.jpg","width":640,"height":427,"caption":"Cours de cocktails Majorque"},{"@type":"BreadcrumbList","@id":"https:\/\/stagpartynight.com\/fr\/product\/cours-de-cocktails-majorque\/#breadcrumb","itemListElement":[{"@type":"ListItem","position":1,"name":"Home","item":"https:\/\/stagpartynight.com\/fr\/"},{"@type":"ListItem","position":2,"name":"Tienda","item":"https:\/\/stagpartynight.com\/fr\/tienda\/"},{"@type":"ListItem","position":3,"name":"Cours de cocktails Majorque"}]},{"@type":"WebSite","@id":"https:\/\/stagpartynight.com\/fr\/#website","url":"https:\/\/stagpartynight.com\/fr\/","name":"Stag Party Night","description":"Your Stag Party Customized","publisher":{"@id":"https:\/\/stagpartynight.com\/fr\/#organization"},"potentialAction":[{"@type":"SearchAction","target":{"@type":"EntryPoint","urlTemplate":"https:\/\/stagpartynight.com\/fr\/?s={search_term_string}"},"query-input":{"@type":"PropertyValueSpecification","valueRequired":true,"valueName":"search_term_string"}}],"inLanguage":"en-GB"},{"@type":"Organization","@id":"https:\/\/stagpartynight.com\/fr\/#organization","name":"Stag Party Night","url":"https:\/\/stagpartynight.com\/fr\/","logo":{"@type":"ImageObject","inLanguage":"en-GB","@id":"https:\/\/stagpartynight.com\/fr\/#\/schema\/logo\/image\/","url":"https:\/\/stagpartynight.com\/fr\/wp-content\/uploads\/sites\/3\/2019\/12\/stagpartynight-e1578565505687.png","contentUrl":"https:\/\/stagpartynight.com\/fr\/wp-content\/uploads\/sites\/3\/2019\/12\/stagpartynight-e1578565505687.png","width":400,"height":400,"caption":"Stag Party Night"},"image":{"@id":"https:\/\/stagpartynight.com\/fr\/#\/schema\/logo\/image\/"}}]}},"_links":{"self":[{"href":"https:\/\/stagpartynight.com\/fr\/wp-json\/wp\/v2\/product\/2713","targetHints":{"allow":["GET"]}}],"collection":[{"href":"https:\/\/stagpartynight.com\/fr\/wp-json\/wp\/v2\/product"}],"about":[{"href":"https:\/\/stagpartynight.com\/fr\/wp-json\/wp\/v2\/types\/product"}],"replies":[{"embeddable":true,"href":"https:\/\/stagpartynight.com\/fr\/wp-json\/wp\/v2\/comments?post=2713"}],"wp:featuredmedia":[{"embeddable":true,"href":"https:\/\/stagpartynight.com\/fr\/wp-json\/wp\/v2\/media\/2828"}],"wp:attachment":[{"href":"https:\/\/stagpartynight.com\/fr\/wp-json\/wp\/v2\/media?parent=2713"}],"wp:term":[{"taxonomy":"product_brand","embeddable":true,"href":"https:\/\/stagpartynight.com\/fr\/wp-json\/wp\/v2\/product_brand?post=2713"},{"taxonomy":"product_cat","embeddable":true,"href":"https:\/\/stagpartynight.com\/fr\/wp-json\/wp\/v2\/product_cat?post=2713"},{"taxonomy":"product_tag","embeddable":true,"href":"https:\/\/stagpartynight.com\/fr\/wp-json\/wp\/v2\/product_tag?post=2713"}],"curies":[{"name":"wp","href":"https:\/\/api.w.org\/{rel}","templated":true}]}}