{"id":2716,"date":"2023-12-27T13:33:27","date_gmt":"2023-12-27T12:33:27","guid":{"rendered":"https:\/\/stagpartynight.com\/fr\/?post_type=product&#038;p=2716"},"modified":"2024-01-18T12:25:49","modified_gmt":"2024-01-18T11:25:49","slug":"club-de-plage-majorque","status":"publish","type":"product","link":"https:\/\/stagpartynight.com\/fr\/product\/club-de-plage-majorque\/","title":{"rendered":"Club de Plage Majorque"},"content":{"rendered":"<p>Club de Plage Majorque. Beach Club Magaluf. Profitez d&#8217;une journ\u00e9e chaude au Beach Club. Chaises longues, trois cocktails et beaucoup de soleil.<\/p>\n<p>Les meilleurs enterrements de vie de gar\u00e7on avec <a href=\"https:\/\/stagpartynight.com\/\">StagParty <\/a><\/p>\n<h2 style=\"text-align: center;\">Club de Plage Majorque\ud83c\udf1e<\/h2>\n<h5>\ud83c\udfd6\ufe0f Bienvenue au Beach Club Magaluf o Palma \u2013 Votre Refuge de Plaisir Estival!\ud83c\udf34<\/h5>\n<p>D\u00e9couvrez l&#8217;ultime exp\u00e9rience de d\u00e9tente \u00e0 Majorque, le Beach Club qui red\u00e9finit le luxe d\u00e9contract\u00e9 \u00e0 Mallorca! \ud83c\udf0a<\/p>\n<p>\ud83c\udf1e Accordez-vous une \u00e9vasion ensoleill\u00e9e au c\u0153ur de l&#8217;\u00eele, avec un acc\u00e8s exclusif au club, des hamacs VIP pour parfaire votre bronzage, et trois boissons rafra\u00eechissantes pour \u00e9gayer votre journ\u00e9e.<\/p>\n<p>\ud83c\udf05 Immergez-vous dans l&#8217;atmosph\u00e8re vibrante du Beach Club, o\u00f9 le sable dor\u00e9 rencontre les eaux cristallines de la M\u00e9diterran\u00e9e. Profitez de l&#8217;acc\u00e8s \u00e0 nos hamacs VIP, offrant un confort ultime pour vous d\u00e9tendre et savourer chaque instant sous le soleil radieux de Magaluf o Palma.<\/p>\n<p>\ud83c\udf79 Trois boissons de votre choix compl\u00e8tent l&#8217;exp\u00e9rience, offrant une palette de saveurs exquises pour satisfaire vos papilles pendant que vous vous impr\u00e9gnez de l&#8217;ambiance festive.<\/p>\n<p>\ud83c\udf34 Que vous soyez en vacances, entre amis, ou \u00e0 la recherche d&#8217;un moment de d\u00e9tente apr\u00e8s une journ\u00e9e de f\u00eate, le Beach Club de Magaluf est l&#8217;endroit id\u00e9al pour profiter du meilleur de Mallorca.<\/p>\n<p>\ud83c\udf1f R\u00e9servez d\u00e8s maintenant pour vivre l&#8217;essence m\u00eame de l&#8217;\u00e9t\u00e9 \u00e0 <a href=\"https:\/\/es.wikipedia.org\/wiki\/Magaluf\">Magaluf!<\/a><\/p>\n<p>\ud83c\udf1f R\u00e9servez d\u00e8s maintenant pour vivre l&#8217;essence m\u00eame de l&#8217;\u00e9t\u00e9 \u00e0 <a href=\"https:\/\/es.wikipedia.org\/wiki\/Palma_de_Mallorca\">Palma de Mallorca!<\/a><\/p>\n<p>&nbsp;<\/p>\n<p>\ud83c\udf89 Notre Beach Club vous promet une escapade inoubliable, alliant le raffinement aux plaisirs d\u00e9contract\u00e9s de la plage. Ne manquez pas cette occasion de cr\u00e9er des souvenirs m\u00e9morables dans l&#8217;un des endroits les plus pris\u00e9s de l&#8217;\u00eele! \ud83c\udfdd\ufe0f<\/p>\n<p>&nbsp;<\/p>\n","protected":false},"excerpt":{"rendered":"<p>Club de Plage Majorque. Beach Club Magaluf. Profitez d&#8217;une journ\u00e9e chaude au Beach Club. Chaises longues, trois cocktails et beaucoup de soleil. Les meilleurs enterrements de vie de gar\u00e7on avec StagParty Club de Plage Majorque\ud83c\udf1e \ud83c\udfd6\ufe0f Bienvenue au Beach Club Magaluf o Palma \u2013 Votre Refuge de Plaisir Estival!\ud83c\udf34 D\u00e9couvrez l&#8217;ultime exp\u00e9rience de d\u00e9tente \u00e0 [&hellip;]<\/p>\n","protected":false},"featured_media":2717,"comment_status":"open","ping_status":"closed","template":"","meta":{"_et_pb_use_builder":"","_et_pb_old_content":"","_et_gb_content_width":""},"product_brand":[],"product_cat":[218,504],"product_tag":[],"class_list":{"0":"post-2716","1":"product","2":"type-product","3":"status-publish","4":"has-post-thumbnail","6":"product_cat-uncategorised","7":"product_cat-mallorca","9":"first","10":"instock","11":"shipping-taxable","12":"product-type-simple"},"yoast_head":"<!-- This site is optimized with the Yoast SEO plugin v26.4 - https:\/\/yoast.com\/wordpress\/plugins\/seo\/ -->\n<title>Club de Plage Majorque<\/title>\n<meta name=\"description\" content=\"Club de plage Majorque. Beach Club Magaluf.\u00a0Profitez d&#039;une journ\u00e9e chaude au Beach Club. Chaises longues, trois cocktails et beaucoup de soleil.\" \/>\n<meta name=\"robots\" content=\"index, follow, max-snippet:-1, max-image-preview:large, max-video-preview:-1\" \/>\n<link rel=\"canonical\" href=\"https:\/\/stagpartynight.com\/fr\/product\/club-de-plage-majorque\/\" \/>\n<meta property=\"og:locale\" content=\"en_GB\" \/>\n<meta property=\"og:type\" content=\"article\" \/>\n<meta property=\"og:title\" content=\"Club de Plage Majorque\" \/>\n<meta property=\"og:description\" content=\"Club de plage Majorque. Beach Club Magaluf.\u00a0Profitez d&#039;une journ\u00e9e chaude au Beach Club. Chaises longues, trois cocktails et beaucoup de soleil.\" \/>\n<meta property=\"og:url\" content=\"https:\/\/stagpartynight.com\/fr\/product\/club-de-plage-majorque\/\" \/>\n<meta property=\"og:site_name\" content=\"Nuit de f\u00eate de cerf\" \/>\n<meta property=\"article:modified_time\" content=\"2024-01-18T11:25:49+00:00\" \/>\n<meta property=\"og:image\" content=\"https:\/\/stagpartynight.com\/fr\/wp-content\/uploads\/sites\/3\/2023\/12\/Club-de-Plage-Majorque.jpg\" \/>\n\t<meta property=\"og:image:width\" content=\"1280\" \/>\n\t<meta property=\"og:image:height\" content=\"854\" \/>\n\t<meta property=\"og:image:type\" content=\"image\/jpeg\" \/>\n<meta name=\"twitter:card\" content=\"summary_large_image\" \/>\n<meta name=\"twitter:label1\" content=\"Estimated reading time\" \/>\n\t<meta name=\"twitter:data1\" content=\"2 minutes\" \/>\n<script type=\"application\/ld+json\" class=\"yoast-schema-graph\">{\"@context\":\"https:\/\/schema.org\",\"@graph\":[{\"@type\":\"WebPage\",\"@id\":\"https:\/\/stagpartynight.com\/fr\/product\/club-de-plage-majorque\/\",\"url\":\"https:\/\/stagpartynight.com\/fr\/product\/club-de-plage-majorque\/\",\"name\":\"Club de Plage Majorque\",\"isPartOf\":{\"@id\":\"https:\/\/stagpartynight.com\/fr\/#website\"},\"primaryImageOfPage\":{\"@id\":\"https:\/\/stagpartynight.com\/fr\/product\/club-de-plage-majorque\/#primaryimage\"},\"image\":{\"@id\":\"https:\/\/stagpartynight.com\/fr\/product\/club-de-plage-majorque\/#primaryimage\"},\"thumbnailUrl\":\"https:\/\/stagpartynight.com\/fr\/wp-content\/uploads\/sites\/3\/2023\/12\/Club-de-Plage-Majorque.jpg\",\"datePublished\":\"2023-12-27T12:33:27+00:00\",\"dateModified\":\"2024-01-18T11:25:49+00:00\",\"description\":\"Club de plage Majorque. Beach Club Magaluf.\u00a0Profitez d'une journ\u00e9e chaude au Beach Club. Chaises longues, trois cocktails et beaucoup de soleil.\",\"breadcrumb\":{\"@id\":\"https:\/\/stagpartynight.com\/fr\/product\/club-de-plage-majorque\/#breadcrumb\"},\"inLanguage\":\"en-GB\",\"potentialAction\":[{\"@type\":\"ReadAction\",\"target\":[\"https:\/\/stagpartynight.com\/fr\/product\/club-de-plage-majorque\/\"]}]},{\"@type\":\"ImageObject\",\"inLanguage\":\"en-GB\",\"@id\":\"https:\/\/stagpartynight.com\/fr\/product\/club-de-plage-majorque\/#primaryimage\",\"url\":\"https:\/\/stagpartynight.com\/fr\/wp-content\/uploads\/sites\/3\/2023\/12\/Club-de-Plage-Majorque.jpg\",\"contentUrl\":\"https:\/\/stagpartynight.com\/fr\/wp-content\/uploads\/sites\/3\/2023\/12\/Club-de-Plage-Majorque.jpg\",\"width\":1280,\"height\":854,\"caption\":\"Club de Plage Majorque\"},{\"@type\":\"BreadcrumbList\",\"@id\":\"https:\/\/stagpartynight.com\/fr\/product\/club-de-plage-majorque\/#breadcrumb\",\"itemListElement\":[{\"@type\":\"ListItem\",\"position\":1,\"name\":\"Home\",\"item\":\"https:\/\/stagpartynight.com\/fr\/\"},{\"@type\":\"ListItem\",\"position\":2,\"name\":\"Tienda\",\"item\":\"https:\/\/stagpartynight.com\/fr\/tienda\/\"},{\"@type\":\"ListItem\",\"position\":3,\"name\":\"Club de Plage Majorque\"}]},{\"@type\":\"WebSite\",\"@id\":\"https:\/\/stagpartynight.com\/fr\/#website\",\"url\":\"https:\/\/stagpartynight.com\/fr\/\",\"name\":\"Stag Party Night\",\"description\":\"Your Stag Party Customized\",\"publisher\":{\"@id\":\"https:\/\/stagpartynight.com\/fr\/#organization\"},\"potentialAction\":[{\"@type\":\"SearchAction\",\"target\":{\"@type\":\"EntryPoint\",\"urlTemplate\":\"https:\/\/stagpartynight.com\/fr\/?s={search_term_string}\"},\"query-input\":{\"@type\":\"PropertyValueSpecification\",\"valueRequired\":true,\"valueName\":\"search_term_string\"}}],\"inLanguage\":\"en-GB\"},{\"@type\":\"Organization\",\"@id\":\"https:\/\/stagpartynight.com\/fr\/#organization\",\"name\":\"Stag Party Night\",\"url\":\"https:\/\/stagpartynight.com\/fr\/\",\"logo\":{\"@type\":\"ImageObject\",\"inLanguage\":\"en-GB\",\"@id\":\"https:\/\/stagpartynight.com\/fr\/#\/schema\/logo\/image\/\",\"url\":\"https:\/\/stagpartynight.com\/fr\/wp-content\/uploads\/sites\/3\/2019\/12\/stagpartynight-e1578565505687.png\",\"contentUrl\":\"https:\/\/stagpartynight.com\/fr\/wp-content\/uploads\/sites\/3\/2019\/12\/stagpartynight-e1578565505687.png\",\"width\":400,\"height\":400,\"caption\":\"Stag Party Night\"},\"image\":{\"@id\":\"https:\/\/stagpartynight.com\/fr\/#\/schema\/logo\/image\/\"}}]}<\/script>\n<!-- \/ Yoast SEO plugin. -->","yoast_head_json":{"title":"Club de Plage Majorque","description":"Club de plage Majorque. Beach Club Magaluf.\u00a0Profitez d'une journ\u00e9e chaude au Beach Club. Chaises longues, trois cocktails et beaucoup de soleil.","robots":{"index":"index","follow":"follow","max-snippet":"max-snippet:-1","max-image-preview":"max-image-preview:large","max-video-preview":"max-video-preview:-1"},"canonical":"https:\/\/stagpartynight.com\/fr\/product\/club-de-plage-majorque\/","og_locale":"en_GB","og_type":"article","og_title":"Club de Plage Majorque","og_description":"Club de plage Majorque. Beach Club Magaluf.\u00a0Profitez d'une journ\u00e9e chaude au Beach Club. Chaises longues, trois cocktails et beaucoup de soleil.","og_url":"https:\/\/stagpartynight.com\/fr\/product\/club-de-plage-majorque\/","og_site_name":"Nuit de f\u00eate de cerf","article_modified_time":"2024-01-18T11:25:49+00:00","og_image":[{"width":1280,"height":854,"url":"https:\/\/stagpartynight.com\/fr\/wp-content\/uploads\/sites\/3\/2023\/12\/Club-de-Plage-Majorque.jpg","type":"image\/jpeg"}],"twitter_card":"summary_large_image","twitter_misc":{"Estimated reading time":"2 minutes"},"schema":{"@context":"https:\/\/schema.org","@graph":[{"@type":"WebPage","@id":"https:\/\/stagpartynight.com\/fr\/product\/club-de-plage-majorque\/","url":"https:\/\/stagpartynight.com\/fr\/product\/club-de-plage-majorque\/","name":"Club de Plage Majorque","isPartOf":{"@id":"https:\/\/stagpartynight.com\/fr\/#website"},"primaryImageOfPage":{"@id":"https:\/\/stagpartynight.com\/fr\/product\/club-de-plage-majorque\/#primaryimage"},"image":{"@id":"https:\/\/stagpartynight.com\/fr\/product\/club-de-plage-majorque\/#primaryimage"},"thumbnailUrl":"https:\/\/stagpartynight.com\/fr\/wp-content\/uploads\/sites\/3\/2023\/12\/Club-de-Plage-Majorque.jpg","datePublished":"2023-12-27T12:33:27+00:00","dateModified":"2024-01-18T11:25:49+00:00","description":"Club de plage Majorque. Beach Club Magaluf.\u00a0Profitez d'une journ\u00e9e chaude au Beach Club. Chaises longues, trois cocktails et beaucoup de soleil.","breadcrumb":{"@id":"https:\/\/stagpartynight.com\/fr\/product\/club-de-plage-majorque\/#breadcrumb"},"inLanguage":"en-GB","potentialAction":[{"@type":"ReadAction","target":["https:\/\/stagpartynight.com\/fr\/product\/club-de-plage-majorque\/"]}]},{"@type":"ImageObject","inLanguage":"en-GB","@id":"https:\/\/stagpartynight.com\/fr\/product\/club-de-plage-majorque\/#primaryimage","url":"https:\/\/stagpartynight.com\/fr\/wp-content\/uploads\/sites\/3\/2023\/12\/Club-de-Plage-Majorque.jpg","contentUrl":"https:\/\/stagpartynight.com\/fr\/wp-content\/uploads\/sites\/3\/2023\/12\/Club-de-Plage-Majorque.jpg","width":1280,"height":854,"caption":"Club de Plage Majorque"},{"@type":"BreadcrumbList","@id":"https:\/\/stagpartynight.com\/fr\/product\/club-de-plage-majorque\/#breadcrumb","itemListElement":[{"@type":"ListItem","position":1,"name":"Home","item":"https:\/\/stagpartynight.com\/fr\/"},{"@type":"ListItem","position":2,"name":"Tienda","item":"https:\/\/stagpartynight.com\/fr\/tienda\/"},{"@type":"ListItem","position":3,"name":"Club de Plage Majorque"}]},{"@type":"WebSite","@id":"https:\/\/stagpartynight.com\/fr\/#website","url":"https:\/\/stagpartynight.com\/fr\/","name":"Stag Party Night","description":"Your Stag Party Customized","publisher":{"@id":"https:\/\/stagpartynight.com\/fr\/#organization"},"potentialAction":[{"@type":"SearchAction","target":{"@type":"EntryPoint","urlTemplate":"https:\/\/stagpartynight.com\/fr\/?s={search_term_string}"},"query-input":{"@type":"PropertyValueSpecification","valueRequired":true,"valueName":"search_term_string"}}],"inLanguage":"en-GB"},{"@type":"Organization","@id":"https:\/\/stagpartynight.com\/fr\/#organization","name":"Stag Party Night","url":"https:\/\/stagpartynight.com\/fr\/","logo":{"@type":"ImageObject","inLanguage":"en-GB","@id":"https:\/\/stagpartynight.com\/fr\/#\/schema\/logo\/image\/","url":"https:\/\/stagpartynight.com\/fr\/wp-content\/uploads\/sites\/3\/2019\/12\/stagpartynight-e1578565505687.png","contentUrl":"https:\/\/stagpartynight.com\/fr\/wp-content\/uploads\/sites\/3\/2019\/12\/stagpartynight-e1578565505687.png","width":400,"height":400,"caption":"Stag Party Night"},"image":{"@id":"https:\/\/stagpartynight.com\/fr\/#\/schema\/logo\/image\/"}}]}},"_links":{"self":[{"href":"https:\/\/stagpartynight.com\/fr\/wp-json\/wp\/v2\/product\/2716","targetHints":{"allow":["GET"]}}],"collection":[{"href":"https:\/\/stagpartynight.com\/fr\/wp-json\/wp\/v2\/product"}],"about":[{"href":"https:\/\/stagpartynight.com\/fr\/wp-json\/wp\/v2\/types\/product"}],"replies":[{"embeddable":true,"href":"https:\/\/stagpartynight.com\/fr\/wp-json\/wp\/v2\/comments?post=2716"}],"wp:featuredmedia":[{"embeddable":true,"href":"https:\/\/stagpartynight.com\/fr\/wp-json\/wp\/v2\/media\/2717"}],"wp:attachment":[{"href":"https:\/\/stagpartynight.com\/fr\/wp-json\/wp\/v2\/media?parent=2716"}],"wp:term":[{"taxonomy":"product_brand","embeddable":true,"href":"https:\/\/stagpartynight.com\/fr\/wp-json\/wp\/v2\/product_brand?post=2716"},{"taxonomy":"product_cat","embeddable":true,"href":"https:\/\/stagpartynight.com\/fr\/wp-json\/wp\/v2\/product_cat?post=2716"},{"taxonomy":"product_tag","embeddable":true,"href":"https:\/\/stagpartynight.com\/fr\/wp-json\/wp\/v2\/product_tag?post=2716"}],"curies":[{"name":"wp","href":"https:\/\/api.w.org\/{rel}","templated":true}]}}